{"id":1291,"date":"2022-10-14T07:33:18","date_gmt":"2022-10-14T07:33:18","guid":{"rendered":"https:\/\/swforming.com\/?post_type=product&#038;p=1291"},"modified":"2023-06-12T06:28:48","modified_gmt":"2023-06-12T06:28:48","slug":"din-rail-roll-forming-machine","status":"publish","type":"product","link":"https:\/\/swforming.com\/tr\/product\/din-rail-roll-forming-machine\/","title":{"rendered":"Din Ray Rulo \u015eekillendirme Makinesi"},"content":{"rendered":"<p><img fetchpriority=\"high\" decoding=\"async\" class=\"alignnone wp-image-1298 size-full\" src=\"https:\/\/swforming.com\/wp-content\/uploads\/2022\/10\/H2ff2601742c64c83be10e856942c6317E.webp\" alt=\"Din Ray Rulo \u015eekillendirme Makinesi\" width=\"750\" height=\"1005\" title=\"\" srcset=\"https:\/\/swforming.com\/wp-content\/uploads\/2022\/10\/H2ff2601742c64c83be10e856942c6317E.webp 750w, https:\/\/swforming.com\/wp-content\/uploads\/2022\/10\/H2ff2601742c64c83be10e856942c6317E-600x804.webp 600w, https:\/\/swforming.com\/wp-content\/uploads\/2022\/10\/H2ff2601742c64c83be10e856942c6317E-224x300.webp 224w, https:\/\/swforming.com\/wp-content\/uploads\/2022\/10\/H2ff2601742c64c83be10e856942c6317E-9x12.webp 9w\" sizes=\"(max-width: 750px) 100vw, 750px\" \/><\/p>\n<p>Din ray\u0131 rulo \u015fekillendirme makinesi, ekipman kabini raflar\u0131nda k\u00fcresel end\u00fcstri standard\u0131 bile\u015fen ray montaj sisteminin temel par\u00e7as\u0131n\u0131 olu\u015fturan uzun metal \u015feritler olan din ray\u0131n\u0131 \u00fcretmek i\u00e7in kullan\u0131l\u0131r. Din raylar\u0131, devre kesiciler, terminal bloklar\u0131, g\u00fc\u00e7 kaynaklar\u0131, akt\u00fcat\u00f6rler, solenoidler vb. gibi elektrikli ve end\u00fcstriyel kontrol \u00fcr\u00fcnlerini tipik bir ekipman raf\u0131 muhafaza kabini veya \u00e7er\u00e7evesi i\u00e7ine g\u00fcvenli bir \u015fekilde ba\u011flamak i\u00e7in tasarlanm\u0131\u015ft\u0131r.<\/p>\n<h2>Din Ray Rulo \u015eekillendirme Makinesi \u00c7izimleri<\/h2>\n<p><img decoding=\"async\" class=\"alignnone size-full wp-image-1299\" src=\"https:\/\/swforming.com\/wp-content\/uploads\/2022\/10\/c8f43241-0e94-4474-9291-a262c3e29c56.png\" alt=\"\" width=\"750\" height=\"761\" title=\"\" srcset=\"https:\/\/swforming.com\/wp-content\/uploads\/2022\/10\/c8f43241-0e94-4474-9291-a262c3e29c56.png 750w, https:\/\/swforming.com\/wp-content\/uploads\/2022\/10\/c8f43241-0e94-4474-9291-a262c3e29c56-100x100.png 100w, https:\/\/swforming.com\/wp-content\/uploads\/2022\/10\/c8f43241-0e94-4474-9291-a262c3e29c56-600x609.png 600w, https:\/\/swforming.com\/wp-content\/uploads\/2022\/10\/c8f43241-0e94-4474-9291-a262c3e29c56-296x300.png 296w, https:\/\/swforming.com\/wp-content\/uploads\/2022\/10\/c8f43241-0e94-4474-9291-a262c3e29c56-12x12.png 12w\" sizes=\"(max-width: 750px) 100vw, 750px\" \/><\/p>\n<h3>Din Ray Rulo \u015eekillendirme Makinesi \u00dcretim Hatt\u0131<\/h3>\n<p><img decoding=\"async\" class=\"alignnone size-full wp-image-1300\" src=\"https:\/\/swforming.com\/wp-content\/uploads\/2022\/10\/H15987165261e40ce88b47bd20de3f01cp.webp\" alt=\"\" width=\"1748\" height=\"1228\" title=\"\" srcset=\"https:\/\/swforming.com\/wp-content\/uploads\/2022\/10\/H15987165261e40ce88b47bd20de3f01cp.webp 1748w, https:\/\/swforming.com\/wp-content\/uploads\/2022\/10\/H15987165261e40ce88b47bd20de3f01cp-600x422.webp 600w, https:\/\/swforming.com\/wp-content\/uploads\/2022\/10\/H15987165261e40ce88b47bd20de3f01cp-300x211.webp 300w, https:\/\/swforming.com\/wp-content\/uploads\/2022\/10\/H15987165261e40ce88b47bd20de3f01cp-1024x719.webp 1024w, https:\/\/swforming.com\/wp-content\/uploads\/2022\/10\/H15987165261e40ce88b47bd20de3f01cp-768x540.webp 768w, https:\/\/swforming.com\/wp-content\/uploads\/2022\/10\/H15987165261e40ce88b47bd20de3f01cp-1536x1079.webp 1536w, https:\/\/swforming.com\/wp-content\/uploads\/2022\/10\/H15987165261e40ce88b47bd20de3f01cp-18x12.webp 18w\" sizes=\"(max-width: 1748px) 100vw, 1748px\" \/><\/p>\n<h3>Din Ray Rulo \u015eekillendirme Makinesi Detaylar\u0131<\/h3>\n<p><img loading=\"lazy\" decoding=\"async\" class=\"alignnone size-full wp-image-1303\" src=\"https:\/\/swforming.com\/wp-content\/uploads\/2022\/10\/aac1215c-3294-483d-9dd1-52f4430186e2-2.png\" alt=\"\" width=\"750\" height=\"945\" title=\"\" srcset=\"https:\/\/swforming.com\/wp-content\/uploads\/2022\/10\/aac1215c-3294-483d-9dd1-52f4430186e2-2.png 750w, https:\/\/swforming.com\/wp-content\/uploads\/2022\/10\/aac1215c-3294-483d-9dd1-52f4430186e2-2-600x756.png 600w, https:\/\/swforming.com\/wp-content\/uploads\/2022\/10\/aac1215c-3294-483d-9dd1-52f4430186e2-2-238x300.png 238w, https:\/\/swforming.com\/wp-content\/uploads\/2022\/10\/aac1215c-3294-483d-9dd1-52f4430186e2-2-10x12.png 10w\" sizes=\"(max-width: 750px) 100vw, 750px\" \/><\/p>\n<h3>\u00dcr\u00fcn Parametreleri<\/h3>\n<div style=\"overflow-x: auto;\">\n<table>\n<tbody>\n<tr>\n<td style=\"text-align: center;\" colspan=\"3\" rowspan=\"1\" data-sheets-value=\"{&quot;1&quot;:2,&quot;2&quot;:&quot;Din Rail Roll Forming Machine&quot;}\"><strong>Din Ray Rulo \u015eekillendirme Makinesi<\/strong><\/td>\n<\/tr>\n<tr>\n<td colspan=\"1\" rowspan=\"3\" data-sheets-value=\"{&quot;1&quot;:2,&quot;2&quot;:&quot;Machinable Material&quot;}\">\n<div>\u0130\u015flenebilir Malzeme<\/div>\n<\/td>\n<td data-sheets-value=\"{&quot;1&quot;:2,&quot;2&quot;:&quot;A) Zinc-plated steel&quot;}\">A) \u00c7inko kaplamal\u0131 \u00e7elik<\/td>\n<td colspan=\"1\" rowspan=\"3\" data-sheets-value=\"{&quot;1&quot;:2,&quot;2&quot;:&quot;Thickness(MM): 1-1.5 or as per customer&quot;}\">\n<div>Kal\u0131nl\u0131k (MM): 1-1,5 veya m\u00fc\u015fteriye g\u00f6re<\/div>\n<\/td>\n<\/tr>\n<tr>\n<td data-sheets-value=\"{&quot;1&quot;:2,&quot;2&quot;:&quot;B) Aluminum&quot;}\">B) Al\u00fcminyum<\/td>\n<\/tr>\n<tr>\n<td data-sheets-value=\"{&quot;1&quot;:2,&quot;2&quot;:&quot;C) Stainless Steel&quot;}\">C) Paslanmaz \u00c7elik<\/td>\n<\/tr>\n<tr>\n<td data-sheets-value=\"{&quot;1&quot;:2,&quot;2&quot;:&quot;Yield Strength&quot;}\">Akma Dayan\u0131m\u0131<\/td>\n<td colspan=\"2\" rowspan=\"1\" data-sheets-value=\"{&quot;1&quot;:2,&quot;2&quot;:&quot;250 - 550 Mpa&quot;}\">250 - 550 Mpa<\/td>\n<\/tr>\n<tr>\n<td data-sheets-value=\"{&quot;1&quot;:2,&quot;2&quot;:&quot;Tensil Stress&quot;}\">Tensil Stres<\/td>\n<td colspan=\"2\" rowspan=\"1\" data-sheets-value=\"{&quot;1&quot;:2,&quot;2&quot;:&quot;G250 Mpa-G550 Mpa&quot;}\">G250 Mpa-G550 Mpa<\/td>\n<\/tr>\n<tr>\n<td data-sheets-value=\"{&quot;1&quot;:2,&quot;2&quot;:&quot;Decoiler&quot;}\">Decoiler<\/td>\n<td data-sheets-value=\"{&quot;1&quot;:2,&quot;2&quot;:&quot;Manual Decoiler&quot;}\">Manuel A\u00e7\u0131c\u0131<\/td>\n<td data-sheets-value=\"{&quot;1&quot;:2,&quot;2&quot;:&quot;* Hydraulic Decoiler (Optional)&quot;}\">* Hidrolik A\u00e7\u0131c\u0131 (Opsiyonel)<\/td>\n<\/tr>\n<tr>\n<td data-sheets-value=\"{&quot;1&quot;:2,&quot;2&quot;:&quot;Punching System&quot;}\">Delme Sistemi<\/td>\n<td data-sheets-value=\"{&quot;1&quot;:2,&quot;2&quot;:&quot;Hydraulic Punching Station&quot;}\">Hidrolik Delme \u0130stasyonu<\/td>\n<td data-sheets-value=\"{&quot;1&quot;:2,&quot;2&quot;:&quot;* Punching Press (Optional)&quot;}\">* Delme Presi (Opsiyonel)<\/td>\n<\/tr>\n<tr>\n<td data-sheets-value=\"{&quot;1&quot;:2,&quot;2&quot;:&quot;Forming Station&quot;}\">\u015eekillendirme \u0130stasyonu<\/td>\n<td data-sheets-value=\"{&quot;1&quot;:2,&quot;2&quot;:&quot;10 Stands&quot;}\">10 Stand<\/td>\n<td data-sheets-value=\"{&quot;1&quot;:2,&quot;2&quot;:&quot;* According To Your Profile Drawings&quot;}\">* Profil \u00c7izimlerinize G\u00f6re<\/td>\n<\/tr>\n<tr>\n<td data-sheets-value=\"{&quot;1&quot;:2,&quot;2&quot;:&quot;Driving System&quot;}\">S\u00fcr\u00fc\u015f Sistemi<\/td>\n<td data-sheets-value=\"{&quot;1&quot;:2,&quot;2&quot;:&quot;Chain Drive&quot;}\">Zincir Tahrik<\/td>\n<td data-sheets-value=\"{&quot;1&quot;:2,&quot;2&quot;:&quot;* Gearbox Drive (Optional)&quot;}\">* \u015eanz\u0131man Tahriki (Opsiyonel)<\/td>\n<\/tr>\n<tr>\n<td data-sheets-value=\"{&quot;1&quot;:2,&quot;2&quot;:&quot;Machine Structure&quot;}\">Makine Yap\u0131s\u0131<\/td>\n<td data-sheets-value=\"{&quot;1&quot;:2,&quot;2&quot;:&quot;Wall Panel Station&quot;}\">Duvar Paneli \u0130stasyonu<\/td>\n<td data-sheets-value=\"{&quot;1&quot;:2,&quot;2&quot;:&quot;* Cast Iron (Optional)&quot;}\">* D\u00f6kme Demir (Opsiyonel)<\/td>\n<\/tr>\n<tr>\n<td data-sheets-value=\"{&quot;1&quot;:2,&quot;2&quot;:&quot;Forming Speed&quot;}\">\u015eekillendirme H\u0131z\u0131<\/td>\n<td data-sheets-value=\"{&quot;1&quot;:2,&quot;2&quot;:&quot;10-20 (M\/MIN)&quot;}\">10-20 (M\/MIN)<\/td>\n<td data-sheets-value=\"{&quot;1&quot;:2,&quot;2&quot;:&quot;* Or According To Your Profile Drawings&quot;}\">* Veya Profil \u00c7izimlerinize G\u00f6re<\/td>\n<\/tr>\n<tr>\n<td data-sheets-value=\"{&quot;1&quot;:2,&quot;2&quot;:&quot;Rollers\u2019 Material&quot;}\">Silindir Malzemesi<\/td>\n<td data-sheets-value=\"{&quot;1&quot;:2,&quot;2&quot;:&quot;Steel #45&quot;}\">\u00c7elik #45<\/td>\n<td data-sheets-value=\"{&quot;1&quot;:2,&quot;2&quot;:&quot;* GCr 15 (Optional)&quot;}\">* GCr 15 (Opsiyonel)<\/td>\n<\/tr>\n<tr>\n<td data-sheets-value=\"{&quot;1&quot;:2,&quot;2&quot;:&quot;Cutting System&quot;}\">Kesim Sistemi<\/td>\n<td data-sheets-value=\"{&quot;1&quot;:2,&quot;2&quot;:&quot;Post-cutting&quot;}\">Kesim sonras\u0131<\/td>\n<td data-sheets-value=\"{&quot;1&quot;:2,&quot;2&quot;:&quot;* Pre-cutting (Optional)&quot;}\">* \u00d6n kesim (\u0130ste\u011fe ba\u011fl\u0131)<\/td>\n<\/tr>\n<tr>\n<td data-sheets-value=\"{&quot;1&quot;:2,&quot;2&quot;:&quot;Frequency Changer Brand&quot;}\">Frekans De\u011fi\u015ftirici Marka<\/td>\n<td data-sheets-value=\"{&quot;1&quot;:2,&quot;2&quot;:&quot;Yaskawa&quot;}\">Yaskawa<\/td>\n<td data-sheets-value=\"{&quot;1&quot;:2,&quot;2&quot;:&quot;* Siemens (Optional)&quot;}\">* Siemens (Opsiyonel)<\/td>\n<\/tr>\n<tr>\n<td data-sheets-value=\"{&quot;1&quot;:2,&quot;2&quot;:&quot;PLC Brand&quot;}\">PLC Markas\u0131<\/td>\n<td data-sheets-value=\"{&quot;1&quot;:2,&quot;2&quot;:&quot;Panasonic&quot;}\">Panasonic<\/td>\n<td data-sheets-value=\"{&quot;1&quot;:2,&quot;2&quot;:&quot;* Siemens (Optional)&quot;}\">* Siemens (Opsiyonel)<\/td>\n<\/tr>\n<tr>\n<td data-sheets-value=\"{&quot;1&quot;:2,&quot;2&quot;:&quot;Power Supply&quot;}\">G\u00fc\u00e7 Kayna\u011f\u0131<\/td>\n<td data-sheets-value=\"{&quot;1&quot;:2,&quot;2&quot;:&quot;380V 50Hz 3ph&quot;}\">380V 50Hz 3ph<\/td>\n<td data-sheets-value=\"{&quot;1&quot;:2,&quot;2&quot;:&quot;* Or According To Your Requirment&quot;}\">* Veya \u0130htiyac\u0131n\u0131za G\u00f6re<\/td>\n<\/tr>\n<tr>\n<td data-sheets-value=\"{&quot;1&quot;:2,&quot;2&quot;:&quot;Machine Color&quot;}\">Makine Rengi<\/td>\n<td data-sheets-value=\"{&quot;1&quot;:2,&quot;2&quot;:&quot;Industrial Blue&quot;}\">End\u00fcstriyel Mavi<\/td>\n<td data-sheets-value=\"{&quot;1&quot;:2,&quot;2&quot;:&quot;* Or According To Your Requirment&quot;}\">* Veya \u0130htiyac\u0131n\u0131za G\u00f6re<\/td>\n<\/tr>\n<\/tbody>\n<\/table>\n<\/div>\n<h3>Uygulama<\/h3>\n<p><img loading=\"lazy\" decoding=\"async\" class=\"alignnone size-full wp-image-1304\" src=\"https:\/\/swforming.com\/wp-content\/uploads\/2022\/10\/jdw.png\" alt=\"\" width=\"750\" height=\"593\" title=\"\" srcset=\"https:\/\/swforming.com\/wp-content\/uploads\/2022\/10\/jdw.png 750w, https:\/\/swforming.com\/wp-content\/uploads\/2022\/10\/jdw-600x474.png 600w, https:\/\/swforming.com\/wp-content\/uploads\/2022\/10\/jdw-300x237.png 300w, https:\/\/swforming.com\/wp-content\/uploads\/2022\/10\/jdw-15x12.png 15w\" sizes=\"(max-width: 750px) 100vw, 750px\" \/><\/p>\n<h3>K\u0131lavuz rayl\u0131 rulo \u015fekillendirme makinesi nedir?<\/h3>\n<p>K\u0131lavuz ray rulo \u015fekillendirme makinesi, k\u0131lavuz raylar\u0131n \u00fcretim s\u00fcrecinde kullan\u0131lan \u00f6zel bir makine t\u00fcr\u00fcd\u00fcr. K\u0131lavuz raylar, hareketli nesnelere veya sistemlere destek ve k\u0131lavuzluk sa\u011flamak i\u00e7in tipik olarak in\u015faat, nakliye ve malzeme ta\u015f\u0131ma gibi \u00e7e\u015fitli end\u00fcstrilerde kullan\u0131lan yap\u0131sal bile\u015fenlerdir.<\/p>\n<p>Rulo \u015fekillendirme i\u015flemi, s\u00fcrekli bir metal \u015feridin veya bobinin bir dizi rulo \u015fekillendirme istasyonu arac\u0131l\u0131\u011f\u0131yla istenen bir profile veya \u015fekle d\u00f6n\u00fc\u015ft\u00fcr\u00fclmesini i\u00e7erir. Bu istasyonlar, metal \u015feridi kademeli olarak b\u00fcken, \u015fekillendiren ve bi\u00e7imlendiren silindir ve kal\u0131p setlerinden olu\u015fur. K\u0131lavuz ray rulo \u015fekillendirme makinesi, tutarl\u0131 boyutlara ve hassas profillere sahip k\u0131lavuz raylar \u00fcretmek i\u00e7in \u00f6zel olarak tasarlanm\u0131\u015ft\u0131r.<\/p>\n<p>Makine, metal \u015feridin bir dizi kademeli \u015fekillendirme i\u015flemine tabi tutuldu\u011fu rulo \u015fekillendirme istasyonlar\u0131na beslenmesiyle \u00e7al\u0131\u015f\u0131r. Her bir rulo \u015fekillendirme istasyonu, metal \u015feridi kademeli olarak istenen k\u0131lavuz ray \u015fekline getiren ayarlanabilir silindirlere ve kal\u0131plara sahiptir. S\u00fcre\u00e7 tipik olarak otomatiktir ve y\u00fcksek \u00fcretim verimlili\u011fi ve do\u011frulu\u011fu sa\u011flar.<\/p>\n<p>K\u0131lavuz ray rulo \u015fekillendirme makineleri \u00e7ok y\u00f6nl\u00fcd\u00fcr ve \u00e7elik, al\u00fcminyum veya paslanmaz \u00e7elik gibi farkl\u0131 \u015fekil, boyut ve malzeme t\u00fcrlerinde k\u0131lavuz raylar \u00fcretmek i\u00e7in \u00f6zelle\u015ftirilebilir. Bu makineler imalat end\u00fcstrisinde asans\u00f6r sistemleri, konvey\u00f6r sistemleri, kayar kap\u0131lar ve end\u00fcstriyel makineler dahil olmak \u00fczere \u00e7e\u015fitli uygulamalarda k\u0131lavuz ray talebini kar\u015f\u0131lamak i\u00e7in yayg\u0131n olarak kullan\u0131lmaktad\u0131r.<\/p>\n<h3>fonksiyon din ray rulo \u015fekillendirme makinesi?<\/h3>\n<p>DIN ray rulo \u015fekillendirme makinesinin temel i\u015flevleri \u015funlard\u0131r:<\/p>\n<ol>\n<li>Malzeme Besleme: Makine, metal \u015feridi veya bobini rulo \u015fekillendirme istasyonlar\u0131na besleyerek \u015fekillendirme i\u015flemi i\u00e7in s\u00fcrekli bir malzeme kayna\u011f\u0131 sa\u011flar.<\/li>\n<li>Rulo \u015eekillendirme \u0130stasyonlar\u0131: Makine, her biri ayarlanabilir silindirler ve kal\u0131plarla donat\u0131lm\u0131\u015f \u00e7ok say\u0131da rulo \u015fekillendirme istasyonundan olu\u015fur. Bu istasyonlar metal \u015feridi b\u00fckerek, katlayarak ve DIN ray\u0131n\u0131n \u00f6zel profiline d\u00f6n\u00fc\u015ft\u00fcrerek kademeli olarak \u015fekillendirir.<\/li>\n<li>Hassasiyet ve Tutarl\u0131l\u0131k: Makine, \u00fcretilen DIN raylar\u0131n\u0131n boyutlar\u0131nda ve profillerinde y\u00fcksek hassasiyet ve tutarl\u0131l\u0131k sa\u011flar. Silindirler ve kal\u0131plar gerekli \u00f6zellikleri ve toleranslar\u0131 kar\u015f\u0131layacak \u015fekilde ayarlanabilir.<\/li>\n<li>Otomasyon: DIN ray\u0131 rulo \u015fekillendirme makineleri tipik olarak otomatiktir, manuel m\u00fcdahaleyi en aza indirir ve verimli \u00fcretim sa\u011flar. Otomatik kontroller besleme, \u015fekillendirme ve kesme i\u015flemlerini d\u00fczenleyerek tutarl\u0131 ve do\u011fru DIN ray\u0131 \u00fcretimi sa\u011flar.<\/li>\n<li>\u00d6zelle\u015ftirme: Makine, farkl\u0131 boyutlarda, profillerde ve malzemelerde DIN raylar\u0131 \u00fcretmek i\u00e7in \u00f6zelle\u015ftirilebilir. \u00c7e\u015fitli elektrik ve elektronik tesisatlar\u0131n \u00f6zel gereksinimlerini kar\u015f\u0131lamak i\u00e7in esneklik sunar.<\/li>\n<\/ol>\n<h3>Kayar rayl\u0131 rulo \u015fekillendirme makinesi nedir?<\/h3>\n<p>Bir k\u0131zak ray\u0131 rulo \u015fekillendirme makinesi, metal \u015feritleri veya bobinleri k\u0131zak raylar\u0131na d\u00f6n\u00fc\u015ft\u00fcrmek i\u00e7in kullan\u0131lan \u00f6zel bir makinedir. Metal \u015feridi kademeli olarak b\u00fcken ve istenen profile d\u00f6n\u00fc\u015ft\u00fcren bir rulo \u015fekillendirme i\u015flemiyle \u00e7al\u0131\u015f\u0131r. Makine ayarlanabilir ve farkl\u0131 boyut ve \u015fekillerde k\u0131zak raylar\u0131 \u00fcretebilir. Kayar raylar\u0131n boyutlar\u0131nda hassasiyet ve tutarl\u0131l\u0131k sa\u011flar. S\u00fcre\u00e7 otomatikle\u015ftirilerek verimlilik art\u0131r\u0131l\u0131r ve i\u015f\u00e7ilik azalt\u0131l\u0131r. Kayar ray rulo \u015fekillendirme makineleri, p\u00fcr\u00fczs\u00fcz ve kontroll\u00fc kayma mekanizmalar\u0131 i\u00e7in mobilya ve dolap imalat\u0131nda yayg\u0131n olarak kullan\u0131lmaktad\u0131r.<\/p>\n<h3>oem kayar ray rulo \u015feki\u0307llendi\u0307rme maki\u0307nesi\u0307 nedi\u0307r?<\/h3>\n<p>Bir OEM kayar rayl\u0131 rulo \u015fekillendirme makinesinin baz\u0131 temel \u00f6zellikleri \u015funlard\u0131r:<\/p>\n<ol>\n<li>\u00d6zelle\u015ftirme: OEM makinesi m\u00fc\u015fterinin \u00f6zel ihtiya\u00e7lar\u0131n\u0131 kar\u015f\u0131lamak \u00fczere tasarlan\u0131r ve \u00fcretilir. Boyut, konfig\u00fcrasyon, \u015fekillendirme yetenekleri ve otomasyon \u00f6zellikleri a\u00e7\u0131s\u0131ndan \u00f6zelle\u015ftirilebilir.<\/li>\n<li>Markalama: OEM makine, m\u00fc\u015fterinin logosu veya ad\u0131yla markalanabilir ve m\u00fc\u015fteri i\u00e7in \u00f6zelle\u015ftirilmi\u015f ve \u00f6zel bir \u00fcr\u00fcn yarat\u0131labilir.<\/li>\n<li>\u00d6zel \u00d6zellikler: OEM makine, belirli \u00fcretim gereksinimlerini kar\u015f\u0131lamak veya verimlili\u011fi, \u00fcretkenli\u011fi veya kaliteyi art\u0131rmak i\u00e7in benzersiz \u00f6zelliklere veya modifikasyonlara sahip olabilir.<\/li>\n<li>Teknik Destek: OEM \u00fcreticileri genellikle makinenin d\u00fczg\u00fcn \u00e7al\u0131\u015fmas\u0131n\u0131 ve performans\u0131n\u0131 sa\u011flamak i\u00e7in teknik destek, e\u011fitim ve bak\u0131m hizmetleri sa\u011flar.<\/li>\n<li>Uzun Vadeli Ortakl\u0131k: OEM makineleri genellikle OEM ile m\u00fc\u015fteri aras\u0131ndaki uzun vadeli bir ortakl\u0131\u011f\u0131n par\u00e7as\u0131 olarak tedarik edilir. OEM, s\u00fcrekli destek, yedek par\u00e7a ve gerekti\u011finde gelecekteki y\u00fckseltmeler veya geli\u015ftirmeler sunabilir.<\/li>\n<\/ol>","protected":false},"excerpt":{"rendered":"<p>Din ray\u0131 rulo \u015fekillendirme makinesi, ekipman kabini raflar\u0131nda k\u00fcresel end\u00fcstri standard\u0131 bile\u015fen ray montaj sisteminin temel par\u00e7as\u0131n\u0131 olu\u015fturan uzun metal \u015feritler olan din ray\u0131n\u0131 \u00fcretmek i\u00e7in kullan\u0131l\u0131r. Din raylar\u0131, devre kesiciler, terminal bloklar\u0131, g\u00fc\u00e7 kaynaklar\u0131, akt\u00fcat\u00f6rler, solenoidler vb. gibi elektrikli ve end\u00fcstriyel kontrol \u00fcr\u00fcnlerini tipik bir ekipman raf\u0131 muhafaza kabini veya \u00e7er\u00e7evesi i\u00e7ine g\u00fcvenli bir \u015fekilde ba\u011flamak i\u00e7in tasarlanm\u0131\u015ft\u0131r.<\/p>","protected":false},"featured_media":1292,"comment_status":"closed","ping_status":"closed","template":"","meta":{"_acf_changed":false},"product_brand":[],"product_cat":[18,57,114],"product_tag":[],"class_list":{"0":"post-1291","1":"product","2":"type-product","3":"status-publish","4":"has-post-thumbnail","6":"product_cat-electric-energy","7":"product_cat-din-rail-roll-forming-machine","8":"product_cat-roll-former","10":"first","11":"instock","12":"shipping-taxable","13":"product-type-simple"},"acf":[],"_links":{"self":[{"href":"https:\/\/swforming.com\/tr\/wp-json\/wp\/v2\/product\/1291","targetHints":{"allow":["GET"]}}],"collection":[{"href":"https:\/\/swforming.com\/tr\/wp-json\/wp\/v2\/product"}],"about":[{"href":"https:\/\/swforming.com\/tr\/wp-json\/wp\/v2\/types\/product"}],"replies":[{"embeddable":true,"href":"https:\/\/swforming.com\/tr\/wp-json\/wp\/v2\/comments?post=1291"}],"version-history":[{"count":3,"href":"https:\/\/swforming.com\/tr\/wp-json\/wp\/v2\/product\/1291\/revisions"}],"predecessor-version":[{"id":3210,"href":"https:\/\/swforming.com\/tr\/wp-json\/wp\/v2\/product\/1291\/revisions\/3210"}],"wp:featuredmedia":[{"embeddable":true,"href":"https:\/\/swforming.com\/tr\/wp-json\/wp\/v2\/media\/1292"}],"wp:attachment":[{"href":"https:\/\/swforming.com\/tr\/wp-json\/wp\/v2\/media?parent=1291"}],"wp:term":[{"taxonomy":"product_brand","embeddable":true,"href":"https:\/\/swforming.com\/tr\/wp-json\/wp\/v2\/product_brand?post=1291"},{"taxonomy":"product_cat","embeddable":true,"href":"https:\/\/swforming.com\/tr\/wp-json\/wp\/v2\/product_cat?post=1291"},{"taxonomy":"product_tag","embeddable":true,"href":"https:\/\/swforming.com\/tr\/wp-json\/wp\/v2\/product_tag?post=1291"}],"curies":[{"name":"wp","href":"https:\/\/api.w.org\/{rel}","templated":true}]}}