{"id":1105,"date":"2022-09-29T09:31:29","date_gmt":"2022-09-29T09:31:29","guid":{"rendered":"https:\/\/swforming.com\/?post_type=product&#038;p=1105"},"modified":"2026-03-12T00:40:49","modified_gmt":"2026-03-12T00:40:49","slug":"full-automatic-quick-change-z-purlin-roll-forming-machine","status":"publish","type":"product","link":"https:\/\/swforming.com\/tr\/product\/full-automatic-quick-change-z-purlin-roll-forming-machine\/","title":{"rendered":"Tam otomatik h\u0131zl\u0131 de\u011fi\u015ftirilebilir CZ a\u015f\u0131k rulo \u015fekillendirme makinesi"},"content":{"rendered":"<h3>CZ a\u015f\u0131k rulo \u015fekillendirme makinesi \u00d6zellikler<\/h3>\n<p>C\/Z a\u015f\u0131k de\u011fi\u015ftirilebilir rollformer C, Z profilleri \u00fcretebilir. Silindirin bir taraf\u0131n\u0131 yukar\u0131 ve a\u015fa\u011f\u0131 de\u011fi\u015ftirerek C ve Z a\u015f\u0131k \u00fcretin, sadece yakla\u015f\u0131k yar\u0131m saat gerekir. Bu makine ayn\u0131 zamanda y\u00fcksek hassasiyetli otomatik geni\u015flikte C veya Z a\u015f\u0131klar\u0131 elde etmek i\u00e7in silindir yatay mesafesini ayarlayabilir. Ayr\u0131ca zamandan tasarruf sa\u011flar ve \u00fcretimi art\u0131r\u0131r.<\/p>\n<h3>CZ a\u015f\u0131k rulo \u015fekillendirme makinesi Uygulamalar<\/h3>\n<p>Bitmi\u015f \u00fcr\u00fcnler, fabrika, depo, garaj, sergi merkezi, sinema, tiyatro, bah\u00e7e ve benzeri gibi b\u00fcy\u00fck \u00f6l\u00e7ekli ve orta \u00f6l\u00e7ekli in\u015faatlarda \u00e7at\u0131 ve duvar destek\u00e7isi olarak yayg\u0131n \u015fekilde kullan\u0131lmaktad\u0131r.<\/p>\n<h3>CZ a\u015f\u0131k rulo \u015fekillendirme makinesi Proses Ak\u0131\u015f\u0131<\/h3>\n<p>A\u00e7\u0131c\u0131 - Besleme - Do\u011frultma - \u00d6n delme - \u00d6n kesme - Rulo \u015eekillendirme - \u00c7\u0131k\u0131\u015f Raf\u0131<\/p>\n<h3>Makine Konfig\u00fcrasyonlar\u0131<\/h3>\n<div>\n<table>\n<tbody>\n<tr>\n<td data-sheets-value=\"{&quot;1&quot;:2,&quot;2&quot;:&quot;1. Hydraulic Uncoiler&quot;}\">1. Hidrolik A\u00e7\u0131c\u0131<\/td>\n<td data-sheets-value=\"{&quot;1&quot;:2,&quot;2&quot;:&quot;2. Feeding Device&quot;}\">\n<div>\n<div>2. Besleme Cihaz\u0131<\/div>\n<\/div>\n<\/td>\n<\/tr>\n<tr>\n<td data-sheets-value=\"{&quot;1&quot;:2,&quot;2&quot;:&quot;3. Straightening&quot;}\">3. Do\u011frultma<\/td>\n<td data-sheets-value=\"{&quot;1&quot;:2,&quot;2&quot;:&quot;4. Roll Forming Machine&quot;}\">\n<div>\n<div>4. Rulo \u015eekillendirme Makinesi<\/div>\n<\/div>\n<\/td>\n<\/tr>\n<tr>\n<td data-sheets-value=\"{&quot;1&quot;:2,&quot;2&quot;:&quot;5. Post Punching&quot;}\">5. Delme Sonras\u0131<\/td>\n<td data-sheets-value=\"{&quot;1&quot;:2,&quot;2&quot;:&quot;6. Post Cutting&quot;}\">6. Kesim Sonras\u0131<\/td>\n<\/tr>\n<tr>\n<td data-sheets-value=\"{&quot;1&quot;:2,&quot;2&quot;:&quot;7. PLC Control System&quot;}\">7. PLC Kontrol Sistemi<\/td>\n<td data-sheets-value=\"{&quot;1&quot;:2,&quot;2&quot;:&quot;8. Exit Rack&quot;}\">8. \u00c7\u0131k\u0131\u015f Raf\u0131<\/td>\n<\/tr>\n<\/tbody>\n<\/table>\n<h3>Referans i\u00e7in Profil \u00c7izimleri<\/h3>\n<p><img fetchpriority=\"high\" decoding=\"async\" class=\"alignnone wp-image-1020 size-full\" src=\"https:\/\/swforming.com\/wp-content\/uploads\/2022\/09\/477b6a83-7ba2-4950-a407-cdc17bf75ae9.jpg\" alt=\"CZ a\u015f\u0131k rulo \u015fekillendirme makinesi\" width=\"800\" height=\"355\" title=\"\" srcset=\"https:\/\/swforming.com\/wp-content\/uploads\/2022\/09\/477b6a83-7ba2-4950-a407-cdc17bf75ae9.jpg 800w, https:\/\/swforming.com\/wp-content\/uploads\/2022\/09\/477b6a83-7ba2-4950-a407-cdc17bf75ae9-600x266.jpg 600w, https:\/\/swforming.com\/wp-content\/uploads\/2022\/09\/477b6a83-7ba2-4950-a407-cdc17bf75ae9-300x133.jpg 300w, https:\/\/swforming.com\/wp-content\/uploads\/2022\/09\/477b6a83-7ba2-4950-a407-cdc17bf75ae9-768x341.jpg 768w\" sizes=\"(max-width: 800px) 100vw, 800px\" \/><\/p>\n<div>\n<table>\n<tbody>\n<tr>\n<td><\/td>\n<td colspan=\"6\" rowspan=\"1\" data-sheets-value=\"{&quot;1&quot;:2,&quot;2&quot;:&quot;C Purlin Section Size&quot;}\">C A\u015f\u0131k Kesit Boyutu<\/td>\n<td><\/td>\n<\/tr>\n<tr>\n<td colspan=\"1\" rowspan=\"2\" data-sheets-value=\"{&quot;1&quot;:2,&quot;2&quot;:&quot;Model&quot;}\">\n<div>Model<\/div>\n<\/td>\n<td colspan=\"5\" rowspan=\"1\" data-sheets-value=\"{&quot;1&quot;:2,&quot;2&quot;:&quot;Section Size (mm)&quot;}\">Kesit Boyutu (mm)<\/td>\n<td data-sheets-value=\"{&quot;1&quot;:2,&quot;2&quot;:&quot;Hole Distance&quot;}\">Delik Mesafesi<\/td>\n<td colspan=\"1\" rowspan=\"2\" data-sheets-value=\"{&quot;1&quot;:2,&quot;2&quot;:&quot;Remark&quot;}\">\n<div>A\u00e7\u0131klama<\/div>\n<\/td>\n<\/tr>\n<tr>\n<td data-sheets-value=\"{&quot;1&quot;:2,&quot;2&quot;:&quot;H&quot;}\">H<\/td>\n<td data-sheets-value=\"{&quot;1&quot;:2,&quot;2&quot;:&quot;B&quot;}\">B<\/td>\n<td data-sheets-value=\"{&quot;1&quot;:2,&quot;2&quot;:&quot;B&quot;}\">B<\/td>\n<td data-sheets-value=\"{&quot;1&quot;:2,&quot;2&quot;:&quot;C&quot;}\">C<\/td>\n<td data-sheets-value=\"{&quot;1&quot;:2,&quot;2&quot;:&quot;t&quot;}\">t<\/td>\n<td data-sheets-value=\"{&quot;1&quot;:2,&quot;2&quot;:&quot;h&quot;}\">h<\/td>\n<\/tr>\n<tr>\n<td data-sheets-value=\"{&quot;1&quot;:2,&quot;2&quot;:&quot;C100&quot;}\">C100<\/td>\n<td data-sheets-value=\"{&quot;1&quot;:3,&quot;3&quot;:100}\">100<\/td>\n<td data-sheets-value=\"{&quot;1&quot;:3,&quot;3&quot;:40}\">40<\/td>\n<td data-sheets-value=\"{&quot;1&quot;:3,&quot;3&quot;:40}\">40<\/td>\n<td data-sheets-value=\"{&quot;1&quot;:3,&quot;3&quot;:15}\">15<\/td>\n<td data-sheets-value=\"{&quot;1&quot;:2,&quot;2&quot;:&quot;2.0.3.0&quot;}\">2.0~3.0<\/td>\n<td data-sheets-value=\"{&quot;1&quot;:2,&quot;2&quot;:&quot;No Punching&quot;}\">Yumruklama Yok<\/td>\n<td colspan=\"1\" rowspan=\"9\" data-sheets-value=\"{&quot;1&quot;:2,&quot;2&quot;:&quot;We Can Design the Machine According to Customer's Requests (with Middle Hole Punching).&quot;}\">\n<div>Makineyi M\u00fc\u015fterinin \u0130ste\u011fine G\u00f6re Tasarlayabiliriz (Orta Delik Delme ile).<\/div>\n<\/td>\n<\/tr>\n<tr>\n<td data-sheets-value=\"{&quot;1&quot;:2,&quot;2&quot;:&quot;C120&quot;}\">C120<\/td>\n<td data-sheets-value=\"{&quot;1&quot;:3,&quot;3&quot;:120}\">120<\/td>\n<td data-sheets-value=\"{&quot;1&quot;:3,&quot;3&quot;:50}\">50<\/td>\n<td data-sheets-value=\"{&quot;1&quot;:3,&quot;3&quot;:50}\">50<\/td>\n<td data-sheets-value=\"{&quot;1&quot;:3,&quot;3&quot;:20}\">20<\/td>\n<td data-sheets-value=\"{&quot;1&quot;:2,&quot;2&quot;:&quot;2.0-3.0&quot;}\">2.0-3.0<\/td>\n<td data-sheets-value=\"{&quot;1&quot;:3,&quot;3&quot;:40}\">40<\/td>\n<\/tr>\n<tr>\n<td data-sheets-value=\"{&quot;1&quot;:2,&quot;2&quot;:&quot;C140&quot;}\">C140<\/td>\n<td data-sheets-value=\"{&quot;1&quot;:3,&quot;3&quot;:140}\">140<\/td>\n<td data-sheets-value=\"{&quot;1&quot;:3,&quot;3&quot;:50}\">50<\/td>\n<td data-sheets-value=\"{&quot;1&quot;:3,&quot;3&quot;:50}\">50<\/td>\n<td data-sheets-value=\"{&quot;1&quot;:3,&quot;3&quot;:20}\">20<\/td>\n<td data-sheets-value=\"{&quot;1&quot;:2,&quot;2&quot;:&quot;2.0-3.0&quot;}\">2.0-3.0<\/td>\n<td colspan=\"1\" rowspan=\"7\" data-sheets-value=\"{&quot;1&quot;:2,&quot;2&quot;:&quot;Adjustable Hole Distance&quot;}\">\n<div>Ayarlanabilir Delik Mesafesi<\/div>\n<\/td>\n<\/tr>\n<tr>\n<td data-sheets-value=\"{&quot;1&quot;:2,&quot;2&quot;:&quot;C160&quot;}\">C160<\/td>\n<td data-sheets-value=\"{&quot;1&quot;:3,&quot;3&quot;:160}\">160<\/td>\n<td data-sheets-value=\"{&quot;1&quot;:3,&quot;3&quot;:60}\">60<\/td>\n<td data-sheets-value=\"{&quot;1&quot;:3,&quot;3&quot;:60}\">60<\/td>\n<td data-sheets-value=\"{&quot;1&quot;:3,&quot;3&quot;:20}\">20<\/td>\n<td data-sheets-value=\"{&quot;1&quot;:2,&quot;2&quot;:&quot;2.0-3.0&quot;}\">2.0-3.0<\/td>\n<\/tr>\n<tr>\n<td data-sheets-value=\"{&quot;1&quot;:2,&quot;2&quot;:&quot;C180&quot;}\">C180<\/td>\n<td data-sheets-value=\"{&quot;1&quot;:3,&quot;3&quot;:180}\">180<\/td>\n<td data-sheets-value=\"{&quot;1&quot;:3,&quot;3&quot;:60}\">60<\/td>\n<td data-sheets-value=\"{&quot;1&quot;:3,&quot;3&quot;:60}\">60<\/td>\n<td data-sheets-value=\"{&quot;1&quot;:3,&quot;3&quot;:20}\">20<\/td>\n<td data-sheets-value=\"{&quot;1&quot;:2,&quot;2&quot;:&quot;2.0-3.0&quot;}\">2.0-3.0<\/td>\n<\/tr>\n<tr>\n<td data-sheets-value=\"{&quot;1&quot;:2,&quot;2&quot;:&quot;C200&quot;}\">C200<\/td>\n<td data-sheets-value=\"{&quot;1&quot;:3,&quot;3&quot;:200}\">200<\/td>\n<td data-sheets-value=\"{&quot;1&quot;:3,&quot;3&quot;:60}\">60<\/td>\n<td data-sheets-value=\"{&quot;1&quot;:3,&quot;3&quot;:60}\">60<\/td>\n<td data-sheets-value=\"{&quot;1&quot;:3,&quot;3&quot;:20}\">20<\/td>\n<td data-sheets-value=\"{&quot;1&quot;:2,&quot;2&quot;:&quot;2.0-3.0&quot;}\">2.0-3.0<\/td>\n<\/tr>\n<tr>\n<td data-sheets-value=\"{&quot;1&quot;:2,&quot;2&quot;:&quot;C220&quot;}\">C220<\/td>\n<td data-sheets-value=\"{&quot;1&quot;:3,&quot;3&quot;:220}\">220<\/td>\n<td data-sheets-value=\"{&quot;1&quot;:3,&quot;3&quot;:70}\">70<\/td>\n<td data-sheets-value=\"{&quot;1&quot;:3,&quot;3&quot;:70}\">70<\/td>\n<td data-sheets-value=\"{&quot;1&quot;:3,&quot;3&quot;:20}\">20<\/td>\n<td data-sheets-value=\"{&quot;1&quot;:2,&quot;2&quot;:&quot;2.0-3.0&quot;}\">2.0-3.0<\/td>\n<\/tr>\n<tr>\n<td data-sheets-value=\"{&quot;1&quot;:2,&quot;2&quot;:&quot;C250&quot;}\">C250<\/td>\n<td data-sheets-value=\"{&quot;1&quot;:3,&quot;3&quot;:250}\">250<\/td>\n<td data-sheets-value=\"{&quot;1&quot;:3,&quot;3&quot;:70}\">70<\/td>\n<td data-sheets-value=\"{&quot;1&quot;:3,&quot;3&quot;:70}\">70<\/td>\n<td data-sheets-value=\"{&quot;1&quot;:3,&quot;3&quot;:20}\">20<\/td>\n<td data-sheets-value=\"{&quot;1&quot;:2,&quot;2&quot;:&quot;2.0-3.0&quot;}\">2.0-3.0<\/td>\n<\/tr>\n<tr>\n<td data-sheets-value=\"{&quot;1&quot;:2,&quot;2&quot;:&quot;C300&quot;}\">C300<\/td>\n<td data-sheets-value=\"{&quot;1&quot;:3,&quot;3&quot;:300}\">300<\/td>\n<td data-sheets-value=\"{&quot;1&quot;:3,&quot;3&quot;:80}\">80<\/td>\n<td data-sheets-value=\"{&quot;1&quot;:3,&quot;3&quot;:80}\">80<\/td>\n<td data-sheets-value=\"{&quot;1&quot;:3,&quot;3&quot;:20}\">20<\/td>\n<td data-sheets-value=\"{&quot;1&quot;:2,&quot;2&quot;:&quot;2.0-3.0&quot;}\">2.0-3.0<\/td>\n<\/tr>\n<tr>\n<td><\/td>\n<td colspan=\"6\" rowspan=\"1\" data-sheets-value=\"{&quot;1&quot;:2,&quot;2&quot;:&quot;Z Purlin Section Size&quot;}\">Z A\u015f\u0131k Kesit \u00d6l\u00e7\u00fcs\u00fc<\/td>\n<td><\/td>\n<\/tr>\n<tr>\n<td colspan=\"1\" rowspan=\"2\" data-sheets-value=\"{&quot;1&quot;:2,&quot;2&quot;:&quot;Model&quot;}\">\n<div>Model<\/div>\n<\/td>\n<td colspan=\"5\" rowspan=\"1\" data-sheets-value=\"{&quot;1&quot;:2,&quot;2&quot;:&quot;Section Size (mm)&quot;}\">Kesit Boyutu (mm)<\/td>\n<td data-sheets-value=\"{&quot;1&quot;:2,&quot;2&quot;:&quot;Hole Distance&quot;}\">Delik Mesafesi<\/td>\n<td colspan=\"1\" rowspan=\"2\" data-sheets-value=\"{&quot;1&quot;:2,&quot;2&quot;:&quot;Remark&quot;}\">\n<div>A\u00e7\u0131klama<\/div>\n<\/td>\n<\/tr>\n<tr>\n<td data-sheets-value=\"{&quot;1&quot;:2,&quot;2&quot;:&quot;H&quot;}\">H<\/td>\n<td data-sheets-value=\"{&quot;1&quot;:2,&quot;2&quot;:&quot;B&quot;}\">B<\/td>\n<td data-sheets-value=\"{&quot;1&quot;:2,&quot;2&quot;:&quot;b&quot;}\">b<\/td>\n<td data-sheets-value=\"{&quot;1&quot;:2,&quot;2&quot;:&quot;C&quot;}\">C<\/td>\n<td data-sheets-value=\"{&quot;1&quot;:2,&quot;2&quot;:&quot;t&quot;}\">t<\/td>\n<td data-sheets-value=\"{&quot;1&quot;:2,&quot;2&quot;:&quot;h&quot;}\">h<\/td>\n<\/tr>\n<tr>\n<td data-sheets-value=\"{&quot;1&quot;:2,&quot;2&quot;:&quot;Z100&quot;}\">Z100<\/td>\n<td data-sheets-value=\"{&quot;1&quot;:3,&quot;3&quot;:100}\">100<\/td>\n<td data-sheets-value=\"{&quot;1&quot;:3,&quot;3&quot;:55}\">55<\/td>\n<td data-sheets-value=\"{&quot;1&quot;:3,&quot;3&quot;:50}\">50<\/td>\n<td data-sheets-value=\"{&quot;1&quot;:3,&quot;3&quot;:20}\">20<\/td>\n<td data-sheets-value=\"{&quot;1&quot;:2,&quot;2&quot;:&quot;2.0-3.0&quot;}\">2.0-3.0<\/td>\n<td data-sheets-value=\"{&quot;1&quot;:3,&quot;3&quot;:40}\">40<\/td>\n<td colspan=\"1\" rowspan=\"10\" data-sheets-value=\"{&quot;1&quot;:2,&quot;2&quot;:&quot;We Can Design the Machine According to Customer's Requests (with Middle Hole Punching or Flange Punching).&quot;}\">\n<div>Makineyi M\u00fc\u015fterinin \u0130steklerine G\u00f6re Tasarlayabiliriz (Orta Delik Delme veya Flan\u015f Delme ile).<\/div>\n<\/td>\n<\/tr>\n<tr>\n<td data-sheets-value=\"{&quot;1&quot;:2,&quot;2&quot;:&quot;Z120&quot;}\">Z120<\/td>\n<td data-sheets-value=\"{&quot;1&quot;:3,&quot;3&quot;:120}\">120<\/td>\n<td data-sheets-value=\"{&quot;1&quot;:3,&quot;3&quot;:55}\">55<\/td>\n<td data-sheets-value=\"{&quot;1&quot;:3,&quot;3&quot;:50}\">50<\/td>\n<td data-sheets-value=\"{&quot;1&quot;:3,&quot;3&quot;:20}\">20<\/td>\n<td data-sheets-value=\"{&quot;1&quot;:2,&quot;2&quot;:&quot;2.0-3.0&quot;}\">2.0-3.0<\/td>\n<td colspan=\"1\" rowspan=\"9\" data-sheets-value=\"{&quot;1&quot;:2,&quot;2&quot;:&quot;Adjustable Hole Distance&quot;}\">\n<div>Ayarlanabilir Delik Mesafesi<\/div>\n<\/td>\n<\/tr>\n<tr>\n<td data-sheets-value=\"{&quot;1&quot;:2,&quot;2&quot;:&quot;Z140&quot;}\">Z140<\/td>\n<td data-sheets-value=\"{&quot;1&quot;:3,&quot;3&quot;:140}\">140<\/td>\n<td data-sheets-value=\"{&quot;1&quot;:3,&quot;3&quot;:55}\">55<\/td>\n<td data-sheets-value=\"{&quot;1&quot;:3,&quot;3&quot;:50}\">50<\/td>\n<td data-sheets-value=\"{&quot;1&quot;:3,&quot;3&quot;:20}\">20<\/td>\n<td data-sheets-value=\"{&quot;1&quot;:2,&quot;2&quot;:&quot;2.0-3.0&quot;}\">2.0-3.0<\/td>\n<\/tr>\n<tr>\n<td data-sheets-value=\"{&quot;1&quot;:3,&quot;3&quot;:2150}\">2150<\/td>\n<td data-sheets-value=\"{&quot;1&quot;:3,&quot;3&quot;:160}\">160<\/td>\n<td data-sheets-value=\"{&quot;1&quot;:3,&quot;3&quot;:67}\">67<\/td>\n<td data-sheets-value=\"{&quot;1&quot;:3,&quot;3&quot;:61}\">61<\/td>\n<td data-sheets-value=\"{&quot;1&quot;:3,&quot;3&quot;:20}\">20<\/td>\n<td data-sheets-value=\"{&quot;1&quot;:2,&quot;2&quot;:&quot;2.0-3.0&quot;}\">2.0-3.0<\/td>\n<\/tr>\n<tr>\n<td data-sheets-value=\"{&quot;1&quot;:2,&quot;2&quot;:&quot;Z160&quot;}\">Z160<\/td>\n<td data-sheets-value=\"{&quot;1&quot;:3,&quot;3&quot;:180}\">180<\/td>\n<td data-sheets-value=\"{&quot;1&quot;:3,&quot;3&quot;:67}\">67<\/td>\n<td data-sheets-value=\"{&quot;1&quot;:3,&quot;3&quot;:61}\">61<\/td>\n<td data-sheets-value=\"{&quot;1&quot;:3,&quot;3&quot;:20}\">20<\/td>\n<td data-sheets-value=\"{&quot;1&quot;:2,&quot;2&quot;:&quot;2.0-3.0&quot;}\">2.0-3.0<\/td>\n<\/tr>\n<tr>\n<td data-sheets-value=\"{&quot;1&quot;:3,&quot;3&quot;:2180}\">2180<\/td>\n<td data-sheets-value=\"{&quot;1&quot;:3,&quot;3&quot;:200}\">200<\/td>\n<td data-sheets-value=\"{&quot;1&quot;:3,&quot;3&quot;:67}\">67<\/td>\n<td data-sheets-value=\"{&quot;1&quot;:3,&quot;3&quot;:61}\">61<\/td>\n<td data-sheets-value=\"{&quot;1&quot;:3,&quot;3&quot;:20}\">20<\/td>\n<td data-sheets-value=\"{&quot;1&quot;:2,&quot;2&quot;:&quot;2.0-3.0&quot;}\">2.0-3.0<\/td>\n<\/tr>\n<tr>\n<td data-sheets-value=\"{&quot;1&quot;:3,&quot;3&quot;:2200}\">2200<\/td>\n<td data-sheets-value=\"{&quot;1&quot;:3,&quot;3&quot;:220}\">220<\/td>\n<td data-sheets-value=\"{&quot;1&quot;:3,&quot;3&quot;:67}\">67<\/td>\n<td data-sheets-value=\"{&quot;1&quot;:3,&quot;3&quot;:61}\">61<\/td>\n<td data-sheets-value=\"{&quot;1&quot;:3,&quot;3&quot;:20}\">20<\/td>\n<td data-sheets-value=\"{&quot;1&quot;:2,&quot;2&quot;:&quot;2.0-3.0&quot;}\">2.0-3.0<\/td>\n<\/tr>\n<tr>\n<td data-sheets-value=\"{&quot;1&quot;:2,&quot;2&quot;:&quot;Z250&quot;}\">Z250<\/td>\n<td data-sheets-value=\"{&quot;1&quot;:3,&quot;3&quot;:250}\">250<\/td>\n<td data-sheets-value=\"{&quot;1&quot;:3,&quot;3&quot;:78}\">78<\/td>\n<td data-sheets-value=\"{&quot;1&quot;:3,&quot;3&quot;:72}\">72<\/td>\n<td data-sheets-value=\"{&quot;1&quot;:3,&quot;3&quot;:20}\">20<\/td>\n<td data-sheets-value=\"{&quot;1&quot;:2,&quot;2&quot;:&quot;2.0.3.0&quot;}\">2.0.3.0<\/td>\n<\/tr>\n<tr>\n<td data-sheets-value=\"{&quot;1&quot;:2,&quot;2&quot;:&quot;Z280&quot;}\">Z280<\/td>\n<td data-sheets-value=\"{&quot;1&quot;:3,&quot;3&quot;:280}\">280<\/td>\n<td data-sheets-value=\"{&quot;1&quot;:3,&quot;3&quot;:78}\">78<\/td>\n<td data-sheets-value=\"{&quot;1&quot;:3,&quot;3&quot;:72}\">72<\/td>\n<td data-sheets-value=\"{&quot;1&quot;:3,&quot;3&quot;:20}\">20<\/td>\n<td data-sheets-value=\"{&quot;1&quot;:2,&quot;2&quot;:&quot;2.0-3.0&quot;}\">2.0-3.0<\/td>\n<\/tr>\n<tr>\n<td data-sheets-value=\"{&quot;1&quot;:3,&quot;3&quot;:2300}\">2300<\/td>\n<td data-sheets-value=\"{&quot;1&quot;:3,&quot;3&quot;:300}\">300<\/td>\n<td data-sheets-value=\"{&quot;1&quot;:3,&quot;3&quot;:78}\">78<\/td>\n<td data-sheets-value=\"{&quot;1&quot;:3,&quot;3&quot;:72}\">72<\/td>\n<td data-sheets-value=\"{&quot;1&quot;:3,&quot;3&quot;:20}\">20<\/td>\n<td data-sheets-value=\"{&quot;1&quot;:2,&quot;2&quot;:&quot;2.0-3.0&quot;}\">2.0-3.0<\/td>\n<\/tr>\n<\/tbody>\n<\/table>\n<h3>Rulo \u015fekillendirme makinesinin uygulama alanlar\u0131 nelerdir?<\/h3>\n<p>C A\u015f\u0131k Rulo \u015eekillendirme Makinesi, a\u015fa\u011f\u0131dakiler de dahil olmak \u00fczere \u00e7e\u015fitli alanlarda kullan\u0131l\u0131r:<\/p>\n<ol>\n<li>\u0130n\u015faat M\u00fchendisli\u011fi: C a\u015f\u0131klar\u0131 konut, ticari ve end\u00fcstriyel binalarda yap\u0131sal bile\u015fenler olarak yayg\u0131n \u015fekilde kullan\u0131lmaktad\u0131r. Rulo \u015fekillendirme makinesi, farkl\u0131 in\u015faat projelerinin gereksinimlerini kar\u015f\u0131lamak i\u00e7in farkl\u0131 boyutlarda ve \u00f6zelliklerde C a\u015f\u0131klar\u0131 \u00fcretebilir.<\/li>\n<li>\u00c7elik Yap\u0131 \u0130malat\u0131: Rulo \u015fekillendirme makinesi, \u00e7elik evler, \u00e7elik k\u00f6pr\u00fcler ve \u00e7elik \u00e7er\u00e7eveler gibi \u00e7elik yap\u0131lar\u0131n \u00fcretiminde de kullan\u0131l\u0131r. Yap\u0131sal destek malzemesi olarak C a\u015f\u0131klar, hafiflik, y\u00fcksek mukavemet ve kolay kurulum gibi avantajlar sunarak \u00e7elik yap\u0131 imalat\u0131nda yayg\u0131n olarak kullan\u0131lmalar\u0131n\u0131 sa\u011flar.<\/li>\n<li>G\u00fcne\u015f Paneli Montaj Sistemleri: G\u00fcne\u015f enerjisi sistemleri, g\u00fcne\u015f panellerini desteklemek i\u00e7in sa\u011flam montaj yap\u0131lar\u0131 gerektirir. C A\u015f\u0131k Rulo \u015eekillendirme Makinesi, g\u00fcne\u015f paneli montaj sistemleri i\u00e7in uygun C a\u015f\u0131klar \u00fcretebilir ve sa\u011flam destek yap\u0131lar\u0131 sa\u011flar.<\/li>\n<li>Tar\u0131msal \u0130n\u015faat: Makine, tar\u0131msal seralar i\u00e7in yap\u0131sal malzeme \u00fcretimi gibi tar\u0131msal in\u015faatta da uygulanmaktad\u0131r. C a\u015f\u0131klar\u0131 korozyon direnci ve stabiliteye sahiptir, bu da onlar\u0131 tar\u0131msal ortamlarda kullan\u0131m i\u00e7in uygun hale getirir.<\/li>\n<\/ol>\n<h3>\u00c7in'de en iyi 5 cz a\u015f\u0131k rulo \u015fekillendirme makinesi \u00fcreticileri<\/h3>\n<ol>\n<li>WUXI SUNWAY MACHINERY CO, LTD, so\u011fuk rulo \u015fekillendirme makinelerinin tasar\u0131m\u0131, geli\u015ftirilmesi ve \u00fcretimi ile ilgilenen profesyonel bir \u00fcretici ve ihracat\u00e7\u0131d\u0131r. T\u00fcm \u00fcr\u00fcnler uluslararas\u0131 kalite standartlar\u0131na uygundur ve Asya, Afrika, Avrupa, G\u00fcney Amerika ve Avustralya gibi d\u00fcnya \u00e7ap\u0131nda \u00e7e\u015fitli farkl\u0131 pazarlarda b\u00fcy\u00fck be\u011feni toplamaktad\u0131r. K\u00fcresel bir sat\u0131\u015f a\u011f\u0131 kazanm\u0131\u015ft\u0131r.<\/li>\n<li>Zhongyuan Makine Fabrikas\u0131: Zhongyuan Machinery, C \/ Z a\u015f\u0131k rulo \u015fekillendirme makineleri de dahil olmak \u00fczere tan\u0131nm\u0131\u015f bir rulo \u015fekillendirme makineleri \u00fcreticisidir. Geni\u015f bir model yelpazesine sahiptir ve belirli m\u00fc\u015fteri gereksinimlerini kar\u015f\u0131lamak i\u00e7in \u00f6zelle\u015ftirilmi\u015f \u00e7\u00f6z\u00fcmler sunar.<\/li>\n<li>Liming Damgalama Form Makinesi Ltd: Liming Stamping Form Machine, \u00c7in'de rulo \u015fekillendirme makinelerinin lider \u00fcreticisidir. \u0130leri teknoloji ve y\u00fcksek kaliteli bile\u015fenlerle C \/ Z a\u015f\u0131k rulo \u015fekillendirme makineleri \u00fcretiminde uzmanla\u015fm\u0131\u015ft\u0131r.<\/li>\n<li>Xiamen Bogong Makine: Xiamen Bogong Machinery, C\/Z a\u015f\u0131k rulo \u015fekillendirme makineleri de dahil olmak \u00fczere sayg\u0131n bir rulo \u015fekillendirme makineleri \u00fcreticisidir. \u00dcr\u00fcn yenili\u011fine ve m\u00fc\u015fteri memnuniyetine g\u00fc\u00e7l\u00fc bir \u015fekilde odaklanmaktad\u0131rlar.<\/li>\n<li>Hangzhou Roll Forming Machinery: Hangzhou Roll Forming Machinery, \u00e7e\u015fitli end\u00fcstriler i\u00e7in kapsaml\u0131 bir \u00e7\u00f6z\u00fcm yelpazesi sunan k\u00f6kl\u00fc bir rulo \u015fekillendirme makineleri \u00fcreticisidir. M\u00fckemmel performansa sahip g\u00fcvenilir C \/ Z a\u015f\u0131k rulo \u015fekillendirme makineleri sa\u011flarlar.<\/li>\n<\/ol>\n<\/div>\n<\/div>","protected":false},"excerpt":{"rendered":"<p>Tam otomatik h\u0131zl\u0131 de\u011fi\u015fim Z a\u015f\u0131k rulo \u015fekillendirme makinesi Ad\u0131: C Boyutu Otomatik De\u011fi\u015fim Makinesi Model: YX Serisi C a\u015f\u0131k profili i\u00e7in C boyutu otomatik de\u011fi\u015fim rulo \u015fekillendirme makinesi, her iki \u00e7er\u00e7evenin serbest\u00e7e ayarlanabilmesi yoluyla otomatik boyut de\u011fi\u015ftirme amac\u0131yla tasarlanm\u0131\u015ft\u0131r. \u00d6zelle\u015ftirilmi\u015f makineler de tedarik edebiliriz.<\/p>","protected":false},"featured_media":1107,"comment_status":"open","ping_status":"closed","template":"","meta":{"_acf_changed":false},"product_brand":[],"product_cat":[52,75],"product_tag":[],"class_list":{"0":"post-1105","1":"product","2":"type-product","3":"status-publish","4":"has-post-thumbnail","6":"product_cat-steel-structure","7":"product_cat-z-purlin-roll-forming-machine","9":"first","10":"instock","11":"shipping-taxable","12":"product-type-simple"},"acf":[],"_links":{"self":[{"href":"https:\/\/swforming.com\/tr\/wp-json\/wp\/v2\/product\/1105","targetHints":{"allow":["GET"]}}],"collection":[{"href":"https:\/\/swforming.com\/tr\/wp-json\/wp\/v2\/product"}],"about":[{"href":"https:\/\/swforming.com\/tr\/wp-json\/wp\/v2\/types\/product"}],"replies":[{"embeddable":true,"href":"https:\/\/swforming.com\/tr\/wp-json\/wp\/v2\/comments?post=1105"}],"version-history":[{"count":3,"href":"https:\/\/swforming.com\/tr\/wp-json\/wp\/v2\/product\/1105\/revisions"}],"predecessor-version":[{"id":3247,"href":"https:\/\/swforming.com\/tr\/wp-json\/wp\/v2\/product\/1105\/revisions\/3247"}],"wp:featuredmedia":[{"embeddable":true,"href":"https:\/\/swforming.com\/tr\/wp-json\/wp\/v2\/media\/1107"}],"wp:attachment":[{"href":"https:\/\/swforming.com\/tr\/wp-json\/wp\/v2\/media?parent=1105"}],"wp:term":[{"taxonomy":"product_brand","embeddable":true,"href":"https:\/\/swforming.com\/tr\/wp-json\/wp\/v2\/product_brand?post=1105"},{"taxonomy":"product_cat","embeddable":true,"href":"https:\/\/swforming.com\/tr\/wp-json\/wp\/v2\/product_cat?post=1105"},{"taxonomy":"product_tag","embeddable":true,"href":"https:\/\/swforming.com\/tr\/wp-json\/wp\/v2\/product_tag?post=1105"}],"curies":[{"name":"wp","href":"https:\/\/api.w.org\/{rel}","templated":true}]}}