{"id":1099,"date":"2022-09-29T09:25:32","date_gmt":"2022-09-29T09:25:32","guid":{"rendered":"https:\/\/swforming.com\/?post_type=product&#038;p=1099"},"modified":"2022-10-12T09:17:12","modified_gmt":"2022-10-12T09:17:12","slug":"vineyards-post-roll-forming-machine","status":"publish","type":"product","link":"https:\/\/swforming.com\/tr\/product\/vineyards-post-roll-forming-machine\/","title":{"rendered":"\u00dcz\u00fcm Ba\u011flar\u0131 Direk Rulo \u015eekillendirme Makinesi"},"content":{"rendered":"<h3>\u00d6zellikler<\/h3>\n<p>\u00c7e\u015fitli profillere sahip farkl\u0131 t\u00fcrde \u00fcz\u00fcm ba\u011flar\u0131 direkleri tedarik edebiliriz. Ayr\u0131ca \u00f6zelle\u015ftirilmi\u015f makineler de tedarik edebiliriz.<\/p>\n<h3>Uygulamalar<\/h3>\n<p>Bitmi\u015f \u00fcr\u00fcnler, \u00fcz\u00fcm kafeslerinin destek\u00e7isi olarak yayg\u0131n bir \u015fekilde kullan\u0131lmaktad\u0131r.<\/p>\n<h3>S\u00fcre\u00e7 Ak\u0131\u015f\u0131<\/h3>\n<p>A\u00e7\u0131c\u0131 - Besleme - Do\u011frultma - \u00d6n delme - Rulo \u015eekillendirme - Kesme - \u00c7\u0131k\u0131\u015f Raf\u0131<\/p>\n<h3>Makine Konfig\u00fcrasyonlar\u0131<\/h3>\n<div>\n<table>\n<tbody>\n<tr>\n<td>1. 3T \u00d7 500mm Hidrolik A\u00e7\u0131c\u0131<\/td>\n<td>2. Besleme Cihaz\u0131<\/td>\n<\/tr>\n<tr>\n<td>3. Do\u011frultma<\/td>\n<td>4. \u00d6n Delme Cihaz\u0131<\/td>\n<\/tr>\n<tr>\n<td>5. Rulo \u015eekillendirme Makinesi<\/td>\n<td>6. Hidrolik Kesme Makinesi<\/td>\n<\/tr>\n<tr>\n<td>7. PLC Kontrol Sistemi<\/td>\n<td>8. \u00c7\u0131k\u0131\u015f Raf\u0131<\/td>\n<\/tr>\n<\/tbody>\n<\/table>\n<\/div>","protected":false},"excerpt":{"rendered":"<p>\u00dcz\u00fcm ba\u011flar\u0131 sonras\u0131 Rulo \u015eekillendirme Makinesi Ad\u0131: \u00dcz\u00fcm ba\u011flar\u0131 sonras\u0131 Rulo \u015eekillendirme Makinesi Model: YX Serisi \u00c7e\u015fitli profillere sahip farkl\u0131 t\u00fcrde \u00fcz\u00fcm ba\u011flar\u0131 direkleri tedarik edebiliriz. Ayr\u0131ca \u00f6zelle\u015ftirilmi\u015f makineler de tedarik edebiliriz.<\/p>","protected":false},"featured_media":1100,"comment_status":"open","ping_status":"closed","template":"","meta":{"_acf_changed":false},"product_brand":[],"product_cat":[52,69],"product_tag":[],"class_list":{"0":"post-1099","1":"product","2":"type-product","3":"status-publish","4":"has-post-thumbnail","6":"product_cat-steel-structure","7":"product_cat-vineyard-post-roll-forming-machine","9":"first","10":"instock","11":"shipping-taxable","12":"product-type-simple"},"acf":[],"_links":{"self":[{"href":"https:\/\/swforming.com\/tr\/wp-json\/wp\/v2\/product\/1099","targetHints":{"allow":["GET"]}}],"collection":[{"href":"https:\/\/swforming.com\/tr\/wp-json\/wp\/v2\/product"}],"about":[{"href":"https:\/\/swforming.com\/tr\/wp-json\/wp\/v2\/types\/product"}],"replies":[{"embeddable":true,"href":"https:\/\/swforming.com\/tr\/wp-json\/wp\/v2\/comments?post=1099"}],"version-history":[{"count":0,"href":"https:\/\/swforming.com\/tr\/wp-json\/wp\/v2\/product\/1099\/revisions"}],"wp:featuredmedia":[{"embeddable":true,"href":"https:\/\/swforming.com\/tr\/wp-json\/wp\/v2\/media\/1100"}],"wp:attachment":[{"href":"https:\/\/swforming.com\/tr\/wp-json\/wp\/v2\/media?parent=1099"}],"wp:term":[{"taxonomy":"product_brand","embeddable":true,"href":"https:\/\/swforming.com\/tr\/wp-json\/wp\/v2\/product_brand?post=1099"},{"taxonomy":"product_cat","embeddable":true,"href":"https:\/\/swforming.com\/tr\/wp-json\/wp\/v2\/product_cat?post=1099"},{"taxonomy":"product_tag","embeddable":true,"href":"https:\/\/swforming.com\/tr\/wp-json\/wp\/v2\/product_tag?post=1099"}],"curies":[{"name":"wp","href":"https:\/\/api.w.org\/{rel}","templated":true}]}}