{"id":1092,"date":"2022-09-29T09:22:17","date_gmt":"2022-09-29T09:22:17","guid":{"rendered":"https:\/\/swforming.com\/?post_type=product&#038;p=1092"},"modified":"2023-06-21T06:52:35","modified_gmt":"2023-06-21T06:52:35","slug":"ridge-cap-roll-forming-machine-2","status":"publish","type":"product","link":"https:\/\/swforming.com\/tr\/product\/ridge-cap-roll-forming-machine-2\/","title":{"rendered":"S\u0131rt Kapa\u011f\u0131 rulo \u015fekillendirme makinesi"},"content":{"rendered":"<h3>Panel Profili<\/h3>\n<p><img fetchpriority=\"high\" decoding=\"async\" class=\"alignnone wp-image-901 size-full\" src=\"https:\/\/swforming.com\/wp-content\/uploads\/2022\/09\/Panel-profile.jpg\" alt=\"S\u0131rt Kapa\u011f\u0131 rulo \u015fekillendirme makinesi\" width=\"800\" height=\"600\" title=\"\" srcset=\"https:\/\/swforming.com\/wp-content\/uploads\/2022\/09\/Panel-profile.jpg 800w, https:\/\/swforming.com\/wp-content\/uploads\/2022\/09\/Panel-profile-600x450.jpg 600w, https:\/\/swforming.com\/wp-content\/uploads\/2022\/09\/Panel-profile-300x225.jpg 300w, https:\/\/swforming.com\/wp-content\/uploads\/2022\/09\/Panel-profile-768x576.jpg 768w\" sizes=\"(max-width: 800px) 100vw, 800px\" \/><\/p>\n<h3>Ridge Cap rulo \u015fekillendirme makinesi Teknik Parametre<\/h3>\n<ol>\n<li>Metaldecoiler\uff1amanuel geni\u015fleyen\uff0cpasif bobin a\u00e7ma, i\u00e7 \u00c7ap. 508mm<\/li>\n<li>A\u00e7\u0131c\u0131n\u0131n a\u011f\u0131rl\u0131k kapasitesi: 3T<\/li>\n<li>makine sehpas\u0131: kaynakl\u0131 \"\u5de5\" \u015feklinde \u00e7elik<\/li>\n<li>\u015fekillendirme makinesi tipi \uff1a zincir iletimli duvar tahtas\u0131 tipi<\/li>\n<li>\u015faft \u00e7ap\u0131: \uffe075\u339c<\/li>\n<li>Zincir:16A<\/li>\n<li>\u015fekillendirme makinesinin motor g\u00fcc\u00fc\uff1a5 KW<\/li>\n<li>hidrolik istasyon motoru \uff1a 3KW<\/li>\n<li>\u015fekillendirme h\u0131z\u0131\uff1a10-15 m\/dak<\/li>\n<li>rulo istasyonu\uff1a13 istasyon<\/li>\n<li>silindir malzemesi \uff1a y\u00fcksek dereceli 45\uff03 \u00e7elik<\/li>\n<li>silindir y\u00fczeyi 0,05 mm kal\u0131nl\u0131\u011f\u0131nda krom ile kaplanm\u0131\u015ft\u0131r<\/li>\n<li>kesme t\u00fcr\u00fc\uff1ahidrolik kesme<\/li>\n<li>Kesme b\u0131\u00e7a\u011f\u0131 malzemesi \uff1aCr12 kal\u0131p \u00e7eli\u011fi<\/li>\n<li>Kesme b\u0131\u00e7a\u011f\u0131n\u0131n \u0131s\u0131l i\u015flemi: HRC58\u00b0-60\u00b0<\/li>\n<li>\u00e7elik bobin kal\u0131nl\u0131\u011f\u0131\uff1a3-0.8mm<\/li>\n<li>uzunluk tolerans\u0131\uff1a10\u00b12mm<\/li>\n<li>d\u00f6n\u00fc\u015ft\u00fcr\u00fcc\u00fc: Japonya YASKAWA<\/li>\n<li>bilgisayar Panasonic PLC kullan\u0131r<\/li>\n<li>bilgisayar i\u015fletim kart\u0131 Dokunmatik ekran\u0131 benimser<\/li>\n<li>Voltaj: 380V 3 faz 50HZ veya al\u0131c\u0131n\u0131n ihtiyac\u0131na g\u00f6re<\/li>\n<\/ol>\n<h3>S\u0131rt Kapa\u011f\u0131 rulo \u015fekillendirme makinesi Teknik S\u00fcre\u00e7<\/h3>\n<p>Manuel a\u00e7\u0131c\u0131\u2192 k\u0131lavuzlu besleme\u2192 rulo \u015fekillendirme\u2192 sabit uzunlukta kesim\u2192 tablal\u0131 \u00e7\u0131k\u0131\u015f<\/p>\n<p><strong>Ak\u0131\u015f \u015femas\u0131<\/strong><\/p>\n<p><img decoding=\"async\" class=\"alignnone size-full wp-image-903\" src=\"https:\/\/swforming.com\/wp-content\/uploads\/2022\/09\/0b402198-b876-4f86-a6b6-a24aeff4f3c4.jpg\" alt=\"\" width=\"800\" height=\"173\" title=\"\" srcset=\"https:\/\/swforming.com\/wp-content\/uploads\/2022\/09\/0b402198-b876-4f86-a6b6-a24aeff4f3c4.jpg 800w, https:\/\/swforming.com\/wp-content\/uploads\/2022\/09\/0b402198-b876-4f86-a6b6-a24aeff4f3c4-600x130.jpg 600w, https:\/\/swforming.com\/wp-content\/uploads\/2022\/09\/0b402198-b876-4f86-a6b6-a24aeff4f3c4-300x65.jpg 300w, https:\/\/swforming.com\/wp-content\/uploads\/2022\/09\/0b402198-b876-4f86-a6b6-a24aeff4f3c4-768x166.jpg 768w\" sizes=\"(max-width: 800px) 100vw, 800px\" \/><\/p>\n<p><img decoding=\"async\" class=\"alignnone wp-image-904 size-full\" src=\"https:\/\/swforming.com\/wp-content\/uploads\/2022\/09\/f5da1f78-3154-47aa-a4bc-bb1aa01602ab.jpg\" alt=\"S\u0131rt Kapa\u011f\u0131 rulo \u015fekillendirme makinesi\" width=\"800\" height=\"450\" title=\"\" srcset=\"https:\/\/swforming.com\/wp-content\/uploads\/2022\/09\/f5da1f78-3154-47aa-a4bc-bb1aa01602ab.jpg 800w, https:\/\/swforming.com\/wp-content\/uploads\/2022\/09\/f5da1f78-3154-47aa-a4bc-bb1aa01602ab-600x338.jpg 600w, https:\/\/swforming.com\/wp-content\/uploads\/2022\/09\/f5da1f78-3154-47aa-a4bc-bb1aa01602ab-300x169.jpg 300w, https:\/\/swforming.com\/wp-content\/uploads\/2022\/09\/f5da1f78-3154-47aa-a4bc-bb1aa01602ab-768x432.jpg 768w\" sizes=\"(max-width: 800px) 100vw, 800px\" \/><\/p>\n<h3>Ekipman<\/h3>\n<p>Manuel a\u00e7\u0131c\u0131\u3001ana \u015fekillendirme makinesi\u3001hidrolik kesme cihaz\u0131\u3001hidrolik istasyon\u3001PLC bilgisayar kontrol\u00fc\u3001\u00e7\u0131k\u0131\u015f tablosu<\/p>\n<p><strong>\u00dcretim zaman\u0131:\u00a0<\/strong>Yat\u0131r\u0131ld\u0131ktan sonra 30-35 g\u00fcn<\/p>\n<h3>mahya kapa\u011f\u0131 kiremit rulo \u015fekillendirme makinesi nedir?<\/h3>\n<p>S\u0131rt kapa\u011f\u0131 kiremit rulo \u015fekillendirme makinesi, in\u015faat sekt\u00f6r\u00fcnde s\u0131rt kapa\u011f\u0131 kiremitleri \u00fcretmek i\u00e7in kullan\u0131lan \u00f6zel bir ekipman par\u00e7as\u0131d\u0131r. S\u0131rt kapa\u011f\u0131 kiremitleri, \u00e7at\u0131 sistemlerinde iki e\u011fimli taraf\u0131n birle\u015fti\u011fi bir \u00e7at\u0131n\u0131n s\u0131rt\u0131n\u0131 veya zirvesini \u00f6rtmek i\u00e7in yayg\u0131n olarak kullan\u0131l\u0131r.<\/p>\n<p>Rulo \u015fekillendirme makinesi, s\u00fcrekli bir s\u00fcre\u00e7te s\u0131rt kapa\u011f\u0131 karolar\u0131 \u00fcretmek i\u00e7in tasarlanm\u0131\u015ft\u0131r. Tipik olarak metal veya di\u011fer malzemeyi istenen profile g\u00f6re \u015fekillendiren bir dizi silindir ve aletten olu\u015fur. Makine d\u00fcz levhalar veya malzeme rulolar\u0131 al\u0131r ve bunlar\u0131 bir dizi rulo istasyonundan ge\u00e7irir, burada malzeme kademeli olarak mahya kapa\u011f\u0131 karo \u015fekline d\u00f6n\u00fc\u015ft\u00fcr\u00fcl\u00fcr.<\/p>\n<p>Rulo \u015fekillendirme i\u015flemi, d\u00fcz malzemeyi kademeli olarak nihai mahya kapa\u011f\u0131 karo profiline d\u00f6n\u00fc\u015ft\u00fcren bir dizi a\u015famal\u0131 olarak \u015fekillendirilmi\u015f rulo boyunca malzemenin b\u00fck\u00fclmesini i\u00e7erir. Makine ayr\u0131ca, mahya kapa\u011f\u0131 karolar\u0131 \u00fczerinde belirli \u00f6zellikler veya tasar\u0131mlar olu\u015fturmak i\u00e7in kesme, delme ve kabartma gibi ek i\u015flemler de i\u00e7erebilir.<\/p>\n<p>Mahya kapa\u011f\u0131 kiremit rulo \u015fekillendirme makinesi son derece verimlidir ve b\u00fcy\u00fck miktarlarda mahya kapa\u011f\u0131 kiremitlerinin h\u0131zl\u0131 ve hassas bir \u015fekilde \u00fcretilmesini sa\u011flar. Genellikle \u00e7at\u0131 malzemesi \u00fcreticileri veya m\u00fcteahhitler taraf\u0131ndan \u00e7e\u015fitli in\u015faat projeleri i\u00e7in mahya kiremitleri \u00fcretmek i\u00e7in kullan\u0131l\u0131r.<\/p>\n<h3>\u00e7at\u0131 mahya kapa\u011f\u0131 rulo \u015fekillendirme makinesi uygulamas\u0131<\/h3>\n<p>\u00c7at\u0131 mahya kapa\u011f\u0131 rulo \u015fekillendirme makinesi, \u00f6ncelikle \u00e7at\u0131 sistemlerinde \u00f6nemli bir i\u015flev g\u00f6ren mahya kapa\u011f\u0131 kiremitlerinin \u00fcretimi i\u00e7in kullan\u0131l\u0131r. Mahya kiremitleri, koruyucu bir kaplama sa\u011flamak ve yap\u0131n\u0131n estetik \u00e7ekicili\u011fini art\u0131rmak i\u00e7in bir \u00e7at\u0131n\u0131n s\u0131rtlar\u0131 veya zirveleri boyunca monte edilir. \u0130\u015fte \u00e7at\u0131 mahya kapa\u011f\u0131 rulo \u015fekillendirme makinesinin baz\u0131 uygulamalar\u0131:<\/p>\n<ol>\n<li>Konut \u00e7at\u0131 kaplamas\u0131: Makine, evler, apartmanlar ve apartman daireleri dahil olmak \u00fczere konut binalar\u0131 i\u00e7in mahya kapa\u011f\u0131 kiremitlerinin \u00fcretiminde yayg\u0131n olarak kullan\u0131lmaktad\u0131r. \u00c7at\u0131 sisteminin stiline ve tasar\u0131m\u0131na uyan mahya kapaklar\u0131n\u0131n \u00fcretilmesini sa\u011flayarak \u00e7at\u0131ya bitmi\u015f bir g\u00f6r\u00fcn\u00fcm kazand\u0131r\u0131r.<\/li>\n<li>Ticari ve end\u00fcstriyel \u00e7at\u0131 kaplamalar\u0131: Rulo \u015fekillendirme makinesi ayr\u0131ca ofisler, fabrikalar, depolar ve al\u0131\u015fveri\u015f merkezleri gibi ticari ve end\u00fcstriyel binalar i\u00e7in mahya kapa\u011f\u0131 kiremitlerinin \u00fcretiminde de kullan\u0131l\u0131r. Bu yap\u0131lar genellikle \u00f6zel tasar\u0131m gereksinimlerini kar\u015f\u0131lamak i\u00e7in \u00f6zelle\u015ftirilmi\u015f mahya kiremitleri gerektirir.<\/li>\n<li>\u00c7at\u0131 kaplama malzemesi \u00fcretimi: \u00c7at\u0131 kaplama malzemesi \u00fcreticileri, \u00fcr\u00fcn yelpazelerinin bir par\u00e7as\u0131 olarak mahya kapa\u011f\u0131 kiremitleri \u00fcretmek i\u00e7in mahya kapa\u011f\u0131 rulo \u015fekillendirme makinesini kullan\u0131r. Pazar\u0131n \u00e7e\u015fitli ihtiya\u00e7lar\u0131n\u0131 kar\u015f\u0131lamak i\u00e7in \u00e7ok \u00e7e\u015fitli mahya profilleri, malzemeleri ve y\u00fczeyleri sunabilirler.<\/li>\n<li>\u00c7at\u0131 kaplama m\u00fcteahhitleri: \u00c7at\u0131 m\u00fcteahhitleri, montaj projeleri i\u00e7in mahya kapa\u011f\u0131 kiremitlerini imal etmek \u00fczere makineyi kullan\u0131r. Bu makine, mahya kapaklar\u0131n\u0131 yerinde \u00fcretmelerine veya \u00fcreticilerden temin etmelerine olanak tan\u0131yarak \u00e7at\u0131 kaplama sistemi i\u00e7in hassas bir uyum ve tutarl\u0131 bir kalite sa\u011flar.<\/li>\n<li>\u00c7at\u0131 tadilatlar\u0131 ve onar\u0131mlar\u0131: \u00c7at\u0131 tadilatlar\u0131 veya onar\u0131mlar\u0131 s\u0131ras\u0131nda, mahya kapa\u011f\u0131 rulo \u015fekillendirme makinesi, mevcut olanlarla e\u015fle\u015fen yedek mahya kapa\u011f\u0131 kiremitleri \u00fcretmek i\u00e7in kullan\u0131labilir. Bu, hava ko\u015fullar\u0131na kar\u015f\u0131 uygun koruma sa\u011flarken \u00e7at\u0131n\u0131n genel g\u00f6rsel uyumunun korunmas\u0131na yard\u0131mc\u0131 olur.<\/li>\n<\/ol>\n<p>Genel olarak, \u00e7at\u0131 mahya kapa\u011f\u0131 rulo \u015fekillendirme makinesi, \u00e7at\u0131 kaplama projelerinin hem imalat hem de montaj a\u015famalar\u0131nda uygulama alan\u0131 bularak, \u00e7e\u015fitli bina t\u00fcrleri i\u00e7in mahya kapa\u011f\u0131 kiremitlerinin verimli \u00fcretimini, \u00f6zelle\u015ftirilmesini ve bak\u0131m\u0131n\u0131 sa\u011flar.<\/p>\n<p>&nbsp;<\/p>","protected":false},"excerpt":{"rendered":"<p>Panel Profile Ridge Cap roll forming machine Technical Parameter Metaldecoiler\uff1amanual\u00a0expanding\uff0cpassive\u00a0uncoil, inner Dia. 508mm weight capacity of decoiler:3T machine stand: welded \u201c\u5de5\u201d shape steel type of forming machine\uff1awallboard type with chain transmission diameter of shaft: \uffe075\u339c chain:16A motor power of forming machine\uff1a5 KW motor of hydraulic station\uff1a3KW forming speed\uff1a10-15 m\/min roll station\uff1a13stations material of roller\uff1a high-grade [&hellip;]<\/p>\n","protected":false},"featured_media":1095,"comment_status":"open","ping_status":"closed","template":"","meta":{"_acf_changed":false},"product_brand":[],"product_cat":[45,83],"product_tag":[],"class_list":{"0":"post-1092","1":"product","2":"type-product","3":"status-publish","4":"has-post-thumbnail","6":"product_cat-metal-wall-roofing","7":"product_cat-ridge-cap-roll-forming-machine","9":"first","10":"instock","11":"shipping-taxable","12":"product-type-simple"},"acf":[],"_links":{"self":[{"href":"https:\/\/swforming.com\/tr\/wp-json\/wp\/v2\/product\/1092","targetHints":{"allow":["GET"]}}],"collection":[{"href":"https:\/\/swforming.com\/tr\/wp-json\/wp\/v2\/product"}],"about":[{"href":"https:\/\/swforming.com\/tr\/wp-json\/wp\/v2\/types\/product"}],"replies":[{"embeddable":true,"href":"https:\/\/swforming.com\/tr\/wp-json\/wp\/v2\/comments?post=1092"}],"version-history":[{"count":3,"href":"https:\/\/swforming.com\/tr\/wp-json\/wp\/v2\/product\/1092\/revisions"}],"predecessor-version":[{"id":3296,"href":"https:\/\/swforming.com\/tr\/wp-json\/wp\/v2\/product\/1092\/revisions\/3296"}],"wp:featuredmedia":[{"embeddable":true,"href":"https:\/\/swforming.com\/tr\/wp-json\/wp\/v2\/media\/1095"}],"wp:attachment":[{"href":"https:\/\/swforming.com\/tr\/wp-json\/wp\/v2\/media?parent=1092"}],"wp:term":[{"taxonomy":"product_brand","embeddable":true,"href":"https:\/\/swforming.com\/tr\/wp-json\/wp\/v2\/product_brand?post=1092"},{"taxonomy":"product_cat","embeddable":true,"href":"https:\/\/swforming.com\/tr\/wp-json\/wp\/v2\/product_cat?post=1092"},{"taxonomy":"product_tag","embeddable":true,"href":"https:\/\/swforming.com\/tr\/wp-json\/wp\/v2\/product_tag?post=1092"}],"curies":[{"name":"wp","href":"https:\/\/api.w.org\/{rel}","templated":true}]}}