{"id":1086,"date":"2022-09-29T09:17:36","date_gmt":"2022-09-29T09:17:36","guid":{"rendered":"https:\/\/swforming.com\/?post_type=product&#038;p=1086"},"modified":"2023-06-20T06:59:45","modified_gmt":"2023-06-20T06:59:45","slug":"omega-purlin-roll-forming-machine","status":"publish","type":"product","link":"https:\/\/swforming.com\/tr\/product\/omega-purlin-roll-forming-machine\/","title":{"rendered":"Omega A\u015f\u0131k Rulo \u015eekillendirme Makinesi"},"content":{"rendered":"<h3>Makine \u00d6zellikleri<\/h3>\n<p>Ayr\u0131ca M profil (Omega olarak da adland\u0131r\u0131l\u0131r) rulo \u015fekillendirme makinesi ve E profil gibi di\u011ferlerini de tedarik edebiliriz.<\/p>\n<h3>Omega A\u015f\u0131k Rulo \u015eekillendirme Makinesi Uygulamalar\u0131<\/h3>\n<p>Bitmi\u015f \u00fcr\u00fcnler, fabrika, depo, garaj, sergi merkezi, sinema, tiyatro, bah\u00e7e ve benzeri gibi b\u00fcy\u00fck \u00f6l\u00e7ekli ve orta \u00f6l\u00e7ekli in\u015faatlarda \u00e7at\u0131 ve duvar destek\u00e7isi olarak yayg\u0131n \u015fekilde kullan\u0131lmaktad\u0131r.<\/p>\n<h3>S\u00fcre\u00e7 Ak\u0131\u015f\u0131<\/h3>\n<p>A\u00e7\u0131c\u0131 - Besleme - Do\u011frultma - \u00d6n delme - Rulo \u015eekillendirme - Kesme - \u00c7\u0131k\u0131\u015f Raf\u0131<\/p>\n<h3>Makine Konfig\u00fcrasyonlar\u0131<\/h3>\n<div>\n<table>\n<tbody>\n<tr>\n<td data-sheets-value=\"{&quot;1&quot;:2,&quot;2&quot;:&quot;1. 3T \u00d7 500mm Hydraulic Uncoiler&quot;}\">1. 3T \u00d7 500mm Hidrolik A\u00e7\u0131c\u0131<\/td>\n<td data-sheets-value=\"{&quot;1&quot;:2,&quot;2&quot;:&quot;2. Feeding Device&quot;}\">\n<div>\n<div>2. Besleme Cihaz\u0131<\/div>\n<\/div>\n<\/td>\n<\/tr>\n<tr>\n<td data-sheets-value=\"{&quot;1&quot;:2,&quot;2&quot;:&quot;3. Straightening&quot;}\">3. Do\u011frultma<\/td>\n<td data-sheets-value=\"{&quot;1&quot;:2,&quot;2&quot;:&quot;4. Pre-punching Device&quot;}\">\n<div>\n<div>4. \u00d6n Delme Cihaz\u0131<\/div>\n<\/div>\n<\/td>\n<\/tr>\n<tr>\n<td data-sheets-value=\"{&quot;1&quot;:2,&quot;2&quot;:&quot;5. Roll Forming Machine&quot;}\">5. Rulo \u015eekillendirme Makinesi<\/td>\n<td data-sheets-value=\"{&quot;1&quot;:2,&quot;2&quot;:&quot;6. Hydraulic Cutting Machine&quot;}\">6. Hidrolik Kesme Makinesi<\/td>\n<\/tr>\n<tr>\n<td data-sheets-value=\"{&quot;1&quot;:2,&quot;2&quot;:&quot;7. PLC Control System&quot;}\">7. PLC Kontrol Sistemi<\/td>\n<td data-sheets-value=\"{&quot;1&quot;:2,&quot;2&quot;:&quot;8. Exit Rack&quot;}\">8. \u00c7\u0131k\u0131\u015f Raf\u0131<\/td>\n<\/tr>\n<\/tbody>\n<\/table>\n<h3>Omega profil rulo \u015fekillendirme makinesi nedir?<\/h3>\n<p>Omega profil rulo \u015fekillendirme makinesi, rulo \u015fekillendirme ad\u0131 verilen bir i\u015flemle omega profillerin \u00fcretimi i\u00e7in kullan\u0131lan \u00f6zel bir end\u00fcstriyel ekipmand\u0131r. Omega kanallar veya omega kesitler olarak da bilinen omega profiller, in\u015faat, otomotiv ve raf sistemleri gibi \u00e7e\u015fitli end\u00fcstrilerde yayg\u0131n olarak kullan\u0131lmaktad\u0131r.<\/p>\n<p>Rulo \u015fekillendirme i\u015flemi, malzemeyi kademeli olarak istenen omega profiline \u015fekillendiren bir dizi silindir arac\u0131l\u0131\u011f\u0131yla s\u00fcrekli bir metal \u015feridin (genellikle \u00e7elik veya al\u00fcminyum) beslenmesini i\u00e7erir. Makine tipik olarak bir dizi ayarlanabilir silindir, kesme mekanizmas\u0131 ve kontrol sisteminden olu\u015fur.<\/p>\n<p>Omega profil rulo \u015fekillendirme makinesi, uygulaman\u0131n \u00f6zel gereksinimlerine g\u00f6re farkl\u0131 boyutlarda, ebatlarda ve konfig\u00fcrasyonlarda omega profiller \u00fcretecek \u015fekilde \u00f6zelle\u015ftirilebilir. Makine, omega profillerin tutarl\u0131 kalite ve hassasiyetle verimli ve y\u00fcksek hacimli \u00fcretimine olanak tan\u0131r.<\/p>\n<p>Omega profiller genellikle mukavemet, sertlik ve y\u00fck ta\u015f\u0131ma \u00f6zelliklerinin \u00e7ok \u00f6nemli oldu\u011fu yap\u0131sal uygulamalar i\u00e7in kullan\u0131l\u0131r. Her iki tarafta flan\u015flar ve flan\u015flar\u0131 ba\u011flayan bir orta a\u011f i\u00e7eren ay\u0131rt edici bir \"omega\" veya \"U\" \u015fekli ile tasarlanm\u0131\u015ft\u0131r. Bu profiller m\u00fckemmel destek, stabilite ve b\u00fck\u00fclme veya deformasyona kar\u015f\u0131 diren\u00e7 sa\u011flar.<\/p>\n<p>\u00d6zetle, bir omega profil rulo \u015fekillendirme makinesi, yap\u0131sal \u00f6zellikleri ve \u00e7ok y\u00f6nl\u00fcl\u00fc\u011f\u00fc nedeniyle \u00e7e\u015fitli end\u00fcstrilerde yayg\u0131n olarak kullan\u0131lan omega profillerin verimli ve hassas \u00fcretimi i\u00e7in kullan\u0131lan \u00f6zel bir \u00fcretim ekipman\u0131d\u0131r.<\/p>\n<h3>\u00c7in'de en iyi 5 a\u015f\u0131k rulo \u015fekillendirme makinesi \u00fcreticisi<\/h3>\n<ol>\n<li>Hangzhou Roll Forming Technology Co, Ltd.<\/li>\n<li>Cangzhou Zhongde Machinery Co, Ltd.<\/li>\n<li>Liming Stamping Form Machine Co, Ltd.<\/li>\n<li>Xiamen Bogong Machinery Manufacturing Co, Ltd.<\/li>\n<li>Shanghai Zhanzhi Industrial Group Co, Ltd.<\/li>\n<\/ol>\n<h3>sat\u0131l\u0131k a\u015f\u0131k rulo \u015fekillendirme makinesi fiyat\u0131<\/h3>\n<p>Bir yapay zeka dil modeli olarak, konum, \u00fcretici, teknik \u00f6zellikler ve piyasa ko\u015fullar\u0131 gibi \u00e7e\u015fitli fakt\u00f6rlere ba\u011fl\u0131 olarak de\u011fi\u015febilece\u011finden, belirli \u00fcr\u00fcn fiyatlar\u0131 hakk\u0131nda ger\u00e7ek zamanl\u0131 bilgiye sahip de\u011filim. Bununla birlikte, size a\u015f\u0131k rulo \u015fekillendirme makineleri hakk\u0131nda baz\u0131 genel bilgiler sa\u011flayabilirim.<\/p>\n<p>A\u015f\u0131k rulo \u015fekillendirme makineleri, tipik olarak \u00e7at\u0131 ve duvar yap\u0131m\u0131nda kullan\u0131lan yap\u0131sal bile\u015fenler olan a\u015f\u0131klar\u0131 \u00fcretmek i\u00e7in kullan\u0131l\u0131r. Bir a\u015f\u0131k rulo \u015fekillendirme makinesinin fiyat\u0131, boyutu, kapasitesi, \u00f6zellikleri ve \u00fcretici veya tedarik\u00e7i gibi fakt\u00f6rlere ba\u011fl\u0131 olabilir.<\/p>\n<p>A\u015f\u0131k rulo \u015fekillendirme makinesi i\u00e7in do\u011fru bir fiyat almak i\u00e7in, rulo \u015fekillendirme makineleri konusunda uzmanla\u015fm\u0131\u015f yerel \u00fcreticiler, tedarik\u00e7iler veya distrib\u00fct\u00f6rlerle ileti\u015fime ge\u00e7menizi tavsiye ederim. Size \u00f6zel gereksinimlerinize g\u00f6re en g\u00fcncel fiyat bilgilerini sa\u011flayabilirler.<\/p>\n<p>Ayr\u0131ca, a\u015f\u0131k rulo \u015fekillendirme makinelerinin fiyat aral\u0131\u011f\u0131 hakk\u0131nda bir fikir edinmek i\u00e7in \u00e7evrimi\u00e7i end\u00fcstriyel makine pazarlar\u0131n\u0131 ara\u015ft\u0131rabilir veya sekt\u00f6r profesyonellerine dan\u0131\u015fabilirsiniz. Ayr\u0131ca, sat\u0131n alma karar\u0131 verirken garanti, sat\u0131\u015f sonras\u0131 hizmet ve m\u00fc\u015fteri yorumlar\u0131 gibi fakt\u00f6rleri de g\u00f6z \u00f6n\u00fcnde bulundurun.<\/p>\n<p>Fiyatlar\u0131n \u00f6nemli \u00f6l\u00e7\u00fcde de\u011fi\u015febilece\u011fini unutmay\u0131n, bu nedenle en do\u011fru ve g\u00fcncel bilgileri almak i\u00e7in do\u011frudan tedarik\u00e7ilerden teklif almak en iyisidir.<\/p>\n<\/div>","protected":false},"excerpt":{"rendered":"<p>Omega A\u015f\u0131k Rulo \u015eekillendirme Makinesi Ad\u0131: Omega A\u015f\u0131k Rulo \u015eekillendirme Makinesi Model: YX Serisi M profil (Omega olarak da adland\u0131r\u0131l\u0131r) rulo \u015fekillendirme makinesini ve E profil gibi di\u011ferlerini a\u015f\u0131k \u00e7al\u0131\u015fmas\u0131 olarak tedarik edebiliriz. Ayr\u0131ca \u00f6zelle\u015ftirilmi\u015f makineler de tedarik edebiliriz.<\/p>","protected":false},"featured_media":1088,"comment_status":"open","ping_status":"closed","template":"","meta":{"_acf_changed":false},"product_brand":[],"product_cat":[114,73,52],"product_tag":[],"class_list":{"0":"post-1086","1":"product","2":"type-product","3":"status-publish","4":"has-post-thumbnail","6":"product_cat-roll-former","7":"product_cat-sigma-purlin-roll-forming-machine","8":"product_cat-steel-structure","10":"first","11":"instock","12":"shipping-taxable","13":"product-type-simple"},"acf":[],"_links":{"self":[{"href":"https:\/\/swforming.com\/tr\/wp-json\/wp\/v2\/product\/1086","targetHints":{"allow":["GET"]}}],"collection":[{"href":"https:\/\/swforming.com\/tr\/wp-json\/wp\/v2\/product"}],"about":[{"href":"https:\/\/swforming.com\/tr\/wp-json\/wp\/v2\/types\/product"}],"replies":[{"embeddable":true,"href":"https:\/\/swforming.com\/tr\/wp-json\/wp\/v2\/comments?post=1086"}],"version-history":[{"count":3,"href":"https:\/\/swforming.com\/tr\/wp-json\/wp\/v2\/product\/1086\/revisions"}],"predecessor-version":[{"id":3274,"href":"https:\/\/swforming.com\/tr\/wp-json\/wp\/v2\/product\/1086\/revisions\/3274"}],"wp:featuredmedia":[{"embeddable":true,"href":"https:\/\/swforming.com\/tr\/wp-json\/wp\/v2\/media\/1088"}],"wp:attachment":[{"href":"https:\/\/swforming.com\/tr\/wp-json\/wp\/v2\/media?parent=1086"}],"wp:term":[{"taxonomy":"product_brand","embeddable":true,"href":"https:\/\/swforming.com\/tr\/wp-json\/wp\/v2\/product_brand?post=1086"},{"taxonomy":"product_cat","embeddable":true,"href":"https:\/\/swforming.com\/tr\/wp-json\/wp\/v2\/product_cat?post=1086"},{"taxonomy":"product_tag","embeddable":true,"href":"https:\/\/swforming.com\/tr\/wp-json\/wp\/v2\/product_tag?post=1086"}],"curies":[{"name":"wp","href":"https:\/\/api.w.org\/{rel}","templated":true}]}}