{"id":1082,"date":"2022-09-29T09:10:15","date_gmt":"2022-09-29T09:10:15","guid":{"rendered":"https:\/\/swforming.com\/?post_type=product&#038;p=1082"},"modified":"2023-06-16T06:21:23","modified_gmt":"2023-06-16T06:21:23","slug":"keel-steel-roll-forming-machine","status":"publish","type":"product","link":"https:\/\/swforming.com\/tr\/product\/keel-steel-roll-forming-machine\/","title":{"rendered":"Salma \u00c7elik Rulo \u015eekillendirme Makinesi"},"content":{"rendered":"<h3>Salma \u00c7elik Rulo \u015eekillendirme Makinesi<\/h3>\n<p>Keel \/ Makas \u00c7elik Rulo \u015eekillendirme Makinesi Ad\u0131: Keel \/ Makas \u00c7elik Rulo \u015eekillendirme Makinesi Model: YX Serisi K\u00fc\u00e7\u00fck boyutlu, ta\u015f\u0131mas\u0131 kolay salma \/ makas \u00e7elik rulo \u015fekillendirme makinesi. H\u0131z 60m \/ dak.transmission'a kadar \u00e7\u0131kabilir, bu nedenle \u00e7al\u0131\u015fma daha kararl\u0131 olacakt\u0131r. \u00d6zelle\u015ftirilmi\u015f makineleri de tedarik edebiliriz.<\/p>\n<p>Ayr\u0131ca \u00f6zelle\u015ftirilmi\u015f makineler de tedarik edebiliriz.<\/p>\n<h3>Salma \u00c7elik Rulo \u015eekillendirme Makinesi \u00d6zellikleri<\/h3>\n<p>K\u00fc\u00e7\u00fck boyutlu, ta\u015f\u0131mas\u0131 kolay salma \/ kafes \u00e7elik rulo \u015fekillendirme makinesi. H\u0131z 60m\/dak'ya kadar \u00e7\u0131kabilir.<\/p>\n<h3>Uygulamalar<\/h3>\n<p>Bitmi\u015f \u00fcr\u00fcnler dekorasyon, i\u00e7 dekorasyon vb. alanlarda yayg\u0131n olarak kullan\u0131lmaktad\u0131r.<\/p>\n<h3>S\u00fcre\u00e7 Ak\u0131\u015f\u0131<\/h3>\n<p>A\u00e7\u0131c\u0131 - Besleme - Tesviye - Delme - Rulo \u015eekillendirme - Palet Kesme - \u00c7\u0131k\u0131\u015f Tablas\u0131<\/p>\n<h3>Makine Konfig\u00fcrasyonlar\u0131<\/h3>\n<div>\n<table>\n<tbody>\n<tr>\n<td data-sheets-value=\"{&quot;1&quot;:2,&quot;2&quot;:&quot;1. 3T Hydraulic Decoiler&quot;}\">1. 3T Hidrolik A\u00e7\u0131c\u0131<\/td>\n<td data-sheets-value=\"{&quot;1&quot;:2,&quot;2&quot;:&quot;2. Feeding Device&quot;}\">\n<div>\n<div>2. Besleme Cihaz\u0131<\/div>\n<\/div>\n<\/td>\n<\/tr>\n<tr>\n<td data-sheets-value=\"{&quot;1&quot;:2,&quot;2&quot;:&quot;3. Servo Feeding and Punching Machine&quot;}\">3. Servo Besleme ve Delme Makinesi<\/td>\n<td data-sheets-value=\"{&quot;1&quot;:2,&quot;2&quot;:&quot;4. Roll Forming Machine&quot;}\">\n<div>\n<div>4. Rulo \u015eekillendirme Makinesi<\/div>\n<\/div>\n<\/td>\n<\/tr>\n<tr>\n<td data-sheets-value=\"{&quot;1&quot;:2,&quot;2&quot;:&quot;5. Track Cutting System&quot;}\">5. Palet Kesme Sistemi<\/td>\n<td data-sheets-value=\"{&quot;1&quot;:2,&quot;2&quot;:&quot;6. Control Panel&quot;}\">6. Kontrol Paneli<\/td>\n<\/tr>\n<tr>\n<td data-sheets-value=\"{&quot;1&quot;:2,&quot;2&quot;:&quot;7. Hydraulic Station&quot;}\">7. Hidrolik \u0130stasyon<\/td>\n<td data-sheets-value=\"{&quot;1&quot;:2,&quot;2&quot;:&quot;8. Run Out Table&quot;}\">8. Ka\u00e7\u0131\u015f Tablosu<\/td>\n<\/tr>\n<\/tbody>\n<\/table>\n<h3>Hafif \u00e7elik salma rulo \u015fekillendirme makinesi nedir?<\/h3>\n<p>Hafif \u00e7elik omurga rulo \u015fekillendirme makinesi, in\u015faat sekt\u00f6r\u00fcnde hafif \u00e7elik omurga veya saplama \u00fcretmek i\u00e7in kullan\u0131lan \u00f6zel bir ekipmand\u0131r. Hafif \u00e7elik \u00e7er\u00e7eveler veya metal saplamalar olarak da bilinen hafif \u00e7elik omurgalar, galvanizli \u00e7elik saclardan yap\u0131lm\u0131\u015f hafif yap\u0131sal bile\u015fenlerdir. Genellikle y\u00fck ta\u015f\u0131mayan i\u00e7 b\u00f6lme duvarlar\u0131nda, asma tavanlarda ve hem konut hem de ticari in\u015faatlardaki di\u011fer uygulamalarda kullan\u0131l\u0131rlar.<\/p>\n<p>Rulo \u015fekillendirme makinesi, hafif \u00e7elik omurgalar\u0131 s\u00fcrekli ve verimli bir \u015fekilde \u00fcretmek i\u00e7in tasarlanm\u0131\u015ft\u0131r. Tipik olarak \u00e7elik \u015feridin i\u00e7inden ge\u00e7ti\u011fi bir dizi rulo istasyonundan olu\u015fur. Her bir merdane istasyonu \u00e7elik \u015ferit \u00fczerinde belirli bir \u015fekillendirme veya bi\u00e7imlendirme i\u015flemi ger\u00e7ekle\u015ftirerek onu kademeli olarak istenen omurga profili \u015fekline d\u00f6n\u00fc\u015ft\u00fcr\u00fcr. Makine, omurgan\u0131n gerekli boyutlar\u0131n\u0131 ve \u00f6zelliklerini elde etmek i\u00e7in silindirler, z\u0131mbalar ve kesme mekanizmalar\u0131n\u0131n bir kombinasyonunu kullan\u0131r.<\/p>\n<p>\u00c7elik \u015ferit rulo \u015fekillendirme makinesine beslenir ve her istasyondan ge\u00e7erken \u00e7e\u015fitli b\u00fckme, katlama ve kesme i\u015flemlerine tabi tutulur. Makinenin silindirleri, \u00e7elik \u015feridi kademeli olarak istenen profile \u015fekillendirecek \u015fekilde hassas bir \u015fekilde yap\u0131land\u0131r\u0131larak do\u011fru boyutlar ve tutarl\u0131 kalite sa\u011flan\u0131r. Nihai \u00fcr\u00fcn, nakliye ve sahada kurulum i\u00e7in istenen uzunluklarda kesilebilen s\u00fcrekli bir hafif \u00e7elik omurga uzunlu\u011fudur.<\/p>\n<p>Hafif \u00e7elik salma rulo \u015fekillendirme makineleri son derece otomatiktir ve bilgisayarl\u0131 sistemler taraf\u0131ndan kontrol edilebilir. Y\u00fcksek \u00fcretim kapasitesi, hassasiyet ve tekrarlanabilirlik sunarlar, bu da onlar\u0131 b\u00fcy\u00fck \u00f6l\u00e7ekli \u00fcretim i\u00e7in uygun hale getirir. Bu makineler, in\u015faat gereksinimlerine ba\u011fl\u0131 olarak C \u015fekilli saplamalar, U \u015fekilli raylar ve di\u011fer \u00f6zelle\u015ftirilmi\u015f \u015fekiller gibi farkl\u0131 salma profilleri \u00fcretebilir.<\/p>\n<p>Genel olarak, hafif \u00e7elik salma rulo \u015fekillendirme makineleri, hafif \u00e7elik \u00e7er\u00e7eve bile\u015fenlerinin verimli \u00fcretiminde \u00f6nemli bir rol oynayarak daha h\u0131zl\u0131 ve uygun maliyetli in\u015faat s\u00fcre\u00e7leri sa\u011flar.<\/p>\n<h3>\u00c7in hafif salma rulo \u015fekillendirme makinesinin avantajlar\u0131<\/h3>\n<p>\u00c7in'den hafif \u00e7elik salma rulo \u015fekillendirme makineleri kullanman\u0131n \u00e7e\u015fitli avantajlar\u0131 vard\u0131r. \u0130\u015fte temel avantajlardan baz\u0131lar\u0131:<\/p>\n<ol>\n<li>Uygun maliyetli: \u00c7in, rekabet\u00e7i imalat sanayisiyle tan\u0131n\u0131r ve \u00c7in'den gelen hafif \u00e7elik omurga rulo \u015fekillendirme makineleri, di\u011fer \u00fclkelerden gelen makinelere k\u0131yasla genellikle daha ekonomiktir. Bu maliyet avantaj\u0131, \u00fcretim hatlar\u0131n\u0131 kurmak isteyen i\u015fletmeler i\u00e7in ilk yat\u0131r\u0131m\u0131 \u00f6nemli \u00f6l\u00e7\u00fcde d\u00fc\u015f\u00fcrebilir.<\/li>\n<li>Kalite ve g\u00fcvenilirlik: \u00c7inli \u00fcreticiler y\u00fcksek kaliteli makineler \u00fcretme konusunda \u00fcn kazanm\u0131\u015ft\u0131r. Bir\u00e7ok \u00c7inli hafif \u00e7elik salma rulo \u015fekillendirme makinesi \u00fcreticisi, g\u00fcvenilir ve dayan\u0131kl\u0131 makineler sa\u011flamak i\u00e7in geli\u015fmi\u015f \u00fcretim teknikleri ve kalite kontrol s\u00fcre\u00e7leri kullan\u0131r. Ayr\u0131ca, \u00c7inli \u00fcreticiler genellikle uluslararas\u0131 standartlar\u0131 ve sertifikalar\u0131 takip ederek makinenin performans\u0131 konusunda g\u00fcvence sa\u011flar.<\/li>\n<li>\u00d6zelle\u015ftirme se\u00e7enekleri: \u00c7in, \u00e7e\u015fitli \u00f6zelliklere ve yeteneklere sahip \u00e7ok \u00e7e\u015fitli hafif \u00e7elik salma rulo \u015fekillendirme makineleri sunmaktad\u0131r. \u00dcreticiler genellikle makineleri omurga profili boyutlar\u0131, malzeme kal\u0131nl\u0131\u011f\u0131 ve \u00fcretim h\u0131z\u0131 gibi \u00f6zel gereksinimlere g\u00f6re \u00f6zelle\u015ftirebilir. Bu esneklik, i\u015fletmelerin makineyi kendi \u00f6zel \u00fcretim ihtiya\u00e7lar\u0131na g\u00f6re uyarlamas\u0131na olanak tan\u0131r.<\/li>\n<li>Teknolojik geli\u015fmeler: \u00c7inli \u00fcreticiler y\u0131llar i\u00e7inde rulo \u015fekillendirme teknolojisinde \u00f6nemli ilerlemeler kaydetmi\u015ftir. \u00c7in'den gelen bir\u00e7ok hafif \u00e7elik salma rulo \u015fekillendirme makinesi, bilgisayarl\u0131 kontrol sistemleri, dokunmatik ekran aray\u00fczleri ve otomatik ayar mekanizmalar\u0131 gibi geli\u015fmi\u015f \u00f6zelliklere sahiptir. Bu teknolojik geli\u015fmeler makinenin verimlili\u011fini, \u00fcretkenli\u011fini ve kullan\u0131m kolayl\u0131\u011f\u0131n\u0131 art\u0131rmaktad\u0131r.<\/li>\n<li>Destek ve sat\u0131\u015f sonras\u0131 hizmet: \u00c7inli \u00fcreticiler genellikle makineleri i\u00e7in kapsaml\u0131 destek ve sat\u0131\u015f sonras\u0131 hizmet sa\u011flar. Teknik yard\u0131m, yedek par\u00e7a bulunabilirli\u011fi ve sorun giderme rehberli\u011fi sunarlar. Ayr\u0131ca, bir\u00e7ok \u00c7inli \u00fcretici k\u00fcresel bir varl\u0131\u011fa sahiptir ve d\u00fcnya \u00e7ap\u0131ndaki m\u00fc\u015fterilere destek sa\u011flar.<\/li>\n<li>K\u00fcresel varl\u0131k: \u00c7in, rulo \u015fekillendirme makineleri i\u00e7in uluslararas\u0131 pazarda g\u00fc\u00e7l\u00fc bir varl\u0131\u011fa sahiptir. Bir\u00e7ok \u00c7inli \u00fcretici \u00e7e\u015fitli \u00fclkelerde ortakl\u0131klar ve da\u011f\u0131t\u0131m a\u011flar\u0131 kurarak d\u00fcnya \u00e7ap\u0131ndaki i\u015fletmelerin makinelerine eri\u015fmesini ve sat\u0131n almas\u0131n\u0131 kolayla\u015ft\u0131rm\u0131\u015ft\u0131r. Bu k\u00fcresel eri\u015fim, bulunduklar\u0131 yerden ba\u011f\u0131ms\u0131z olarak m\u00fc\u015fteriler i\u00e7in kullan\u0131labilirlik ve destek sa\u011flar.<\/li>\n<\/ol>\n<p>\u00c7inli \u00fcreticiler bir\u00e7ok avantaj sunsa da, sat\u0131n alma karar\u0131 vermeden \u00f6nce kapsaml\u0131 bir ara\u015ft\u0131rma yapmak, farkl\u0131 tedarik\u00e7ileri de\u011ferlendirmek ve itibar, m\u00fc\u015fteri yorumlar\u0131 ve kalite sertifikalar\u0131 gibi fakt\u00f6rleri g\u00f6z \u00f6n\u00fcnde bulundurmak \u00f6nemlidir.<\/p>\n<h3>\u00c7in'de en iyi 5 hafif salma rulo \u015fekillendirme makinesi tedarik\u00e7isi<\/h3>\n<ol>\n<li>WUXI SUNWAY MACHINERY CO, LTD, so\u011fuk rulo \u015fekillendirme makinelerinin tasar\u0131m\u0131, geli\u015ftirilmesi ve \u00fcretimi ile ilgilenen profesyonel bir \u00fcretici ve ihracat\u00e7\u0131d\u0131r. T\u00fcm \u00fcr\u00fcnler uluslararas\u0131 kalite standartlar\u0131na uygundur ve Asya, Afrika, Avrupa, G\u00fcney Amerika ve Avustralya gibi d\u00fcnya \u00e7ap\u0131nda \u00e7e\u015fitli farkl\u0131 pazarlarda b\u00fcy\u00fck be\u011feni toplamaktad\u0131r. K\u00fcresel bir sat\u0131\u015f a\u011f\u0131 kazanm\u0131\u015ft\u0131r.<\/li>\n<li>Hangzhou Zhongyuan Makine Fabrikas\u0131: Hangzhou Zhongyuan Makine Fabrikas\u0131 20 y\u0131l\u0131 a\u015fk\u0131n s\u00fcredir rulo \u015fekillendirme makineleri \u00fcretmektedir. Hafif salma rulo \u015fekillendirme makineleri de dahil olmak \u00fczere \u00e7e\u015fitli rulo \u015fekillendirme makinelerinde uzmanla\u015fm\u0131\u015ft\u0131r. Makineleri hassasiyetleri, dayan\u0131kl\u0131l\u0131klar\u0131 ve geli\u015fmi\u015f \u00f6zellikleri ile bilinir.<\/li>\n<li>Tianjin Haixing Imp &amp; Exp Co, Ltd: Tianjin Haixing Imp &amp; Exp Co, Ltd, hafif salma rulo \u015fekillendirme makineleri de dahil olmak \u00fczere rulo \u015fekillendirme makinelerinin lider tedarik\u00e7isidir. Geni\u015f bir makine yelpazesine sahiptir ve y\u00fcksek kaliteli \u00fcretimleri ve m\u00fckemmel m\u00fc\u015fteri hizmetleri ile tan\u0131n\u0131rlar.<\/li>\n<li>Shanghai Sihua Precision Machinery Co, Ltd: Shanghai Sihua Precision Machinery Co, Ltd, hafif salma rulo \u015fekillendirme makineleri de dahil olmak \u00fczere sayg\u0131n bir rulo \u015fekillendirme makineleri \u00fcreticisidir. \u00d6zelle\u015ftirilmi\u015f \u00e7\u00f6z\u00fcmler sunmaya odaklan\u0131rlar ve teknolojik geli\u015fmelere ve \u00fcr\u00fcn kalitesine g\u00fc\u00e7l\u00fc bir vurgu yaparlar.<\/li>\n<li>Cangzhou Zhongtuo International Trade Co, Ltd: Cangzhou Zhongtuo International Trade Co, Ltd, \u00e7e\u015fitli end\u00fcstrilere hizmet veren k\u00f6kl\u00fc bir rulo \u015fekillendirme makineleri tedarik\u00e7isidir. Hafif salma rulo \u015fekillendirme makineleri de dahil olmak \u00fczere geni\u015f bir makine yelpazesi sunarlar ve rekabet\u00e7i fiyatlar\u0131 ve g\u00fcvenilir sat\u0131\u015f sonras\u0131 hizmetleri ile tan\u0131n\u0131rlar.<\/li>\n<\/ol>\n<blockquote class=\"wp-embedded-content\" data-secret=\"RJFzEIeXHQ\"><p><a href=\"https:\/\/swforming.com\/tr\/steel-roll-forming-machine-an-important-tool-for-construction-projects\/\">\u00c7elik Rulo \u015eekillendirme Makinesi: \u0130n\u015faat Projeleri \u0130\u00e7in \u00d6nemli Bir Ara\u00e7<\/a><\/p><\/blockquote>\n<p><iframe class=\"wp-embedded-content\" sandbox=\"allow-scripts\" security=\"restricted\" style=\"position: absolute; clip: rect(1px, 1px, 1px, 1px);\" title=\"&quot;\u00c7elik Rulo \u015eekillendirme Makinesi: \u0130n\u015faat Projeleri \u0130\u00e7in \u00d6nemli Bir Ara\u00e7&quot; - SUNWAY Machine\" src=\"https:\/\/swforming.com\/steel-roll-forming-machine-an-important-tool-for-construction-projects\/embed\/#?secret=DwfUiDlYBS#?secret=RJFzEIeXHQ\" data-secret=\"RJFzEIeXHQ\" width=\"600\" height=\"338\" frameborder=\"0\" marginwidth=\"0\" marginheight=\"0\" scrolling=\"no\"><\/iframe><\/p>\n<\/div>","protected":false},"excerpt":{"rendered":"<p>Keel \/ Makas \u00c7elik Rulo \u015eekillendirme Makinesi Ad\u0131: Keel \/ Makas \u00c7elik Rulo \u015eekillendirme Makinesi Model: YX Serisi K\u00fc\u00e7\u00fck boyutlu, ta\u015f\u0131mas\u0131 kolay salma \/ makas \u00e7elik rulo \u015fekillendirme makinesi. H\u0131z 60m \/ dak.transmission'a kadar \u00e7\u0131kabilir, bu nedenle \u00e7al\u0131\u015fma daha kararl\u0131 olacakt\u0131r. \u00d6zelle\u015ftirilmi\u015f makineleri de tedarik edebiliriz.<\/p>\n<p>Ayr\u0131ca \u00f6zelle\u015ftirilmi\u015f makineler de tedarik edebiliriz.<\/p>","protected":false},"featured_media":1083,"comment_status":"open","ping_status":"closed","template":"","meta":{"_acf_changed":false},"product_brand":[],"product_cat":[71,52],"product_tag":[],"class_list":{"0":"post-1082","1":"product","2":"type-product","3":"status-publish","4":"has-post-thumbnail","6":"product_cat-light-gauge-steel-roll-forming-machine","7":"product_cat-steel-structure","9":"first","10":"instock","11":"shipping-taxable","12":"product-type-simple"},"acf":[],"_links":{"self":[{"href":"https:\/\/swforming.com\/tr\/wp-json\/wp\/v2\/product\/1082","targetHints":{"allow":["GET"]}}],"collection":[{"href":"https:\/\/swforming.com\/tr\/wp-json\/wp\/v2\/product"}],"about":[{"href":"https:\/\/swforming.com\/tr\/wp-json\/wp\/v2\/types\/product"}],"replies":[{"embeddable":true,"href":"https:\/\/swforming.com\/tr\/wp-json\/wp\/v2\/comments?post=1082"}],"version-history":[{"count":3,"href":"https:\/\/swforming.com\/tr\/wp-json\/wp\/v2\/product\/1082\/revisions"}],"predecessor-version":[{"id":3257,"href":"https:\/\/swforming.com\/tr\/wp-json\/wp\/v2\/product\/1082\/revisions\/3257"}],"wp:featuredmedia":[{"embeddable":true,"href":"https:\/\/swforming.com\/tr\/wp-json\/wp\/v2\/media\/1083"}],"wp:attachment":[{"href":"https:\/\/swforming.com\/tr\/wp-json\/wp\/v2\/media?parent=1082"}],"wp:term":[{"taxonomy":"product_brand","embeddable":true,"href":"https:\/\/swforming.com\/tr\/wp-json\/wp\/v2\/product_brand?post=1082"},{"taxonomy":"product_cat","embeddable":true,"href":"https:\/\/swforming.com\/tr\/wp-json\/wp\/v2\/product_cat?post=1082"},{"taxonomy":"product_tag","embeddable":true,"href":"https:\/\/swforming.com\/tr\/wp-json\/wp\/v2\/product_tag?post=1082"}],"curies":[{"name":"wp","href":"https:\/\/api.w.org\/{rel}","templated":true}]}}