{"id":1079,"date":"2022-09-29T09:06:58","date_gmt":"2022-09-29T09:06:58","guid":{"rendered":"https:\/\/swforming.com\/?post_type=product&#038;p=1079"},"modified":"2023-06-16T06:13:58","modified_gmt":"2023-06-16T06:13:58","slug":"hollow-guide-rail-production-line","status":"publish","type":"product","link":"https:\/\/swforming.com\/tr\/product\/hollow-guide-rail-production-line\/","title":{"rendered":"\u0130\u00e7i Bo\u015f K\u0131lavuz Ray \u00dcretim Hatt\u0131"},"content":{"rendered":"<h3>\u00d6zellikler<\/h3>\n<p>\u0130\u00e7i bo\u015f k\u0131lavuz ray \u00fcretim hatt\u0131, duvar kal\u0131nl\u0131\u011f\u0131 2.3mm-3.2mm olan \u00e7e\u015fitli asans\u00f6r i\u00e7i bo\u015f k\u0131lavuz raylar\u0131 yapmak i\u00e7in tasarlanm\u0131\u015ft\u0131r. Bu yeni tip \u00fcretim hatt\u0131, y\u00fcksek hassasiyet, y\u00fcksek i\u015flem h\u0131z\u0131 gibi avantajlara sahiptir. \u0130\u015fleme h\u0131z\u0131 geleneksel olan\u0131n katlar\u0131 olabilir.<\/p>\n<h3>Uygulamalar<\/h3>\n<p>Bitmi\u015f \u00fcr\u00fcnler asans\u00f6r vb. alanlarda yayg\u0131n olarak kullan\u0131lmaktad\u0131r.<\/p>\n<h3>S\u00fcre\u00e7 Ak\u0131\u015f\u0131<\/h3>\n<p>A\u00e7\u0131c\u0131 - Makas ve Al\u0131n Kaynak\u00e7\u0131 - Ak\u00fcm\u00fclat\u00f6r - Tesviye - Rulo \u015eekillendirme - U\u00e7an Kesim - \u00c7\u0131k\u0131\u015f Tablas\u0131<\/p>\n<h3>Makine Konfig\u00fcrasyonlar\u0131<\/h3>\n<div>\n<table>\n<tbody>\n<tr>\n<td data-sheets-value=\"{&quot;1&quot;:2,&quot;2&quot;:&quot;1. Double Head Uncoiler&quot;}\">1. \u00c7ift Kafa A\u00e7\u0131c\u0131<\/td>\n<td data-sheets-value=\"{&quot;1&quot;:2,&quot;2&quot;:&quot;2. Shear &amp; Butt Welder&quot;}\">\n<div>\n<div>2. Makas ve Al\u0131n Kaynak\u00e7\u0131s\u0131<\/div>\n<\/div>\n<\/td>\n<\/tr>\n<tr>\n<td data-sheets-value=\"{&quot;1&quot;:2,&quot;2&quot;:&quot;3. Horizontal Accumulator&quot;}\">3. Yatay Ak\u00fcm\u00fclat\u00f6r<\/td>\n<td data-sheets-value=\"{&quot;1&quot;:2,&quot;2&quot;:&quot;4. Leveling&quot;}\">4. Tesviye<\/td>\n<\/tr>\n<tr>\n<td data-sheets-value=\"{&quot;1&quot;:2,&quot;2&quot;:&quot;5. Roll Forming Machine&quot;}\">5. Rulo \u015eekillendirme Makinesi<\/td>\n<td data-sheets-value=\"{&quot;1&quot;:2,&quot;2&quot;:&quot;6. Flying Cutting Device&quot;}\">6. U\u00e7an Kesme Cihaz\u0131<\/td>\n<\/tr>\n<tr>\n<td data-sheets-value=\"{&quot;1&quot;:2,&quot;2&quot;:&quot;7. Run Out Table&quot;}\">7. Ka\u00e7\u0131\u015f Tablosu<\/td>\n<td><\/td>\n<\/tr>\n<\/tbody>\n<\/table>\n<h3>K\u0131lavuz rayl\u0131 rulo \u015fekillendirme makinesinin \u00e7al\u0131\u015fma prensibi nedir?<\/h3>\n<p>Bir k\u0131lavuz ray rulo \u015fekillendirme makinesi, korkuluklar veya g\u00fcvenlik bariyerleri olarak da bilinen k\u0131lavuz raylar\u0131 \u00fcretmek i\u00e7in tasarlanm\u0131\u015ft\u0131r. Bir k\u0131lavuz ray rulo \u015fekillendirme makinesinin \u00e7al\u0131\u015fma prensibi birka\u00e7 ad\u0131m i\u00e7erir:<\/p>\n<ol>\n<li>Malzeme Besleme: S\u00fcre\u00e7, bir a\u00e7\u0131c\u0131ya y\u00fcklenen, tipik olarak \u00e7elik veya al\u00fcminyum olan bir hammadde bobini ile ba\u015flar. Malzeme, bir dizi silindir arac\u0131l\u0131\u011f\u0131yla rulo \u015fekillendirme makinesine beslenir.<\/li>\n<li>Rulo \u015eekillendirme: Hammadde, her biri malzemeyi kademeli olarak \u015fekillendiren bir dizi silindir istasyonundan ge\u00e7er. Bu silindirler stratejik olarak konumland\u0131r\u0131lm\u0131\u015f ve k\u0131lavuz ray\u0131n istenen profilini olu\u015fturacak \u015fekilde tasarlanm\u0131\u015ft\u0131r. Silindirler malzemeye bas\u0131n\u00e7 uygulayarak onu b\u00fcker ve istenen \u015fekle sokar.<\/li>\n<li>Kesim: K\u0131lavuz ray profili olu\u015fturulduktan sonra, rulo \u015fekillendirme makinesi k\u0131lavuz ray\u0131n kesintisiz uzunlu\u011funu istenen uzunlukta ayr\u0131 b\u00f6l\u00fcmler halinde kesmek i\u00e7in bir kesme mekanizmas\u0131 kullan\u0131r. Bu, u\u00e7arak kesme veya hidrolik kesme gibi \u00e7e\u015fitli kesme y\u00f6ntemleri kullan\u0131larak yap\u0131labilir.<\/li>\n<li>\u015eekillendirme ve Son \u0130\u015flem: \u00d6zel gereksinimlere ba\u011fl\u0131 olarak, k\u0131lavuz ray\u0131n i\u015flevselli\u011fini veya g\u00f6r\u00fcn\u00fcm\u00fcn\u00fc geli\u015ftirmek i\u00e7in ek i\u015flemler ger\u00e7ekle\u015ftirilebilir. Bu i\u015flemler aras\u0131nda aksesuarlar\u0131n tak\u0131lmas\u0131 i\u00e7in delik a\u00e7ma, daha fazla mukavemet i\u00e7in kabartma veya korozyon direnci i\u00e7in galvanizleme veya boyama gibi y\u00fczey i\u015flemleri yer alabilir.<\/li>\n<li>\u0130stifleme veya Paketleme: Bitmi\u015f k\u0131lavuz ray b\u00f6l\u00fcmleri daha sonra ya daha ileri i\u015flemler i\u00e7in istiflenir ya da nakliye ve teslimat i\u00e7in paketlenir.<\/li>\n<\/ol>\n<p>S\u00fcre\u00e7 boyunca, k\u0131lavuz ray rulo \u015fekillendirme makinesi, k\u0131lavuz ray profilinin do\u011fru bir \u015fekilde olu\u015fturulmas\u0131n\u0131 sa\u011flamak i\u00e7in silindirlerin, kesme mekanizmas\u0131n\u0131n ve di\u011fer bile\u015fenlerin hassas kontrol\u00fcne dayan\u0131r. Makinenin kontrol sistemi, istenen \u00f6zelliklere ve ayarlara g\u00f6re bu bile\u015fenlerin hareketini ve \u00e7al\u0131\u015fmas\u0131n\u0131 koordine eder. Bu, k\u0131lavuz raylar\u0131n y\u00fcksek hassasiyet ve verimlilikle tutarl\u0131 bir \u015fekilde \u00fcretilmesini sa\u011flar.<\/p>\n<h3>din ray rulo \u015fekillendirme makinesi uygulamas\u0131<\/h3>\n<p>Bir DIN ray rulo \u015fekillendirme makinesi, elektrik ve elektronik tesisatlarda kullan\u0131lan standartla\u015ft\u0131r\u0131lm\u0131\u015f metal raylar olan DIN raylar\u0131 \u00fcretmek i\u00e7in \u00f6zel olarak tasarlanm\u0131\u015ft\u0131r. DIN ray rulo \u015fekillendirme makinelerinin uygulamas\u0131, a\u015fa\u011f\u0131dakiler de dahil olmak \u00fczere \u00e7e\u015fitli end\u00fcstriler i\u00e7in DIN raylar\u0131n\u0131n \u00fcretiminde yatmaktad\u0131r:<\/p>\n<ol>\n<li>Elektrik Panosu \u0130malat\u0131: DIN raylar\u0131, devre kesiciler, r\u00f6leler, terminal bloklar\u0131 ve g\u00fc\u00e7 kaynaklar\u0131 gibi elektrikli bile\u015fenler i\u00e7in standartla\u015ft\u0131r\u0131lm\u0131\u015f bir montaj platformu sa\u011flamak amac\u0131yla elektrik panolar\u0131nda yayg\u0131n olarak kullan\u0131l\u0131r. DIN ray\u0131 rulo \u015fekillendirme makinesi, elektrik panosu \u00fcreticilerinin \u00f6zel gereksinimlerini kar\u015f\u0131lamak i\u00e7in farkl\u0131 boyutlarda ve konfig\u00fcrasyonlarda DIN raylar\u0131 \u00fcretmek i\u00e7in kullan\u0131l\u0131r.<\/li>\n<li>End\u00fcstriyel Otomasyon: DIN raylar\u0131, end\u00fcstriyel otomasyon sistemlerinde programlanabilir mant\u0131k kontrol\u00f6rleri (PLC'ler), motor yol vericiler, kontakt\u00f6rler ve g\u00fc\u00e7 da\u011f\u0131t\u0131m mod\u00fclleri gibi \u00e7e\u015fitli kontrol cihazlar\u0131n\u0131 monte etmek ve d\u00fczenlemek i\u00e7in yayg\u0131n olarak kullan\u0131l\u0131r. DIN ray rulo \u015fekillendirme makinesi, end\u00fcstriyel otomasyon uygulamalar\u0131nda kullan\u0131lan standartla\u015ft\u0131r\u0131lm\u0131\u015f montaj boyutlar\u0131yla uyumlu DIN raylar\u0131n\u0131n \u00fcretiminde \u00e7ok \u00f6nemli bir rol oynar.<\/li>\n<li>Bina Otomasyonu: DIN raylar\u0131 bina otomasyon sistemlerinde HVAC (\u0131s\u0131tma, havaland\u0131rma ve iklimlendirme), ayd\u0131nlatma, g\u00fcvenlik sistemleri ve di\u011fer bina y\u00f6netim sistemleri i\u00e7in kontrol cihazlar\u0131n\u0131 monte etmek i\u00e7in kullan\u0131l\u0131r. DIN ray\u0131 rulo \u015fekillendirme makinesi, bu kontrol cihazlar\u0131n\u0131n bina otomasyon altyap\u0131s\u0131 i\u00e7inde kolay kurulumunu ve organizasyonunu sa\u011flayan DIN raylar\u0131 \u00fcretir.<\/li>\n<li>Yenilenebilir Enerji Sistemleri: DIN raylar\u0131, g\u00fcne\u015f enerjisi kurulumlar\u0131 ve r\u00fczgar enerjisi sistemleri de dahil olmak \u00fczere yenilenebilir enerji sistemlerinde uygulama alan\u0131 bulur. G\u00fcne\u015f invert\u00f6rleri, \u015farj kontrol\u00f6rleri, izleme cihazlar\u0131 ve ileti\u015fim ekipmanlar\u0131 gibi bile\u015fenleri monte etmek i\u00e7in kullan\u0131l\u0131rlar. DIN ray rulo \u015fekillendirme makinesi, bu yenilenebilir enerji uygulamalar\u0131 i\u00e7in uygun DIN raylar\u0131n\u0131n \u00fcretimini kolayla\u015ft\u0131r\u0131r.<\/li>\n<li>Demiryolu ve Ula\u015f\u0131m: DIN raylar\u0131 ayr\u0131ca demiryolu ve ula\u015f\u0131m sistemlerinde kontrol cihazlar\u0131n\u0131 ve elektrikli ekipmanlar\u0131 trenlere, tramvaylara ve di\u011fer ara\u00e7lara monte etmek i\u00e7in kullan\u0131l\u0131r. DIN ray rulo \u015fekillendirme makinesi, bu ula\u015f\u0131m sistemlerinin gereksinimlerini kar\u015f\u0131layan DIN raylar\u0131 \u00fcretmek i\u00e7in kullan\u0131l\u0131r ve elektrikli bile\u015fenlerin g\u00fcvenli ve g\u00fcvenilir bir \u015fekilde kurulmas\u0131n\u0131 sa\u011flar.<\/li>\n<\/ol>\n<p>Genel olarak, DIN ray\u0131 rulo \u015fekillendirme makinelerinin uygulamas\u0131, elektrikli ve elektronik bile\u015fenler i\u00e7in standartla\u015ft\u0131r\u0131lm\u0131\u015f montaj sistemlerine dayanan end\u00fcstrilerde yayg\u0131nd\u0131r ve ekipman kurulumu ve organizasyonu i\u00e7in verimli ve g\u00fcvenilir \u00e7\u00f6z\u00fcmler sa\u011flar.<\/p>\n<h3>Kayar rayl\u0131 rulo \u015fekillendirme makinesi ile din rayl\u0131 rulo \u015fekillendirme makinesi aras\u0131ndaki farklar nelerdir?<\/h3>\n<p>Kayar rayl\u0131 rulo \u015fekillendirme makinesi ile DIN rayl\u0131 rulo \u015fekillendirme makinesi aras\u0131ndaki fark a\u015fa\u011f\u0131daki gibi a\u00e7\u0131klanabilir:<\/p>\n<ol>\n<li>Ama\u00e7: Kayar ray rulo \u015fekillendirme makinesi, \u00f6ncelikle nesnelerin hareketini y\u00f6nlendirmek, desteklemek ve kolayla\u015ft\u0131rmak i\u00e7in kullan\u0131lan kayar raylar\u0131 \u00fcretmek i\u00e7in kullan\u0131l\u0131r. Genellikle makinelerde, end\u00fcstriyel otomasyon sistemlerinde, konvey\u00f6r ekipmanlar\u0131nda ve di\u011fer alanlarda kullan\u0131l\u0131rlar. \u00d6te yandan, bir DIN ray\u0131 rulo \u015fekillendirme makinesi, elektrikli ve elektronik ekipmanlar\u0131n montaj\u0131 ve sabitlenmesi i\u00e7in kullan\u0131lan DIN raylar\u0131n\u0131 \u00fcretmek i\u00e7in kullan\u0131l\u0131r.<\/li>\n<li>\u015eekil ve Boyut: Kayar raylar tipik olarak U \u015feklinde veya C \u015feklinde bir kesite sahiptir ve tek yuval\u0131 veya \u00e7ok yuval\u0131 yap\u0131lar olabilir. Boyutlar\u0131 ve \u015fekilleri \u00f6zel uygulama gereksinimlerine g\u00f6re \u00f6zelle\u015ftirilebilir. \u00d6te yandan DIN raylar\u0131, DIN standartlar\u0131na uygundur ve genellikle elektrikli ve elektronik cihazlar\u0131n rahat kurulumunu ve montaj\u0131n\u0131 kolayla\u015ft\u0131rmak i\u00e7in standartla\u015ft\u0131r\u0131lm\u0131\u015f kesitlere ve boyutlara sahiptir.<\/li>\n<li>Montaj Y\u00f6ntemi: Kayar raylar tipik olarak ayarlanabilir veya hareketli destek ve k\u0131lavuzluk sa\u011flamak i\u00e7in c\u0131vatalar, vidalar veya di\u011fer ba\u011flant\u0131 elemanlar\u0131 kullan\u0131larak monte edilir. \u00d6te yandan DIN raylar\u0131 genellikle montaj vidalar\u0131 veya di\u011fer ba\u011flant\u0131 elemanlar\u0131 kullan\u0131larak elektrikli veya elektronik cihazlar\u0131n tabanlar\u0131na do\u011frudan monte edilir.<\/li>\n<li>\u00dcretim S\u00fcreci: Kayar rayl\u0131 rulo \u015fekillendirme makineleri ve DIN rayl\u0131 rulo \u015fekillendirme makineleri i\u00e7in \u00fcretim s\u00fcre\u00e7leri biraz farkl\u0131d\u0131r. Bir kayar ray rulo \u015fekillendirme makinesi, kayar ray\u0131n \u015fekline ve boyutlar\u0131na g\u00f6re bir dizi silindir ve kesme cihaz\u0131 kullanarak s\u00fcrekli bobin malzemesini istenen kayar ray profiline g\u00f6re \u015fekillendirir ve keser. DIN ray rulo \u015fekillendirme makinesi, DIN standartlar\u0131n\u0131 izleyerek, DIN raylar\u0131n\u0131n standart gereksinimlerini kar\u015f\u0131lamak i\u00e7in bobin malzemesini belirli silindirler ve kesme cihazlar\u0131 kullanarak \u015fekillendirir ve keser.<\/li>\n<\/ol>\n<p>\u00d6zetle, k\u0131zak ray\u0131 rulo \u015fekillendirme makineleri ve DIN ray\u0131 rulo \u015fekillendirme makineleri farkl\u0131 uygulamalara ve montaj gereksinimlerine hizmet eder. Kayar raylar nesnelerin hareketini y\u00f6nlendirmek ve desteklemek i\u00e7in kullan\u0131l\u0131rken, DIN raylar\u0131 elektrikli ve elektronik ekipmanlar\u0131n montaj\u0131 ve sabitlenmesi i\u00e7in kullan\u0131l\u0131r. \u00d6zel uygulama ihtiya\u00e7lar\u0131n\u0131 ve standart gereksinimleri kar\u015f\u0131lamak i\u00e7in \u015fekil, boyut ve \u00fcretim s\u00fcreci a\u00e7\u0131s\u0131ndan farkl\u0131l\u0131k g\u00f6sterirler.<\/p>\n<\/div>","protected":false},"excerpt":{"rendered":"<p>\u0130\u00e7i Bo\u015f K\u0131lavuz Ray \u00dcretim Hatt\u0131<\/p>\n<p>Model: YX Serisi \u0130\u00e7i bo\u015f k\u0131lavuz ray \u00fcretim hatt\u0131, duvar kal\u0131nl\u0131\u011f\u0131 2.3mm-3.2mm olan \u00e7e\u015fitli asans\u00f6r i\u00e7i bo\u015f k\u0131lavuz raylar\u0131 yapmak i\u00e7in tasarlanm\u0131\u015ft\u0131r.<\/p>\n<p>Ayr\u0131ca \u00f6zelle\u015ftirilmi\u015f makineler de tedarik edebiliriz.<\/p>","protected":false},"featured_media":1081,"comment_status":"open","ping_status":"closed","template":"","meta":{"_acf_changed":false},"product_brand":[],"product_cat":[71,52],"product_tag":[],"class_list":{"0":"post-1079","1":"product","2":"type-product","3":"status-publish","4":"has-post-thumbnail","6":"product_cat-light-gauge-steel-roll-forming-machine","7":"product_cat-steel-structure","9":"first","10":"instock","11":"shipping-taxable","12":"product-type-simple"},"acf":[],"_links":{"self":[{"href":"https:\/\/swforming.com\/tr\/wp-json\/wp\/v2\/product\/1079","targetHints":{"allow":["GET"]}}],"collection":[{"href":"https:\/\/swforming.com\/tr\/wp-json\/wp\/v2\/product"}],"about":[{"href":"https:\/\/swforming.com\/tr\/wp-json\/wp\/v2\/types\/product"}],"replies":[{"embeddable":true,"href":"https:\/\/swforming.com\/tr\/wp-json\/wp\/v2\/comments?post=1079"}],"version-history":[{"count":3,"href":"https:\/\/swforming.com\/tr\/wp-json\/wp\/v2\/product\/1079\/revisions"}],"predecessor-version":[{"id":3255,"href":"https:\/\/swforming.com\/tr\/wp-json\/wp\/v2\/product\/1079\/revisions\/3255"}],"wp:featuredmedia":[{"embeddable":true,"href":"https:\/\/swforming.com\/tr\/wp-json\/wp\/v2\/media\/1081"}],"wp:attachment":[{"href":"https:\/\/swforming.com\/tr\/wp-json\/wp\/v2\/media?parent=1079"}],"wp:term":[{"taxonomy":"product_brand","embeddable":true,"href":"https:\/\/swforming.com\/tr\/wp-json\/wp\/v2\/product_brand?post=1079"},{"taxonomy":"product_cat","embeddable":true,"href":"https:\/\/swforming.com\/tr\/wp-json\/wp\/v2\/product_cat?post=1079"},{"taxonomy":"product_tag","embeddable":true,"href":"https:\/\/swforming.com\/tr\/wp-json\/wp\/v2\/product_tag?post=1079"}],"curies":[{"name":"wp","href":"https:\/\/api.w.org\/{rel}","templated":true}]}}