{"id":1069,"date":"2022-09-29T09:03:23","date_gmt":"2022-09-29T09:03:23","guid":{"rendered":"https:\/\/swforming.com\/?post_type=product&#038;p=1069"},"modified":"2023-06-15T03:43:15","modified_gmt":"2023-06-15T03:43:15","slug":"floor-decking-roll-forming-machine","status":"publish","type":"product","link":"https:\/\/swforming.com\/tr\/product\/floor-decking-roll-forming-machine\/","title":{"rendered":"Zemin kaplamas\u0131 rulo \u015fekillendirme makinesi"},"content":{"rendered":"<h3>Zemin kaplamas\u0131 rulo \u015fekillendirme makinesi Uygulamalar<\/h3>\n<p>o bitmi\u015f \u00fcr\u00fcnler yayg\u0131n olarak zemin d\u00fcz kullan\u0131l\u0131r, levha kabartma yapt\u0131ktan sonra, \u00e7elik ve beton aras\u0131ndaki mukavemeti art\u0131racak, b\u00f6ylece hasl\u0131k zeminini art\u0131racakt\u0131r.<strong><b>\u00a0<\/b><\/strong><\/p>\n<h3>S\u00fcre\u00e7 Ak\u0131\u015f\u0131<\/h3>\n<p>A\u00e7\u0131c\u0131 - Besleme - Rulo \u015eekillendirme - Kesme - \u00c7\u0131k\u0131\u015f tablas\u0131<\/p>\n<p><img fetchpriority=\"high\" decoding=\"async\" class=\"alignnone size-full wp-image-1070\" src=\"https:\/\/swforming.com\/wp-content\/uploads\/2022\/09\/tge.png\" alt=\"\" width=\"800\" height=\"92\" title=\"\" srcset=\"https:\/\/swforming.com\/wp-content\/uploads\/2022\/09\/tge.png 800w, https:\/\/swforming.com\/wp-content\/uploads\/2022\/09\/tge-600x69.png 600w, https:\/\/swforming.com\/wp-content\/uploads\/2022\/09\/tge-300x35.png 300w, https:\/\/swforming.com\/wp-content\/uploads\/2022\/09\/tge-768x88.png 768w\" sizes=\"(max-width: 800px) 100vw, 800px\" \/><\/p>\n<h3>Makine Konfig\u00fcrasyonlar\u0131<\/h3>\n<div>\n<table>\n<tbody>\n<tr>\n<td data-sheets-value=\"{&quot;1&quot;:2,&quot;2&quot;:&quot;1. Uncoiler&quot;}\">1. A\u00e7\u0131c\u0131<\/td>\n<td data-sheets-value=\"{&quot;1&quot;:2,&quot;2&quot;:&quot;2. Guide feeder&quot;}\">\n<div>\n<div>2. K\u0131lavuz besleyici<\/div>\n<\/div>\n<\/td>\n<\/tr>\n<tr>\n<td data-sheets-value=\"{&quot;1&quot;:2,&quot;2&quot;:&quot;3. roll forming&quot;}\">3. rulo \u015fekillendirme<\/td>\n<td data-sheets-value=\"{&quot;1&quot;:2,&quot;2&quot;:&quot;4. Hydraulic cutting unit&quot;}\">\n<div>\n<div>4. Hidrolik kesme \u00fcnitesi<\/div>\n<\/div>\n<\/td>\n<\/tr>\n<tr>\n<td data-sheets-value=\"{&quot;1&quot;:2,&quot;2&quot;:&quot;5. PLC Control System&quot;}\">5. PLC Kontrol Sistemi<\/td>\n<td data-sheets-value=\"{&quot;1&quot;:2,&quot;2&quot;:&quot;6. Hydraulic station&quot;}\">6. Hidrolik istasyon<\/td>\n<\/tr>\n<tr>\n<td data-sheets-value=\"{&quot;1&quot;:2,&quot;2&quot;:&quot;7. Output conveyor&quot;}\">7. \u00c7\u0131k\u0131\u015f konvey\u00f6r\u00fc<\/td>\n<td><\/td>\n<\/tr>\n<\/tbody>\n<\/table>\n<h3>Referans i\u00e7in Profil \u00c7izimleri<\/h3>\n<p><img decoding=\"async\" class=\"alignnone size-full wp-image-1071\" src=\"https:\/\/swforming.com\/wp-content\/uploads\/2022\/09\/27ad08f0-5c65-46e6-b8b3-1a4f00174a89.jpg\" alt=\"\" width=\"800\" height=\"833\" title=\"\" srcset=\"https:\/\/swforming.com\/wp-content\/uploads\/2022\/09\/27ad08f0-5c65-46e6-b8b3-1a4f00174a89.jpg 800w, https:\/\/swforming.com\/wp-content\/uploads\/2022\/09\/27ad08f0-5c65-46e6-b8b3-1a4f00174a89-600x625.jpg 600w, https:\/\/swforming.com\/wp-content\/uploads\/2022\/09\/27ad08f0-5c65-46e6-b8b3-1a4f00174a89-288x300.jpg 288w, https:\/\/swforming.com\/wp-content\/uploads\/2022\/09\/27ad08f0-5c65-46e6-b8b3-1a4f00174a89-768x800.jpg 768w\" sizes=\"(max-width: 800px) 100vw, 800px\" \/><\/p>\n<p><img decoding=\"async\" class=\"alignnone size-full wp-image-1072\" src=\"https:\/\/swforming.com\/wp-content\/uploads\/2022\/09\/Sample-1.png\" alt=\"\" width=\"400\" height=\"324\" title=\"\" srcset=\"https:\/\/swforming.com\/wp-content\/uploads\/2022\/09\/Sample-1.png 400w, https:\/\/swforming.com\/wp-content\/uploads\/2022\/09\/Sample-1-300x243.png 300w\" sizes=\"(max-width: 400px) 100vw, 400px\" \/> <img loading=\"lazy\" decoding=\"async\" class=\"alignnone size-full wp-image-1073\" src=\"https:\/\/swforming.com\/wp-content\/uploads\/2022\/09\/Sample-2.png\" alt=\"\" width=\"400\" height=\"358\" title=\"\" srcset=\"https:\/\/swforming.com\/wp-content\/uploads\/2022\/09\/Sample-2.png 400w, https:\/\/swforming.com\/wp-content\/uploads\/2022\/09\/Sample-2-300x269.png 300w\" sizes=\"(max-width: 400px) 100vw, 400px\" \/><\/p>\n<h3>Zemin kaplamas\u0131 rulo \u015fekillendirme makinesi nedir?<\/h3>\n<p>Zemin kaplamas\u0131 rulo \u015fekillendirme makinesi, in\u015faat sekt\u00f6r\u00fcnde zemin kaplamas\u0131 panelleri veya levhalar\u0131 \u00fcretmek i\u00e7in kullan\u0131lan bir t\u00fcr end\u00fcstriyel makinedir. Tipik olarak \u00e7elik veya al\u00fcminyum olmak \u00fczere metal bobin sto\u011funu almak ve zemin kaplamas\u0131 olarak bilinen belirli bir profil veya desen haline getirmek i\u00e7in tasarlanm\u0131\u015ft\u0131r.<\/p>\n<p>Makine, metal bobini bir dizi silindir ve tak\u0131m istasyonuna besleyerek \u00e7al\u0131\u015f\u0131r ve burada s\u00fcrekli bir \u015fekillendirme i\u015flemine tabi tutulur. Silindirler ve tak\u0131mlar, metal bobini kademeli olarak istenen zemin kaplamas\u0131 profiline \u015fekillendirecek \u015fekilde yap\u0131land\u0131r\u0131lm\u0131\u015ft\u0131r. Bu profil genellikle zemin kaplama panellerinin yap\u0131sal mukavemetini ve y\u00fck ta\u015f\u0131ma kapasitesini art\u0131ran bir dizi nerv\u00fcr, oluk veya kabartmal\u0131 desenden olu\u015fur.<\/p>\n<p>Zemin kaplamas\u0131 rulo \u015fekillendirme makinesi tipik olarak a\u00e7\u0131c\u0131lar, besleme sistemleri, tesviye cihazlar\u0131, rulo \u015fekillendiriciler, kesme mekanizmalar\u0131 ve kontrol sistemleri dahil olmak \u00fczere \u00e7e\u015fitli bile\u015fenlerle donat\u0131lm\u0131\u015ft\u0131r. Bu bile\u015fenler, tutarl\u0131 boyutlara ve kaliteye sahip zemin kaplamas\u0131 panellerinin hassas ve verimli bir \u015fekilde \u00fcretilmesini sa\u011flamak i\u00e7in birlikte \u00e7al\u0131\u015f\u0131r.<\/p>\n<p>Makine taraf\u0131ndan \u00fcretilen zemin kaplama panelleri, ticari ve end\u00fcstriyel binalar\u0131n yap\u0131m\u0131nda zeminler i\u00e7in yap\u0131sal bir bile\u015fen olarak yayg\u0131n \u015fekilde kullan\u0131l\u0131r. Ekipman, makine veya depolama malzemeleri gibi y\u00fckleri desteklemek i\u00e7in sa\u011flam ve dayan\u0131kl\u0131 bir y\u00fczey sa\u011flarlar. Paneller h\u0131zl\u0131 ve kolay bir \u015fekilde monte edilebilir, bu da daha h\u0131zl\u0131 in\u015faat s\u00fcrelerine ve genel in\u015faat s\u00fcrecinde maliyet tasarrufuna katk\u0131da bulunur.<\/p>\n<h3>\u00e7ift katl\u0131 rulo \u015fekillendirme makinesinin i\u015flevi<\/h3>\n<ol>\n<li>Artan \u00fcretkenlik: \u0130ki profili ayn\u0131 anda \u015fekillendirerek, \u00e7ift katl\u0131 rulo \u015fekillendirme makinesi, tek katl\u0131 bir makineye k\u0131yasla \u00fcretim \u00e7\u0131kt\u0131s\u0131n\u0131 \u00f6nemli \u00f6l\u00e7\u00fcde art\u0131rabilir. Bu \u00f6zellik, daha y\u00fcksek \u00fcretim verimlili\u011fi ve daha h\u0131zl\u0131 i\u015fleme s\u00fcreleri sa\u011flar.<\/li>\n<li>Yer tasarrufu sa\u011flar: \u0130ki ayr\u0131 rulo \u015fekillendirme makinesini \u00e7al\u0131\u015ft\u0131rmak yerine, \u00e7ift katl\u0131 bir makine i\u015flevleri tek bir \u00fcnitede birle\u015ftirir. Bu, daha az kurulum alan\u0131 gerektirdi\u011fi ve ek ekipman ihtiyac\u0131n\u0131 azaltt\u0131\u011f\u0131 i\u00e7in de\u011ferli fabrika zemin alan\u0131ndan tasarruf edilmesine yard\u0131mc\u0131 olur.<\/li>\n<li>\u00c7ok y\u00f6nl\u00fcl\u00fck: Makine, ayn\u0131 anda iki farkl\u0131 profil veya desen \u00fcretimine izin vererek \u00e7ok y\u00f6nl\u00fcl\u00fck sunar. \u00dcreticilerin \u00fcr\u00fcn tekliflerini \u00e7e\u015fitlendirmelerini ve birden fazla makineye veya tak\u0131m de\u011fi\u015fikli\u011fine gerek kalmadan de\u011fi\u015fen m\u00fc\u015fteri taleplerini kar\u015f\u0131lamalar\u0131n\u0131 sa\u011flar.<\/li>\n<li>Uygun maliyetli: \u00c7ift katl\u0131 rulo \u015fekillendirme makinesi, iki ayr\u0131 makinenin \u00e7al\u0131\u015ft\u0131r\u0131lmas\u0131yla ili\u015fkili ekipman yat\u0131r\u0131m\u0131n\u0131 ve bak\u0131m maliyetlerini azaltarak maliyet tasarrufu sa\u011flar. Ayr\u0131ca \u00fcretim s\u00fcrecini denetlemek i\u00e7in daha az operat\u00f6r gerekti\u011finden i\u015f\u00e7ilik maliyetlerini d\u00fc\u015f\u00fcrmeye yard\u0131mc\u0131 olur.<\/li>\n<li>Hassasiyet ve tutarl\u0131l\u0131k: Makine, her iki profilin de hassas ve tutarl\u0131 bir \u015fekilde \u015fekillendirilmesini sa\u011flamak \u00fczere tasarlanm\u0131\u015ft\u0131r. Geli\u015fmi\u015f kontrol sistemleri ve tak\u0131mlar\u0131 sayesinde s\u0131k\u0131 toleranslar\u0131 koruyarak y\u00fcksek kaliteli bitmi\u015f \u00fcr\u00fcnler elde edilmesini sa\u011flar.<\/li>\n<li>Zaman kazand\u0131ran kurulum: \u00c7ift katl\u0131 rulo \u015fekillendirme makinesi genellikle farkl\u0131 profil kurulumlar\u0131 aras\u0131nda verimli ve h\u0131zl\u0131 ge\u00e7i\u015f sa\u011flayan h\u0131zl\u0131 de\u011fi\u015ftirme sistemlerine sahiptir. Bu \u00f6zellik, \u00fcretim de\u011fi\u015fimleri s\u0131ras\u0131nda duru\u015f s\u00fcresini en aza indirir ve genel operasyonel verimlili\u011fi art\u0131r\u0131r.<\/li>\n<\/ol>\n<h3>\u00e7elik g\u00fcverte rulo \u015fekillendirme makinesi uygulama alan\u0131<\/h3>\n<ol>\n<li>Ticari ve End\u00fcstriyel Binalar: Rulo \u015fekillendirme makineleri ile \u00fcretilen \u00e7elik zemin kaplamas\u0131 panelleri, ticari ve end\u00fcstriyel binalar\u0131n yap\u0131m\u0131nda yap\u0131sal bir bile\u015fen olarak yayg\u0131n \u015fekilde kullan\u0131lmaktad\u0131r. Beton zeminler i\u00e7in bir taban g\u00f6revi g\u00f6r\u00fcrler ve ekipman, makine, depolama malzemeleri ve insanlar gibi y\u00fckleri desteklemek i\u00e7in sa\u011flam ve dayan\u0131kl\u0131 bir y\u00fczey sa\u011flarlar.<\/li>\n<li>Y\u00fcksek Binalar: \u00c7elik zemin kaplama panelleri y\u00fcksek binalar\u0131n yap\u0131m\u0131nda s\u0131kl\u0131kla kullan\u0131l\u0131r. M\u00fckemmel y\u00fck ta\u015f\u0131ma kapasitesi, yang\u0131n direnci ve yap\u0131sal stabilite sunmalar\u0131, onlar\u0131 \u00e7ok katl\u0131 yap\u0131larda kullan\u0131m i\u00e7in ideal hale getirmektedir.<\/li>\n<li>Asma Katlar: Asma katlar, ek kullan\u0131labilir alan yaratmak i\u00e7in bir bina i\u00e7inde in\u015fa edilen ara katlard\u0131r. \u00c7elik zemin kaplamas\u0131 panelleri, g\u00fc\u00e7leri, dayan\u0131kl\u0131l\u0131klar\u0131 ve kurulum kolayl\u0131klar\u0131 nedeniyle asma kat d\u00f6\u015femeleri i\u00e7in yayg\u0131n olarak kullan\u0131l\u0131r. Bu paneller depolama, ofis alanlar\u0131 veya di\u011fer i\u015flevsel alanlar i\u00e7in sa\u011flam ve g\u00fcvenli bir platform sa\u011flar.<\/li>\n<li>\u00c7at\u0131 Sistemleri: \u00c7elik zemin kaplamas\u0131 panelleri, \u00e7e\u015fitli bina t\u00fcrlerinde \u00e7at\u0131 kaplama sistemlerinin bir bile\u015feni olarak kullan\u0131labilir. Yal\u0131t\u0131m ve su yal\u0131t\u0131m membranlar\u0131 gibi \u00e7at\u0131 kaplama malzemeleri i\u00e7in yap\u0131sal destek sa\u011flarlar. \u00c7elik zemin kaplama panelleri m\u00fckemmel y\u00fck ta\u015f\u0131ma kapasitesi, dayan\u0131kl\u0131l\u0131k ve hava ko\u015fullar\u0131na kar\u015f\u0131 diren\u00e7 sunar.<\/li>\n<li>Altyap\u0131 Projeleri: Rollform makineleri ile \u00fcretilen \u00e7elik zemin kaplama panelleri, k\u00f6pr\u00fcler, platformlar, y\u00fcr\u00fcy\u00fc\u015f yollar\u0131 ve tren istasyonlar\u0131 gibi altyap\u0131 projelerinde kullan\u0131l\u0131r. Yaya ve ara\u00e7 trafi\u011fi i\u00e7in sa\u011flam ve g\u00fcvenli bir y\u00fczey sa\u011flarlar.<\/li>\n<li>Ge\u00e7ici Yap\u0131lar: \u00c7elik zemin kaplamas\u0131 panelleri sergi salonlar\u0131, depolar ve etkinlik mekanlar\u0131 gibi ge\u00e7ici yap\u0131lar\u0131n in\u015fas\u0131nda da kullan\u0131l\u0131r. Gerekti\u011finde kolayca s\u00f6k\u00fclebilen ve yeri de\u011fi\u015ftirilebilen i\u015flevsel alanlar olu\u015fturmak i\u00e7in h\u0131zl\u0131 ve verimli bir \u00e7\u00f6z\u00fcm sunarlar.<\/li>\n<\/ol>\n<\/div>","protected":false},"excerpt":{"rendered":"<p>Zemin kaplamas\u0131 rulo \u015fekillendirme hatt\u0131, b\u00fcy\u00fck dalga uzunlu\u011fu ile y\u00fcksek mukavemete sahiptir. Betona iyi yap\u0131\u015f\u0131r. Y\u00fcksek binalarda kullan\u0131ld\u0131\u011f\u0131nda, sadece \u00e7elik kal\u0131p plakas\u0131ndan tasarruf etmekle kalmaz, ayn\u0131 zamanda kat a\u011f\u0131rl\u0131\u011f\u0131n\u0131 da azalt\u0131r. Ayn\u0131 ta\u015f\u0131ma kapasitesi ile \u00e7elikten tasarruf sa\u011flar ve buna ba\u011fl\u0131 olarak yat\u0131r\u0131m\u0131 azalt\u0131r.<strong><b>\u00a0<\/b><\/strong><\/p>","protected":false},"featured_media":1075,"comment_status":"open","ping_status":"closed","template":"","meta":{"_acf_changed":false},"product_brand":[],"product_cat":[77,52],"product_tag":[],"class_list":{"0":"post-1069","1":"product","2":"type-product","3":"status-publish","4":"has-post-thumbnail","6":"product_cat-floor-deck-roll-forming-machine","7":"product_cat-steel-structure","9":"first","10":"instock","11":"shipping-taxable","12":"product-type-simple"},"acf":[],"_links":{"self":[{"href":"https:\/\/swforming.com\/tr\/wp-json\/wp\/v2\/product\/1069","targetHints":{"allow":["GET"]}}],"collection":[{"href":"https:\/\/swforming.com\/tr\/wp-json\/wp\/v2\/product"}],"about":[{"href":"https:\/\/swforming.com\/tr\/wp-json\/wp\/v2\/types\/product"}],"replies":[{"embeddable":true,"href":"https:\/\/swforming.com\/tr\/wp-json\/wp\/v2\/comments?post=1069"}],"version-history":[{"count":3,"href":"https:\/\/swforming.com\/tr\/wp-json\/wp\/v2\/product\/1069\/revisions"}],"predecessor-version":[{"id":3238,"href":"https:\/\/swforming.com\/tr\/wp-json\/wp\/v2\/product\/1069\/revisions\/3238"}],"wp:featuredmedia":[{"embeddable":true,"href":"https:\/\/swforming.com\/tr\/wp-json\/wp\/v2\/media\/1075"}],"wp:attachment":[{"href":"https:\/\/swforming.com\/tr\/wp-json\/wp\/v2\/media?parent=1069"}],"wp:term":[{"taxonomy":"product_brand","embeddable":true,"href":"https:\/\/swforming.com\/tr\/wp-json\/wp\/v2\/product_brand?post=1069"},{"taxonomy":"product_cat","embeddable":true,"href":"https:\/\/swforming.com\/tr\/wp-json\/wp\/v2\/product_cat?post=1069"},{"taxonomy":"product_tag","embeddable":true,"href":"https:\/\/swforming.com\/tr\/wp-json\/wp\/v2\/product_tag?post=1069"}],"curies":[{"name":"wp","href":"https:\/\/api.w.org\/{rel}","templated":true}]}}