{"id":1012,"date":"2022-09-29T07:48:39","date_gmt":"2022-09-29T07:48:39","guid":{"rendered":"https:\/\/swforming.com\/?post_type=product&#038;p=1012"},"modified":"2026-01-12T12:31:09","modified_gmt":"2026-01-12T12:31:09","slug":"high-speed-c-purlin-machine","status":"publish","type":"product","link":"https:\/\/swforming.com\/tr\/product\/high-speed-c-purlin-machine\/","title":{"rendered":"Y\u00fcksek H\u0131zl\u0131 C A\u015f\u0131k Makinesi"},"content":{"rendered":"<h3>Y\u00fcksek H\u0131zl\u0131 C A\u015f\u0131k Makinesi \u00d6zellikleri<\/h3>\n<p>Y\u00fcksek H\u0131zl\u0131 C A\u015f\u0131k Makinesi, y\u00fcksek \u00fcretim kapasitesi gereksinimleri i\u00e7in tasarlanm\u0131\u015ft\u0131r. Ve h\u0131z 40m\/dk'dan fazla olabilir<\/p>\n<h3>Uygulamalar<\/h3>\n<p>Bitmi\u015f \u00fcr\u00fcnler, bina in\u015faat\u0131 ve PV g\u00fcne\u015f montaj braketi i\u00e7in yayg\u0131n olarak kullan\u0131lmaktad\u0131r.<\/p>\n<h3>S\u00fcre\u00e7 Ak\u0131\u015f\u0131<\/h3>\n<p>Uncoiler -ak\u00fcm\u00fclat\u00f6r-popo kayna\u011f\u0131- Besleme - Do\u011frultma - Rulo \u015eekillendirme - Kesme - \u00c7\u0131k\u0131\u015f Raf\u0131<\/p>\n<h3>Makine Konfig\u00fcrasyonlar\u0131<\/h3>\n<div>\n<table>\n<tbody>\n<tr>\n<td data-sheets-value=\"{&quot;1&quot;:2,&quot;2&quot;:&quot;1. 3T \u00d7 500mm Hydraulic Uncoiler&quot;}\">1. 3T \u00d7 500mm Hidrolik A\u00e7\u0131c\u0131<\/td>\n<td data-sheets-value=\"{&quot;1&quot;:2,&quot;2&quot;:&quot;2. Accumulator&quot;}\">2. Ak\u00fcm\u00fclat\u00f6r<\/td>\n<\/tr>\n<tr>\n<td data-sheets-value=\"{&quot;1&quot;:2,&quot;2&quot;:&quot;3. Butt welding&quot;}\">3. Al\u0131n kayna\u011f\u0131<\/td>\n<td data-sheets-value=\"{&quot;1&quot;:2,&quot;2&quot;:&quot;4. Feeding Device and straightening&quot;}\">\n<div>\n<div>4. Besleme Cihaz\u0131 ve do\u011frultma<\/div>\n<\/div>\n<\/td>\n<\/tr>\n<tr>\n<td data-sheets-value=\"{&quot;1&quot;:2,&quot;2&quot;:&quot;5. Roll Forming Machine&quot;}\">5. Rulo \u015eekillendirme Makinesi<\/td>\n<td data-sheets-value=\"{&quot;1&quot;:2,&quot;2&quot;:&quot;6. Servo tracking cutter&quot;}\">6. Servo izleme kesici<\/td>\n<\/tr>\n<tr>\n<td data-sheets-value=\"{&quot;1&quot;:2,&quot;2&quot;:&quot;7. PLC Control System&quot;}\">7. PLC Kontrol Sistemi<\/td>\n<td data-sheets-value=\"{&quot;1&quot;:2,&quot;2&quot;:&quot;8. Exit Rack&quot;}\">8. \u00c7\u0131k\u0131\u015f Raf\u0131<\/td>\n<\/tr>\n<\/tbody>\n<\/table>\n<h3>C a\u015f\u0131k rulo \u015fekillendirme makinesinin bile\u015fenleri nelerdir?<\/h3>\n<p>C a\u015f\u0131k rulo \u015fekillendirme makinesi, metal \u015feridi C a\u015f\u0131klar\u0131na \u015fekillendirmek i\u00e7in birlikte \u00e7al\u0131\u015fan birka\u00e7 temel bile\u015fenden olu\u015fur. Belirli bile\u015fenler makinenin tasar\u0131m\u0131na ve \u00fcreticisine ba\u011fl\u0131 olarak de\u011fi\u015febilir, ancak burada bir C a\u015f\u0131k rulo \u015fekillendirme makinesinde bulabilece\u011finiz tipik bile\u015fenler bulunmaktad\u0131r:<\/p>\n<ol>\n<li>A\u00e7\u0131c\u0131: Bu bile\u015fen \u00e7elik bobini tutar ve \u015fekillendirme i\u015flemi ger\u00e7ekle\u015firken bobinin kontroll\u00fc olarak \u00e7\u00f6z\u00fclmesini sa\u011flar.<\/li>\n<li>Besleme Sistemi: Besleme sistemi, metal \u015feridi a\u00e7\u0131c\u0131dan makinenin \u015fekillendirme b\u00f6l\u00fcm\u00fcne y\u00f6nlendiren silindirlerden veya di\u011fer mekanizmalardan olu\u015fur.<\/li>\n<li>Tesviye Sistemi: Tesviye sistemi, metal \u015feridin rulo \u015fekillendirme b\u00f6l\u00fcm\u00fcne girmeden \u00f6nce d\u00fcz ve homojen olmas\u0131n\u0131 sa\u011flar. \u015eeritteki herhangi bir e\u011frili\u011fi veya \u00e7arp\u0131kl\u0131\u011f\u0131 gidermek i\u00e7in tesviye silindirleri veya di\u011fer cihazlar\u0131 i\u00e7erebilir.<\/li>\n<li>Rulo \u015eekillendirme Silindirleri: Bunlar makinenin en kritik bile\u015fenleridir. Rulo \u015fekillendirme silindirleri bir s\u0131ra halinde d\u00fczenlenir ve metal \u015feridi kademeli olarak istenen C profiline \u015fekillendirir. Her silindir, \u015feridi kademeli olarak nihai \u015fekle d\u00f6n\u00fc\u015ft\u00fcren belirli bir b\u00fckme veya \u015fekillendirme i\u015flemi ger\u00e7ekle\u015ftirir.<\/li>\n<li>Kesme Sistemi: \u0130stenen C a\u015f\u0131k uzunlu\u011funa ula\u015f\u0131ld\u0131\u011f\u0131nda, olu\u015fturulan a\u015f\u0131\u011f\u0131 gerekli boyutta kesmek i\u00e7in bir kesme sistemi kullan\u0131l\u0131r. Bu bir u\u00e7an makas, hidrolik makas veya di\u011fer kesme mekanizmalar\u0131 olabilir.<\/li>\n<li>Kontrol Sistemi: Kontrol sistemi, makinenin \u00e7e\u015fitli i\u015flevlerini \u00e7al\u0131\u015ft\u0131ran ve kontrol eden elektrikli ve elektronik bile\u015fenlerden olu\u015fur. Operat\u00f6rlerin parametreleri ayarlamas\u0131na ve makinenin performans\u0131n\u0131 izlemesine olanak tan\u0131yan programlanabilir bir mant\u0131k denetleyicisi (PLC) veya bilgisayarl\u0131 bir kontrol paneli i\u00e7erir.<\/li>\n<li>Tahrik Sistemi: Tahrik sistemi, silindirlere ve makinenin di\u011fer hareketli par\u00e7alar\u0131na g\u00fc\u00e7 sa\u011flar. Tipik olarak \u015fekillendirme silindirlerine g\u00fc\u00e7 ve hareket ileten motorlar, di\u015fli kutular\u0131, zincirler ve kay\u0131\u015flar i\u00e7erir.<\/li>\n<li>Destek ve \u00c7er\u00e7eve Yap\u0131s\u0131: Makine, stabilite ve destek sa\u011flayan sa\u011flam bir \u00e7er\u00e7eve yap\u0131s\u0131 \u00fczerine in\u015fa edilmi\u015ftir. Ayr\u0131ca k\u0131lavuz raylar, yan \u00e7er\u00e7eveler ve \u015fekillendirilmi\u015f C a\u015f\u0131klar\u0131 i\u00e7in destekler gibi yard\u0131mc\u0131 bile\u015fenler de i\u00e7erebilir.<\/li>\n<\/ol>\n<p>Bunlar bir C a\u015f\u0131k rulo \u015fekillendirme makinesinin ana bile\u015fenleridir, ancak makinenin \u00f6zel tasar\u0131m\u0131na ve i\u015flevselli\u011fine ba\u011fl\u0131 olarak ek \u00f6zellikler ve alt sistemler olabilir.<\/p>\n<h3>C a\u015f\u0131k rulo \u015fekillendirme makinesi fiyat\u0131 ne kadar?<\/h3>\n<p>Bir C a\u015f\u0131k rulo \u015fekillendirme makinesinin fiyat\u0131, makinenin \u00f6zellikleri, kalitesi, \u00fcreticisi, konumu ve ek \u00f6zellikleri gibi \u00e7e\u015fitli fakt\u00f6rlere ba\u011fl\u0131 olarak \u00f6nemli \u00f6l\u00e7\u00fcde de\u011fi\u015febilir. Bu nedenle, belirli ayr\u0131nt\u0131lar olmadan kesin bir fiyat vermek zordur.<\/p>\n<p>Bununla birlikte, genel bir k\u0131lavuz olarak, C a\u015f\u0131k rulo \u015fekillendirme makinelerinin fiyat\u0131 on binlerce dolardan birka\u00e7 y\u00fcz bin dolara kadar de\u011fi\u015febilir. Standart \u00f6zelliklere ve d\u00fc\u015f\u00fck \u00fcretim kapasitelerine sahip temel modeller daha uygun fiyatl\u0131 olma e\u011filimindeyken, daha y\u00fcksek \u00fcretim kapasitelerine, geli\u015fmi\u015f \u00f6zelliklere ve \u00f6zelle\u015ftirme se\u00e7eneklerine sahip makineler genellikle daha pahal\u0131d\u0131r.<\/p>\n<p>Makinenin fiyat\u0131n\u0131n genel yat\u0131r\u0131m\u0131n sadece bir y\u00f6n\u00fc oldu\u011funu g\u00f6z \u00f6n\u00fcnde bulundurmak \u00f6nemlidir. Dikkate al\u0131nmas\u0131 gereken di\u011fer maliyetler aras\u0131nda nakliye, kurulum, e\u011fitim ve s\u00fcrekli bak\u0131m ve destek yer alabilir.<\/p>\n<p>Bir C a\u015f\u0131k rulo \u015fekillendirme makinesi i\u00e7in do\u011fru bir fiyat elde etmek i\u00e7in do\u011frudan makine \u00fcreticileri veya tedarik\u00e7ileriyle ileti\u015fime ge\u00e7meniz \u00f6nerilir. Size \u00f6zel gereksinimlerinize g\u00f6re ayr\u0131nt\u0131l\u0131 teklifler sunabilir ve ihtiya\u00e7lar\u0131n\u0131za ve b\u00fct\u00e7enize en uygun makineyi se\u00e7menize yard\u0131mc\u0131 olabilirler.<\/p>\n<h3>Oem c a\u015f\u0131k rulo \u015fekillendirme makinesi nas\u0131l i\u015fbirli\u011fi yapar?<\/h3>\n<p>C a\u015f\u0131k rulo \u015fekillendirme makinesi ba\u011flam\u0131nda OEM (Orijinal Ekipman \u00dcreticisi) i\u015fbirli\u011fi, makineyi farkl\u0131 bir marka ad\u0131 alt\u0131nda veya belirli bir m\u00fc\u015fteri i\u00e7in \u00f6zelle\u015ftirilmi\u015f bir \u00e7\u00f6z\u00fcm olarak tasarlamak, \u00fcretmek ve da\u011f\u0131tmak i\u00e7in bir \u00fcretici ile ortakl\u0131k yapmay\u0131 i\u00e7erir. OEM i\u015fbirli\u011finin rulo \u015fekillendirme makinesi end\u00fcstrisinde tipik olarak nas\u0131l i\u015fledi\u011fi a\u015fa\u011f\u0131da a\u00e7\u0131klanm\u0131\u015ft\u0131r:<\/p>\n<ol>\n<li>OEM Orta\u011f\u0131n\u0131n Belirlenmesi: Bir OEM i\u015fbirli\u011fi arayan m\u00fc\u015fteri veya marka, OEM orta\u011f\u0131 olarak sayg\u0131n ve deneyimli bir rulo \u015fekillendirme makinesi \u00fcreticisi se\u00e7er. \u00dcretici, istenen C a\u015f\u0131k rulo \u015fekillendirme makinesini geli\u015ftirmek ve \u00fcretmek i\u00e7in gerekli uzmanl\u0131\u011fa, yeteneklere ve kaynaklara sahip olmal\u0131d\u0131r.<\/li>\n<li>Gereksinim Analizi: M\u00fc\u015fteri, makine \u00f6zellikleri, performans parametreleri, \u00f6zelle\u015ftirme ihtiya\u00e7lar\u0131 ve marka y\u00f6nergeleri dahil olmak \u00fczere \u00f6zel gereksinimlerini OEM orta\u011f\u0131na iletir. Bu, \u00fcretim kapasitesi, malzeme kal\u0131nl\u0131\u011f\u0131, profil boyutlar\u0131, otomasyon seviyesi ve istenen benzersiz \u00f6zellikler veya i\u015flevler gibi fakt\u00f6rleri i\u00e7erir.<\/li>\n<li>Tasar\u0131m ve Geli\u015ftirme: OEM \u00fcreticisi, m\u00fc\u015fterinin gereksinimlerine dayanarak C a\u015f\u0131k rulo \u015fekillendirme makinesini tasarlar ve istenen \u00f6zellikleri kar\u015f\u0131lamas\u0131n\u0131 sa\u011flar. Bu, makinenin rulo \u015fekillendirme silindirleri, kesme sistemleri, tahrik sistemleri ve kontrol sistemleri gibi bile\u015fenlerinin m\u00fc\u015fterinin ihtiya\u00e7lar\u0131na uyacak \u015fekilde m\u00fchendisli\u011fini i\u00e7erir.<\/li>\n<li>Prototip ve Test: Tasar\u0131m tamamland\u0131ktan sonra, OEM \u00fcreticisi C a\u015f\u0131k rulo \u015fekillendirme makinesinin bir prototipini \u00fcretir. Prototip, kalite standartlar\u0131n\u0131, performans beklentilerini ve yasal gereklilikleri kar\u015f\u0131lad\u0131\u011f\u0131ndan emin olmak i\u00e7in titiz test ve de\u011ferlendirmelere tabi tutulur.<\/li>\n<li>\u00d6zelle\u015ftirme ve Markala\u015fma: Gerekirse OEM orta\u011f\u0131, marka, renk \u015femalar\u0131, kontrol paneli tasar\u0131m\u0131 veya ek \u00f6zellikler gibi m\u00fc\u015fteri taraf\u0131ndan talep edilen her t\u00fcrl\u00fc \u00f6zelle\u015ftirmeyi dahil eder. Ama\u00e7, makinenin g\u00f6r\u00fcn\u00fcm\u00fcn\u00fc ve i\u015flevselli\u011fini m\u00fc\u015fterinin marka kimli\u011fi veya \u00f6zel ihtiya\u00e7lar\u0131 ile uyumlu hale getirmektir.<\/li>\n<li>\u00dcretim ve Teslimat: Prototip onayland\u0131ktan sonra OEM \u00fcreticisi, \u00fczerinde anla\u015f\u0131lan miktarlara g\u00f6re C a\u015f\u0131k rulo \u015fekillendirme makinelerinin \u00fcretimine devam eder. Makineler daha sonra m\u00fc\u015fteriye teslim edilir veya m\u00fc\u015fterinin bayi veya m\u00fc\u015fteri a\u011f\u0131na da\u011f\u0131t\u0131l\u0131r.<\/li>\n<li>Destek ve Servis: \u0130\u015fbirli\u011fi boyunca ve teslimattan sonra, OEM orta\u011f\u0131 genellikle m\u00fc\u015fteriye ve son kullan\u0131c\u0131lar\u0131na teknik destek, e\u011fitim ve bak\u0131m hizmetleri sa\u011flar. Bu, makinelerin do\u011fru \u015fekilde kurulmas\u0131n\u0131, \u00e7al\u0131\u015ft\u0131r\u0131lmas\u0131n\u0131 ve s\u00fcrekli performans g\u00f6stermesini sa\u011flar.<\/li>\n<\/ol>\n<p>OEM i\u015fbirlikleri, markalar\u0131n veya m\u00fc\u015fterilerin yerle\u015fik rulo \u015fekillendirme makinesi \u00fcreticilerinin uzmanl\u0131\u011f\u0131ndan ve \u00fcretim kabiliyetlerinden yararlanmas\u0131na olanak tan\u0131r. Bu, \u00fcreticinin deneyiminden, kalite kontrol\u00fcnden ve tedarik zinciri y\u00f6netiminden yararlan\u0131rken \u00f6zelle\u015ftirilmi\u015f \u00e7\u00f6z\u00fcmler sunmalar\u0131n\u0131, \u00fcr\u00fcn portf\u00f6ylerini geni\u015fletmelerini veya yeni pazarlara girmelerini sa\u011flar.<\/p>\n<\/div>","protected":false},"excerpt":{"rendered":"<p>High Speed C Purlin Machine Features High Speed C Purlin Machine\u00a0is designed for the high production capacity requirements. And the speed can be more than 40m\/min Applications The finished products are widely used for building construction and PV solar mounting bracket. Process Flow Uncoiler &#8212;accumulator&#8212;butt welding&#8212;\u00a0Feeding &#8212; Straightening &#8212;\u00a0Roll Forming &#8212; Cutting &#8212; Exit Rack [&hellip;]<\/p>\n","protected":false},"featured_media":1017,"comment_status":"open","ping_status":"closed","template":"","meta":{"_acf_changed":false},"product_brand":[],"product_cat":[76,52],"product_tag":[],"class_list":{"0":"post-1012","1":"product","2":"type-product","3":"status-publish","4":"has-post-thumbnail","6":"product_cat-c-purlin-roll-forming-machine","7":"product_cat-steel-structure","9":"first","10":"instock","11":"shipping-taxable","12":"product-type-simple"},"acf":[],"_links":{"self":[{"href":"https:\/\/swforming.com\/tr\/wp-json\/wp\/v2\/product\/1012","targetHints":{"allow":["GET"]}}],"collection":[{"href":"https:\/\/swforming.com\/tr\/wp-json\/wp\/v2\/product"}],"about":[{"href":"https:\/\/swforming.com\/tr\/wp-json\/wp\/v2\/types\/product"}],"replies":[{"embeddable":true,"href":"https:\/\/swforming.com\/tr\/wp-json\/wp\/v2\/comments?post=1012"}],"version-history":[{"count":3,"href":"https:\/\/swforming.com\/tr\/wp-json\/wp\/v2\/product\/1012\/revisions"}],"predecessor-version":[{"id":3253,"href":"https:\/\/swforming.com\/tr\/wp-json\/wp\/v2\/product\/1012\/revisions\/3253"}],"wp:featuredmedia":[{"embeddable":true,"href":"https:\/\/swforming.com\/tr\/wp-json\/wp\/v2\/media\/1017"}],"wp:attachment":[{"href":"https:\/\/swforming.com\/tr\/wp-json\/wp\/v2\/media?parent=1012"}],"wp:term":[{"taxonomy":"product_brand","embeddable":true,"href":"https:\/\/swforming.com\/tr\/wp-json\/wp\/v2\/product_brand?post=1012"},{"taxonomy":"product_cat","embeddable":true,"href":"https:\/\/swforming.com\/tr\/wp-json\/wp\/v2\/product_cat?post=1012"},{"taxonomy":"product_tag","embeddable":true,"href":"https:\/\/swforming.com\/tr\/wp-json\/wp\/v2\/product_tag?post=1012"}],"curies":[{"name":"wp","href":"https:\/\/api.w.org\/{rel}","templated":true}]}}