{"id":214,"date":"2022-09-01T05:42:29","date_gmt":"2022-09-01T05:42:29","guid":{"rendered":"https:\/\/swforming.com\/?page_id=214"},"modified":"2022-09-02T08:18:24","modified_gmt":"2022-09-02T08:18:24","slug":"factory","status":"publish","type":"page","link":"https:\/\/swforming.com\/tr\/factory\/","title":{"rendered":"Fabrika"},"content":{"rendered":"<div data-elementor-type=\"wp-page\" data-elementor-id=\"214\" class=\"elementor elementor-214\" data-elementor-post-type=\"page\">\n\t\t\t\t\t\t<section data-particle_enable=\"false\" data-particle-mobile-disabled=\"false\" class=\"elementor-section elementor-top-section elementor-element elementor-element-37db29b ct-section-stretched elementor-section-height-min-height elementor-section-boxed elementor-section-height-default elementor-section-items-middle\" data-id=\"37db29b\" data-element_type=\"section\" data-e-type=\"section\" data-settings=\"{&quot;background_background&quot;:&quot;classic&quot;}\">\n\t\t\t\t\t\t\t<div class=\"elementor-background-overlay\"><\/div>\n\t\t\t\t\t\t\t<div class=\"elementor-container elementor-column-gap-default\">\n\t\t\t\t\t<div class=\"elementor-column elementor-col-100 elementor-top-column elementor-element elementor-element-ed51630\" data-id=\"ed51630\" data-element_type=\"column\" data-e-type=\"column\">\n\t\t\t<div class=\"elementor-widget-wrap elementor-element-populated\">\n\t\t\t\t\t\t<div class=\"elementor-element elementor-element-e6dd4a7 elementor-widget elementor-widget-heading\" data-id=\"e6dd4a7\" data-element_type=\"widget\" data-e-type=\"widget\" data-widget_type=\"heading.default\">\n\t\t\t\t<div class=\"elementor-widget-container\">\n\t\t\t\t\t<h1 class=\"elementor-heading-title elementor-size-default\">Fabrikam\u0131z<\/h1>\t\t\t\t<\/div>\n\t\t\t\t<\/div>\n\t\t\t\t\t<\/div>\n\t\t<\/div>\n\t\t\t\t\t<\/div>\n\t\t<\/section>\n\t\t\t\t<section data-particle_enable=\"false\" data-particle-mobile-disabled=\"false\" class=\"elementor-section elementor-top-section elementor-element elementor-element-8ad7d98 elementor-section-boxed elementor-section-height-default elementor-section-height-default\" data-id=\"8ad7d98\" data-element_type=\"section\" data-e-type=\"section\">\n\t\t\t\t\t\t<div class=\"elementor-container elementor-column-gap-custom\">\n\t\t\t\t\t<div class=\"elementor-column elementor-col-50 elementor-top-column elementor-element elementor-element-ea58ef3\" data-id=\"ea58ef3\" data-element_type=\"column\" data-e-type=\"column\">\n\t\t\t<div class=\"elementor-widget-wrap elementor-element-populated\">\n\t\t\t\t\t\t<div class=\"elementor-element elementor-element-6b57d6f elementor-widget elementor-widget-heading\" data-id=\"6b57d6f\" data-element_type=\"widget\" data-e-type=\"widget\" data-widget_type=\"heading.default\">\n\t\t\t\t<div class=\"elementor-widget-container\">\n\t\t\t\t\t<h5 class=\"elementor-heading-title elementor-size-default\">kali\u0307teli\u0307 \u00fcreti\u0307m<\/h5>\t\t\t\t<\/div>\n\t\t\t\t<\/div>\n\t\t\t\t<div class=\"elementor-element elementor-element-6799cfc elementor-widget elementor-widget-heading\" data-id=\"6799cfc\" data-element_type=\"widget\" data-e-type=\"widget\" data-widget_type=\"heading.default\">\n\t\t\t\t<div class=\"elementor-widget-container\">\n\t\t\t\t\t<h2 class=\"elementor-heading-title elementor-size-default\">\u00c7in'de Lider Rulo \u015eekillendirme Makinesi Fabrikas\u0131<\/h2>\t\t\t\t<\/div>\n\t\t\t\t<\/div>\n\t\t\t\t<div class=\"elementor-element elementor-element-b435b37 elementor-widget elementor-widget-text-editor\" data-id=\"b435b37\" data-element_type=\"widget\" data-e-type=\"widget\" data-widget_type=\"text-editor.default\">\n\t\t\t\t<div class=\"elementor-widget-container\">\n\t\t\t\t\t\t\t\t\t<p>Rulo \u015fekillendirme makinesi fabrikam\u0131z, profesyonel olarak so\u011fuk \u015fekillendirme makinesi \u00fcreten i\u015fletme olan 20 y\u0131l\u0131 a\u015fk\u0131n bir s\u00fcredir kurulmu\u015ftur. Sunway, ara\u015ft\u0131rma ve geli\u015ftirme, malzeme sat\u0131n alma, \u00fcretim, denetim, paketleme ve ihracattan olu\u015fan eksiksiz bir \u00fcretim sistemine sahiptir.<\/p><p>T\u00fcm yetenekli ve deneyimli \u00e7al\u0131\u015fanlar\u0131m\u0131z, s\u0131k\u0131 kalite kontrol sistemimiz, m\u00fckemmel y\u00f6netim ekibimiz ve i\u015f g\u00fcc\u00fcm\u00fcz ve bu sekt\u00f6re ili\u015fkin keskin i\u00e7g\u00f6r\u00fcm\u00fcz, \u00fcr\u00fcnlerimizin uluslararas\u0131 standartlar\u0131 ve ihtiya\u00e7lar\u0131 kar\u015f\u0131lamas\u0131n\u0131 sa\u011flamak i\u00e7in tasarlanm\u0131\u015ft\u0131r.<\/p>\t\t\t\t\t\t\t\t<\/div>\n\t\t\t\t<\/div>\n\t\t\t\t<div class=\"elementor-element elementor-element-cfe889e elementor-mobile-align-center elementor-align-left elementor-widget elementor-widget-button\" data-id=\"cfe889e\" data-element_type=\"widget\" data-e-type=\"widget\" data-widget_type=\"button.default\">\n\t\t\t\t<div class=\"elementor-widget-container\">\n\t\t\t\t\t\t\t\t\t<div class=\"elementor-button-wrapper\">\n\t\t\t\t\t<a class=\"elementor-button elementor-button-link elementor-size-md\" href=\"#elementor-action%3Aaction%3Dpopup%3Aopen%26settings%3DeyJpZCI6IjMwNiIsInRvZ2dsZSI6ZmFsc2V9\">\n\t\t\t\t\t\t<span class=\"elementor-button-content-wrapper\">\n\t\t\t\t\t\t\t\t\t<span class=\"elementor-button-text\">B\u0130ZE ULA\u015eIN<\/span>\n\t\t\t\t\t<\/span>\n\t\t\t\t\t<\/a>\n\t\t\t\t<\/div>\n\t\t\t\t\t\t\t\t<\/div>\n\t\t\t\t<\/div>\n\t\t\t\t\t<\/div>\n\t\t<\/div>\n\t\t\t\t<div class=\"elementor-column elementor-col-50 elementor-top-column elementor-element elementor-element-8e18fd6\" data-id=\"8e18fd6\" data-element_type=\"column\" data-e-type=\"column\">\n\t\t\t<div class=\"elementor-widget-wrap elementor-element-populated\">\n\t\t\t\t\t\t<div class=\"elementor-element elementor-element-4747ead elementor-widget elementor-widget-image\" data-id=\"4747ead\" data-element_type=\"widget\" data-e-type=\"widget\" data-widget_type=\"image.default\">\n\t\t\t\t<div class=\"elementor-widget-container\">\n\t\t\t\t\t\t\t\t\t\t\t\t\t\t\t<img fetchpriority=\"high\" decoding=\"async\" width=\"612\" height=\"408\" src=\"https:\/\/swforming.com\/wp-content\/uploads\/2022\/09\/362523446.jpg\" class=\"attachment-large size-large wp-image-223\" alt=\"\" srcset=\"https:\/\/swforming.com\/wp-content\/uploads\/2022\/09\/362523446.jpg 612w, https:\/\/swforming.com\/wp-content\/uploads\/2022\/09\/362523446-600x400.jpg 600w, https:\/\/swforming.com\/wp-content\/uploads\/2022\/09\/362523446-300x200.jpg 300w\" sizes=\"(max-width: 612px) 100vw, 612px\" title=\"\">\t\t\t\t\t\t\t\t\t\t\t\t\t\t\t<\/div>\n\t\t\t\t<\/div>\n\t\t\t\t\t<\/div>\n\t\t<\/div>\n\t\t\t\t\t<\/div>\n\t\t<\/section>\n\t\t\t\t<section data-particle_enable=\"false\" data-particle-mobile-disabled=\"false\" class=\"elementor-section elementor-top-section elementor-element elementor-element-3f7bc04 elementor-section-boxed elementor-section-height-default elementor-section-height-default\" data-id=\"3f7bc04\" data-element_type=\"section\" data-e-type=\"section\">\n\t\t\t\t\t\t<div class=\"elementor-container elementor-column-gap-default\">\n\t\t\t\t\t<div class=\"elementor-column elementor-col-100 elementor-top-column elementor-element elementor-element-49f3627\" data-id=\"49f3627\" data-element_type=\"column\" data-e-type=\"column\">\n\t\t\t<div class=\"elementor-widget-wrap elementor-element-populated\">\n\t\t\t\t\t\t<div class=\"elementor-element elementor-element-39f1cfe elementor-widget elementor-widget-heading\" data-id=\"39f1cfe\" data-element_type=\"widget\" data-e-type=\"widget\" data-widget_type=\"heading.default\">\n\t\t\t\t<div class=\"elementor-widget-container\">\n\t\t\t\t\t<h5 class=\"elementor-heading-title elementor-size-default\">GALER\u0130<\/h5>\t\t\t\t<\/div>\n\t\t\t\t<\/div>\n\t\t\t\t<div class=\"elementor-element elementor-element-ed5af52 elementor-widget elementor-widget-heading\" data-id=\"ed5af52\" data-element_type=\"widget\" data-e-type=\"widget\" data-widget_type=\"heading.default\">\n\t\t\t\t<div class=\"elementor-widget-container\">\n\t\t\t\t\t<h2 class=\"elementor-heading-title elementor-size-default\">Fabrikam\u0131za Bir G\u00f6z At\u0131n<\/h2>\t\t\t\t<\/div>\n\t\t\t\t<\/div>\n\t\t\t\t<div class=\"elementor-element elementor-element-571a853 gallery-spacing-custom elementor-widget elementor-widget-image-gallery\" data-id=\"571a853\" data-element_type=\"widget\" data-e-type=\"widget\" data-widget_type=\"image-gallery.default\">\n\t\t\t\t<div class=\"elementor-widget-container\">\n\t\t\t\t\t\t\t<div class=\"elementor-image-gallery\">\n\t\t\t<div id='gallery-1' class='gallery galleryid-214 gallery-columns-4 gallery-size-full'><figure class='gallery-item'>\n\t\t\t<div class='gallery-icon landscape'>\n\t\t\t\t<a data-elementor-open-lightbox=\"no\" href='https:\/\/swforming.com\/wp-content\/uploads\/2022\/09\/IMG_2147.jpg'><img decoding=\"async\" width=\"500\" height=\"375\" src=\"https:\/\/swforming.com\/wp-content\/uploads\/2022\/09\/IMG_2147.jpg\" class=\"attachment-full size-full\" alt=\"Oyun Park\u0131 Rulo \u015eekillendirme Makineleri\" srcset=\"https:\/\/swforming.com\/wp-content\/uploads\/2022\/09\/IMG_2147.jpg 500w, https:\/\/swforming.com\/wp-content\/uploads\/2022\/09\/IMG_2147-300x225.jpg 300w\" sizes=\"(max-width: 500px) 100vw, 500px\" title=\"\"><\/a>\n\t\t\t<\/div><\/figure><figure class='gallery-item'>\n\t\t\t<div class='gallery-icon landscape'>\n\t\t\t\t<a data-elementor-open-lightbox=\"no\" href='https:\/\/swforming.com\/wp-content\/uploads\/2022\/09\/IMG_2186.jpg'><img decoding=\"async\" width=\"500\" height=\"375\" src=\"https:\/\/swforming.com\/wp-content\/uploads\/2022\/09\/IMG_2186.jpg\" class=\"attachment-full size-full\" alt=\"Oyun Park\u0131 Rulo \u015eekillendirme Makineleri\" srcset=\"https:\/\/swforming.com\/wp-content\/uploads\/2022\/09\/IMG_2186.jpg 500w, https:\/\/swforming.com\/wp-content\/uploads\/2022\/09\/IMG_2186-300x225.jpg 300w\" sizes=\"(max-width: 500px) 100vw, 500px\" title=\"\"><\/a>\n\t\t\t<\/div><\/figure><figure class='gallery-item'>\n\t\t\t<div class='gallery-icon landscape'>\n\t\t\t\t<a data-elementor-open-lightbox=\"no\" href='https:\/\/swforming.com\/wp-content\/uploads\/2022\/09\/IMG_2172.jpg'><img loading=\"lazy\" decoding=\"async\" width=\"500\" height=\"375\" src=\"https:\/\/swforming.com\/wp-content\/uploads\/2022\/09\/IMG_2172.jpg\" class=\"attachment-full size-full\" alt=\"\u0130la\u00e7 Raf\u0131 Rulo \u015eekillendirme Makineleri\" srcset=\"https:\/\/swforming.com\/wp-content\/uploads\/2022\/09\/IMG_2172.jpg 500w, https:\/\/swforming.com\/wp-content\/uploads\/2022\/09\/IMG_2172-300x225.jpg 300w\" sizes=\"(max-width: 500px) 100vw, 500px\" title=\"\"><\/a>\n\t\t\t<\/div><\/figure><figure class='gallery-item'>\n\t\t\t<div class='gallery-icon landscape'>\n\t\t\t\t<a data-elementor-open-lightbox=\"no\" href='https:\/\/swforming.com\/wp-content\/uploads\/2022\/09\/IMG_2149.jpg'><img loading=\"lazy\" decoding=\"async\" width=\"500\" height=\"375\" src=\"https:\/\/swforming.com\/wp-content\/uploads\/2022\/09\/IMG_2149.jpg\" class=\"attachment-full size-full\" alt=\"\u0130la\u00e7 Raf\u0131 Rulo \u015eekillendirme Makineleri\" srcset=\"https:\/\/swforming.com\/wp-content\/uploads\/2022\/09\/IMG_2149.jpg 500w, https:\/\/swforming.com\/wp-content\/uploads\/2022\/09\/IMG_2149-300x225.jpg 300w\" sizes=\"(max-width: 500px) 100vw, 500px\" title=\"\"><\/a>\n\t\t\t<\/div><\/figure>\n\t\t<\/div>\n\t\t<\/div>\n\t\t\t\t\t\t<\/div>\n\t\t\t\t<\/div>\n\t\t\t\t\t<\/div>\n\t\t<\/div>\n\t\t\t\t\t<\/div>\n\t\t<\/section>\n\t\t\t\t<section data-particle_enable=\"false\" data-particle-mobile-disabled=\"false\" class=\"elementor-section elementor-top-section elementor-element elementor-element-dfe3648 ct-section-stretched elementor-section-height-min-height elementor-section-boxed elementor-section-height-default elementor-section-items-middle\" data-id=\"dfe3648\" data-element_type=\"section\" data-e-type=\"section\" data-settings=\"{&quot;background_background&quot;:&quot;classic&quot;}\">\n\t\t\t\t\t\t\t<div class=\"elementor-background-overlay\"><\/div>\n\t\t\t\t\t\t\t<div class=\"elementor-container elementor-column-gap-default\">\n\t\t\t\t\t<div class=\"elementor-column elementor-col-100 elementor-top-column elementor-element elementor-element-d86d2a4\" data-id=\"d86d2a4\" data-element_type=\"column\" data-e-type=\"column\">\n\t\t\t<div class=\"elementor-widget-wrap elementor-element-populated\">\n\t\t\t\t\t\t<div class=\"elementor-element elementor-element-6a1e50a elementor-widget elementor-widget-heading\" data-id=\"6a1e50a\" data-element_type=\"widget\" data-e-type=\"widget\" data-widget_type=\"heading.default\">\n\t\t\t\t<div class=\"elementor-widget-container\">\n\t\t\t\t\t<h5 class=\"elementor-heading-title elementor-size-default\">FABRI\u0307KAMIZIN BAZI DETAYLARI<\/h5>\t\t\t\t<\/div>\n\t\t\t\t<\/div>\n\t\t\t\t<div class=\"elementor-element elementor-element-6edaa29 elementor-widget elementor-widget-heading\" data-id=\"6edaa29\" data-element_type=\"widget\" data-e-type=\"widget\" data-widget_type=\"heading.default\">\n\t\t\t\t<div class=\"elementor-widget-container\">\n\t\t\t\t\t<h2 class=\"elementor-heading-title elementor-size-default\">Bizi \u00c7in'de ziyaret edebilirsiniz<\/h2>\t\t\t\t<\/div>\n\t\t\t\t<\/div>\n\t\t\t\t\t<\/div>\n\t\t<\/div>\n\t\t\t\t\t<\/div>\n\t\t<\/section>\n\t\t\t\t<section data-particle_enable=\"false\" data-particle-mobile-disabled=\"false\" class=\"elementor-section elementor-top-section elementor-element elementor-element-ab2c0d6 elementor-section-boxed elementor-section-height-default elementor-section-height-default\" data-id=\"ab2c0d6\" data-element_type=\"section\" data-e-type=\"section\" data-settings=\"{&quot;background_background&quot;:&quot;classic&quot;}\">\n\t\t\t\t\t\t<div class=\"elementor-container elementor-column-gap-default\">\n\t\t\t\t\t<div class=\"elementor-column elementor-col-33 elementor-top-column elementor-element elementor-element-6db54dd\" data-id=\"6db54dd\" data-element_type=\"column\" data-e-type=\"column\">\n\t\t\t<div class=\"elementor-widget-wrap elementor-element-populated\">\n\t\t\t\t\t\t<div class=\"elementor-element elementor-element-04335d8 elementor-position-top elementor-widget elementor-widget-image-box\" data-id=\"04335d8\" data-element_type=\"widget\" data-e-type=\"widget\" data-widget_type=\"image-box.default\">\n\t\t\t\t<div class=\"elementor-widget-container\">\n\t\t\t\t\t<div class=\"elementor-image-box-wrapper\"><figure class=\"elementor-image-box-img\"><img loading=\"lazy\" decoding=\"async\" width=\"500\" height=\"375\" src=\"https:\/\/swforming.com\/wp-content\/uploads\/2022\/09\/7bbd6c5075aa79723439c6119610f8d.jpg\" class=\"attachment-full size-full wp-image-236\" alt=\"Offshore Rig Rulo \u015eekillendirme Makineleri\" title=\"\" srcset=\"https:\/\/swforming.com\/wp-content\/uploads\/2022\/09\/7bbd6c5075aa79723439c6119610f8d.jpg 500w, https:\/\/swforming.com\/wp-content\/uploads\/2022\/09\/7bbd6c5075aa79723439c6119610f8d-300x225.jpg 300w\" sizes=\"(max-width: 500px) 100vw, 500px\" \/><\/figure><div class=\"elementor-image-box-content\"><h3 class=\"elementor-image-box-title\">Yal\u0131n \u00dcretim Hatt\u0131<\/h3><p class=\"elementor-image-box-description\">\u00dcretim tesisimiz, \u00e7ok say\u0131da kalifiye \u00e7al\u0131\u015fana ve \u00e7ok \u00e7e\u015fitli so\u011fuk rulo \u015fekillendirme makinelerini \u00fcretmek ve de\u011fi\u015ftirmek i\u00e7in kullan\u0131labilecek bir dizi geli\u015fmi\u015f ekipmana sahiptir. Fabrikam\u0131z, par\u00e7a ay\u0131rma alan\u0131, montaj alan\u0131, paketleme alan\u0131 vb. gibi bir dizi \u00f6zel alanla kurulmu\u015ftur.<\/p><\/div><\/div>\t\t\t\t<\/div>\n\t\t\t\t<\/div>\n\t\t\t\t\t<\/div>\n\t\t<\/div>\n\t\t\t\t<div class=\"elementor-column elementor-col-33 elementor-top-column elementor-element elementor-element-05da81a\" data-id=\"05da81a\" data-element_type=\"column\" data-e-type=\"column\">\n\t\t\t<div class=\"elementor-widget-wrap elementor-element-populated\">\n\t\t\t\t\t\t<div class=\"elementor-element elementor-element-8a9f8b9 elementor-position-top elementor-widget elementor-widget-image-box\" data-id=\"8a9f8b9\" data-element_type=\"widget\" data-e-type=\"widget\" data-widget_type=\"image-box.default\">\n\t\t\t\t<div class=\"elementor-widget-container\">\n\t\t\t\t\t<div class=\"elementor-image-box-wrapper\"><figure class=\"elementor-image-box-img\"><img loading=\"lazy\" decoding=\"async\" width=\"500\" height=\"375\" src=\"https:\/\/swforming.com\/wp-content\/uploads\/2022\/09\/IMG_1799.jpg\" class=\"attachment-full size-full wp-image-238\" alt=\"\" title=\"\" srcset=\"https:\/\/swforming.com\/wp-content\/uploads\/2022\/09\/IMG_1799.jpg 500w, https:\/\/swforming.com\/wp-content\/uploads\/2022\/09\/IMG_1799-300x225.jpg 300w\" sizes=\"(max-width: 500px) 100vw, 500px\" \/><\/figure><div class=\"elementor-image-box-content\"><h3 class=\"elementor-image-box-title\">Kalite Odakl\u0131<\/h3><p class=\"elementor-image-box-description\">Sunway'de kalite g\u00fcvencesini ve kalite kontrol\u00fcn\u00fc ciddiye al\u0131yoruz. S\u0131k\u0131 QA ve QC s\u00fcre\u00e7leri alt\u0131nda uzun s\u00fcredir devam eden bir so\u011fuk rulo \u015fekillendirme makinesi \u00fcreticisi olarak, \u015firketlerin m\u00fckemmel rulo \u015fekillendirme makinelerini i\u00e7 ve d\u0131\u015f pazarlarda tasarlamalar\u0131na, geli\u015ftirmelerine, \u00fcretmelerine ve piyasaya s\u00fcrmelerine yard\u0131mc\u0131 olma konusunda y\u0131llarca kan\u0131tlanm\u0131\u015f bir ge\u00e7mi\u015fe sahibiz.<\/p><\/div><\/div>\t\t\t\t<\/div>\n\t\t\t\t<\/div>\n\t\t\t\t\t<\/div>\n\t\t<\/div>\n\t\t\t\t<div class=\"elementor-column elementor-col-33 elementor-top-column elementor-element elementor-element-f6a38e0\" data-id=\"f6a38e0\" data-element_type=\"column\" data-e-type=\"column\">\n\t\t\t<div class=\"elementor-widget-wrap elementor-element-populated\">\n\t\t\t\t\t\t<div class=\"elementor-element elementor-element-77c1ae8 elementor-position-top elementor-widget elementor-widget-image-box\" data-id=\"77c1ae8\" data-element_type=\"widget\" data-e-type=\"widget\" data-widget_type=\"image-box.default\">\n\t\t\t\t<div class=\"elementor-widget-container\">\n\t\t\t\t\t<div class=\"elementor-image-box-wrapper\"><figure class=\"elementor-image-box-img\"><img loading=\"lazy\" decoding=\"async\" width=\"500\" height=\"375\" src=\"https:\/\/swforming.com\/wp-content\/uploads\/2022\/09\/e9310fbd41f64ec6183033f84d8c4a3.jpg\" class=\"attachment-full size-full wp-image-237\" alt=\"\" title=\"\" srcset=\"https:\/\/swforming.com\/wp-content\/uploads\/2022\/09\/e9310fbd41f64ec6183033f84d8c4a3.jpg 500w, https:\/\/swforming.com\/wp-content\/uploads\/2022\/09\/e9310fbd41f64ec6183033f84d8c4a3-300x225.jpg 300w\" sizes=\"(max-width: 500px) 100vw, 500px\" \/><\/figure><div class=\"elementor-image-box-content\"><h3 class=\"elementor-image-box-title\">\u00c7al\u0131\u015fan Mutlulu\u011fu<\/h3><p class=\"elementor-image-box-description\">Sorumlu bir so\u011fuk rulo \u015fekillendirme makinesi fabrikas\u0131 olarak, \u00fcr\u00fcnlerimiz birinci s\u0131n\u0131ft\u0131r ve \u00e7al\u0131\u015fanlar\u0131m\u0131z\u0131n ya\u015famlar\u0131 da \u00f6yle. \u00c7al\u0131\u015fanlar\u0131m\u0131z\u0131n hayatlar\u0131nda bir fark yaratmak i\u00e7in m\u00fckemmel bir f\u0131rsat\u0131m\u0131z var. Sunway, \u00e7al\u0131\u015fanlar\u0131na yeterli alan, do\u011fru malzemeler ve \u00e7al\u0131\u015fmak i\u00e7in rahat ve keyifli bir ortam sunmaktad\u0131r. \u00c7al\u0131\u015fanlar\u0131m\u0131z fabrikada mutlu \u00e7al\u0131\u015f\u0131rlar.<\/p><\/div><\/div>\t\t\t\t<\/div>\n\t\t\t\t<\/div>\n\t\t\t\t\t<\/div>\n\t\t<\/div>\n\t\t\t\t\t<\/div>\n\t\t<\/section>\n\t\t\t\t<\/div>","protected":false},"excerpt":{"rendered":"<p>Our Factory quality manufacturing The Leading Roll forming machine Factory In China Our roll forming machine factory has been established for more than 20 years, which is the enterprise professionally manufacturing cold forming machine. Sunway has a full set of production system from researching &amp; developing, materials purchasing, producing, inspection, packaging and exporting. All our [&hellip;]<\/p>\n","protected":false},"author":1,"featured_media":0,"parent":0,"menu_order":0,"comment_status":"closed","ping_status":"closed","template":"","meta":{"_acf_changed":false,"footnotes":""},"class_list":["post-214","page","type-page","status-publish","hentry"],"blocksy_meta":{"styles_descriptor":{"styles":{"desktop":"","tablet":"","mobile":""},"google_fonts":[],"version":6}},"acf":[],"_links":{"self":[{"href":"https:\/\/swforming.com\/tr\/wp-json\/wp\/v2\/pages\/214","targetHints":{"allow":["GET"]}}],"collection":[{"href":"https:\/\/swforming.com\/tr\/wp-json\/wp\/v2\/pages"}],"about":[{"href":"https:\/\/swforming.com\/tr\/wp-json\/wp\/v2\/types\/page"}],"author":[{"embeddable":true,"href":"https:\/\/swforming.com\/tr\/wp-json\/wp\/v2\/users\/1"}],"replies":[{"embeddable":true,"href":"https:\/\/swforming.com\/tr\/wp-json\/wp\/v2\/comments?post=214"}],"version-history":[{"count":25,"href":"https:\/\/swforming.com\/tr\/wp-json\/wp\/v2\/pages\/214\/revisions"}],"predecessor-version":[{"id":580,"href":"https:\/\/swforming.com\/tr\/wp-json\/wp\/v2\/pages\/214\/revisions\/580"}],"wp:attachment":[{"href":"https:\/\/swforming.com\/tr\/wp-json\/wp\/v2\/media?parent=214"}],"curies":[{"name":"wp","href":"https:\/\/api.w.org\/{rel}","templated":true}]}}