{"id":965,"date":"2022-09-29T06:42:34","date_gmt":"2022-09-29T06:42:34","guid":{"rendered":"https:\/\/swforming.com\/?post_type=product&#038;p=965"},"modified":"2025-03-06T18:48:37","modified_gmt":"2025-03-06T18:48:37","slug":"standing-seam-roof-panel-forming-machine","status":"publish","type":"product","link":"https:\/\/swforming.com\/fr\/product\/standing-seam-roof-panel-forming-machine\/","title":{"rendered":"Machine de formage de panneaux de toit \u00e0 joint debout"},"content":{"rendered":"<h3>Machine de formage de panneaux de toiture \u00e0 joint debout Caract\u00e9ristiques\uff1a<\/h3>\n<p>Cette machine de formage de panneaux de toiture \u00e0 joint debout est utilis\u00e9e pour former les t\u00f4les pr\u00e9peintes\/GI\/GA et les mat\u00e9riaux en aluminium. Elle est compos\u00e9e d'un d\u00e9rouleur, d'un guide d'alimentation, d'une profileuse, d'une machine de coupe hydraulique, d'un syst\u00e8me de contr\u00f4le PLC, d'un d\u00e9marreur hydraulique, de tables de sortie, d'une sertisseuse automatique et d'une cintreuse (option).<\/p>\n<h3>Applications<\/h3>\n<p>Les produits finis sont utilis\u00e9s comme toit et murs de gymnases, a\u00e9roports, th\u00e9\u00e2tres, usines, entrep\u00f4ts, garages, centres d&#039;exposition, etc.<\/p>\n<h3>Flux de processus<\/h3>\n<p>D\u00e9roulage - alimentation - formation de rouleaux - coupe - sortie - couture - courbure (option)<\/p>\n<h3>Configurations des machines<\/h3>\n<div>\n<table>\n<tbody>\n<tr>\n<td data-sheets-value=\"{&quot;1&quot;:2,&quot;2&quot;:&quot;1. Uncoiler&quot;}\">1. D\u00e9rouleur<\/td>\n<td data-sheets-value=\"{&quot;1&quot;:2,&quot;2&quot;:&quot;2. Guide feeder&quot;}\">\n<div>\n<div>2. Guide d&#039;alimentation<\/div>\n<\/div>\n<\/td>\n<\/tr>\n<tr>\n<td data-sheets-value=\"{&quot;1&quot;:2,&quot;2&quot;:&quot;3. roll former&quot;}\">3. rouleau ancien<\/td>\n<td data-sheets-value=\"{&quot;1&quot;:2,&quot;2&quot;:&quot;4. Hydraulic cutting machine&quot;}\">\n<div>\n<div>4. Machine de coupe hydraulique<\/div>\n<\/div>\n<\/td>\n<\/tr>\n<tr>\n<td data-sheets-value=\"{&quot;1&quot;:2,&quot;2&quot;:&quot;5. PLC control system&quot;}\">5. Syst\u00e8me de contr\u00f4le PLC<\/td>\n<td data-sheets-value=\"{&quot;1&quot;:2,&quot;2&quot;:&quot;6. Hydraulic station&quot;}\">\n<div>\n<div>6. Station hydraulique<\/div>\n<\/div>\n<\/td>\n<\/tr>\n<tr>\n<td data-sheets-value=\"{&quot;1&quot;:2,&quot;2&quot;:&quot;7. Output conveyor&quot;}\">7. Convoyeur de sortie<\/td>\n<td data-sheets-value=\"{&quot;1&quot;:2,&quot;2&quot;:&quot;8. Auto seamer&quot;}\">\n<div>\n<div>8. Machine \u00e0 coudre automatique<\/div>\n<\/div>\n<\/td>\n<\/tr>\n<tr>\n<td data-sheets-value=\"{&quot;1&quot;:2,&quot;2&quot;:&quot;9.Curving machine (option)&quot;}\">9. machine \u00e0 courber (option)<\/td>\n<td><\/td>\n<\/tr>\n<\/tbody>\n<\/table>\n<\/div>\n<h3>Dessins de profil pour r\u00e9f\u00e9rence<\/h3>\n<p><img fetchpriority=\"high\" decoding=\"async\" class=\"alignnone size-full wp-image-968\" src=\"https:\/\/swforming.com\/wp-content\/uploads\/2022\/09\/07d29907-58d7-4cb0-b704-f4a83a8877f2.jpg\" alt=\"\" width=\"800\" height=\"292\" title=\"\" srcset=\"https:\/\/swforming.com\/wp-content\/uploads\/2022\/09\/07d29907-58d7-4cb0-b704-f4a83a8877f2.jpg 800w, https:\/\/swforming.com\/wp-content\/uploads\/2022\/09\/07d29907-58d7-4cb0-b704-f4a83a8877f2-600x219.jpg 600w, https:\/\/swforming.com\/wp-content\/uploads\/2022\/09\/07d29907-58d7-4cb0-b704-f4a83a8877f2-300x110.jpg 300w, https:\/\/swforming.com\/wp-content\/uploads\/2022\/09\/07d29907-58d7-4cb0-b704-f4a83a8877f2-768x280.jpg 768w\" sizes=\"(max-width: 800px) 100vw, 800px\" \/><\/p>\n<h3>Photos pour r\u00e9f\u00e9rence<\/h3>\n<figure id=\"attachment_969\" aria-describedby=\"caption-attachment-969\" style=\"width: 280px\" class=\"wp-caption alignleft\"><img decoding=\"async\" class=\"wp-image-969 size-full\" src=\"https:\/\/swforming.com\/wp-content\/uploads\/2022\/09\/IMG_6481.jpg\" alt=\"\" width=\"280\" height=\"210\" title=\"\"><figcaption id=\"caption-attachment-969\" class=\"wp-caption-text\">Spot d'essai de machine<\/figcaption><\/figure>\n<figure id=\"attachment_971\" aria-describedby=\"caption-attachment-971\" style=\"width: 280px\" class=\"wp-caption alignleft\"><img decoding=\"async\" class=\"wp-image-971 size-full\" src=\"https:\/\/swforming.com\/wp-content\/uploads\/2022\/09\/Standing-seam-roof-panel-forming-machine.jpg\" alt=\"\" width=\"280\" height=\"210\" title=\"\"><figcaption id=\"caption-attachment-971\" class=\"wp-caption-text\">Machine \u00e0 panneaux de toit \u00e0 joint debout MINI, adapt\u00e9e au transport et au levage sur place<\/figcaption><\/figure>\n<figure id=\"attachment_970\" aria-describedby=\"caption-attachment-970\" style=\"width: 280px\" class=\"wp-caption alignleft\"><img loading=\"lazy\" decoding=\"async\" class=\"wp-image-970 size-full\" src=\"https:\/\/swforming.com\/wp-content\/uploads\/2022\/09\/IMG_9992.jpg\" alt=\"\" width=\"280\" height=\"210\" title=\"\"><figcaption id=\"caption-attachment-970\" class=\"wp-caption-text\">Clips pour la fixation<\/figcaption><\/figure>\n<p>&nbsp;<\/p>\n<p>&nbsp;<\/p>\n<p>&nbsp;<\/p>\n<p>&nbsp;<\/p>\n<p>&nbsp;<\/p>\n<p>&nbsp;<\/p>\n<p>&nbsp;<\/p>\n<h3>Qu'est-ce qu'une profileuse pour joints debout ?<\/h3>\n<p>Une profileuse pour joints debout est un \u00e9quipement sp\u00e9cialis\u00e9 utilis\u00e9 dans l'industrie de la construction pour fabriquer des panneaux de toiture m\u00e9talliques \u00e0 joints debout. Les toits \u00e0 joint debout sont appr\u00e9ci\u00e9s pour leur durabilit\u00e9, leur r\u00e9sistance aux intemp\u00e9ries et leur attrait esth\u00e9tique. Elles sont constitu\u00e9es de panneaux m\u00e9talliques verticaux reli\u00e9s par des joints d'embo\u00eetement, ce qui permet d'obtenir un syst\u00e8me de couverture \u00e9tanche et s\u00fbr.<\/p>\n<p>La profileuse est con\u00e7ue pour former des bobines de m\u00e9tal plat dans le profil de joint debout souhait\u00e9. Elle se compose g\u00e9n\u00e9ralement d'une s\u00e9rie de rouleaux et de matrices qui fa\u00e7onnent progressivement le m\u00e9tal au fur et \u00e0 mesure de son passage dans la machine. La machine fonctionne en continu : la bobine de m\u00e9tal est introduite dans la machine et les panneaux form\u00e9s sont coup\u00e9s \u00e0 la longueur souhait\u00e9e.<\/p>\n<p>Les principales caract\u00e9ristiques d'une profileuse \u00e0 joint debout sont les suivantes :<\/p>\n<ol>\n<li>Section d'entr\u00e9e : C'est l\u00e0 que la bobine de m\u00e9tal plat est introduite dans la machine pour y \u00eatre trait\u00e9e.<\/li>\n<li>Rouleaux et matrices : La bobine de m\u00e9tal passe par une s\u00e9rie de rouleaux et de matrices qui plient et fa\u00e7onnent progressivement le m\u00e9tal pour obtenir le profil de joint debout souhait\u00e9.<\/li>\n<li>Syst\u00e8me de d\u00e9coupe des panneaux : Une fois les panneaux form\u00e9s, la machine int\u00e8gre un syst\u00e8me de coupe pour les d\u00e9couper \u00e0 la longueur souhait\u00e9e.<\/li>\n<li>Syst\u00e8me de contr\u00f4le : La machine est \u00e9quip\u00e9e d'un panneau de commande qui permet aux op\u00e9rateurs de r\u00e9gler des param\u00e8tres tels que les dimensions des panneaux, les profils des joints et les longueurs de coupe.<\/li>\n<li>Syst\u00e8me de manutention des mat\u00e9riaux : La machine peut comprendre des syst\u00e8mes de chargement et de d\u00e9chargement des bobines, ainsi que des m\u00e9canismes de guidage et de soutien du m\u00e9tal pendant le processus de formage.<\/li>\n<\/ol>\n<p>En utilisant une profileuse pour joints debout, les fabricants de toitures peuvent produire des panneaux \u00e0 joints debout de haute qualit\u00e9, de longueur personnalis\u00e9e, avec des dimensions et des profils coh\u00e9rents. Cette machine r\u00e9duit consid\u00e9rablement les co\u00fbts de main-d'\u0153uvre et am\u00e9liore l'efficacit\u00e9 de la production par rapport aux m\u00e9thodes manuelles traditionnelles de formage des panneaux \u00e0 joint debout.<\/p>\n<h3>Comment utiliser la profileuse pour panneaux de toiture \u00e0 joint debout ?<\/h3>\n<p>L'utilisation d'une profileuse de panneaux de toiture \u00e0 joint debout implique g\u00e9n\u00e9ralement les \u00e9tapes suivantes :<\/p>\n<ol>\n<li>Installer la machine : Assurez-vous que la machine est correctement install\u00e9e et bien positionn\u00e9e. Assurez-vous que toutes les mesures de s\u00e9curit\u00e9 sont en place, telles que les boutons d'arr\u00eat d'urgence et les protections.<\/li>\n<li>Pr\u00e9parez la bobine de m\u00e9tal : Chargez la bobine de m\u00e9tal plat sur le porte-bobine ou le syst\u00e8me d'alimentation de la machine. Veillez \u00e0 ce que la bobine soit correctement align\u00e9e et positionn\u00e9e pour une introduction en douceur dans la machine.<\/li>\n<li>R\u00e9gler les param\u00e8tres de la machine : Utilisez le panneau de commande ou l'interface pour r\u00e9gler les param\u00e8tres souhait\u00e9s pour les panneaux \u00e0 joint debout. Cela comprend des sp\u00e9cifications telles que la largeur du panneau, le profil du joint et la longueur de coupe. Suivez les instructions du fabricant de la machine que vous utilisez.<\/li>\n<li>D\u00e9marrer la machine : Une fois que la machine est install\u00e9e et que les param\u00e8tres sont r\u00e9gl\u00e9s, il faut la mettre en marche. La bobine de m\u00e9tal commencera \u00e0 \u00eatre introduite dans la machine, et les rouleaux et les matrices formeront progressivement le m\u00e9tal en un profil \u00e0 joint debout.<\/li>\n<li>Contr\u00f4ler l'op\u00e9ration : Pendant l'op\u00e9ration, observez attentivement les performances de la machine et la qualit\u00e9 des panneaux form\u00e9s. V\u00e9rifiez qu'il n'y a pas d'anomalie ou de probl\u00e8me, comme un mauvais alignement ou une d\u00e9formation des panneaux.<\/li>\n<li>Couper les panneaux : Une fois que la longueur souhait\u00e9e des panneaux \u00e0 joint debout est form\u00e9e, la machine dispose d'un syst\u00e8me de coupe pour d\u00e9couper les panneaux. Veillez \u00e0 ce que le m\u00e9canisme de coupe soit correctement r\u00e9gl\u00e9 et align\u00e9 pour couper les panneaux avec pr\u00e9cision et nettet\u00e9.<\/li>\n<li>Collecte des panneaux finis : Une fois les panneaux coup\u00e9s, ils sortent de la machine. Rassemblez les panneaux finis et empilez-les de mani\u00e8re s\u00fbre et organis\u00e9e.<\/li>\n<li>R\u00e9p\u00e9tez le processus : S'il y a d'autres bobines de m\u00e9tal \u00e0 traiter, r\u00e9p\u00e9tez les \u00e9tapes ci-dessus pour chaque bobine. Veillez \u00e0 surveiller les performances de la machine tout au long de l'op\u00e9ration et \u00e0 r\u00e9soudre rapidement tout probl\u00e8me.<\/li>\n<\/ol>\n<p>Il est important de noter que les \u00e9tapes et proc\u00e9dures sp\u00e9cifiques peuvent varier en fonction du fabricant et du mod\u00e8le de la profileuse \u00e0 joint debout. Il convient de toujours consulter le manuel d'utilisation de la machine et de suivre les instructions du fabricant pour garantir un fonctionnement s\u00fbr et efficace. En outre, une formation ad\u00e9quate et une bonne connaissance de la machine sont essentielles pour garantir des r\u00e9sultats optimaux.<\/p>\n<h3>application de la machine de formage de rouleaux \u00e0 joint debout \u00e0 fermeture rapide<\/h3>\n<p>Une profileuse pour joint debout \u00e0 fermeture rapide est sp\u00e9cialement con\u00e7ue pour fabriquer des panneaux de toiture \u00e0 joint debout \u00e0 fermeture rapide. Les toits \u00e0 joint debout sont une variante des toits \u00e0 joint debout, o\u00f9 les panneaux s'embo\u00eetent les uns dans les autres sans qu'il soit n\u00e9cessaire d'utiliser des attaches ou des clips s\u00e9par\u00e9s. Les panneaux s'embo\u00eetent les uns dans les autres, cr\u00e9ant ainsi une connexion s\u00fbre et \u00e9tanche.<\/p>\n<p>L'application d'une profileuse \u00e0 joint debout est principalement ax\u00e9e sur la production de panneaux de toiture \u00e0 joint debout pour les b\u00e2timents r\u00e9sidentiels, commerciaux et industriels. Parmi les principales applications des toits \u00e0 joint debout \u00e0 fermeture rapide, on peut citer<\/p>\n<ol>\n<li>Toiture : Les toits \u00e0 joint debout sont couramment utilis\u00e9s comme solution de couverture pour divers types de b\u00e2timents. Elles offrent un aspect \u00e9l\u00e9gant et moderne, ainsi qu'une excellente r\u00e9sistance aux intemp\u00e9ries et une grande durabilit\u00e9.<\/li>\n<li>B\u00e2timents r\u00e9sidentiels : Les toits \u00e0 joint debout sont tr\u00e8s appr\u00e9ci\u00e9s pour les propri\u00e9t\u00e9s r\u00e9sidentielles, notamment les maisons, les appartements et les copropri\u00e9t\u00e9s. Ils peuvent rehausser l'attrait d'une maison tout en offrant une protection durable.<\/li>\n<li>B\u00e2timents commerciaux et industriels : De nombreuses structures commerciales et industrielles, telles que les entrep\u00f4ts, les usines et les immeubles de bureaux, optent pour des toits \u00e0 joint debout \u00e0 fermeture rapide. Ces toits offrent une r\u00e9sistance exceptionnelle et peuvent supporter les rigueurs des applications commerciales.<\/li>\n<li>Projets architecturaux : Les toitures \u00e0 joint debout sont souvent choisies pour des projets architecturaux o\u00f9 l'esth\u00e9tique joue un r\u00f4le important. Leurs lignes \u00e9pur\u00e9es et leur aspect contemporain peuvent contribuer \u00e0 la conception g\u00e9n\u00e9rale et \u00e0 l'attrait visuel d'un b\u00e2timent.<\/li>\n<li>R\u00e9novation : Les toitures \u00e0 joint debout peuvent \u00eatre utilis\u00e9es pour la r\u00e9novation de b\u00e2timents existants. Elles offrent la possibilit\u00e9 de moderniser le syst\u00e8me de couverture en am\u00e9liorant les performances et l'efficacit\u00e9 \u00e9nerg\u00e9tique.<\/li>\n<\/ol>\n<p>La profileuse \u00e0 joint debout permet une production efficace et pr\u00e9cise de panneaux \u00e0 joint debout, garantissant une qualit\u00e9 et des dimensions constantes. En utilisant cette machine, les fabricants peuvent rationaliser le processus de fabrication et r\u00e9pondre \u00e0 la demande de panneaux de toiture \u00e0 joint debout dans divers projets de construction.<\/p>","protected":false},"excerpt":{"rendered":"<p>Standing Seam Roof Panel Forming Machine Features\uff1a This Standing seam roof panel forming machine is used to form the pre-painted sheet\/GI\/GA and aluminum material. It is composed of the uncoiler, guide feeder, roll forming machine, hydraulic cutting machine, PLC control sys tem,hydraulic starion,output tables,auto seamer, and curving machine (Option) Applications The finished products are used [&hellip;]<\/p>\n","protected":false},"featured_media":972,"comment_status":"open","ping_status":"closed","template":"","meta":{"_acf_changed":false},"product_brand":[],"product_cat":[80,45,114],"product_tag":[],"class_list":{"0":"post-965","1":"product","2":"type-product","3":"status-publish","4":"has-post-thumbnail","6":"product_cat-bemo-roof-panel-roll-forming-machine","7":"product_cat-metal-wall-roofing","8":"product_cat-roll-former","10":"first","11":"instock","12":"shipping-taxable","13":"product-type-simple"},"acf":[],"_links":{"self":[{"href":"https:\/\/swforming.com\/fr\/wp-json\/wp\/v2\/product\/965","targetHints":{"allow":["GET"]}}],"collection":[{"href":"https:\/\/swforming.com\/fr\/wp-json\/wp\/v2\/product"}],"about":[{"href":"https:\/\/swforming.com\/fr\/wp-json\/wp\/v2\/types\/product"}],"replies":[{"embeddable":true,"href":"https:\/\/swforming.com\/fr\/wp-json\/wp\/v2\/comments?post=965"}],"version-history":[{"count":3,"href":"https:\/\/swforming.com\/fr\/wp-json\/wp\/v2\/product\/965\/revisions"}],"predecessor-version":[{"id":3315,"href":"https:\/\/swforming.com\/fr\/wp-json\/wp\/v2\/product\/965\/revisions\/3315"}],"wp:featuredmedia":[{"embeddable":true,"href":"https:\/\/swforming.com\/fr\/wp-json\/wp\/v2\/media\/972"}],"wp:attachment":[{"href":"https:\/\/swforming.com\/fr\/wp-json\/wp\/v2\/media?parent=965"}],"wp:term":[{"taxonomy":"product_brand","embeddable":true,"href":"https:\/\/swforming.com\/fr\/wp-json\/wp\/v2\/product_brand?post=965"},{"taxonomy":"product_cat","embeddable":true,"href":"https:\/\/swforming.com\/fr\/wp-json\/wp\/v2\/product_cat?post=965"},{"taxonomy":"product_tag","embeddable":true,"href":"https:\/\/swforming.com\/fr\/wp-json\/wp\/v2\/product_tag?post=965"}],"curies":[{"name":"wp","href":"https:\/\/api.w.org\/{rel}","templated":true}]}}