{"id":942,"date":"2022-09-29T06:06:07","date_gmt":"2022-09-29T06:06:07","guid":{"rendered":"https:\/\/swforming.com\/?post_type=product&#038;p=942"},"modified":"2023-03-10T11:56:51","modified_gmt":"2023-03-10T11:56:51","slug":"roof-tile-roll-forming-machine","status":"publish","type":"product","link":"https:\/\/swforming.com\/fr\/product\/roof-tile-roll-forming-machine\/","title":{"rendered":"Rouleau de tuiles de toit formant la machine"},"content":{"rendered":"<h3>Caract\u00e9ristiques de la profileuse pour tuiles\uff1a<\/h3>\n<p>La profileuse pour tuiles de toiture est utilis\u00e9e pour former des tuiles de toiture en m\u00e9tal qui sont largement utilis\u00e9es dans la construction civile, comme les usines, les hangars, les gymnases, les salles d'exposition et les th\u00e9\u00e2tres. Les produits de cette profileuse ont une apparence originale, une surface plane, des ondulations uniformes, une utilisation \u00e9lev\u00e9e et une auto-immunisation, un co\u00fbt bas et une grande durabilit\u00e9.<\/p>\n<h3>Applications<\/h3>\n<p>Les produits finis sont largement utilis\u00e9s dans la construction civile, comme les usines, les hangars, les gymnases, les salles d'exposition et les th\u00e9\u00e2tres.<\/p>\n<h3>Flux de processus<\/h3>\n<p>D\u00e9rouleur -&gt; Alimentation par guide -&gt; Formage par rouleaux -&gt; Etapes d'emboutissage hydraulique-&gt; D\u00e9coupage hydraulique -&gt; Sortie<\/p>\n<p><img fetchpriority=\"high\" decoding=\"async\" class=\"alignnone wp-image-944 size-full\" src=\"https:\/\/swforming.com\/wp-content\/uploads\/2022\/09\/9f01cb72-4d3d-486e-a0cd-d1b273791845.png\" alt=\"Rouleau de tuiles de toit formant la machine\" width=\"800\" height=\"140\" title=\"\" srcset=\"https:\/\/swforming.com\/wp-content\/uploads\/2022\/09\/9f01cb72-4d3d-486e-a0cd-d1b273791845.png 800w, https:\/\/swforming.com\/wp-content\/uploads\/2022\/09\/9f01cb72-4d3d-486e-a0cd-d1b273791845-600x105.png 600w, https:\/\/swforming.com\/wp-content\/uploads\/2022\/09\/9f01cb72-4d3d-486e-a0cd-d1b273791845-300x53.png 300w, https:\/\/swforming.com\/wp-content\/uploads\/2022\/09\/9f01cb72-4d3d-486e-a0cd-d1b273791845-768x134.png 768w\" sizes=\"(max-width: 800px) 100vw, 800px\" \/><\/p>\n<h3>Configurations des machines<\/h3>\n<div>\n<p>&nbsp;<\/p>\n<table>\n<tbody>\n<tr>\n<td data-sheets-value=\"{&quot;1&quot;:2,&quot;2&quot;:&quot;1. Uncoiler&quot;}\">1. D\u00e9rouleur<\/td>\n<td data-sheets-value=\"{&quot;1&quot;:2,&quot;2&quot;:&quot;2. Guide feeder&quot;}\">\n<div>\n<div>2. Guide d&#039;alimentation<\/div>\n<\/div>\n<\/td>\n<\/tr>\n<tr>\n<td data-sheets-value=\"{&quot;1&quot;:2,&quot;2&quot;:&quot;3. roll former&quot;}\">3. rouleau ancien<\/td>\n<td data-sheets-value=\"{&quot;1&quot;:2,&quot;2&quot;:&quot;4. Hydraulic pressing unit&quot;}\">\n<div>\n<div>4. Unit\u00e9 de pressage hydraulique<\/div>\n<\/div>\n<\/td>\n<\/tr>\n<tr>\n<td data-sheets-value=\"{&quot;1&quot;:2,&quot;2&quot;:&quot;5. Hydraulic cutting unit&quot;}\">5. Unit\u00e9 de coupe hydraulique<\/td>\n<td data-sheets-value=\"{&quot;1&quot;:2,&quot;2&quot;:&quot;6. PLC control system&quot;}\">\n<div>\n<div>6. Syst\u00e8me de contr\u00f4le PLC<\/div>\n<\/div>\n<\/td>\n<\/tr>\n<tr>\n<td data-sheets-value=\"{&quot;1&quot;:2,&quot;2&quot;:&quot;7. Hydraulic station&quot;}\">7. Station hydraulique<\/td>\n<td><\/td>\n<\/tr>\n<\/tbody>\n<\/table>\n<\/div>\n<h3>Dessins de profil<\/h3>\n<p><img decoding=\"async\" class=\"alignnone size-full wp-image-945\" src=\"https:\/\/swforming.com\/wp-content\/uploads\/2022\/09\/76218cd9-4081-44ba-8ab3-14365763b7fb.jpg\" alt=\"\" width=\"800\" height=\"779\" title=\"\" srcset=\"https:\/\/swforming.com\/wp-content\/uploads\/2022\/09\/76218cd9-4081-44ba-8ab3-14365763b7fb.jpg 800w, https:\/\/swforming.com\/wp-content\/uploads\/2022\/09\/76218cd9-4081-44ba-8ab3-14365763b7fb-600x584.jpg 600w, https:\/\/swforming.com\/wp-content\/uploads\/2022\/09\/76218cd9-4081-44ba-8ab3-14365763b7fb-300x292.jpg 300w, https:\/\/swforming.com\/wp-content\/uploads\/2022\/09\/76218cd9-4081-44ba-8ab3-14365763b7fb-768x748.jpg 768w\" sizes=\"(max-width: 800px) 100vw, 800px\" \/><\/p>\n<h3>Photos pour r\u00e9f\u00e9rence<\/h3>\n<p><img decoding=\"async\" class=\"alignnone size-full wp-image-946\" src=\"https:\/\/swforming.com\/wp-content\/uploads\/2022\/09\/f23a6943-3b90-444d-8925-20ab2fa2c338.jpg\" alt=\"\" width=\"800\" height=\"913\" title=\"\" srcset=\"https:\/\/swforming.com\/wp-content\/uploads\/2022\/09\/f23a6943-3b90-444d-8925-20ab2fa2c338.jpg 800w, https:\/\/swforming.com\/wp-content\/uploads\/2022\/09\/f23a6943-3b90-444d-8925-20ab2fa2c338-600x685.jpg 600w, https:\/\/swforming.com\/wp-content\/uploads\/2022\/09\/f23a6943-3b90-444d-8925-20ab2fa2c338-263x300.jpg 263w, https:\/\/swforming.com\/wp-content\/uploads\/2022\/09\/f23a6943-3b90-444d-8925-20ab2fa2c338-768x876.jpg 768w\" sizes=\"(max-width: 800px) 100vw, 800px\" \/><\/p>\n<blockquote class=\"wp-embedded-content\" data-secret=\"Hq3JomClAP\"><p><a href=\"https:\/\/swforming.com\/fr\/comment-choisir-une-machine-de-profilage-de-toiture\/\">Comment choisir une machine de formage de rouleaux de toiture\u00a0?<\/a><\/p><\/blockquote>\n<p><iframe class=\"wp-embedded-content\" sandbox=\"allow-scripts\" security=\"restricted\" style=\"position: absolute; clip: rect(1px, 1px, 1px, 1px);\" title=\"&quot;Comment choisir une profileuse pour toiture ? - Machine SUNWAY\" src=\"https:\/\/swforming.com\/how-to-choose-a-roofing-roll-forming-machine\/embed\/#?secret=EBQCwol6i9#?secret=Hq3JomClAP\" data-secret=\"Hq3JomClAP\" width=\"600\" height=\"338\" frameborder=\"0\" marginwidth=\"0\" marginheight=\"0\" scrolling=\"no\"><\/iframe><\/p>","protected":false},"excerpt":{"rendered":"<p>Roof Tile Roll Forming Machine Features\uff1a Roof tile roll forming machine is used to roll form metal roofing step tiles which are widely used in civilian construction, such as plants, hangar, gymnasium, exhibition hall and theaters. The product of this roll forming machine features novel appearance, level surface, uniform ripple, high usage and autoimmunization, low [&hellip;]<\/p>\n","protected":false},"featured_media":950,"comment_status":"open","ping_status":"closed","template":"","meta":{"_acf_changed":false},"product_brand":[],"product_cat":[45,114,85],"product_tag":[],"class_list":{"0":"post-942","1":"product","2":"type-product","3":"status-publish","4":"has-post-thumbnail","6":"product_cat-metal-wall-roofing","7":"product_cat-roll-former","8":"product_cat-roof-tile-panel-roll-forming-machine","10":"first","11":"instock","12":"shipping-taxable","13":"product-type-simple"},"acf":[],"_links":{"self":[{"href":"https:\/\/swforming.com\/fr\/wp-json\/wp\/v2\/product\/942","targetHints":{"allow":["GET"]}}],"collection":[{"href":"https:\/\/swforming.com\/fr\/wp-json\/wp\/v2\/product"}],"about":[{"href":"https:\/\/swforming.com\/fr\/wp-json\/wp\/v2\/types\/product"}],"replies":[{"embeddable":true,"href":"https:\/\/swforming.com\/fr\/wp-json\/wp\/v2\/comments?post=942"}],"version-history":[{"count":2,"href":"https:\/\/swforming.com\/fr\/wp-json\/wp\/v2\/product\/942\/revisions"}],"predecessor-version":[{"id":1768,"href":"https:\/\/swforming.com\/fr\/wp-json\/wp\/v2\/product\/942\/revisions\/1768"}],"wp:featuredmedia":[{"embeddable":true,"href":"https:\/\/swforming.com\/fr\/wp-json\/wp\/v2\/media\/950"}],"wp:attachment":[{"href":"https:\/\/swforming.com\/fr\/wp-json\/wp\/v2\/media?parent=942"}],"wp:term":[{"taxonomy":"product_brand","embeddable":true,"href":"https:\/\/swforming.com\/fr\/wp-json\/wp\/v2\/product_brand?post=942"},{"taxonomy":"product_cat","embeddable":true,"href":"https:\/\/swforming.com\/fr\/wp-json\/wp\/v2\/product_cat?post=942"},{"taxonomy":"product_tag","embeddable":true,"href":"https:\/\/swforming.com\/fr\/wp-json\/wp\/v2\/product_tag?post=942"}],"curies":[{"name":"wp","href":"https:\/\/api.w.org\/{rel}","templated":true}]}}