{"id":896,"date":"2022-09-29T03:50:08","date_gmt":"2022-09-29T03:50:08","guid":{"rendered":"https:\/\/swforming.com\/?post_type=product&#038;p=896"},"modified":"2023-06-19T06:03:30","modified_gmt":"2023-06-19T06:03:30","slug":"l-angle-roll-forming-machine","status":"publish","type":"product","link":"https:\/\/swforming.com\/fr\/product\/l-angle-roll-forming-machine\/","title":{"rendered":"Machine de formage de rouleaux d&#039;angle L"},"content":{"rendered":"<h3>Profileuse en L R\u00e9sum\u00e9<\/h3>\n<ul>\n<li>Mat\u00e9riau : Acier HR, CR, GI<\/li>\n<li>\u00c9paisseur du mat\u00e9riau : 0,5-1,6 mm<\/li>\n<li>Puissance principale : 5,5 KW<\/li>\n<li>Vitesse de formage\u00a0: 10-15\u00a0m\/min<\/li>\n<\/ul>\n<h3>Profileuse en L Pi\u00e8ces principales<\/h3>\n<ul>\n<li>D\u00e9rouleur manuel<\/li>\n<li>Guide d&#039;alimentation<\/li>\n<li>Syst\u00e8me de formage de rouleaux<\/li>\n<li>Coupe hydraulique<\/li>\n<li>Station hydraulique<\/li>\n<li>Syst\u00e8me de contr\u00f4le par API<\/li>\n<li>Tableau de sortie<\/li>\n<\/ul>\n<h3>Travailler Circuler<\/h3>\n<p>D\u00e9vidoir - Alimentation - Formage de rouleaux - D\u00e9coupe - Table d'\u00e9vacuation<\/p>\n<p><img fetchpriority=\"high\" decoding=\"async\" class=\"alignnone wp-image-897 size-full\" src=\"https:\/\/swforming.com\/wp-content\/uploads\/2022\/09\/DSQ.jpg\" alt=\"Machine de formage de rouleaux d&#039;angle L\" width=\"1000\" height=\"182\" title=\"\" srcset=\"https:\/\/swforming.com\/wp-content\/uploads\/2022\/09\/DSQ.jpg 1000w, https:\/\/swforming.com\/wp-content\/uploads\/2022\/09\/DSQ-600x109.jpg 600w, https:\/\/swforming.com\/wp-content\/uploads\/2022\/09\/DSQ-300x55.jpg 300w, https:\/\/swforming.com\/wp-content\/uploads\/2022\/09\/DSQ-768x140.jpg 768w\" sizes=\"(max-width: 1000px) 100vw, 1000px\" \/><\/p>\n<h4>Donn\u00e9es techniques<\/h4>\n<p><strong>1) D\u00e9vidoir<\/strong><\/p>\n<ul>\n<li>Type de d\u00e9rouleur : D\u00e9rouleur manuel<\/li>\n<li>Capacit\u00e9 de poids du d\u00e9coilage : 3 tonnes<\/li>\n<li>passivement \u00e0 l'expansion<\/li>\n<\/ul>\n<p><strong>2) Rouleau de formage<\/strong><\/p>\n<ul>\n<li>Diam\u00e8tre de l'axe : 60 mm<\/li>\n<li>Supports de rouleaux de formage : 8 groupes<\/li>\n<li>Mat\u00e9riau de l&#039;axe principal\u00a0: acier 45# de premi\u00e8re qualit\u00e9, chauff\u00e9 et tremp\u00e9<\/li>\n<li>Mat\u00e9riau du rouleau : Acier 45# de premi\u00e8re qualit\u00e9 avec chrome dur 0,05 mm, chauff\u00e9 et tremp\u00e9.<\/li>\n<li>Vitesse de formage : 10-15 m\/min<\/li>\n<li>Type de plong\u00e9e : 1\" Cha\u00eene de transmission<\/li>\n<li>Support de cadre de machine : acier de construction soud\u00e9<\/li>\n<\/ul>\n<p><strong>3) Dispositif de coupe<\/strong><\/p>\n<ul>\n<li>Type de coupe : Coupe hydraulique<\/li>\n<li>Puissance de la pompe hydraulique : 3 KW<\/li>\n<li>Pression hydraulique : 12Mpa<\/li>\n<li>Hydraulique Mat\u00e9riau des lames et des couteaux : SKD-11, proc\u00e9d\u00e9 de trempe 58-62<\/li>\n<li>Tol\u00e9rance de la longueur de coupe : 10m+\/- 2,0mm<\/li>\n<\/ul>\n<p><strong>4) Syst\u00e8me \u00e9lectrique<\/strong><\/p>\n<ul>\n<li>Tension\u00a0: 380\u00a0V, triphas\u00e9 50\u00a0Hz<\/li>\n<li>PLC Syst\u00e8me de contr\u00f4le \u00e9lectrique : Automate japonais PANASONIC<\/li>\n<li>Contr\u00f4leur de longueur par codeur Contr\u00f4le de fr\u00e9quence<\/li>\n<li>Fonctionnement\u00a0: \u00e9cran tactile<\/li>\n<li>Transducteur : PANASONIC<\/li>\n<\/ul>\n<p><strong>5) Table d'al\u00e9sage :<\/strong><\/p>\n<p>* Type non motoris\u00e9<\/p>\n<h3>Qu'est-ce qu'une profileuse pour corni\u00e8res ?<\/h3>\n<p>Une profileuse pour corni\u00e8res, \u00e9galement appel\u00e9e profileuse pour corni\u00e8res ou profileuse pour corni\u00e8res, est un \u00e9quipement sp\u00e9cialis\u00e9 utilis\u00e9 dans l'industrie manufacturi\u00e8re pour produire des profil\u00e9s en corni\u00e8res. Les corni\u00e8res sont des barres d'acier en forme de L avec des pattes \u00e9gales ou in\u00e9gales, couramment utilis\u00e9es dans la construction, la charpente et diverses applications structurelles.<\/p>\n<p>La profileuse prend des bobines de m\u00e9tal plat, g\u00e9n\u00e9ralement en acier ou en d'autres m\u00e9taux, et les fa\u00e7onne pour obtenir le profil\u00e9 d'acier angulaire souhait\u00e9 gr\u00e2ce \u00e0 un processus de pliage continu. La machine se compose d'une s\u00e9rie de galets, \u00e9galement connus sous le nom d'outillage \u00e0 galets ou de galets de formage, qui plient progressivement la bande de m\u00e9tal pour lui donner la forme d'angle souhait\u00e9e.<\/p>\n<p>Voici un aper\u00e7u simplifi\u00e9 du fonctionnement d'une profileuse pour corni\u00e8res :<\/p>\n<ol>\n<li>Alimentation du mat\u00e9riau : La bobine de m\u00e9tal plat est introduite dans la profileuse. Elle passe \u00e0 travers une s\u00e9rie de rouleaux qui guident et fa\u00e7onnent le mat\u00e9riau.<\/li>\n<li>Processus de formage par laminage : Au fur et \u00e0 mesure que la bande de m\u00e9tal avance, les rouleaux la plient progressivement pour lui donner la forme d'angle souhait\u00e9e. Chaque jeu de rouleaux est con\u00e7u pour effectuer une op\u00e9ration de cintrage sp\u00e9cifique, comme la formation des pattes de l'angle ou la cr\u00e9ation du rayon de l'angle.<\/li>\n<li>Coupe et cisaillement : Une fois que la longueur souhait\u00e9e d'acier angulaire est form\u00e9e, la profileuse peut comporter un m\u00e9canisme de coupe pour d\u00e9couper le profil\u00e9 \u00e0 la longueur souhait\u00e9e. Cette op\u00e9ration peut \u00eatre r\u00e9alis\u00e9e \u00e0 l'aide de diverses m\u00e9thodes de coupe, telles que des scies volantes, des cisailles hydrauliques ou des poin\u00e7onneuses.<\/li>\n<li>Empilage ou emballage : Les profil\u00e9s en acier angulaire finis sont g\u00e9n\u00e9ralement empil\u00e9s ou emball\u00e9s en vue d'un traitement ou d'un transport ult\u00e9rieur.<\/li>\n<\/ol>\n<p>Les profileuses pour corni\u00e8res en acier peuvent \u00eatre personnalis\u00e9es pour produire des profil\u00e9s en acier angulaire de diff\u00e9rentes tailles et sp\u00e9cifications, y compris diff\u00e9rentes longueurs de pattes, \u00e9paisseurs et rayons d'angle. Les r\u00e9glages de la machine peuvent \u00eatre ajust\u00e9s pour r\u00e9pondre \u00e0 des exigences de production sp\u00e9cifiques, ce qui permet d'obtenir une grande pr\u00e9cision et une grande coh\u00e9rence dans le processus de fabrication.<\/p>\n<p>Ces machines sont couramment utilis\u00e9es dans des secteurs tels que la construction, le d\u00e9veloppement d'infrastructures, la fabrication d'acier et la m\u00e9tallurgie, o\u00f9 les profil\u00e9s en acier angulaire sont fr\u00e9quemment utilis\u00e9s dans des applications structurelles et architecturales.<\/p>\n<h3>Fonction de la machine \u00e0 former les corni\u00e8res de mur<\/h3>\n<p>Une profileuse pour corni\u00e8res murales est un \u00e9quipement sp\u00e9cialis\u00e9 utilis\u00e9 dans l'industrie manufacturi\u00e8re pour produire des corni\u00e8res murales. Les corni\u00e8res murales, \u00e9galement appel\u00e9es corni\u00e8res d'angle ou corni\u00e8res pour cloisons s\u00e8ches, sont des profil\u00e9s m\u00e9talliques en forme de L utilis\u00e9s pour renforcer et prot\u00e9ger les angles des murs dans la construction et la pose de cloisons s\u00e8ches.<\/p>\n<p>La fonction principale d'une profileuse d'angle de paroi est de prendre une bobine de m\u00e9tal plat et de la transformer en un profil d'angle de paroi souhait\u00e9 par un processus de pliage continu. Voici les principales fonctions et caract\u00e9ristiques d'une profileuse d'angle de paroi :<\/p>\n<ol>\n<li>Alimentation en mat\u00e9riau : La machine est \u00e9quip\u00e9e d'un syst\u00e8me d'alimentation en mat\u00e9riau qui permet d'introduire en continu la bobine de m\u00e9tal plat dans le processus de profilage.<\/li>\n<li>Processus de formage par laminage : La machine se compose d'une s\u00e9rie de galets, \u00e9galement connus sous le nom d'outillage \u00e0 galets ou de galets de formage, qui courbent progressivement la bande de m\u00e9tal pour lui donner la forme d'angle de paroi souhait\u00e9e. Les galets sont con\u00e7us avec pr\u00e9cision pour cr\u00e9er le profil sp\u00e9cifique, y compris les longueurs des pattes, les largeurs des ailes et les rayons d'angle requis pour les angles de mur.<\/li>\n<li>Poin\u00e7onnage : les profil\u00e9s d'angle de mur n\u00e9cessitent souvent des trous ou des fentes pour la fixation au mur ou pour la fixation de plaques de pl\u00e2tre. La profileuse peut comprendre un m\u00e9canisme de perforation qui peut percer les trous ou les fentes n\u00e9cessaires dans la bande de m\u00e9tal au fur et \u00e0 mesure qu'elle est form\u00e9e.<\/li>\n<li>Coupe et cisaillement : Une fois que la longueur souhait\u00e9e du profil\u00e9 d'angle mural est form\u00e9e, la machine peut \u00eatre \u00e9quip\u00e9e d'un m\u00e9canisme de coupe pour d\u00e9couper le profil\u00e9 \u00e0 la longueur souhait\u00e9e. Cela permet de s'assurer que les corni\u00e8res murales produites sont de taille coh\u00e9rente et pr\u00eates \u00e0 \u00eatre install\u00e9es.<\/li>\n<li>Variantes de formage : Les profileuses d'angle peuvent \u00eatre con\u00e7ues avec des r\u00e9glages ajustables pour produire diff\u00e9rentes variations d'angles de mur, y compris diff\u00e9rentes longueurs de pattes, largeurs de rebords et mod\u00e8les de trous. Cette flexibilit\u00e9 permet une personnalisation en fonction des exigences sp\u00e9cifiques du projet.<\/li>\n<li>Vitesse de production \u00e9lev\u00e9e : les profileuses pour corni\u00e8res murales sont con\u00e7ues pour une production \u00e0 grande vitesse, ce qui permet de fabriquer efficacement de grandes quantit\u00e9s de corni\u00e8res murales dans un court laps de temps.<\/li>\n<\/ol>\n<p>En utilisant une profileuse pour corni\u00e8res murales, les fabricants peuvent produire des corni\u00e8res murales avec une grande pr\u00e9cision, une grande coh\u00e9rence et une grande efficacit\u00e9. Ces corni\u00e8res sont largement utilis\u00e9es dans l'industrie de la construction pour renforcer et prot\u00e9ger les angles des murs, fournir des bords droits et nets pour la pose de cloisons s\u00e8ches et am\u00e9liorer la durabilit\u00e9 et l'esth\u00e9tique g\u00e9n\u00e9rales des b\u00e2timents.<\/p>\n<blockquote class=\"wp-embedded-content\" data-secret=\"hC7jj5o74g\"><p><a href=\"https:\/\/swforming.com\/fr\/5-raisons-pour-quoi-acheter-une-machine-de-formation-de-rouleaux-d-angle\/\">5 raisons pour lesquelles vous devriez acheter une machine de formage de rouleaux d&#039;angle<\/a><\/p><\/blockquote>\n<p><iframe class=\"wp-embedded-content\" sandbox=\"allow-scripts\" security=\"restricted\" style=\"position: absolute; clip: rect(1px, 1px, 1px, 1px);\" title=\"&quot;5 raisons pour lesquelles vous devriez acheter une profileuse d&#039;angle - SUNWAY Machine\" src=\"https:\/\/swforming.com\/5-reasons-why-you-should-buy-an-angle-roll-forming-machine\/embed\/#?secret=gqenYRLP5b#?secret=hC7jj5o74g\" data-secret=\"hC7jj5o74g\" width=\"600\" height=\"338\" frameborder=\"0\" marginwidth=\"0\" marginheight=\"0\" scrolling=\"no\"><\/iframe><\/p>","protected":false},"excerpt":{"rendered":"<p>L Angle roll forming machine Summary Material: HR, CR steel, GI steel Material Thickness: 0.5-1.6 mm Main Power: 5.5 KW Forming Speed: 10-15m\/min L Angle roll forming machine Main Parts Manual Decoiler Feeding Guide Roll Forming System Hydraulic Cutting Hydraulic Station PLC Control System Run-out Table Working Flowing Decoiler&#8212;\u00a0Feeding&#8212; Roll Forming &#8212;- Cutting &#8212;- Run [&hellip;]<\/p>\n","protected":false},"featured_media":898,"comment_status":"open","ping_status":"closed","template":"","meta":{"_acf_changed":false},"product_brand":[],"product_cat":[71],"product_tag":[],"class_list":{"0":"post-896","1":"product","2":"type-product","3":"status-publish","4":"has-post-thumbnail","6":"product_cat-light-gauge-steel-roll-forming-machine","8":"first","9":"instock","10":"shipping-taxable","11":"product-type-simple"},"acf":[],"_links":{"self":[{"href":"https:\/\/swforming.com\/fr\/wp-json\/wp\/v2\/product\/896","targetHints":{"allow":["GET"]}}],"collection":[{"href":"https:\/\/swforming.com\/fr\/wp-json\/wp\/v2\/product"}],"about":[{"href":"https:\/\/swforming.com\/fr\/wp-json\/wp\/v2\/types\/product"}],"replies":[{"embeddable":true,"href":"https:\/\/swforming.com\/fr\/wp-json\/wp\/v2\/comments?post=896"}],"version-history":[{"count":3,"href":"https:\/\/swforming.com\/fr\/wp-json\/wp\/v2\/product\/896\/revisions"}],"predecessor-version":[{"id":3261,"href":"https:\/\/swforming.com\/fr\/wp-json\/wp\/v2\/product\/896\/revisions\/3261"}],"wp:featuredmedia":[{"embeddable":true,"href":"https:\/\/swforming.com\/fr\/wp-json\/wp\/v2\/media\/898"}],"wp:attachment":[{"href":"https:\/\/swforming.com\/fr\/wp-json\/wp\/v2\/media?parent=896"}],"wp:term":[{"taxonomy":"product_brand","embeddable":true,"href":"https:\/\/swforming.com\/fr\/wp-json\/wp\/v2\/product_brand?post=896"},{"taxonomy":"product_cat","embeddable":true,"href":"https:\/\/swforming.com\/fr\/wp-json\/wp\/v2\/product_cat?post=896"},{"taxonomy":"product_tag","embeddable":true,"href":"https:\/\/swforming.com\/fr\/wp-json\/wp\/v2\/product_tag?post=896"}],"curies":[{"name":"wp","href":"https:\/\/api.w.org\/{rel}","templated":true}]}}