{"id":885,"date":"2022-09-29T03:40:50","date_gmt":"2022-09-29T03:40:50","guid":{"rendered":"https:\/\/swforming.com\/?post_type=product&#038;p=885"},"modified":"2023-06-16T03:57:24","modified_gmt":"2023-06-16T03:57:24","slug":"gutter-roll-forming-machine","status":"publish","type":"product","link":"https:\/\/swforming.com\/fr\/product\/gutter-roll-forming-machine\/","title":{"rendered":"Rouleau de goutti\u00e8re formant la machine"},"content":{"rendered":"<h3>Machine de formage de rouleaux de goutti\u00e8res Caract\u00e9ristiques :<\/h3>\n<p>Nous n'offrons pas seulement \u00e0 nos clients une merveilleuse machine \u00e0 former les goutti\u00e8res, mais aussi une exp\u00e9rience abondante, une fabrication de pr\u00e9cision, une fabrication automatique stable gr\u00e2ce \u00e0 l'\u00e9nergie hydraulique, un syst\u00e8me de contr\u00f4le de haute technologie et notre enthousiasme.<\/p>\n<h3>Applications<\/h3>\n<p>Les produits fabriqu\u00e9s par la profileuse pour goutti\u00e8res sont largement utilis\u00e9s dans les usines, les ateliers, les garages, les entrep\u00f4ts, les hangars \u00e0 locomotives, les cin\u00e9mas, les th\u00e9\u00e2tres, les stades, les jardins, etc.<\/p>\n<h3>Flux de processus<\/h3>\n<p>D\u00e9rouleur - Alimentation - Formage de rouleaux - Coupe - Rack de sortie<\/p>\n<h3>Configurations des machines<\/h3>\n<table dir=\"ltr\" border=\"1\" cellspacing=\"0\" cellpadding=\"0\">\n<colgroup>\n<col width=\"100\" \/>\n<col width=\"100\" \/><\/colgroup>\n<tbody>\n<tr>\n<td data-sheets-value=\"{&quot;1&quot;:2,&quot;2&quot;:&quot;1. Uncoiler&quot;}\">1. D\u00e9rouleur<\/td>\n<td data-sheets-value=\"{&quot;1&quot;:2,&quot;2&quot;:&quot;2. Feeding Device&quot;}\">\n<div>\n<div>2. Dispositif d&#039;alimentation<\/div>\n<\/div>\n<\/td>\n<\/tr>\n<tr>\n<td data-sheets-value=\"{&quot;1&quot;:2,&quot;2&quot;:&quot;3. Roll Forming Machine&quot;}\">3. Machine de formage par laminage<\/td>\n<td data-sheets-value=\"{&quot;1&quot;:2,&quot;2&quot;:&quot;4. Hydraulic Cutting&quot;}\">\n<div>\n<div>4. Coupe hydraulique<\/div>\n<\/div>\n<\/td>\n<\/tr>\n<tr>\n<td data-sheets-value=\"{&quot;1&quot;:2,&quot;2&quot;:&quot;5. PLC Control System&quot;}\">5. Syst\u00e8me de contr\u00f4le par API<\/td>\n<td data-sheets-value=\"{&quot;1&quot;:2,&quot;2&quot;:&quot;6. Exit Rack&quot;}\">6. Support de sortie<\/td>\n<\/tr>\n<\/tbody>\n<\/table>\n<h3>Dessins de profil pour r\u00e9f\u00e9rence<\/h3>\n<h3><img fetchpriority=\"high\" decoding=\"async\" class=\"alignnone size-full wp-image-887\" src=\"https:\/\/swforming.com\/wp-content\/uploads\/2022\/09\/Profile-Drawings-for-Reference-2.jpg\" alt=\"\" width=\"800\" height=\"461\" title=\"\" srcset=\"https:\/\/swforming.com\/wp-content\/uploads\/2022\/09\/Profile-Drawings-for-Reference-2.jpg 800w, https:\/\/swforming.com\/wp-content\/uploads\/2022\/09\/Profile-Drawings-for-Reference-2-600x346.jpg 600w, https:\/\/swforming.com\/wp-content\/uploads\/2022\/09\/Profile-Drawings-for-Reference-2-300x173.jpg 300w, https:\/\/swforming.com\/wp-content\/uploads\/2022\/09\/Profile-Drawings-for-Reference-2-768x443.jpg 768w\" sizes=\"(max-width: 800px) 100vw, 800px\" \/><\/h3>\n<figure id=\"attachment_888\" aria-describedby=\"caption-attachment-888\" style=\"width: 400px\" class=\"wp-caption alignleft\"><img decoding=\"async\" class=\"size-full wp-image-888\" src=\"https:\/\/swforming.com\/wp-content\/uploads\/2022\/09\/Roll-Forming-Machine.jpg\" alt=\"\" width=\"400\" height=\"300\" title=\"\" srcset=\"https:\/\/swforming.com\/wp-content\/uploads\/2022\/09\/Roll-Forming-Machine.jpg 400w, https:\/\/swforming.com\/wp-content\/uploads\/2022\/09\/Roll-Forming-Machine-300x225.jpg 300w\" sizes=\"(max-width: 400px) 100vw, 400px\" \/><figcaption id=\"caption-attachment-888\" class=\"wp-caption-text\">Rouleau formant la machine<\/figcaption><\/figure>\n<figure id=\"attachment_891\" aria-describedby=\"caption-attachment-891\" style=\"width: 400px\" class=\"wp-caption alignright\"><img decoding=\"async\" class=\"size-full wp-image-891\" src=\"https:\/\/swforming.com\/wp-content\/uploads\/2022\/09\/Sample.jpg\" alt=\"\" width=\"400\" height=\"300\" title=\"\" srcset=\"https:\/\/swforming.com\/wp-content\/uploads\/2022\/09\/Sample.jpg 400w, https:\/\/swforming.com\/wp-content\/uploads\/2022\/09\/Sample-300x225.jpg 300w\" sizes=\"(max-width: 400px) 100vw, 400px\" \/><figcaption id=\"caption-attachment-891\" class=\"wp-caption-text\">\u00c9chantillon 1<\/figcaption><\/figure>\n<figure id=\"attachment_890\" aria-describedby=\"caption-attachment-890\" style=\"width: 400px\" class=\"wp-caption alignleft\"><img loading=\"lazy\" decoding=\"async\" class=\"size-full wp-image-890\" src=\"https:\/\/swforming.com\/wp-content\/uploads\/2022\/09\/Sample-2.jpg\" alt=\"\" width=\"400\" height=\"300\" title=\"\" srcset=\"https:\/\/swforming.com\/wp-content\/uploads\/2022\/09\/Sample-2.jpg 400w, https:\/\/swforming.com\/wp-content\/uploads\/2022\/09\/Sample-2-300x225.jpg 300w\" sizes=\"(max-width: 400px) 100vw, 400px\" \/><figcaption id=\"caption-attachment-890\" class=\"wp-caption-text\">\u00c9chantillon 2<\/figcaption><\/figure>\n<p>&nbsp;<\/p>\n<p>&nbsp;<\/p>\n<p>&nbsp;<\/p>\n<p>&nbsp;<\/p>\n<p>&nbsp;<\/p>\n<p>&nbsp;<\/p>\n<p>&nbsp;<\/p>\n<p>&nbsp;<\/p>\n<figure id=\"attachment_889\" aria-describedby=\"caption-attachment-889\" style=\"width: 400px\" class=\"wp-caption alignright\"><img loading=\"lazy\" decoding=\"async\" class=\"size-full wp-image-889\" src=\"https:\/\/swforming.com\/wp-content\/uploads\/2022\/09\/Sample-3.jpg\" alt=\"\" width=\"400\" height=\"299\" title=\"\" srcset=\"https:\/\/swforming.com\/wp-content\/uploads\/2022\/09\/Sample-3.jpg 400w, https:\/\/swforming.com\/wp-content\/uploads\/2022\/09\/Sample-3-300x224.jpg 300w\" sizes=\"(max-width: 400px) 100vw, 400px\" \/><figcaption id=\"caption-attachment-889\" class=\"wp-caption-text\">\u00c9chantillon 3<\/figcaption><\/figure>\n<p>&nbsp;<\/p>\n<p>&nbsp;<\/p>\n<p>&nbsp;<\/p>\n<p>&nbsp;<\/p>\n<p>&nbsp;<\/p>\n<p>&nbsp;<\/p>\n<p>&nbsp;<\/p>\n<p>&nbsp;<\/p>\n<p>&nbsp;<\/p>\n<p>&nbsp;<\/p>\n<h3>type de machine \u00e0 former les goutti\u00e8res<\/h3>\n<p>Il existe plusieurs types de profileuses de goutti\u00e8res utilis\u00e9es dans l'industrie manufacturi\u00e8re. Le type sp\u00e9cifique de machine utilis\u00e9 peut d\u00e9pendre de la forme et de la taille souhait\u00e9es de la goutti\u00e8re, ainsi que des exigences de production. Voici quelques types courants de profileuses de goutti\u00e8res :<\/p>\n<ol>\n<li>Machine de formage de goutti\u00e8res en K : Ce type de machine est utilis\u00e9 pour produire des goutti\u00e8res de type K, couramment utilis\u00e9es dans les b\u00e2timents r\u00e9sidentiels et commerciaux. Les goutti\u00e8res de type K ont un fond plat et une forme d\u00e9corative sur le devant.<\/li>\n<li>Profileuse de goutti\u00e8res demi-rondes : Cette machine est con\u00e7ue pour produire des goutti\u00e8res demi-rondes, qui ont une section transversale semi-circulaire. Les goutti\u00e8res demi-rondes sont souvent utilis\u00e9es dans des applications historiques ou architecturales.<\/li>\n<li>Machine de formage de goutti\u00e8res en caisson : Les goutti\u00e8res en caisson sont g\u00e9n\u00e9ralement utilis\u00e9es pour les b\u00e2timents industriels ou commerciaux dot\u00e9s d'une grande surface de toit. Une profileuse de goutti\u00e8res permet de produire des goutti\u00e8res de forme rectangulaire ou carr\u00e9e, ce qui permet une plus grande capacit\u00e9 d'absorption de l'eau.<\/li>\n<li>Machine de formage de goutti\u00e8res en rouleaux : Les goutti\u00e8res sont int\u00e9gr\u00e9es \u00e0 la ligne de toiture, g\u00e9n\u00e9ralement cach\u00e9es derri\u00e8re la planche de rive. Ce type de machine est utilis\u00e9 pour produire des goutti\u00e8res qui s'int\u00e8grent parfaitement \u00e0 l'ext\u00e9rieur du b\u00e2timent.<\/li>\n<li>Profileuses de goutti\u00e8res sur mesure : En fonction des besoins sp\u00e9cifiques, des profileuses sur mesure peuvent \u00eatre con\u00e7ues et fabriqu\u00e9es pour produire des goutti\u00e8res aux formes ou profils uniques.<\/li>\n<\/ol>\n<p>Il ne s'agit l\u00e0 que de quelques exemples de profileuses de goutti\u00e8res. Le type de machine utilis\u00e9 peut varier en fonction du fabricant, de la r\u00e9gion et des besoins sp\u00e9cifiques de l'industrie.<\/p>\n<h3>Quels sont les principaux domaines d'application de la profileuse pour goutti\u00e8res ?<\/h3>\n<p>La principale application d'une profileuse pour goutti\u00e8res se situe dans le domaine de la construction et des mat\u00e9riaux de construction. Elle est sp\u00e9cialement con\u00e7ue pour fabriquer des goutti\u00e8res, qui sont des \u00e9l\u00e9ments essentiels des b\u00e2timents r\u00e9sidentiels et commerciaux pour une \u00e9vacuation efficace de l'eau.<\/p>\n<p>Voici les principaux domaines dans lesquels les profileuses pour goutti\u00e8res sont couramment utilis\u00e9es :<\/p>\n<ol>\n<li>Industrie de la construction : Les goutti\u00e8res sont essentielles \u00e0 la gestion des eaux de pluie et \u00e0 la pr\u00e9vention des d\u00e9g\u00e2ts des eaux dans les b\u00e2timents. L'industrie de la construction utilise largement des profileuses pour goutti\u00e8res afin de produire des goutti\u00e8res de diff\u00e9rentes tailles, formes et mat\u00e9riaux, tels que l'aluminium, l'acier ou le PVC.<\/li>\n<li>Entrepreneurs en toiture : Les entreprises de couverture ont souvent besoin de profileuses de goutti\u00e8res pour compl\u00e9ter leurs services. Ils peuvent fabriquer sur place des goutti\u00e8res personnalis\u00e9es pour r\u00e9pondre aux exigences sp\u00e9cifiques de chaque projet de toiture, assurant ainsi une gestion et un drainage ad\u00e9quats de l'eau.<\/li>\n<li>Fabricants de mat\u00e9riaux de construction : Les fabricants sp\u00e9cialis\u00e9s dans les mat\u00e9riaux de construction, tels que les entreprises de fabrication m\u00e9tallique, utilisent des profileuses de goutti\u00e8res pour produire des goutti\u00e8res \u00e0 grande \u00e9chelle. Ces goutti\u00e8res peuvent \u00eatre fournies aux entreprises de construction, aux entrepreneurs ou vendues directement sur le march\u00e9 en tant que produits pr\u00eats \u00e0 l'emploi.<\/li>\n<li>Am\u00e9lioration et r\u00e9novation de l'habitat : Les profileuses de goutti\u00e8res s'adressent \u00e9galement au secteur de l'am\u00e9lioration et de la r\u00e9novation de l'habitat. Les entrepreneurs ou les propri\u00e9taires d\u00e9sireux de remplacer ou d'installer de nouvelles goutti\u00e8res peuvent b\u00e9n\u00e9ficier de la personnalisation et de l'efficacit\u00e9 offertes par ces machines.<\/li>\n<li>Fabrication de t\u00f4les : Les profileuses de goutti\u00e8res sont souvent utilis\u00e9es dans les processus de fabrication de t\u00f4les. Ces machines peuvent produire des goutti\u00e8res aux dimensions, formes et profils pr\u00e9cis, r\u00e9pondant ainsi aux exigences sp\u00e9cifiques des architectes, ing\u00e9nieurs et entrepreneurs.<\/li>\n<\/ol>\n<p>Globalement, la principale application des profileuses pour goutti\u00e8res se situe dans l'industrie de la construction et les secteurs connexes, o\u00f9 la production de goutti\u00e8res est essentielle pour une gestion efficace de l'eau et la protection des b\u00e2timents.<\/p>\n<h3>Comment choisir une profileuse pour goutti\u00e8res ?<\/h3>\n<p>Lors du choix d'une profileuse pour goutti\u00e8res, plusieurs facteurs doivent \u00eatre pris en compte pour s'assurer que vous s\u00e9lectionnez la machine la mieux adapt\u00e9e \u00e0 vos besoins. Voici quelques points cl\u00e9s \u00e0 prendre en compte :<\/p>\n<ol>\n<li>Profil de la goutti\u00e8re : D\u00e9terminez le profil sp\u00e9cifique de la goutti\u00e8re dont vous avez besoin, comme le style K, le demi-rond, la goutti\u00e8re en caisson ou les profils personnalis\u00e9s. Assurez-vous que la machine que vous choisissez peut produire le profil de goutti\u00e8re souhait\u00e9 avec pr\u00e9cision et r\u00e9gularit\u00e9.<\/li>\n<li>Compatibilit\u00e9 des mat\u00e9riaux : Tenez compte des types de mat\u00e9riaux avec lesquels vous allez travailler, tels que l'aluminium, l'acier ou le cuivre. Assurez-vous que la machine est compatible avec les mat\u00e9riaux que vous pr\u00e9voyez d'utiliser et qu'elle peut traiter l'\u00e9paisseur et la largeur requises.<\/li>\n<li>Capacit\u00e9 de production : \u00c9valuez vos besoins de production en termes de volume de goutti\u00e8res \u00e0 fabriquer dans un d\u00e9lai donn\u00e9. Choisissez une machine dont la vitesse et la capacit\u00e9 sont adapt\u00e9es \u00e0 vos besoins de production.<\/li>\n<li>Flexibilit\u00e9 de la machine : D\u00e9terminez si vous allez produire des goutti\u00e8res de tailles et de profils diff\u00e9rents. Recherchez une machine qui offre la possibilit\u00e9 d'ajuster facilement les dimensions des goutti\u00e8res pour r\u00e9pondre aux diff\u00e9rentes exigences des clients.<\/li>\n<li>Qualit\u00e9 et pr\u00e9cision : Assurez-vous que la machine est capable de produire des goutti\u00e8res avec une grande pr\u00e9cision et une qualit\u00e9 constante. Recherchez des caract\u00e9ristiques telles qu'une construction robuste, des composants de pr\u00e9cision et des syst\u00e8mes de contr\u00f4le avanc\u00e9s qui contribuent \u00e0 une production pr\u00e9cise et fiable.<\/li>\n<li>Options de personnalisation : Si vous avez des exigences sp\u00e9cifiques ou des profils de goutti\u00e8res uniques, v\u00e9rifiez si la machine peut \u00eatre personnalis\u00e9e ou adapt\u00e9e pour r\u00e9pondre \u00e0 vos besoins sp\u00e9cifiques. Certains fabricants peuvent proposer des options de personnalisation ou des options d'outillage suppl\u00e9mentaires pour diff\u00e9rents profils de goutti\u00e8res.<\/li>\n<li>Assistance et service apr\u00e8s-vente : \u00c9tudiez la r\u00e9putation du fabricant et ses services d'assistance \u00e0 la client\u00e8le. Recherchez un fournisseur fiable qui offre une assistance technique, une formation, la disponibilit\u00e9 des pi\u00e8ces de rechange et une couverture de garantie pour la machine.<\/li>\n<li>Co\u00fbt et retour sur investissement : Comparez les prix des diff\u00e9rentes machines en tenant compte de leurs caract\u00e9ristiques, de leur qualit\u00e9 et de l'assistance offerte. \u00c9valuez le retour sur investissement potentiel en fonction de la production attendue et de la demande du march\u00e9 pour les goutti\u00e8res que vous allez fabriquer.<\/li>\n<\/ol>\n<p>En tenant compte de ces facteurs et en effectuant des recherches approfondies, vous pourrez prendre une d\u00e9cision \u00e9clair\u00e9e et choisir une machine de formage de rouleaux de goutti\u00e8res qui r\u00e9pond \u00e0 vos besoins sp\u00e9cifiques et offre une valeur \u00e0 long terme pour votre entreprise.<\/p>\n<blockquote class=\"wp-embedded-content\" data-secret=\"IDCDEdoexk\"><p><a href=\"https:\/\/swforming.com\/fr\/comment-fonctionne-la-profileuse-de-gouttieres-et-quels-sont-ses-avantages\/\">Comment fonctionne la machine de formage de rouleaux de goutti\u00e8re et quels sont ses avantages\u00a0?<\/a><\/p><\/blockquote>\n<p><iframe class=\"wp-embedded-content\" sandbox=\"allow-scripts\" security=\"restricted\" style=\"position: absolute; clip: rect(1px, 1px, 1px, 1px);\" title=\"&quot;Comment fonctionne la machine \u00e0 former les goutti\u00e8res et quels sont ses avantages ? - Machine SUNWAY\" src=\"https:\/\/swforming.com\/how-does-gutter-roll-forming-machine-work-and-what-are-its-benefits\/embed\/#?secret=9IQrTTWN0t#?secret=IDCDEdoexk\" data-secret=\"IDCDEdoexk\" width=\"600\" height=\"338\" frameborder=\"0\" marginwidth=\"0\" marginheight=\"0\" scrolling=\"no\"><\/iframe><\/p>\n<p>&nbsp;<\/p>\n<p>&nbsp;<\/p>","protected":false},"excerpt":{"rendered":"<p>Gutter Roll Forming Machine Features: We are not only offer customers a wonderful gutter roll forming machine for making, but also the abundant experience, precision making, stable automatic manufacture by hydraulic power, hi-tech control system, and our enthusiasm. Applications The products produced by the gutter roll forming machine is widely used in factory, workshop, garage, [&hellip;]<\/p>\n","protected":false},"featured_media":892,"comment_status":"open","ping_status":"closed","template":"","meta":{"_acf_changed":false},"product_brand":[],"product_cat":[82,45],"product_tag":[],"class_list":{"0":"post-885","1":"product","2":"type-product","3":"status-publish","4":"has-post-thumbnail","6":"product_cat-gutter-roll-forming-machine","7":"product_cat-metal-wall-roofing","9":"first","10":"instock","11":"shipping-taxable","12":"product-type-simple"},"acf":[],"_links":{"self":[{"href":"https:\/\/swforming.com\/fr\/wp-json\/wp\/v2\/product\/885","targetHints":{"allow":["GET"]}}],"collection":[{"href":"https:\/\/swforming.com\/fr\/wp-json\/wp\/v2\/product"}],"about":[{"href":"https:\/\/swforming.com\/fr\/wp-json\/wp\/v2\/types\/product"}],"replies":[{"embeddable":true,"href":"https:\/\/swforming.com\/fr\/wp-json\/wp\/v2\/comments?post=885"}],"version-history":[{"count":4,"href":"https:\/\/swforming.com\/fr\/wp-json\/wp\/v2\/product\/885\/revisions"}],"predecessor-version":[{"id":3251,"href":"https:\/\/swforming.com\/fr\/wp-json\/wp\/v2\/product\/885\/revisions\/3251"}],"wp:featuredmedia":[{"embeddable":true,"href":"https:\/\/swforming.com\/fr\/wp-json\/wp\/v2\/media\/892"}],"wp:attachment":[{"href":"https:\/\/swforming.com\/fr\/wp-json\/wp\/v2\/media?parent=885"}],"wp:term":[{"taxonomy":"product_brand","embeddable":true,"href":"https:\/\/swforming.com\/fr\/wp-json\/wp\/v2\/product_brand?post=885"},{"taxonomy":"product_cat","embeddable":true,"href":"https:\/\/swforming.com\/fr\/wp-json\/wp\/v2\/product_cat?post=885"},{"taxonomy":"product_tag","embeddable":true,"href":"https:\/\/swforming.com\/fr\/wp-json\/wp\/v2\/product_tag?post=885"}],"curies":[{"name":"wp","href":"https:\/\/api.w.org\/{rel}","templated":true}]}}