{"id":826,"date":"2022-09-23T06:22:19","date_gmt":"2022-09-23T06:22:19","guid":{"rendered":"https:\/\/swforming.com\/?post_type=product&#038;p=826"},"modified":"2023-03-10T11:57:10","modified_gmt":"2023-03-10T11:57:10","slug":"2-profile-in-1-roll-forming-machine","status":"publish","type":"product","link":"https:\/\/swforming.com\/fr\/product\/2-profile-in-1-roll-forming-machine\/","title":{"rendered":"Profil\u00e9 2 en 1 profileuse"},"content":{"rendered":"<h3>Profil\u00e9 2 en 1 profileuse R\u00e9sum\u00e9<\/h3>\n<ul>\n<li>Mat\u00e9riau : acier de couleur, bobine galvanis\u00e9e<\/li>\n<li>\u00c9paisseur du mat\u00e9riau : 0,4-1,5 mm<\/li>\n<li>Vitesse de formage\u00a0: 10-15\u00a0m\/min<\/li>\n<\/ul>\n<h3>Profil\u00e9 2 en 1 machine de formage de rouleaux Pi\u00e8ces principales<\/h3>\n<ul>\n<li>D\u00e9rouleur manuel<\/li>\n<li>Guide d&#039;alimentation<\/li>\n<li>Syst\u00e8me de formage de rouleaux<\/li>\n<li>Coupe hydraulique<\/li>\n<li>Syst\u00e8me de contr\u00f4le par API<\/li>\n<li>Tableau de sortie<\/li>\n<\/ul>\n<h3>Travailler Circuler<\/h3>\n<p>Decoiler\u2014 Guide\u2013Roll Forming\u2014- table de d\u00e9coupe\u2013Run out<\/p>\n<figure id=\"attachment_827\" aria-describedby=\"caption-attachment-827\" style=\"width: 800px\" class=\"wp-caption alignnone\"><img fetchpriority=\"high\" decoding=\"async\" class=\"wp-image-827\" src=\"https:\/\/swforming.com\/wp-content\/uploads\/2022\/09\/Working-Flowing.jpg\" alt=\"Profil\u00e9 2 en 1 profileuse\" width=\"800\" height=\"600\" title=\"\" srcset=\"https:\/\/swforming.com\/wp-content\/uploads\/2022\/09\/Working-Flowing.jpg 1000w, https:\/\/swforming.com\/wp-content\/uploads\/2022\/09\/Working-Flowing-600x450.jpg 600w, https:\/\/swforming.com\/wp-content\/uploads\/2022\/09\/Working-Flowing-300x225.jpg 300w, https:\/\/swforming.com\/wp-content\/uploads\/2022\/09\/Working-Flowing-768x576.jpg 768w\" sizes=\"(max-width: 800px) 100vw, 800px\" \/><figcaption id=\"caption-attachment-827\" class=\"wp-caption-text\">(L&#039;image ci-dessus est uniquement \u00e0 titre de r\u00e9f\u00e9rence)<\/figcaption><\/figure>\n<h3>Profil\u00e9 2 en 1 profileuse Donn\u00e9es techniques :<\/h3>\n<h4>1). D\u00e9rouleur manuel<\/h4>\n<ul>\n<li>* Type de d\u00e9rouleur\u00a0: d\u00e9rouleur manuel<\/li>\n<li>* Capacit\u00e9 de poids du d\u00e9rouleur : 3 tonnes<\/li>\n<li>* Diam\u00e8tre int\u00e9rieur. \u03a6460-520mm<\/li>\n<li>* Diam\u00e8tre ext\u00e9rieur. \u03a61400mm<\/li>\n<\/ul>\n<p>Image de r\u00e9f\u00e9rence\u00a0:<\/p>\n<p><img decoding=\"async\" class=\"alignnone size-full wp-image-828\" src=\"https:\/\/swforming.com\/wp-content\/uploads\/2022\/09\/Manual-Decoiler.jpeg\" alt=\"\" width=\"800\" height=\"600\" title=\"\" srcset=\"https:\/\/swforming.com\/wp-content\/uploads\/2022\/09\/Manual-Decoiler.jpeg 800w, https:\/\/swforming.com\/wp-content\/uploads\/2022\/09\/Manual-Decoiler-600x450.jpeg 600w, https:\/\/swforming.com\/wp-content\/uploads\/2022\/09\/Manual-Decoiler-300x225.jpeg 300w, https:\/\/swforming.com\/wp-content\/uploads\/2022\/09\/Manual-Decoiler-768x576.jpeg 768w\" sizes=\"(max-width: 800px) 100vw, 800px\" \/><\/p>\n<h4>2). Syst\u00e8me de formage de rouleaux<\/h4>\n<ul>\n<li>Diam\u00e8tre de l&#039;axe : 60 mm<\/li>\n<li>Former le support de rouleau : 10-12Groups<\/li>\n<li>Mat\u00e9riau de l&#039;axe principal\u00a0: acier 45# de premi\u00e8re qualit\u00e9, chauff\u00e9 et tremp\u00e9<\/li>\n<li>Mat\u00e9riau du rouleau : Acier 45# de premi\u00e8re qualit\u00e9, avec chrome dur 0,05 mm, processus tremp\u00e9 et chauff\u00e9<\/li>\n<li>Type d&#039;entra\u00eenement : Cha\u00eene de transmission 1&quot;<\/li>\n<li>Mat\u00e9riau de la cha\u00eene : acier 45#, HRC45-50<\/li>\n<li>Support de cadre de machine : acier de construction soud\u00e9<\/li>\n<li>Puissance du moteur principal : 5,5 KW<\/li>\n<\/ul>\n<p>Image de r\u00e9f\u00e9rence\u00a0:<\/p>\n<p><img decoding=\"async\" class=\"alignnone wp-image-829\" src=\"https:\/\/swforming.com\/wp-content\/uploads\/2022\/09\/Roll-Forming-system01.jpg\" alt=\"\" width=\"600\" height=\"450\" title=\"\" srcset=\"https:\/\/swforming.com\/wp-content\/uploads\/2022\/09\/Roll-Forming-system01.jpg 800w, https:\/\/swforming.com\/wp-content\/uploads\/2022\/09\/Roll-Forming-system01-600x450.jpg 600w, https:\/\/swforming.com\/wp-content\/uploads\/2022\/09\/Roll-Forming-system01-300x225.jpg 300w, https:\/\/swforming.com\/wp-content\/uploads\/2022\/09\/Roll-Forming-system01-768x576.jpg 768w\" sizes=\"(max-width: 600px) 100vw, 600px\" \/><\/p>\n<h4>3) Dispositif de coupe (inclure 2 tailles)<\/h4>\n<ul>\n<li>Type de coupe : Coupe hydraulique<\/li>\n<li>Puissance de la station de pompage hydraulique : 4 KW<\/li>\n<li>Pression hydraulique : 12Mpa<\/li>\n<li>Mat\u00e9riau de la lame et de la fraise hydraulique : Cr12, processus de trempe 58-62<\/li>\n<li>Tol\u00e9rance de longueur de coupe : 10M +\/- 2,0 mm<\/li>\n<\/ul>\n<p>Image de r\u00e9f\u00e9rence\u00a0:<\/p>\n<p><img loading=\"lazy\" decoding=\"async\" class=\"alignnone wp-image-830\" src=\"https:\/\/swforming.com\/wp-content\/uploads\/2022\/09\/Cutting-Device.jpg\" alt=\"\" width=\"600\" height=\"606\" title=\"\" srcset=\"https:\/\/swforming.com\/wp-content\/uploads\/2022\/09\/Cutting-Device.jpg 800w, https:\/\/swforming.com\/wp-content\/uploads\/2022\/09\/Cutting-Device-100x100.jpg 100w, https:\/\/swforming.com\/wp-content\/uploads\/2022\/09\/Cutting-Device-600x606.jpg 600w, https:\/\/swforming.com\/wp-content\/uploads\/2022\/09\/Cutting-Device-297x300.jpg 297w, https:\/\/swforming.com\/wp-content\/uploads\/2022\/09\/Cutting-Device-768x776.jpg 768w\" sizes=\"(max-width: 600px) 100vw, 600px\" \/><\/p>\n<h4>4). Syst\u00e8me \u00e9lectrique<\/h4>\n<ul>\n<li>Tension\u00a0: 380\u00a0V, triphas\u00e9 50\u00a0Hz<\/li>\n<li>Syst\u00e8me de contr\u00f4le \u00e9lectrique PLC : PANASONIC<\/li>\n<li>Contr\u00f4leur de longueur : syst\u00e8me de contr\u00f4le de fr\u00e9quence d&#039;encodeur<\/li>\n<li>Fonctionnement\u00a0: \u00e9cran tactile<\/li>\n<li>Transducteur : Japon YASKAWA<\/li>\n<\/ul>\n<p>Image de r\u00e9f\u00e9rence\u00a0:<\/p>\n<p><img loading=\"lazy\" decoding=\"async\" class=\"alignnone wp-image-831\" src=\"https:\/\/swforming.com\/wp-content\/uploads\/2022\/09\/Eletrcnic-System.jpg\" alt=\"\" width=\"600\" height=\"770\" title=\"\" srcset=\"https:\/\/swforming.com\/wp-content\/uploads\/2022\/09\/Eletrcnic-System.jpg 800w, https:\/\/swforming.com\/wp-content\/uploads\/2022\/09\/Eletrcnic-System-600x770.jpg 600w, https:\/\/swforming.com\/wp-content\/uploads\/2022\/09\/Eletrcnic-System-234x300.jpg 234w, https:\/\/swforming.com\/wp-content\/uploads\/2022\/09\/Eletrcnic-System-798x1024.jpg 798w, https:\/\/swforming.com\/wp-content\/uploads\/2022\/09\/Eletrcnic-System-768x986.jpg 768w\" sizes=\"(max-width: 600px) 100vw, 600px\" \/><\/p>\n<h4>5) Tableau de faux-rond<\/h4>\n<ul>\n<li>Type sans alimentation<\/li>\n<li>Quantit\u00e9\u00a0: 2<\/li>\n<\/ul>\n<p><img loading=\"lazy\" decoding=\"async\" class=\"alignnone size-full wp-image-832\" src=\"https:\/\/swforming.com\/wp-content\/uploads\/2022\/09\/Runout-Table01.jpg\" alt=\"\" width=\"600\" height=\"450\" title=\"\" srcset=\"https:\/\/swforming.com\/wp-content\/uploads\/2022\/09\/Runout-Table01.jpg 600w, https:\/\/swforming.com\/wp-content\/uploads\/2022\/09\/Runout-Table01-300x225.jpg 300w\" sizes=\"(max-width: 600px) 100vw, 600px\" \/><\/p>","protected":false},"excerpt":{"rendered":"<p>2 profile in 1 roll forming machine Summary Material: Color steel, Galvanized coil Material Thickness: 0.4-1.5mm Forming Speed: 10-15m\/min 2 profile in 1 roll forming machine Main Parts Manual Decoiler Feeding Guide Roll Forming System Hydraulic Cutting PLC Control System Run-out Table Working Flowing Decoiler&#8212;\u00a0Guide&#8211;Roll Forming&#8212;- cutting&#8211;Run out table 2 profile in 1 roll forming [&hellip;]<\/p>\n","protected":false},"featured_media":834,"comment_status":"open","ping_status":"closed","template":"","meta":{"_acf_changed":false},"product_brand":[],"product_cat":[45,114],"product_tag":[],"class_list":{"0":"post-826","1":"product","2":"type-product","3":"status-publish","4":"has-post-thumbnail","6":"product_cat-metal-wall-roofing","7":"product_cat-roll-former","9":"first","10":"instock","11":"shipping-taxable","12":"product-type-simple"},"acf":[],"_links":{"self":[{"href":"https:\/\/swforming.com\/fr\/wp-json\/wp\/v2\/product\/826","targetHints":{"allow":["GET"]}}],"collection":[{"href":"https:\/\/swforming.com\/fr\/wp-json\/wp\/v2\/product"}],"about":[{"href":"https:\/\/swforming.com\/fr\/wp-json\/wp\/v2\/types\/product"}],"replies":[{"embeddable":true,"href":"https:\/\/swforming.com\/fr\/wp-json\/wp\/v2\/comments?post=826"}],"version-history":[{"count":1,"href":"https:\/\/swforming.com\/fr\/wp-json\/wp\/v2\/product\/826\/revisions"}],"predecessor-version":[{"id":1270,"href":"https:\/\/swforming.com\/fr\/wp-json\/wp\/v2\/product\/826\/revisions\/1270"}],"wp:featuredmedia":[{"embeddable":true,"href":"https:\/\/swforming.com\/fr\/wp-json\/wp\/v2\/media\/834"}],"wp:attachment":[{"href":"https:\/\/swforming.com\/fr\/wp-json\/wp\/v2\/media?parent=826"}],"wp:term":[{"taxonomy":"product_brand","embeddable":true,"href":"https:\/\/swforming.com\/fr\/wp-json\/wp\/v2\/product_brand?post=826"},{"taxonomy":"product_cat","embeddable":true,"href":"https:\/\/swforming.com\/fr\/wp-json\/wp\/v2\/product_cat?post=826"},{"taxonomy":"product_tag","embeddable":true,"href":"https:\/\/swforming.com\/fr\/wp-json\/wp\/v2\/product_tag?post=826"}],"curies":[{"name":"wp","href":"https:\/\/api.w.org\/{rel}","templated":true}]}}