{"id":815,"date":"2022-09-23T03:39:27","date_gmt":"2022-09-23T03:39:27","guid":{"rendered":"https:\/\/swforming.com\/?post_type=product&#038;p=815"},"modified":"2023-06-30T07:06:07","modified_gmt":"2023-06-30T07:06:07","slug":"two-waves-highway-guardrail-machine","status":"publish","type":"product","link":"https:\/\/swforming.com\/fr\/product\/two-waves-highway-guardrail-machine\/","title":{"rendered":"Machine de rambarde d&#039;autoroute \u00e0 deux vagues"},"content":{"rendered":"<h3>Machine pour glissi\u00e8res de s\u00e9curit\u00e9 d'autoroute \u00e0 deux vagues Caract\u00e9ristiques :<\/h3>\n<p>La machine de fabrication de glissi\u00e8res de s\u00e9curit\u00e9 \u00e0 deux ondes peut produire diff\u00e9rentes tailles de glissi\u00e8res de s\u00e9curit\u00e9 \u00e0 deux ondes qui sont utilis\u00e9es pour les autoroutes ou d'autres fermes d'\u00e9levage.<\/p>\n<h3>Applications<\/h3>\n<p>Les produits finis sont utilis\u00e9s comme une vari\u00e9t\u00e9 de glissi\u00e8res de s\u00e9curit\u00e9, de glissi\u00e8res de s\u00e9curit\u00e9 d'autoroute, de cl\u00f4tures et d'autres fermes d'\u00e9levage.<\/p>\n<h3>Flux de processus<\/h3>\n<p>D\u00e9rouleur - alimentation - mise \u00e0 niveau - poin\u00e7onnage - formage de rouleaux - coupe - sortie<\/p>\n<p><img fetchpriority=\"high\" decoding=\"async\" class=\"alignnone wp-image-797 size-full\" src=\"https:\/\/swforming.com\/wp-content\/uploads\/2022\/09\/Process-Flow.jpg\" alt=\"Machine de rambarde d&#039;autoroute \u00e0 deux vagues\" width=\"1000\" height=\"317\" title=\"\" srcset=\"https:\/\/swforming.com\/wp-content\/uploads\/2022\/09\/Process-Flow.jpg 1000w, https:\/\/swforming.com\/wp-content\/uploads\/2022\/09\/Process-Flow-600x190.jpg 600w, https:\/\/swforming.com\/wp-content\/uploads\/2022\/09\/Process-Flow-300x95.jpg 300w, https:\/\/swforming.com\/wp-content\/uploads\/2022\/09\/Process-Flow-768x243.jpg 768w\" sizes=\"(max-width: 1000px) 100vw, 1000px\" \/><\/p>\n<h3>Configurations des machines<\/h3>\n<div>\n<table>\n<tbody>\n<tr>\n<td data-sheets-value=\"{&quot;1&quot;:3,&quot;3&quot;:1}\">1<\/td>\n<td data-sheets-value=\"{&quot;1&quot;:2,&quot;2&quot;:&quot;Uncoiler&quot;}\">D\u00e9rouleur<\/td>\n<\/tr>\n<tr>\n<td data-sheets-value=\"{&quot;1&quot;:3,&quot;3&quot;:2}\">2<\/td>\n<td data-sheets-value=\"{&quot;1&quot;:2,&quot;2&quot;:&quot;Guide feeder&quot;}\">Guide d'alimentation<\/td>\n<\/tr>\n<tr>\n<td data-sheets-value=\"{&quot;1&quot;:3,&quot;3&quot;:3}\">3<\/td>\n<td data-sheets-value=\"{&quot;1&quot;:2,&quot;2&quot;:&quot;Leveling unit&quot;}\">Unit\u00e9 de mise \u00e0 niveau<\/td>\n<\/tr>\n<tr>\n<td data-sheets-value=\"{&quot;1&quot;:3,&quot;3&quot;:4}\">4<\/td>\n<td data-sheets-value=\"{&quot;1&quot;:2,&quot;2&quot;:&quot;Punching unit&quot;}\">Unit\u00e9 de poin\u00e7onnage<\/td>\n<\/tr>\n<tr>\n<td data-sheets-value=\"{&quot;1&quot;:3,&quot;3&quot;:5}\">5<\/td>\n<td data-sheets-value=\"{&quot;1&quot;:2,&quot;2&quot;:&quot;Roll former&quot;}\">Rouleau de formation<\/td>\n<\/tr>\n<tr>\n<td data-sheets-value=\"{&quot;1&quot;:3,&quot;3&quot;:6}\">6<\/td>\n<td data-sheets-value=\"{&quot;1&quot;:2,&quot;2&quot;:&quot;Hydraulic cutting unit&quot;}\">\n<div>\n<div>Unit\u00e9 de coupe hydraulique<\/div>\n<\/div>\n<\/td>\n<\/tr>\n<tr>\n<td data-sheets-value=\"{&quot;1&quot;:3,&quot;3&quot;:7}\">7<\/td>\n<td data-sheets-value=\"{&quot;1&quot;:2,&quot;2&quot;:&quot;PLC Control System&quot;}\">\n<div>\n<div>Syst\u00e8me de contr\u00f4le par API<\/div>\n<\/div>\n<\/td>\n<\/tr>\n<tr>\n<td data-sheets-value=\"{&quot;1&quot;:3,&quot;3&quot;:8}\">8<\/td>\n<td data-sheets-value=\"{&quot;1&quot;:2,&quot;2&quot;:&quot;Hydraulic station&quot;}\">\n<div>\n<div>Station hydraulique<\/div>\n<\/div>\n<\/td>\n<\/tr>\n<tr>\n<td data-sheets-value=\"{&quot;1&quot;:3,&quot;3&quot;:9}\">9<\/td>\n<td data-sheets-value=\"{&quot;1&quot;:2,&quot;2&quot;:&quot;Output table&quot;}\">Tableau de sortie<\/td>\n<\/tr>\n<\/tbody>\n<\/table>\n<\/div>\n<h3>Dessins de profil pour r\u00e9f\u00e9rence<\/h3>\n<p><img decoding=\"async\" class=\"alignnone size-full wp-image-817\" src=\"https:\/\/swforming.com\/wp-content\/uploads\/2022\/09\/829275ad-0330-4541-9baf-ba84947c6b4d.jpg\" alt=\"\" width=\"1000\" height=\"609\" title=\"\" srcset=\"https:\/\/swforming.com\/wp-content\/uploads\/2022\/09\/829275ad-0330-4541-9baf-ba84947c6b4d.jpg 1000w, https:\/\/swforming.com\/wp-content\/uploads\/2022\/09\/829275ad-0330-4541-9baf-ba84947c6b4d-600x365.jpg 600w, https:\/\/swforming.com\/wp-content\/uploads\/2022\/09\/829275ad-0330-4541-9baf-ba84947c6b4d-300x183.jpg 300w, https:\/\/swforming.com\/wp-content\/uploads\/2022\/09\/829275ad-0330-4541-9baf-ba84947c6b4d-768x468.jpg 768w\" sizes=\"(max-width: 1000px) 100vw, 1000px\" \/><\/p>\n<p>&nbsp;<\/p>\n<p>&nbsp;<\/p>\n<p><img decoding=\"async\" class=\"alignnone size-full wp-image-818\" src=\"https:\/\/swforming.com\/wp-content\/uploads\/2022\/09\/3465bf02-8bfa-4650-8f47-b1dcda89854b.jpg\" alt=\"\" width=\"750\" height=\"499\" title=\"\" srcset=\"https:\/\/swforming.com\/wp-content\/uploads\/2022\/09\/3465bf02-8bfa-4650-8f47-b1dcda89854b.jpg 750w, https:\/\/swforming.com\/wp-content\/uploads\/2022\/09\/3465bf02-8bfa-4650-8f47-b1dcda89854b-600x399.jpg 600w, https:\/\/swforming.com\/wp-content\/uploads\/2022\/09\/3465bf02-8bfa-4650-8f47-b1dcda89854b-300x200.jpg 300w\" sizes=\"(max-width: 750px) 100vw, 750px\" \/><\/p>\n<h3>Photos pour r\u00e9f\u00e9rence<\/h3>\n<p><img loading=\"lazy\" decoding=\"async\" class=\"alignnone wp-image-806 size-full\" src=\"https:\/\/swforming.com\/wp-content\/uploads\/2022\/09\/3T-Hydraulic-decoiler-1.jpg\" alt=\"Machine \u00e0 former les rouleaux de glissi\u00e8res de s\u00e9curit\u00e9 pour autoroutes\" width=\"1000\" height=\"750\" title=\"\" srcset=\"https:\/\/swforming.com\/wp-content\/uploads\/2022\/09\/3T-Hydraulic-decoiler-1.jpg 1000w, https:\/\/swforming.com\/wp-content\/uploads\/2022\/09\/3T-Hydraulic-decoiler-1-600x450.jpg 600w, https:\/\/swforming.com\/wp-content\/uploads\/2022\/09\/3T-Hydraulic-decoiler-1-300x225.jpg 300w, https:\/\/swforming.com\/wp-content\/uploads\/2022\/09\/3T-Hydraulic-decoiler-1-768x576.jpg 768w\" sizes=\"(max-width: 1000px) 100vw, 1000px\" \/><\/p>\n<h3>Qu'est-ce qu'une profileuse pour glissi\u00e8res de s\u00e9curit\u00e9 ?<\/h3>\n<p>Une profileuse pour glissi\u00e8res de s\u00e9curit\u00e9 est un \u00e9quipement sp\u00e9cialis\u00e9 utilis\u00e9 dans le processus de fabrication des glissi\u00e8res de s\u00e9curit\u00e9. Les glissi\u00e8res de s\u00e9curit\u00e9 sont des barri\u00e8res de s\u00e9curit\u00e9 install\u00e9es le long des routes et des autoroutes pour emp\u00eacher les v\u00e9hicules de d\u00e9vier de la route ou de traverser la circulation en sens inverse.<\/p>\n<p>La profileuse est con\u00e7ue pour fa\u00e7onner et transformer les t\u00f4les selon le profil et les dimensions sp\u00e9cifiques requis pour les glissi\u00e8res de s\u00e9curit\u00e9 des autoroutes. Elle se compose g\u00e9n\u00e9ralement d'une s\u00e9rie de rouleaux et d'outils qui plient et fa\u00e7onnent progressivement la t\u00f4le au fur et \u00e0 mesure de son passage dans la machine. La machine applique une pression continue et des actions de fa\u00e7onnage \u00e0 la t\u00f4le, ce qui permet d'obtenir un profil coh\u00e9rent et pr\u00e9cis.<\/p>\n<p>Le processus commence par le chargement d'une bobine de m\u00e9tal sur la machine, qui est ensuite achemin\u00e9e \u00e0 travers les rouleaux. Les rouleaux plient progressivement la feuille de m\u00e9tal dans la forme souhait\u00e9e, cr\u00e9ant ainsi les profils caract\u00e9ristiques en forme de poutre en W ou de poutre en T couramment utilis\u00e9s pour les glissi\u00e8res de s\u00e9curit\u00e9 des autoroutes. Des op\u00e9rations suppl\u00e9mentaires, telles que le poin\u00e7onnage de trous pour la fixation et le gaufrage pour une r\u00e9sistance accrue, peuvent \u00eatre int\u00e9gr\u00e9es dans le processus de profilage.<\/p>\n<p>Les profileuses de glissi\u00e8res de s\u00e9curit\u00e9 pour autoroutes sont g\u00e9n\u00e9ralement automatis\u00e9es et peuvent \u00eatre contr\u00f4l\u00e9es par des syst\u00e8mes informatis\u00e9s. Cela permet une production efficace et coh\u00e9rente, r\u00e9duisant le travail manuel et garantissant l'uniformit\u00e9 des produits finaux. Les profileuses sont utilis\u00e9es par les fabricants ou les constructeurs sp\u00e9cialis\u00e9s dans la production de glissi\u00e8res de s\u00e9curit\u00e9 pour les autoroutes, afin de r\u00e9pondre aux normes de s\u00e9curit\u00e9 et aux sp\u00e9cifications exig\u00e9es par les autorit\u00e9s routi\u00e8res et les services des transports.<\/p>\n<h3>5 premiers fabricants de profileuses pour glissi\u00e8res de s\u00e9curit\u00e9 en Chine<\/h3>\n<ol>\n<li>WUXI SUNWAY MACHINERY CO., LTD est un fabricant et exportateur professionnel qui s&#039;occupe de la conception, du d\u00e9veloppement et de la production de machines de profilage \u00e0 froid. Tous les produits sont conformes aux normes de qualit\u00e9 internationales et sont grandement appr\u00e9ci\u00e9s sur une vari\u00e9t\u00e9 de march\u00e9s diff\u00e9rents \u00e0 travers le monde, tels que l&#039;Asie, l&#039;Afrique, l&#039;Europe, l&#039;Am\u00e9rique du Sud, l&#039;Australie, etc. Il a acquis un r\u00e9seau de vente mondial.<\/li>\n<li>Hangzhou Roll Forming Technology Co, Ltd. (HFT) : HFT est l'un des principaux fabricants de profileuses, notamment de profileuses pour glissi\u00e8res de s\u00e9curit\u00e9. L'entreprise jouit d'une solide r\u00e9putation en mati\u00e8re de production d'\u00e9quipements de haute qualit\u00e9 et de fourniture d'un service apr\u00e8s-vente fiable.<\/li>\n<li>Jiangsu Huazhong Roll Forming Machine Co., Ltd : Huazhong est une entreprise bien \u00e9tablie sp\u00e9cialis\u00e9e dans les machines de formage de rouleaux. Elle propose une gamme de profileuses pour glissi\u00e8res de s\u00e9curit\u00e9 r\u00e9put\u00e9es pour leur pr\u00e9cision et leur durabilit\u00e9.<\/li>\n<li>Shenzhen Superda Machine Co., Ltd : Superda Machine est un fabricant de confiance de profileuses pour diverses applications, notamment la production de glissi\u00e8res de s\u00e9curit\u00e9 pour les autoroutes. L'entreprise propose des solutions personnalis\u00e9es pour r\u00e9pondre \u00e0 des besoins sp\u00e9cifiques.<\/li>\n<li>Tianjin Haixing Imp &amp; Exp Co, Ltd : Haixing est un fabricant et exportateur r\u00e9put\u00e9 de profileuses. Il propose une large gamme d'\u00e9quipements de profilage, notamment des profileuses pour glissi\u00e8res de s\u00e9curit\u00e9 d'autoroutes, r\u00e9put\u00e9es pour leur efficacit\u00e9 et leur rentabilit\u00e9.<\/li>\n<\/ol>\n<h3>application de la machine de fabrication de glissi\u00e8res de s\u00e9curit\u00e9 pour autoroutes<\/h3>\n<ol>\n<li>Construction d'autoroutes : La principale application des glissi\u00e8res de s\u00e9curit\u00e9 est la construction de routes et d'autoroutes. Les glissi\u00e8res de s\u00e9curit\u00e9 sont install\u00e9es le long des routes pour am\u00e9liorer la s\u00e9curit\u00e9 en emp\u00eachant les v\u00e9hicules de quitter la chauss\u00e9e ou de traverser dans le sens inverse. La machine de fabrication de glissi\u00e8res de s\u00e9curit\u00e9 est utilis\u00e9e pour produire les composants n\u00e9cessaires \u00e0 ces barri\u00e8res de s\u00e9curit\u00e9.<\/li>\n<li>Projets d'infrastructure : La machine \u00e0 fabriquer des glissi\u00e8res de s\u00e9curit\u00e9 trouve son application dans divers projets d'infrastructure n\u00e9cessitant des barri\u00e8res de s\u00e9curit\u00e9. Il s'agit notamment de ponts, de passages sup\u00e9rieurs, de tunnels et d'autres projets d'infrastructure de transport o\u00f9 des glissi\u00e8res de s\u00e9curit\u00e9 sont n\u00e9cessaires pour prot\u00e9ger les v\u00e9hicules et les pi\u00e9tons.<\/li>\n<li>Entretien et modernisation des routes : Les glissi\u00e8res de s\u00e9curit\u00e9 peuvent devoir \u00eatre r\u00e9par\u00e9es ou remplac\u00e9es en raison de l'usure, d'accidents ou de changements dans la conception de la route. La machine de fabrication de glissi\u00e8res de s\u00e9curit\u00e9 est utilis\u00e9e pour fabriquer de nouveaux composants pour ces projets d'entretien et de modernisation, afin de garantir des profils de glissi\u00e8res de s\u00e9curit\u00e9 coh\u00e9rents et compatibles.<\/li>\n<li>Projets internationaux : De nombreux pays dans le monde utilisent des glissi\u00e8res de s\u00e9curit\u00e9 pour am\u00e9liorer la s\u00e9curit\u00e9 routi\u00e8re. La machine de fabrication de glissi\u00e8res de s\u00e9curit\u00e9 est utilis\u00e9e dans le cadre de projets internationaux pour r\u00e9pondre aux normes de s\u00e9curit\u00e9 et aux exigences sp\u00e9cifiques des diff\u00e9rentes r\u00e9gions.<\/li>\n<li>Exportation : Les fabricants chinois de machines \u00e0 fabriquer des glissi\u00e8res de s\u00e9curit\u00e9 pour autoroutes exportent souvent leurs \u00e9quipements vers des pays du monde entier. La machine permet aux fabricants locaux de diff\u00e9rentes r\u00e9gions de produire leurs propres glissi\u00e8res de s\u00e9curit\u00e9, ce qui r\u00e9duit la d\u00e9pendance \u00e0 l'\u00e9gard des produits import\u00e9s et garantit la conformit\u00e9 aux r\u00e9glementations locales.<\/li>\n<\/ol>","protected":false},"excerpt":{"rendered":"<p><strong>Caract\u00e9ristiques<\/strong><\/p>\n<p>La machine de fabrication de glissi\u00e8res de s\u00e9curit\u00e9 \u00e0 deux ondes peut produire diff\u00e9rentes tailles de glissi\u00e8res de s\u00e9curit\u00e9 \u00e0 deux ondes qui sont utilis\u00e9es pour les autoroutes ou d'autres fermes d'\u00e9levage.<\/p>\n<p><strong><b>Applications<\/b><\/strong><\/p>\n<p>Les produits finis sont utilis\u00e9s comme une vari\u00e9t\u00e9 de glissi\u00e8res de s\u00e9curit\u00e9, de glissi\u00e8res de s\u00e9curit\u00e9 d'autoroute, de cl\u00f4tures et d'autres fermes d'\u00e9levage.<\/p>\n<p><strong><b>Flux de processus<\/b><\/strong><\/p>\n<p>D\u00e9rouleur - alimentation - mise \u00e0 niveau - poin\u00e7onnage - formage de rouleaux - coupe - sortie<\/p>","protected":false},"featured_media":819,"comment_status":"open","ping_status":"closed","template":"","meta":{"_acf_changed":false},"product_brand":[],"product_cat":[37,94],"product_tag":[],"class_list":{"0":"post-815","1":"product","2":"type-product","3":"status-publish","4":"has-post-thumbnail","6":"product_cat-highway-engineering-vehicle","7":"product_cat-highway-guardrail-roll-forming-machine","9":"first","10":"instock","11":"shipping-taxable","12":"product-type-simple"},"acf":[],"_links":{"self":[{"href":"https:\/\/swforming.com\/fr\/wp-json\/wp\/v2\/product\/815","targetHints":{"allow":["GET"]}}],"collection":[{"href":"https:\/\/swforming.com\/fr\/wp-json\/wp\/v2\/product"}],"about":[{"href":"https:\/\/swforming.com\/fr\/wp-json\/wp\/v2\/types\/product"}],"replies":[{"embeddable":true,"href":"https:\/\/swforming.com\/fr\/wp-json\/wp\/v2\/comments?post=815"}],"version-history":[{"count":3,"href":"https:\/\/swforming.com\/fr\/wp-json\/wp\/v2\/product\/815\/revisions"}],"predecessor-version":[{"id":3351,"href":"https:\/\/swforming.com\/fr\/wp-json\/wp\/v2\/product\/815\/revisions\/3351"}],"wp:featuredmedia":[{"embeddable":true,"href":"https:\/\/swforming.com\/fr\/wp-json\/wp\/v2\/media\/819"}],"wp:attachment":[{"href":"https:\/\/swforming.com\/fr\/wp-json\/wp\/v2\/media?parent=815"}],"wp:term":[{"taxonomy":"product_brand","embeddable":true,"href":"https:\/\/swforming.com\/fr\/wp-json\/wp\/v2\/product_brand?post=815"},{"taxonomy":"product_cat","embeddable":true,"href":"https:\/\/swforming.com\/fr\/wp-json\/wp\/v2\/product_cat?post=815"},{"taxonomy":"product_tag","embeddable":true,"href":"https:\/\/swforming.com\/fr\/wp-json\/wp\/v2\/product_tag?post=815"}],"curies":[{"name":"wp","href":"https:\/\/api.w.org\/{rel}","templated":true}]}}