{"id":751,"date":"2022-09-15T01:56:31","date_gmt":"2022-09-15T01:56:31","guid":{"rendered":"https:\/\/swforming.com\/?post_type=product&#038;p=751"},"modified":"2025-04-18T01:24:08","modified_gmt":"2025-04-18T01:24:08","slug":"profileuse-de-chemins-de-cables","status":"publish","type":"product","link":"https:\/\/swforming.com\/fr\/product\/cable-tray-roll-forming-machine\/","title":{"rendered":"Rouleau de chemin de c\u00e2bles formant la machine"},"content":{"rendered":"<p><img fetchpriority=\"high\" decoding=\"async\" class=\"alignnone wp-image-758 size-full\" src=\"https:\/\/swforming.com\/wp-content\/uploads\/2022\/09\/H29a8c7e6c4664986bc5435c8931c9f88x.webp\" alt=\"Rouleau de chemin de c\u00e2bles formant la machine\" width=\"750\" height=\"900\" title=\"\" srcset=\"https:\/\/swforming.com\/wp-content\/uploads\/2022\/09\/H29a8c7e6c4664986bc5435c8931c9f88x.webp 750w, https:\/\/swforming.com\/wp-content\/uploads\/2022\/09\/H29a8c7e6c4664986bc5435c8931c9f88x-600x720.webp 600w, https:\/\/swforming.com\/wp-content\/uploads\/2022\/09\/H29a8c7e6c4664986bc5435c8931c9f88x-250x300.webp 250w\" sizes=\"(max-width: 750px) 100vw, 750px\" \/><\/p>\n<div class=\"J_module\">\n<div class=\"detail-decorate-json-renderer-container\">\n<div class=\"magic-4\">\n<div class=\"magic-5\">\n<div class=\"magic-6\">\n<div class=\"magic-7\">\n<div class=\"magic-8\"><span class=\"magic-9\"><span class=\"magic-10\" data-spm-anchor-id=\"a2700.details.0.i24.1da25591nu26He\">La profileuse de chemins de c\u00e2bles est couramment utilis\u00e9e pour fabriquer diff\u00e9rents types de chemins de c\u00e2bles, largement utilis\u00e9s dans les domaines \u00e9lectriques, les d\u00e9corations, les constructions industrielles, etc. chemin de c\u00e2bles, \u00e9chelle \u00e0 c\u00e2bles et chemin de c\u00e2bles \u00e0 canal perfor\u00e9. Cette profileuse de chemins de c\u00e2bles pourrait produire tous ces diff\u00e9rents types de chemins de c\u00e2bles avec diff\u00e9rentes mati\u00e8res premi\u00e8res telles que : acier galvanis\u00e9 \u00e0 chaud, acier pr\u00e9-galvanis\u00e9, acier lamin\u00e9 \u00e0 chaud et lamin\u00e9 \u00e0 froid, acier inoxydable et aluminium. La plage d&#039;\u00e9paisseur du mat\u00e9riau est de 0,6 mm \u00e0 1,2 mm ou 1 \u00e0 2 mm, voire plus. Dans les industries \u00e9lectriques et \u00e9nerg\u00e9tiques, nous sommes en mesure de fabriquer des machines plus connexes comme la machine de formage de rouleaux de canal de jambe de force solaire, la machine de formage de rouleaux de rail DIN et la machine de formage de rouleaux de bo\u00eetier \u00e9lectrique, etc. Nous proposons diff\u00e9rentes solutions en fonction du dessin, de la tol\u00e9rance et du budget des clients, offrant un service professionnel personnalis\u00e9, adaptable \u00e0 toutes vos exigences. Quelle que soit la ligne que vous choisissez, la qualit\u00e9 de SUNWAY Machinery vous assurera d&#039;obtenir des profil\u00e9s parfaitement fonctionnels.<\/span><span class=\"magic-10\"><br \/>\n<\/span><\/span><\/div>\n<\/div>\n<\/div>\n<\/div>\n<\/div>\n<\/div>\n<\/div>\n<div class=\"J_module\">\n<h3 id=\"ali-anchor-AliMagic-hzv6df\" class=\"magic-0\" data-section=\"AliMagic-hzv6df\" data-section-title=\"Profile Drawings\">Petit pain de chemin de c\u00e2bles formant des dessins de profil de machine<\/h3>\n<p><img decoding=\"async\" class=\"alignnone size-full wp-image-759\" src=\"https:\/\/swforming.com\/wp-content\/uploads\/2022\/09\/H00450dc534314ace8dc5682bb59d61c7H.webp\" alt=\"\" width=\"1748\" height=\"1890\" title=\"\" srcset=\"https:\/\/swforming.com\/wp-content\/uploads\/2022\/09\/H00450dc534314ace8dc5682bb59d61c7H.webp 1748w, https:\/\/swforming.com\/wp-content\/uploads\/2022\/09\/H00450dc534314ace8dc5682bb59d61c7H-600x649.webp 600w, https:\/\/swforming.com\/wp-content\/uploads\/2022\/09\/H00450dc534314ace8dc5682bb59d61c7H-277x300.webp 277w, https:\/\/swforming.com\/wp-content\/uploads\/2022\/09\/H00450dc534314ace8dc5682bb59d61c7H-947x1024.webp 947w, https:\/\/swforming.com\/wp-content\/uploads\/2022\/09\/H00450dc534314ace8dc5682bb59d61c7H-768x830.webp 768w, https:\/\/swforming.com\/wp-content\/uploads\/2022\/09\/H00450dc534314ace8dc5682bb59d61c7H-1421x1536.webp 1421w\" sizes=\"(max-width: 1748px) 100vw, 1748px\" \/><\/p>\n<p><img decoding=\"async\" class=\"alignnone size-full wp-image-760\" src=\"https:\/\/swforming.com\/wp-content\/uploads\/2022\/09\/e839ce980b9d68f5e68c3b02d55647e.jpg\" alt=\"\" width=\"1125\" height=\"560\" title=\"\" srcset=\"https:\/\/swforming.com\/wp-content\/uploads\/2022\/09\/e839ce980b9d68f5e68c3b02d55647e.jpg 1125w, https:\/\/swforming.com\/wp-content\/uploads\/2022\/09\/e839ce980b9d68f5e68c3b02d55647e-600x299.jpg 600w, https:\/\/swforming.com\/wp-content\/uploads\/2022\/09\/e839ce980b9d68f5e68c3b02d55647e-300x149.jpg 300w, https:\/\/swforming.com\/wp-content\/uploads\/2022\/09\/e839ce980b9d68f5e68c3b02d55647e-1024x510.jpg 1024w, https:\/\/swforming.com\/wp-content\/uploads\/2022\/09\/e839ce980b9d68f5e68c3b02d55647e-768x382.jpg 768w\" sizes=\"(max-width: 1125px) 100vw, 1125px\" \/><\/p>\n<h3>Rouleau de chemin de c\u00e2bles formant la ligne de production de la machine<img loading=\"lazy\" decoding=\"async\" class=\"alignnone size-full wp-image-761\" src=\"https:\/\/swforming.com\/wp-content\/uploads\/2022\/09\/H4f7152219d7c41e88d3e328526b62a8eU.webp\" alt=\"\" width=\"1748\" height=\"1001\" title=\"\" srcset=\"https:\/\/swforming.com\/wp-content\/uploads\/2022\/09\/H4f7152219d7c41e88d3e328526b62a8eU.webp 1748w, https:\/\/swforming.com\/wp-content\/uploads\/2022\/09\/H4f7152219d7c41e88d3e328526b62a8eU-600x344.webp 600w, https:\/\/swforming.com\/wp-content\/uploads\/2022\/09\/H4f7152219d7c41e88d3e328526b62a8eU-300x172.webp 300w, https:\/\/swforming.com\/wp-content\/uploads\/2022\/09\/H4f7152219d7c41e88d3e328526b62a8eU-1024x586.webp 1024w, https:\/\/swforming.com\/wp-content\/uploads\/2022\/09\/H4f7152219d7c41e88d3e328526b62a8eU-768x440.webp 768w, https:\/\/swforming.com\/wp-content\/uploads\/2022\/09\/H4f7152219d7c41e88d3e328526b62a8eU-1536x880.webp 1536w\" sizes=\"(max-width: 1748px) 100vw, 1748px\" \/><\/h3>\n<h3>d\u00e9tails du produit<\/h3>\n<p><img loading=\"lazy\" decoding=\"async\" class=\"alignnone size-full wp-image-762\" src=\"https:\/\/swforming.com\/wp-content\/uploads\/2022\/09\/094202.png\" alt=\"\" width=\"1118\" height=\"2156\" title=\"\" srcset=\"https:\/\/swforming.com\/wp-content\/uploads\/2022\/09\/094202.png 1118w, https:\/\/swforming.com\/wp-content\/uploads\/2022\/09\/094202-600x1157.png 600w, https:\/\/swforming.com\/wp-content\/uploads\/2022\/09\/094202-156x300.png 156w, https:\/\/swforming.com\/wp-content\/uploads\/2022\/09\/094202-531x1024.png 531w, https:\/\/swforming.com\/wp-content\/uploads\/2022\/09\/094202-768x1481.png 768w, https:\/\/swforming.com\/wp-content\/uploads\/2022\/09\/094202-796x1536.png 796w, https:\/\/swforming.com\/wp-content\/uploads\/2022\/09\/094202-1062x2048.png 1062w\" sizes=\"(max-width: 1118px) 100vw, 1118px\" \/><\/p>\n<h3>Param\u00e8tres de la machine de formage de rouleaux de chemin de c\u00e2bles<\/h3>\n<div>\n<table>\n<tbody>\n<tr>\n<td style=\"text-align: center;\" colspan=\"3\" rowspan=\"1\" data-sheets-value=\"{&quot;1&quot;:2,&quot;2&quot;:&quot;Cable Tray Roll Forming Machine&quot;}\">Rouleau de chemin de c\u00e2bles formant la machine<\/td>\n<\/tr>\n<tr>\n<td colspan=\"1\" rowspan=\"3\" data-sheets-value=\"{&quot;1&quot;:2,&quot;2&quot;:&quot;Machinable Material&quot;}\">\n<div>Mat\u00e9riau usinable<\/div>\n<\/td>\n<td data-sheets-value=\"{&quot;1&quot;:2,&quot;2&quot;:&quot;A) Galvanized Steel&quot;}\">A) Acier galvanis\u00e9<\/td>\n<td colspan=\"1\" rowspan=\"3\" data-sheets-value=\"{&quot;1&quot;:2,&quot;2&quot;:&quot;Thickness(MM): 0.6-1.2 or 1-2 even more&quot;}\">\n<div style=\"text-align: left;\">\u00c9paisseur (MM): 0,6-1,2 ou 1-2 encore plus<\/div>\n<\/td>\n<\/tr>\n<tr>\n<td data-sheets-value=\"{&quot;1&quot;:2,&quot;2&quot;:&quot;B) PPGI&quot;}\">B) PPGI<\/td>\n<\/tr>\n<tr>\n<td data-sheets-value=\"{&quot;1&quot;:2,&quot;2&quot;:&quot;C) Carbon Steel&quot;}\">C) Acier au carbone<\/td>\n<\/tr>\n<tr>\n<td data-sheets-value=\"{&quot;1&quot;:2,&quot;2&quot;:&quot;Yield Strength&quot;}\">Limite d&#039;\u00e9lasticit\u00e9<\/td>\n<td colspan=\"2\" rowspan=\"1\" data-sheets-value=\"{&quot;1&quot;:2,&quot;2&quot;:&quot;250 - 550 Mpa&quot;}\">250 \u2013 550 MPa<\/td>\n<\/tr>\n<tr>\n<td data-sheets-value=\"{&quot;1&quot;:2,&quot;2&quot;:&quot;Tensil Stress&quot;}\">Contrainte de traction<\/td>\n<td colspan=\"2\" rowspan=\"1\" data-sheets-value=\"{&quot;1&quot;:2,&quot;2&quot;:&quot;G250 Mpa-G550 Mpa&quot;}\">G250 MPa-G550 MPa<\/td>\n<\/tr>\n<tr>\n<td data-sheets-value=\"{&quot;1&quot;:2,&quot;2&quot;:&quot;Cable Tray Size&quot;}\">Taille du chemin de c\u00e2bles<\/td>\n<td colspan=\"2\" rowspan=\"1\" data-sheets-value=\"{&quot;1&quot;:2,&quot;2&quot;:&quot;50\/100-600mm Or According To Profile Drawings&quot;}\">50\/100-600mm ou selon des dessins de profil<\/td>\n<\/tr>\n<tr>\n<td data-sheets-value=\"{&quot;1&quot;:2,&quot;2&quot;:&quot;Decoiler&quot;}\">D\u00e9rouleur<\/td>\n<td data-sheets-value=\"{&quot;1&quot;:2,&quot;2&quot;:&quot;Manual Decoiler&quot;}\">D\u00e9rouleur manuel<\/td>\n<td data-sheets-value=\"{&quot;1&quot;:2,&quot;2&quot;:&quot;* Hydraulic Decoiler (Optional)&quot;}\">* D\u00e9rouleur hydraulique (facultatif)<\/td>\n<\/tr>\n<tr>\n<td data-sheets-value=\"{&quot;1&quot;:2,&quot;2&quot;:&quot;Punching System&quot;}\">Syst\u00e8me de poin\u00e7onnage<\/td>\n<td data-sheets-value=\"{&quot;1&quot;:2,&quot;2&quot;:&quot;Hydraulic Punching Station (Individual)&quot;}\">Station de Poin\u00e7onnage Hydraulique (Individuel)<\/td>\n<td data-sheets-value=\"{&quot;1&quot;:2,&quot;2&quot;:&quot;* Punching Press (Optional)&quot;}\">* Presse \u00e0 poin\u00e7onner (facultatif)<\/td>\n<\/tr>\n<tr>\n<td data-sheets-value=\"{&quot;1&quot;:2,&quot;2&quot;:&quot;Forming Station&quot;}\">Station de formage<\/td>\n<td data-sheets-value=\"{&quot;1&quot;:3,&quot;3&quot;:20}\">20<\/td>\n<td data-sheets-value=\"{&quot;1&quot;:2,&quot;2&quot;:&quot;* According To Your Profile Drawings&quot;}\">* Selon vos dessins de profil<\/td>\n<\/tr>\n<tr>\n<td data-sheets-value=\"{&quot;1&quot;:2,&quot;2&quot;:&quot;Driving System&quot;}\">Syst\u00e8me de conduite<\/td>\n<td data-sheets-value=\"{&quot;1&quot;:2,&quot;2&quot;:&quot;Chain Drive&quot;}\">Entrainement par CHAINE<\/td>\n<td data-sheets-value=\"{&quot;1&quot;:2,&quot;2&quot;:&quot;* Gearbox drive (Optional)&quot;}\">* Entra\u00eenement de bo\u00eete de vitesses (facultatif)<\/td>\n<\/tr>\n<tr>\n<td data-sheets-value=\"{&quot;1&quot;:2,&quot;2&quot;:&quot;Machine Structure&quot;}\">Structure de la machine<\/td>\n<td data-sheets-value=\"{&quot;1&quot;:2,&quot;2&quot;:&quot;Cantilever Type Adjust The Width And Height Freely&quot;}\">Le type en porte-\u00e0-faux ajuste librement la largeur et la hauteur<\/td>\n<td data-sheets-value=\"{&quot;1&quot;:2,&quot;2&quot;:&quot;* Forged Iron station (Optional)&quot;}\">* Station en fer forg\u00e9 (en option)<\/td>\n<\/tr>\n<tr>\n<td data-sheets-value=\"{&quot;1&quot;:2,&quot;2&quot;:&quot;Forming Speed&quot;}\">Vitesse de formage<\/td>\n<td data-sheets-value=\"{&quot;1&quot;:2,&quot;2&quot;:&quot;10-20 (M\/MIN)&quot;}\">10-20 (M\/MIN)<\/td>\n<td data-sheets-value=\"{&quot;1&quot;:2,&quot;2&quot;:&quot;* Or According To Your Profile Drawings&quot;}\">* Ou selon vos dessins de profil<\/td>\n<\/tr>\n<tr>\n<td data-sheets-value=\"{&quot;1&quot;:2,&quot;2&quot;:&quot;Rollers\u2019 Material&quot;}\">Mat\u00e9riau des rouleaux<\/td>\n<td data-sheets-value=\"{&quot;1&quot;:2,&quot;2&quot;:&quot;GCr 15&quot;}\">GCr 15<\/td>\n<td data-sheets-value=\"{&quot;1&quot;:2,&quot;2&quot;:&quot;* Cr12Mov(Optional)&quot;}\">* Cr12Mov (facultatif)<\/td>\n<\/tr>\n<tr>\n<td data-sheets-value=\"{&quot;1&quot;:2,&quot;2&quot;:&quot;Cutting System&quot;}\">Syst\u00e8me de coupe<\/td>\n<td data-sheets-value=\"{&quot;1&quot;:2,&quot;2&quot;:&quot;Post-cutting&quot;}\">Post-coupe<\/td>\n<td data-sheets-value=\"{&quot;1&quot;:2,&quot;2&quot;:&quot;* Pre-cutting (Optional)&quot;}\">* Pr\u00e9-coupe (facultatif)<\/td>\n<\/tr>\n<tr>\n<td data-sheets-value=\"{&quot;1&quot;:2,&quot;2&quot;:&quot;Frequency Changer Brand&quot;}\">Marque de changeur de fr\u00e9quence<\/td>\n<td data-sheets-value=\"{&quot;1&quot;:2,&quot;2&quot;:&quot;Yaskawa&quot;}\">Yaskawa<\/td>\n<td data-sheets-value=\"{&quot;1&quot;:2,&quot;2&quot;:&quot;* Siemens (Optional)&quot;}\">*Siemens (facultatif)<\/td>\n<\/tr>\n<tr>\n<td data-sheets-value=\"{&quot;1&quot;:2,&quot;2&quot;:&quot;PLC Brand&quot;}\">Marque PLC<\/td>\n<td data-sheets-value=\"{&quot;1&quot;:2,&quot;2&quot;:&quot;Panasonic&quot;}\">Panasonic<\/td>\n<td data-sheets-value=\"{&quot;1&quot;:2,&quot;2&quot;:&quot;* Siemens (Optional)&quot;}\">*Siemens (facultatif)<\/td>\n<\/tr>\n<tr>\n<td data-sheets-value=\"{&quot;1&quot;:2,&quot;2&quot;:&quot;Power Supply&quot;}\">Source de courant<\/td>\n<td data-sheets-value=\"{&quot;1&quot;:2,&quot;2&quot;:&quot;380V 50Hz 3ph&quot;}\">380V 50Hz 3ph<\/td>\n<td data-sheets-value=\"{&quot;1&quot;:2,&quot;2&quot;:&quot;* Or According To Your Requirment&quot;}\">* Ou selon vos besoins<\/td>\n<\/tr>\n<tr>\n<td data-sheets-value=\"{&quot;1&quot;:2,&quot;2&quot;:&quot;Machine Color&quot;}\">Couleur de l&#039;appareil<\/td>\n<td data-sheets-value=\"{&quot;1&quot;:2,&quot;2&quot;:&quot;Industrial Blue&quot;}\">Bleu industriel<\/td>\n<td data-sheets-value=\"{&quot;1&quot;:2,&quot;2&quot;:&quot;* Or According To Your Requirment&quot;}\">* Ou selon vos besoins<\/td>\n<\/tr>\n<\/tbody>\n<\/table>\n<\/div>\n<h3>Application<\/h3>\n<p><span class=\"magic-49\"><span class=\"magic-10\">Avec les caract\u00e9ristiques de vert, solide, \u00e9conomique, durable, rapide, facile \u00e0 installer et beau, double en rouleau <\/span><\/span><span class=\"magic-59\">Le support photovolta\u00efque en acier en forme de C et d&#039;autres mat\u00e9riaux de construction en acier sont de plus en plus utilis\u00e9s. Il convient \u00e0 diverses structures l\u00e9g\u00e8res en acier, \u00e9tag\u00e8res, cadres de plafond, etc.<\/span><\/p>\n<p><img loading=\"lazy\" decoding=\"async\" class=\"alignnone size-full wp-image-764\" src=\"https:\/\/swforming.com\/wp-content\/uploads\/2022\/09\/0220915095443.png\" alt=\"\" width=\"1000\" height=\"1101\" title=\"\" srcset=\"https:\/\/swforming.com\/wp-content\/uploads\/2022\/09\/0220915095443.png 1000w, https:\/\/swforming.com\/wp-content\/uploads\/2022\/09\/0220915095443-600x661.png 600w, https:\/\/swforming.com\/wp-content\/uploads\/2022\/09\/0220915095443-272x300.png 272w, https:\/\/swforming.com\/wp-content\/uploads\/2022\/09\/0220915095443-930x1024.png 930w, https:\/\/swforming.com\/wp-content\/uploads\/2022\/09\/0220915095443-768x846.png 768w\" sizes=\"(max-width: 1000px) 100vw, 1000px\" \/><\/p>\n<h3>Qu'est-ce qu'une profileuse pour chemins de c\u00e2bles ?<\/h3>\n<p>Une profileuse pour chemins de c\u00e2bles est une machine industrielle sp\u00e9cialis\u00e9e con\u00e7ue pour fabriquer des chemins de c\u00e2bles. La profileuse pour chemins de c\u00e2bles est \u00e9galement appel\u00e9e machine de fabrication de chemins de c\u00e2bles. Les chemins de c\u00e2bles sont des composants structurels utilis\u00e9s dans les installations \u00e9lectriques pour supporter et organiser les c\u00e2bles, les fils et autres \u00e9quipements \u00e9lectriques. Les chemins de c\u00e2bles constituent un moyen s\u00fbr et efficace d'acheminer et de prot\u00e9ger les c\u00e2bles \u00e9lectriques dans les b\u00e2timents, les installations industrielles et les projets d'infrastructure.<\/p>\n<p>Voici un aper\u00e7u du fonctionnement d'une machine de fabrication de chemins de c\u00e2bles :<\/p>\n<ol>\n<li>Alimentation en mat\u00e9riau : La machine commence par introduire une bande m\u00e9tallique, g\u00e9n\u00e9ralement en acier galvanis\u00e9 ou en aluminium, dans la ligne de profilage. La bande est souvent fournie sous forme de bobine et est d\u00e9roul\u00e9e et guid\u00e9e dans la machine pour un traitement ult\u00e9rieur.<\/li>\n<li>Formage par laminage : La bande m\u00e9tallique passe par une s\u00e9rie de rouleaux et de stations de profilage. Chaque jeu de rouleaux fa\u00e7onne progressivement la bande pour obtenir le profil souhait\u00e9 du chemin de c\u00e2bles. Les rouleaux sont sp\u00e9cialement con\u00e7us pour cr\u00e9er les caract\u00e9ristiques et les dimensions sp\u00e9cifiques requises, telles que les parois lat\u00e9rales, les \u00e9chelons et les trous de montage du chemin de c\u00e2bles.<\/li>\n<li>D\u00e9coupage : Une fois que la bande m\u00e9tallique a \u00e9t\u00e9 enti\u00e8rement form\u00e9e en sections de chemin de c\u00e2bles, un m\u00e9canisme de coupe est utilis\u00e9 pour s\u00e9parer les sections de chemin de c\u00e2bles.<\/li>\n<li>Perforateur<\/li>\n<li>Mesure de la longueur et empilage : Apr\u00e8s les processus de d\u00e9coupe et de perforation, la longueur des sections de chemins de c\u00e2bles est g\u00e9n\u00e9ralement mesur\u00e9e \u00e0 l'aide de capteurs ou d'appareils de mesure. Les sections sont ensuite empil\u00e9es ou rassembl\u00e9es pour \u00eatre emball\u00e9es ou trait\u00e9es ult\u00e9rieurement.<\/li>\n<\/ol>\n<p>Les profileuses pour chemins de c\u00e2bles sont souvent dot\u00e9es de syst\u00e8mes contr\u00f4l\u00e9s par ordinateur pour garantir une mise en forme pr\u00e9cise et coh\u00e9rente de la bande m\u00e9tallique. Ces machines peuvent \u00e9galement pr\u00e9senter des caract\u00e9ristiques telles que l'alimentation automatique en mat\u00e9riau, des jeux de rouleaux r\u00e9glables et des panneaux de commande pour faciliter l'utilisation et le contr\u00f4le.<\/p>\n<p>En utilisant une machine de fabrication de chemins de c\u00e2bles, les fabricants peuvent produire efficacement des chemins de c\u00e2bles de haute qualit\u00e9 en grandes quantit\u00e9s. Ces chemins de c\u00e2bles constituent une solution fiable et organis\u00e9e pour la gestion des c\u00e2bles dans les installations \u00e9lectriques, garantissant la s\u00e9curit\u00e9 et la facilit\u00e9 d'entretien.<\/p>\n<h3>La machine de fabrication de chemins de c\u00e2bles galvanis\u00e9s fait-elle partie des profileuses pour chemins de c\u00e2bles ?<\/h3>\n<p>Oui, une machine de fabrication de chemins de c\u00e2bles galvanis\u00e9s appartient \u00e0 la cat\u00e9gorie des machines de formage de chemins de c\u00e2bles. Le terme \"galvanis\u00e9\" fait r\u00e9f\u00e9rence au processus consistant \u00e0 recouvrir le m\u00e9tal, g\u00e9n\u00e9ralement de l'acier, d'une couche de zinc afin de le rendre r\u00e9sistant \u00e0 la corrosion et de le rendre plus durable. Les chemins de c\u00e2bles galvanis\u00e9s sont largement utilis\u00e9s dans les installations \u00e9lectriques et les applications industrielles en raison de leur protection sup\u00e9rieure contre la rouille et les conditions environnementales.<\/p>\n<p>Une machine de fabrication de chemins de c\u00e2bles galvanis\u00e9s est sp\u00e9cialement con\u00e7ue pour fabriquer des chemins de c\u00e2bles \u00e0 partir de bandes d'acier galvanis\u00e9. La machine suit les m\u00eames principes de base qu'une profileuse de chemins de c\u00e2bles, \u00e0 savoir l'alimentation de la bande m\u00e9tallique, le profilage du chemin de c\u00e2bles, la d\u00e9coupe et le poin\u00e7onnage de trous ou de fentes, la mesure de la longueur et l'empilage.<\/p>\n<p>La principale caract\u00e9ristique d'une machine de fabrication de chemins de c\u00e2bles galvanis\u00e9s est qu'elle est \u00e9quip\u00e9e pour manipuler des bandes d'acier galvanis\u00e9 et assurer un rev\u00eatement de zinc appropri\u00e9 au cours du processus de fabrication. Cela peut impliquer des \u00e9tapes suppl\u00e9mentaires telles que le nettoyage de la surface ou l'application d'un rev\u00eatement de zinc pour obtenir la finition galvanis\u00e9e souhait\u00e9e.<\/p>\n<h3>Top 5 des machines \u00e0 former les chemins de c\u00e2bles en Chine<\/h3>\n<ol>\n<li>WUXI SUNWAY MACHINERY CO., LTD est un fabricant et exportateur professionnel qui s&#039;occupe de la conception, du d\u00e9veloppement et de la production de machines de profilage \u00e0 froid. Tous les produits sont conformes aux normes de qualit\u00e9 internationales et sont grandement appr\u00e9ci\u00e9s sur une vari\u00e9t\u00e9 de march\u00e9s diff\u00e9rents \u00e0 travers le monde, tels que l&#039;Asie, l&#039;Afrique, l&#039;Europe, l&#039;Am\u00e9rique du Sud, l&#039;Australie, etc. Il a acquis un r\u00e9seau de vente mondial.<\/li>\n<li>Shanghai Wright Bros Technology Co. Ltd : l'entreprise est sp\u00e9cialis\u00e9e dans la conception et la production de machines de formage de rouleaux pour diverses applications, notamment les machines de formage de chemins de c\u00e2bles. Elle propose une gamme de solutions personnalis\u00e9es pour diff\u00e9rents types et tailles de chemins de c\u00e2bles.<\/li>\n<li>Wuxi Suhang Machinery Manufacturing Co., Ltd : Fort de ses ann\u00e9es d'exp\u00e9rience, Suhang Machinery est un fabricant r\u00e9put\u00e9 de profileuses, notamment pour les chemins de c\u00e2bles. L'entreprise fournit des machines fiables et efficaces, adapt\u00e9es aux sp\u00e9cifications des clients.<\/li>\n<li>Jiangsu Lebron Machinery Technology Co., Ltd : Lebron Machinery est connu pour son expertise dans le domaine des machines de formage de rouleaux, notamment les machines de formage de plateaux de c\u00e2bles. Elle propose des technologies et des solutions avanc\u00e9es pour la production de chemins de c\u00e2bles, en mettant l'accent sur la qualit\u00e9 et la satisfaction du client.<\/li>\n<li>Hangzhou Roll Forming Machinery Co. Ltd : cette soci\u00e9t\u00e9 fabrique des profileuses depuis plus de 15 ans et propose une gamme de solutions pour la production de chemins de c\u00e2bles. Ses machines sont r\u00e9put\u00e9es pour leur pr\u00e9cision, leur durabilit\u00e9 et leurs options de personnalisation.<\/li>\n<\/ol>\n<\/div>\n<blockquote class=\"wp-embedded-content\" data-secret=\"Qhk5pcRrob\"><p><a href=\"https:\/\/swforming.com\/fr\/le-guide-definitif-des-machines-de-formation-de-rouleaux-de-chemins-de-cables\/\">Le guide d\u00e9finitif des machines de formage de rouleaux de chemins de c\u00e2bles<\/a><\/p><\/blockquote>\n<p><iframe class=\"wp-embedded-content\" sandbox=\"allow-scripts\" security=\"restricted\" style=\"position: absolute; visibility: hidden;\" title=\"&quot;Le guide d\u00e9finitif des machines de formage de rouleaux de chemins de c\u00e2bles&quot; - SUNWAY Machine\" src=\"https:\/\/swforming.com\/the-definitive-guide-to-cable-tray-roll-forming-machines\/embed\/#?secret=eSJBVMGIIM#?secret=Qhk5pcRrob\" data-secret=\"Qhk5pcRrob\" width=\"600\" height=\"338\" frameborder=\"0\" marginwidth=\"0\" marginheight=\"0\" scrolling=\"no\"><\/iframe><\/p>","protected":false},"excerpt":{"rendered":"<p><span class=\"magic-9\"><span class=\"magic-10\" data-spm-anchor-id=\"a2700.details.0.i24.1da25591nu26He\">La profileuse de chemins de c\u00e2bles est couramment utilis\u00e9e pour fabriquer diff\u00e9rents types de chemins de c\u00e2bles, largement utilis\u00e9s dans les domaines \u00e9lectriques, les d\u00e9corations, les constructions industrielles, etc. chemin de c\u00e2bles, \u00e9chelle \u00e0 c\u00e2bles et chemin de c\u00e2bles \u00e0 canal perfor\u00e9. <\/span><\/span><\/p>","protected":false},"featured_media":752,"comment_status":"open","ping_status":"closed","template":"","meta":{"_acf_changed":false},"product_brand":[],"product_cat":[60,18,114],"product_tag":[],"class_list":{"0":"post-751","1":"product","2":"type-product","3":"status-publish","4":"has-post-thumbnail","6":"product_cat-cable-tray-roll-forming-machine","7":"product_cat-electric-energy","8":"product_cat-roll-former","10":"first","11":"instock","12":"featured","13":"shipping-taxable","14":"product-type-simple"},"acf":[],"_links":{"self":[{"href":"https:\/\/swforming.com\/fr\/wp-json\/wp\/v2\/product\/751","targetHints":{"allow":["GET"]}}],"collection":[{"href":"https:\/\/swforming.com\/fr\/wp-json\/wp\/v2\/product"}],"about":[{"href":"https:\/\/swforming.com\/fr\/wp-json\/wp\/v2\/types\/product"}],"replies":[{"embeddable":true,"href":"https:\/\/swforming.com\/fr\/wp-json\/wp\/v2\/comments?post=751"}],"version-history":[{"count":3,"href":"https:\/\/swforming.com\/fr\/wp-json\/wp\/v2\/product\/751\/revisions"}],"predecessor-version":[{"id":3183,"href":"https:\/\/swforming.com\/fr\/wp-json\/wp\/v2\/product\/751\/revisions\/3183"}],"wp:featuredmedia":[{"embeddable":true,"href":"https:\/\/swforming.com\/fr\/wp-json\/wp\/v2\/media\/752"}],"wp:attachment":[{"href":"https:\/\/swforming.com\/fr\/wp-json\/wp\/v2\/media?parent=751"}],"wp:term":[{"taxonomy":"product_brand","embeddable":true,"href":"https:\/\/swforming.com\/fr\/wp-json\/wp\/v2\/product_brand?post=751"},{"taxonomy":"product_cat","embeddable":true,"href":"https:\/\/swforming.com\/fr\/wp-json\/wp\/v2\/product_cat?post=751"},{"taxonomy":"product_tag","embeddable":true,"href":"https:\/\/swforming.com\/fr\/wp-json\/wp\/v2\/product_tag?post=751"}],"curies":[{"name":"wp","href":"https:\/\/api.w.org\/{rel}","templated":true}]}}