{"id":729,"date":"2022-09-15T01:20:22","date_gmt":"2022-09-15T01:20:22","guid":{"rendered":"https:\/\/swforming.com\/?post_type=product&#038;p=729"},"modified":"2023-06-26T03:37:36","modified_gmt":"2023-06-26T03:37:36","slug":"corrugated-sheet-roll-forming-machine","status":"publish","type":"product","link":"https:\/\/swforming.com\/fr\/product\/corrugated-sheet-roll-forming-machine\/","title":{"rendered":"Rouleau de feuille de toiture formant la machine de fabrication de tuiles de toiture en t\u00f4le ondul\u00e9e en acier de couleur"},"content":{"rendered":"<div id=\"module_detail_video\">\n<div class=\"widget-detail-video\" data-role=\"widget-detail-overview-video\">\n<div class=\"widget-detail-video__title\" data-spm-anchor-id=\"a2700.details.0.i28.55306564CO7cHj\"><img fetchpriority=\"high\" decoding=\"async\" class=\"alignnone wp-image-721 size-full\" src=\"https:\/\/swforming.com\/wp-content\/uploads\/2022\/09\/Hccbaebf418ec4902a9a070e330dcf587l.webp\" alt=\"Machine de formage de rouleaux de t\u00f4le de couverture\" width=\"750\" height=\"684\" title=\"\" srcset=\"https:\/\/swforming.com\/wp-content\/uploads\/2022\/09\/Hccbaebf418ec4902a9a070e330dcf587l.webp 750w, https:\/\/swforming.com\/wp-content\/uploads\/2022\/09\/Hccbaebf418ec4902a9a070e330dcf587l-600x547.webp 600w, https:\/\/swforming.com\/wp-content\/uploads\/2022\/09\/Hccbaebf418ec4902a9a070e330dcf587l-300x274.webp 300w\" sizes=\"(max-width: 750px) 100vw, 750px\" \/><\/div>\n<div data-spm-anchor-id=\"a2700.details.0.i28.55306564CO7cHj\">\n<div class=\"J_module\">\n<div class=\"detail-decorate-json-renderer-container\">\n<div class=\"magic-4\">\n<div class=\"magic-5\">\n<div class=\"magic-6\">\n<div class=\"magic-7\">\n<div class=\"magic-8\" data-spm-anchor-id=\"a2700.details.0.i26.55306564CO7cHj\"><span class=\"magic-9\" data-spm-anchor-id=\"a2700.details.0.i29.55306564CO7cHj\">La profileuse pour t\u00f4les de toiture adopte des bobines d'acier comme mat\u00e9riau et obtient des t\u00f4les de toiture apr\u00e8s le processus de d\u00e9roulage, d'alimentation, de profilage, de coupe en longueur et de sortie avec la table. L'ensemble de la machine adopte un contr\u00f4le PLC, une r\u00e9gulation de vitesse \u00e0 fr\u00e9quence AC pour r\u00e9aliser la production automatique, ce qui convient parfaitement \u00e0 l'industrie de traitement des m\u00e9taux lamin\u00e9s \u00e0 froid.<\/span><\/div>\n<h3>d\u00e9tails du produit<\/h3>\n<p><strong>Socle<\/strong><br \/>\nLes mati\u00e8res premi\u00e8res utilis\u00e9es sont des aciers de haute qualit\u00e9, tr\u00e8s r\u00e9sistants et tr\u00e8s robustes, qui ont une forte r\u00e9sistance \u00e0 la d\u00e9formation.<\/p>\n<p><img decoding=\"async\" class=\"alignnone size-full wp-image-723\" src=\"https:\/\/swforming.com\/wp-content\/uploads\/2022\/09\/stand-base-2.webp\" alt=\"\" width=\"450\" height=\"300\" title=\"\" srcset=\"https:\/\/swforming.com\/wp-content\/uploads\/2022\/09\/stand-base-2.webp 450w, https:\/\/swforming.com\/wp-content\/uploads\/2022\/09\/stand-base-2-300x200.webp 300w\" sizes=\"(max-width: 450px) 100vw, 450px\" \/><\/p>\n<p><strong>Moteur<\/strong><br \/>\nAdopte un moteur de marque sup\u00e9rieure pour le syst\u00e8me d'entra\u00eenement, plus stable et plus efficace.<\/p>\n<p><img decoding=\"async\" class=\"alignnone size-full wp-image-724\" src=\"https:\/\/swforming.com\/wp-content\/uploads\/2022\/09\/motor-1.webp\" alt=\"\" width=\"450\" height=\"300\" title=\"\" srcset=\"https:\/\/swforming.com\/wp-content\/uploads\/2022\/09\/motor-1.webp 450w, https:\/\/swforming.com\/wp-content\/uploads\/2022\/09\/motor-1-300x200.webp 300w\" sizes=\"(max-width: 450px) 100vw, 450px\" \/><\/p>\n<p><strong>Rouleaux et arbres<\/strong><br \/>\nAvec de nombreuses ann\u00e9es d'exp\u00e9rience en mati\u00e8re de production, nous sommes plus professionnels et plus pr\u00e9cis.<\/p>\n<p><img loading=\"lazy\" decoding=\"async\" class=\"alignnone size-full wp-image-725\" src=\"https:\/\/swforming.com\/wp-content\/uploads\/2022\/09\/RollersShafts.webp\" alt=\"\" width=\"450\" height=\"300\" title=\"\" srcset=\"https:\/\/swforming.com\/wp-content\/uploads\/2022\/09\/RollersShafts.webp 450w, https:\/\/swforming.com\/wp-content\/uploads\/2022\/09\/RollersShafts-300x200.webp 300w\" sizes=\"(max-width: 450px) 100vw, 450px\" \/><\/p>\n<p><strong>Personnalisation<\/strong><br \/>\nDes ing\u00e9nieurs exp\u00e9riment\u00e9s contr\u00f4lent l'ensemble du processus pour le personnaliser.<\/p>\n<p><img loading=\"lazy\" decoding=\"async\" class=\"alignnone size-full wp-image-636\" src=\"https:\/\/swforming.com\/wp-content\/uploads\/2022\/09\/Customization.webp\" alt=\"\" width=\"450\" height=\"300\" title=\"\" srcset=\"https:\/\/swforming.com\/wp-content\/uploads\/2022\/09\/Customization.webp 450w, https:\/\/swforming.com\/wp-content\/uploads\/2022\/09\/Customization-300x200.webp 300w\" sizes=\"(max-width: 450px) 100vw, 450px\" \/><\/p>\n<p><img loading=\"lazy\" decoding=\"async\" class=\"alignnone size-full wp-image-726\" src=\"https:\/\/swforming.com\/wp-content\/uploads\/2022\/09\/H6d7164243ca1449280935744f5d1faa5E.webp\" alt=\"\" width=\"750\" height=\"446\" title=\"\" srcset=\"https:\/\/swforming.com\/wp-content\/uploads\/2022\/09\/H6d7164243ca1449280935744f5d1faa5E.webp 750w, https:\/\/swforming.com\/wp-content\/uploads\/2022\/09\/H6d7164243ca1449280935744f5d1faa5E-600x357.webp 600w, https:\/\/swforming.com\/wp-content\/uploads\/2022\/09\/H6d7164243ca1449280935744f5d1faa5E-300x178.webp 300w\" sizes=\"(max-width: 750px) 100vw, 750px\" \/><\/p>\n<h3>Param\u00e8tres de la machine de formage de t\u00f4les de couverture<\/h3>\n<div>\n<table>\n<tbody>\n<tr>\n<td data-sheets-value=\"{&quot;1&quot;:2,&quot;2&quot;:&quot;Product&quot;}\">Produit<\/td>\n<td data-sheets-value=\"{&quot;1&quot;:2,&quot;2&quot;:&quot;Roof sheet roll forming machine&quot;}\">Machine \u00e0 former les t\u00f4les de toiture<\/td>\n<\/tr>\n<tr>\n<td data-sheets-value=\"{&quot;1&quot;:2,&quot;2&quot;:&quot;Model&quot;}\">Mod\u00e8le<\/td>\n<td data-sheets-value=\"{&quot;1&quot;:2,&quot;2&quot;:&quot;Corrugated Trapezoidal (Customizable )&quot;}\">Trap\u00e8ze ondul\u00e9 (personnalisable)<\/td>\n<\/tr>\n<tr>\n<td data-sheets-value=\"{&quot;1&quot;:2,&quot;2&quot;:&quot;Base Material&quot;}\">Mat\u00e9riau de base<\/td>\n<td data-sheets-value=\"{&quot;1&quot;:2,&quot;2&quot;:&quot;GI\/GL, PPGI\/PPGL, Aluminum Coil&quot;}\">GI\/GL, PPGI\/PPGL, bobines d'aluminium<\/td>\n<\/tr>\n<tr>\n<td data-sheets-value=\"{&quot;1&quot;:2,&quot;2&quot;:&quot;Thickness&quot;}\">\u00c9paisseur<\/td>\n<td data-sheets-value=\"{&quot;1&quot;:2,&quot;2&quot;:&quot;0.3mm-0.8mm&quot;}\">0,3mm-0,8mm<\/td>\n<\/tr>\n<tr>\n<td data-sheets-value=\"{&quot;1&quot;:2,&quot;2&quot;:&quot;Effective Width&quot;}\">Largeur effective<\/td>\n<td data-sheets-value=\"{&quot;1&quot;:2,&quot;2&quot;:&quot;600-1250mm (According To Customer Requirements \/Customizable)&quot;}\">\n<div>\n<div>600-1250mm (selon les exigences du client \/ personnalisable)<\/div>\n<\/div>\n<\/td>\n<\/tr>\n<tr>\n<td data-sheets-value=\"{&quot;1&quot;:2,&quot;2&quot;:&quot;Roller Station&quot;}\">Station de roulage<\/td>\n<td data-sheets-value=\"{&quot;1&quot;:2,&quot;2&quot;:&quot;14-18 Stations&quot;}\">14-18 Stations<\/td>\n<\/tr>\n<tr>\n<td data-sheets-value=\"{&quot;1&quot;:2,&quot;2&quot;:&quot;Roller Material&quot;}\">Mat\u00e9riau du rouleau<\/td>\n<td data-sheets-value=\"{&quot;1&quot;:2,&quot;2&quot;:&quot;45# Steel \/ Bearing Steel\/ Cr12Mov&quot;}\">45# Acier \/ Acier pour roulements \/ Cr12Mov<\/td>\n<\/tr>\n<tr>\n<td data-sheets-value=\"{&quot;1&quot;:2,&quot;2&quot;:&quot;Roller Driven Type&quot;}\">Type d'entra\u00eenement par rouleaux<\/td>\n<td data-sheets-value=\"{&quot;1&quot;:2,&quot;2&quot;:&quot;By Chain\/ Gearbox&quot;}\">Par cha\u00eene\/bo\u00eete de vitesses<\/td>\n<\/tr>\n<tr>\n<td data-sheets-value=\"{&quot;1&quot;:2,&quot;2&quot;:&quot;Color&quot;}\">Couleur<\/td>\n<td data-sheets-value=\"{&quot;1&quot;:2,&quot;2&quot;:&quot;According To Customer Requirements \/ Customizable&quot;}\">\n<div>\n<div>Selon les besoins du client \/ personnalisable<\/div>\n<\/div>\n<\/td>\n<\/tr>\n<tr>\n<td data-sheets-value=\"{&quot;1&quot;:2,&quot;2&quot;:&quot;Brand&quot;}\">Marque<\/td>\n<td data-sheets-value=\"{&quot;1&quot;:2,&quot;2&quot;:&quot;SUNWAY&quot;}\">SOLEIL<\/td>\n<\/tr>\n<tr>\n<td data-sheets-value=\"{&quot;1&quot;:2,&quot;2&quot;:&quot;Control System&quot;}\">Syst\u00e8me de contr\u00f4le<\/td>\n<td data-sheets-value=\"{&quot;1&quot;:2,&quot;2&quot;:&quot;Worldwide Famous Brand PLC (Panasonic, Siemens, Delta, etc)&quot;}\">\n<div>\n<div>Automates de marques connues dans le monde entier (Panasonic, Siemens, Delta, etc.)<\/div>\n<\/div>\n<\/td>\n<\/tr>\n<tr>\n<td data-sheets-value=\"{&quot;1&quot;:2,&quot;2&quot;:&quot;Power&quot;}\">Puissance<\/td>\n<td data-sheets-value=\"{&quot;1&quot;:2,&quot;2&quot;:&quot;4KW-5.5KW-7.5KW&quot;}\">4KW-5.5KW-7.5KW<\/td>\n<\/tr>\n<tr>\n<td data-sheets-value=\"{&quot;1&quot;:2,&quot;2&quot;:&quot;Frame&quot;}\">Cadre<\/td>\n<td data-sheets-value=\"{&quot;1&quot;:2,&quot;2&quot;:&quot;350 H Steel \/ 400 H Steel&quot;}\">Acier 350 H \/ Acier 400 H<\/td>\n<\/tr>\n<tr>\n<td data-sheets-value=\"{&quot;1&quot;:2,&quot;2&quot;:&quot;Cutting Drive&quot;}\">Entra\u00eenement de coupe<\/td>\n<td data-sheets-value=\"{&quot;1&quot;:2,&quot;2&quot;:&quot;Hydraulic Drive&quot;}\">Entra\u00eenement hydraulique<\/td>\n<\/tr>\n<tr>\n<td data-sheets-value=\"{&quot;1&quot;:2,&quot;2&quot;:&quot;Cutting&amp;Hydraulic Type&quot;}\">Type de coupe&amp;hydraulique<\/td>\n<td data-sheets-value=\"{&quot;1&quot;:2,&quot;2&quot;:&quot;Type:Double Guide Pillar Hydraulic Cutting.\\nHydraulic Pump Station :4kw Blade:Cr12mov HRC:58-62&quot;}\">\n<div>\n<div>Type:Pilier de guidage double Coupe hydraulique.<br \/>\nStation de pompage hydraulique :4kw Lame:Cr12mov HRC:58-62<\/div>\n<\/div>\n<\/td>\n<\/tr>\n<tr>\n<td data-sheets-value=\"{&quot;1&quot;:2,&quot;2&quot;:&quot;Way Of Drive&quot;}\">Mode d'entra\u00eenement<\/td>\n<td data-sheets-value=\"{&quot;1&quot;:2,&quot;2&quot;:&quot;1.2 inch single chain&quot;}\">Cha\u00eene simple de 1,2 pouce<\/td>\n<\/tr>\n<\/tbody>\n<\/table>\n<\/div>\n<h3>Qu'est-ce qu'une profileuse pour plaques ondul\u00e9es ?<\/h3>\n<p>Une profileuse pour t\u00f4les ondul\u00e9es est une machine industrielle sp\u00e9cialis\u00e9e utilis\u00e9e pour produire des t\u00f4les ou des panneaux ondul\u00e9s. Les t\u00f4les ondul\u00e9es sont largement utilis\u00e9es dans diverses industries, notamment la construction, les toitures et l'emballage.<\/p>\n<p>Le processus de profilage consiste \u00e0 faire passer une bande continue de m\u00e9tal, g\u00e9n\u00e9ralement de l'acier, \u00e0 travers une s\u00e9rie de rouleaux et de matrices. Ces rouleaux et ces matrices fa\u00e7onnent progressivement la bande de m\u00e9tal pour lui donner le profil ondul\u00e9 souhait\u00e9. La machine utilise une combinaison d'actions de cintrage, de pliage et de fa\u00e7onnage pour cr\u00e9er le motif ondul\u00e9 ou ondulant caract\u00e9ristique.<\/p>\n<p>La machine de formage de t\u00f4les ondul\u00e9es se compose g\u00e9n\u00e9ralement de plusieurs \u00e9l\u00e9ments :<\/p>\n<ol>\n<li>D\u00e9rouleur : Ce composant maintient la bobine de m\u00e9tal et l'introduit dans la machine en vue de son traitement.<\/li>\n<li>Syst\u00e8me d'alimentation : Il transporte la bande m\u00e9tallique de la d\u00e9rouleuse \u00e0 la section de formage.<\/li>\n<li>Section de formage : C'est le c\u0153ur de la machine, o\u00f9 la bande de m\u00e9tal passe \u00e0 travers une s\u00e9rie de rouleaux et de matrices qui lui donnent progressivement la forme du profil ondul\u00e9.<\/li>\n<li>Syst\u00e8me de coupe : Une fois que la longueur souhait\u00e9e de la t\u00f4le ondul\u00e9e est form\u00e9e, le syst\u00e8me de d\u00e9coupe coupe la t\u00f4le \u00e0 la taille requise.<\/li>\n<li>Syst\u00e8me de contr\u00f4le : Il g\u00e8re le fonctionnement de la machine, en contr\u00f4lant la vitesse, la longueur et d'autres param\u00e8tres du processus de production.<\/li>\n<li>Convoyeur d'empilage : Ce composant recueille les plaques de carton ondul\u00e9 finies en vue d'une manipulation ou d'un emballage ult\u00e9rieur.<\/li>\n<\/ol>\n<p>Les profileuses pour plaques ondul\u00e9es sont hautement automatis\u00e9es et peuvent produire des plaques ondul\u00e9es de mani\u00e8re continue et efficace. Elles offrent un contr\u00f4le pr\u00e9cis des dimensions et des sp\u00e9cifications du produit final, garantissant une qualit\u00e9 constante et r\u00e9duisant les besoins en main-d'\u0153uvre manuelle.<\/p>\n<p>Ces machines sont essentielles pour les fabricants qui doivent produire de grandes quantit\u00e9s de plaques ondul\u00e9es pour diverses applications. Elles permettent une production efficace, r\u00e9duisent le gaspillage de mat\u00e9riaux et contribuent \u00e0 la productivit\u00e9 globale du processus de fabrication.<\/p>\n<h3>application de la machine \u00e0 former les rouleaux d'acier color\u00e9<\/h3>\n<p>Une profileuse pour acier color\u00e9, \u00e9galement connue sous le nom de profileuse pour t\u00f4les de toiture en acier color\u00e9, est utilis\u00e9e pour produire des t\u00f4les ou des panneaux en acier color\u00e9. Ces panneaux sont largement utilis\u00e9s dans l'industrie de la construction pour les applications de couverture et de bardage en raison de leur durabilit\u00e9, de leur attrait esth\u00e9tique et de leur r\u00e9sistance aux intemp\u00e9ries. Voici quelques applications courantes des profileuses pour t\u00f4les d'acier color\u00e9es :<\/p>\n<ol>\n<li>T\u00f4les de toiture : Les profileuses en acier couleur sont principalement utilis\u00e9es pour produire des t\u00f4les de toiture. Ces t\u00f4les sont fabriqu\u00e9es \u00e0 partir de bobines d'acier galvanis\u00e9 ou d'aluminium et sont recouvertes d'une couche de peinture color\u00e9e ou d'un rev\u00eatement protecteur. La profileuse cr\u00e9e le profil souhait\u00e9, par exemple ondul\u00e9 ou trap\u00e9zo\u00efdal, et applique le rev\u00eatement color\u00e9. Ces t\u00f4les de couverture assurent l'\u00e9tanch\u00e9it\u00e9, l'isolation thermique et le soutien structurel des b\u00e2timents.<\/li>\n<li>Rev\u00eatement mural : Les panneaux en acier color\u00e9 sont \u00e9galement utilis\u00e9s comme mat\u00e9riaux de rev\u00eatement mural dans les b\u00e2timents commerciaux, industriels et r\u00e9sidentiels. La profileuse peut produire divers profils et dessins qui am\u00e9liorent l'attrait visuel de l'ext\u00e9rieur du b\u00e2timent. Les panneaux d'acier rev\u00eatus de couleur sont durables, faciles \u00e0 entretenir et r\u00e9sistants \u00e0 la d\u00e9coloration, \u00e0 la corrosion et aux conditions climatiques difficiles.<\/li>\n<li>Portes de garage : Les profileuses en acier color\u00e9 sont utilis\u00e9es pour fabriquer des portes de garage. Ces portes sont fabriqu\u00e9es \u00e0 partir de t\u00f4les d'acier rev\u00eatues de couleur, ce qui leur conf\u00e8re r\u00e9sistance, s\u00e9curit\u00e9 et esth\u00e9tique. La profileuse produit la forme et le dessin des panneaux requis, et le rev\u00eatement color\u00e9 conf\u00e8re aux portes une finition attrayante et durable.<\/li>\n<li>Cl\u00f4tures et enceintes : Les panneaux d'acier color\u00e9 produits par des machines de profilage sont utilis\u00e9s pour les syst\u00e8mes de cl\u00f4ture et les enclos. Ces panneaux assurent l'intimit\u00e9, la s\u00e9curit\u00e9 et la d\u00e9coration des propri\u00e9t\u00e9s r\u00e9sidentielles, commerciales et industrielles. Les panneaux peuvent \u00eatre personnalis\u00e9s en termes de taille, de profil et de couleur pour r\u00e9pondre \u00e0 des besoins sp\u00e9cifiques en mati\u00e8re de cl\u00f4tures.<\/li>\n<li>B\u00e2timents agricoles : Les t\u00f4les et panneaux de toiture en acier color\u00e9 sont couramment utilis\u00e9s dans les b\u00e2timents agricoles tels que les granges, les \u00e9tables et les entrep\u00f4ts. Ces structures n\u00e9cessitent des mat\u00e9riaux de couverture et de rev\u00eatement durables et r\u00e9sistants aux intemp\u00e9ries. Les profileuses en acier couleur permettent de produire des panneaux personnalis\u00e9s capables de r\u00e9sister aux environnements agricoles difficiles et de prot\u00e9ger le contenu des b\u00e2timents.<\/li>\n<li>Cabines mobiles et structures pr\u00e9fabriqu\u00e9es : Les panneaux en acier color\u00e9 sont utilis\u00e9s dans la construction de cabines portables, de b\u00e2timents modulaires et de structures pr\u00e9fabriqu\u00e9es. Ces panneaux offrent une installation rapide et facile, une grande r\u00e9sistance et une grande souplesse de conception. La profileuse peut produire des panneaux de diff\u00e9rents profils et dimensions pour r\u00e9pondre aux exigences sp\u00e9cifiques de ces structures.<\/li>\n<\/ol>\n<p>Dans l'ensemble, les applications des profileuses en acier color\u00e9 sont diverses et cruciales dans l'industrie de la construction, fournissant une large gamme de solutions pour la couverture, le bardage et d'autres applications de construction.<\/p>\n<h3>Quel est le co\u00fbt d'une profileuse pour ondul\u00e9 ?<\/h3>\n<p>Le co\u00fbt d'une profileuse pour carton ondul\u00e9 peut varier en fonction de plusieurs facteurs tels que la taille de la machine, sa complexit\u00e9, ses caract\u00e9ristiques, sa marque et la r\u00e9gion o\u00f9 elle est achet\u00e9e. En outre, les prix peuvent changer au fil du temps en raison des fluctuations du march\u00e9 et des progr\u00e8s technologiques. Il est toujours recommand\u00e9 d'obtenir des informations sp\u00e9cifiques sur les prix aupr\u00e8s des fabricants, des fournisseurs ou des distributeurs pour obtenir des estimations de co\u00fbts pr\u00e9cises et actualis\u00e9es.<\/p>\n<p>Cela dit, le prix des profileuses pour ondul\u00e9 varie g\u00e9n\u00e9ralement de quelques milliers \u00e0 plusieurs centaines de milliers de dollars. Les machines plus petites et moins complexes peuvent se situer au bas de l'\u00e9chelle des prix, tandis que les machines plus grandes et plus perfectionn\u00e9es, dot\u00e9es de fonctions suppl\u00e9mentaires et de capacit\u00e9s d'automatisation, peuvent \u00eatre plus ch\u00e8res.<\/p>\n<p>Il est important de consid\u00e9rer que le co\u00fbt de la machine n'est qu'un aspect de l'investissement global. D'autres facteurs doivent \u00eatre pris en compte, notamment les frais d'exp\u00e9dition ou de transport, les frais d'installation et de mise en service, la formation, la maintenance et les co\u00fbts op\u00e9rationnels permanents.<\/p>\n<p>Pour obtenir un prix pr\u00e9cis pour une profileuse pour carton ondul\u00e9, il est conseill\u00e9 de contacter directement les fabricants ou les fournisseurs, en leur fournissant des d\u00e9tails sp\u00e9cifiques sur vos besoins, tels que les sp\u00e9cifications souhait\u00e9es, la capacit\u00e9 de production et toutes les caract\u00e9ristiques suppl\u00e9mentaires dont vous pourriez avoir besoin. Ils seront en mesure de vous fournir les informations les plus pr\u00e9cises sur les prix en fonction de vos besoins sp\u00e9cifiques et de votre situation g\u00e9ographique.<\/p>\n<\/div>\n<blockquote class=\"wp-embedded-content\" data-secret=\"u2vdsrKWsr\"><p><a href=\"https:\/\/swforming.com\/fr\/metal-roofing-roll-forming-machines-for-sale-a-guide-to-get-the-right-one\/\">Machines de formage de rouleaux de toiture en m\u00e9tal \u00e0 vendre: un guide pour obtenir le bon<\/a><\/p><\/blockquote>\n<p><iframe class=\"wp-embedded-content\" sandbox=\"allow-scripts\" security=\"restricted\" style=\"position: absolute; clip: rect(1px, 1px, 1px, 1px);\" title=\"&quot;Machines de profilage pour toitures m\u00e9talliques \u00e0 vendre : Un guide pour trouver la bonne machine&quot; - SUNWAY Machine\" src=\"https:\/\/swforming.com\/metal-roofing-roll-forming-machines-for-sale-a-guide-to-get-the-right-one\/embed\/#?secret=Wc9aHkEcm9#?secret=u2vdsrKWsr\" data-secret=\"u2vdsrKWsr\" width=\"600\" height=\"338\" frameborder=\"0\" marginwidth=\"0\" marginheight=\"0\" scrolling=\"no\"><\/iframe><\/p>\n<blockquote class=\"wp-embedded-content\" data-secret=\"K8BN3gOUUS\"><p><a href=\"https:\/\/swforming.com\/fr\/the-6-ways-a-roofing-sheet-roll-forming-machine-can-save-your-business\/\">Les 6 fa\u00e7ons dont une machine de formage de rouleaux de t\u00f4le de toiture peut sauver votre entreprise<\/a><\/p><\/blockquote>\n<p><iframe class=\"wp-embedded-content\" sandbox=\"allow-scripts\" security=\"restricted\" style=\"position: absolute; clip: rect(1px, 1px, 1px, 1px);\" title=\"&quot;Les 6 fa\u00e7ons dont une profileuse de t\u00f4les de couverture peut sauver votre entreprise&quot; - SUNWAY Machine\" src=\"https:\/\/swforming.com\/the-6-ways-a-roofing-sheet-roll-forming-machine-can-save-your-business\/embed\/#?secret=AJErN5NeTW#?secret=K8BN3gOUUS\" data-secret=\"K8BN3gOUUS\" width=\"600\" height=\"338\" frameborder=\"0\" marginwidth=\"0\" marginheight=\"0\" scrolling=\"no\"><\/iframe><\/p>\n<\/div>\n<\/div>\n<\/div>\n<\/div>\n<\/div>\n<\/div>\n<\/div>\n<\/div>\n<div id=\"module_detail_video\">\n<div class=\"widget-detail-video\" data-role=\"widget-detail-overview-video\">\n<div class=\"widget-detail-video__video-wrap\" data-spm-anchor-id=\"a2700.details.0.i27.55306564CO7cHj\">\n<div><\/div>\n<\/div>\n<\/div>\n<\/div>\n<div id=\"module_product_specification\">\n<div id=\"J-rich-text-description\" class=\"richtext richtext-detail rich-text-description is-magic\">\n<div id=\"detail_decorate_root\" data-magic-global=\"%7B%22bizId%22%3A1750407063%2C%22pageId%22%3A21034945161%2C%22siteId%22%3A10002326055%7D\">\n<div class=\"J_module\">\n<div id=\"ali-anchor-AliMagic-zsaccc\" class=\"magic-0\" data-section=\"AliMagic-zsaccc\" data-section-title=\"Product Description\"><\/div>\n<\/div>\n<\/div>\n<\/div>\n<\/div>\n<div id=\"gtx-trans\">\n<div class=\"gtx-trans-icon\"><\/div>\n<\/div>","protected":false},"excerpt":{"rendered":"<p>Cette machine adopte des bobines d'acier comme mat\u00e9riau et obtient des t\u00f4les de toiture apr\u00e8s le processus de d\u00e9roulage, d'alimentation, de formage par laminage, de coupe en longueur et de sortie par la table. L'ensemble de la machine adopte un contr\u00f4le PLC, une r\u00e9gulation de vitesse \u00e0 fr\u00e9quence AC pour r\u00e9aliser la production automatique, ce qui convient parfaitement \u00e0 l'industrie de traitement des m\u00e9taux lamin\u00e9s \u00e0 froid.<\/p>","protected":false},"featured_media":730,"comment_status":"open","ping_status":"closed","template":"","meta":{"_acf_changed":false},"product_brand":[],"product_cat":[87,45],"product_tag":[],"class_list":{"0":"post-729","1":"product","2":"type-product","3":"status-publish","4":"has-post-thumbnail","6":"product_cat-corrugated-roof-panel-roll-forming-machine","7":"product_cat-metal-wall-roofing","9":"first","10":"instock","11":"shipping-taxable","12":"product-type-simple"},"acf":[],"_links":{"self":[{"href":"https:\/\/swforming.com\/fr\/wp-json\/wp\/v2\/product\/729","targetHints":{"allow":["GET"]}}],"collection":[{"href":"https:\/\/swforming.com\/fr\/wp-json\/wp\/v2\/product"}],"about":[{"href":"https:\/\/swforming.com\/fr\/wp-json\/wp\/v2\/types\/product"}],"replies":[{"embeddable":true,"href":"https:\/\/swforming.com\/fr\/wp-json\/wp\/v2\/comments?post=729"}],"version-history":[{"count":5,"href":"https:\/\/swforming.com\/fr\/wp-json\/wp\/v2\/product\/729\/revisions"}],"predecessor-version":[{"id":3309,"href":"https:\/\/swforming.com\/fr\/wp-json\/wp\/v2\/product\/729\/revisions\/3309"}],"wp:featuredmedia":[{"embeddable":true,"href":"https:\/\/swforming.com\/fr\/wp-json\/wp\/v2\/media\/730"}],"wp:attachment":[{"href":"https:\/\/swforming.com\/fr\/wp-json\/wp\/v2\/media?parent=729"}],"wp:term":[{"taxonomy":"product_brand","embeddable":true,"href":"https:\/\/swforming.com\/fr\/wp-json\/wp\/v2\/product_brand?post=729"},{"taxonomy":"product_cat","embeddable":true,"href":"https:\/\/swforming.com\/fr\/wp-json\/wp\/v2\/product_cat?post=729"},{"taxonomy":"product_tag","embeddable":true,"href":"https:\/\/swforming.com\/fr\/wp-json\/wp\/v2\/product_tag?post=729"}],"curies":[{"name":"wp","href":"https:\/\/api.w.org\/{rel}","templated":true}]}}