{"id":713,"date":"2022-09-13T09:10:20","date_gmt":"2022-09-13T09:10:20","guid":{"rendered":"https:\/\/swforming.com\/?post_type=product&#038;p=713"},"modified":"2023-06-19T06:10:19","modified_gmt":"2023-06-19T06:10:19","slug":"c-channel-steel-roll-forming-machine","status":"publish","type":"product","link":"https:\/\/swforming.com\/fr\/product\/c-channel-steel-roll-forming-machine\/","title":{"rendered":"Petit pain en acier de voie de goujon de quille de jauge l\u00e9g\u00e8re formant la machine de formage de cloisons s\u00e8ches en m\u00e9tal C"},"content":{"rendered":"<p><img fetchpriority=\"high\" decoding=\"async\" class=\"alignnone wp-image-688\" src=\"https:\/\/swforming.com\/wp-content\/uploads\/2022\/09\/H2135ee0b8e1940fbae808810127afb4dR.webp\" alt=\" Profileuse pour profil\u00e9s en acier en C\" width=\"800\" height=\"721\" title=\"\" srcset=\"https:\/\/swforming.com\/wp-content\/uploads\/2022\/09\/H2135ee0b8e1940fbae808810127afb4dR.webp 750w, https:\/\/swforming.com\/wp-content\/uploads\/2022\/09\/H2135ee0b8e1940fbae808810127afb4dR-600x541.webp 600w, https:\/\/swforming.com\/wp-content\/uploads\/2022\/09\/H2135ee0b8e1940fbae808810127afb4dR-300x270.webp 300w\" sizes=\"(max-width: 800px) 100vw, 800px\" \/><\/p>\n<p>La profileuse pour quilles\/traverses\/C\/U\/Omega\/Stud en acier est de petite taille et facile \u00e0 transporter. La vitesse de transmission peut atteindre 60m\/min, ce qui rend le travail plus stable. Nous pouvons \u00e9galement fournir des machines personnalis\u00e9es.<\/p>\n<h3>\u00a0D\u00e9tails de la profileuse pour profil\u00e9s en acier en C<\/h3>\n<p><strong>Vitesse \u00e9lev\u00e9e<\/strong><br \/>\nLa vitesse de notre profileuse \u00e0 goujons C\/U\/Omega \u00e0 grande vitesse peut atteindre 60m\/min. Normalement, la vitesse de la profileuse pour goujons C\/U\/Omega est d'environ 45m\/min.<\/p>\n<p><img decoding=\"async\" class=\"alignnone size-full wp-image-691\" src=\"https:\/\/swforming.com\/wp-content\/uploads\/2022\/09\/High-Speed.webp\" alt=\"\" width=\"366\" height=\"249\" title=\"\" srcset=\"https:\/\/swforming.com\/wp-content\/uploads\/2022\/09\/High-Speed.webp 366w, https:\/\/swforming.com\/wp-content\/uploads\/2022\/09\/High-Speed-300x204.webp 300w\" sizes=\"(max-width: 366px) 100vw, 366px\" \/><\/p>\n<div class=\"magic-19\" data-spm-anchor-id=\"a2700.details.0.i40.160a2e5bTElr6e\"><strong>Haute durabilit\u00e9<\/strong><br \/>\nLigne de profilage \u00e0 haute vitesse pour goujons C\/U\/Omega adoptant un fixateur de rouleaux en acier moul\u00e9<\/div>\n<div data-spm-anchor-id=\"a2700.details.0.i40.160a2e5bTElr6e\"><img decoding=\"async\" class=\"alignnone size-full wp-image-692\" src=\"https:\/\/swforming.com\/wp-content\/uploads\/2022\/09\/High-Durable.webp\" alt=\"\" width=\"365\" height=\"249\" title=\"\" srcset=\"https:\/\/swforming.com\/wp-content\/uploads\/2022\/09\/High-Durable.webp 365w, https:\/\/swforming.com\/wp-content\/uploads\/2022\/09\/High-Durable-300x205.webp 300w\" sizes=\"(max-width: 365px) 100vw, 365px\" \/><\/div>\n<div data-spm-anchor-id=\"a2700.details.0.i40.160a2e5bTElr6e\"><strong>Automatique \u00e9lev\u00e9<\/strong><br \/>\nLa profileuse \u00e0 haute vitesse pour goujons C\/U\/Omega adopte un syst\u00e8me PLC. Le client peut r\u00e9gler la quantit\u00e9 et la vitesse de production sur l'armoire de commande.<\/div>\n<div data-spm-anchor-id=\"a2700.details.0.i40.160a2e5bTElr6e\"><img loading=\"lazy\" decoding=\"async\" class=\"alignnone wp-image-693 size-full\" src=\"https:\/\/swforming.com\/wp-content\/uploads\/2022\/09\/High-Automatic-1.webp\" alt=\"\" width=\"365\" height=\"247\" title=\"\" srcset=\"https:\/\/swforming.com\/wp-content\/uploads\/2022\/09\/High-Automatic-1.webp 365w, https:\/\/swforming.com\/wp-content\/uploads\/2022\/09\/High-Automatic-1-300x203.webp 300w\" sizes=\"(max-width: 365px) 100vw, 365px\" \/><\/div>\n<div data-spm-anchor-id=\"a2700.details.0.i40.160a2e5bTElr6e\"><strong>Personnalisation<\/strong><br \/>\nDes ing\u00e9nieurs exp\u00e9riment\u00e9s contr\u00f4lent l'ensemble du processus pour le personnaliser.<\/div>\n<div data-spm-anchor-id=\"a2700.details.0.i40.160a2e5bTElr6e\"><img loading=\"lazy\" decoding=\"async\" class=\"alignnone wp-image-636 size-full\" src=\"https:\/\/swforming.com\/wp-content\/uploads\/2022\/09\/Customization.webp\" alt=\"\" width=\"450\" height=\"300\" title=\"\" srcset=\"https:\/\/swforming.com\/wp-content\/uploads\/2022\/09\/Customization.webp 450w, https:\/\/swforming.com\/wp-content\/uploads\/2022\/09\/Customization-300x200.webp 300w\" sizes=\"(max-width: 450px) 100vw, 450px\" \/><\/div>\n<div data-spm-anchor-id=\"a2700.details.0.i40.160a2e5bTElr6e\"><img loading=\"lazy\" decoding=\"async\" class=\"alignnone size-full wp-image-694\" src=\"https:\/\/swforming.com\/wp-content\/uploads\/2022\/09\/Hdacf50d7aa1b40c29c25be77a2f2ee1eL.webp\" alt=\"\" width=\"750\" height=\"263\" title=\"\" srcset=\"https:\/\/swforming.com\/wp-content\/uploads\/2022\/09\/Hdacf50d7aa1b40c29c25be77a2f2ee1eL.webp 750w, https:\/\/swforming.com\/wp-content\/uploads\/2022\/09\/Hdacf50d7aa1b40c29c25be77a2f2ee1eL-600x210.webp 600w, https:\/\/swforming.com\/wp-content\/uploads\/2022\/09\/Hdacf50d7aa1b40c29c25be77a2f2ee1eL-300x105.webp 300w\" sizes=\"(max-width: 750px) 100vw, 750px\" \/><\/div>\n<h3 data-spm-anchor-id=\"a2700.details.0.i40.160a2e5bTElr6e\">\u00a0Param\u00e8tres de la profileuse pour profil\u00e9s en acier en C<\/h3>\n<div>\n<table>\n<tbody>\n<tr>\n<td data-sheets-value=\"{&quot;1&quot;:2,&quot;2&quot;:&quot;Raw Material&quot;}\">Mati\u00e8res premi\u00e8res<\/td>\n<td data-sheets-value=\"{&quot;1&quot;:2,&quot;2&quot;:&quot;Galvanized Sheet Or PPGI, PPGL&quot;}\">T\u00f4le galvanis\u00e9e ou PPGI, PPGL<\/td>\n<\/tr>\n<tr>\n<td data-sheets-value=\"{&quot;1&quot;:2,&quot;2&quot;:&quot;Thickness Of Sheet (mm)&quot;}\">\u00c9paisseur de la feuille (mm)<\/td>\n<td data-sheets-value=\"{&quot;1&quot;:2,&quot;2&quot;:&quot;Customized&quot;}\">Sur mesure<\/td>\n<\/tr>\n<tr>\n<td data-sheets-value=\"{&quot;1&quot;:2,&quot;2&quot;:&quot;Operation&quot;}\">Fonctionnement<\/td>\n<td data-sheets-value=\"{&quot;1&quot;:2,&quot;2&quot;:&quot;Fully Automatic&quot;}\">Enti\u00e8rement automatique<\/td>\n<\/tr>\n<tr>\n<td data-sheets-value=\"{&quot;1&quot;:2,&quot;2&quot;:&quot;Transmission&quot;}\">Transmission<\/td>\n<td data-sheets-value=\"{&quot;1&quot;:2,&quot;2&quot;:&quot;By Chain\/Gear&quot;}\">Par cha\u00eene\/engin<\/td>\n<\/tr>\n<tr>\n<td data-sheets-value=\"{&quot;1&quot;:2,&quot;2&quot;:&quot;Roller Material&quot;}\">Mat\u00e9riau du rouleau<\/td>\n<td data-sheets-value=\"{&quot;1&quot;:2,&quot;2&quot;:&quot;Cr12&quot;}\">Cr12<\/td>\n<\/tr>\n<tr>\n<td data-sheets-value=\"{&quot;1&quot;:2,&quot;2&quot;:&quot;Shaft Diameter&quot;}\">Diam\u00e8tre de l'arbre<\/td>\n<td data-sheets-value=\"{&quot;1&quot;:2,&quot;2&quot;:&quot;50mm Or As Per Profile&quot;}\">50mm ou selon profil<\/td>\n<\/tr>\n<tr>\n<td data-sheets-value=\"{&quot;1&quot;:2,&quot;2&quot;:&quot;Roller Station&quot;}\">Station de roulage<\/td>\n<td data-sheets-value=\"{&quot;1&quot;:2,&quot;2&quot;:&quot;10-16 Stations&quot;}\">10-16 stations<\/td>\n<\/tr>\n<tr>\n<td data-sheets-value=\"{&quot;1&quot;:2,&quot;2&quot;:&quot;Cutter&quot;}\">Cutter<\/td>\n<td data-sheets-value=\"{&quot;1&quot;:2,&quot;2&quot;:&quot;Hydraulic Servo Cutting With High Speed&quot;}\">Servo-coupe hydraulique \u00e0 haute vitesse<\/td>\n<\/tr>\n<\/tbody>\n<\/table>\n<h3>Qu'est-ce qu'une profileuse pour profil\u00e9s en c ?<\/h3>\n<p>La profileuse pour profil\u00e9s en C est un \u00e9quipement sp\u00e9cialis\u00e9 utilis\u00e9 dans l'industrie manufacturi\u00e8re pour produire des profil\u00e9s en acier en forme de C par un processus appel\u00e9 profilage. Le profilage est une op\u00e9ration de pliage en continu au cours de laquelle une longue bande de m\u00e9tal passe \u00e0 travers une s\u00e9rie de matrices \u00e0 rouleaux qui la fa\u00e7onnent progressivement pour obtenir le profil souhait\u00e9.<\/p>\n<p>Le profil\u00e9 en C est couramment utilis\u00e9 dans la construction et les applications structurelles, car il offre r\u00e9sistance et stabilit\u00e9 tout en minimisant le poids. Il ressemble \u00e0 la lettre \"C\" en coupe transversale, avec un dos plat et deux ailes perpendiculaires s'\u00e9tendant vers l'ext\u00e9rieur.<\/p>\n<p>La profileuse pour profil\u00e9s en C se compose d'une s\u00e9rie de stations de formage, chacune \u00e9quip\u00e9e de paires de rouleaux qui fa\u00e7onnent progressivement la bande de m\u00e9tal. Ces rouleaux sont con\u00e7us pour produire les dimensions et les caract\u00e9ristiques sp\u00e9cifiques du profil\u00e9 de canal en C, telles que la largeur de l'aile, la taille de la l\u00e8vre et les dimensions globales. La machine peut \u00e9galement comprendre des stations suppl\u00e9mentaires pour couper les canaux form\u00e9s \u00e0 la longueur requise.<\/p>\n<p>Les profileuses pour profil\u00e9s en C sont g\u00e9n\u00e9ralement automatis\u00e9es et peuvent produire des volumes importants. Elles offrent un contr\u00f4le pr\u00e9cis du processus de formage, ce qui permet aux fabricants de produire r\u00e9guli\u00e8rement des profil\u00e9s en C aux dimensions pr\u00e9cises et aux finitions de haute qualit\u00e9.<\/p>\n<h3>Qu'est-ce qu'une profileuse pour profil\u00e9s de fourrure ?<\/h3>\n<p>Une profileuse pour profil\u00e9s de fourrure est un autre type d'\u00e9quipement sp\u00e9cialis\u00e9 utilis\u00e9 dans l'industrie manufacturi\u00e8re. Elle est con\u00e7ue pour produire des profil\u00e9s de fourrure par le biais du processus de profilage. Les profil\u00e9s de fourrure sont couramment utilis\u00e9s dans la construction pour diverses applications telles que la cr\u00e9ation de plafonds suspendus, de cloisons et la fixation de cloisons s\u00e8ches.<\/p>\n<p>Les profil\u00e9s de fourrure sont g\u00e9n\u00e9ralement fabriqu\u00e9s en acier galvanis\u00e9 ou en d'autres m\u00e9taux et ont une section transversale en forme de chapeau. Ils se caract\u00e9risent par une base plate et deux pattes ou brides parall\u00e8les s'\u00e9tendant vers le haut. Les pattes ont des motifs gaufr\u00e9s ou perfor\u00e9s pour assurer la solidit\u00e9 et faciliter la fixation \u00e0 d'autres mat\u00e9riaux de construction.<\/p>\n<p>La profileuse pour profil\u00e9s de fourrure se compose d'une s\u00e9rie de stations de formage, semblables \u00e0 la profileuse pour profil\u00e9s en C. Ces stations sont \u00e9quip\u00e9es de matrices \u00e0 rouleaux qui fa\u00e7onnent progressivement la bande de m\u00e9tal dans le profil\u00e9 de fourrure souhait\u00e9. Ces stations sont \u00e9quip\u00e9es de matrices \u00e0 rouleaux qui fa\u00e7onnent progressivement la bande de m\u00e9tal pour obtenir le profil de profil\u00e9 de fourrure souhait\u00e9. La machine peut \u00e9galement comprendre des stations suppl\u00e9mentaires pour le poin\u00e7onnage de trous ou de motifs en relief sur les pattes du profil\u00e9.<\/p>\n<p>Au cours du processus de profilage, la bande de m\u00e9tal est introduite dans la machine et les rouleaux la plient et la fa\u00e7onnent progressivement pour obtenir le profil du profil\u00e9 de fourrure. Les profil\u00e9s form\u00e9s peuvent \u00eatre coup\u00e9s \u00e0 la longueur souhait\u00e9e \u00e0 l'aide d'une station de coupe int\u00e9gr\u00e9e \u00e0 la machine ou dans le cadre d'un processus ult\u00e9rieur distinct.<\/p>\n<p>Les profileuses pour profil\u00e9s de fourrure sont con\u00e7ues pour une production en grande quantit\u00e9 et offrent un contr\u00f4le pr\u00e9cis des dimensions et des caract\u00e9ristiques des profil\u00e9s. Elles permettent aux fabricants de produire des profil\u00e9s de fourrure de qualit\u00e9 constante, ce qui les rend id\u00e9ales pour les projets de construction n\u00e9cessitant des composants pr\u00e9cis et normalis\u00e9s.<\/p>\n<h3>Qu'est-ce qu'une profileuse pour profil\u00e9s en chapeau ?<\/h3>\n<p>Une profileuse pour profil\u00e9s \u00e0 chapeau est un \u00e9quipement sp\u00e9cialis\u00e9 utilis\u00e9 dans l'industrie manufacturi\u00e8re pour produire des profil\u00e9s \u00e0 chapeau par le processus de profilage. Les profil\u00e9s \u00e0 chapeau, \u00e9galement appel\u00e9s profil\u00e9s de fourrure ou profil\u00e9s souples, sont couramment utilis\u00e9s dans la construction pour des applications telles que la fixation de cloisons s\u00e8ches, la cr\u00e9ation de plafonds suspendus et la fourniture d'un soutien structurel.<\/p>\n<p>Les caniveaux \u00e0 chapeau ont une forme distinctive de \"chapeau\" ou de \"U\" lorsqu'on les regarde en coupe transversale. Ils se composent d'une base plate avec deux brides parall\u00e8les s'\u00e9tendant vers le haut, formant un profil en forme de U. La conception des profil\u00e9s en chapeau leur conf\u00e8re r\u00e9sistance, rigidit\u00e9 et propri\u00e9t\u00e9s d'insonorisation.<\/p>\n<p>La profileuse pour profil\u00e9s \u00e0 chapeau fonctionne de la m\u00eame mani\u00e8re que les autres profileuses. Elle se compose d'une s\u00e9rie de stations de formage \u00e9quip\u00e9es de matrices \u00e0 rouleaux qui fa\u00e7onnent progressivement une bande de m\u00e9tal dans le profil de canal de chapeau souhait\u00e9. Les rouleaux plient et forment progressivement la bande de m\u00e9tal, contr\u00f4lant avec pr\u00e9cision les dimensions et les caract\u00e9ristiques du canal \u00e0 chapeau.<\/p>\n<p>En fonction de l'application sp\u00e9cifique, la profileuse pour profil\u00e9s de chapeau peut inclure des stations suppl\u00e9mentaires pour perforer des trous, gaufrer des motifs ou ajouter d'autres caract\u00e9ristiques au profil\u00e9. Ces variations permettent de personnaliser la machine pour r\u00e9pondre aux exigences d'un projet sp\u00e9cifique.<\/p>\n<p>En utilisant une profileuse pour profil\u00e9s en chapeau, les fabricants peuvent produire des profil\u00e9s en chapeau en grande quantit\u00e9 avec une qualit\u00e9 constante et des dimensions pr\u00e9cises. L'automatisation et la pr\u00e9cision de la machine permettent une production efficace, ce qui en fait un outil pr\u00e9cieux dans l'industrie de la construction.<\/p>\n<\/div>\n<blockquote class=\"wp-embedded-content\" data-secret=\"45sNtT1O9p\"><p><a href=\"https:\/\/swforming.com\/fr\/the-metal-stud-and-track-roll-forming-machine-for-sale-that-could-transform-the-way-you-do-sheet-metal\/\">La profileuse de goujons m\u00e9talliques et de chenilles \u00e0 vendre qui pourrait transformer votre fa\u00e7on de faire de la t\u00f4le<\/a><\/p><\/blockquote>\n<p><iframe class=\"wp-embedded-content\" sandbox=\"allow-scripts\" security=\"restricted\" style=\"position: absolute; clip: rect(1px, 1px, 1px, 1px);\" title=\"&quot;La profileuse pour goujons et rails m\u00e9talliques \u00e0 vendre qui pourrait transformer la fa\u00e7on dont vous travaillez la t\u00f4le&quot; - SUNWAY Machine\" src=\"https:\/\/swforming.com\/the-metal-stud-and-track-roll-forming-machine-for-sale-that-could-transform-the-way-you-do-sheet-metal\/embed\/#?secret=EvZfdLmTeP#?secret=45sNtT1O9p\" data-secret=\"45sNtT1O9p\" width=\"600\" height=\"338\" frameborder=\"0\" marginwidth=\"0\" marginheight=\"0\" scrolling=\"no\"><\/iframe><\/p>\n<blockquote class=\"wp-embedded-content\" data-secret=\"F9jYfnTEap\"><p><a href=\"https:\/\/swforming.com\/fr\/the-complete-guide-to-steel-stud-roll-forming-machine\/\">Le guide complet de la machine de formage de rouleaux de goujons en acier<\/a><\/p><\/blockquote>\n<p><iframe class=\"wp-embedded-content\" sandbox=\"allow-scripts\" security=\"restricted\" style=\"position: absolute; clip: rect(1px, 1px, 1px, 1px);\" title=\"&quot;Le guide complet de la profileuse pour goujons d&#039;acier&quot; - SUNWAY Machine\" src=\"https:\/\/swforming.com\/the-complete-guide-to-steel-stud-roll-forming-machine\/embed\/#?secret=SXdL4ZGIcA#?secret=F9jYfnTEap\" data-secret=\"F9jYfnTEap\" width=\"600\" height=\"338\" frameborder=\"0\" marginwidth=\"0\" marginheight=\"0\" scrolling=\"no\"><\/iframe><\/p>\n<blockquote class=\"wp-embedded-content\" data-secret=\"nkiY2e80fR\"><p><a href=\"https:\/\/swforming.com\/fr\/top-5-machine-de-formation-de-goujons-et-rails-de-metal-a-vendre\/\">Top 5 des machines de formage de goujons et de rails m\u00e9talliques \u00e0 vendre<\/a><\/p><\/blockquote>\n<p><iframe class=\"wp-embedded-content\" sandbox=\"allow-scripts\" security=\"restricted\" style=\"position: absolute; clip: rect(1px, 1px, 1px, 1px);\" title=\"&quot;Top 5 des profileuses pour goujons et rails m\u00e9talliques \u00e0 vendre&quot; - SUNWAY Machine\" src=\"https:\/\/swforming.com\/top-5-metal-stud-and-track-roll-forming-machine-for-sale\/embed\/#?secret=LsXmKozIMn#?secret=nkiY2e80fR\" data-secret=\"nkiY2e80fR\" width=\"600\" height=\"338\" frameborder=\"0\" marginwidth=\"0\" marginheight=\"0\" scrolling=\"no\"><\/iframe><\/p>\n<blockquote class=\"wp-embedded-content\" data-secret=\"3JU3waKCBd\"><p><a href=\"https:\/\/swforming.com\/fr\/5-raisons-pour-quelles-vous-devriez-investir-dans-une-machine-de-formation-de-goujons-metalliques-a-vendre-aujourd-hui\/\">5 raisons pour lesquelles vous devriez investir dans une machine de formage de rouleaux de goujons m\u00e9talliques \u00e0 vendre aujourd&#039;hui<\/a><\/p><\/blockquote>\n<p><iframe class=\"wp-embedded-content\" sandbox=\"allow-scripts\" security=\"restricted\" style=\"position: absolute; clip: rect(1px, 1px, 1px, 1px);\" title=\"&quot;5 raisons pour lesquelles vous devriez investir dans une profileuse pour goujons m\u00e9talliques \u00e0 vendre aujourd&#039;hui&quot; - SUNWAY Machine\" src=\"https:\/\/swforming.com\/5-reasons-why-you-should-invest-in-a-metal-stud-roll-forming-machine-for-sale-today\/embed\/#?secret=ToQDF8IJZt#?secret=3JU3waKCBd\" data-secret=\"3JU3waKCBd\" width=\"600\" height=\"338\" frameborder=\"0\" marginwidth=\"0\" marginheight=\"0\" scrolling=\"no\"><\/iframe><\/p>\n<blockquote class=\"wp-embedded-content\" data-secret=\"xirSK7QorV\"><p><a href=\"https:\/\/swforming.com\/fr\/what-is-a-stud-and-track-roll-forming-machine-2\/\">Qu'est-ce qu'une Machine de formage de rouleaux de goujons et de chenilles\u00a0?<\/a><\/p><\/blockquote>\n<p><iframe class=\"wp-embedded-content\" sandbox=\"allow-scripts\" security=\"restricted\" style=\"position: absolute; clip: rect(1px, 1px, 1px, 1px);\" title=\"&quot;Qu&#039;est-ce qu&#039;une machine de formage de goujons et de rails ? - Machine SUNWAY\" src=\"https:\/\/swforming.com\/what-is-a-stud-and-track-roll-forming-machine-2\/embed\/#?secret=otL7Zf6mzN#?secret=xirSK7QorV\" data-secret=\"xirSK7QorV\" width=\"600\" height=\"338\" frameborder=\"0\" marginwidth=\"0\" marginheight=\"0\" scrolling=\"no\"><\/iframe><\/p>","protected":false},"excerpt":{"rendered":"<p>La profileuse pour quilles\/traverses\/C\/U\/Omega\/Stud en acier est de petite taille et facile \u00e0 transporter. La vitesse de transmission peut atteindre 60m\/min, ce qui rend le travail plus stable. Nous pouvons \u00e9galement fournir des machines personnalis\u00e9es.<\/p>","protected":false},"featured_media":714,"comment_status":"closed","ping_status":"closed","template":"","meta":{"_acf_changed":false},"product_brand":[],"product_cat":[71,52,72],"product_tag":[],"class_list":{"0":"post-713","1":"product","2":"type-product","3":"status-publish","4":"has-post-thumbnail","6":"product_cat-light-gauge-steel-roll-forming-machine","7":"product_cat-steel-structure","8":"product_cat-stud-and-track-roll-forming-machine","10":"first","11":"instock","12":"shipping-taxable","13":"product-type-simple"},"acf":[],"_links":{"self":[{"href":"https:\/\/swforming.com\/fr\/wp-json\/wp\/v2\/product\/713","targetHints":{"allow":["GET"]}}],"collection":[{"href":"https:\/\/swforming.com\/fr\/wp-json\/wp\/v2\/product"}],"about":[{"href":"https:\/\/swforming.com\/fr\/wp-json\/wp\/v2\/types\/product"}],"replies":[{"embeddable":true,"href":"https:\/\/swforming.com\/fr\/wp-json\/wp\/v2\/comments?post=713"}],"version-history":[{"count":4,"href":"https:\/\/swforming.com\/fr\/wp-json\/wp\/v2\/product\/713\/revisions"}],"predecessor-version":[{"id":3263,"href":"https:\/\/swforming.com\/fr\/wp-json\/wp\/v2\/product\/713\/revisions\/3263"}],"wp:featuredmedia":[{"embeddable":true,"href":"https:\/\/swforming.com\/fr\/wp-json\/wp\/v2\/media\/714"}],"wp:attachment":[{"href":"https:\/\/swforming.com\/fr\/wp-json\/wp\/v2\/media?parent=713"}],"wp:term":[{"taxonomy":"product_brand","embeddable":true,"href":"https:\/\/swforming.com\/fr\/wp-json\/wp\/v2\/product_brand?post=713"},{"taxonomy":"product_cat","embeddable":true,"href":"https:\/\/swforming.com\/fr\/wp-json\/wp\/v2\/product_cat?post=713"},{"taxonomy":"product_tag","embeddable":true,"href":"https:\/\/swforming.com\/fr\/wp-json\/wp\/v2\/product_tag?post=713"}],"curies":[{"name":"wp","href":"https:\/\/api.w.org\/{rel}","templated":true}]}}