{"id":703,"date":"2022-09-13T08:57:08","date_gmt":"2022-09-13T08:57:08","guid":{"rendered":"https:\/\/swforming.com\/?post_type=product&#038;p=703"},"modified":"2024-12-30T08:47:44","modified_gmt":"2024-12-30T08:47:44","slug":"wall-angle-forming-machine","status":"publish","type":"product","link":"https:\/\/swforming.com\/fr\/product\/wall-angle-forming-machine\/","title":{"rendered":"Petit pain l\u00e9ger d&#039;angle de mur de quille formant la machine de formage d&#039;angle de mur de coins de protecteur de machine"},"content":{"rendered":"<p><img fetchpriority=\"high\" decoding=\"async\" class=\"alignnone wp-image-688\" src=\"https:\/\/swforming.com\/wp-content\/uploads\/2022\/09\/H2135ee0b8e1940fbae808810127afb4dR.webp\" alt=\" Machine \u00e0 former les angles de mur\" width=\"800\" height=\"721\" title=\"\" srcset=\"https:\/\/swforming.com\/wp-content\/uploads\/2022\/09\/H2135ee0b8e1940fbae808810127afb4dR.webp 750w, https:\/\/swforming.com\/wp-content\/uploads\/2022\/09\/H2135ee0b8e1940fbae808810127afb4dR-600x541.webp 600w, https:\/\/swforming.com\/wp-content\/uploads\/2022\/09\/H2135ee0b8e1940fbae808810127afb4dR-300x270.webp 300w\" sizes=\"(max-width: 800px) 100vw, 800px\" \/><\/p>\n<p>La profileuse pour quilles\/traverses\/C\/U\/Omega\/Stud en acier est de petite taille et facile \u00e0 transporter. La vitesse de transmission peut atteindre 60m\/min, ce qui rend le travail plus stable. Nous pouvons \u00e9galement fournir des machines personnalis\u00e9es.<\/p>\n<h3>\u00a0D\u00e9tails de la machine \u00e0 former les angles de mur<\/h3>\n<p><strong>Vitesse \u00e9lev\u00e9e<\/strong><br \/>\nLa vitesse de notre profileuse \u00e0 goujons C\/U\/Omega \u00e0 grande vitesse peut atteindre 60m\/min. Normalement, la vitesse de la profileuse pour goujons C\/U\/Omega est d'environ 45m\/min.<\/p>\n<p><img decoding=\"async\" class=\"alignnone size-full wp-image-691\" src=\"https:\/\/swforming.com\/wp-content\/uploads\/2022\/09\/High-Speed.webp\" alt=\"\" width=\"366\" height=\"249\" title=\"\" srcset=\"https:\/\/swforming.com\/wp-content\/uploads\/2022\/09\/High-Speed.webp 366w, https:\/\/swforming.com\/wp-content\/uploads\/2022\/09\/High-Speed-300x204.webp 300w\" sizes=\"(max-width: 366px) 100vw, 366px\" \/><\/p>\n<div class=\"magic-19\" data-spm-anchor-id=\"a2700.details.0.i40.160a2e5bTElr6e\"><strong>Haute durabilit\u00e9<\/strong><br \/>\nLigne de profilage \u00e0 haute vitesse pour goujons C\/U\/Omega adoptant un fixateur de rouleaux en acier moul\u00e9<\/div>\n<div data-spm-anchor-id=\"a2700.details.0.i40.160a2e5bTElr6e\"><img decoding=\"async\" class=\"alignnone size-full wp-image-692\" src=\"https:\/\/swforming.com\/wp-content\/uploads\/2022\/09\/High-Durable.webp\" alt=\"\" width=\"365\" height=\"249\" title=\"\" srcset=\"https:\/\/swforming.com\/wp-content\/uploads\/2022\/09\/High-Durable.webp 365w, https:\/\/swforming.com\/wp-content\/uploads\/2022\/09\/High-Durable-300x205.webp 300w\" sizes=\"(max-width: 365px) 100vw, 365px\" \/><\/div>\n<div data-spm-anchor-id=\"a2700.details.0.i40.160a2e5bTElr6e\"><strong>Automatique \u00e9lev\u00e9<\/strong><br \/>\nLa profileuse \u00e0 haute vitesse pour goujons C\/U\/Omega adopte un syst\u00e8me PLC. Le client peut r\u00e9gler la quantit\u00e9 et la vitesse de production sur l'armoire de commande.<\/div>\n<div data-spm-anchor-id=\"a2700.details.0.i40.160a2e5bTElr6e\"><img loading=\"lazy\" decoding=\"async\" class=\"alignnone wp-image-693 size-full\" src=\"https:\/\/swforming.com\/wp-content\/uploads\/2022\/09\/High-Automatic-1.webp\" alt=\"\" width=\"365\" height=\"247\" title=\"\" srcset=\"https:\/\/swforming.com\/wp-content\/uploads\/2022\/09\/High-Automatic-1.webp 365w, https:\/\/swforming.com\/wp-content\/uploads\/2022\/09\/High-Automatic-1-300x203.webp 300w\" sizes=\"(max-width: 365px) 100vw, 365px\" \/><\/div>\n<div data-spm-anchor-id=\"a2700.details.0.i40.160a2e5bTElr6e\"><strong>Personnalisation<\/strong><br \/>\nDes ing\u00e9nieurs exp\u00e9riment\u00e9s contr\u00f4lent l'ensemble du processus pour le personnaliser.<\/div>\n<div data-spm-anchor-id=\"a2700.details.0.i40.160a2e5bTElr6e\"><img loading=\"lazy\" decoding=\"async\" class=\"alignnone wp-image-636 size-full\" src=\"https:\/\/swforming.com\/wp-content\/uploads\/2022\/09\/Customization.webp\" alt=\"\" width=\"450\" height=\"300\" title=\"\" srcset=\"https:\/\/swforming.com\/wp-content\/uploads\/2022\/09\/Customization.webp 450w, https:\/\/swforming.com\/wp-content\/uploads\/2022\/09\/Customization-300x200.webp 300w\" sizes=\"(max-width: 450px) 100vw, 450px\" \/><\/div>\n<div data-spm-anchor-id=\"a2700.details.0.i40.160a2e5bTElr6e\"><img loading=\"lazy\" decoding=\"async\" class=\"alignnone size-full wp-image-694\" src=\"https:\/\/swforming.com\/wp-content\/uploads\/2022\/09\/Hdacf50d7aa1b40c29c25be77a2f2ee1eL.webp\" alt=\"\" width=\"750\" height=\"263\" title=\"\" srcset=\"https:\/\/swforming.com\/wp-content\/uploads\/2022\/09\/Hdacf50d7aa1b40c29c25be77a2f2ee1eL.webp 750w, https:\/\/swforming.com\/wp-content\/uploads\/2022\/09\/Hdacf50d7aa1b40c29c25be77a2f2ee1eL-600x210.webp 600w, https:\/\/swforming.com\/wp-content\/uploads\/2022\/09\/Hdacf50d7aa1b40c29c25be77a2f2ee1eL-300x105.webp 300w\" sizes=\"(max-width: 750px) 100vw, 750px\" \/><\/div>\n<h3 data-spm-anchor-id=\"a2700.details.0.i40.160a2e5bTElr6e\">\u00a0Param\u00e8tres de la machine \u00e0 former les angles de mur<\/h3>\n<div style=\"overflow-x: auto;\">\n<table>\n<tbody>\n<tr>\n<td data-sheets-value=\"{&quot;1&quot;:2,&quot;2&quot;:&quot;Raw Material&quot;}\">Mati\u00e8res premi\u00e8res<\/td>\n<td data-sheets-value=\"{&quot;1&quot;:2,&quot;2&quot;:&quot;Galvanized Sheet Or PPGI, PPGL&quot;}\">T\u00f4le galvanis\u00e9e ou PPGI, PPGL<\/td>\n<\/tr>\n<tr>\n<td data-sheets-value=\"{&quot;1&quot;:2,&quot;2&quot;:&quot;Thickness Of Sheet (mm)&quot;}\">\u00c9paisseur de la feuille (mm)<\/td>\n<td data-sheets-value=\"{&quot;1&quot;:2,&quot;2&quot;:&quot;Customized&quot;}\">Sur mesure<\/td>\n<\/tr>\n<tr>\n<td data-sheets-value=\"{&quot;1&quot;:2,&quot;2&quot;:&quot;Operation&quot;}\">Fonctionnement<\/td>\n<td data-sheets-value=\"{&quot;1&quot;:2,&quot;2&quot;:&quot;Fully Automatic&quot;}\">Enti\u00e8rement automatique<\/td>\n<\/tr>\n<tr>\n<td data-sheets-value=\"{&quot;1&quot;:2,&quot;2&quot;:&quot;Transmission&quot;}\">Transmission<\/td>\n<td data-sheets-value=\"{&quot;1&quot;:2,&quot;2&quot;:&quot;By Chain\/Gear&quot;}\">Par cha\u00eene\/engin<\/td>\n<\/tr>\n<tr>\n<td data-sheets-value=\"{&quot;1&quot;:2,&quot;2&quot;:&quot;Roller Material&quot;}\">Mat\u00e9riau du rouleau<\/td>\n<td data-sheets-value=\"{&quot;1&quot;:2,&quot;2&quot;:&quot;Cr12&quot;}\">Cr12<\/td>\n<\/tr>\n<tr>\n<td data-sheets-value=\"{&quot;1&quot;:2,&quot;2&quot;:&quot;Shaft Diameter&quot;}\">Diam\u00e8tre de l'arbre<\/td>\n<td data-sheets-value=\"{&quot;1&quot;:2,&quot;2&quot;:&quot;50mm Or As Per Profile&quot;}\">50mm ou selon profil<\/td>\n<\/tr>\n<tr>\n<td data-sheets-value=\"{&quot;1&quot;:2,&quot;2&quot;:&quot;Roller Station&quot;}\">Station de roulage<\/td>\n<td data-sheets-value=\"{&quot;1&quot;:2,&quot;2&quot;:&quot;10-16 Stations&quot;}\">10-16 stations<\/td>\n<\/tr>\n<tr>\n<td data-sheets-value=\"{&quot;1&quot;:2,&quot;2&quot;:&quot;Cutter&quot;}\">Cutter<\/td>\n<td data-sheets-value=\"{&quot;1&quot;:2,&quot;2&quot;:&quot;Hydraulic Servo Cutting With High Speed&quot;}\">Servo-coupe hydraulique \u00e0 haute vitesse<\/td>\n<\/tr>\n<\/tbody>\n<\/table>\n<h3>Quel \u00e9quipement la profileuse d'angle de mur produit-elle principalement ?<\/h3>\n<p>La profileuse pour corni\u00e8res murales est principalement utilis\u00e9e pour produire des corni\u00e8res murales, qui sont des composants structurels couramment utilis\u00e9s dans l'industrie de la construction. Les corni\u00e8res murales sont des profil\u00e9s m\u00e9talliques en forme de L qui sont install\u00e9s dans les coins ou sur les bords des murs pour les soutenir et les renforcer. Elles sont g\u00e9n\u00e9ralement fabriqu\u00e9es en acier galvanis\u00e9 ou en d'autres m\u00e9taux.<\/p>\n<p>L'\u00e9quipement utilis\u00e9 dans une profileuse d'angle de mur comprend g\u00e9n\u00e9ralement :<\/p>\n<ol>\n<li>D\u00e9rouleur : Ce dispositif maintient et d\u00e9roule la bobine de m\u00e9tal qui sert de mati\u00e8re premi\u00e8re au processus de profilage.<\/li>\n<li>Syst\u00e8me d'alimentation : Il transporte la bobine de m\u00e9tal de la d\u00e9rouleuse \u00e0 la profileuse, assurant une alimentation continue du mat\u00e9riau.<\/li>\n<li>Stations de profilage : Il s'agit d'ensembles de rouleaux qui fa\u00e7onnent progressivement le m\u00e9tal pour obtenir le profil d'angle de paroi souhait\u00e9. Chaque station effectue une op\u00e9ration de pliage ou de formage sp\u00e9cifique sur le m\u00e9tal.<\/li>\n<li>Syst\u00e8me de coupe : Une fois que la longueur souhait\u00e9e de l'angle de paroi est form\u00e9e, un m\u00e9canisme de coupe est utilis\u00e9 pour d\u00e9couper le profil\u00e9 \u00e0 la taille requise. Cette op\u00e9ration peut \u00eatre effectu\u00e9e \u00e0 l'aide d'une cisaille ou d'une m\u00e9thode de coupe \u00e0 la vol\u00e9e.<\/li>\n<li>Syst\u00e8me de contr\u00f4le : Il s'agit d'un panneau de commande informatis\u00e9 qui g\u00e8re les op\u00e9rations de la machine, telles que le contr\u00f4le de la vitesse, la mesure de la longueur et d'autres param\u00e8tres.<\/li>\n<li>Syst\u00e8me d'empilage ou d'emballage : Apr\u00e8s avoir \u00e9t\u00e9 coup\u00e9es \u00e0 la longueur voulue, les corni\u00e8res peuvent \u00eatre rassembl\u00e9es, empil\u00e9es ou emball\u00e9es pour faciliter le transport et le stockage.<\/li>\n<\/ol>\n<p>Ces composants travaillent ensemble pour fa\u00e7onner le mat\u00e9riau brut en profil\u00e9s d'angle de mur finis de taille et de forme constantes. La configuration et les sp\u00e9cifications exactes d'une profileuse pour profil\u00e9s d'angle muraux peuvent varier en fonction du fabricant et des exigences sp\u00e9cifiques du processus de production.<\/p>\n<h3>Quelle est la fonction de la profileuse pour quilles l\u00e9g\u00e8res ?<\/h3>\n<p>La profileuse pour quilles l\u00e9g\u00e8res est con\u00e7ue pour produire des quilles ou des montants en acier l\u00e9ger, qui sont couramment utilis\u00e9s dans la construction \u00e0 diverses fins, telles que l'encadrement de murs int\u00e9rieurs, de plafonds, de cloisons et de plafonds suspendus. La machine utilise un processus de profilage pour transformer les mati\u00e8res premi\u00e8res, g\u00e9n\u00e9ralement des bobines d'acier galvanis\u00e9, en profil\u00e9s de quilles l\u00e9g\u00e8res de forme et de taille pr\u00e9cises.<\/p>\n<p>La fonction principale d'une profileuse pour quilles l\u00e9g\u00e8res est d'effectuer les t\u00e2ches suivantes :<\/p>\n<ol>\n<li>D\u00e9roulement : La machine commence par d\u00e9rouler la bobine de m\u00e9tal, ce que l'on appelle le processus de d\u00e9roulage. La bobine sert de mati\u00e8re premi\u00e8re pour la profileuse.<\/li>\n<li>Alimentation et nivellement : La bande m\u00e9tallique d\u00e9roul\u00e9e est ensuite introduite dans la profileuse, o\u00f9 elle passe par un syst\u00e8me de planage. Ce syst\u00e8me redresse et pr\u00e9pare la bande pour le processus de profilage suivant.<\/li>\n<li>Formage par roulage : Le c\u0153ur de la machine est la station de profilage, qui consiste en une s\u00e9rie de rouleaux. Ces rouleaux fa\u00e7onnent progressivement la bande de m\u00e9tal pour obtenir le profil de quille l\u00e9g\u00e8re souhait\u00e9. La bande est guid\u00e9e \u00e0 travers les rouleaux, qui la plient et lui donnent la forme et la taille sp\u00e9cifiques de la quille l\u00e9g\u00e8re. Le nombre de stations de profilage peut varier en fonction de la complexit\u00e9 du profil de la quille.<\/li>\n<li>D\u00e9coupe : Une fois que le profil de quille l\u00e9g\u00e8re a \u00e9t\u00e9 form\u00e9 \u00e0 la longueur souhait\u00e9e, un m\u00e9canisme de coupe est utilis\u00e9 pour s\u00e9parer le profil de la bande restante. Cette op\u00e9ration peut \u00eatre effectu\u00e9e \u00e0 l'aide d'une cisaille ou d'une m\u00e9thode de d\u00e9coupe \u00e0 la vol\u00e9e.<\/li>\n<li>Poin\u00e7onnage (en option) : Certaines profileuses de quilles l\u00e9g\u00e8res peuvent \u00e9galement \u00eatre \u00e9quip\u00e9es d'une unit\u00e9 de perforation. Cette unit\u00e9 permet de cr\u00e9er des trous ou des fentes \u00e0 des endroits pr\u00e9cis sur la longueur de la quille, ce qui est n\u00e9cessaire pour relier et fixer les quilles pendant la construction.<\/li>\n<li>Syst\u00e8me de commande : La machine est g\u00e9n\u00e9ralement \u00e9quip\u00e9e d'un panneau de commande qui permet aux op\u00e9rateurs de r\u00e9gler divers param\u00e8tres tels que la vitesse, la mesure de la longueur et d'autres r\u00e9glages afin de garantir une production pr\u00e9cise.<\/li>\n<li>Empilage ou emballage : Une fois que les quilles l\u00e9g\u00e8res sont coup\u00e9es \u00e0 la longueur souhait\u00e9e, elles peuvent \u00eatre rassembl\u00e9es, empil\u00e9es ou emball\u00e9es pour faciliter leur manipulation, leur transport et leur stockage.<\/li>\n<\/ol>\n<p>La profileuse pour quilles l\u00e9g\u00e8res constitue une solution rentable et efficace pour la fabrication de quilles l\u00e9g\u00e8res en acier de qualit\u00e9 constante et de dimensions pr\u00e9cises, r\u00e9pondant ainsi aux besoins de l'industrie de la construction en mati\u00e8re d'\u00e9l\u00e9ments de charpente l\u00e9gers, durables et faciles \u00e0 installer.<\/p>\n<h3>Fournisseur de profileuses pour quilles l\u00e9g\u00e8res en Chine<\/h3>\n<ol>\n<li>WUXI SUNWAY MACHINERY CO., LTD est un fabricant et exportateur professionnel qui s&#039;occupe de la conception, du d\u00e9veloppement et de la production de machines de profilage \u00e0 froid. Tous les produits sont conformes aux normes de qualit\u00e9 internationales et sont grandement appr\u00e9ci\u00e9s sur une vari\u00e9t\u00e9 de march\u00e9s diff\u00e9rents \u00e0 travers le monde, tels que l&#039;Asie, l&#039;Afrique, l&#039;Europe, l&#039;Am\u00e9rique du Sud, l&#039;Australie, etc. Il a acquis un r\u00e9seau de vente mondial.<\/li>\n<li>Hangzhou Roll Forming Machinery Co, Ltd (HAIXING) : HAIXING est un fabricant de profileuses de premier plan en Chine. (HAIXING) : HAIXING est un fabricant de profileuses de premier plan en Chine, qui propose une large gamme de profileuses, notamment des profileuses pour quilles l\u00e9g\u00e8res. Il est r\u00e9put\u00e9 pour ses \u00e9quipements de haute qualit\u00e9 et son service client\u00e8le fiable.<\/li>\n<li>Liming Stamping Forming Machine Co, Ltd : Liming est un fournisseur r\u00e9put\u00e9 de profileuses, notamment de profileuses pour quilles l\u00e9g\u00e8res. L'entreprise est pr\u00e9sente dans le secteur depuis de nombreuses ann\u00e9es et a \u00e9tabli une forte pr\u00e9sence sur les march\u00e9s nationaux et internationaux.<\/li>\n<li>Botou Kexinda Roll Forming Machine Co., Ltd : Kexinda est un fabricant r\u00e9put\u00e9 de profileuses, sp\u00e9cialis\u00e9 dans la production de profileuses pour quilles l\u00e9g\u00e8res. Il dispose d'une large gamme de mod\u00e8les et propose des solutions personnalis\u00e9es pour r\u00e9pondre aux besoins sp\u00e9cifiques des clients.<\/li>\n<li>Tianjin Haixing Imp &amp; Exp Co, Ltd : Tianjin Haixing est un important fournisseur de profileuses, notamment de profileuses pour quilles l\u00e9g\u00e8res. L'entreprise met l'accent sur l'innovation technologique et fournit des \u00e9quipements fiables \u00e0 ses clients en Chine et \u00e0 l'\u00e9tranger.<\/li>\n<\/ol>\n<blockquote class=\"wp-embedded-content\" data-secret=\"N4b8dcEQC9\"><p><a href=\"https:\/\/swforming.com\/fr\/5-raisons-pour-quoi-acheter-une-machine-de-formation-de-rouleaux-d-angle\/\">5 raisons pour lesquelles vous devriez acheter une machine de formage de rouleaux d&#039;angle<\/a><\/p><\/blockquote>\n<p><iframe class=\"wp-embedded-content\" sandbox=\"allow-scripts\" security=\"restricted\" style=\"position: absolute; clip: rect(1px, 1px, 1px, 1px);\" title=\"&quot;5 raisons pour lesquelles vous devriez acheter une profileuse d&#039;angle - SUNWAY Machine\" src=\"https:\/\/swforming.com\/5-reasons-why-you-should-buy-an-angle-roll-forming-machine\/embed\/#?secret=Egm9azxDqt#?secret=N4b8dcEQC9\" data-secret=\"N4b8dcEQC9\" width=\"600\" height=\"338\" frameborder=\"0\" marginwidth=\"0\" marginheight=\"0\" scrolling=\"no\"><\/iframe><\/p>\n<\/div>","protected":false},"excerpt":{"rendered":"<p>La profileuse pour quilles\/traverses\/C\/U\/Omega\/Stud en acier est de petite taille et facile \u00e0 transporter. La vitesse de transmission peut atteindre 60m\/min, ce qui rend le travail plus stable. Nous pouvons \u00e9galement fournir des machines personnalis\u00e9es.<\/p>","protected":false},"featured_media":706,"comment_status":"open","ping_status":"closed","template":"","meta":{"_acf_changed":false},"product_brand":[],"product_cat":[29,26],"product_tag":[],"class_list":{"0":"post-703","1":"product","2":"type-product","3":"status-publish","4":"has-post-thumbnail","6":"product_cat-keel-roll-forming-machine-roll-forming-machine","7":"product_cat-roll-forming-machine","9":"first","10":"instock","11":"shipping-taxable","12":"product-type-simple"},"acf":[],"_links":{"self":[{"href":"https:\/\/swforming.com\/fr\/wp-json\/wp\/v2\/product\/703","targetHints":{"allow":["GET"]}}],"collection":[{"href":"https:\/\/swforming.com\/fr\/wp-json\/wp\/v2\/product"}],"about":[{"href":"https:\/\/swforming.com\/fr\/wp-json\/wp\/v2\/types\/product"}],"replies":[{"embeddable":true,"href":"https:\/\/swforming.com\/fr\/wp-json\/wp\/v2\/comments?post=703"}],"version-history":[{"count":4,"href":"https:\/\/swforming.com\/fr\/wp-json\/wp\/v2\/product\/703\/revisions"}],"predecessor-version":[{"id":3270,"href":"https:\/\/swforming.com\/fr\/wp-json\/wp\/v2\/product\/703\/revisions\/3270"}],"wp:featuredmedia":[{"embeddable":true,"href":"https:\/\/swforming.com\/fr\/wp-json\/wp\/v2\/media\/706"}],"wp:attachment":[{"href":"https:\/\/swforming.com\/fr\/wp-json\/wp\/v2\/media?parent=703"}],"wp:term":[{"taxonomy":"product_brand","embeddable":true,"href":"https:\/\/swforming.com\/fr\/wp-json\/wp\/v2\/product_brand?post=703"},{"taxonomy":"product_cat","embeddable":true,"href":"https:\/\/swforming.com\/fr\/wp-json\/wp\/v2\/product_cat?post=703"},{"taxonomy":"product_tag","embeddable":true,"href":"https:\/\/swforming.com\/fr\/wp-json\/wp\/v2\/product_tag?post=703"}],"curies":[{"name":"wp","href":"https:\/\/api.w.org\/{rel}","templated":true}]}}