{"id":659,"date":"2022-09-13T08:08:03","date_gmt":"2022-09-13T08:08:03","guid":{"rendered":"https:\/\/swforming.com\/?post_type=product&#038;p=659"},"modified":"2023-06-13T07:24:42","modified_gmt":"2023-06-13T07:24:42","slug":"full-auto-galvanized-steel-profile-c-z-purlin-channel-cold-roll-forming-machine","status":"publish","type":"product","link":"https:\/\/swforming.com\/fr\/product\/full-auto-galvanized-steel-profile-c-z-purlin-channel-cold-roll-forming-machine\/","title":{"rendered":"Laminage \u00e0 froid de canal de panne de CZ formant le profil en acier galvanis\u00e9 par pleine automatique de machine"},"content":{"rendered":"<p><img fetchpriority=\"high\" decoding=\"async\" class=\"alignnone wp-image-666\" src=\"https:\/\/swforming.com\/wp-content\/uploads\/2022\/09\/H2968b66cc62e46638cb640399456df37A.webp\" alt=\"Profileuse \u00e0 froid pour profil\u00e9s C Z\" width=\"800\" height=\"731\" title=\"\" srcset=\"https:\/\/swforming.com\/wp-content\/uploads\/2022\/09\/H2968b66cc62e46638cb640399456df37A.webp 750w, https:\/\/swforming.com\/wp-content\/uploads\/2022\/09\/H2968b66cc62e46638cb640399456df37A-600x548.webp 600w, https:\/\/swforming.com\/wp-content\/uploads\/2022\/09\/H2968b66cc62e46638cb640399456df37A-300x274.webp 300w\" sizes=\"(max-width: 800px) 100vw, 800px\" \/><\/p>\n<p>Cette machine de formage \u00e0 rouleaux interchangeables rapide de pannes C et Z enti\u00e8rement automatique adopte une structure sp\u00e9ciale pour la fabrication de pannes C et Z. Les rouleaux pour les pannes C et Z sont remplac\u00e9s tr\u00e8s rapidement sans d\u00e9monter les pi\u00e8ces. Les rouleaux pour C et Z sont remplac\u00e9s tr\u00e8s rapidement sans d\u00e9montage de pi\u00e8ces. Le dispositif de coupe adopte un dispositif de coupe hydraulique universel, il n'est pas n\u00e9cessaire de changer la lame de coupe lors de la production de diff\u00e9rents profils de diff\u00e9rentes tailles, ce qui permet d'\u00e9conomiser les co\u00fbts de main-d'\u0153uvre et d'am\u00e9liorer l'efficacit\u00e9 de la production.<\/p>\n<h3>D\u00e9tails de la machine de formage \u00e0 froid de profil\u00e9s C Z<\/h3>\n<p><strong>Socle<\/strong><br \/>\nLes cages \u00e0 rouleaux adoptent une station unique en fonte qui est la plus lourde et la plus r\u00e9sistante.<\/p>\n<p><img decoding=\"async\" class=\"alignnone size-full wp-image-667\" src=\"https:\/\/swforming.com\/wp-content\/uploads\/2022\/09\/stand-base-1.webp\" alt=\"\" width=\"450\" height=\"300\" title=\"\" srcset=\"https:\/\/swforming.com\/wp-content\/uploads\/2022\/09\/stand-base-1.webp 450w, https:\/\/swforming.com\/wp-content\/uploads\/2022\/09\/stand-base-1-300x200.webp 300w\" sizes=\"(max-width: 450px) 100vw, 450px\" \/><\/p>\n<p><strong>Interchangeable<\/strong><br \/>\nProduire diff\u00e9rentes tailles de pannes sans changer de rouleaux ou d'entretoises.<br \/>\nIl suffit de faire pivoter les rouleaux de 180 degr\u00e9s pour \u00e9conomiser du temps et de l'argent.<\/p>\n<p><img decoding=\"async\" class=\"alignnone size-full wp-image-668\" src=\"https:\/\/swforming.com\/wp-content\/uploads\/2022\/09\/Interchangeable.webp\" alt=\"\" width=\"450\" height=\"300\" title=\"\" srcset=\"https:\/\/swforming.com\/wp-content\/uploads\/2022\/09\/Interchangeable.webp 450w, https:\/\/swforming.com\/wp-content\/uploads\/2022\/09\/Interchangeable-300x200.webp 300w\" sizes=\"(max-width: 450px) 100vw, 450px\" \/><\/p>\n<p><strong>Coupe universelle<\/strong><br \/>\nCoupe-poteau universel. Il n'est pas n\u00e9cessaire de changer les lames de coupe pour diff\u00e9rentes tailles.<\/p>\n<p><img loading=\"lazy\" decoding=\"async\" class=\"alignnone size-full wp-image-669\" src=\"https:\/\/swforming.com\/wp-content\/uploads\/2022\/09\/Universal-Cut.webp\" alt=\"\" width=\"450\" height=\"300\" title=\"\" srcset=\"https:\/\/swforming.com\/wp-content\/uploads\/2022\/09\/Universal-Cut.webp 450w, https:\/\/swforming.com\/wp-content\/uploads\/2022\/09\/Universal-Cut-300x200.webp 300w\" sizes=\"(max-width: 450px) 100vw, 450px\" \/><\/p>\n<p><strong>Personnalisation<\/strong><br \/>\nDes ing\u00e9nieurs exp\u00e9riment\u00e9s contr\u00f4lent l'ensemble du processus pour le personnaliser.<\/p>\n<p><img loading=\"lazy\" decoding=\"async\" class=\"alignnone size-full wp-image-636\" src=\"https:\/\/swforming.com\/wp-content\/uploads\/2022\/09\/Customization.webp\" alt=\"\" width=\"450\" height=\"300\" title=\"\" srcset=\"https:\/\/swforming.com\/wp-content\/uploads\/2022\/09\/Customization.webp 450w, https:\/\/swforming.com\/wp-content\/uploads\/2022\/09\/Customization-300x200.webp 300w\" sizes=\"(max-width: 450px) 100vw, 450px\" \/><\/p>\n<p><img loading=\"lazy\" decoding=\"async\" class=\"alignnone size-full wp-image-670\" src=\"https:\/\/swforming.com\/wp-content\/uploads\/2022\/09\/H326e70e798394cd89e95b480233aef34j.webp\" alt=\"\" width=\"750\" height=\"445\" title=\"\" srcset=\"https:\/\/swforming.com\/wp-content\/uploads\/2022\/09\/H326e70e798394cd89e95b480233aef34j.webp 750w, https:\/\/swforming.com\/wp-content\/uploads\/2022\/09\/H326e70e798394cd89e95b480233aef34j-600x356.webp 600w, https:\/\/swforming.com\/wp-content\/uploads\/2022\/09\/H326e70e798394cd89e95b480233aef34j-300x178.webp 300w\" sizes=\"(max-width: 750px) 100vw, 750px\" \/> <img loading=\"lazy\" decoding=\"async\" class=\"alignnone size-full wp-image-671\" src=\"https:\/\/swforming.com\/wp-content\/uploads\/2022\/09\/H7fb8fba7fe3e49c182d4c0fb88573a3dt.webp\" alt=\"\" width=\"750\" height=\"422\" title=\"\" srcset=\"https:\/\/swforming.com\/wp-content\/uploads\/2022\/09\/H7fb8fba7fe3e49c182d4c0fb88573a3dt.webp 750w, https:\/\/swforming.com\/wp-content\/uploads\/2022\/09\/H7fb8fba7fe3e49c182d4c0fb88573a3dt-600x338.webp 600w, https:\/\/swforming.com\/wp-content\/uploads\/2022\/09\/H7fb8fba7fe3e49c182d4c0fb88573a3dt-300x169.webp 300w\" sizes=\"(max-width: 750px) 100vw, 750px\" \/><\/p>\n<h3>Param\u00e8tres de la profileuse \u00e0 froid pour profil\u00e9s C Z<\/h3>\n<div>\n<table>\n<tbody>\n<tr>\n<td data-sheets-value=\"{&quot;1&quot;:2,&quot;2&quot;:&quot;Product&quot;}\">Produit<\/td>\n<td data-sheets-value=\"{&quot;1&quot;:2,&quot;2&quot;:&quot;C&amp;Z purlin Quick Interchangeable Roll Forming Machine&quot;}\">\n<div>\n<div>Ligne de profilage rapide interchangeable pour pannes C&amp;Z<\/div>\n<\/div>\n<\/td>\n<\/tr>\n<tr>\n<td data-sheets-value=\"{&quot;1&quot;:2,&quot;2&quot;:&quot;Model&quot;}\">Mod\u00e8le<\/td>\n<td data-sheets-value=\"{&quot;1&quot;:2,&quot;2&quot;:&quot;C Channel Profile \/ Z Shape Profile (Customizable )&quot;}\">\n<div>\n<div>Profil en C \/ Profil en Z (personnalisable)<\/div>\n<\/div>\n<\/td>\n<\/tr>\n<tr>\n<td data-sheets-value=\"{&quot;1&quot;:2,&quot;2&quot;:&quot;Base Material&quot;}\">Mat\u00e9riau de base<\/td>\n<td data-sheets-value=\"{&quot;1&quot;:2,&quot;2&quot;:&quot;Galvanized Steel Hot And Cold Rolled Steel&quot;}\">\n<div>\n<div>Acier galvanis\u00e9 lamin\u00e9 \u00e0 chaud et \u00e0 froid<\/div>\n<\/div>\n<\/td>\n<\/tr>\n<tr>\n<td data-sheets-value=\"{&quot;1&quot;:2,&quot;2&quot;:&quot;Thickness&quot;}\">\u00c9paisseur<\/td>\n<td data-sheets-value=\"{&quot;1&quot;:2,&quot;2&quot;:&quot;1.5-3.0mm (Customizable)&quot;}\">\n<div>\n<div>1,5-3,0 mm (personnalisable)<\/div>\n<\/div>\n<\/td>\n<\/tr>\n<tr>\n<td data-sheets-value=\"{&quot;1&quot;:2,&quot;2&quot;:&quot;Effective Width&quot;}\">Largeur effective<\/td>\n<td data-sheets-value=\"{&quot;1&quot;:2,&quot;2&quot;:&quot;According To Profile Size&quot;}\">\n<div>\n<div>Selon la taille du profil<\/div>\n<\/div>\n<\/td>\n<\/tr>\n<tr>\n<td data-sheets-value=\"{&quot;1&quot;:2,&quot;2&quot;:&quot;Roller Station&quot;}\">Station de roulage<\/td>\n<td data-sheets-value=\"{&quot;1&quot;:2,&quot;2&quot;:&quot;About 16 Stations&quot;}\">\n<div>\n<div>Environ 16 stations<\/div>\n<\/div>\n<\/td>\n<\/tr>\n<tr>\n<td data-sheets-value=\"{&quot;1&quot;:2,&quot;2&quot;:&quot;Roller Material&quot;}\">Mat\u00e9riau du rouleau<\/td>\n<td data-sheets-value=\"{&quot;1&quot;:2,&quot;2&quot;:&quot;Bearing Steel \/ Cr12Mov&quot;}\">\n<div>\n<div>Acier \u00e0 roulements \/ Cr12Mov<\/div>\n<\/div>\n<\/td>\n<\/tr>\n<tr>\n<td data-sheets-value=\"{&quot;1&quot;:2,&quot;2&quot;:&quot;Roller Driven Type&quot;}\">Type d'entra\u00eenement par rouleaux<\/td>\n<td data-sheets-value=\"{&quot;1&quot;:2,&quot;2&quot;:&quot;By Chain\/ Gearbox&quot;}\">\n<div>\n<div>Par cha\u00eene\/bo\u00eete de vitesses<\/div>\n<\/div>\n<\/td>\n<\/tr>\n<tr>\n<td data-sheets-value=\"{&quot;1&quot;:2,&quot;2&quot;:&quot;Color&quot;}\">Couleur<\/td>\n<td data-sheets-value=\"{&quot;1&quot;:2,&quot;2&quot;:&quot;According To Customer Requirements \/ Customizable&quot;}\">\n<div>\n<div>Selon les besoins du client \/ personnalisable<\/div>\n<\/div>\n<\/td>\n<\/tr>\n<tr>\n<td data-sheets-value=\"{&quot;1&quot;:2,&quot;2&quot;:&quot;Brand&quot;}\">Marque<\/td>\n<td data-sheets-value=\"{&quot;1&quot;:2,&quot;2&quot;:&quot;SUNWAY&quot;}\">SOLEIL<\/td>\n<\/tr>\n<tr>\n<td data-sheets-value=\"{&quot;1&quot;:2,&quot;2&quot;:&quot;Control System&quot;}\">Syst\u00e8me de contr\u00f4le<\/td>\n<td data-sheets-value=\"{&quot;1&quot;:2,&quot;2&quot;:&quot;Worldwide Famous Brand PLC (Panasonic, Siemens, Delta, etc)&quot;}\">\n<div>\n<div>Automates de marques connues dans le monde entier (Panasonic, Siemens, Delta, etc.)<\/div>\n<\/div>\n<\/td>\n<\/tr>\n<tr>\n<td data-sheets-value=\"{&quot;1&quot;:2,&quot;2&quot;:&quot;Power&quot;}\">Puissance<\/td>\n<td data-sheets-value=\"{&quot;1&quot;:2,&quot;2&quot;:&quot;15KW-18KW&quot;}\">15KW-18KW<\/td>\n<\/tr>\n<tr>\n<td data-sheets-value=\"{&quot;1&quot;:2,&quot;2&quot;:&quot;Frame&quot;}\">Cadre<\/td>\n<td data-sheets-value=\"{&quot;1&quot;:2,&quot;2&quot;:&quot;350 H Steel \/ 400 H Steel&quot;}\">\n<div>\n<div>Acier 350 H \/ Acier 400 H<\/div>\n<\/div>\n<\/td>\n<\/tr>\n<tr>\n<td data-sheets-value=\"{&quot;1&quot;:2,&quot;2&quot;:&quot;Cutting Drive&quot;}\">Entra\u00eenement de coupe<\/td>\n<td data-sheets-value=\"{&quot;1&quot;:2,&quot;2&quot;:&quot;Hydraulic Drive&quot;}\">Entra\u00eenement hydraulique<\/td>\n<\/tr>\n<tr>\n<td data-sheets-value=\"{&quot;1&quot;:2,&quot;2&quot;:&quot;Cutting&amp;Hydraulic Type&quot;}\">Type de coupe et hydraulique<\/td>\n<td data-sheets-value=\"{&quot;1&quot;:2,&quot;2&quot;:&quot;Type:Post Universal Cutter\\nHydraulic Pump Station :11kw Blade: Cr12mov HRC: 58-62&quot;}\">\n<div>\n<div>Type:Coupeur universel de poteaux<br \/>\nStation de pompage hydraulique :11kw Lame : Cr12mov HRC : 58-62<\/div>\n<\/div>\n<\/td>\n<\/tr>\n<\/tbody>\n<\/table>\n<h3>Qu'est-ce qu'une profileuse \u00e0 froid ?<\/h3>\n<p>Une profileuse \u00e0 froid est un type d'\u00e9quipement de fabrication utilis\u00e9 pour fa\u00e7onner des feuilles ou des bandes de m\u00e9tal selon les profils ou les formes souhait\u00e9s. On parle de profilage \"\u00e0 froid\" car le processus se d\u00e9roule \u00e0 temp\u00e9rature ambiante, sans utilisation de chaleur.<\/p>\n<p>La machine se compose d'une s\u00e9rie de rouleaux dispos\u00e9s selon une s\u00e9quence sp\u00e9cifique, \u00e0 travers lesquels le mat\u00e9riau m\u00e9tallique est aliment\u00e9. Au fur et \u00e0 mesure que le mat\u00e9riau passe \u00e0 travers les rouleaux, il prend progressivement la forme du profil con\u00e7u pour le produit final. Les rouleaux sont g\u00e9n\u00e9ralement r\u00e9glables, ce qui permet un contr\u00f4le pr\u00e9cis des dimensions et de la forme du produit form\u00e9.<\/p>\n<p>Les profileuses \u00e0 froid sont couramment utilis\u00e9es dans diverses industries, telles que la construction, l'automobile et l'industrie manufacturi\u00e8re. Elles sont souvent employ\u00e9es pour produire des composants de section transversale constante, tels que des canaux, des angles, des tubes et d'autres formes complexes. Ce proc\u00e9d\u00e9 est r\u00e9put\u00e9 pour sa grande efficacit\u00e9, sa pr\u00e9cision et sa capacit\u00e9 \u00e0 produire de grandes longueurs de profil\u00e9s continus.<\/p>\n<p>Compar\u00e9 \u00e0 d'autres proc\u00e9d\u00e9s de formage des m\u00e9taux, le profilage \u00e0 froid offre plusieurs avantages. Il \u00e9limine la n\u00e9cessit\u00e9 d'op\u00e9rations suppl\u00e9mentaires d'usinage ou de soudage, r\u00e9duit le gaspillage de mat\u00e9riaux et permet un meilleur contr\u00f4le des dimensions. En outre, il peut \u00eatre utilis\u00e9 avec une large gamme de m\u00e9taux, notamment l'acier, l'aluminium, le cuivre et l'acier inoxydable, ce qui en fait une solution polyvalente pour diff\u00e9rentes applications.<\/p>\n<h3>Qu'en est-il du prix des profileuses \u00e0 froid ?<\/h3>\n<p>Le prix d'une profileuse \u00e0 froid peut varier consid\u00e9rablement en fonction de plusieurs facteurs, notamment les sp\u00e9cifications de la machine, sa complexit\u00e9, sa taille et le fabricant ou le fournisseur. En outre, les prix peuvent \u00e9galement varier en fonction de la situation g\u00e9ographique et des conditions du march\u00e9.<\/p>\n<p>En g\u00e9n\u00e9ral, le prix des profileuses \u00e0 froid varie de quelques milliers de dollars pour les machines les plus simples, d'entr\u00e9e de gamme, \u00e0 des centaines de milliers de dollars pour les machines plus perfectionn\u00e9es, de grande capacit\u00e9 et dot\u00e9es de caract\u00e9ristiques complexes.<\/p>\n<p>Il est important de noter que le prix de la machine n'est pas le seul \u00e9l\u00e9ment \u00e0 prendre en compte lors de l'achat d'une profileuse \u00e0 froid. D'autres facteurs doivent \u00eatre pris en compte, notamment la qualit\u00e9 de la machine, sa fiabilit\u00e9, le service apr\u00e8s-vente et la r\u00e9putation du fabricant.<\/p>\n<p>Pour obtenir un prix pr\u00e9cis et actualis\u00e9 pour une profileuse \u00e0 froid sp\u00e9cifique, il est recommand\u00e9 de contacter directement les fabricants, les fournisseurs ou les distributeurs. Ils peuvent vous fournir des informations d\u00e9taill\u00e9es sur les sp\u00e9cifications de la machine et vous proposer un devis personnalis\u00e9 en fonction de vos besoins sp\u00e9cifiques.<\/p>\n<h3>5 premiers fabricants de profileuses \u00e0 froid<\/h3>\n<ol>\n<li>WUXI SUNWAY MACHINERY CO., LTD est un fabricant et exportateur professionnel qui s&#039;occupe de la conception, du d\u00e9veloppement et de la production de machines de profilage \u00e0 froid. Tous les produits sont conformes aux normes de qualit\u00e9 internationales et sont grandement appr\u00e9ci\u00e9s sur une vari\u00e9t\u00e9 de march\u00e9s diff\u00e9rents \u00e0 travers le monde, tels que l&#039;Asie, l&#039;Afrique, l&#039;Europe, l&#039;Am\u00e9rique du Sud, l&#039;Australie, etc. Il a acquis un r\u00e9seau de vente mondial.<\/li>\n<li>Bradbury Group : Bradbury Group est l'un des principaux fabricants d'\u00e9quipements de profilage, avec une large gamme de machines de profilage \u00e0 froid pour diverses industries. Il est connu pour ses conceptions innovantes, sa technologie de pointe et la fiabilit\u00e9 de ses \u00e9quipements.<\/li>\n<li>Formtek, Inc : Formtek est un groupe d'entreprises sp\u00e9cialis\u00e9es dans les \u00e9quipements de formage et de fabrication des m\u00e9taux, y compris les machines de formage par laminage \u00e0 froid. Elles offrent une gamme compl\u00e8te de solutions de profilage et jouissent d'une solide r\u00e9putation pour leur expertise en mati\u00e8re d'ing\u00e9nierie et leur assistance \u00e0 la client\u00e8le.<\/li>\n<li>Samco Machinery Ltd : Samco Machinery est un leader mondial dans le domaine de la technologie du formage par laminage, fournissant des machines de formage par laminage \u00e0 froid de haute qualit\u00e9 pour diverses applications. Elle dispose d'un large portefeuille de produits et est connue pour son engagement en faveur de l'innovation, de la pr\u00e9cision et de la fiabilit\u00e9.<\/li>\n<li>Yoder Manufacturing : Yoder Manufacturing est un important fabricant de profileuses depuis plus de 100 ans. Elle propose une gamme d'\u00e9quipements de formage \u00e0 froid pour diverses industries et est reconnue pour ses machines durables et son excellent service \u00e0 la client\u00e8le.<\/li>\n<\/ol>\n<h3>avantages de la machine de formage \u00e0 froid de Chine<\/h3>\n<p>La Chine est devenue l'un des principaux fabricants et exportateurs de profileuses \u00e0 froid, et le choix de ces machines pr\u00e9sente plusieurs avantages :<\/p>\n<ol>\n<li>Rentabilit\u00e9 : Les profileuses \u00e0 froid chinoises sont r\u00e9put\u00e9es pour leurs prix comp\u00e9titifs. Les capacit\u00e9s de production de la Chine, les \u00e9conomies d'\u00e9chelle et la main-d'\u0153uvre rentable contribuent \u00e0 r\u00e9duire les co\u00fbts de production, ce qui rend les machines chinoises plus abordables que celles d'autres pays.<\/li>\n<li>Un large \u00e9ventail d'options : La Chine propose une large gamme de profileuses \u00e0 froid pour r\u00e9pondre aux besoins de diverses industries et applications. Que vous ayez besoin d'une machine pour la toiture, la construction, l'automobile ou tout autre secteur, vous pouvez trouver une option appropri\u00e9e aupr\u00e8s des fabricants chinois qui fournissent souvent une gamme vari\u00e9e de mod\u00e8les.<\/li>\n<li>Normes de qualit\u00e9 : Au fil des ans, la Chine a r\u00e9alis\u00e9 d'importantes am\u00e9liorations en termes de contr\u00f4le de la qualit\u00e9 et de normes de fabrication. De nombreux fabricants chinois de profileuses \u00e0 froid adh\u00e8rent \u00e0 des syst\u00e8mes de gestion de la qualit\u00e9 reconnus au niveau international, ce qui garantit que leurs machines respectent ou d\u00e9passent les normes industrielles.<\/li>\n<li>Personnalisation et flexibilit\u00e9 : Les fabricants chinois proposent souvent des options de personnalisation pour adapter les profileuses \u00e0 froid aux besoins sp\u00e9cifiques des clients. Qu'il s'agisse d'ajuster les dimensions de la machine, d'ajouter des fonctions suppl\u00e9mentaires ou d'incorporer un logiciel sp\u00e9cifique, les fabricants chinois sont souvent dispos\u00e9s \u00e0 r\u00e9pondre aux demandes de personnalisation.<\/li>\n<li>Livraison dans les d\u00e9lais : Gr\u00e2ce \u00e0 des r\u00e9seaux logistiques efficaces et \u00e0 des processus d'exportation rationalis\u00e9s, les fabricants chinois sont g\u00e9n\u00e9ralement en mesure de livrer les profileuses \u00e0 froid dans des d\u00e9lais raisonnables. Ce point est crucial pour les entreprises qui ont des calendriers de production serr\u00e9s et qui ont besoin de machines livr\u00e9es rapidement.<\/li>\n<li>Service apr\u00e8s-vente : Les fabricants chinois ont reconnu l'importance du service apr\u00e8s-vente et se sont efforc\u00e9s d'am\u00e9liorer leur service \u00e0 la client\u00e8le. De nombreuses entreprises proposent une assistance technique, une formation et un service de pi\u00e8ces d\u00e9tach\u00e9es pour assurer le bon fonctionnement et l'entretien de leurs machines.<\/li>\n<li>Groupement industriel \u00e9tabli : La Chine a d\u00e9velopp\u00e9 plusieurs p\u00f4les industriels d\u00e9di\u00e9s \u00e0 la fabrication de machines, y compris de profileuses \u00e0 froid. Ces p\u00f4les rassemblent des fournisseurs, des fabricants et des instituts de recherche, ce qui favorise l'innovation, la collaboration et l'\u00e9change d'expertise. L'appartenance \u00e0 ces groupements permet aux fabricants chinois de se tenir au courant des derni\u00e8res avanc\u00e9es technologiques.<\/li>\n<\/ol>\n<p>Bien que les profileuses \u00e0 froid chinoises pr\u00e9sentent ces avantages, il est essentiel de mener des recherches approfondies, d'\u00e9valuer les diff\u00e9rents fabricants et de prendre en compte les avis et les certifications des clients pour s'assurer de choisir un fournisseur fiable et r\u00e9put\u00e9.<\/p>\n<\/div>\n<blockquote class=\"wp-embedded-content\" data-secret=\"gZ9wovHQvT\"><p><a href=\"https:\/\/swforming.com\/fr\/the-5-best-purlin-roll-forming-machine-brands-on-the-market\/\">Les 5 meilleures marques de machines de formage de rouleaux de pannes sur le march\u00e9<\/a><\/p><\/blockquote>\n<p><iframe class=\"wp-embedded-content\" sandbox=\"allow-scripts\" security=\"restricted\" style=\"position: absolute; clip: rect(1px, 1px, 1px, 1px);\" title=\"&quot;Les 5 meilleures marques de profileuses de pannes sur le march\u00e9 - SUNWAY Machine\" src=\"https:\/\/swforming.com\/the-5-best-purlin-roll-forming-machine-brands-on-the-market\/embed\/#?secret=DsfKmlqS4G#?secret=gZ9wovHQvT\" data-secret=\"gZ9wovHQvT\" width=\"600\" height=\"338\" frameborder=\"0\" marginwidth=\"0\" marginheight=\"0\" scrolling=\"no\"><\/iframe><\/p>","protected":false},"excerpt":{"rendered":"<p>La profileuse \u00e0 froid pour profil\u00e9s C et Z adopte une structure sp\u00e9ciale pour la fabrication des profil\u00e9s C et Z. Les rouleaux pour les profil\u00e9s C et Z sont remplac\u00e9s tr\u00e8s rapidement sans d\u00e9montage de pi\u00e8ces. Les rouleaux pour C et Z sont remplac\u00e9s tr\u00e8s rapidement sans d\u00e9montage de pi\u00e8ces. Le dispositif de coupe adopte un dispositif de coupe hydraulique universel. Il n'est pas n\u00e9cessaire de changer la lame de coupe lors de la production de diff\u00e9rents profils de diff\u00e9rentes tailles, ce qui permet d'\u00e9conomiser les co\u00fbts de main d'\u0153uvre et d'am\u00e9liorer l'efficacit\u00e9 de la production.<\/p>","protected":false},"featured_media":660,"comment_status":"open","ping_status":"closed","template":"","meta":{"_acf_changed":false},"product_brand":[],"product_cat":[74,112,114,52],"product_tag":[],"class_list":{"0":"post-659","1":"product","2":"type-product","3":"status-publish","4":"has-post-thumbnail","6":"product_cat-cz-purlin-roll-forming-machine","7":"product_cat-profile-roll-forming-machine","8":"product_cat-roll-former","9":"product_cat-steel-structure","11":"first","12":"instock","13":"shipping-taxable","14":"product-type-simple"},"acf":[],"_links":{"self":[{"href":"https:\/\/swforming.com\/fr\/wp-json\/wp\/v2\/product\/659","targetHints":{"allow":["GET"]}}],"collection":[{"href":"https:\/\/swforming.com\/fr\/wp-json\/wp\/v2\/product"}],"about":[{"href":"https:\/\/swforming.com\/fr\/wp-json\/wp\/v2\/types\/product"}],"replies":[{"embeddable":true,"href":"https:\/\/swforming.com\/fr\/wp-json\/wp\/v2\/comments?post=659"}],"version-history":[{"count":4,"href":"https:\/\/swforming.com\/fr\/wp-json\/wp\/v2\/product\/659\/revisions"}],"predecessor-version":[{"id":3220,"href":"https:\/\/swforming.com\/fr\/wp-json\/wp\/v2\/product\/659\/revisions\/3220"}],"wp:featuredmedia":[{"embeddable":true,"href":"https:\/\/swforming.com\/fr\/wp-json\/wp\/v2\/media\/660"}],"wp:attachment":[{"href":"https:\/\/swforming.com\/fr\/wp-json\/wp\/v2\/media?parent=659"}],"wp:term":[{"taxonomy":"product_brand","embeddable":true,"href":"https:\/\/swforming.com\/fr\/wp-json\/wp\/v2\/product_brand?post=659"},{"taxonomy":"product_cat","embeddable":true,"href":"https:\/\/swforming.com\/fr\/wp-json\/wp\/v2\/product_cat?post=659"},{"taxonomy":"product_tag","embeddable":true,"href":"https:\/\/swforming.com\/fr\/wp-json\/wp\/v2\/product_tag?post=659"}],"curies":[{"name":"wp","href":"https:\/\/api.w.org\/{rel}","templated":true}]}}