{"id":630,"date":"2022-09-13T01:54:21","date_gmt":"2022-09-13T01:54:21","guid":{"rendered":"https:\/\/swforming.com\/?post_type=product&#038;p=630"},"modified":"2023-06-28T03:10:54","modified_gmt":"2023-06-28T03:10:54","slug":"steel-coil-cut-to-length-line-machine","status":"publish","type":"product","link":"https:\/\/swforming.com\/fr\/product\/steel-coil-cut-to-length-line-machine\/","title":{"rendered":"Machine de ligne de coupe \u00e0 longueur de bobines d&#039;acier"},"content":{"rendered":"<p><img fetchpriority=\"high\" decoding=\"async\" class=\"alignnone wp-image-631\" src=\"https:\/\/swforming.com\/wp-content\/uploads\/2022\/09\/Hc24ea353f4c3459b8ccef01847a49415v.webp\" alt=\"Machine de ligne de coupe \u00e0 longueur de bobines d&#039;acier\" width=\"800\" height=\"747\" title=\"\" srcset=\"https:\/\/swforming.com\/wp-content\/uploads\/2022\/09\/Hc24ea353f4c3459b8ccef01847a49415v.webp 750w, https:\/\/swforming.com\/wp-content\/uploads\/2022\/09\/Hc24ea353f4c3459b8ccef01847a49415v-600x560.webp 600w, https:\/\/swforming.com\/wp-content\/uploads\/2022\/09\/Hc24ea353f4c3459b8ccef01847a49415v-300x280.webp 300w\" sizes=\"(max-width: 800px) 100vw, 800px\" \/><\/p>\n<p>La ligne de coupe \u00e0 longueur automatique Sunway est utilis\u00e9e pour le d\u00e9roulage, le nivellement, la mesure automatique de la longueur et la coupe. La commande \u00e9lectrique est assur\u00e9e par une fr\u00e9quence variable AC et une servocommande, ce qui am\u00e9liore la pr\u00e9cision et l'efficacit\u00e9 de la longueur.<\/p>\n<h3>d\u00e9tails du produit<\/h3>\n<p><img decoding=\"async\" class=\"alignnone wp-image-632\" src=\"https:\/\/swforming.com\/wp-content\/uploads\/2022\/09\/H017df6c287ce4905a8a4da76e889cc038.webp\" alt=\"\" width=\"800\" height=\"208\" title=\"\" srcset=\"https:\/\/swforming.com\/wp-content\/uploads\/2022\/09\/H017df6c287ce4905a8a4da76e889cc038.webp 750w, https:\/\/swforming.com\/wp-content\/uploads\/2022\/09\/H017df6c287ce4905a8a4da76e889cc038-600x156.webp 600w, https:\/\/swforming.com\/wp-content\/uploads\/2022\/09\/H017df6c287ce4905a8a4da76e889cc038-300x78.webp 300w\" sizes=\"(max-width: 800px) 100vw, 800px\" \/><\/p>\n<p><strong>Socle<\/strong><br \/>\nLes mati\u00e8res premi\u00e8res utilis\u00e9es sont des aciers de haute qualit\u00e9, tr\u00e8s r\u00e9sistants et tr\u00e8s robustes, qui ont une forte r\u00e9sistance \u00e0 la d\u00e9formation.<\/p>\n<p data-spm-anchor-id=\"a2700.details.0.i34.7c696a38KBrVB4\"><img decoding=\"async\" class=\"alignnone wp-image-633\" src=\"https:\/\/swforming.com\/wp-content\/uploads\/2022\/09\/stand-base.webp\" alt=\"\" width=\"800\" height=\"600\" title=\"\" srcset=\"https:\/\/swforming.com\/wp-content\/uploads\/2022\/09\/stand-base.webp 2048w, https:\/\/swforming.com\/wp-content\/uploads\/2022\/09\/stand-base-600x450.webp 600w, https:\/\/swforming.com\/wp-content\/uploads\/2022\/09\/stand-base-300x225.webp 300w, https:\/\/swforming.com\/wp-content\/uploads\/2022\/09\/stand-base-1024x768.webp 1024w, https:\/\/swforming.com\/wp-content\/uploads\/2022\/09\/stand-base-768x576.webp 768w, https:\/\/swforming.com\/wp-content\/uploads\/2022\/09\/stand-base-1536x1152.webp 1536w\" sizes=\"(max-width: 800px) 100vw, 800px\" \/><\/p>\n<p><strong>Moteur<\/strong><br \/>\nAdopte un moteur de marque sup\u00e9rieure pour le syst\u00e8me d'entra\u00eenement, plus stable et plus efficace.<\/p>\n<p><img loading=\"lazy\" decoding=\"async\" class=\"alignnone wp-image-634\" src=\"https:\/\/swforming.com\/wp-content\/uploads\/2022\/09\/motor.webp\" alt=\"\" width=\"800\" height=\"600\" title=\"\" srcset=\"https:\/\/swforming.com\/wp-content\/uploads\/2022\/09\/motor.webp 1600w, https:\/\/swforming.com\/wp-content\/uploads\/2022\/09\/motor-600x450.webp 600w, https:\/\/swforming.com\/wp-content\/uploads\/2022\/09\/motor-300x225.webp 300w, https:\/\/swforming.com\/wp-content\/uploads\/2022\/09\/motor-1024x768.webp 1024w, https:\/\/swforming.com\/wp-content\/uploads\/2022\/09\/motor-768x576.webp 768w, https:\/\/swforming.com\/wp-content\/uploads\/2022\/09\/motor-1536x1152.webp 1536w\" sizes=\"(max-width: 800px) 100vw, 800px\" \/><\/p>\n<p style=\"font-style: inherit; font-weight: inherit;\"><strong>Automatique \u00e9lev\u00e9<\/strong><br \/>\nLa machine de coupe \u00e0 longueur adopte un syst\u00e8me PLC. Le client peut r\u00e9gler la quantit\u00e9 et la vitesse de production sur l'armoire de commande.<\/p>\n<p><img loading=\"lazy\" decoding=\"async\" class=\"alignnone wp-image-635\" src=\"https:\/\/swforming.com\/wp-content\/uploads\/2022\/09\/High-Automatic.webp\" alt=\"\" width=\"800\" height=\"600\" title=\"\" srcset=\"https:\/\/swforming.com\/wp-content\/uploads\/2022\/09\/High-Automatic.webp 1500w, https:\/\/swforming.com\/wp-content\/uploads\/2022\/09\/High-Automatic-600x450.webp 600w, https:\/\/swforming.com\/wp-content\/uploads\/2022\/09\/High-Automatic-300x225.webp 300w, https:\/\/swforming.com\/wp-content\/uploads\/2022\/09\/High-Automatic-1024x768.webp 1024w, https:\/\/swforming.com\/wp-content\/uploads\/2022\/09\/High-Automatic-768x576.webp 768w\" sizes=\"(max-width: 800px) 100vw, 800px\" \/><\/p>\n<p><strong>Personnalisation<\/strong><br \/>\nDes ing\u00e9nieurs exp\u00e9riment\u00e9s contr\u00f4lent l'ensemble du processus pour le personnaliser.<\/p>\n<p><img loading=\"lazy\" decoding=\"async\" class=\"alignnone wp-image-636\" src=\"https:\/\/swforming.com\/wp-content\/uploads\/2022\/09\/Customization.webp\" alt=\"\" width=\"800\" height=\"533\" title=\"\" srcset=\"https:\/\/swforming.com\/wp-content\/uploads\/2022\/09\/Customization.webp 450w, https:\/\/swforming.com\/wp-content\/uploads\/2022\/09\/Customization-300x200.webp 300w\" sizes=\"(max-width: 800px) 100vw, 800px\" \/><\/p>\n<h3>Param\u00e8tres du produit<\/h3>\n<div>\n<table>\n<tbody>\n<tr>\n<td data-sheets-value=\"{&quot;1&quot;:2,&quot;2&quot;:&quot;Processing Thickness&quot;}\">\u00c9paisseur de traitement<\/td>\n<td data-sheets-value=\"{&quot;1&quot;:2,&quot;2&quot;:&quot;0.1~3mm&quot;}\">0,1~3mm<\/td>\n<\/tr>\n<tr>\n<td data-sheets-value=\"{&quot;1&quot;:2,&quot;2&quot;:&quot;Processing Width&quot;}\">Largeur de traitement<\/td>\n<td data-sheets-value=\"{&quot;1&quot;:2,&quot;2&quot;:&quot;100-2000mm&quot;}\">100-2000mm<\/td>\n<\/tr>\n<tr>\n<td data-sheets-value=\"{&quot;1&quot;:2,&quot;2&quot;:&quot;Cut To Length Accuracy&quot;}\">Pr\u00e9cision de la coupe \u00e0 la longueur<\/td>\n<td data-sheets-value=\"{&quot;1&quot;:2,&quot;2&quot;:&quot;\u00b11.5 mm&quot;}\">\u00b11,5 mm<\/td>\n<\/tr>\n<tr>\n<td data-sheets-value=\"{&quot;1&quot;:2,&quot;2&quot;:&quot;Cutting Speed&quot;}\">Vitesse de coupe<\/td>\n<td data-sheets-value=\"{&quot;1&quot;:2,&quot;2&quot;:&quot;1-200m\/min&quot;}\">1-200m\/min<\/td>\n<\/tr>\n<tr>\n<td data-sheets-value=\"{&quot;1&quot;:2,&quot;2&quot;:&quot;Coil Inner Diameter&quot;}\">Diam\u00e8tre int\u00e9rieur de la bobine<\/td>\n<td data-sheets-value=\"{&quot;1&quot;:2,&quot;2&quot;:&quot;500\/610 mm&quot;}\">500\/610 mm<\/td>\n<\/tr>\n<tr>\n<td data-sheets-value=\"{&quot;1&quot;:2,&quot;2&quot;:&quot;Coil Outer Diameter&quot;}\">Diam\u00e8tre ext\u00e9rieur de la bobine<\/td>\n<td data-sheets-value=\"{&quot;1&quot;:2,&quot;2&quot;:&quot;\u22642000 mm&quot;}\">\u22642000 mm<\/td>\n<\/tr>\n<tr>\n<td data-sheets-value=\"{&quot;1&quot;:2,&quot;2&quot;:&quot;Cut To Length Range&quot;}\">Gamme de coupe \u00e0 la longueur<\/td>\n<td data-sheets-value=\"{&quot;1&quot;:2,&quot;2&quot;:&quot;500~4000mm&quot;}\">500~4000mm<\/td>\n<\/tr>\n<tr>\n<td data-sheets-value=\"{&quot;1&quot;:2,&quot;2&quot;:&quot;Sheet Leveling Flatness&quot;}\">Nivellement de la feuille Plan\u00e9it\u00e9<\/td>\n<td data-sheets-value=\"{&quot;1&quot;:2,&quot;2&quot;:&quot;\u2264\u00b11.5mm\/m\u00b2&quot;}\">\u2264\u00b11.5mm\/m\u00b2<\/td>\n<\/tr>\n<tr>\n<td data-sheets-value=\"{&quot;1&quot;:2,&quot;2&quot;:&quot;Length Tolerance&quot;}\">Tol\u00e9rance de longueur<\/td>\n<td data-sheets-value=\"{&quot;1&quot;:2,&quot;2&quot;:&quot;\u2264\u00b11.5mm \/m\u00b2&quot;}\">\u2264\u00b11,5mm \/m\u00b2<\/td>\n<\/tr>\n<tr>\n<td data-sheets-value=\"{&quot;1&quot;:2,&quot;2&quot;:&quot;Diagonal Tolerance&quot;}\">Tol\u00e9rance diagonale<\/td>\n<td data-sheets-value=\"{&quot;1&quot;:2,&quot;2&quot;:&quot;\u2264\u00b11.2mm\/m\u00b2&quot;}\">\u2264\u00b11,2mm\/m\u00b2<\/td>\n<\/tr>\n<tr>\n<td data-sheets-value=\"{&quot;1&quot;:2,&quot;2&quot;:&quot;Levelling Precision&quot;}\">Pr\u00e9cision du nivellement<\/td>\n<td data-sheets-value=\"{&quot;1&quot;:2,&quot;2&quot;:&quot;\u22642mm\/m\u00b2&quot;}\">\u22642mm\/m\u00b2<\/td>\n<\/tr>\n<tr>\n<td data-sheets-value=\"{&quot;1&quot;:2,&quot;2&quot;:&quot;Cut Length&quot;}\">Longueur de coupe<\/td>\n<td data-sheets-value=\"{&quot;1&quot;:2,&quot;2&quot;:&quot;500~3000mm&quot;}\">500~3000mm<\/td>\n<\/tr>\n<\/tbody>\n<\/table>\n<\/div>\n<p><b>Les param\u00e8tres mentionn\u00e9s ci-dessus le sont \u00e0 titre de r\u00e9f\u00e9rence et la machine peut \u00eatre personnalis\u00e9e.<\/b><\/p>\n<h3>avantage de la machine de coupe \u00e0 longueur de Chine<\/h3>\n<p>La Chine s'est impos\u00e9e comme l'un des principaux fabricants de machines de coupe \u00e0 longueur et offre plusieurs avantages en termes de qualit\u00e9, de rentabilit\u00e9 et d'avanc\u00e9es technologiques. Voici quelques avantages des machines de coupe \u00e0 longueur fabriqu\u00e9es en Chine :<\/p>\n<ol>\n<li>Fabrication rentable : La Chine est connue pour ses co\u00fbts de fabrication comp\u00e9titifs, ce qui se traduit par des prix relativement bas pour les machines de coupe \u00e0 longueur. Les fabricants chinois proposent souvent des solutions rentables sans compromis sur la qualit\u00e9.<\/li>\n<li>Un large \u00e9ventail d'options : La Chine compte un grand nombre de fabricants de machines de coupe \u00e0 longueur, ce qui offre aux clients un large \u00e9ventail d'options. Les acheteurs peuvent ainsi trouver des machines qui r\u00e9pondent \u00e0 leurs besoins sp\u00e9cifiques en termes de capacit\u00e9, d'aptitude \u00e0 la coupe et de caract\u00e9ristiques d'automatisation.<\/li>\n<li>Progr\u00e8s technologiques : Les fabricants chinois ont r\u00e9alis\u00e9 des progr\u00e8s consid\u00e9rables dans la conception et la technologie des machines de coupe \u00e0 longueur. Elles int\u00e8grent des syst\u00e8mes de contr\u00f4le avanc\u00e9s, des fonctions d'automatisation et des m\u00e9canismes de coupe de pr\u00e9cision pour am\u00e9liorer l'efficacit\u00e9 et la pr\u00e9cision.<\/li>\n<li>Personnalisation et flexibilit\u00e9 : Les fabricants chinois sont souvent dispos\u00e9s \u00e0 personnaliser les machines de coupe \u00e0 longueur en fonction des besoins sp\u00e9cifiques des clients. Ils peuvent modifier les sp\u00e9cifications de la machine, les capacit\u00e9s de coupe et d'autres caract\u00e9ristiques pour r\u00e9pondre \u00e0 des exigences particuli\u00e8res.<\/li>\n<li>Normes de qualit\u00e9 : Au fil des ans, la Chine a am\u00e9lior\u00e9 ses processus de fabrication et ses syst\u00e8mes de contr\u00f4le de la qualit\u00e9. De nombreux fabricants chinois adh\u00e8rent aux normes de qualit\u00e9 et aux certifications internationales, ce qui garantit que leurs machines de coupe \u00e0 longueur r\u00e9pondent aux exigences de l'industrie.<\/li>\n<li>Un r\u00e9seau de fournisseurs solide : La Chine dispose d'un solide r\u00e9seau de fournisseurs qui soutient la fabrication de machines de coupe \u00e0 longueur. Ce r\u00e9seau garantit un approvisionnement r\u00e9gulier en composants, en pi\u00e8ces d\u00e9tach\u00e9es et en assistance technique, ce qui contribue \u00e0 la fiabilit\u00e9 et \u00e0 l'entretien des machines.<\/li>\n<li>Exp\u00e9rience en mati\u00e8re d'exportation : Les fabricants chinois ont une grande exp\u00e9rience de l'exportation de machines de coupe \u00e0 longueur vers diff\u00e9rents pays du monde. Ils comprennent les exigences logistiques et peuvent fournir des services d'exp\u00e9dition et d'apr\u00e8s-vente efficaces \u00e0 leurs clients dans le monde entier.<\/li>\n<\/ol>\n<p>Il est important de noter que si la Chine offre de nombreux avantages en termes de fabrication de machines de coupe \u00e0 longueur, il est essentiel de mener des recherches approfondies, d'\u00e9valuer la r\u00e9putation des fabricants et de tenir compte des commentaires des clients avant de prendre une d\u00e9cision d'achat.<\/p>\n<h3>Combien co\u00fbte une machine de coupe \u00e0 longueur ?<\/h3>\n<p>Le co\u00fbt d'une ligne de coupe \u00e0 longueur peut varier consid\u00e9rablement en fonction de divers facteurs tels que les sp\u00e9cifications, la capacit\u00e9 et les caract\u00e9ristiques de la machine, ainsi que le fabricant ou le fournisseur. En outre, les conditions du march\u00e9, la localisation et les taux de change peuvent \u00e9galement influencer le prix. Par cons\u00e9quent, il est difficile de fournir un prix exact sans d\u00e9tails sp\u00e9cifiques.<\/p>\n<p>En g\u00e9n\u00e9ral, le prix des machines de coupe \u00e0 longueur varie de quelques dizaines de milliers \u00e0 plusieurs centaines de milliers de dollars. Les mod\u00e8les de base avec des capacit\u00e9s de coupe plus faibles et moins de fonctions d'automatisation tendent \u00e0 \u00eatre plus abordables, tandis que les machines plus grandes, \u00e0 grande capacit\u00e9, avec une automatisation avanc\u00e9e et des m\u00e9canismes de coupe de pr\u00e9cision peuvent \u00eatre plus ch\u00e8res.<\/p>\n<p>Il est important de noter que les informations sur les prix peuvent \u00eatre obtenues en contactant directement les fabricants, les fournisseurs ou les distributeurs. Ils peuvent vous fournir des devis d\u00e9taill\u00e9s en fonction de vos besoins sp\u00e9cifiques et vous donner des informations suppl\u00e9mentaires concernant l'installation, la maintenance et le service apr\u00e8s-vente.<\/p>\n<p>Lorsque l'on consid\u00e8re le co\u00fbt d'une ligne de coupe \u00e0 longueur, il est essentiel d'\u00e9valuer des facteurs tels que la qualit\u00e9 de la machine, sa fiabilit\u00e9, sa garantie et la r\u00e9putation du fabricant ou du fournisseur. En outre, des facteurs tels que l'entretien courant, la disponibilit\u00e9 des pi\u00e8ces de rechange et l'assistance \u00e0 la client\u00e8le doivent \u00e9galement \u00eatre pris en compte pour garantir la r\u00e9ussite de l'investissement.<\/p>","protected":false},"excerpt":{"rendered":"<p>La ligne de coupe \u00e0 longueur automatique Sunway est utilis\u00e9e pour le d\u00e9roulage, le nivellement, la mesure automatique de la longueur et la coupe. La commande \u00e9lectrique est assur\u00e9e par une fr\u00e9quence variable AC et une servocommande, ce qui am\u00e9liore la pr\u00e9cision et l'efficacit\u00e9 de la longueur.<\/p>","protected":false},"featured_media":637,"comment_status":"open","ping_status":"closed","template":"","meta":{"_acf_changed":false},"product_brand":[],"product_cat":[25],"product_tag":[],"class_list":{"0":"post-630","1":"product","2":"type-product","3":"status-publish","4":"has-post-thumbnail","6":"product_cat-cut-to-length-line","8":"first","9":"instock","10":"shipping-taxable","11":"product-type-simple"},"acf":[],"_links":{"self":[{"href":"https:\/\/swforming.com\/fr\/wp-json\/wp\/v2\/product\/630","targetHints":{"allow":["GET"]}}],"collection":[{"href":"https:\/\/swforming.com\/fr\/wp-json\/wp\/v2\/product"}],"about":[{"href":"https:\/\/swforming.com\/fr\/wp-json\/wp\/v2\/types\/product"}],"replies":[{"embeddable":true,"href":"https:\/\/swforming.com\/fr\/wp-json\/wp\/v2\/comments?post=630"}],"version-history":[{"count":3,"href":"https:\/\/swforming.com\/fr\/wp-json\/wp\/v2\/product\/630\/revisions"}],"predecessor-version":[{"id":3343,"href":"https:\/\/swforming.com\/fr\/wp-json\/wp\/v2\/product\/630\/revisions\/3343"}],"wp:featuredmedia":[{"embeddable":true,"href":"https:\/\/swforming.com\/fr\/wp-json\/wp\/v2\/media\/637"}],"wp:attachment":[{"href":"https:\/\/swforming.com\/fr\/wp-json\/wp\/v2\/media?parent=630"}],"wp:term":[{"taxonomy":"product_brand","embeddable":true,"href":"https:\/\/swforming.com\/fr\/wp-json\/wp\/v2\/product_brand?post=630"},{"taxonomy":"product_cat","embeddable":true,"href":"https:\/\/swforming.com\/fr\/wp-json\/wp\/v2\/product_cat?post=630"},{"taxonomy":"product_tag","embeddable":true,"href":"https:\/\/swforming.com\/fr\/wp-json\/wp\/v2\/product_tag?post=630"}],"curies":[{"name":"wp","href":"https:\/\/api.w.org\/{rel}","templated":true}]}}