{"id":6204,"date":"2025-12-26T06:37:36","date_gmt":"2025-12-26T06:37:36","guid":{"rendered":"https:\/\/swforming.com\/?post_type=product&#038;p=6204"},"modified":"2025-12-29T05:43:30","modified_gmt":"2025-12-29T05:43:30","slug":"storage-rack-shelf-box-panel-making-machine-steel-storage-rack-system-box-beam-roll-forming-line","status":"publish","type":"product","link":"https:\/\/swforming.com\/fr\/product\/storage-rack-shelf-box-panel-making-machine-steel-storage-rack-system-box-beam-roll-forming-line\/","title":{"rendered":"Machine de fabrication de panneaux bo\u00eetes d\u2019\u00e9tag\u00e8res pour racks de stockage \u2013 Syst\u00e8me de racks de stockage en acier Ligne de formage par rouleaux de poutres bo\u00eetes"},"content":{"rendered":"<p><img fetchpriority=\"high\" decoding=\"async\" class=\"alignnone wp-image-6224 size-full\" src=\"https:\/\/swforming.com\/wp-content\/uploads\/2025\/12\/Hc43734b112c14118ace14dec1671bd6bL.jpg\" alt=\"\" width=\"750\" height=\"900\" title=\"\" srcset=\"https:\/\/swforming.com\/wp-content\/uploads\/2025\/12\/Hc43734b112c14118ace14dec1671bd6bL.jpg 750w, https:\/\/swforming.com\/wp-content\/uploads\/2025\/12\/Hc43734b112c14118ace14dec1671bd6bL-250x300.jpg 250w, https:\/\/swforming.com\/wp-content\/uploads\/2025\/12\/Hc43734b112c14118ace14dec1671bd6bL-10x12.jpg 10w, https:\/\/swforming.com\/wp-content\/uploads\/2025\/12\/Hc43734b112c14118ace14dec1671bd6bL-600x720.jpg 600w\" sizes=\"(max-width: 750px) 100vw, 750px\" \/><\/p>\n<div data-spm-anchor-id=\"a2700.details-description.0.i1.16f8CWJyCWJylJ\">\n<p>La machine de formage par rouleaux de poutres bo\u00eetes est con\u00e7ue pour produire les poutres fix\u00e9es entre les montants verticaux des racks. Elle se d\u00e9cline g\u00e9n\u00e9ralement en deux types : 1) deux profil\u00e9s en C sont form\u00e9s par rouleaux sur une machine de formage, puis assembl\u00e9s dans un formeur combin\u00e9 pour obtenir une poutre boite ; 2) une poutre est form\u00e9e directement sur une machine de formage par rouleaux pour obtenir une poutre boite.<\/p>\n<p>Cette ligne de formage par rouleaux enti\u00e8rement automatique de poutres bo\u00eetes est sp\u00e9cialement con\u00e7ue et \u00e9quip\u00e9e de soudage et d\u2019empilement automatiques, ce qui r\u00e9duit la main-d\u2019\u0153uvre et accro\u00eet l\u2019efficacit\u00e9 de production. Le sch\u00e9ma de flux de la ligne compl\u00e8te est le suivant :<br \/>\nD\u00e9vidage \u00e9lectrique \u2013 Guidage d\u2019alimentation et nivellement \u2013 Machine de formage par rouleaux (syst\u00e8me d\u2019entra\u00eenement par bo\u00eete de vitesses) \u2013 Coupe volante \u2013 Convoyeur automatique et table tournante \u2013 Machine de boitage (syst\u00e8me d\u2019entra\u00eenement par bo\u00eete de vitesses) \u2013 Table de sortie \u2013 Soudage et empilement automatiques.<\/p>\n<p>Notre machine de formage par rouleaux intelligente permet de produire diverses tailles de poutres d\u2019\u00e9paisseur 1,5-3,0 mm. Les processus de d\u00e9vidage, d\u2019alimentation, de formage par rouleaux, de soudage, de coupe, etc., sont r\u00e9alis\u00e9s automatiquement sur une seule ligne. Par ailleurs, nous proposons des machines de formage par rouleaux pour la production de poutres \u00e0 gradins, de montants de racks et de planchers d\u2019\u00e9tag\u00e8res. Tous ces \u00e9l\u00e9ments constituent les composants du syst\u00e8me de racks \u00e0 palettes.<br \/>\nDans les syst\u00e8mes de rayonnages \u00e0 palettes pour entrep\u00f4ts, nous sommes en mesure de fabriquer d'autres machines, telles que la profileuse pour poutrelles, la profileuse pour rayonnages verticaux et la profileuse pour panneaux d'\u00e9tag\u00e8res (plaques de carton), etc.<\/p>\n<p>Nous r\u00e9alisons diff\u00e9rentes solutions en fonction du dessin, de la tol\u00e9rance et du budget des clients, offrant un service professionnel personnalis\u00e9, adaptable \u00e0 toutes vos exigences. Quelle que soit la ligne que vous choisissez, la qualit\u00e9 de SUNWAY Machinery vous assurera d&#039;obtenir des profil\u00e9s parfaitement fonctionnels.<\/p>\n<h3>Dessins de profil<\/h3>\n<p><img decoding=\"async\" class=\"alignnone wp-image-6226 size-full\" src=\"https:\/\/swforming.com\/wp-content\/uploads\/2025\/12\/Hafc232e9831a4950aa50e.jpg\" alt=\"\" width=\"1748\" height=\"1996\" title=\"\" srcset=\"https:\/\/swforming.com\/wp-content\/uploads\/2025\/12\/Hafc232e9831a4950aa50e.jpg 1748w, https:\/\/swforming.com\/wp-content\/uploads\/2025\/12\/Hafc232e9831a4950aa50e-263x300.jpg 263w, https:\/\/swforming.com\/wp-content\/uploads\/2025\/12\/Hafc232e9831a4950aa50e-897x1024.jpg 897w, https:\/\/swforming.com\/wp-content\/uploads\/2025\/12\/Hafc232e9831a4950aa50e-768x877.jpg 768w, https:\/\/swforming.com\/wp-content\/uploads\/2025\/12\/Hafc232e9831a4950aa50e-1345x1536.jpg 1345w, https:\/\/swforming.com\/wp-content\/uploads\/2025\/12\/Hafc232e9831a4950aa50e-11x12.jpg 11w, https:\/\/swforming.com\/wp-content\/uploads\/2025\/12\/Hafc232e9831a4950aa50e-600x685.jpg 600w\" sizes=\"(max-width: 1748px) 100vw, 1748px\" \/><img decoding=\"async\" class=\"alignnone wp-image-6227 size-full\" src=\"https:\/\/swforming.com\/wp-content\/uploads\/2025\/12\/QQ20251229-134154.jpg\" alt=\"\" width=\"750\" height=\"182\" title=\"\" srcset=\"https:\/\/swforming.com\/wp-content\/uploads\/2025\/12\/QQ20251229-134154.jpg 750w, https:\/\/swforming.com\/wp-content\/uploads\/2025\/12\/QQ20251229-134154-300x73.jpg 300w, https:\/\/swforming.com\/wp-content\/uploads\/2025\/12\/QQ20251229-134154-18x4.jpg 18w, https:\/\/swforming.com\/wp-content\/uploads\/2025\/12\/QQ20251229-134154-600x146.jpg 600w\" sizes=\"(max-width: 750px) 100vw, 750px\" \/><\/p>\n<h3>Ligne de production<\/h3>\n<p><img loading=\"lazy\" decoding=\"async\" class=\"alignnone wp-image-6228 size-full\" src=\"https:\/\/swforming.com\/wp-content\/uploads\/2025\/12\/H53307b5ef7e7494088.jpg\" alt=\"\" width=\"1748\" height=\"819\" title=\"\" srcset=\"https:\/\/swforming.com\/wp-content\/uploads\/2025\/12\/H53307b5ef7e7494088.jpg 1748w, https:\/\/swforming.com\/wp-content\/uploads\/2025\/12\/H53307b5ef7e7494088-300x141.jpg 300w, https:\/\/swforming.com\/wp-content\/uploads\/2025\/12\/H53307b5ef7e7494088-1024x480.jpg 1024w, https:\/\/swforming.com\/wp-content\/uploads\/2025\/12\/H53307b5ef7e7494088-768x360.jpg 768w, https:\/\/swforming.com\/wp-content\/uploads\/2025\/12\/H53307b5ef7e7494088-1536x720.jpg 1536w, https:\/\/swforming.com\/wp-content\/uploads\/2025\/12\/H53307b5ef7e7494088-18x8.jpg 18w, https:\/\/swforming.com\/wp-content\/uploads\/2025\/12\/H53307b5ef7e7494088-600x281.jpg 600w\" sizes=\"(max-width: 1748px) 100vw, 1748px\" \/><\/p>\n<h3>d\u00e9tails du produit<\/h3>\n<p><img loading=\"lazy\" decoding=\"async\" class=\"alignnone wp-image-6215 size-full\" src=\"https:\/\/swforming.com\/wp-content\/uploads\/2025\/12\/20251226142928.jpg\" alt=\"\" width=\"750\" height=\"1257\" title=\"\" srcset=\"https:\/\/swforming.com\/wp-content\/uploads\/2025\/12\/20251226142928.jpg 750w, https:\/\/swforming.com\/wp-content\/uploads\/2025\/12\/20251226142928-179x300.jpg 179w, https:\/\/swforming.com\/wp-content\/uploads\/2025\/12\/20251226142928-611x1024.jpg 611w, https:\/\/swforming.com\/wp-content\/uploads\/2025\/12\/20251226142928-7x12.jpg 7w, https:\/\/swforming.com\/wp-content\/uploads\/2025\/12\/20251226142928-600x1006.jpg 600w\" sizes=\"(max-width: 750px) 100vw, 750px\" \/><\/p>\n<h3>Param\u00e8tres du produit<\/h3>\n<div style=\"overflow-x: auto;\">\n<table>\n<tbody>\n<tr>\n<td style=\"text-align: center;\" colspan=\"3\" rowspan=\"1\"><strong>Ligne de formage par rouleaux automatique de poutres bo\u00eetes<\/strong><\/td>\n<\/tr>\n<tr>\n<td colspan=\"1\" rowspan=\"3\">\n<div>Mat\u00e9riau usinable<\/div>\n<\/td>\n<td>A) Bobine galvanis\u00e9e<\/td>\n<td colspan=\"1\" rowspan=\"3\">\n<div>\u00c9paisseur (MM) : 1,5-3,0 selon le client<\/div>\n<\/td>\n<\/tr>\n<tr>\n<td>B) Acier lamin\u00e9 \u00e0 froid\/chaud<\/td>\n<\/tr>\n<tr>\n<td>C) Acier au carbone<\/td>\n<\/tr>\n<tr>\n<td>Limite d&#039;\u00e9lasticit\u00e9<\/td>\n<td colspan=\"2\" rowspan=\"1\">250 - 350 Mpa<\/td>\n<\/tr>\n<tr>\n<td>Contrainte de traction<\/td>\n<td colspan=\"2\" rowspan=\"1\">350 Mpa-500 Mpa<\/td>\n<\/tr>\n<tr>\n<td>Vitesse de formage nominale (M\/Min)<\/td>\n<td>10-20<\/td>\n<td>* Ou selon vos besoins<\/td>\n<\/tr>\n<tr>\n<td>Station de formage<\/td>\n<td>18-20<\/td>\n<td>* Selon vos dessins de profil<\/td>\n<\/tr>\n<tr>\n<td>D\u00e9rouleur<\/td>\n<td>D\u00e9rouleur manuel<\/td>\n<td>* D\u00e9rouleur hydraulique (facultatif)<\/td>\n<\/tr>\n<tr>\n<td>Syst\u00e8me de conduite<\/td>\n<td>Entrainement par CHAINE<\/td>\n<td>* Entra\u00eenement de bo\u00eete de vitesses (facultatif)<\/td>\n<\/tr>\n<tr>\n<td>Structure de la machine<\/td>\n<td>Plaques d'acier soud\u00e9es<\/td>\n<td>* Supports en fonte (en option)<\/td>\n<\/tr>\n<tr>\n<td>Mat\u00e9riau des rouleaux<\/td>\n<td>GCr 15<\/td>\n<td>* Cr12Mov (facultatif)<\/td>\n<\/tr>\n<tr>\n<td>Syst\u00e8me de coupe<\/td>\n<td>Coupe hydraulique<\/td>\n<td>* D\u00e9coupage \u00e0 la scie (optionnel)<\/td>\n<\/tr>\n<tr>\n<td>Unit\u00e9 de boitage<\/td>\n<td>Par cha\u00eene<\/td>\n<td>* Par bo\u00eete de vitesses (en option)<\/td>\n<\/tr>\n<tr>\n<td>Efficacit\u00e9 de soudage<\/td>\n<td colspan=\"2\" rowspan=\"1\">Sp\u00e9cification 50*100 \u2265 25 secondes\/pi\u00e8ce, sp\u00e9cification 50*120-140 \u2265 30 secondes\/pi\u00e8ce,<br \/>\nSp\u00e9cification 50*160 \u2265 35 secondes\/pi\u00e8ce (sauf pour les poutres pr\u00e9sentant une erreur unilat\u00e9rale &gt; 1,5 mm)<\/td>\n<\/tr>\n<tr>\n<td>Processus de soudage et d\u2019empilement<\/td>\n<td colspan=\"2\" rowspan=\"1\">Empiler les pi\u00e8ces suspendues dans l\u2019ordre sur la plateforme d\u2019alimentation automatique des pi\u00e8ces suspendues, puis envoyer le signal : la machine commence \u00e0 charger automatiquement les pi\u00e8ces suspendues, tandis que le robot saisit automatiquement la traverse et la d\u00e9pose \u00e0 la position sp\u00e9cifi\u00e9e sur la plateforme de la machine, lance le soudage en soudant d\u2019abord les deux c\u00f4t\u00e9s, pivote de 90 degr\u00e9s, puis soude les deux autres c\u00f4t\u00e9s pour achever<br \/>\nle soudage, pivote vers une autre station, le robot transf\u00e8re la pi\u00e8ce vers l\u2019empilement des produits finis, reprend une nouvelle pi\u00e8ce, et les op\u00e9rations pr\u00e9c\u00e9dentes se r\u00e9p\u00e8tent. Toutes ces actions sont contr\u00f4l\u00e9es et g\u00e9r\u00e9es par le syst\u00e8me d\u00e9di\u00e9 \u00e0 la ligne automatique de traverses.<\/td>\n<\/tr>\n<tr>\n<td>Couleur de l&#039;appareil<\/td>\n<td>Bleu industriel<\/td>\n<td>* Ou selon vos besoins<\/td>\n<\/tr>\n<\/tbody>\n<\/table>\n<\/div>\n<h3>Application<\/h3>\n<p><img loading=\"lazy\" decoding=\"async\" class=\"alignnone wp-image-6216 size-full\" src=\"https:\/\/swforming.com\/wp-content\/uploads\/2025\/12\/QQ20251226-143237.jpg\" alt=\"\" width=\"750\" height=\"453\" title=\"\" srcset=\"https:\/\/swforming.com\/wp-content\/uploads\/2025\/12\/QQ20251226-143237.jpg 750w, https:\/\/swforming.com\/wp-content\/uploads\/2025\/12\/QQ20251226-143237-300x181.jpg 300w, https:\/\/swforming.com\/wp-content\/uploads\/2025\/12\/QQ20251226-143237-18x12.jpg 18w, https:\/\/swforming.com\/wp-content\/uploads\/2025\/12\/QQ20251226-143237-600x362.jpg 600w\" sizes=\"(max-width: 750px) 100vw, 750px\" \/><\/p>\n<\/div>","protected":false},"excerpt":{"rendered":"<p>La machine de formage par rouleaux de poutres bo\u00eetes est con\u00e7ue pour produire les poutres fix\u00e9es entre les montants verticaux des racks. Elle se d\u00e9cline g\u00e9n\u00e9ralement en deux types : 1) deux profil\u00e9s en C sont form\u00e9s par rouleaux sur une machine de formage, puis assembl\u00e9s dans un formeur combin\u00e9 pour obtenir une poutre boite ; 2) une poutre est form\u00e9e directement sur une machine de formage par rouleaux pour obtenir une poutre boite.<\/p>","protected":false},"featured_media":6205,"comment_status":"closed","ping_status":"closed","template":"","meta":{"_acf_changed":false},"product_brand":[],"product_cat":[65,46],"product_tag":[],"class_list":{"0":"post-6204","1":"product","2":"type-product","3":"status-publish","4":"has-post-thumbnail","6":"product_cat-box-beam-roll-forming-machine","7":"product_cat-racking-shelving","9":"first","10":"instock","11":"shipping-taxable","12":"product-type-simple"},"acf":[],"_links":{"self":[{"href":"https:\/\/swforming.com\/fr\/wp-json\/wp\/v2\/product\/6204","targetHints":{"allow":["GET"]}}],"collection":[{"href":"https:\/\/swforming.com\/fr\/wp-json\/wp\/v2\/product"}],"about":[{"href":"https:\/\/swforming.com\/fr\/wp-json\/wp\/v2\/types\/product"}],"replies":[{"embeddable":true,"href":"https:\/\/swforming.com\/fr\/wp-json\/wp\/v2\/comments?post=6204"}],"version-history":[{"count":5,"href":"https:\/\/swforming.com\/fr\/wp-json\/wp\/v2\/product\/6204\/revisions"}],"predecessor-version":[{"id":6229,"href":"https:\/\/swforming.com\/fr\/wp-json\/wp\/v2\/product\/6204\/revisions\/6229"}],"wp:featuredmedia":[{"embeddable":true,"href":"https:\/\/swforming.com\/fr\/wp-json\/wp\/v2\/media\/6205"}],"wp:attachment":[{"href":"https:\/\/swforming.com\/fr\/wp-json\/wp\/v2\/media?parent=6204"}],"wp:term":[{"taxonomy":"product_brand","embeddable":true,"href":"https:\/\/swforming.com\/fr\/wp-json\/wp\/v2\/product_brand?post=6204"},{"taxonomy":"product_cat","embeddable":true,"href":"https:\/\/swforming.com\/fr\/wp-json\/wp\/v2\/product_cat?post=6204"},{"taxonomy":"product_tag","embeddable":true,"href":"https:\/\/swforming.com\/fr\/wp-json\/wp\/v2\/product_tag?post=6204"}],"curies":[{"name":"wp","href":"https:\/\/api.w.org\/{rel}","templated":true}]}}