{"id":5092,"date":"2024-10-10T06:06:04","date_gmt":"2024-10-10T06:06:04","guid":{"rendered":"https:\/\/swforming.com\/?post_type=product&#038;p=5092"},"modified":"2024-10-10T06:11:05","modified_gmt":"2024-10-10T06:11:05","slug":"multi-profiles-roll-forming-machine","status":"publish","type":"product","link":"https:\/\/swforming.com\/fr\/product\/multi-profiles-roll-forming-machine\/","title":{"rendered":"Machine de formage de rouleaux multi-profils"},"content":{"rendered":"<p><img fetchpriority=\"high\" decoding=\"async\" class=\"alignnone size-full wp-image-5099\" src=\"https:\/\/swforming.com\/wp-content\/uploads\/2024\/10\/ff2dd663-41e4-45cb-acb8-69400cf03c41.jpg\" alt=\"\" width=\"750\" height=\"900\" title=\"\" srcset=\"https:\/\/swforming.com\/wp-content\/uploads\/2024\/10\/ff2dd663-41e4-45cb-acb8-69400cf03c41.jpg 750w, https:\/\/swforming.com\/wp-content\/uploads\/2024\/10\/ff2dd663-41e4-45cb-acb8-69400cf03c41-250x300.jpg 250w, https:\/\/swforming.com\/wp-content\/uploads\/2024\/10\/ff2dd663-41e4-45cb-acb8-69400cf03c41-10x12.jpg 10w, https:\/\/swforming.com\/wp-content\/uploads\/2024\/10\/ff2dd663-41e4-45cb-acb8-69400cf03c41-600x720.jpg 600w\" sizes=\"(max-width: 750px) 100vw, 750px\" \/><\/p>\n<p>La profileuse pour profil\u00e9s multiples, \u00e9galement appel\u00e9e profileuse pour pannes 2 en 1 ou 3 en 1 ou 4 en 1, etc., est con\u00e7ue pour fabriquer diff\u00e9rents profil\u00e9s sur une seule machine, ce qui permet d'\u00e9conomiser de l'espace et de l'argent.<\/p>\n<p>Avec le d\u00e9veloppement de diverses exigences de production de profils, les clients pr\u00e9f\u00e8rent acheter une machine qui peut produire 2 purines ou plus. Cette machine est alors le meilleur choix. Il n'est pas n\u00e9cessaire de changer les rouleaux ou les couteaux lors de la production de diff\u00e9rents profils. En m\u00eame temps, l'unit\u00e9 de poin\u00e7onnage est \u00e9galement disponible pour chaque profil.<\/p>\n<p>SUNWAY propose diff\u00e9rentes solutions en fonction du dessin, de la tol\u00e9rance et du budget du client, offrant un service professionnel personnalis\u00e9, adaptable \u00e0 toutes vos exigences. Quelle que soit la ligne que vous choisissez, la qualit\u00e9 des machines SUNWAY vous permettra d'obtenir des profil\u00e9s parfaitement fonctionnels.<\/p>\n<h3>Ligne de production<\/h3>\n<p><img decoding=\"async\" class=\"alignnone size-full wp-image-5100\" src=\"https:\/\/swforming.com\/wp-content\/uploads\/2024\/10\/65f01ae4-ae6b-46e4-a144-f25070f7b43e.jpg\" alt=\"\" width=\"1748\" height=\"951\" title=\"\" srcset=\"https:\/\/swforming.com\/wp-content\/uploads\/2024\/10\/65f01ae4-ae6b-46e4-a144-f25070f7b43e.jpg 1748w, https:\/\/swforming.com\/wp-content\/uploads\/2024\/10\/65f01ae4-ae6b-46e4-a144-f25070f7b43e-300x163.jpg 300w, https:\/\/swforming.com\/wp-content\/uploads\/2024\/10\/65f01ae4-ae6b-46e4-a144-f25070f7b43e-1024x557.jpg 1024w, https:\/\/swforming.com\/wp-content\/uploads\/2024\/10\/65f01ae4-ae6b-46e4-a144-f25070f7b43e-768x418.jpg 768w, https:\/\/swforming.com\/wp-content\/uploads\/2024\/10\/65f01ae4-ae6b-46e4-a144-f25070f7b43e-1536x836.jpg 1536w, https:\/\/swforming.com\/wp-content\/uploads\/2024\/10\/65f01ae4-ae6b-46e4-a144-f25070f7b43e-18x10.jpg 18w, https:\/\/swforming.com\/wp-content\/uploads\/2024\/10\/65f01ae4-ae6b-46e4-a144-f25070f7b43e-600x326.jpg 600w\" sizes=\"(max-width: 1748px) 100vw, 1748px\" \/><\/p>\n<h3>d\u00e9tails du produit<\/h3>\n<p><img decoding=\"async\" class=\"alignnone size-full wp-image-5101\" src=\"https:\/\/swforming.com\/wp-content\/uploads\/2024\/10\/20241010135945.jpg\" alt=\"\" width=\"935\" height=\"887\" title=\"\" srcset=\"https:\/\/swforming.com\/wp-content\/uploads\/2024\/10\/20241010135945.jpg 935w, https:\/\/swforming.com\/wp-content\/uploads\/2024\/10\/20241010135945-300x285.jpg 300w, https:\/\/swforming.com\/wp-content\/uploads\/2024\/10\/20241010135945-768x729.jpg 768w, https:\/\/swforming.com\/wp-content\/uploads\/2024\/10\/20241010135945-13x12.jpg 13w, https:\/\/swforming.com\/wp-content\/uploads\/2024\/10\/20241010135945-600x569.jpg 600w\" sizes=\"(max-width: 935px) 100vw, 935px\" \/><\/p>\n<h3>Param\u00e8tres du produit<\/h3>\n<div style=\"overflow-x: auto;\">\n<table>\n<tbody>\n<tr>\n<td style=\"text-align: center;\" colspan=\"3\" rowspan=\"1\"><strong>Ligne de profilage de pannes CZ \u00e0 changement de taille automatique<\/strong><\/td>\n<\/tr>\n<tr>\n<td colspan=\"1\" rowspan=\"2\">\n<div>Mat\u00e9riau usinable<\/div>\n<\/td>\n<td>A) Bobine galvanis\u00e9e<\/td>\n<td colspan=\"1\" rowspan=\"2\">\n<div>\u00c9paisseur(MM) : 1,5-3 ou selon le client<\/div>\n<\/td>\n<\/tr>\n<tr>\n<td>B) Bobine d&#039;acier au carbone<\/td>\n<\/tr>\n<tr>\n<td>Limite d&#039;\u00e9lasticit\u00e9<\/td>\n<td colspan=\"2\" rowspan=\"1\">250 \u2013 550 MPa<\/td>\n<\/tr>\n<tr>\n<td>Contrainte de traction<\/td>\n<td colspan=\"2\" rowspan=\"1\">G350 MPa-G550 MPa<\/td>\n<\/tr>\n<tr>\n<td>D\u00e9rouleur<\/td>\n<td>D\u00e9rouleur manuel<\/td>\n<td>* D\u00e9rouleur hydraulique (facultatif)<\/td>\n<\/tr>\n<tr>\n<td>Syst\u00e8me de poin\u00e7onnage<\/td>\n<td>Station de poin\u00e7onnage hydraulique<\/td>\n<td>* Pr\u00e9-perforation \/ Post-perforation (facultatif)<\/td>\n<\/tr>\n<tr>\n<td>Station de formage<\/td>\n<td colspan=\"2\" rowspan=\"1\">Selon les profils<\/td>\n<\/tr>\n<tr>\n<td>Syst\u00e8me de conduite<\/td>\n<td>Entrainement par CHAINE<\/td>\n<td>* Entra\u00eenement de bo\u00eete de vitesses (facultatif)<\/td>\n<\/tr>\n<tr>\n<td>Structure de la machine<\/td>\n<td>Station de panneaux muraux<\/td>\n<td>* Station de fer forg\u00e9 (facultatif)<\/td>\n<\/tr>\n<tr>\n<td>Vitesse de formage<\/td>\n<td>10-20 (M\/MIN)<\/td>\n<td>* Ou selon vos besoins<\/td>\n<\/tr>\n<tr>\n<td>Mat\u00e9riau des rouleaux<\/td>\n<td>GCr 15<\/td>\n<td>* Cr12Mov (facultatif)<\/td>\n<\/tr>\n<tr>\n<td>Syst\u00e8me de coupe<\/td>\n<td>Pr\u00e9-coupe<\/td>\n<td>* Coupe post-universelle (en option)<\/td>\n<\/tr>\n<tr>\n<td>Profils<\/td>\n<td>2 en 1<\/td>\n<td>* 3 en 1, 4 en 1<\/td>\n<\/tr>\n<tr>\n<td>Marque de changeur de fr\u00e9quence<\/td>\n<td>Yaskawa<\/td>\n<td>*Siemens (facultatif)<\/td>\n<\/tr>\n<tr>\n<td>Marque PLC<\/td>\n<td>Panasonic<\/td>\n<td>*Siemens (facultatif)<\/td>\n<\/tr>\n<tr>\n<td>Source de courant<\/td>\n<td>380V 50Hz<\/td>\n<td>* Ou selon vos besoins<\/td>\n<\/tr>\n<tr>\n<td>Couleur de l&#039;appareil<\/td>\n<td>Bleu industriel<\/td>\n<td>* Ou selon vos besoins<\/td>\n<\/tr>\n<\/tbody>\n<\/table>\n<\/div>","protected":false},"excerpt":{"rendered":"<p>La profileuse pour profil\u00e9s multiples, \u00e9galement appel\u00e9e profileuse pour pannes 2 en 1 ou 3 en 1 ou 4 en 1, etc. est con\u00e7ue pour produire diff\u00e9rents profil\u00e9s sur une seule machine, ce qui permet d'\u00e9conomiser de l'espace et de l'argent. Avec le d\u00e9veloppement de diverses exigences de production de profil\u00e9s, les clients pr\u00e9f\u00e8rent acheter une machine qui peut produire 2 pannes ou plus. Cette machine est alors le meilleur choix. Il n'est pas n\u00e9cessaire de changer les rouleaux ou les couteaux lors de la production de diff\u00e9rents profils. En m\u00eame temps, l'unit\u00e9 de poin\u00e7onnage est \u00e9galement disponible pour chaque profil.<\/p>","protected":false},"featured_media":5094,"comment_status":"closed","ping_status":"closed","template":"","meta":{"_acf_changed":false},"product_brand":[],"product_cat":[52,116],"product_tag":[],"class_list":{"0":"post-5092","1":"product","2":"type-product","3":"status-publish","4":"has-post-thumbnail","6":"product_cat-steel-structure","7":"product_cat-multi-profiles-roll-forming-machine","9":"first","10":"instock","11":"shipping-taxable","12":"product-type-simple"},"acf":[],"_links":{"self":[{"href":"https:\/\/swforming.com\/fr\/wp-json\/wp\/v2\/product\/5092","targetHints":{"allow":["GET"]}}],"collection":[{"href":"https:\/\/swforming.com\/fr\/wp-json\/wp\/v2\/product"}],"about":[{"href":"https:\/\/swforming.com\/fr\/wp-json\/wp\/v2\/types\/product"}],"replies":[{"embeddable":true,"href":"https:\/\/swforming.com\/fr\/wp-json\/wp\/v2\/comments?post=5092"}],"version-history":[{"count":1,"href":"https:\/\/swforming.com\/fr\/wp-json\/wp\/v2\/product\/5092\/revisions"}],"predecessor-version":[{"id":5102,"href":"https:\/\/swforming.com\/fr\/wp-json\/wp\/v2\/product\/5092\/revisions\/5102"}],"wp:featuredmedia":[{"embeddable":true,"href":"https:\/\/swforming.com\/fr\/wp-json\/wp\/v2\/media\/5094"}],"wp:attachment":[{"href":"https:\/\/swforming.com\/fr\/wp-json\/wp\/v2\/media?parent=5092"}],"wp:term":[{"taxonomy":"product_brand","embeddable":true,"href":"https:\/\/swforming.com\/fr\/wp-json\/wp\/v2\/product_brand?post=5092"},{"taxonomy":"product_cat","embeddable":true,"href":"https:\/\/swforming.com\/fr\/wp-json\/wp\/v2\/product_cat?post=5092"},{"taxonomy":"product_tag","embeddable":true,"href":"https:\/\/swforming.com\/fr\/wp-json\/wp\/v2\/product_tag?post=5092"}],"curies":[{"name":"wp","href":"https:\/\/api.w.org\/{rel}","templated":true}]}}