{"id":5035,"date":"2024-09-18T07:08:35","date_gmt":"2024-09-18T07:08:35","guid":{"rendered":"https:\/\/swforming.com\/?post_type=product&#038;p=5035"},"modified":"2024-09-18T07:08:35","modified_gmt":"2024-09-18T07:08:35","slug":"carriage-board-roll-forming-machine","status":"publish","type":"product","link":"https:\/\/swforming.com\/fr\/product\/carriage-board-roll-forming-machine\/","title":{"rendered":"Petit pain de conseil de chariot formant la machine"},"content":{"rendered":"<p><img fetchpriority=\"high\" decoding=\"async\" class=\"alignnone size-full wp-image-5042\" src=\"https:\/\/swforming.com\/wp-content\/uploads\/2024\/09\/H5ccfa91b6db24b22adda71f9368707e4V.jpg\" alt=\"\" width=\"750\" height=\"900\" title=\"\" srcset=\"https:\/\/swforming.com\/wp-content\/uploads\/2024\/09\/H5ccfa91b6db24b22adda71f9368707e4V.jpg 750w, https:\/\/swforming.com\/wp-content\/uploads\/2024\/09\/H5ccfa91b6db24b22adda71f9368707e4V-250x300.jpg 250w, https:\/\/swforming.com\/wp-content\/uploads\/2024\/09\/H5ccfa91b6db24b22adda71f9368707e4V-10x12.jpg 10w, https:\/\/swforming.com\/wp-content\/uploads\/2024\/09\/H5ccfa91b6db24b22adda71f9368707e4V-600x720.jpg 600w\" sizes=\"(max-width: 750px) 100vw, 750px\" \/><\/p>\n<p>La profileuse pour panneaux de carrosserie en m\u00e9tal est con\u00e7ue pour produire des panneaux lat\u00e9raux de camion de diff\u00e9rentes conceptions. L'\u00e9paisseur est normalement comprise entre 1 et 3 mm.<\/p>\n<p>La profileuse pour plaques de carrosserie de camions est une machine automatique, utilis\u00e9e pour fabriquer les plaques sup\u00e9rieures, inf\u00e9rieures et lat\u00e9rales des plaques de carrosserie de camions. Elle comprend un d\u00e9rouleur, un niveleur, une profileuse, un soudeur, un coupeur, un syst\u00e8me de contr\u00f4le, un syst\u00e8me hydraulique, etc.<\/p>\n<p>Nous r\u00e9alisons diff\u00e9rentes solutions en fonction du dessin, de la tol\u00e9rance et du budget des clients, offrant un service professionnel personnalis\u00e9, adaptable \u00e0 toutes vos exigences. Quelle que soit la ligne que vous choisissez, la qualit\u00e9 de SUNWAY Machinery vous assurera d&#039;obtenir des profil\u00e9s parfaitement fonctionnels.<\/p>\n<h3>Dessins de profil<\/h3>\n<p><img decoding=\"async\" class=\"alignnone size-full wp-image-5043\" src=\"https:\/\/swforming.com\/wp-content\/uploads\/2024\/09\/He8ee2057b3aa44a18438fbd0ed6f9374U.jpg\" alt=\"\" width=\"1300\" height=\"758\" title=\"\" srcset=\"https:\/\/swforming.com\/wp-content\/uploads\/2024\/09\/He8ee2057b3aa44a18438fbd0ed6f9374U.jpg 1300w, https:\/\/swforming.com\/wp-content\/uploads\/2024\/09\/He8ee2057b3aa44a18438fbd0ed6f9374U-300x175.jpg 300w, https:\/\/swforming.com\/wp-content\/uploads\/2024\/09\/He8ee2057b3aa44a18438fbd0ed6f9374U-1024x597.jpg 1024w, https:\/\/swforming.com\/wp-content\/uploads\/2024\/09\/He8ee2057b3aa44a18438fbd0ed6f9374U-768x448.jpg 768w, https:\/\/swforming.com\/wp-content\/uploads\/2024\/09\/He8ee2057b3aa44a18438fbd0ed6f9374U-18x10.jpg 18w, https:\/\/swforming.com\/wp-content\/uploads\/2024\/09\/He8ee2057b3aa44a18438fbd0ed6f9374U-600x350.jpg 600w\" sizes=\"(max-width: 1300px) 100vw, 1300px\" \/><\/p>\n<p><img decoding=\"async\" class=\"alignnone size-full wp-image-5044\" src=\"https:\/\/swforming.com\/wp-content\/uploads\/2024\/09\/18145629.jpg\" alt=\"\" width=\"1054\" height=\"273\" title=\"\" srcset=\"https:\/\/swforming.com\/wp-content\/uploads\/2024\/09\/18145629.jpg 1054w, https:\/\/swforming.com\/wp-content\/uploads\/2024\/09\/18145629-300x78.jpg 300w, https:\/\/swforming.com\/wp-content\/uploads\/2024\/09\/18145629-1024x265.jpg 1024w, https:\/\/swforming.com\/wp-content\/uploads\/2024\/09\/18145629-768x199.jpg 768w, https:\/\/swforming.com\/wp-content\/uploads\/2024\/09\/18145629-18x5.jpg 18w, https:\/\/swforming.com\/wp-content\/uploads\/2024\/09\/18145629-600x155.jpg 600w\" sizes=\"(max-width: 1054px) 100vw, 1054px\" \/><\/p>\n<h3>Ligne de production<\/h3>\n<p><img loading=\"lazy\" decoding=\"async\" class=\"alignnone size-full wp-image-5045\" src=\"https:\/\/swforming.com\/wp-content\/uploads\/2024\/09\/Hccdb0a8ce94c430e9ad6165f42e836d0V.jpg\" alt=\"\" width=\"1748\" height=\"488\" title=\"\" srcset=\"https:\/\/swforming.com\/wp-content\/uploads\/2024\/09\/Hccdb0a8ce94c430e9ad6165f42e836d0V.jpg 1748w, https:\/\/swforming.com\/wp-content\/uploads\/2024\/09\/Hccdb0a8ce94c430e9ad6165f42e836d0V-300x84.jpg 300w, https:\/\/swforming.com\/wp-content\/uploads\/2024\/09\/Hccdb0a8ce94c430e9ad6165f42e836d0V-1024x286.jpg 1024w, https:\/\/swforming.com\/wp-content\/uploads\/2024\/09\/Hccdb0a8ce94c430e9ad6165f42e836d0V-768x214.jpg 768w, https:\/\/swforming.com\/wp-content\/uploads\/2024\/09\/Hccdb0a8ce94c430e9ad6165f42e836d0V-1536x429.jpg 1536w, https:\/\/swforming.com\/wp-content\/uploads\/2024\/09\/Hccdb0a8ce94c430e9ad6165f42e836d0V-18x5.jpg 18w, https:\/\/swforming.com\/wp-content\/uploads\/2024\/09\/Hccdb0a8ce94c430e9ad6165f42e836d0V-600x168.jpg 600w\" sizes=\"(max-width: 1748px) 100vw, 1748px\" \/><\/p>\n<h3>d\u00e9tails du produit<\/h3>\n<h3><img loading=\"lazy\" decoding=\"async\" class=\"alignnone size-full wp-image-5046\" src=\"https:\/\/swforming.com\/wp-content\/uploads\/2024\/09\/918145.jpg\" alt=\"\" width=\"1044\" height=\"1432\" title=\"\" srcset=\"https:\/\/swforming.com\/wp-content\/uploads\/2024\/09\/918145.jpg 1044w, https:\/\/swforming.com\/wp-content\/uploads\/2024\/09\/918145-219x300.jpg 219w, https:\/\/swforming.com\/wp-content\/uploads\/2024\/09\/918145-747x1024.jpg 747w, https:\/\/swforming.com\/wp-content\/uploads\/2024\/09\/918145-768x1053.jpg 768w, https:\/\/swforming.com\/wp-content\/uploads\/2024\/09\/918145-9x12.jpg 9w, https:\/\/swforming.com\/wp-content\/uploads\/2024\/09\/918145-600x823.jpg 600w\" sizes=\"(max-width: 1044px) 100vw, 1044px\" \/><\/h3>\n<h3>Param\u00e8tres du produit<\/h3>\n<div style=\"overflow-x: auto;\">\n<table>\n<tbody>\n<tr>\n<td style=\"text-align: center;\" colspan=\"3\" rowspan=\"1\"><strong>Petit pain de conseil de chariot formant la machine<\/strong><\/td>\n<\/tr>\n<tr>\n<td colspan=\"1\" rowspan=\"3\">\n<div>Mat\u00e9riau usinable<\/div>\n<\/td>\n<td>A) Acier galvanis\u00e9<\/td>\n<td colspan=\"1\" rowspan=\"3\">\n<div>\u00c9paisseur (MM) : 1.0-3.0 ou selon le client<\/div>\n<\/td>\n<\/tr>\n<tr>\n<td>B) Lamin\u00e9s \u00e0 froid ou \u00e0 chaud<\/td>\n<\/tr>\n<tr>\n<td>C) Acier au carbone<\/td>\n<\/tr>\n<tr>\n<td>Limite d&#039;\u00e9lasticit\u00e9<\/td>\n<td colspan=\"2\" rowspan=\"1\">250 \u2013 550 MPa<\/td>\n<\/tr>\n<tr>\n<td>Contrainte de traction<\/td>\n<td colspan=\"2\" rowspan=\"1\">G250 MPa-G550 MPa<\/td>\n<\/tr>\n<tr>\n<td>Profils<\/td>\n<td colspan=\"2\" rowspan=\"1\">Selon le client<\/td>\n<\/tr>\n<tr>\n<td>D\u00e9rouleur<\/td>\n<td colspan=\"2\" rowspan=\"1\">D\u00e9vidoir hydraulique<\/td>\n<\/tr>\n<tr>\n<td>Station de formage<\/td>\n<td colspan=\"2\" rowspan=\"1\">Environ 24 stations ou selon les dessins de profil<\/td>\n<\/tr>\n<tr>\n<td>Syst\u00e8me de conduite<\/td>\n<td>Entra\u00eenement de bo\u00eete de vitesses<\/td>\n<td>* Entra\u00eenement par cha\u00eene (en option)<\/td>\n<\/tr>\n<tr>\n<td>Structure de la machine<\/td>\n<td colspan=\"2\" rowspan=\"1\">Station en fer forg\u00e9<\/td>\n<\/tr>\n<tr>\n<td>Vitesse de formage<\/td>\n<td>0-10 (M\/MIN)<\/td>\n<td>* Non compris la d\u00e9coupe<\/td>\n<\/tr>\n<tr>\n<td>Mat\u00e9riau des rouleaux<\/td>\n<td>GCr 15<\/td>\n<td>* Cr12Mov (facultatif)<\/td>\n<\/tr>\n<tr>\n<td>Syst\u00e8me de coupe<\/td>\n<td>Post-coupe<\/td>\n<td>* Pr\u00e9-coupe (facultatif)<\/td>\n<\/tr>\n<tr>\n<td>Marque de changeur de fr\u00e9quence<\/td>\n<td>Yaskawa<\/td>\n<td>*Siemens (facultatif)<\/td>\n<\/tr>\n<tr>\n<td>Marque PLC<\/td>\n<td>Panasonic<\/td>\n<td>*Siemens (facultatif)<\/td>\n<\/tr>\n<tr>\n<td>Source de courant<\/td>\n<td>380V 50Hz<\/td>\n<td>* Ou selon vos besoins<\/td>\n<\/tr>\n<tr>\n<td>Couleur de l&#039;appareil<\/td>\n<td>Bleu industriel<\/td>\n<td>* Ou selon vos besoins<\/td>\n<\/tr>\n<\/tbody>\n<\/table>\n<\/div>\n<h3>Application<\/h3>\n<p><img loading=\"lazy\" decoding=\"async\" class=\"alignnone size-full wp-image-5047\" src=\"https:\/\/swforming.com\/wp-content\/uploads\/2024\/09\/0918150432.jpg\" alt=\"\" width=\"1054\" height=\"681\" title=\"\" srcset=\"https:\/\/swforming.com\/wp-content\/uploads\/2024\/09\/0918150432.jpg 1054w, https:\/\/swforming.com\/wp-content\/uploads\/2024\/09\/0918150432-300x194.jpg 300w, https:\/\/swforming.com\/wp-content\/uploads\/2024\/09\/0918150432-1024x662.jpg 1024w, https:\/\/swforming.com\/wp-content\/uploads\/2024\/09\/0918150432-768x496.jpg 768w, https:\/\/swforming.com\/wp-content\/uploads\/2024\/09\/0918150432-18x12.jpg 18w, https:\/\/swforming.com\/wp-content\/uploads\/2024\/09\/0918150432-600x388.jpg 600w\" sizes=\"(max-width: 1054px) 100vw, 1054px\" \/><\/p>","protected":false},"excerpt":{"rendered":"<p>La profileuse pour plaques de carrosserie m\u00e9talliques est con\u00e7ue pour produire des plaques lat\u00e9rales de camion de diff\u00e9rentes conceptions. L'\u00e9paisseur est normalement comprise entre 1 et 3 mm. La profileuse pour plaques de carrosserie de camions est une machine automatique, utilis\u00e9e pour fabriquer les plaques sup\u00e9rieures, inf\u00e9rieures et lat\u00e9rales des plaques de carrosserie de camions. Elle comprend un d\u00e9rouleur, un niveleur, une profileuse, un soudeur, un coupeur, un syst\u00e8me de contr\u00f4le, un syst\u00e8me hydraulique, etc.<\/p>","protected":false},"featured_media":5036,"comment_status":"closed","ping_status":"closed","template":"","meta":{"_acf_changed":false},"product_brand":[],"product_cat":[37,88],"product_tag":[],"class_list":{"0":"post-5035","1":"product","2":"type-product","3":"status-publish","4":"has-post-thumbnail","6":"product_cat-highway-engineering-vehicle","7":"product_cat-carriage-board-roll-forming-machine","9":"first","10":"instock","11":"shipping-taxable","12":"product-type-simple"},"acf":[],"_links":{"self":[{"href":"https:\/\/swforming.com\/fr\/wp-json\/wp\/v2\/product\/5035","targetHints":{"allow":["GET"]}}],"collection":[{"href":"https:\/\/swforming.com\/fr\/wp-json\/wp\/v2\/product"}],"about":[{"href":"https:\/\/swforming.com\/fr\/wp-json\/wp\/v2\/types\/product"}],"replies":[{"embeddable":true,"href":"https:\/\/swforming.com\/fr\/wp-json\/wp\/v2\/comments?post=5035"}],"version-history":[{"count":1,"href":"https:\/\/swforming.com\/fr\/wp-json\/wp\/v2\/product\/5035\/revisions"}],"predecessor-version":[{"id":5048,"href":"https:\/\/swforming.com\/fr\/wp-json\/wp\/v2\/product\/5035\/revisions\/5048"}],"wp:featuredmedia":[{"embeddable":true,"href":"https:\/\/swforming.com\/fr\/wp-json\/wp\/v2\/media\/5036"}],"wp:attachment":[{"href":"https:\/\/swforming.com\/fr\/wp-json\/wp\/v2\/media?parent=5035"}],"wp:term":[{"taxonomy":"product_brand","embeddable":true,"href":"https:\/\/swforming.com\/fr\/wp-json\/wp\/v2\/product_brand?post=5035"},{"taxonomy":"product_cat","embeddable":true,"href":"https:\/\/swforming.com\/fr\/wp-json\/wp\/v2\/product_cat?post=5035"},{"taxonomy":"product_tag","embeddable":true,"href":"https:\/\/swforming.com\/fr\/wp-json\/wp\/v2\/product_tag?post=5035"}],"curies":[{"name":"wp","href":"https:\/\/api.w.org\/{rel}","templated":true}]}}