{"id":4995,"date":"2024-09-09T06:05:24","date_gmt":"2024-09-09T06:05:24","guid":{"rendered":"https:\/\/swforming.com\/?post_type=product&#038;p=4995"},"modified":"2024-09-09T06:05:25","modified_gmt":"2024-09-09T06:05:25","slug":"auto-changeable-c-z-purline-machine","status":"publish","type":"product","link":"https:\/\/swforming.com\/fr\/product\/auto-changeable-c-z-purline-machine\/","title":{"rendered":"Machine \u00e0 puriner C Z \u00e0 changement automatique"},"content":{"rendered":"<p><img fetchpriority=\"high\" decoding=\"async\" class=\"alignnone size-full wp-image-5002\" src=\"https:\/\/swforming.com\/wp-content\/uploads\/2024\/09\/Hf8413c10180b49e989c13b48be5c54242.jpg\" alt=\"\" width=\"750\" height=\"900\" title=\"\" srcset=\"https:\/\/swforming.com\/wp-content\/uploads\/2024\/09\/Hf8413c10180b49e989c13b48be5c54242.jpg 750w, https:\/\/swforming.com\/wp-content\/uploads\/2024\/09\/Hf8413c10180b49e989c13b48be5c54242-250x300.jpg 250w, https:\/\/swforming.com\/wp-content\/uploads\/2024\/09\/Hf8413c10180b49e989c13b48be5c54242-10x12.jpg 10w, https:\/\/swforming.com\/wp-content\/uploads\/2024\/09\/Hf8413c10180b49e989c13b48be5c54242-600x720.jpg 600w\" sizes=\"(max-width: 750px) 100vw, 750px\" \/><\/p>\n<p>Cette profileuse de pannes CZ \u00e0 changement de taille automatique (entra\u00eenement par bo\u00eete de vitesses) est utilis\u00e9e pour produire des pannes de forme C&amp;Z de 100 \u00e0 300 mm de largeur, l'\u00e9paisseur du mat\u00e9riau \u00e9tant normalement de 1,5 \u00e0 3 mm.<\/p>\n<p>SUNWAY a con\u00e7u cette profileuse \u00e0 changement rapide de pannes CZ pour travailler avec n'importe quelle taille de pannes, les tailles \u00e9tant automatiquement r\u00e9gl\u00e9es par PLC. De plus, le temps de changement de C \u00e0 Z n'est que de 5 \u00e0 10 minutes. En ce qui concerne l'unit\u00e9 de poin\u00e7onnage, nous pouvons concevoir le pr\u00e9-poin\u00e7onnage et le post-poin\u00e7onnage selon vos besoins. Pour l'unit\u00e9 de coupe, vous pouvez choisir la pr\u00e9-coupe ou la post-coupe qui est une coupe universelle. Le syst\u00e8me d'entra\u00eenement adopte la cha\u00eene et la plupart du temps un cardan ou une bo\u00eete de vitesses pour la transmission si le mat\u00e9riau brut est plus \u00e9pais que 2,5 mm, ce qui donne une puissance d'entra\u00eenement beaucoup plus forte et plus stable lors de la formation des pannes.<\/p>\n<p>La profileuse pour pannes est la plus populaire et est largement utilis\u00e9e dans les syst\u00e8mes de construction m\u00e9tallique, les solutions de toiture \u00e0 grande \u00e9chelle, les projets de construction et de r\u00e9novation, etc. Notre profileuse pour pannes peut produire des pannes en C, des pannes en U et des pannes en Z. Les dimensions usinables sont les suivantes : Largeur : 100-300mm, Hauteur : 50-100mm, Epaisseur : 1.5-3mm. En fonction de votre profil de section, de votre gamme de taille et de votre gamme d'\u00e9paisseur, nous pouvons vous fournir diff\u00e9rentes solutions de profileuse pour pannes afin de fabriquer une gamme compl\u00e8te de pannes structurelles (changement de hauteur et de largeur \u00e0 l'aide d'un syst\u00e8me automatique par des moteurs) :<\/p>\n<p>Si vous n'avez besoin de produire que quelques tailles, nous vous proposons \u00e9galement de changer manuellement les manchons, ce qui est plus abordable. Nous proposons diff\u00e9rentes solutions en fonction du dessin, de la tol\u00e9rance et du budget du client, offrant un service professionnel personnalis\u00e9, adaptable \u00e0 toutes vos exigences. Quelle que soit la ligne que vous choisissez, la qualit\u00e9 des machines SUNWAY vous permettra d'obtenir des profil\u00e9s parfaitement fonctionnels.<\/p>\n<h3>Dessins de profil<\/h3>\n<p><img decoding=\"async\" class=\"alignnone size-full wp-image-5003\" src=\"https:\/\/swforming.com\/wp-content\/uploads\/2024\/09\/Hd050c85e1823464cb463c184a431cd6cv.jpg\" alt=\"\" width=\"1748\" height=\"1847\" title=\"\" srcset=\"https:\/\/swforming.com\/wp-content\/uploads\/2024\/09\/Hd050c85e1823464cb463c184a431cd6cv.jpg 1748w, https:\/\/swforming.com\/wp-content\/uploads\/2024\/09\/Hd050c85e1823464cb463c184a431cd6cv-284x300.jpg 284w, https:\/\/swforming.com\/wp-content\/uploads\/2024\/09\/Hd050c85e1823464cb463c184a431cd6cv-969x1024.jpg 969w, https:\/\/swforming.com\/wp-content\/uploads\/2024\/09\/Hd050c85e1823464cb463c184a431cd6cv-768x811.jpg 768w, https:\/\/swforming.com\/wp-content\/uploads\/2024\/09\/Hd050c85e1823464cb463c184a431cd6cv-1454x1536.jpg 1454w, https:\/\/swforming.com\/wp-content\/uploads\/2024\/09\/Hd050c85e1823464cb463c184a431cd6cv-11x12.jpg 11w, https:\/\/swforming.com\/wp-content\/uploads\/2024\/09\/Hd050c85e1823464cb463c184a431cd6cv-600x634.jpg 600w\" sizes=\"(max-width: 1748px) 100vw, 1748px\" \/><\/p>\n<p><img decoding=\"async\" class=\"alignnone size-full wp-image-5004\" src=\"https:\/\/swforming.com\/wp-content\/uploads\/2024\/09\/9135730.jpg\" alt=\"\" width=\"1052\" height=\"561\" title=\"\" srcset=\"https:\/\/swforming.com\/wp-content\/uploads\/2024\/09\/9135730.jpg 1052w, https:\/\/swforming.com\/wp-content\/uploads\/2024\/09\/9135730-300x160.jpg 300w, https:\/\/swforming.com\/wp-content\/uploads\/2024\/09\/9135730-1024x546.jpg 1024w, https:\/\/swforming.com\/wp-content\/uploads\/2024\/09\/9135730-768x410.jpg 768w, https:\/\/swforming.com\/wp-content\/uploads\/2024\/09\/9135730-18x10.jpg 18w, https:\/\/swforming.com\/wp-content\/uploads\/2024\/09\/9135730-600x320.jpg 600w\" sizes=\"(max-width: 1052px) 100vw, 1052px\" \/><\/p>\n<h3>Ligne de production<\/h3>\n<p><img loading=\"lazy\" decoding=\"async\" class=\"alignnone size-full wp-image-5005\" src=\"https:\/\/swforming.com\/wp-content\/uploads\/2024\/09\/H896d84522a834fb893a761318a943ca6l.jpg\" alt=\"\" width=\"1748\" height=\"925\" title=\"\" srcset=\"https:\/\/swforming.com\/wp-content\/uploads\/2024\/09\/H896d84522a834fb893a761318a943ca6l.jpg 1748w, https:\/\/swforming.com\/wp-content\/uploads\/2024\/09\/H896d84522a834fb893a761318a943ca6l-300x159.jpg 300w, https:\/\/swforming.com\/wp-content\/uploads\/2024\/09\/H896d84522a834fb893a761318a943ca6l-1024x542.jpg 1024w, https:\/\/swforming.com\/wp-content\/uploads\/2024\/09\/H896d84522a834fb893a761318a943ca6l-768x406.jpg 768w, https:\/\/swforming.com\/wp-content\/uploads\/2024\/09\/H896d84522a834fb893a761318a943ca6l-1536x813.jpg 1536w, https:\/\/swforming.com\/wp-content\/uploads\/2024\/09\/H896d84522a834fb893a761318a943ca6l-18x10.jpg 18w, https:\/\/swforming.com\/wp-content\/uploads\/2024\/09\/H896d84522a834fb893a761318a943ca6l-600x318.jpg 600w\" sizes=\"(max-width: 1748px) 100vw, 1748px\" \/><\/p>\n<h3>d\u00e9tails du produit<\/h3>\n<p>&nbsp;<\/p>\n<p><img loading=\"lazy\" decoding=\"async\" class=\"alignnone size-full wp-image-5006\" src=\"https:\/\/swforming.com\/wp-content\/uploads\/2024\/09\/Product-Details-of-Auto-Changeable-C-Z-Purline-Machine.jpg\" alt=\"\" width=\"1045\" height=\"1902\" title=\"\" srcset=\"https:\/\/swforming.com\/wp-content\/uploads\/2024\/09\/Product-Details-of-Auto-Changeable-C-Z-Purline-Machine.jpg 1045w, https:\/\/swforming.com\/wp-content\/uploads\/2024\/09\/Product-Details-of-Auto-Changeable-C-Z-Purline-Machine-165x300.jpg 165w, https:\/\/swforming.com\/wp-content\/uploads\/2024\/09\/Product-Details-of-Auto-Changeable-C-Z-Purline-Machine-563x1024.jpg 563w, https:\/\/swforming.com\/wp-content\/uploads\/2024\/09\/Product-Details-of-Auto-Changeable-C-Z-Purline-Machine-768x1398.jpg 768w, https:\/\/swforming.com\/wp-content\/uploads\/2024\/09\/Product-Details-of-Auto-Changeable-C-Z-Purline-Machine-844x1536.jpg 844w, https:\/\/swforming.com\/wp-content\/uploads\/2024\/09\/Product-Details-of-Auto-Changeable-C-Z-Purline-Machine-7x12.jpg 7w, https:\/\/swforming.com\/wp-content\/uploads\/2024\/09\/Product-Details-of-Auto-Changeable-C-Z-Purline-Machine-600x1092.jpg 600w\" sizes=\"(max-width: 1045px) 100vw, 1045px\" \/><\/p>\n<h3>Param\u00e8tres du produit<\/h3>\n<div style=\"overflow-x: auto;\">\n<table>\n<tbody>\n<tr>\n<td colspan=\"3\" rowspan=\"1\">Ligne de profilage de pannes CZ \u00e0 changement de taille automatique<\/td>\n<\/tr>\n<tr>\n<td colspan=\"1\" rowspan=\"2\">\n<div>Mat\u00e9riau usinable<\/div>\n<\/td>\n<td>A) Bobine galvanis\u00e9e<\/td>\n<td colspan=\"1\" rowspan=\"2\">\n<div>\u00c9paisseur(MM) : 1,5-3 ou selon le client<\/div>\n<\/td>\n<\/tr>\n<tr>\n<td>B) Bobine d&#039;acier au carbone<\/td>\n<\/tr>\n<tr>\n<td>Limite d&#039;\u00e9lasticit\u00e9<\/td>\n<td colspan=\"2\" rowspan=\"1\">250 \u2013 550 MPa<\/td>\n<\/tr>\n<tr>\n<td>Contrainte de traction<\/td>\n<td colspan=\"2\" rowspan=\"1\">G350 MPa-G550 MPa<\/td>\n<\/tr>\n<tr>\n<td>D\u00e9rouleur<\/td>\n<td>D\u00e9rouleur manuel<\/td>\n<td>* D\u00e9rouleur hydraulique (facultatif)<\/td>\n<\/tr>\n<tr>\n<td>Syst\u00e8me de poin\u00e7onnage<\/td>\n<td>Pr\u00e9-punch<\/td>\n<td>* Poin\u00e7on de poste (optionnel)<\/td>\n<\/tr>\n<tr>\n<td>Station de formage<\/td>\n<td colspan=\"2\" rowspan=\"1\">16-18 Stations<\/td>\n<\/tr>\n<tr>\n<td>Syst\u00e8me de conduite<\/td>\n<td>Entrainement par CHAINE<\/td>\n<td>* Entra\u00eenement de bo\u00eete de vitesses (facultatif)<\/td>\n<\/tr>\n<tr>\n<td>Structure de la machine<\/td>\n<td>Station de panneaux muraux<\/td>\n<td>* Station de fer forg\u00e9 (facultatif)<\/td>\n<\/tr>\n<tr>\n<td>Vitesse de formage<\/td>\n<td>10-20 (M\/MIN)<\/td>\n<td>* Ou selon vos besoins<\/td>\n<\/tr>\n<tr>\n<td>Mat\u00e9riau des rouleaux<\/td>\n<td>GCr 15<\/td>\n<td>* Cr12Mov (facultatif)<\/td>\n<\/tr>\n<tr>\n<td>Syst\u00e8me de coupe<\/td>\n<td>Pr\u00e9-coupe<\/td>\n<td>* Coupe post-universelle (en option)<\/td>\n<\/tr>\n<tr>\n<td>Marque de changeur de fr\u00e9quence<\/td>\n<td>Yaskawa<\/td>\n<td>*Siemens (facultatif)<\/td>\n<\/tr>\n<tr>\n<td>Marque PLC<\/td>\n<td>Panasonic<\/td>\n<td>*Siemens (facultatif)<\/td>\n<\/tr>\n<tr>\n<td>Source de courant<\/td>\n<td>380V 50Hz<\/td>\n<td>* Ou selon vos besoins<\/td>\n<\/tr>\n<tr>\n<td>Couleur de l&#039;appareil<\/td>\n<td>Bleu industriel<\/td>\n<td>* Ou selon vos besoins<\/td>\n<\/tr>\n<\/tbody>\n<\/table>\n<\/div>\n<h3>Application<\/h3>\n<p><img loading=\"lazy\" decoding=\"async\" class=\"alignnone size-full wp-image-5007\" src=\"https:\/\/swforming.com\/wp-content\/uploads\/2024\/09\/9140347.jpg\" alt=\"\" width=\"1054\" height=\"681\" title=\"\" srcset=\"https:\/\/swforming.com\/wp-content\/uploads\/2024\/09\/9140347.jpg 1054w, https:\/\/swforming.com\/wp-content\/uploads\/2024\/09\/9140347-300x194.jpg 300w, https:\/\/swforming.com\/wp-content\/uploads\/2024\/09\/9140347-1024x662.jpg 1024w, https:\/\/swforming.com\/wp-content\/uploads\/2024\/09\/9140347-768x496.jpg 768w, https:\/\/swforming.com\/wp-content\/uploads\/2024\/09\/9140347-18x12.jpg 18w, https:\/\/swforming.com\/wp-content\/uploads\/2024\/09\/9140347-600x388.jpg 600w\" sizes=\"(max-width: 1054px) 100vw, 1054px\" \/><\/p>","protected":false},"excerpt":{"rendered":"<p>SUNWAY a con\u00e7u cette machine \u00e0 pannes C Z \u00e0 changement automatique pour travailler avec n'importe quelle taille de pannes, les tailles \u00e9tant automatiquement r\u00e9gl\u00e9es par l'automate programmable. De plus, le temps de changement de C \u00e0 Z n'est que de 5 \u00e0 10 minutes. En ce qui concerne l'unit\u00e9 de poin\u00e7onnage, nous pouvons concevoir le pr\u00e9-poin\u00e7onnage et le post-poin\u00e7onnage selon vos besoins. Pour l'unit\u00e9 de coupe, vous pouvez choisir la pr\u00e9-coupe ou la post-coupe qui est une coupe universelle. Le syst\u00e8me d'entra\u00eenement adopte la cha\u00eene et la plupart du temps un cardan ou une bo\u00eete de vitesses pour la transmission si le mat\u00e9riau brut est plus \u00e9pais que 2,5 mm, ce qui donne une puissance d'entra\u00eenement beaucoup plus forte et plus stable lors de la formation des pannes.<\/p>","protected":false},"featured_media":4999,"comment_status":"closed","ping_status":"closed","template":"","meta":{"_acf_changed":false},"product_brand":[],"product_cat":[52,74],"product_tag":[],"class_list":{"0":"post-4995","1":"product","2":"type-product","3":"status-publish","4":"has-post-thumbnail","6":"product_cat-steel-structure","7":"product_cat-cz-purlin-roll-forming-machine","9":"first","10":"instock","11":"shipping-taxable","12":"product-type-simple"},"acf":[],"_links":{"self":[{"href":"https:\/\/swforming.com\/fr\/wp-json\/wp\/v2\/product\/4995","targetHints":{"allow":["GET"]}}],"collection":[{"href":"https:\/\/swforming.com\/fr\/wp-json\/wp\/v2\/product"}],"about":[{"href":"https:\/\/swforming.com\/fr\/wp-json\/wp\/v2\/types\/product"}],"replies":[{"embeddable":true,"href":"https:\/\/swforming.com\/fr\/wp-json\/wp\/v2\/comments?post=4995"}],"version-history":[{"count":1,"href":"https:\/\/swforming.com\/fr\/wp-json\/wp\/v2\/product\/4995\/revisions"}],"predecessor-version":[{"id":5008,"href":"https:\/\/swforming.com\/fr\/wp-json\/wp\/v2\/product\/4995\/revisions\/5008"}],"wp:featuredmedia":[{"embeddable":true,"href":"https:\/\/swforming.com\/fr\/wp-json\/wp\/v2\/media\/4999"}],"wp:attachment":[{"href":"https:\/\/swforming.com\/fr\/wp-json\/wp\/v2\/media?parent=4995"}],"wp:term":[{"taxonomy":"product_brand","embeddable":true,"href":"https:\/\/swforming.com\/fr\/wp-json\/wp\/v2\/product_brand?post=4995"},{"taxonomy":"product_cat","embeddable":true,"href":"https:\/\/swforming.com\/fr\/wp-json\/wp\/v2\/product_cat?post=4995"},{"taxonomy":"product_tag","embeddable":true,"href":"https:\/\/swforming.com\/fr\/wp-json\/wp\/v2\/product_tag?post=4995"}],"curies":[{"name":"wp","href":"https:\/\/api.w.org\/{rel}","templated":true}]}}