{"id":4116,"date":"2023-10-09T07:14:44","date_gmt":"2023-10-09T07:14:44","guid":{"rendered":"https:\/\/swforming.com\/?post_type=product&#038;p=4116"},"modified":"2023-10-09T07:14:45","modified_gmt":"2023-10-09T07:14:45","slug":"standing-seam-roof-panel-curving-machine","status":"publish","type":"product","link":"https:\/\/swforming.com\/fr\/product\/standing-seam-roof-panel-curving-machine\/","title":{"rendered":"Machine \u00e0 courber les panneaux de toiture \u00e0 joint debout"},"content":{"rendered":"<p><img fetchpriority=\"high\" decoding=\"async\" class=\"alignnone size-full wp-image-4123\" src=\"https:\/\/swforming.com\/wp-content\/uploads\/2023\/10\/Hdb6b3551486545a99263491c925ab718A.jpg\" alt=\"\" width=\"750\" height=\"1239\" title=\"\" srcset=\"https:\/\/swforming.com\/wp-content\/uploads\/2023\/10\/Hdb6b3551486545a99263491c925ab718A.jpg 750w, https:\/\/swforming.com\/wp-content\/uploads\/2023\/10\/Hdb6b3551486545a99263491c925ab718A-600x991.jpg 600w, https:\/\/swforming.com\/wp-content\/uploads\/2023\/10\/Hdb6b3551486545a99263491c925ab718A-182x300.jpg 182w, https:\/\/swforming.com\/wp-content\/uploads\/2023\/10\/Hdb6b3551486545a99263491c925ab718A-620x1024.jpg 620w, https:\/\/swforming.com\/wp-content\/uploads\/2023\/10\/Hdb6b3551486545a99263491c925ab718A-7x12.jpg 7w\" sizes=\"(max-width: 750px) 100vw, 750px\" \/><\/p>\n<p>La cintreuse de panneaux de toiture \u00e0 joint debout, \u00e9galement appel\u00e9e cintreuse de panneaux de toiture, est un dispositif auxiliaire pour une profileuse de panneaux de toiture \u00e0 joint debout. Elle est utilis\u00e9e pour courber la t\u00f4le de toiture \u00e0 joint debout selon la forme requise avec diff\u00e9rents rayons. G\u00e9n\u00e9ralement, un client ach\u00e8te une profileuse de panneaux de toiture \u00e0 joint debout avec cette machine \u00e0 sertir. La sertisseuse sert \u00e0 courber la feuille produite par la profileuse de feuilles de toiture. Normalement, l'\u00e9paisseur du panneau est de 0,3-0,8 mm avec de l'acier galvanis\u00e9 normal ou des bobines color\u00e9es.<\/p>\n<p>Dans les industries de la construction, nous sommes en mesure de fabriquer davantage de machines, telles que des profileuses pour canaux principaux, des profileuses pour pannes, des profileuses pour cloisons s\u00e8ches, des profileuses pour montants, des profileuses pour rails, des profileuses pour chapeaux, des profileuses pour clips, des profileuses pour tabliers m\u00e9talliques (tabliers de sol), des profileuses pour panneaux de toiture\/mur, des profileuses pour tuiles, des profileuses pour plaques ondul\u00e9es, des profileuses pour fa\u00eeti\u00e8res, des profileuses pour descentes pluviales, etc.<\/p>\n<p>Nous r\u00e9alisons diff\u00e9rentes solutions en fonction du dessin, de la tol\u00e9rance et du budget des clients, offrant un service professionnel personnalis\u00e9, adaptable \u00e0 toutes vos exigences. Quelle que soit la ligne que vous choisissez, la qualit\u00e9 de SUNWAY Machinery vous assurera d&#039;obtenir des profil\u00e9s parfaitement fonctionnels.<\/p>\n<h3>Dessins de profil<\/h3>\n<p><img decoding=\"async\" class=\"alignnone size-full wp-image-4124\" src=\"https:\/\/swforming.com\/wp-content\/uploads\/2023\/10\/H0194a052e2964576a5da2f9991c9c9d9h.jpg\" alt=\"\" width=\"1748\" height=\"2101\" title=\"\" srcset=\"https:\/\/swforming.com\/wp-content\/uploads\/2023\/10\/H0194a052e2964576a5da2f9991c9c9d9h.jpg 1748w, https:\/\/swforming.com\/wp-content\/uploads\/2023\/10\/H0194a052e2964576a5da2f9991c9c9d9h-600x721.jpg 600w, https:\/\/swforming.com\/wp-content\/uploads\/2023\/10\/H0194a052e2964576a5da2f9991c9c9d9h-250x300.jpg 250w, https:\/\/swforming.com\/wp-content\/uploads\/2023\/10\/H0194a052e2964576a5da2f9991c9c9d9h-852x1024.jpg 852w, https:\/\/swforming.com\/wp-content\/uploads\/2023\/10\/H0194a052e2964576a5da2f9991c9c9d9h-768x923.jpg 768w, https:\/\/swforming.com\/wp-content\/uploads\/2023\/10\/H0194a052e2964576a5da2f9991c9c9d9h-1278x1536.jpg 1278w, https:\/\/swforming.com\/wp-content\/uploads\/2023\/10\/H0194a052e2964576a5da2f9991c9c9d9h-1704x2048.jpg 1704w, https:\/\/swforming.com\/wp-content\/uploads\/2023\/10\/H0194a052e2964576a5da2f9991c9c9d9h-10x12.jpg 10w\" sizes=\"(max-width: 1748px) 100vw, 1748px\" \/> <img decoding=\"async\" class=\"alignnone size-full wp-image-4125\" src=\"https:\/\/swforming.com\/wp-content\/uploads\/2023\/10\/009151118.png\" alt=\"\" width=\"750\" height=\"184\" title=\"\" srcset=\"https:\/\/swforming.com\/wp-content\/uploads\/2023\/10\/009151118.png 750w, https:\/\/swforming.com\/wp-content\/uploads\/2023\/10\/009151118-600x147.png 600w, https:\/\/swforming.com\/wp-content\/uploads\/2023\/10\/009151118-300x74.png 300w, https:\/\/swforming.com\/wp-content\/uploads\/2023\/10\/009151118-18x4.png 18w\" sizes=\"(max-width: 750px) 100vw, 750px\" \/><\/p>\n<h3>Param\u00e8tres du produit<\/h3>\n<div style=\"overflow-x: auto;\">\n<table>\n<tbody>\n<tr>\n<td style=\"text-align: center;\" colspan=\"3\" rowspan=\"1\" data-sheets-value=\"{&quot;1&quot;:2,&quot;2&quot;:&quot;Standing Seam Roof Panel Curving Machine&quot;}\"><strong>Machine \u00e0 courber les panneaux de toiture \u00e0 joint debout<\/strong><\/td>\n<\/tr>\n<tr>\n<td colspan=\"1\" rowspan=\"2\" data-sheets-value=\"{&quot;1&quot;:2,&quot;2&quot;:&quot;Raw Material&quot;}\">\n<div>Mati\u00e8res premi\u00e8res<\/div>\n<\/td>\n<td data-sheets-value=\"{&quot;1&quot;:2,&quot;2&quot;:&quot;A) Galvanized Coil&quot;}\">A) Bobine galvanis\u00e9e<\/td>\n<td colspan=\"1\" rowspan=\"2\" data-sheets-value=\"{&quot;1&quot;:2,&quot;2&quot;:&quot;Thickness(MM): 0.3-0.8 or as per customer&quot;}\">\n<div>\u00c9paisseur (MM) : 0,3-0,8 ou selon le client<\/div>\n<\/td>\n<\/tr>\n<tr>\n<td data-sheets-value=\"{&quot;1&quot;:2,&quot;2&quot;:&quot;B) Aluminium coil, s.s coil&quot;}\">B) Bobine d'aluminium, bobine s.s.<\/td>\n<\/tr>\n<tr>\n<td data-sheets-value=\"{&quot;1&quot;:2,&quot;2&quot;:&quot;Yield Strength&quot;}\">Limite d&#039;\u00e9lasticit\u00e9<\/td>\n<td colspan=\"2\" rowspan=\"1\" data-sheets-value=\"{&quot;1&quot;:2,&quot;2&quot;:&quot;250 - 350 Mpa \/ 350-550 Mpa Or More&quot;}\">250 - 350 Mpa \/ 350-550 Mpa ou plus<\/td>\n<\/tr>\n<tr>\n<td data-sheets-value=\"{&quot;1&quot;:2,&quot;2&quot;:&quot;Tensil Stress&quot;}\">Contrainte de traction<\/td>\n<td colspan=\"2\" rowspan=\"1\" data-sheets-value=\"{&quot;1&quot;:2,&quot;2&quot;:&quot;350 Mpa - 550 Mpa Or More&quot;}\">350 Mpa - 550 Mpa ou plus<\/td>\n<\/tr>\n<tr>\n<td data-sheets-value=\"{&quot;1&quot;:2,&quot;2&quot;:&quot;Panel Width&quot;}\">Largeur du panneau<\/td>\n<td colspan=\"2\" rowspan=\"1\" data-sheets-value=\"{&quot;1&quot;:2,&quot;2&quot;:&quot;As Per The Panel With Comes From Roll Forming Machine&quot;}\">Selon le panneau avec la machine de formage de rouleaux<\/td>\n<\/tr>\n<tr>\n<td data-sheets-value=\"{&quot;1&quot;:2,&quot;2&quot;:&quot;Feeding Way&quot;}\">Mode d'alimentation<\/td>\n<td colspan=\"2\" rowspan=\"1\" data-sheets-value=\"{&quot;1&quot;:2,&quot;2&quot;:&quot;Manual Feeding&quot;}\">Alimentation manuelle<\/td>\n<\/tr>\n<tr>\n<td data-sheets-value=\"{&quot;1&quot;:2,&quot;2&quot;:&quot;Curving System&quot;}\">Syst\u00e8me de courbure<\/td>\n<td colspan=\"2\" rowspan=\"1\" data-sheets-value=\"{&quot;1&quot;:2,&quot;2&quot;:&quot;Hydraulic&quot;}\">Hydraulique<\/td>\n<\/tr>\n<tr>\n<td data-sheets-value=\"{&quot;1&quot;:2,&quot;2&quot;:&quot;Material Of Punching Mould&quot;}\">Mat\u00e9riau du moule de poin\u00e7onnage<\/td>\n<td colspan=\"2\" rowspan=\"1\" data-sheets-value=\"{&quot;1&quot;:2,&quot;2&quot;:&quot;Cr12Mov, Heat Treatment&quot;}\">Cr12Mov, Traitement thermique<\/td>\n<\/tr>\n<tr>\n<td data-sheets-value=\"{&quot;1&quot;:2,&quot;2&quot;:&quot;Automatic&quot;}\">Automatique<\/td>\n<td colspan=\"2\" rowspan=\"1\" data-sheets-value=\"{&quot;1&quot;:2,&quot;2&quot;:&quot;Automatic Set-up Radius, 20 Different Radius Can Be Inputted In Control System At The Same Time (Both Positive Arc And Reversed Arc)&quot;}\">R\u00e9glage automatique du rayon, 20 rayons diff\u00e9rents peuvent \u00eatre entr\u00e9s dans le syst\u00e8me de contr\u00f4le en m\u00eame temps (arc positif et arc invers\u00e9).<\/td>\n<\/tr>\n<tr>\n<td data-sheets-value=\"{&quot;1&quot;:2,&quot;2&quot;:&quot;Curving Speed&quot;}\">Vitesse de courbure<\/td>\n<td colspan=\"2\" rowspan=\"1\" data-sheets-value=\"{&quot;1&quot;:2,&quot;2&quot;:&quot;About 15m\/min&quot;}\">Environ 15m\/min<\/td>\n<\/tr>\n<tr>\n<td data-sheets-value=\"{&quot;1&quot;:2,&quot;2&quot;:&quot;Power Supply&quot;}\">Source de courant<\/td>\n<td data-sheets-value=\"{&quot;1&quot;:2,&quot;2&quot;:&quot;380V 50Hz&quot;}\">380V 50Hz<\/td>\n<td data-sheets-value=\"{&quot;1&quot;:2,&quot;2&quot;:&quot;* Or According To Your Requirment&quot;}\">* Ou selon vos besoins<\/td>\n<\/tr>\n<tr>\n<td data-sheets-value=\"{&quot;1&quot;:2,&quot;2&quot;:&quot;Machine Color&quot;}\">Couleur de l&#039;appareil<\/td>\n<td data-sheets-value=\"{&quot;1&quot;:2,&quot;2&quot;:&quot;Industrial Blue&quot;}\">Bleu industriel<\/td>\n<td data-sheets-value=\"{&quot;1&quot;:2,&quot;2&quot;:&quot;* Or According To Your Requirment&quot;}\">* Ou selon vos besoins<\/td>\n<\/tr>\n<\/tbody>\n<\/table>\n<\/div>","protected":false},"excerpt":{"rendered":"<p>La cintreuse de panneaux de toiture \u00e0 joint debout, \u00e9galement appel\u00e9e cintreuse de panneaux de toiture, est un dispositif auxiliaire pour une profileuse de panneaux de toiture \u00e0 joint debout. Elle est utilis\u00e9e pour courber la t\u00f4le de toiture \u00e0 joint debout selon la forme requise avec diff\u00e9rents rayons. G\u00e9n\u00e9ralement, un client ach\u00e8te une profileuse de panneaux de toiture \u00e0 joint debout avec cette machine \u00e0 sertir. La sertisseuse sert \u00e0 courber la feuille produite par la profileuse de feuilles de toiture. Normalement, l'\u00e9paisseur du panneau est de 0,3-0,8 mm avec de l'acier galvanis\u00e9 normal ou des bobines color\u00e9es.<\/p>","protected":false},"featured_media":4117,"comment_status":"closed","ping_status":"closed","template":"","meta":{"_acf_changed":false},"product_brand":[],"product_cat":[45,115],"product_tag":[],"class_list":{"0":"post-4116","1":"product","2":"type-product","3":"status-publish","4":"has-post-thumbnail","6":"product_cat-metal-wall-roofing","7":"product_cat-stand-seaming-roof-panel-roll-forming-machine","9":"first","10":"instock","11":"shipping-taxable","12":"product-type-simple"},"acf":[],"_links":{"self":[{"href":"https:\/\/swforming.com\/fr\/wp-json\/wp\/v2\/product\/4116","targetHints":{"allow":["GET"]}}],"collection":[{"href":"https:\/\/swforming.com\/fr\/wp-json\/wp\/v2\/product"}],"about":[{"href":"https:\/\/swforming.com\/fr\/wp-json\/wp\/v2\/types\/product"}],"replies":[{"embeddable":true,"href":"https:\/\/swforming.com\/fr\/wp-json\/wp\/v2\/comments?post=4116"}],"version-history":[{"count":1,"href":"https:\/\/swforming.com\/fr\/wp-json\/wp\/v2\/product\/4116\/revisions"}],"predecessor-version":[{"id":4126,"href":"https:\/\/swforming.com\/fr\/wp-json\/wp\/v2\/product\/4116\/revisions\/4126"}],"wp:featuredmedia":[{"embeddable":true,"href":"https:\/\/swforming.com\/fr\/wp-json\/wp\/v2\/media\/4117"}],"wp:attachment":[{"href":"https:\/\/swforming.com\/fr\/wp-json\/wp\/v2\/media?parent=4116"}],"wp:term":[{"taxonomy":"product_brand","embeddable":true,"href":"https:\/\/swforming.com\/fr\/wp-json\/wp\/v2\/product_brand?post=4116"},{"taxonomy":"product_cat","embeddable":true,"href":"https:\/\/swforming.com\/fr\/wp-json\/wp\/v2\/product_cat?post=4116"},{"taxonomy":"product_tag","embeddable":true,"href":"https:\/\/swforming.com\/fr\/wp-json\/wp\/v2\/product_tag?post=4116"}],"curies":[{"name":"wp","href":"https:\/\/api.w.org\/{rel}","templated":true}]}}