{"id":4074,"date":"2023-09-25T09:04:56","date_gmt":"2023-09-25T09:04:56","guid":{"rendered":"https:\/\/swforming.com\/?post_type=product&#038;p=4074"},"modified":"2023-09-25T09:04:57","modified_gmt":"2023-09-25T09:04:57","slug":"semi-auto-size-changeable-cz-purlin-roll-forming-machine","status":"publish","type":"product","link":"https:\/\/swforming.com\/fr\/product\/semi-auto-size-changeable-cz-purlin-roll-forming-machine\/","title":{"rendered":"Ligne de profilage de pannes CZ semi-automatique \u00e0 dimensions variables"},"content":{"rendered":"<p><img fetchpriority=\"high\" decoding=\"async\" class=\"alignnone size-full wp-image-4081\" src=\"https:\/\/swforming.com\/wp-content\/uploads\/2023\/09\/Hc309666d13e54f459f65259dc37eed0as.jpg\" alt=\"\" width=\"750\" height=\"1030\" title=\"\" srcset=\"https:\/\/swforming.com\/wp-content\/uploads\/2023\/09\/Hc309666d13e54f459f65259dc37eed0as.jpg 750w, https:\/\/swforming.com\/wp-content\/uploads\/2023\/09\/Hc309666d13e54f459f65259dc37eed0as-600x824.jpg 600w, https:\/\/swforming.com\/wp-content\/uploads\/2023\/09\/Hc309666d13e54f459f65259dc37eed0as-218x300.jpg 218w, https:\/\/swforming.com\/wp-content\/uploads\/2023\/09\/Hc309666d13e54f459f65259dc37eed0as-746x1024.jpg 746w, https:\/\/swforming.com\/wp-content\/uploads\/2023\/09\/Hc309666d13e54f459f65259dc37eed0as-9x12.jpg 9w\" sizes=\"(max-width: 750px) 100vw, 750px\" \/><\/p>\n<p>Cette profileuse de pannes CZ semi-automatique \u00e0 dimensions variables est utilis\u00e9e pour produire des pannes de forme C&amp;Z de 100 \u00e0 300 mm de largeur, l'\u00e9paisseur du mat\u00e9riau \u00e9tant normalement de 1,5 \u00e0 3 mm.<\/p>\n<p>SUNWAY a con\u00e7u cette profileuse \u00e0 changement rapide de pannes CZ pour travailler avec n'importe quelle taille de pannes, en r\u00e9glant automatiquement les tailles par bouton (avec une r\u00e8gle de mesure fixe), ce qui est diff\u00e9rent de la machine \u00e0 changement de taille enti\u00e8rement automatique (r\u00e9gl\u00e9e dans l'automate programmable). De plus, le temps de changement de C \u00e0 Z n'est que de 10 minutes. En ce qui concerne l'unit\u00e9 de poin\u00e7onnage, nous pouvons concevoir le pr\u00e9-poin\u00e7onnage et le post-poin\u00e7onnage en fonction de vos besoins. Pour l'unit\u00e9 de coupe, vous pouvez choisir la pr\u00e9-coupe ou la post-coupe qui est une coupe universelle. Le syst\u00e8me d'entra\u00eenement adopte la cha\u00eene et la plupart du temps un cardan \/ une bo\u00eete de vitesses pour la transmission si le mat\u00e9riau brut est plus \u00e9pais que 2,5 mm, ce qui donne une puissance d'entra\u00eenement beaucoup plus forte et plus stable lors de la formation des pannes.<\/p>\n<p>La profileuse pour pannes est la plus populaire et est largement utilis\u00e9e dans les syst\u00e8mes de construction m\u00e9tallique, les solutions de toiture \u00e0 grande \u00e9chelle, les projets de construction et de r\u00e9novation, etc. Notre profileuse pour pannes peut produire des pannes en C, des pannes en U et des pannes en Z. Les dimensions usinables sont les suivantes : Largeur : 100-300mm, Hauteur : 50-100mm, Epaisseur : 1.5-3mm. En fonction de votre profil de section, de votre gamme de taille et de votre gamme d'\u00e9paisseur, nous pouvons vous fournir diff\u00e9rentes solutions de profileuse pour pannes afin de fabriquer une gamme compl\u00e8te de pannes structurelles (changement de hauteur et de largeur \u00e0 l'aide d'un syst\u00e8me automatique par des moteurs) :<\/p>\n<p>Si vous n'avez besoin de produire que quelques tailles, nous vous sugg\u00e9rons \u00e9galement de changer manuellement les manches, c'est plus abordable.<\/p>\n<p>Nous proposons diff\u00e9rentes solutions en fonction des dessins, des tol\u00e9rances et du budget des clients, offrant ainsi un service professionnel personnalis\u00e9, adaptable \u00e0 toutes vos exigences. Quelle que soit la ligne que vous choisissez, la qualit\u00e9 des machines SUNWAY vous permettra d'obtenir des profil\u00e9s parfaitement fonctionnels.<\/p>\n<h3>Dessins de profil<\/h3>\n<p><img decoding=\"async\" class=\"alignnone size-full wp-image-4082\" src=\"https:\/\/swforming.com\/wp-content\/uploads\/2023\/09\/He01e5dc90f274a47a11a34bbb3a7fb16l-scaled.jpg\" alt=\"\" width=\"1534\" height=\"2560\" title=\"\" srcset=\"https:\/\/swforming.com\/wp-content\/uploads\/2023\/09\/He01e5dc90f274a47a11a34bbb3a7fb16l-scaled.jpg 1534w, https:\/\/swforming.com\/wp-content\/uploads\/2023\/09\/He01e5dc90f274a47a11a34bbb3a7fb16l-scaled-600x1001.jpg 600w, https:\/\/swforming.com\/wp-content\/uploads\/2023\/09\/He01e5dc90f274a47a11a34bbb3a7fb16l-180x300.jpg 180w, https:\/\/swforming.com\/wp-content\/uploads\/2023\/09\/He01e5dc90f274a47a11a34bbb3a7fb16l-613x1024.jpg 613w, https:\/\/swforming.com\/wp-content\/uploads\/2023\/09\/He01e5dc90f274a47a11a34bbb3a7fb16l-768x1282.jpg 768w, https:\/\/swforming.com\/wp-content\/uploads\/2023\/09\/He01e5dc90f274a47a11a34bbb3a7fb16l-920x1536.jpg 920w, https:\/\/swforming.com\/wp-content\/uploads\/2023\/09\/He01e5dc90f274a47a11a34bbb3a7fb16l-1227x2048.jpg 1227w, https:\/\/swforming.com\/wp-content\/uploads\/2023\/09\/He01e5dc90f274a47a11a34bbb3a7fb16l-7x12.jpg 7w\" sizes=\"(max-width: 1534px) 100vw, 1534px\" \/><\/p>\n<p><img decoding=\"async\" class=\"alignnone size-full wp-image-4083\" src=\"https:\/\/swforming.com\/wp-content\/uploads\/2023\/09\/20230925165457.png\" alt=\"\" width=\"749\" height=\"372\" title=\"\" srcset=\"https:\/\/swforming.com\/wp-content\/uploads\/2023\/09\/20230925165457.png 749w, https:\/\/swforming.com\/wp-content\/uploads\/2023\/09\/20230925165457-600x298.png 600w, https:\/\/swforming.com\/wp-content\/uploads\/2023\/09\/20230925165457-300x149.png 300w, https:\/\/swforming.com\/wp-content\/uploads\/2023\/09\/20230925165457-18x9.png 18w\" sizes=\"(max-width: 749px) 100vw, 749px\" \/><\/p>\n<h3>Ligne de production<\/h3>\n<p><img loading=\"lazy\" decoding=\"async\" class=\"alignnone size-full wp-image-4084\" src=\"https:\/\/swforming.com\/wp-content\/uploads\/2023\/09\/Hbd166d235f894200b15a169e13566b653.jpg\" alt=\"\" width=\"1748\" height=\"1314\" title=\"\" srcset=\"https:\/\/swforming.com\/wp-content\/uploads\/2023\/09\/Hbd166d235f894200b15a169e13566b653.jpg 1748w, https:\/\/swforming.com\/wp-content\/uploads\/2023\/09\/Hbd166d235f894200b15a169e13566b653-600x451.jpg 600w, https:\/\/swforming.com\/wp-content\/uploads\/2023\/09\/Hbd166d235f894200b15a169e13566b653-300x226.jpg 300w, https:\/\/swforming.com\/wp-content\/uploads\/2023\/09\/Hbd166d235f894200b15a169e13566b653-1024x770.jpg 1024w, https:\/\/swforming.com\/wp-content\/uploads\/2023\/09\/Hbd166d235f894200b15a169e13566b653-768x577.jpg 768w, https:\/\/swforming.com\/wp-content\/uploads\/2023\/09\/Hbd166d235f894200b15a169e13566b653-1536x1155.jpg 1536w, https:\/\/swforming.com\/wp-content\/uploads\/2023\/09\/Hbd166d235f894200b15a169e13566b653-16x12.jpg 16w\" sizes=\"(max-width: 1748px) 100vw, 1748px\" \/><\/p>\n<h3>d\u00e9tails du produit<\/h3>\n<p><img loading=\"lazy\" decoding=\"async\" class=\"alignnone wp-image-4086 size-full\" src=\"https:\/\/swforming.com\/wp-content\/uploads\/2023\/09\/20230925165756-1.png\" alt=\"\" width=\"747\" height=\"1285\" title=\"\" srcset=\"https:\/\/swforming.com\/wp-content\/uploads\/2023\/09\/20230925165756-1.png 747w, https:\/\/swforming.com\/wp-content\/uploads\/2023\/09\/20230925165756-1-600x1032.png 600w, https:\/\/swforming.com\/wp-content\/uploads\/2023\/09\/20230925165756-1-174x300.png 174w, https:\/\/swforming.com\/wp-content\/uploads\/2023\/09\/20230925165756-1-595x1024.png 595w, https:\/\/swforming.com\/wp-content\/uploads\/2023\/09\/20230925165756-1-7x12.png 7w\" sizes=\"(max-width: 747px) 100vw, 747px\" \/><\/p>\n<div class=\"magic-52\">\n<div class=\"J_module\">\n<h3 id=\"ali-anchor-AliMagic-labfgx\" class=\"magic-0\" data-section=\"AliMagic-labfgx\" data-section-title=\"Product Paramenters\" data-spm-anchor-id=\"a2700.details.0.i84.15ac27375hFknf\">Paramenteurs de produits<\/h3>\n<\/div>\n<div class=\"J_module\">\n<div class=\"ife-detail-decorate-table\">\n<table class=\"all magic-30\">\n<tbody>\n<tr>\n<td colspan=\"3\" rowspan=\"1\">\n<div class=\"magic-31\">\n<div class=\"magic-22\" style=\"text-align: center;\" data-spm-anchor-id=\"a2700.custom-template.0.i23.43973333TZKcM3\"><span class=\"magic-24\"><b data-spm-anchor-id=\"a2700.custom-template.0.i11.33513333YQUFFP\">Ligne de profilage de pannes CZ semi-automatique \u00e0 dimensions variables<\/b><\/span><\/div>\n<\/div>\n<\/td>\n<\/tr>\n<tr>\n<td colspan=\"1\" rowspan=\"2\">\n<div class=\"magic-35\">\n<div data-spm-anchor-id=\"a2700.custom-template.0.i53.43973333TZKcM3\"><span class=\"magic-36\">Mati\u00e8res premi\u00e8res<\/span><\/div>\n<\/div>\n<\/td>\n<td colspan=\"1\" rowspan=\"1\">\n<div class=\"magic-37\"><span class=\"magic-36\">A) Bobine galvanis\u00e9e<\/span><\/div>\n<\/td>\n<td class=\"magic-38\" colspan=\"1\" rowspan=\"2\">\n<div class=\"magic-39\">\n<div data-spm-anchor-id=\"a2700.custom-template.0.i22.530a3333coidec\">\u00c9paisseur(MM) : 1,5-3 ou selon le client<\/div>\n<\/div>\n<\/td>\n<\/tr>\n<tr>\n<td colspan=\"1\" rowspan=\"1\">\n<div class=\"magic-41\"><span class=\"magic-36\">B) Bobine d&#039;acier au carbone<\/span><\/div>\n<\/td>\n<\/tr>\n<tr>\n<td colspan=\"1\" rowspan=\"1\">\n<div class=\"magic-42\">Limite d&#039;\u00e9lasticit\u00e9<\/div>\n<\/td>\n<td colspan=\"2\" rowspan=\"1\">\n<div class=\"magic-43\">250 \u2013 550 MPa<\/div>\n<\/td>\n<\/tr>\n<tr>\n<td colspan=\"1\" rowspan=\"1\">\n<div class=\"magic-45\">Contrainte de traction<\/div>\n<\/td>\n<td colspan=\"2\" rowspan=\"1\">\n<div class=\"magic-43\">\n<div class=\"magic-46\" data-spm-anchor-id=\"a2700.custom-template.0.i221.43973333TZKcM3\">G350 MPa-G550 MPa<\/div>\n<\/div>\n<\/td>\n<\/tr>\n<tr>\n<td colspan=\"1\" rowspan=\"1\">\n<div class=\"magic-42\">D\u00e9rouleur<\/div>\n<\/td>\n<td colspan=\"1\" rowspan=\"1\">\n<div class=\"magic-48\">D\u00e9rouleur manuel<\/div>\n<\/td>\n<td colspan=\"1\" rowspan=\"1\">\n<div class=\"magic-49\">* D\u00e9rouleur hydraulique (facultatif)<\/div>\n<\/td>\n<\/tr>\n<tr>\n<td colspan=\"1\" rowspan=\"1\">\n<div class=\"magic-42\">Syst\u00e8me de poin\u00e7onnage<\/div>\n<\/td>\n<td colspan=\"1\" rowspan=\"1\">\n<div class=\"magic-48\">Station de poin\u00e7onnage hydraulique<\/div>\n<\/td>\n<td colspan=\"1\" rowspan=\"1\">\n<div class=\"magic-49\">* Pr\u00e9-perforation \/ Post-perforation (facultatif)<\/div>\n<\/td>\n<\/tr>\n<tr>\n<td colspan=\"1\" rowspan=\"1\">\n<div class=\"magic-42\">Station de formage<\/div>\n<\/td>\n<td colspan=\"2\" rowspan=\"1\">\n<div class=\"magic-43\">16-18 Stations<\/div>\n<\/td>\n<\/tr>\n<tr>\n<td colspan=\"1\" rowspan=\"1\">\n<div class=\"magic-42\">Syst\u00e8me de conduite<\/div>\n<\/td>\n<td colspan=\"1\" rowspan=\"1\">\n<div class=\"magic-48\">Entrainement par CHAINE<\/div>\n<\/td>\n<td colspan=\"1\" rowspan=\"1\">\n<div class=\"magic-49\">* Entra\u00eenement de bo\u00eete de vitesses (facultatif)<\/div>\n<\/td>\n<\/tr>\n<tr>\n<td colspan=\"1\" rowspan=\"1\">\n<div class=\"magic-50\">Structure de la machine<\/div>\n<\/td>\n<td colspan=\"1\" rowspan=\"1\">\n<div class=\"magic-51\">Station de panneaux muraux<\/div>\n<\/td>\n<td colspan=\"1\" rowspan=\"1\">\n<div class=\"magic-52\">* Station de fer forg\u00e9 (facultatif)<\/div>\n<\/td>\n<\/tr>\n<tr>\n<td colspan=\"1\" rowspan=\"1\">\n<div class=\"magic-42\">Vitesse de formage<\/div>\n<\/td>\n<td colspan=\"1\" rowspan=\"1\">\n<div class=\"magic-48\">10-20 (M\/MIN)<\/div>\n<\/td>\n<td colspan=\"1\" rowspan=\"1\">\n<div class=\"magic-49\">* Ou selon vos besoins<\/div>\n<\/td>\n<\/tr>\n<tr>\n<td colspan=\"1\" rowspan=\"1\">\n<div class=\"magic-42\">Mat\u00e9riau des rouleaux<\/div>\n<\/td>\n<td colspan=\"1\" rowspan=\"1\">\n<div class=\"magic-48\">GCr 15<\/div>\n<\/td>\n<td colspan=\"1\" rowspan=\"1\">\n<div class=\"magic-49\">* Cr12Mov (facultatif)<\/div>\n<\/td>\n<\/tr>\n<tr>\n<td colspan=\"1\" rowspan=\"1\">\n<div class=\"magic-50\">Syst\u00e8me de coupe<\/div>\n<\/td>\n<td colspan=\"1\" rowspan=\"1\">\n<div class=\"magic-53\">Pr\u00e9-coupe<\/div>\n<\/td>\n<td colspan=\"1\" rowspan=\"1\">\n<div class=\"magic-52\">* Coupe post-universelle (en option)<\/div>\n<\/td>\n<\/tr>\n<tr>\n<td colspan=\"1\" rowspan=\"1\">\n<div class=\"magic-50\">Marque de changeur de fr\u00e9quence<\/div>\n<\/td>\n<td colspan=\"1\" rowspan=\"1\">\n<div class=\"magic-54\">Yaskawa<\/div>\n<\/td>\n<td colspan=\"1\" rowspan=\"1\">\n<div class=\"magic-52\">*Siemens (facultatif)<\/div>\n<\/td>\n<\/tr>\n<tr>\n<td colspan=\"1\" rowspan=\"1\">\n<div class=\"magic-42\">Marque PLC<\/div>\n<\/td>\n<td colspan=\"1\" rowspan=\"1\">\n<div class=\"magic-48\">Panasonic<\/div>\n<\/td>\n<td colspan=\"1\" rowspan=\"1\">\n<div class=\"magic-49\">*Siemens (facultatif)<\/div>\n<\/td>\n<\/tr>\n<tr>\n<td colspan=\"1\" rowspan=\"1\">\n<div class=\"magic-50\">Source de courant<\/div>\n<\/td>\n<td colspan=\"1\" rowspan=\"1\">\n<div class=\"magic-51\">380V 50Hz<\/div>\n<\/td>\n<td colspan=\"1\" rowspan=\"1\">\n<div class=\"magic-52\">* Ou selon vos besoins<\/div>\n<\/td>\n<\/tr>\n<tr>\n<td colspan=\"1\" rowspan=\"1\">\n<div class=\"magic-50\">Couleur de l&#039;appareil<\/div>\n<\/td>\n<td colspan=\"1\" rowspan=\"1\">\n<div class=\"magic-51\">Bleu industriel<\/div>\n<\/td>\n<td colspan=\"1\" rowspan=\"1\">\n<div class=\"magic-52\">* Ou selon vos besoins<\/div>\n<\/td>\n<\/tr>\n<\/tbody>\n<\/table>\n<\/div>\n<\/div>\n<div class=\"J_module\">\n<h3 id=\"ali-anchor-AliMagic-s62u7y\" class=\"magic-0\" data-section=\"AliMagic-s62u7y\" data-section-title=\"Application\">Application<\/h3>\n<p><img loading=\"lazy\" decoding=\"async\" class=\"alignnone size-full wp-image-4087\" src=\"https:\/\/swforming.com\/wp-content\/uploads\/2023\/09\/20230925170240.png\" alt=\"\" width=\"750\" height=\"452\" title=\"\" srcset=\"https:\/\/swforming.com\/wp-content\/uploads\/2023\/09\/20230925170240.png 750w, https:\/\/swforming.com\/wp-content\/uploads\/2023\/09\/20230925170240-600x362.png 600w, https:\/\/swforming.com\/wp-content\/uploads\/2023\/09\/20230925170240-300x181.png 300w, https:\/\/swforming.com\/wp-content\/uploads\/2023\/09\/20230925170240-18x12.png 18w\" sizes=\"(max-width: 750px) 100vw, 750px\" \/><\/p>\n<\/div>\n<\/div>","protected":false},"excerpt":{"rendered":"<p>Cette profileuse de pannes CZ \u00e0 changement de taille semi-automatique est utilis\u00e9e pour produire des pannes de forme C&amp;Z de 100 \u00e0 300 mm de largeur, l'\u00e9paisseur du mat\u00e9riau \u00e9tant normalement de 1,5 \u00e0 3 mm. SUNWAY con\u00e7oit cette profileuse de pannes CZ \u00e0 changement rapide pour travailler avec n'importe quelle taille de pannes. Les tailles sont automatiquement r\u00e9glables par bouton (avec une r\u00e8gle de mesure fixe), ce qui est diff\u00e9rent de la machine \u00e0 changement de taille enti\u00e8rement automatique (r\u00e9gl\u00e9e par PLC). De plus, le temps de changement de C \u00e0 Z n'est que de 10 minutes. En ce qui concerne l'unit\u00e9 de poin\u00e7onnage, nous pouvons concevoir le pr\u00e9-poin\u00e7onnage et le post-poin\u00e7onnage selon vos besoins.<\/p>","protected":false},"featured_media":4075,"comment_status":"closed","ping_status":"closed","template":"","meta":{"_acf_changed":false},"product_brand":[],"product_cat":[52],"product_tag":[],"class_list":{"0":"post-4074","1":"product","2":"type-product","3":"status-publish","4":"has-post-thumbnail","6":"product_cat-steel-structure","8":"first","9":"instock","10":"shipping-taxable","11":"product-type-simple"},"acf":[],"_links":{"self":[{"href":"https:\/\/swforming.com\/fr\/wp-json\/wp\/v2\/product\/4074","targetHints":{"allow":["GET"]}}],"collection":[{"href":"https:\/\/swforming.com\/fr\/wp-json\/wp\/v2\/product"}],"about":[{"href":"https:\/\/swforming.com\/fr\/wp-json\/wp\/v2\/types\/product"}],"replies":[{"embeddable":true,"href":"https:\/\/swforming.com\/fr\/wp-json\/wp\/v2\/comments?post=4074"}],"version-history":[{"count":2,"href":"https:\/\/swforming.com\/fr\/wp-json\/wp\/v2\/product\/4074\/revisions"}],"predecessor-version":[{"id":4089,"href":"https:\/\/swforming.com\/fr\/wp-json\/wp\/v2\/product\/4074\/revisions\/4089"}],"wp:featuredmedia":[{"embeddable":true,"href":"https:\/\/swforming.com\/fr\/wp-json\/wp\/v2\/media\/4075"}],"wp:attachment":[{"href":"https:\/\/swforming.com\/fr\/wp-json\/wp\/v2\/media?parent=4074"}],"wp:term":[{"taxonomy":"product_brand","embeddable":true,"href":"https:\/\/swforming.com\/fr\/wp-json\/wp\/v2\/product_brand?post=4074"},{"taxonomy":"product_cat","embeddable":true,"href":"https:\/\/swforming.com\/fr\/wp-json\/wp\/v2\/product_cat?post=4074"},{"taxonomy":"product_tag","embeddable":true,"href":"https:\/\/swforming.com\/fr\/wp-json\/wp\/v2\/product_tag?post=4074"}],"curies":[{"name":"wp","href":"https:\/\/api.w.org\/{rel}","templated":true}]}}