{"id":4007,"date":"2023-09-12T01:03:02","date_gmt":"2023-09-12T01:03:02","guid":{"rendered":"https:\/\/swforming.com\/?post_type=product&#038;p=4007"},"modified":"2023-09-12T01:04:06","modified_gmt":"2023-09-12T01:04:06","slug":"laser-welding-square-pipe-roll-forming-machine","status":"publish","type":"product","link":"https:\/\/swforming.com\/fr\/product\/laser-welding-square-pipe-roll-forming-machine\/","title":{"rendered":"Machine de formage de tubes carr\u00e9s par soudage laser"},"content":{"rendered":"<p><img fetchpriority=\"high\" decoding=\"async\" class=\"alignnone size-full wp-image-4014\" src=\"https:\/\/swforming.com\/wp-content\/uploads\/2023\/09\/Ha217113a4ec94b14954157d31d72a063N.jpg\" alt=\"\" width=\"750\" height=\"979\" title=\"\" srcset=\"https:\/\/swforming.com\/wp-content\/uploads\/2023\/09\/Ha217113a4ec94b14954157d31d72a063N.jpg 750w, https:\/\/swforming.com\/wp-content\/uploads\/2023\/09\/Ha217113a4ec94b14954157d31d72a063N-600x783.jpg 600w, https:\/\/swforming.com\/wp-content\/uploads\/2023\/09\/Ha217113a4ec94b14954157d31d72a063N-230x300.jpg 230w, https:\/\/swforming.com\/wp-content\/uploads\/2023\/09\/Ha217113a4ec94b14954157d31d72a063N-9x12.jpg 9w\" sizes=\"(max-width: 750px) 100vw, 750px\" \/><\/p>\n<p>La profileuse pour tubes carr\u00e9s \u00e0 soudure laser est destin\u00e9e \u00e0 produire des tubes carr\u00e9s de diff\u00e9rentes tailles qui peuvent \u00eatre utilis\u00e9s comme pannes sur les syst\u00e8mes de construction m\u00e9tallique. Compar\u00e9e \u00e0 la ligne de soudage de tubes \u00e0 haute fr\u00e9quence, cette machine est bon march\u00e9, occupe moins d'espace et est plus facile \u00e0 utiliser. Elle convient parfaitement au d\u00e9marrage d'une entreprise.<\/p>\n<p>Dans les industries de la construction, nous sommes en mesure de fabriquer davantage de machines, telles que des profileuses pour canaux principaux, des profileuses pour pannes, des profileuses pour cloisons s\u00e8ches, des profileuses pour montants, des profileuses pour rails, des profileuses pour chapeaux, des profileuses pour clips, des profileuses pour tabliers m\u00e9talliques (tabliers de sol), des profileuses pour panneaux de toiture\/mur, des profileuses pour tuiles, des profileuses pour plaques ondul\u00e9es, des profileuses pour fa\u00eeti\u00e8res, des profileuses pour descentes pluviales, etc.<\/p>\n<p>Nous r\u00e9alisons diff\u00e9rentes solutions en fonction du dessin, de la tol\u00e9rance et du budget des clients, offrant un service professionnel personnalis\u00e9, adaptable \u00e0 toutes vos exigences. Quelle que soit la ligne que vous choisissez, la qualit\u00e9 de SUNWAY Machinery vous assurera d&#039;obtenir des profil\u00e9s parfaitement fonctionnels.<\/p>\n<h3>Dessins de profil<\/h3>\n<p><img decoding=\"async\" class=\"alignnone size-full wp-image-4015\" src=\"https:\/\/swforming.com\/wp-content\/uploads\/2023\/09\/Hecd5c17c223d49bfb8ddcb0e7edf30132.jpg\" alt=\"\" width=\"1748\" height=\"1001\" title=\"\" srcset=\"https:\/\/swforming.com\/wp-content\/uploads\/2023\/09\/Hecd5c17c223d49bfb8ddcb0e7edf30132.jpg 1748w, https:\/\/swforming.com\/wp-content\/uploads\/2023\/09\/Hecd5c17c223d49bfb8ddcb0e7edf30132-600x344.jpg 600w, https:\/\/swforming.com\/wp-content\/uploads\/2023\/09\/Hecd5c17c223d49bfb8ddcb0e7edf30132-300x172.jpg 300w, https:\/\/swforming.com\/wp-content\/uploads\/2023\/09\/Hecd5c17c223d49bfb8ddcb0e7edf30132-1024x586.jpg 1024w, https:\/\/swforming.com\/wp-content\/uploads\/2023\/09\/Hecd5c17c223d49bfb8ddcb0e7edf30132-768x440.jpg 768w, https:\/\/swforming.com\/wp-content\/uploads\/2023\/09\/Hecd5c17c223d49bfb8ddcb0e7edf30132-1536x880.jpg 1536w, https:\/\/swforming.com\/wp-content\/uploads\/2023\/09\/Hecd5c17c223d49bfb8ddcb0e7edf30132-18x10.jpg 18w\" sizes=\"(max-width: 1748px) 100vw, 1748px\" \/><\/p>\n<p><img decoding=\"async\" class=\"alignnone size-full wp-image-4016\" src=\"https:\/\/swforming.com\/wp-content\/uploads\/2023\/09\/20230912085359.png\" alt=\"\" width=\"750\" height=\"182\" title=\"\" srcset=\"https:\/\/swforming.com\/wp-content\/uploads\/2023\/09\/20230912085359.png 750w, https:\/\/swforming.com\/wp-content\/uploads\/2023\/09\/20230912085359-600x146.png 600w, https:\/\/swforming.com\/wp-content\/uploads\/2023\/09\/20230912085359-300x73.png 300w, https:\/\/swforming.com\/wp-content\/uploads\/2023\/09\/20230912085359-18x4.png 18w\" sizes=\"(max-width: 750px) 100vw, 750px\" \/><\/p>\n<h3>Ligne de production<\/h3>\n<p><img loading=\"lazy\" decoding=\"async\" class=\"alignnone size-full wp-image-4017\" src=\"https:\/\/swforming.com\/wp-content\/uploads\/2023\/09\/H29cee465a63940f19b41951e8f1b497aZ.jpg\" alt=\"\" width=\"1748\" height=\"791\" title=\"\" srcset=\"https:\/\/swforming.com\/wp-content\/uploads\/2023\/09\/H29cee465a63940f19b41951e8f1b497aZ.jpg 1748w, https:\/\/swforming.com\/wp-content\/uploads\/2023\/09\/H29cee465a63940f19b41951e8f1b497aZ-600x272.jpg 600w, https:\/\/swforming.com\/wp-content\/uploads\/2023\/09\/H29cee465a63940f19b41951e8f1b497aZ-300x136.jpg 300w, https:\/\/swforming.com\/wp-content\/uploads\/2023\/09\/H29cee465a63940f19b41951e8f1b497aZ-1024x463.jpg 1024w, https:\/\/swforming.com\/wp-content\/uploads\/2023\/09\/H29cee465a63940f19b41951e8f1b497aZ-768x348.jpg 768w, https:\/\/swforming.com\/wp-content\/uploads\/2023\/09\/H29cee465a63940f19b41951e8f1b497aZ-1536x695.jpg 1536w, https:\/\/swforming.com\/wp-content\/uploads\/2023\/09\/H29cee465a63940f19b41951e8f1b497aZ-18x8.jpg 18w\" sizes=\"(max-width: 1748px) 100vw, 1748px\" \/><\/p>\n<h3>d\u00e9tails du produit<\/h3>\n<p><img loading=\"lazy\" decoding=\"async\" class=\"alignnone size-full wp-image-4018\" src=\"https:\/\/swforming.com\/wp-content\/uploads\/2023\/09\/20230912085558.png\" alt=\"\" width=\"744\" height=\"1254\" title=\"\" srcset=\"https:\/\/swforming.com\/wp-content\/uploads\/2023\/09\/20230912085558.png 744w, https:\/\/swforming.com\/wp-content\/uploads\/2023\/09\/20230912085558-600x1011.png 600w, https:\/\/swforming.com\/wp-content\/uploads\/2023\/09\/20230912085558-178x300.png 178w, https:\/\/swforming.com\/wp-content\/uploads\/2023\/09\/20230912085558-608x1024.png 608w, https:\/\/swforming.com\/wp-content\/uploads\/2023\/09\/20230912085558-7x12.png 7w\" sizes=\"(max-width: 744px) 100vw, 744px\" \/><\/p>\n<h3>Param\u00e8tres du produit<\/h3>\n<div style=\"overflow-x: auto;\">\n<table>\n<tbody>\n<tr>\n<td style=\"text-align: center;\" colspan=\"3\" rowspan=\"1\" data-sheets-value=\"{&quot;1&quot;:2,&quot;2&quot;:&quot;Laser Welding Square Pipe Roll Forming Machine&quot;}\"><strong>Machine de formage de tubes carr\u00e9s par soudage laser<\/strong><\/td>\n<\/tr>\n<tr>\n<td colspan=\"1\" rowspan=\"2\" data-sheets-value=\"{&quot;1&quot;:2,&quot;2&quot;:&quot;Raw Material&quot;}\">\n<div>Mati\u00e8res premi\u00e8res<\/div>\n<\/td>\n<td data-sheets-value=\"{&quot;1&quot;:2,&quot;2&quot;:&quot;A) Galvanized Coil&quot;}\">A) Bobine galvanis\u00e9e<\/td>\n<td colspan=\"1\" rowspan=\"2\" data-sheets-value=\"{&quot;1&quot;:2,&quot;2&quot;:&quot;Thickness(MM): 1.5-3.0 mm Or According To Customer&quot;}\">\n<div>\u00c9paisseur (MM) : 1,5-3,0 mm ou selon le client<\/div>\n<\/td>\n<\/tr>\n<tr>\n<td data-sheets-value=\"{&quot;1&quot;:2,&quot;2&quot;:&quot;B) Carbon Steel Coil&quot;}\">B) Bobine d&#039;acier au carbone<\/td>\n<\/tr>\n<tr>\n<td data-sheets-value=\"{&quot;1&quot;:2,&quot;2&quot;:&quot;Yield Strength&quot;}\">Limite d&#039;\u00e9lasticit\u00e9<\/td>\n<td colspan=\"2\" rowspan=\"1\" data-sheets-value=\"{&quot;1&quot;:2,&quot;2&quot;:&quot;250 - 550 Mpa&quot;}\">250 \u2013 550 MPa<\/td>\n<\/tr>\n<tr>\n<td data-sheets-value=\"{&quot;1&quot;:2,&quot;2&quot;:&quot;Tensil Stress&quot;}\">Contrainte de traction<\/td>\n<td colspan=\"2\" rowspan=\"1\" data-sheets-value=\"{&quot;1&quot;:2,&quot;2&quot;:&quot;G250 Mpa-G550 Mpa&quot;}\">G250 MPa-G550 MPa<\/td>\n<\/tr>\n<tr>\n<td data-sheets-value=\"{&quot;1&quot;:2,&quot;2&quot;:&quot;Decoiler&quot;}\">D\u00e9rouleur<\/td>\n<td data-sheets-value=\"{&quot;1&quot;:2,&quot;2&quot;:&quot;Manual Decoiler&quot;}\">D\u00e9rouleur manuel<\/td>\n<td data-sheets-value=\"{&quot;1&quot;:2,&quot;2&quot;:&quot;* Hydraulic Decoiler (Optional)&quot;}\">* D\u00e9rouleur hydraulique (facultatif)<\/td>\n<\/tr>\n<tr>\n<td data-sheets-value=\"{&quot;1&quot;:2,&quot;2&quot;:&quot;Forming Station&quot;}\">Station de formage<\/td>\n<td colspan=\"2\" rowspan=\"1\" data-sheets-value=\"{&quot;1&quot;:2,&quot;2&quot;:&quot;16-24 Stations&quot;}\">16-24 stations<\/td>\n<\/tr>\n<tr>\n<td data-sheets-value=\"{&quot;1&quot;:2,&quot;2&quot;:&quot;Driving System&quot;}\">Syst\u00e8me de conduite<\/td>\n<td data-sheets-value=\"{&quot;1&quot;:2,&quot;2&quot;:&quot;Chain Drive&quot;}\">Entrainement par CHAINE<\/td>\n<td data-sheets-value=\"{&quot;1&quot;:2,&quot;2&quot;:&quot;* Gearbox Drive (Optional)&quot;}\">* Entra\u00eenement de bo\u00eete de vitesses (facultatif)<\/td>\n<\/tr>\n<tr>\n<td data-sheets-value=\"{&quot;1&quot;:2,&quot;2&quot;:&quot;Machine Structure&quot;}\">Structure de la machine<\/td>\n<td data-sheets-value=\"{&quot;1&quot;:2,&quot;2&quot;:&quot;Wall Panel Station&quot;}\">Station de panneaux muraux<\/td>\n<td data-sheets-value=\"{&quot;1&quot;:2,&quot;2&quot;:&quot;* Forged Iron Station (Optional)&quot;}\">* Station de fer forg\u00e9 (facultatif)<\/td>\n<\/tr>\n<tr>\n<td data-sheets-value=\"{&quot;1&quot;:2,&quot;2&quot;:&quot;Forming Speed&quot;}\">Vitesse de formage<\/td>\n<td data-sheets-value=\"{&quot;1&quot;:2,&quot;2&quot;:&quot;10-25 (M\/MIN)&quot;}\">10-25 (M\/MIN)<\/td>\n<td data-sheets-value=\"{&quot;1&quot;:2,&quot;2&quot;:&quot;* According To Your Profile Drawings&quot;}\">* Selon vos dessins de profil<\/td>\n<\/tr>\n<tr>\n<td data-sheets-value=\"{&quot;1&quot;:2,&quot;2&quot;:&quot;Rollers\u2019 Material&quot;}\">Mat\u00e9riau des rouleaux<\/td>\n<td data-sheets-value=\"{&quot;1&quot;:2,&quot;2&quot;:&quot;45# Steel&quot;}\">45# Acier<\/td>\n<td data-sheets-value=\"{&quot;1&quot;:2,&quot;2&quot;:&quot;* Cr12Mov (Optional)&quot;}\">* Cr12Mov (facultatif)<\/td>\n<\/tr>\n<tr>\n<td data-sheets-value=\"{&quot;1&quot;:2,&quot;2&quot;:&quot;Laser Welding&quot;}\">Soudage au laser<\/td>\n<td colspan=\"2\" rowspan=\"1\" data-sheets-value=\"{&quot;1&quot;:2,&quot;2&quot;:&quot;3KW, 4KW&quot;}\">3KW, 4KW<\/td>\n<\/tr>\n<tr>\n<td data-sheets-value=\"{&quot;1&quot;:2,&quot;2&quot;:&quot;Cutting System&quot;}\">Syst\u00e8me de coupe<\/td>\n<td colspan=\"2\" rowspan=\"1\" data-sheets-value=\"{&quot;1&quot;:2,&quot;2&quot;:&quot;Saw-cutting&quot;}\">Coupe \u00e0 la scie<\/td>\n<\/tr>\n<tr>\n<td data-sheets-value=\"{&quot;1&quot;:2,&quot;2&quot;:&quot;Frequency Changer Brand&quot;}\">Marque de changeur de fr\u00e9quence<\/td>\n<td data-sheets-value=\"{&quot;1&quot;:2,&quot;2&quot;:&quot;Yaskawa&quot;}\">Yaskawa<\/td>\n<td data-sheets-value=\"{&quot;1&quot;:2,&quot;2&quot;:&quot;* Siemens (Optional)&quot;}\">*Siemens (facultatif)<\/td>\n<\/tr>\n<tr>\n<td data-sheets-value=\"{&quot;1&quot;:2,&quot;2&quot;:&quot;PLC Brand&quot;}\">Marque PLC<\/td>\n<td data-sheets-value=\"{&quot;1&quot;:2,&quot;2&quot;:&quot;Panasonic&quot;}\">Panasonic<\/td>\n<td data-sheets-value=\"{&quot;1&quot;:2,&quot;2&quot;:&quot;* Siemens (Optional)&quot;}\">*Siemens (facultatif)<\/td>\n<\/tr>\n<tr>\n<td data-sheets-value=\"{&quot;1&quot;:2,&quot;2&quot;:&quot;Power Supply&quot;}\">Source de courant<\/td>\n<td data-sheets-value=\"{&quot;1&quot;:2,&quot;2&quot;:&quot;380V 50Hz 3ph&quot;}\">380V 50Hz 3ph<\/td>\n<td data-sheets-value=\"{&quot;1&quot;:2,&quot;2&quot;:&quot;* Or According To Your Requirment&quot;}\">* Ou selon vos besoins<\/td>\n<\/tr>\n<tr>\n<td data-sheets-value=\"{&quot;1&quot;:2,&quot;2&quot;:&quot;Machine Color&quot;}\">Couleur de l&#039;appareil<\/td>\n<td data-sheets-value=\"{&quot;1&quot;:2,&quot;2&quot;:&quot;Industrial Blue&quot;}\">Bleu industriel<\/td>\n<td data-sheets-value=\"{&quot;1&quot;:2,&quot;2&quot;:&quot;* Or According To Your Requirment&quot;}\">* Ou selon vos besoins<\/td>\n<\/tr>\n<\/tbody>\n<\/table>\n<\/div>","protected":false},"excerpt":{"rendered":"<p>La profileuse pour tubes carr\u00e9s \u00e0 soudure laser est destin\u00e9e \u00e0 produire des tubes carr\u00e9s de diff\u00e9rentes tailles qui peuvent \u00eatre utilis\u00e9s comme pannes sur les syst\u00e8mes de construction m\u00e9tallique. Compar\u00e9e \u00e0 la ligne de soudage de tubes \u00e0 haute fr\u00e9quence, cette machine est bon march\u00e9, occupe moins d'espace et est plus facile \u00e0 utiliser. Elle convient parfaitement au d\u00e9marrage d'une entreprise.<\/p>","protected":false},"featured_media":4008,"comment_status":"closed","ping_status":"closed","template":"","meta":{"_acf_changed":false},"product_brand":[],"product_cat":[52],"product_tag":[],"class_list":{"0":"post-4007","1":"product","2":"type-product","3":"status-publish","4":"has-post-thumbnail","6":"product_cat-steel-structure","8":"first","9":"instock","10":"shipping-taxable","11":"product-type-simple"},"acf":[],"_links":{"self":[{"href":"https:\/\/swforming.com\/fr\/wp-json\/wp\/v2\/product\/4007","targetHints":{"allow":["GET"]}}],"collection":[{"href":"https:\/\/swforming.com\/fr\/wp-json\/wp\/v2\/product"}],"about":[{"href":"https:\/\/swforming.com\/fr\/wp-json\/wp\/v2\/types\/product"}],"replies":[{"embeddable":true,"href":"https:\/\/swforming.com\/fr\/wp-json\/wp\/v2\/comments?post=4007"}],"version-history":[{"count":2,"href":"https:\/\/swforming.com\/fr\/wp-json\/wp\/v2\/product\/4007\/revisions"}],"predecessor-version":[{"id":4020,"href":"https:\/\/swforming.com\/fr\/wp-json\/wp\/v2\/product\/4007\/revisions\/4020"}],"wp:featuredmedia":[{"embeddable":true,"href":"https:\/\/swforming.com\/fr\/wp-json\/wp\/v2\/media\/4008"}],"wp:attachment":[{"href":"https:\/\/swforming.com\/fr\/wp-json\/wp\/v2\/media?parent=4007"}],"wp:term":[{"taxonomy":"product_brand","embeddable":true,"href":"https:\/\/swforming.com\/fr\/wp-json\/wp\/v2\/product_brand?post=4007"},{"taxonomy":"product_cat","embeddable":true,"href":"https:\/\/swforming.com\/fr\/wp-json\/wp\/v2\/product_cat?post=4007"},{"taxonomy":"product_tag","embeddable":true,"href":"https:\/\/swforming.com\/fr\/wp-json\/wp\/v2\/product_tag?post=4007"}],"curies":[{"name":"wp","href":"https:\/\/api.w.org\/{rel}","templated":true}]}}