{"id":3965,"date":"2023-09-04T08:22:08","date_gmt":"2023-09-04T08:22:08","guid":{"rendered":"https:\/\/swforming.com\/?post_type=product&#038;p=3965"},"modified":"2023-09-04T08:22:09","modified_gmt":"2023-09-04T08:22:09","slug":"barrel-corrugated-roll-forming-machine-2","status":"publish","type":"product","link":"https:\/\/swforming.com\/fr\/product\/barrel-corrugated-roll-forming-machine-2\/","title":{"rendered":"Machine de formage de rouleaux ondul\u00e9s de baril"},"content":{"rendered":"<p><img fetchpriority=\"high\" decoding=\"async\" class=\"alignnone size-full wp-image-3972\" src=\"https:\/\/swforming.com\/wp-content\/uploads\/2023\/09\/H4503885c62e044fca04aec043e72f985r.jpg\" alt=\"\" width=\"750\" height=\"1331\" title=\"\" srcset=\"https:\/\/swforming.com\/wp-content\/uploads\/2023\/09\/H4503885c62e044fca04aec043e72f985r.jpg 750w, https:\/\/swforming.com\/wp-content\/uploads\/2023\/09\/H4503885c62e044fca04aec043e72f985r-600x1065.jpg 600w, https:\/\/swforming.com\/wp-content\/uploads\/2023\/09\/H4503885c62e044fca04aec043e72f985r-169x300.jpg 169w, https:\/\/swforming.com\/wp-content\/uploads\/2023\/09\/H4503885c62e044fca04aec043e72f985r-577x1024.jpg 577w, https:\/\/swforming.com\/wp-content\/uploads\/2023\/09\/H4503885c62e044fca04aec043e72f985r-7x12.jpg 7w\" sizes=\"(max-width: 750px) 100vw, 750px\" \/><\/p>\n<p>La profileuse pour panneaux ondul\u00e9s en tonneau est utilis\u00e9e pour produire des panneaux de forme sinuso\u00efdale. Normalement, l'\u00e9paisseur du panneau est de 0,12-0,3 mm avec de l'acier galvanis\u00e9 enti\u00e8rement dur, la limite d'\u00e9lasticit\u00e9 peut aller jusqu'\u00e0 550Mpa, voire 600Mpa.<\/p>\n<p>La machine de formage de rouleaux ondul\u00e9s en tonneau est principalement compos\u00e9e d'un moteur d'entra\u00eenement, d'un r\u00e9ducteur, d'un syst\u00e8me de transmission, d'un rouleau de formage, d'un rouleau plat, d'une plate-forme d'alimentation automatique et d'une armoire de commande \u00e9lectrique. La machine adopte un moteur \u00e0 courant alternatif \u00e0 faible vitesse, \u00e0 couple \u00e9lev\u00e9 et \u00e0 faible inertie avec un entra\u00eenement par courroie trap\u00e9zo\u00efdale vers le r\u00e9ducteur tremp\u00e9 \u00e0 double arbre de sortie\uff0cpour atteindre les objectifs de transmission et de d\u00e9c\u00e9l\u00e9ration. L'alimentation automatique du rouleau de travail est toujours assur\u00e9e par la cha\u00eene de synchronisation et le rail de guidage lin\u00e9aire\uff0cce qui garantit la stabilit\u00e9 du produit.<\/p>\n<p>Dans les industries de la construction, nous sommes en mesure de fabriquer davantage de machines, telles que des profileuses pour canaux principaux, des profileuses pour pannes, des profileuses pour cloisons s\u00e8ches, des profileuses pour montants, des profileuses pour rails, des profileuses pour chapeaux, des profileuses pour clips, des profileuses pour tabliers m\u00e9talliques (tabliers de sol), des profileuses pour panneaux de toiture\/mur, des profileuses pour tuiles, des profileuses pour plaques ondul\u00e9es, des profileuses pour fa\u00eeti\u00e8res, des profileuses pour descentes pluviales, etc.<\/p>\n<p>Nous r\u00e9alisons diff\u00e9rentes solutions en fonction du dessin, de la tol\u00e9rance et du budget des clients, offrant un service professionnel personnalis\u00e9, adaptable \u00e0 toutes vos exigences. Quelle que soit la ligne que vous choisissez, la qualit\u00e9 de SUNWAY Machinery vous assurera d&#039;obtenir des profil\u00e9s parfaitement fonctionnels.<\/p>\n<h3>Dessins de profil<\/h3>\n<p><img decoding=\"async\" class=\"alignnone size-full wp-image-3973\" src=\"https:\/\/swforming.com\/wp-content\/uploads\/2023\/09\/H53fb3cf4352247ca9159cd168bbdcb5bB.jpg\" alt=\"\" width=\"1748\" height=\"909\" title=\"\" srcset=\"https:\/\/swforming.com\/wp-content\/uploads\/2023\/09\/H53fb3cf4352247ca9159cd168bbdcb5bB.jpg 1748w, https:\/\/swforming.com\/wp-content\/uploads\/2023\/09\/H53fb3cf4352247ca9159cd168bbdcb5bB-600x312.jpg 600w, https:\/\/swforming.com\/wp-content\/uploads\/2023\/09\/H53fb3cf4352247ca9159cd168bbdcb5bB-300x156.jpg 300w, https:\/\/swforming.com\/wp-content\/uploads\/2023\/09\/H53fb3cf4352247ca9159cd168bbdcb5bB-1024x533.jpg 1024w, https:\/\/swforming.com\/wp-content\/uploads\/2023\/09\/H53fb3cf4352247ca9159cd168bbdcb5bB-768x399.jpg 768w, https:\/\/swforming.com\/wp-content\/uploads\/2023\/09\/H53fb3cf4352247ca9159cd168bbdcb5bB-1536x799.jpg 1536w, https:\/\/swforming.com\/wp-content\/uploads\/2023\/09\/H53fb3cf4352247ca9159cd168bbdcb5bB-18x9.jpg 18w\" sizes=\"(max-width: 1748px) 100vw, 1748px\" \/><\/p>\n<p><img decoding=\"async\" class=\"alignnone size-full wp-image-3974\" src=\"https:\/\/swforming.com\/wp-content\/uploads\/2023\/09\/0904161401.png\" alt=\"\" width=\"750\" height=\"374\" title=\"\" srcset=\"https:\/\/swforming.com\/wp-content\/uploads\/2023\/09\/0904161401.png 750w, https:\/\/swforming.com\/wp-content\/uploads\/2023\/09\/0904161401-600x299.png 600w, https:\/\/swforming.com\/wp-content\/uploads\/2023\/09\/0904161401-300x150.png 300w, https:\/\/swforming.com\/wp-content\/uploads\/2023\/09\/0904161401-18x9.png 18w\" sizes=\"(max-width: 750px) 100vw, 750px\" \/><\/p>\n<h3>Ligne de production<\/h3>\n<p><img loading=\"lazy\" decoding=\"async\" class=\"alignnone size-full wp-image-3975\" src=\"https:\/\/swforming.com\/wp-content\/uploads\/2023\/09\/H0b106165a2b244a5b2141a4752caec464.jpg\" alt=\"\" width=\"1748\" height=\"1629\" title=\"\" srcset=\"https:\/\/swforming.com\/wp-content\/uploads\/2023\/09\/H0b106165a2b244a5b2141a4752caec464.jpg 1748w, https:\/\/swforming.com\/wp-content\/uploads\/2023\/09\/H0b106165a2b244a5b2141a4752caec464-600x559.jpg 600w, https:\/\/swforming.com\/wp-content\/uploads\/2023\/09\/H0b106165a2b244a5b2141a4752caec464-300x280.jpg 300w, https:\/\/swforming.com\/wp-content\/uploads\/2023\/09\/H0b106165a2b244a5b2141a4752caec464-1024x954.jpg 1024w, https:\/\/swforming.com\/wp-content\/uploads\/2023\/09\/H0b106165a2b244a5b2141a4752caec464-768x716.jpg 768w, https:\/\/swforming.com\/wp-content\/uploads\/2023\/09\/H0b106165a2b244a5b2141a4752caec464-1536x1431.jpg 1536w, https:\/\/swforming.com\/wp-content\/uploads\/2023\/09\/H0b106165a2b244a5b2141a4752caec464-13x12.jpg 13w\" sizes=\"(max-width: 1748px) 100vw, 1748px\" \/><\/p>\n<h3>d\u00e9tails du produit<\/h3>\n<p><img loading=\"lazy\" decoding=\"async\" class=\"alignnone size-full wp-image-3976\" src=\"https:\/\/swforming.com\/wp-content\/uploads\/2023\/09\/30904161536.png\" alt=\"\" width=\"750\" height=\"625\" title=\"\" srcset=\"https:\/\/swforming.com\/wp-content\/uploads\/2023\/09\/30904161536.png 750w, https:\/\/swforming.com\/wp-content\/uploads\/2023\/09\/30904161536-600x500.png 600w, https:\/\/swforming.com\/wp-content\/uploads\/2023\/09\/30904161536-300x250.png 300w, https:\/\/swforming.com\/wp-content\/uploads\/2023\/09\/30904161536-14x12.png 14w\" sizes=\"(max-width: 750px) 100vw, 750px\" \/><\/p>\n<h3>Param\u00e8tres du produit<\/h3>\n<div style=\"overflow-x: auto;\">\n<table>\n<tbody>\n<tr>\n<td data-sheets-value=\"{&quot;1&quot;:2,&quot;2&quot;:&quot;Model&quot;}\">Mod\u00e8le<\/td>\n<td data-sheets-value=\"{&quot;1&quot;:2,&quot;2&quot;:&quot;Effective Length&quot;}\">Longueur effective<\/td>\n<td data-sheets-value=\"{&quot;1&quot;:2,&quot;2&quot;:&quot;Motor Power(Kw)&quot;}\">Puissance du moteur (Kw)<\/td>\n<td data-sheets-value=\"{&quot;1&quot;:2,&quot;2&quot;:&quot;Size(L*W*H)&quot;}\">Taille (L*L*H)<\/td>\n<td data-sheets-value=\"{&quot;1&quot;:2,&quot;2&quot;:&quot;Weight(Ton)&quot;}\">Poids (tonne)<\/td>\n<\/tr>\n<tr>\n<td data-sheets-value=\"{&quot;1&quot;:2,&quot;2&quot;:&quot;SW-26E&quot;}\">SW-26E<\/td>\n<td data-sheets-value=\"{&quot;1&quot;:2,&quot;2&quot;:&quot;2480mm&quot;}\">2480mm<\/td>\n<td data-sheets-value=\"{&quot;1&quot;:2,&quot;2&quot;:&quot;7.5-8&quot;}\">7.5-8<\/td>\n<td data-sheets-value=\"{&quot;1&quot;:2,&quot;2&quot;:&quot;4308X2230X1500mm&quot;}\">4308X2230X1500mm<\/td>\n<td data-sheets-value=\"{&quot;1&quot;:3,&quot;3&quot;:6.5}\">6.5<\/td>\n<\/tr>\n<tr>\n<td data-sheets-value=\"{&quot;1&quot;:2,&quot;2&quot;:&quot;SW-32E&quot;}\">SW-32E<\/td>\n<td data-sheets-value=\"{&quot;1&quot;:2,&quot;2&quot;:&quot;3050mm&quot;}\">3050mm<\/td>\n<td data-sheets-value=\"{&quot;1&quot;:2,&quot;2&quot;:&quot;7.5-8&quot;}\">7.5-8<\/td>\n<td data-sheets-value=\"{&quot;1&quot;:2,&quot;2&quot;:&quot;4908X2230X1500mm&quot;}\">4908X2230X1500mm<\/td>\n<td data-sheets-value=\"{&quot;1&quot;:3,&quot;3&quot;:7.2}\">7.2<\/td>\n<\/tr>\n<tr>\n<td data-sheets-value=\"{&quot;1&quot;:2,&quot;2&quot;:&quot;SW-38E&quot;}\">SW-38E<\/td>\n<td data-sheets-value=\"{&quot;1&quot;:2,&quot;2&quot;:&quot;3660mm&quot;}\">3660mm<\/td>\n<td data-sheets-value=\"{&quot;1&quot;:2,&quot;2&quot;:&quot;11.0-8&quot;}\">11.0-8<\/td>\n<td data-sheets-value=\"{&quot;1&quot;:2,&quot;2&quot;:&quot;5508X2230X1500mm&quot;}\">5508X2230X1500mm<\/td>\n<td data-sheets-value=\"{&quot;1&quot;:3,&quot;3&quot;:7.4}\">7.4<\/td>\n<\/tr>\n<tr>\n<td data-sheets-value=\"{&quot;1&quot;:2,&quot;2&quot;:&quot;SW-40E&quot;}\">SW-40E<\/td>\n<td data-sheets-value=\"{&quot;1&quot;:2,&quot;2&quot;:&quot;3900mm,13feet&quot;}\">3900mm, 13 pieds<\/td>\n<td data-sheets-value=\"{&quot;1&quot;:2,&quot;2&quot;:&quot;11.0-8&quot;}\">11.0-8<\/td>\n<td data-sheets-value=\"{&quot;1&quot;:2,&quot;2&quot;:&quot;5708X2230X1500mm&quot;}\">5708X2230X1500mm<\/td>\n<td data-sheets-value=\"{&quot;1&quot;:3,&quot;3&quot;:8}\">8<\/td>\n<\/tr>\n<tr>\n<td data-sheets-value=\"{&quot;1&quot;:2,&quot;2&quot;:&quot;SW-43E&quot;}\">SW-43E<\/td>\n<td data-sheets-value=\"{&quot;1&quot;:2,&quot;2&quot;:&quot;4200mm&quot;}\">4200mm<\/td>\n<td data-sheets-value=\"{&quot;1&quot;:2,&quot;2&quot;:&quot;11.0-8&quot;}\">11.0-8<\/td>\n<td data-sheets-value=\"{&quot;1&quot;:2,&quot;2&quot;:&quot;6008X2230X1500mm&quot;}\">6008X2230X1500mm<\/td>\n<td data-sheets-value=\"{&quot;1&quot;:3,&quot;3&quot;:9.5}\">9.5<\/td>\n<\/tr>\n<tr>\n<td colspan=\"5\" rowspan=\"1\" data-sheets-value=\"{&quot;1&quot;:2,&quot;2&quot;:&quot;Profiles: 18-76, 15-63, 9-31.8mm or customized&quot;}\">Profils : 18-76, 15-63, 9-31,8 mm ou personnalis\u00e9s<\/td>\n<\/tr>\n<tr>\n<td colspan=\"5\" rowspan=\"1\" data-sheets-value=\"{&quot;1&quot;:2,&quot;2&quot;:&quot;Forming Thickness: 0.12-0.20\/0.14-0.3\/0.16-0.4mm&quot;}\">\u00c9paisseur de formage : 0,12-0,20\/0,14-0,3\/0,16-0,4mm<\/td>\n<\/tr>\n<tr>\n<td colspan=\"5\" rowspan=\"1\" data-sheets-value=\"{&quot;1&quot;:2,&quot;2&quot;:&quot;Forming Speed: 9-12 times\/min; 2-4 ton\/hour&quot;}\">Vitesse de formage : 9-12 fois\/min ; 2-4 tonnes\/heure<\/td>\n<\/tr>\n<\/tbody>\n<\/table>\n<\/div>\n<h3>Application<\/h3>\n<p><img loading=\"lazy\" decoding=\"async\" class=\"alignnone size-full wp-image-3977\" src=\"https:\/\/swforming.com\/wp-content\/uploads\/2023\/09\/230904162116.png\" alt=\"\" width=\"676\" height=\"408\" title=\"\" srcset=\"https:\/\/swforming.com\/wp-content\/uploads\/2023\/09\/230904162116.png 676w, https:\/\/swforming.com\/wp-content\/uploads\/2023\/09\/230904162116-600x362.png 600w, https:\/\/swforming.com\/wp-content\/uploads\/2023\/09\/230904162116-300x181.png 300w, https:\/\/swforming.com\/wp-content\/uploads\/2023\/09\/230904162116-18x12.png 18w\" sizes=\"(max-width: 676px) 100vw, 676px\" \/><\/p>","protected":false},"excerpt":{"rendered":"<p>La profileuse pour panneaux ondul\u00e9s en tonneau est utilis\u00e9e pour produire des panneaux de forme sinuso\u00efdale. Normalement, l'\u00e9paisseur du panneau est de 0,12-0,3 mm avec de l'acier galvanis\u00e9 enti\u00e8rement dur, la limite d'\u00e9lasticit\u00e9 peut aller jusqu'\u00e0 550Mpa, voire 600Mpa.<\/p>","protected":false},"featured_media":3966,"comment_status":"closed","ping_status":"closed","template":"","meta":{"_acf_changed":false},"product_brand":[],"product_cat":[45,78],"product_tag":[],"class_list":{"0":"post-3965","1":"product","2":"type-product","3":"status-publish","4":"has-post-thumbnail","6":"product_cat-metal-wall-roofing","7":"product_cat-barrel-corrugated-roll-forming-machine","9":"first","10":"instock","11":"shipping-taxable","12":"product-type-simple"},"acf":[],"_links":{"self":[{"href":"https:\/\/swforming.com\/fr\/wp-json\/wp\/v2\/product\/3965","targetHints":{"allow":["GET"]}}],"collection":[{"href":"https:\/\/swforming.com\/fr\/wp-json\/wp\/v2\/product"}],"about":[{"href":"https:\/\/swforming.com\/fr\/wp-json\/wp\/v2\/types\/product"}],"replies":[{"embeddable":true,"href":"https:\/\/swforming.com\/fr\/wp-json\/wp\/v2\/comments?post=3965"}],"version-history":[{"count":2,"href":"https:\/\/swforming.com\/fr\/wp-json\/wp\/v2\/product\/3965\/revisions"}],"predecessor-version":[{"id":3979,"href":"https:\/\/swforming.com\/fr\/wp-json\/wp\/v2\/product\/3965\/revisions\/3979"}],"wp:featuredmedia":[{"embeddable":true,"href":"https:\/\/swforming.com\/fr\/wp-json\/wp\/v2\/media\/3966"}],"wp:attachment":[{"href":"https:\/\/swforming.com\/fr\/wp-json\/wp\/v2\/media?parent=3965"}],"wp:term":[{"taxonomy":"product_brand","embeddable":true,"href":"https:\/\/swforming.com\/fr\/wp-json\/wp\/v2\/product_brand?post=3965"},{"taxonomy":"product_cat","embeddable":true,"href":"https:\/\/swforming.com\/fr\/wp-json\/wp\/v2\/product_cat?post=3965"},{"taxonomy":"product_tag","embeddable":true,"href":"https:\/\/swforming.com\/fr\/wp-json\/wp\/v2\/product_tag?post=3965"}],"curies":[{"name":"wp","href":"https:\/\/api.w.org\/{rel}","templated":true}]}}