{"id":3917,"date":"2023-08-28T08:24:40","date_gmt":"2023-08-28T08:24:40","guid":{"rendered":"https:\/\/swforming.com\/?post_type=product&#038;p=3917"},"modified":"2023-08-28T08:28:52","modified_gmt":"2023-08-28T08:28:52","slug":"rolling-shutter-slat-roll-forming-machine","status":"publish","type":"product","link":"https:\/\/swforming.com\/fr\/product\/rolling-shutter-slat-roll-forming-machine\/","title":{"rendered":"Machine de formage de rouleaux de lattes de volet roulant"},"content":{"rendered":"<p><img fetchpriority=\"high\" decoding=\"async\" class=\"alignnone size-full wp-image-3918\" src=\"https:\/\/swforming.com\/wp-content\/uploads\/2023\/08\/H2880edeca6e64b2abf6e025c63c4cc538.jpg\" alt=\"\" width=\"750\" height=\"979\" title=\"\" srcset=\"https:\/\/swforming.com\/wp-content\/uploads\/2023\/08\/H2880edeca6e64b2abf6e025c63c4cc538.jpg 750w, https:\/\/swforming.com\/wp-content\/uploads\/2023\/08\/H2880edeca6e64b2abf6e025c63c4cc538-600x783.jpg 600w, https:\/\/swforming.com\/wp-content\/uploads\/2023\/08\/H2880edeca6e64b2abf6e025c63c4cc538-230x300.jpg 230w, https:\/\/swforming.com\/wp-content\/uploads\/2023\/08\/H2880edeca6e64b2abf6e025c63c4cc538-9x12.jpg 9w\" sizes=\"(max-width: 750px) 100vw, 750px\" \/><\/p>\n<p>La profileuse pour lames de volets roulants permet de fabriquer des lames de volets roulants qui sont couramment utilis\u00e9es pour les portes de garage, les contre-volets commerciaux, les portes coupe-feu commerciales, les portes industrielles, les bureaux publics, les kiosques, les pavillons, les fen\u00eatres, etc. L'acier usinable peut \u00eatre de l'acier galvanis\u00e9, de l'acier inoxydable (304 et 316), de l'aluminium, du Ral, etc. L'\u00e9paisseur de l'acier peut \u00eatre de 16, 18, 20, 22 ou 24 mm, ce qui est largement utilis\u00e9 en Am\u00e9rique, ou de 0,6 \u00e0 1,5 mm sur le march\u00e9 international.<\/p>\n<p>Cette machine \u00e0 lamelles pour volets roulants se compose d'un d\u00e9rouleur, d'un syst\u00e8me de guidage et d'alimentation, d'une section de formage de rouleaux, d'un couteau hydraulique, d'une table de collecte, d'un syst\u00e8me hydraulique et d'un syst\u00e8me de contr\u00f4le.<\/p>\n<p>SUNWAY peut concevoir et fabriquer toutes sortes de profileuses pour lamelles de volets roulants selon les dessins de vos profils et r\u00e9pondre \u00e0 vos exigences de haute pr\u00e9cision, en rendant la surface belle et sans bavure, ainsi que des trous de poin\u00e7onnage de haute pr\u00e9cision, en particulier pour les lamelles \u00e0 micro-perforation, nous pouvons obtenir une tol\u00e9rance de 0,3 mm pour la distance des trous avec un syst\u00e8me d'alimentation servo. Dans l'industrie des lames de volets roulants, la profileuse peut \u00e9galement produire d'autres accessoires tels que : \u2460 Tube octogonal \u2461 Rail pour porte \u00e0 lamelles \u2462 Canal de guidage \u2463 Barre inf\u00e9rieure : Barre de fond en I, barre de fond en T et barre de fond en L.<\/p>\n<p>Nous r\u00e9alisons diff\u00e9rentes solutions en fonction du dessin, de la tol\u00e9rance et du budget des clients, offrant un service professionnel personnalis\u00e9, adaptable \u00e0 toutes vos exigences. Quelle que soit la ligne que vous choisissez, la qualit\u00e9 de SUNWAY Machinery vous assurera d&#039;obtenir des profil\u00e9s parfaitement fonctionnels.<\/p>\n<h3>Dessins de profil<\/h3>\n<p><img decoding=\"async\" class=\"alignnone size-full wp-image-3919\" src=\"https:\/\/swforming.com\/wp-content\/uploads\/2023\/08\/H4b36725df370429b8f24617f10f98decY.jpg\" alt=\"\" width=\"1748\" height=\"1001\" title=\"\" srcset=\"https:\/\/swforming.com\/wp-content\/uploads\/2023\/08\/H4b36725df370429b8f24617f10f98decY.jpg 1748w, https:\/\/swforming.com\/wp-content\/uploads\/2023\/08\/H4b36725df370429b8f24617f10f98decY-600x344.jpg 600w, https:\/\/swforming.com\/wp-content\/uploads\/2023\/08\/H4b36725df370429b8f24617f10f98decY-300x172.jpg 300w, https:\/\/swforming.com\/wp-content\/uploads\/2023\/08\/H4b36725df370429b8f24617f10f98decY-1024x586.jpg 1024w, https:\/\/swforming.com\/wp-content\/uploads\/2023\/08\/H4b36725df370429b8f24617f10f98decY-768x440.jpg 768w, https:\/\/swforming.com\/wp-content\/uploads\/2023\/08\/H4b36725df370429b8f24617f10f98decY-1536x880.jpg 1536w, https:\/\/swforming.com\/wp-content\/uploads\/2023\/08\/H4b36725df370429b8f24617f10f98decY-18x10.jpg 18w\" sizes=\"(max-width: 1748px) 100vw, 1748px\" \/><img decoding=\"async\" class=\"alignnone size-full wp-image-3920\" src=\"https:\/\/swforming.com\/wp-content\/uploads\/2023\/08\/20230828161641.png\" alt=\"\" width=\"751\" height=\"371\" title=\"\" srcset=\"https:\/\/swforming.com\/wp-content\/uploads\/2023\/08\/20230828161641.png 751w, https:\/\/swforming.com\/wp-content\/uploads\/2023\/08\/20230828161641-600x296.png 600w, https:\/\/swforming.com\/wp-content\/uploads\/2023\/08\/20230828161641-300x148.png 300w, https:\/\/swforming.com\/wp-content\/uploads\/2023\/08\/20230828161641-18x9.png 18w\" sizes=\"(max-width: 751px) 100vw, 751px\" \/><\/p>\n<h3>Ligne de production<\/h3>\n<p><img loading=\"lazy\" decoding=\"async\" class=\"alignnone size-full wp-image-3921\" src=\"https:\/\/swforming.com\/wp-content\/uploads\/2023\/08\/H9a0e71c8427f41838cf2548ff284e8b3Q.jpg\" alt=\"\" width=\"1748\" height=\"791\" title=\"\" srcset=\"https:\/\/swforming.com\/wp-content\/uploads\/2023\/08\/H9a0e71c8427f41838cf2548ff284e8b3Q.jpg 1748w, https:\/\/swforming.com\/wp-content\/uploads\/2023\/08\/H9a0e71c8427f41838cf2548ff284e8b3Q-600x272.jpg 600w, https:\/\/swforming.com\/wp-content\/uploads\/2023\/08\/H9a0e71c8427f41838cf2548ff284e8b3Q-300x136.jpg 300w, https:\/\/swforming.com\/wp-content\/uploads\/2023\/08\/H9a0e71c8427f41838cf2548ff284e8b3Q-1024x463.jpg 1024w, https:\/\/swforming.com\/wp-content\/uploads\/2023\/08\/H9a0e71c8427f41838cf2548ff284e8b3Q-768x348.jpg 768w, https:\/\/swforming.com\/wp-content\/uploads\/2023\/08\/H9a0e71c8427f41838cf2548ff284e8b3Q-1536x695.jpg 1536w, https:\/\/swforming.com\/wp-content\/uploads\/2023\/08\/H9a0e71c8427f41838cf2548ff284e8b3Q-18x8.jpg 18w\" sizes=\"(max-width: 1748px) 100vw, 1748px\" \/><\/p>\n<h3>d\u00e9tails du produit<\/h3>\n<p><img loading=\"lazy\" decoding=\"async\" class=\"alignnone size-full wp-image-3922\" src=\"https:\/\/swforming.com\/wp-content\/uploads\/2023\/08\/Q20230828161824.png\" alt=\"\" width=\"746\" height=\"1258\" title=\"\" srcset=\"https:\/\/swforming.com\/wp-content\/uploads\/2023\/08\/Q20230828161824.png 746w, https:\/\/swforming.com\/wp-content\/uploads\/2023\/08\/Q20230828161824-600x1012.png 600w, https:\/\/swforming.com\/wp-content\/uploads\/2023\/08\/Q20230828161824-178x300.png 178w, https:\/\/swforming.com\/wp-content\/uploads\/2023\/08\/Q20230828161824-607x1024.png 607w, https:\/\/swforming.com\/wp-content\/uploads\/2023\/08\/Q20230828161824-7x12.png 7w\" sizes=\"(max-width: 746px) 100vw, 746px\" \/><\/p>\n<h3>Param\u00e8tres du produit<\/h3>\n<div style=\"overflow-x: auto;\">\n<table>\n<tbody>\n<tr>\n<td style=\"text-align: center;\" colspan=\"3\" rowspan=\"1\" data-sheets-value=\"{&quot;1&quot;:2,&quot;2&quot;:&quot;Rolling Shutter Slat Roll Forming Machine&quot;}\"><strong>Machine de formage de rouleaux de lattes de volet roulant<\/strong><\/td>\n<\/tr>\n<tr>\n<td colspan=\"1\" rowspan=\"3\" data-sheets-value=\"{&quot;1&quot;:2,&quot;2&quot;:&quot;Machinable Material&quot;}\">\n<div>Mat\u00e9riau usinable<\/div>\n<\/td>\n<td data-sheets-value=\"{&quot;1&quot;:2,&quot;2&quot;:&quot;A) Galvanized Steel&quot;}\">A) Acier galvanis\u00e9<\/td>\n<td colspan=\"1\" rowspan=\"3\" data-sheets-value=\"{&quot;1&quot;:2,&quot;2&quot;:&quot;Thickness(MM): 0.6-1.5 mm Or According To Customer&quot;}\">\n<div>\u00c9paisseur (MM) : 0,6-1,5 mm ou selon le client<\/div>\n<\/td>\n<\/tr>\n<tr>\n<td data-sheets-value=\"{&quot;1&quot;:2,&quot;2&quot;:&quot;B) PPGI&quot;}\">B) PPGI<\/td>\n<\/tr>\n<tr>\n<td data-sheets-value=\"{&quot;1&quot;:2,&quot;2&quot;:&quot;C) Carbon Steel&quot;}\">C) Acier au carbone<\/td>\n<\/tr>\n<tr>\n<td data-sheets-value=\"{&quot;1&quot;:2,&quot;2&quot;:&quot;Yield Strength&quot;}\">Limite d&#039;\u00e9lasticit\u00e9<\/td>\n<td colspan=\"2\" rowspan=\"1\" data-sheets-value=\"{&quot;1&quot;:2,&quot;2&quot;:&quot;250 - 550 Mpa&quot;}\">250 \u2013 550 MPa<\/td>\n<\/tr>\n<tr>\n<td data-sheets-value=\"{&quot;1&quot;:2,&quot;2&quot;:&quot;Tensil Stress&quot;}\">Contrainte de traction<\/td>\n<td colspan=\"2\" rowspan=\"1\" data-sheets-value=\"{&quot;1&quot;:2,&quot;2&quot;:&quot;G250 Mpa-G550 Mpa&quot;}\">G250 MPa-G550 MPa<\/td>\n<\/tr>\n<tr>\n<td data-sheets-value=\"{&quot;1&quot;:2,&quot;2&quot;:&quot;Slat Type&quot;}\">Type de lattes<\/td>\n<td colspan=\"2\" rowspan=\"1\" data-sheets-value=\"{&quot;1&quot;:2,&quot;2&quot;:&quot;Slat, With Slotted Holes, With Embossing, With PU&quot;}\">Lamelle, avec trous oblongs, avec gaufrage, avec PU<\/td>\n<\/tr>\n<tr>\n<td data-sheets-value=\"{&quot;1&quot;:2,&quot;2&quot;:&quot;Decoiler&quot;}\">D\u00e9rouleur<\/td>\n<td colspan=\"2\" rowspan=\"1\" data-sheets-value=\"{&quot;1&quot;:2,&quot;2&quot;:&quot;Hydraulic Decoiler&quot;}\">D\u00e9rouleur hydraulique<\/td>\n<\/tr>\n<tr>\n<td data-sheets-value=\"{&quot;1&quot;:2,&quot;2&quot;:&quot;Punching System&quot;}\">Syst\u00e8me de poin\u00e7onnage<\/td>\n<td colspan=\"2\" rowspan=\"1\" data-sheets-value=\"{&quot;1&quot;:2,&quot;2&quot;:&quot;Hydraulic Punching Station&quot;}\">Station de poin\u00e7onnage hydraulique<\/td>\n<\/tr>\n<tr>\n<td data-sheets-value=\"{&quot;1&quot;:2,&quot;2&quot;:&quot;Forming Station&quot;}\">Station de formage<\/td>\n<td data-sheets-value=\"{&quot;1&quot;:2,&quot;2&quot;:&quot;About 10-16 Stations&quot;}\">Environ 10 \u00e0 16 stations<\/td>\n<td data-sheets-value=\"{&quot;1&quot;:2,&quot;2&quot;:&quot;* According To Your Profile Drawings&quot;}\">* Selon vos dessins de profil<\/td>\n<\/tr>\n<tr>\n<td data-sheets-value=\"{&quot;1&quot;:2,&quot;2&quot;:&quot;Driving System&quot;}\">Syst\u00e8me de conduite<\/td>\n<td data-sheets-value=\"{&quot;1&quot;:2,&quot;2&quot;:&quot;Gearbox Drive&quot;}\">Entra\u00eenement de bo\u00eete de vitesses<\/td>\n<td data-sheets-value=\"{&quot;1&quot;:2,&quot;2&quot;:&quot;Chain Drive&quot;}\">Entrainement par CHAINE<\/td>\n<\/tr>\n<tr>\n<td data-sheets-value=\"{&quot;1&quot;:2,&quot;2&quot;:&quot;Machine Structure&quot;}\">Structure de la machine<\/td>\n<td data-sheets-value=\"{&quot;1&quot;:2,&quot;2&quot;:&quot;Forged Iron Station&quot;}\">Station en fer forg\u00e9<\/td>\n<td data-sheets-value=\"{&quot;1&quot;:2,&quot;2&quot;:&quot;Wall Plated Steel&quot;}\">Acier plaqu\u00e9 au mur<\/td>\n<\/tr>\n<tr>\n<td data-sheets-value=\"{&quot;1&quot;:2,&quot;2&quot;:&quot;Forming Speed&quot;}\">Vitesse de formage<\/td>\n<td data-sheets-value=\"{&quot;1&quot;:2,&quot;2&quot;:&quot;0-20 (M\/MIN)&quot;}\">0-20 (M\/MIN)<\/td>\n<td data-sheets-value=\"{&quot;1&quot;:2,&quot;2&quot;:&quot;Not Including Cutting And Punching&quot;}\">Non compris le d\u00e9coupage et le poin\u00e7onnage<\/td>\n<\/tr>\n<tr>\n<td data-sheets-value=\"{&quot;1&quot;:2,&quot;2&quot;:&quot;Rollers\u2019 Material&quot;}\">Mat\u00e9riau des rouleaux<\/td>\n<td data-sheets-value=\"{&quot;1&quot;:2,&quot;2&quot;:&quot;GCr 15&quot;}\">GCr 15<\/td>\n<td data-sheets-value=\"{&quot;1&quot;:2,&quot;2&quot;:&quot;* Cr12Mov (Optional)&quot;}\">* Cr12Mov (facultatif)<\/td>\n<\/tr>\n<tr>\n<td data-sheets-value=\"{&quot;1&quot;:2,&quot;2&quot;:&quot;Cutting System&quot;}\">Syst\u00e8me de coupe<\/td>\n<td data-sheets-value=\"{&quot;1&quot;:2,&quot;2&quot;:&quot;Hydraulic Cutting&quot;}\">Coupe hydraulique<\/td>\n<td data-sheets-value=\"{&quot;1&quot;:2,&quot;2&quot;:&quot;* Saw-cutting (Optional)&quot;}\">* D\u00e9coupage \u00e0 la scie (optionnel)<\/td>\n<\/tr>\n<tr>\n<td data-sheets-value=\"{&quot;1&quot;:2,&quot;2&quot;:&quot;Frequency Changer Brand&quot;}\">Marque de changeur de fr\u00e9quence<\/td>\n<td data-sheets-value=\"{&quot;1&quot;:2,&quot;2&quot;:&quot;Yaskawa&quot;}\">Yaskawa<\/td>\n<td data-sheets-value=\"{&quot;1&quot;:2,&quot;2&quot;:&quot;* Siemens (Optional)&quot;}\">*Siemens (facultatif)<\/td>\n<\/tr>\n<tr>\n<td data-sheets-value=\"{&quot;1&quot;:2,&quot;2&quot;:&quot;PLC Brand&quot;}\">Marque PLC<\/td>\n<td data-sheets-value=\"{&quot;1&quot;:2,&quot;2&quot;:&quot;Panasonic&quot;}\">Panasonic<\/td>\n<td data-sheets-value=\"{&quot;1&quot;:2,&quot;2&quot;:&quot;* Siemens (Optional)&quot;}\">*Siemens (facultatif)<\/td>\n<\/tr>\n<tr>\n<td data-sheets-value=\"{&quot;1&quot;:2,&quot;2&quot;:&quot;Power Supply&quot;}\">Source de courant<\/td>\n<td data-sheets-value=\"{&quot;1&quot;:2,&quot;2&quot;:&quot;380V 50Hz 3ph&quot;}\">380V 50Hz 3ph<\/td>\n<td data-sheets-value=\"{&quot;1&quot;:2,&quot;2&quot;:&quot;* Or According To Your Requirment&quot;}\">* Ou selon vos besoins<\/td>\n<\/tr>\n<tr>\n<td data-sheets-value=\"{&quot;1&quot;:2,&quot;2&quot;:&quot;Machine Color&quot;}\">Couleur de l&#039;appareil<\/td>\n<td data-sheets-value=\"{&quot;1&quot;:2,&quot;2&quot;:&quot;Industrial Blue&quot;}\">Bleu industriel<\/td>\n<td data-sheets-value=\"{&quot;1&quot;:2,&quot;2&quot;:&quot;* Or According To Your Requirment&quot;}\">* Ou selon vos besoins<\/td>\n<\/tr>\n<\/tbody>\n<\/table>\n<\/div>\n<h3>Application<\/h3>\n<p><img loading=\"lazy\" decoding=\"async\" class=\"alignnone size-full wp-image-3923\" src=\"https:\/\/swforming.com\/wp-content\/uploads\/2023\/08\/230828162257.png\" alt=\"\" width=\"749\" height=\"452\" title=\"\" srcset=\"https:\/\/swforming.com\/wp-content\/uploads\/2023\/08\/230828162257.png 749w, https:\/\/swforming.com\/wp-content\/uploads\/2023\/08\/230828162257-600x362.png 600w, https:\/\/swforming.com\/wp-content\/uploads\/2023\/08\/230828162257-300x181.png 300w, https:\/\/swforming.com\/wp-content\/uploads\/2023\/08\/230828162257-18x12.png 18w\" sizes=\"(max-width: 749px) 100vw, 749px\" \/><\/p>","protected":false},"excerpt":{"rendered":"<p>La profileuse pour lames de volets roulants permet de fabriquer des lames de volets roulants qui sont couramment utilis\u00e9es pour les portes de garage, les contre-volets commerciaux, les portes coupe-feu commerciales, les portes industrielles, les bureaux publics, les kiosques, les pavillons, les fen\u00eatres, etc. L'acier usinable peut \u00eatre de l'acier galvanis\u00e9, de l'acier inoxydable (304 et 316), de l'aluminium, du Ral, etc. L'\u00e9paisseur de l'acier peut \u00eatre de 16, 18, 20, 22 ou 24 mm, ce qui est largement utilis\u00e9 en Am\u00e9rique, ou de 0,6 \u00e0 1,5 mm sur le march\u00e9 international.<\/p>","protected":false},"featured_media":3926,"comment_status":"closed","ping_status":"closed","template":"","meta":{"_acf_changed":false},"product_brand":[],"product_cat":[31,98],"product_tag":[],"class_list":{"0":"post-3917","1":"product","2":"type-product","3":"status-publish","4":"has-post-thumbnail","6":"product_cat-door-windows","7":"product_cat-rolling-shutter-slat-roll-forming-machine","9":"first","10":"instock","11":"shipping-taxable","12":"product-type-simple"},"acf":[],"_links":{"self":[{"href":"https:\/\/swforming.com\/fr\/wp-json\/wp\/v2\/product\/3917","targetHints":{"allow":["GET"]}}],"collection":[{"href":"https:\/\/swforming.com\/fr\/wp-json\/wp\/v2\/product"}],"about":[{"href":"https:\/\/swforming.com\/fr\/wp-json\/wp\/v2\/types\/product"}],"replies":[{"embeddable":true,"href":"https:\/\/swforming.com\/fr\/wp-json\/wp\/v2\/comments?post=3917"}],"version-history":[{"count":2,"href":"https:\/\/swforming.com\/fr\/wp-json\/wp\/v2\/product\/3917\/revisions"}],"predecessor-version":[{"id":3925,"href":"https:\/\/swforming.com\/fr\/wp-json\/wp\/v2\/product\/3917\/revisions\/3925"}],"wp:featuredmedia":[{"embeddable":true,"href":"https:\/\/swforming.com\/fr\/wp-json\/wp\/v2\/media\/3926"}],"wp:attachment":[{"href":"https:\/\/swforming.com\/fr\/wp-json\/wp\/v2\/media?parent=3917"}],"wp:term":[{"taxonomy":"product_brand","embeddable":true,"href":"https:\/\/swforming.com\/fr\/wp-json\/wp\/v2\/product_brand?post=3917"},{"taxonomy":"product_cat","embeddable":true,"href":"https:\/\/swforming.com\/fr\/wp-json\/wp\/v2\/product_cat?post=3917"},{"taxonomy":"product_tag","embeddable":true,"href":"https:\/\/swforming.com\/fr\/wp-json\/wp\/v2\/product_tag?post=3917"}],"curies":[{"name":"wp","href":"https:\/\/api.w.org\/{rel}","templated":true}]}}