{"id":3888,"date":"2023-08-21T08:05:48","date_gmt":"2023-08-21T08:05:48","guid":{"rendered":"https:\/\/swforming.com\/?post_type=product&#038;p=3888"},"modified":"2023-08-21T08:05:54","modified_gmt":"2023-08-21T08:05:54","slug":"highway-guardrail-end-terminal-forming-machine","status":"publish","type":"product","link":"https:\/\/swforming.com\/fr\/product\/highway-guardrail-end-terminal-forming-machine\/","title":{"rendered":"Machine de formage de bornes d'extr\u00e9mit\u00e9 de glissi\u00e8res de s\u00e9curit\u00e9 pour autoroutes"},"content":{"rendered":"<p><img fetchpriority=\"high\" decoding=\"async\" class=\"alignnone size-full wp-image-3896\" src=\"https:\/\/swforming.com\/wp-content\/uploads\/2023\/08\/H9497aa20cfb441cf8ace6207841e8b34g.jpg\" alt=\"\" width=\"750\" height=\"979\" title=\"\" srcset=\"https:\/\/swforming.com\/wp-content\/uploads\/2023\/08\/H9497aa20cfb441cf8ace6207841e8b34g.jpg 750w, https:\/\/swforming.com\/wp-content\/uploads\/2023\/08\/H9497aa20cfb441cf8ace6207841e8b34g-600x783.jpg 600w, https:\/\/swforming.com\/wp-content\/uploads\/2023\/08\/H9497aa20cfb441cf8ace6207841e8b34g-230x300.jpg 230w, https:\/\/swforming.com\/wp-content\/uploads\/2023\/08\/H9497aa20cfb441cf8ace6207841e8b34g-9x12.jpg 9w\" sizes=\"(max-width: 750px) 100vw, 750px\" \/><\/p>\n<p><b>Ligne de poin\u00e7onnage d'extr\u00e9mit\u00e9s de glissi\u00e8res de s\u00e9curit\u00e9 pour autoroutes<\/b> Les bornes d'extr\u00e9mit\u00e9 des glissi\u00e8res de s\u00e9curit\u00e9 sont con\u00e7ues pour r\u00e9duire les dommages caus\u00e9s au v\u00e9hicule et prot\u00e9ger la vie de ses occupants. Les bornes d'extr\u00e9mit\u00e9 doivent \u00eatre install\u00e9es \u00e0 chaque ouverture ou \u00e0 la fin d'un tron\u00e7on de route. En fonction des diff\u00e9rentes directions de conduite, l'extr\u00e9mit\u00e9 de la glissi\u00e8re de s\u00e9curit\u00e9 se compose de deux types d'extr\u00e9mit\u00e9s : l'extr\u00e9mit\u00e9 d'ancrage en amont et l'extr\u00e9mit\u00e9 ronde en aval.  L'extr\u00e9mit\u00e9 en queue de poisson est l'extr\u00e9mit\u00e9 terminale commune avec la norme AASHTO M180, elle est c\u00e9l\u00e8bre au Moyen-Orient, en Europe et dans les pays am\u00e9ricains.  L'\u00e9paisseur normale est d'environ 4 mm. Nous adoptons donc des supports en fer forg\u00e9 et un entra\u00eenement par bo\u00eete de vitesses pour nous assurer que cette machine peut fonctionner longtemps dans une situation stable au cours des 20 prochaines ann\u00e9es. La vitesse de poin\u00e7onnage peut atteindre 70 fois\/minute.<\/p>\n<p><b>D\u00e9vidoir hydraulique-Nivelage-Alimentation par servomoteur-Poin\u00e7onnage-Bo\u00eete de collecte<\/b> L'extr\u00e9mit\u00e9 en queue de poisson, comme son nom l'indique, est un type d'extr\u00e9mit\u00e9 de glissi\u00e8re de s\u00e9curit\u00e9 en forme de queue de poisson, qui fournit une terminaison peu profonde pour les cl\u00f4tures de glissi\u00e8res de s\u00e9curit\u00e9 en acier le long des voies de circulation \u00e0 faible vitesse. L'extr\u00e9mit\u00e9 en queue de poisson est disponible pour les syst\u00e8mes de glissi\u00e8res de s\u00e9curit\u00e9 \u00e0 poutrelles en W et \u00e0 poutrelles en treillis et est id\u00e9ale pour les glissi\u00e8res de s\u00e9curit\u00e9 \u00e0 double rail et les passerelles. Les terminaisons en queue de poisson (traitement des extr\u00e9mit\u00e9s) sont faciles \u00e0 installer et peuvent \u00eatre modifi\u00e9es pour des installations personnalis\u00e9es. Nous proposons diff\u00e9rentes solutions en fonction des dessins, des tol\u00e9rances et du budget de nos clients. Nous offrons un service professionnel personnalis\u00e9 qui s'adapte \u00e0 toutes les exigences. Quelle que soit la ligne que vous choisissez, la qualit\u00e9 des machines SUNWAY vous permettra d'obtenir des profil\u00e9s parfaitement fonctionnels.<\/p>\n<h3>Dessins de profil<\/h3>\n<p><img decoding=\"async\" class=\"alignnone size-full wp-image-3897\" src=\"https:\/\/swforming.com\/wp-content\/uploads\/2023\/08\/Hd8238265cf83406c8d610c04a0236415e.jpg\" alt=\"\" width=\"1748\" height=\"1782\" title=\"\" srcset=\"https:\/\/swforming.com\/wp-content\/uploads\/2023\/08\/Hd8238265cf83406c8d610c04a0236415e.jpg 1748w, https:\/\/swforming.com\/wp-content\/uploads\/2023\/08\/Hd8238265cf83406c8d610c04a0236415e-600x612.jpg 600w, https:\/\/swforming.com\/wp-content\/uploads\/2023\/08\/Hd8238265cf83406c8d610c04a0236415e-294x300.jpg 294w, https:\/\/swforming.com\/wp-content\/uploads\/2023\/08\/Hd8238265cf83406c8d610c04a0236415e-1004x1024.jpg 1004w, https:\/\/swforming.com\/wp-content\/uploads\/2023\/08\/Hd8238265cf83406c8d610c04a0236415e-768x783.jpg 768w, https:\/\/swforming.com\/wp-content\/uploads\/2023\/08\/Hd8238265cf83406c8d610c04a0236415e-1507x1536.jpg 1507w, https:\/\/swforming.com\/wp-content\/uploads\/2023\/08\/Hd8238265cf83406c8d610c04a0236415e-12x12.jpg 12w\" sizes=\"(max-width: 1748px) 100vw, 1748px\" \/><\/p>\n<h3>Ligne de production<\/h3>\n<p><img decoding=\"async\" class=\"alignnone size-full wp-image-3898\" src=\"https:\/\/swforming.com\/wp-content\/uploads\/2023\/08\/H71e2fe7da20749c5821f8417a804a51dr.jpg\" alt=\"\" width=\"1748\" height=\"791\" title=\"\" srcset=\"https:\/\/swforming.com\/wp-content\/uploads\/2023\/08\/H71e2fe7da20749c5821f8417a804a51dr.jpg 1748w, https:\/\/swforming.com\/wp-content\/uploads\/2023\/08\/H71e2fe7da20749c5821f8417a804a51dr-600x272.jpg 600w, https:\/\/swforming.com\/wp-content\/uploads\/2023\/08\/H71e2fe7da20749c5821f8417a804a51dr-300x136.jpg 300w, https:\/\/swforming.com\/wp-content\/uploads\/2023\/08\/H71e2fe7da20749c5821f8417a804a51dr-1024x463.jpg 1024w, https:\/\/swforming.com\/wp-content\/uploads\/2023\/08\/H71e2fe7da20749c5821f8417a804a51dr-768x348.jpg 768w, https:\/\/swforming.com\/wp-content\/uploads\/2023\/08\/H71e2fe7da20749c5821f8417a804a51dr-1536x695.jpg 1536w, https:\/\/swforming.com\/wp-content\/uploads\/2023\/08\/H71e2fe7da20749c5821f8417a804a51dr-18x8.jpg 18w\" sizes=\"(max-width: 1748px) 100vw, 1748px\" \/><\/p>\n<h3>d\u00e9tails du produit<\/h3>\n<p><img loading=\"lazy\" decoding=\"async\" class=\"alignnone size-full wp-image-3899\" src=\"https:\/\/swforming.com\/wp-content\/uploads\/2023\/08\/30821155655.png\" alt=\"\" width=\"750\" height=\"218\" title=\"\" srcset=\"https:\/\/swforming.com\/wp-content\/uploads\/2023\/08\/30821155655.png 750w, https:\/\/swforming.com\/wp-content\/uploads\/2023\/08\/30821155655-600x174.png 600w, https:\/\/swforming.com\/wp-content\/uploads\/2023\/08\/30821155655-300x87.png 300w, https:\/\/swforming.com\/wp-content\/uploads\/2023\/08\/30821155655-18x5.png 18w\" sizes=\"(max-width: 750px) 100vw, 750px\" \/><\/p>\n<h3>Param\u00e8tres du produit<\/h3>\n<div style=\"overflow-x: auto;\">\n<table>\n<tbody>\n<tr>\n<td style=\"text-align: center;\" colspan=\"3\" rowspan=\"1\" data-sheets-value=\"{&quot;1&quot;:2,&quot;2&quot;:&quot;Highway Guardrail End Terminals Punching Line&quot;}\"><strong>Ligne de poin\u00e7onnage d'extr\u00e9mit\u00e9s de glissi\u00e8res de s\u00e9curit\u00e9 pour autoroutes<\/strong><\/td>\n<\/tr>\n<tr>\n<td colspan=\"1\" rowspan=\"2\" data-sheets-value=\"{&quot;1&quot;:2,&quot;2&quot;:&quot;Machinable Material&quot;}\">\n<div>Mat\u00e9riau usinable<\/div>\n<\/td>\n<td data-sheets-value=\"{&quot;1&quot;:2,&quot;2&quot;:&quot;A) Galvanized Steel&quot;}\">A) Acier galvanis\u00e9<\/td>\n<td colspan=\"1\" rowspan=\"2\" data-sheets-value=\"{&quot;1&quot;:2,&quot;2&quot;:&quot;Thickness(MM): 3-6 mm Or According To Customer&quot;}\">\n<div>\u00c9paisseur (MM) : 3-6 mm ou selon le client<\/div>\n<\/td>\n<\/tr>\n<tr>\n<td data-sheets-value=\"{&quot;1&quot;:2,&quot;2&quot;:&quot;B) Carbon Steel&quot;}\">B) Acier au carbone<\/td>\n<\/tr>\n<tr>\n<td data-sheets-value=\"{&quot;1&quot;:2,&quot;2&quot;:&quot;Yield Strength&quot;}\">Limite d&#039;\u00e9lasticit\u00e9<\/td>\n<td colspan=\"2\" rowspan=\"1\" data-sheets-value=\"{&quot;1&quot;:2,&quot;2&quot;:&quot;250 - 550 Mpa&quot;}\">250 \u2013 550 MPa<\/td>\n<\/tr>\n<tr>\n<td data-sheets-value=\"{&quot;1&quot;:2,&quot;2&quot;:&quot;Tensil Stress&quot;}\">Contrainte de traction<\/td>\n<td colspan=\"2\" rowspan=\"1\" data-sheets-value=\"{&quot;1&quot;:2,&quot;2&quot;:&quot;G250 Mpa-G550 Mpa&quot;}\">G250 MPa-G550 MPa<\/td>\n<\/tr>\n<tr>\n<td data-sheets-value=\"{&quot;1&quot;:2,&quot;2&quot;:&quot;Guard Rail Type&quot;}\">Type de garde-corps<\/td>\n<td colspan=\"2\" rowspan=\"1\" data-sheets-value=\"{&quot;1&quot;:2,&quot;2&quot;:&quot;2 Waves Or 3 Waves&quot;}\">2 vagues ou 3 vagues<\/td>\n<\/tr>\n<tr>\n<td data-sheets-value=\"{&quot;1&quot;:2,&quot;2&quot;:&quot;Decoiler&quot;}\">D\u00e9rouleur<\/td>\n<td colspan=\"2\" rowspan=\"1\" data-sheets-value=\"{&quot;1&quot;:2,&quot;2&quot;:&quot;Hydraulilc Decoiler&quot;}\">D\u00e9vidoir hydraulique<\/td>\n<\/tr>\n<tr>\n<td data-sheets-value=\"{&quot;1&quot;:2,&quot;2&quot;:&quot;Leveller&quot;}\">Niveleur<\/td>\n<td colspan=\"2\" rowspan=\"1\" data-sheets-value=\"{&quot;1&quot;:2,&quot;2&quot;:&quot;Levelling Rollers&quot;}\">Rouleaux de nivellement<\/td>\n<\/tr>\n<tr>\n<td data-sheets-value=\"{&quot;1&quot;:2,&quot;2&quot;:&quot;Feeder&quot;}\">Alimentateur<\/td>\n<td colspan=\"2\" rowspan=\"1\" data-sheets-value=\"{&quot;1&quot;:2,&quot;2&quot;:&quot;Servo Feeder&quot;}\">Servo Feeder<\/td>\n<\/tr>\n<tr>\n<td data-sheets-value=\"{&quot;1&quot;:2,&quot;2&quot;:&quot;Punching System&quot;}\">Syst\u00e8me de poin\u00e7onnage<\/td>\n<td colspan=\"2\" rowspan=\"1\" data-sheets-value=\"{&quot;1&quot;:2,&quot;2&quot;:&quot;Press Machine With Mould&quot;}\">Machine de presse avec moule<\/td>\n<\/tr>\n<tr>\n<td data-sheets-value=\"{&quot;1&quot;:2,&quot;2&quot;:&quot;Power Supply&quot;}\">Source de courant<\/td>\n<td data-sheets-value=\"{&quot;1&quot;:2,&quot;2&quot;:&quot;380V 50Hz 3ph&quot;}\">380V 50Hz 3ph<\/td>\n<td data-sheets-value=\"{&quot;1&quot;:2,&quot;2&quot;:&quot;* Or According To Your Requirment&quot;}\">* Ou selon vos besoins<\/td>\n<\/tr>\n<tr>\n<td data-sheets-value=\"{&quot;1&quot;:2,&quot;2&quot;:&quot;Machine Color&quot;}\">Couleur de l&#039;appareil<\/td>\n<td data-sheets-value=\"{&quot;1&quot;:2,&quot;2&quot;:&quot;Industrial Blue&quot;}\">Bleu industriel<\/td>\n<td data-sheets-value=\"{&quot;1&quot;:2,&quot;2&quot;:&quot;* Or According To Your Requirment&quot;}\">* Ou selon vos besoins<\/td>\n<\/tr>\n<\/tbody>\n<\/table>\n<\/div>\n<h3>Application<\/h3>\n<p><img loading=\"lazy\" decoding=\"async\" class=\"alignnone size-full wp-image-3902\" src=\"https:\/\/swforming.com\/wp-content\/uploads\/2023\/08\/30821160236.png\" alt=\"\" width=\"750\" height=\"453\" title=\"\" srcset=\"https:\/\/swforming.com\/wp-content\/uploads\/2023\/08\/30821160236.png 750w, https:\/\/swforming.com\/wp-content\/uploads\/2023\/08\/30821160236-600x362.png 600w, https:\/\/swforming.com\/wp-content\/uploads\/2023\/08\/30821160236-300x181.png 300w, https:\/\/swforming.com\/wp-content\/uploads\/2023\/08\/30821160236-18x12.png 18w\" sizes=\"(max-width: 750px) 100vw, 750px\" \/><\/p>","protected":false},"excerpt":{"rendered":"<p>Les machines de formage de bornes d'extr\u00e9mit\u00e9 de glissi\u00e8res de s\u00e9curit\u00e9 sont con\u00e7ues pour r\u00e9duire les dommages caus\u00e9s aux v\u00e9hicules et prot\u00e9ger la vie de leurs occupants. Les bornes d'extr\u00e9mit\u00e9 doivent \u00eatre install\u00e9es \u00e0 chaque ouverture ou \u00e0 l'extr\u00e9mit\u00e9 d'un tron\u00e7on de route. En fonction des diff\u00e9rentes directions de conduite, l'extr\u00e9mit\u00e9 de la glissi\u00e8re de s\u00e9curit\u00e9 a deux types d'extr\u00e9mit\u00e9 : l'extr\u00e9mit\u00e9 d'ancrage en amont et l'extr\u00e9mit\u00e9 ronde en aval.  L'extr\u00e9mit\u00e9 en queue de poisson est l'extr\u00e9mit\u00e9 terminale commune avec la norme AASHTO M180, elle est c\u00e9l\u00e8bre au Moyen-Orient, en Europe et dans les pays am\u00e9ricains.  L'\u00e9paisseur normale est d'environ 4 mm. Nous adoptons donc des supports en fer forg\u00e9 et un entra\u00eenement par bo\u00eete de vitesses pour nous assurer que cette machine peut fonctionner longtemps dans une situation stable au cours des 20 prochaines ann\u00e9es. La vitesse de poin\u00e7onnage peut atteindre 70 fois\/minute.<\/p>","protected":false},"featured_media":3890,"comment_status":"closed","ping_status":"closed","template":"","meta":{"_acf_changed":false},"product_brand":[],"product_cat":[37,91],"product_tag":[],"class_list":{"0":"post-3888","1":"product","2":"type-product","3":"status-publish","4":"has-post-thumbnail","6":"product_cat-highway-engineering-vehicle","7":"product_cat-highway-guardrail-end-terminal-machine","9":"first","10":"instock","11":"shipping-taxable","12":"product-type-simple"},"acf":[],"_links":{"self":[{"href":"https:\/\/swforming.com\/fr\/wp-json\/wp\/v2\/product\/3888","targetHints":{"allow":["GET"]}}],"collection":[{"href":"https:\/\/swforming.com\/fr\/wp-json\/wp\/v2\/product"}],"about":[{"href":"https:\/\/swforming.com\/fr\/wp-json\/wp\/v2\/types\/product"}],"replies":[{"embeddable":true,"href":"https:\/\/swforming.com\/fr\/wp-json\/wp\/v2\/comments?post=3888"}],"version-history":[{"count":1,"href":"https:\/\/swforming.com\/fr\/wp-json\/wp\/v2\/product\/3888\/revisions"}],"predecessor-version":[{"id":3903,"href":"https:\/\/swforming.com\/fr\/wp-json\/wp\/v2\/product\/3888\/revisions\/3903"}],"wp:featuredmedia":[{"embeddable":true,"href":"https:\/\/swforming.com\/fr\/wp-json\/wp\/v2\/media\/3890"}],"wp:attachment":[{"href":"https:\/\/swforming.com\/fr\/wp-json\/wp\/v2\/media?parent=3888"}],"wp:term":[{"taxonomy":"product_brand","embeddable":true,"href":"https:\/\/swforming.com\/fr\/wp-json\/wp\/v2\/product_brand?post=3888"},{"taxonomy":"product_cat","embeddable":true,"href":"https:\/\/swforming.com\/fr\/wp-json\/wp\/v2\/product_cat?post=3888"},{"taxonomy":"product_tag","embeddable":true,"href":"https:\/\/swforming.com\/fr\/wp-json\/wp\/v2\/product_tag?post=3888"}],"curies":[{"name":"wp","href":"https:\/\/api.w.org\/{rel}","templated":true}]}}