{"id":3854,"date":"2023-08-14T08:58:08","date_gmt":"2023-08-14T08:58:08","guid":{"rendered":"https:\/\/swforming.com\/?post_type=product&#038;p=3854"},"modified":"2023-11-08T02:47:29","modified_gmt":"2023-11-08T02:47:29","slug":"highway-u-c-post-roll-forming-machine","status":"publish","type":"product","link":"https:\/\/swforming.com\/fr\/product\/highway-u-c-post-roll-forming-machine\/","title":{"rendered":"Profileuse pour poteaux d'autoroute U\/C"},"content":{"rendered":"<p><img fetchpriority=\"high\" decoding=\"async\" class=\"alignnone size-full wp-image-3861\" src=\"https:\/\/swforming.com\/wp-content\/uploads\/2023\/08\/Haa342d4cd08f49febed9f24df749b086W.jpg\" alt=\"\" width=\"750\" height=\"979\" title=\"\" srcset=\"https:\/\/swforming.com\/wp-content\/uploads\/2023\/08\/Haa342d4cd08f49febed9f24df749b086W.jpg 750w, https:\/\/swforming.com\/wp-content\/uploads\/2023\/08\/Haa342d4cd08f49febed9f24df749b086W-600x783.jpg 600w, https:\/\/swforming.com\/wp-content\/uploads\/2023\/08\/Haa342d4cd08f49febed9f24df749b086W-230x300.jpg 230w, https:\/\/swforming.com\/wp-content\/uploads\/2023\/08\/Haa342d4cd08f49febed9f24df749b086W-9x12.jpg 9w\" sizes=\"(max-width: 750px) 100vw, 750px\" \/><\/p>\n<p>La profileuse pour poteaux d'autoroute U\/C est utilis\u00e9e pour produire des poteaux de barri\u00e8re C ou des poteaux U d'une \u00e9paisseur normale de 3 \u00e0 6 mm.<\/p>\n<p>Le poteau de la barri\u00e8re en C ou le poteau en U sert de support \u00e0 la glissi\u00e8re de s\u00e9curit\u00e9 de la poutre et d\u00e9termine g\u00e9n\u00e9ralement la performance de la glissi\u00e8re de s\u00e9curit\u00e9 lors de la collision. Une installation correcte du poteau de glissi\u00e8re de s\u00e9curit\u00e9 maximisera les performances de la glissi\u00e8re. Le poteau de barri\u00e8re a une longue dur\u00e9e de vie et la surface est g\u00e9n\u00e9ralement galvanis\u00e9e \u00e0 chaud ou rev\u00eatue par pulv\u00e9risation pour r\u00e9sister \u00e0 la rouille et \u00e0 la corrosion.<\/p>\n<p>Les poteaux en acier C sont dot\u00e9s ou non de brides, qui sont diff\u00e9renci\u00e9es en fonction de l'application envisag\u00e9e. En g\u00e9n\u00e9ral, les piliers sans brides sont fix\u00e9s au sol meuble par les piliers. Mais si vous souhaitez le fixer sur une chauss\u00e9e en b\u00e9ton, le pilier avec plaque d'acier est le meilleur choix pour votre installation : il suffit d'utiliser de longs boulons pour fixer le pilier \u00e0 la position souhait\u00e9e.<\/p>\n<p>Les glissi\u00e8res de s\u00e9curit\u00e9 constituent une barri\u00e8re visuelle et physique entre la circulation et les zones de travail. Elles sont utilis\u00e9es pour la protection contre les accidents dus aux chariots \u00e9l\u00e9vateurs ou \u00e0 d'autres \u00e9quipements mobiles dans les zones de quai, les all\u00e9es et autour des \u00e9quipements sp\u00e9ciaux. Ils permettent de r\u00e9duire les dommages co\u00fbteux caus\u00e9s aux \u00e9quipements et aux stocks. Normalement, dans un projet de glissi\u00e8res de s\u00e9curit\u00e9, il y a les machines suivantes : machine de formage de glissi\u00e8res de s\u00e9curit\u00e9 \u00e0 deux\/trois vagues, machine de formage de poteaux en U ou en C, ligne de poin\u00e7onnage des raccords, ligne de poin\u00e7onnage des terminaisons.<\/p>\n<p>Nous r\u00e9alisons diff\u00e9rentes solutions en fonction du dessin, de la tol\u00e9rance et du budget des clients, offrant un service professionnel personnalis\u00e9, adaptable \u00e0 toutes vos exigences. Quelle que soit la ligne que vous choisissez, la qualit\u00e9 de SUNWAY Machinery vous assurera d&#039;obtenir des profil\u00e9s parfaitement fonctionnels.<\/p>\n<h3>Dessins de profil<\/h3>\n<p><img decoding=\"async\" class=\"alignnone size-full wp-image-3862\" src=\"https:\/\/swforming.com\/wp-content\/uploads\/2023\/08\/H0089c9d680024b9db7985b8b8284272d9.jpg\" alt=\"\" width=\"1748\" height=\"2113\" title=\"\" srcset=\"https:\/\/swforming.com\/wp-content\/uploads\/2023\/08\/H0089c9d680024b9db7985b8b8284272d9.jpg 1748w, https:\/\/swforming.com\/wp-content\/uploads\/2023\/08\/H0089c9d680024b9db7985b8b8284272d9-600x725.jpg 600w, https:\/\/swforming.com\/wp-content\/uploads\/2023\/08\/H0089c9d680024b9db7985b8b8284272d9-248x300.jpg 248w, https:\/\/swforming.com\/wp-content\/uploads\/2023\/08\/H0089c9d680024b9db7985b8b8284272d9-847x1024.jpg 847w, https:\/\/swforming.com\/wp-content\/uploads\/2023\/08\/H0089c9d680024b9db7985b8b8284272d9-768x928.jpg 768w, https:\/\/swforming.com\/wp-content\/uploads\/2023\/08\/H0089c9d680024b9db7985b8b8284272d9-1271x1536.jpg 1271w, https:\/\/swforming.com\/wp-content\/uploads\/2023\/08\/H0089c9d680024b9db7985b8b8284272d9-1694x2048.jpg 1694w, https:\/\/swforming.com\/wp-content\/uploads\/2023\/08\/H0089c9d680024b9db7985b8b8284272d9-10x12.jpg 10w\" sizes=\"(max-width: 1748px) 100vw, 1748px\" \/> <img decoding=\"async\" class=\"alignnone size-full wp-image-3863\" src=\"https:\/\/swforming.com\/wp-content\/uploads\/2023\/08\/20230814164843.png\" alt=\"\" width=\"750\" height=\"181\" title=\"\" srcset=\"https:\/\/swforming.com\/wp-content\/uploads\/2023\/08\/20230814164843.png 750w, https:\/\/swforming.com\/wp-content\/uploads\/2023\/08\/20230814164843-600x145.png 600w, https:\/\/swforming.com\/wp-content\/uploads\/2023\/08\/20230814164843-300x72.png 300w, https:\/\/swforming.com\/wp-content\/uploads\/2023\/08\/20230814164843-18x4.png 18w\" sizes=\"(max-width: 750px) 100vw, 750px\" \/><\/p>\n<h3>Ligne de production<\/h3>\n<p><img loading=\"lazy\" decoding=\"async\" class=\"alignnone size-full wp-image-3864\" src=\"https:\/\/swforming.com\/wp-content\/uploads\/2023\/08\/Hb57caa24c9954539876697b0f071b0d55-1.jpg\" alt=\"\" width=\"1748\" height=\"1007\" title=\"\" srcset=\"https:\/\/swforming.com\/wp-content\/uploads\/2023\/08\/Hb57caa24c9954539876697b0f071b0d55-1.jpg 1748w, https:\/\/swforming.com\/wp-content\/uploads\/2023\/08\/Hb57caa24c9954539876697b0f071b0d55-1-600x346.jpg 600w, https:\/\/swforming.com\/wp-content\/uploads\/2023\/08\/Hb57caa24c9954539876697b0f071b0d55-1-300x173.jpg 300w, https:\/\/swforming.com\/wp-content\/uploads\/2023\/08\/Hb57caa24c9954539876697b0f071b0d55-1-1024x590.jpg 1024w, https:\/\/swforming.com\/wp-content\/uploads\/2023\/08\/Hb57caa24c9954539876697b0f071b0d55-1-768x442.jpg 768w, https:\/\/swforming.com\/wp-content\/uploads\/2023\/08\/Hb57caa24c9954539876697b0f071b0d55-1-1536x885.jpg 1536w, https:\/\/swforming.com\/wp-content\/uploads\/2023\/08\/Hb57caa24c9954539876697b0f071b0d55-1-18x10.jpg 18w\" sizes=\"(max-width: 1748px) 100vw, 1748px\" \/><\/p>\n<h3>d\u00e9tails du produit<\/h3>\n<p><img loading=\"lazy\" decoding=\"async\" class=\"alignnone size-full wp-image-3865\" src=\"https:\/\/swforming.com\/wp-content\/uploads\/2023\/08\/0230814165100.png\" alt=\"\" width=\"750\" height=\"946\" title=\"\" srcset=\"https:\/\/swforming.com\/wp-content\/uploads\/2023\/08\/0230814165100.png 750w, https:\/\/swforming.com\/wp-content\/uploads\/2023\/08\/0230814165100-600x757.png 600w, https:\/\/swforming.com\/wp-content\/uploads\/2023\/08\/0230814165100-238x300.png 238w, https:\/\/swforming.com\/wp-content\/uploads\/2023\/08\/0230814165100-10x12.png 10w\" sizes=\"(max-width: 750px) 100vw, 750px\" \/><\/p>\n<h3>Param\u00e8tres du produit<\/h3>\n<div style=\"overflow-x: auto;\">\n<table>\n<tbody>\n<tr>\n<td style=\"text-align: center;\" colspan=\"3\" rowspan=\"1\" data-sheets-value=\"{&quot;1&quot;:2,&quot;2&quot;:&quot;Highway U\/C Post Roll Forming Machine&quot;}\"><strong>Profileuse pour poteaux d'autoroute U\/C<\/strong><\/td>\n<\/tr>\n<tr>\n<td colspan=\"1\" rowspan=\"3\" data-sheets-value=\"{&quot;1&quot;:2,&quot;2&quot;:&quot;Machinable Material&quot;}\">\n<div>Mat\u00e9riau usinable<\/div>\n<\/td>\n<td data-sheets-value=\"{&quot;1&quot;:2,&quot;2&quot;:&quot;A) Galvanized Steel&quot;}\">A) Acier galvanis\u00e9<\/td>\n<td colspan=\"1\" rowspan=\"3\" data-sheets-value=\"{&quot;1&quot;:2,&quot;2&quot;:&quot;Thickness(MM): 3.0-6.0 mm Or According To Customer&quot;}\">\n<div>\u00c9paisseur (MM) : 3,0-6,0 mm ou selon le client<\/div>\n<\/td>\n<\/tr>\n<tr>\n<td data-sheets-value=\"{&quot;1&quot;:2,&quot;2&quot;:&quot;B) PPGI&quot;}\">B) PPGI<\/td>\n<\/tr>\n<tr>\n<td data-sheets-value=\"{&quot;1&quot;:2,&quot;2&quot;:&quot;C) Carbon Steel&quot;}\">C) Acier au carbone<\/td>\n<\/tr>\n<tr>\n<td data-sheets-value=\"{&quot;1&quot;:2,&quot;2&quot;:&quot;Yield Strength&quot;}\">Limite d&#039;\u00e9lasticit\u00e9<\/td>\n<td colspan=\"2\" rowspan=\"1\" data-sheets-value=\"{&quot;1&quot;:2,&quot;2&quot;:&quot;250 - 550 Mpa&quot;}\">250 \u2013 550 MPa<\/td>\n<\/tr>\n<tr>\n<td data-sheets-value=\"{&quot;1&quot;:2,&quot;2&quot;:&quot;Tensil Stress&quot;}\">Contrainte de traction<\/td>\n<td colspan=\"2\" rowspan=\"1\" data-sheets-value=\"{&quot;1&quot;:2,&quot;2&quot;:&quot;G250 Mpa-G550 Mpa&quot;}\">G250 MPa-G550 MPa<\/td>\n<\/tr>\n<tr>\n<td data-sheets-value=\"{&quot;1&quot;:2,&quot;2&quot;:&quot;Type&quot;}\">Type<\/td>\n<td colspan=\"2\" rowspan=\"1\" data-sheets-value=\"{&quot;1&quot;:2,&quot;2&quot;:&quot;C Post, U post, M Post, Sigma Post, etc&quot;}\">C Post, U Post, M Post, Sigma Post, etc.<\/td>\n<\/tr>\n<tr>\n<td data-sheets-value=\"{&quot;1&quot;:2,&quot;2&quot;:&quot;Decoiler&quot;}\">D\u00e9rouleur<\/td>\n<td colspan=\"2\" rowspan=\"1\" data-sheets-value=\"{&quot;1&quot;:2,&quot;2&quot;:&quot;Hydraulilc Decoiler&quot;}\">D\u00e9vidoir hydraulique<\/td>\n<\/tr>\n<tr>\n<td data-sheets-value=\"{&quot;1&quot;:2,&quot;2&quot;:&quot;Punching System&quot;}\">Syst\u00e8me de poin\u00e7onnage<\/td>\n<td colspan=\"2\" rowspan=\"1\" data-sheets-value=\"{&quot;1&quot;:2,&quot;2&quot;:&quot;Hydraulic Punching Station&quot;}\">Station de poin\u00e7onnage hydraulique<\/td>\n<\/tr>\n<tr>\n<td data-sheets-value=\"{&quot;1&quot;:2,&quot;2&quot;:&quot;Forming Station&quot;}\">Station de formage<\/td>\n<td data-sheets-value=\"{&quot;1&quot;:2,&quot;2&quot;:&quot;About 12 - 16 Stations&quot;}\">Environ 12 \u00e0 16 stations<\/td>\n<td data-sheets-value=\"{&quot;1&quot;:2,&quot;2&quot;:&quot;* According To Your Profile Drawings&quot;}\">* Selon vos dessins de profil<\/td>\n<\/tr>\n<tr>\n<td data-sheets-value=\"{&quot;1&quot;:2,&quot;2&quot;:&quot;Driving System&quot;}\">Syst\u00e8me de conduite<\/td>\n<td colspan=\"2\" rowspan=\"1\" data-sheets-value=\"{&quot;1&quot;:2,&quot;2&quot;:&quot;Gearbox Drive&quot;}\">Entra\u00eenement de bo\u00eete de vitesses<\/td>\n<\/tr>\n<tr>\n<td data-sheets-value=\"{&quot;1&quot;:2,&quot;2&quot;:&quot;Machine Structure&quot;}\">Structure de la machine<\/td>\n<td colspan=\"2\" rowspan=\"1\" data-sheets-value=\"{&quot;1&quot;:2,&quot;2&quot;:&quot;Forged Iron Station&quot;}\">Station en fer forg\u00e9<\/td>\n<\/tr>\n<tr>\n<td data-sheets-value=\"{&quot;1&quot;:2,&quot;2&quot;:&quot;Forming Speed&quot;}\">Vitesse de formage<\/td>\n<td data-sheets-value=\"{&quot;1&quot;:2,&quot;2&quot;:&quot;0-20 (M\/MIN)&quot;}\">0-20 (M\/MIN)<\/td>\n<td data-sheets-value=\"{&quot;1&quot;:2,&quot;2&quot;:&quot;Not Including Cutting And Punching&quot;}\">Non compris le d\u00e9coupage et le poin\u00e7onnage<\/td>\n<\/tr>\n<tr>\n<td data-sheets-value=\"{&quot;1&quot;:2,&quot;2&quot;:&quot;Rollers\u2019 Material&quot;}\">Mat\u00e9riau des rouleaux<\/td>\n<td data-sheets-value=\"{&quot;1&quot;:2,&quot;2&quot;:&quot;GCr 15&quot;}\">GCr 15<\/td>\n<td data-sheets-value=\"{&quot;1&quot;:2,&quot;2&quot;:&quot;* Cr12Mov (Optional)&quot;}\">* Cr12Mov (facultatif)<\/td>\n<\/tr>\n<tr>\n<td data-sheets-value=\"{&quot;1&quot;:2,&quot;2&quot;:&quot;Cutting System&quot;}\">Syst\u00e8me de coupe<\/td>\n<td colspan=\"2\" rowspan=\"1\" data-sheets-value=\"{&quot;1&quot;:2,&quot;2&quot;:&quot;Post-cutting&quot;}\">Post-coupe<\/td>\n<\/tr>\n<tr>\n<td data-sheets-value=\"{&quot;1&quot;:2,&quot;2&quot;:&quot;Frequency Changer Brand&quot;}\">Marque de changeur de fr\u00e9quence<\/td>\n<td data-sheets-value=\"{&quot;1&quot;:2,&quot;2&quot;:&quot;Yaskawa&quot;}\">Yaskawa<\/td>\n<td data-sheets-value=\"{&quot;1&quot;:2,&quot;2&quot;:&quot;* Siemens (Optional)&quot;}\">*Siemens (facultatif)<\/td>\n<\/tr>\n<tr>\n<td data-sheets-value=\"{&quot;1&quot;:2,&quot;2&quot;:&quot;PLC Brand&quot;}\">Marque PLC<\/td>\n<td data-sheets-value=\"{&quot;1&quot;:2,&quot;2&quot;:&quot;Panasonic&quot;}\">Panasonic<\/td>\n<td data-sheets-value=\"{&quot;1&quot;:2,&quot;2&quot;:&quot;* Siemens (Optional)&quot;}\">*Siemens (facultatif)<\/td>\n<\/tr>\n<tr>\n<td data-sheets-value=\"{&quot;1&quot;:2,&quot;2&quot;:&quot;Power Supply&quot;}\">Source de courant<\/td>\n<td data-sheets-value=\"{&quot;1&quot;:2,&quot;2&quot;:&quot;380V 50Hz 3ph&quot;}\">380V 50Hz 3ph<\/td>\n<td data-sheets-value=\"{&quot;1&quot;:2,&quot;2&quot;:&quot;* Or According To Your Requirment&quot;}\">* Ou selon vos besoins<\/td>\n<\/tr>\n<tr>\n<td data-sheets-value=\"{&quot;1&quot;:2,&quot;2&quot;:&quot;Machine Color&quot;}\">Couleur de l&#039;appareil<\/td>\n<td data-sheets-value=\"{&quot;1&quot;:2,&quot;2&quot;:&quot;Industrial Blue&quot;}\">Bleu industriel<\/td>\n<td data-sheets-value=\"{&quot;1&quot;:2,&quot;2&quot;:&quot;* Or According To Your Requirment&quot;}\">* Ou selon vos besoins<\/td>\n<\/tr>\n<\/tbody>\n<\/table>\n<\/div>\n<h3>Application<\/h3>\n<p><img loading=\"lazy\" decoding=\"async\" class=\"alignnone size-full wp-image-3866\" src=\"https:\/\/swforming.com\/wp-content\/uploads\/2023\/08\/20230814165601.png\" alt=\"\" width=\"750\" height=\"452\" title=\"\" srcset=\"https:\/\/swforming.com\/wp-content\/uploads\/2023\/08\/20230814165601.png 750w, https:\/\/swforming.com\/wp-content\/uploads\/2023\/08\/20230814165601-600x362.png 600w, https:\/\/swforming.com\/wp-content\/uploads\/2023\/08\/20230814165601-300x181.png 300w, https:\/\/swforming.com\/wp-content\/uploads\/2023\/08\/20230814165601-18x12.png 18w\" sizes=\"(max-width: 750px) 100vw, 750px\" \/><\/p>","protected":false},"excerpt":{"rendered":"<p>La profileuse pour poteaux d'autoroute U\/C est utilis\u00e9e pour produire des poteaux de barri\u00e8re C ou des poteaux U d'une \u00e9paisseur normale de 3 \u00e0 6 mm.<\/p>\n<p>Le poteau de la barri\u00e8re en C ou le poteau en U sert de support \u00e0 la glissi\u00e8re de s\u00e9curit\u00e9 de la poutre et d\u00e9termine g\u00e9n\u00e9ralement la performance de la glissi\u00e8re de s\u00e9curit\u00e9 lors de la collision. Une installation correcte du poteau de glissi\u00e8re de s\u00e9curit\u00e9 maximisera les performances de la glissi\u00e8re. Le poteau de barri\u00e8re a une longue dur\u00e9e de vie et la surface est g\u00e9n\u00e9ralement galvanis\u00e9e \u00e0 chaud ou rev\u00eatue par pulv\u00e9risation pour r\u00e9sister \u00e0 la rouille et \u00e0 la corrosion.<\/p>\n<div id=\"gtx-trans\" style=\"position: absolute; left: -84px; top: 38px;\">\n<div class=\"gtx-trans-icon\"><\/div>\n<\/div>","protected":false},"featured_media":3855,"comment_status":"closed","ping_status":"closed","template":"","meta":{"_acf_changed":false},"product_brand":[],"product_cat":[37,92],"product_tag":[],"class_list":{"0":"post-3854","1":"product","2":"type-product","3":"status-publish","4":"has-post-thumbnail","6":"product_cat-highway-engineering-vehicle","7":"product_cat-highway-u-post-roll-forming-machine","9":"first","10":"instock","11":"featured","12":"shipping-taxable","13":"product-type-simple"},"acf":[],"_links":{"self":[{"href":"https:\/\/swforming.com\/fr\/wp-json\/wp\/v2\/product\/3854","targetHints":{"allow":["GET"]}}],"collection":[{"href":"https:\/\/swforming.com\/fr\/wp-json\/wp\/v2\/product"}],"about":[{"href":"https:\/\/swforming.com\/fr\/wp-json\/wp\/v2\/types\/product"}],"replies":[{"embeddable":true,"href":"https:\/\/swforming.com\/fr\/wp-json\/wp\/v2\/comments?post=3854"}],"version-history":[{"count":2,"href":"https:\/\/swforming.com\/fr\/wp-json\/wp\/v2\/product\/3854\/revisions"}],"predecessor-version":[{"id":3868,"href":"https:\/\/swforming.com\/fr\/wp-json\/wp\/v2\/product\/3854\/revisions\/3868"}],"wp:featuredmedia":[{"embeddable":true,"href":"https:\/\/swforming.com\/fr\/wp-json\/wp\/v2\/media\/3855"}],"wp:attachment":[{"href":"https:\/\/swforming.com\/fr\/wp-json\/wp\/v2\/media?parent=3854"}],"wp:term":[{"taxonomy":"product_brand","embeddable":true,"href":"https:\/\/swforming.com\/fr\/wp-json\/wp\/v2\/product_brand?post=3854"},{"taxonomy":"product_cat","embeddable":true,"href":"https:\/\/swforming.com\/fr\/wp-json\/wp\/v2\/product_cat?post=3854"},{"taxonomy":"product_tag","embeddable":true,"href":"https:\/\/swforming.com\/fr\/wp-json\/wp\/v2\/product_tag?post=3854"}],"curies":[{"name":"wp","href":"https:\/\/api.w.org\/{rel}","templated":true}]}}