{"id":3804,"date":"2023-08-08T00:57:06","date_gmt":"2023-08-08T00:57:06","guid":{"rendered":"https:\/\/swforming.com\/?post_type=product&#038;p=3804"},"modified":"2023-08-08T00:57:07","modified_gmt":"2023-08-08T00:57:07","slug":"2-waves-highway-guardrail-roll-forming-machine","status":"publish","type":"product","link":"https:\/\/swforming.com\/fr\/product\/2-waves-highway-guardrail-roll-forming-machine\/","title":{"rendered":"Machine de formage de rouleaux de glissi\u00e8res de s\u00e9curit\u00e9 \u00e0 2 vagues pour autoroutes"},"content":{"rendered":"<p><img fetchpriority=\"high\" decoding=\"async\" class=\"alignnone size-full wp-image-3811\" src=\"https:\/\/swforming.com\/wp-content\/uploads\/2023\/08\/H50b105b0788344bab8d0ecf1b4980641a.jpg\" alt=\"\" width=\"750\" height=\"929\" title=\"\" srcset=\"https:\/\/swforming.com\/wp-content\/uploads\/2023\/08\/H50b105b0788344bab8d0ecf1b4980641a.jpg 750w, https:\/\/swforming.com\/wp-content\/uploads\/2023\/08\/H50b105b0788344bab8d0ecf1b4980641a-600x743.jpg 600w, https:\/\/swforming.com\/wp-content\/uploads\/2023\/08\/H50b105b0788344bab8d0ecf1b4980641a-242x300.jpg 242w, https:\/\/swforming.com\/wp-content\/uploads\/2023\/08\/H50b105b0788344bab8d0ecf1b4980641a-10x12.jpg 10w\" sizes=\"(max-width: 750px) 100vw, 750px\" \/><\/p>\n<p>La profileuse pour glissi\u00e8res de s\u00e9curit\u00e9 routi\u00e8re 2 vagues est une sorte de profileuse pour glissi\u00e8res de s\u00e9curit\u00e9 routi\u00e8re. La profileuse pour glissi\u00e8res de s\u00e9curit\u00e9 d'autoroute peut produire des glissi\u00e8res de s\u00e9curit\u00e9 \u00e0 poutre en W, des glissi\u00e8res de s\u00e9curit\u00e9 \u00e0 poutre triple, et peut \u00e9galement \u00eatre con\u00e7ue comme des profils \u00e0 deux ou trois vagues dans une seule machine sans changer de station de laminage.<\/p>\n<p>Les glissi\u00e8res de s\u00e9curit\u00e9 constituent une barri\u00e8re visuelle et physique entre la circulation et les zones de travail. Elles sont utilis\u00e9es pour la protection contre les accidents dus aux chariots \u00e9l\u00e9vateurs ou \u00e0 d'autres \u00e9quipements mobiles dans les zones de quai, les all\u00e9es et autour des \u00e9quipements sp\u00e9ciaux. Ils permettent de r\u00e9duire les dommages co\u00fbteux caus\u00e9s aux \u00e9quipements et aux stocks. Normalement, dans un projet de glissi\u00e8res de s\u00e9curit\u00e9, il y a les machines suivantes : machine de formage de glissi\u00e8res de s\u00e9curit\u00e9 \u00e0 deux\/trois vagues, machine de formage de poteaux en U ou en C, ligne de poin\u00e7onnage des raccords, ligne de poin\u00e7onnage des terminaisons.<\/p>\n<p>Nous r\u00e9alisons diff\u00e9rentes solutions en fonction du dessin, de la tol\u00e9rance et du budget des clients, offrant un service professionnel personnalis\u00e9, adaptable \u00e0 toutes vos exigences. Quelle que soit la ligne que vous choisissez, la qualit\u00e9 de SUNWAY Machinery vous assurera d&#039;obtenir des profil\u00e9s parfaitement fonctionnels.<\/p>\n<h3>Dessins de profil<\/h3>\n<p><img decoding=\"async\" class=\"alignnone size-full wp-image-3812\" src=\"https:\/\/swforming.com\/wp-content\/uploads\/2023\/08\/H2a3163eb5f0f4f84b2ad8b9537e922caO.jpg\" alt=\"\" width=\"1748\" height=\"1028\" title=\"\" srcset=\"https:\/\/swforming.com\/wp-content\/uploads\/2023\/08\/H2a3163eb5f0f4f84b2ad8b9537e922caO.jpg 1748w, https:\/\/swforming.com\/wp-content\/uploads\/2023\/08\/H2a3163eb5f0f4f84b2ad8b9537e922caO-600x353.jpg 600w, https:\/\/swforming.com\/wp-content\/uploads\/2023\/08\/H2a3163eb5f0f4f84b2ad8b9537e922caO-300x176.jpg 300w, https:\/\/swforming.com\/wp-content\/uploads\/2023\/08\/H2a3163eb5f0f4f84b2ad8b9537e922caO-1024x602.jpg 1024w, https:\/\/swforming.com\/wp-content\/uploads\/2023\/08\/H2a3163eb5f0f4f84b2ad8b9537e922caO-768x452.jpg 768w, https:\/\/swforming.com\/wp-content\/uploads\/2023\/08\/H2a3163eb5f0f4f84b2ad8b9537e922caO-1536x903.jpg 1536w, https:\/\/swforming.com\/wp-content\/uploads\/2023\/08\/H2a3163eb5f0f4f84b2ad8b9537e922caO-18x12.jpg 18w\" sizes=\"(max-width: 1748px) 100vw, 1748px\" \/><img decoding=\"async\" class=\"alignnone size-full wp-image-3813\" src=\"https:\/\/swforming.com\/wp-content\/uploads\/2023\/08\/0808084657.png\" alt=\"\" width=\"750\" height=\"181\" title=\"\" srcset=\"https:\/\/swforming.com\/wp-content\/uploads\/2023\/08\/0808084657.png 750w, https:\/\/swforming.com\/wp-content\/uploads\/2023\/08\/0808084657-600x145.png 600w, https:\/\/swforming.com\/wp-content\/uploads\/2023\/08\/0808084657-300x72.png 300w, https:\/\/swforming.com\/wp-content\/uploads\/2023\/08\/0808084657-18x4.png 18w\" sizes=\"(max-width: 750px) 100vw, 750px\" \/><\/p>\n<h3>Ligne de production<\/h3>\n<p><img loading=\"lazy\" decoding=\"async\" class=\"alignnone size-full wp-image-3814\" src=\"https:\/\/swforming.com\/wp-content\/uploads\/2023\/08\/Hb57caa24c9954539876697b0f071b0d55.jpg\" alt=\"\" width=\"1748\" height=\"1007\" title=\"\" srcset=\"https:\/\/swforming.com\/wp-content\/uploads\/2023\/08\/Hb57caa24c9954539876697b0f071b0d55.jpg 1748w, https:\/\/swforming.com\/wp-content\/uploads\/2023\/08\/Hb57caa24c9954539876697b0f071b0d55-600x346.jpg 600w, https:\/\/swforming.com\/wp-content\/uploads\/2023\/08\/Hb57caa24c9954539876697b0f071b0d55-300x173.jpg 300w, https:\/\/swforming.com\/wp-content\/uploads\/2023\/08\/Hb57caa24c9954539876697b0f071b0d55-1024x590.jpg 1024w, https:\/\/swforming.com\/wp-content\/uploads\/2023\/08\/Hb57caa24c9954539876697b0f071b0d55-768x442.jpg 768w, https:\/\/swforming.com\/wp-content\/uploads\/2023\/08\/Hb57caa24c9954539876697b0f071b0d55-1536x885.jpg 1536w, https:\/\/swforming.com\/wp-content\/uploads\/2023\/08\/Hb57caa24c9954539876697b0f071b0d55-18x10.jpg 18w\" sizes=\"(max-width: 1748px) 100vw, 1748px\" \/><\/p>\n<h3>d\u00e9tails du produit<\/h3>\n<p><img loading=\"lazy\" decoding=\"async\" class=\"alignnone size-full wp-image-3815\" src=\"https:\/\/swforming.com\/wp-content\/uploads\/2023\/08\/0808084934.png\" alt=\"\" width=\"750\" height=\"1261\" title=\"\" srcset=\"https:\/\/swforming.com\/wp-content\/uploads\/2023\/08\/0808084934.png 750w, https:\/\/swforming.com\/wp-content\/uploads\/2023\/08\/0808084934-600x1009.png 600w, https:\/\/swforming.com\/wp-content\/uploads\/2023\/08\/0808084934-178x300.png 178w, https:\/\/swforming.com\/wp-content\/uploads\/2023\/08\/0808084934-609x1024.png 609w, https:\/\/swforming.com\/wp-content\/uploads\/2023\/08\/0808084934-7x12.png 7w\" sizes=\"(max-width: 750px) 100vw, 750px\" \/><\/p>\n<h3>Param\u00e8tres du produit<\/h3>\n<div style=\"overflow-x: auto;\">\n<table>\n<tbody>\n<tr>\n<td style=\"text-align: center;\" colspan=\"3\" rowspan=\"1\" data-sheets-value=\"{&quot;1&quot;:2,&quot;2&quot;:&quot;2 Waves Highway Guardrail Roll Forming Machine&quot;}\"><strong>Machine de formage de rouleaux de glissi\u00e8res de s\u00e9curit\u00e9 \u00e0 2 vagues pour autoroutes<\/strong><\/td>\n<\/tr>\n<tr>\n<td colspan=\"1\" rowspan=\"3\" data-sheets-value=\"{&quot;1&quot;:2,&quot;2&quot;:&quot;Machinable Material&quot;}\">\n<div>Mat\u00e9riau usinable<\/div>\n<\/td>\n<td data-sheets-value=\"{&quot;1&quot;:2,&quot;2&quot;:&quot;A) Galvanized Steel&quot;}\">A) Acier galvanis\u00e9<\/td>\n<td colspan=\"1\" rowspan=\"3\" data-sheets-value=\"{&quot;1&quot;:2,&quot;2&quot;:&quot;Thickness(MM): 2.5-3.0 mm Or According To Customer&quot;}\">\n<div>\u00c9paisseur (MM) : 2,5-3,0 mm ou selon le client<\/div>\n<\/td>\n<\/tr>\n<tr>\n<td data-sheets-value=\"{&quot;1&quot;:2,&quot;2&quot;:&quot;B) PPGI&quot;}\">B) PPGI<\/td>\n<\/tr>\n<tr>\n<td data-sheets-value=\"{&quot;1&quot;:2,&quot;2&quot;:&quot;C) Carbon Steel&quot;}\">C) Acier au carbone<\/td>\n<\/tr>\n<tr>\n<td data-sheets-value=\"{&quot;1&quot;:2,&quot;2&quot;:&quot;Yield Strength&quot;}\">Limite d&#039;\u00e9lasticit\u00e9<\/td>\n<td colspan=\"2\" rowspan=\"1\" data-sheets-value=\"{&quot;1&quot;:2,&quot;2&quot;:&quot;250 - 550 Mpa&quot;}\">250 \u2013 550 MPa<\/td>\n<\/tr>\n<tr>\n<td data-sheets-value=\"{&quot;1&quot;:2,&quot;2&quot;:&quot;Tensil Stress&quot;}\">Contrainte de traction<\/td>\n<td colspan=\"2\" rowspan=\"1\" data-sheets-value=\"{&quot;1&quot;:2,&quot;2&quot;:&quot;G250 Mpa-G550 Mpa&quot;}\">G250 MPa-G550 MPa<\/td>\n<\/tr>\n<tr>\n<td data-sheets-value=\"{&quot;1&quot;:2,&quot;2&quot;:&quot;Guard Rail Type&quot;}\">Type de garde-corps<\/td>\n<td colspan=\"2\" rowspan=\"1\" data-sheets-value=\"{&quot;1&quot;:2,&quot;2&quot;:&quot;2 Waves&quot;}\">2 vagues<\/td>\n<\/tr>\n<tr>\n<td data-sheets-value=\"{&quot;1&quot;:2,&quot;2&quot;:&quot;Decoiler&quot;}\">D\u00e9rouleur<\/td>\n<td colspan=\"2\" rowspan=\"1\" data-sheets-value=\"{&quot;1&quot;:2,&quot;2&quot;:&quot;Hydraulilc Decoiler&quot;}\">D\u00e9vidoir hydraulique<\/td>\n<\/tr>\n<tr>\n<td data-sheets-value=\"{&quot;1&quot;:2,&quot;2&quot;:&quot;Punching System&quot;}\">Syst\u00e8me de poin\u00e7onnage<\/td>\n<td data-sheets-value=\"{&quot;1&quot;:2,&quot;2&quot;:&quot;Hydraulic Punching Station&quot;}\">Station de poin\u00e7onnage hydraulique<\/td>\n<td data-sheets-value=\"{&quot;1&quot;:2,&quot;2&quot;:&quot;* Punching Press (Optional)&quot;}\">* Presse \u00e0 poin\u00e7onner (facultatif)<\/td>\n<\/tr>\n<tr>\n<td data-sheets-value=\"{&quot;1&quot;:2,&quot;2&quot;:&quot;Forming Station&quot;}\">Station de formage<\/td>\n<td data-sheets-value=\"{&quot;1&quot;:2,&quot;2&quot;:&quot;About 12-16 Stations&quot;}\">Environ 12 \u00e0 16 stations<\/td>\n<td data-sheets-value=\"{&quot;1&quot;:2,&quot;2&quot;:&quot;* According To Your Profile Drawings&quot;}\">* Selon vos dessins de profil<\/td>\n<\/tr>\n<tr>\n<td data-sheets-value=\"{&quot;1&quot;:2,&quot;2&quot;:&quot;Driving System&quot;}\">Syst\u00e8me de conduite<\/td>\n<td data-sheets-value=\"{&quot;1&quot;:2,&quot;2&quot;:&quot;Gearbox Drive&quot;}\">Entra\u00eenement de bo\u00eete de vitesses<\/td>\n<td data-sheets-value=\"{&quot;1&quot;:2,&quot;2&quot;:&quot;Chain drive (Optional)&quot;}\">Entra\u00eenement par cha\u00eene (en option)<\/td>\n<\/tr>\n<tr>\n<td data-sheets-value=\"{&quot;1&quot;:2,&quot;2&quot;:&quot;Machine Structure&quot;}\">Structure de la machine<\/td>\n<td colspan=\"2\" rowspan=\"1\" data-sheets-value=\"{&quot;1&quot;:2,&quot;2&quot;:&quot;Forged Iron Station&quot;}\">Station en fer forg\u00e9<\/td>\n<\/tr>\n<tr>\n<td data-sheets-value=\"{&quot;1&quot;:2,&quot;2&quot;:&quot;Forming Speed&quot;}\">Vitesse de formage<\/td>\n<td data-sheets-value=\"{&quot;1&quot;:2,&quot;2&quot;:&quot;0-20 (M\/MIN)&quot;}\">0-20 (M\/MIN)<\/td>\n<td data-sheets-value=\"{&quot;1&quot;:2,&quot;2&quot;:&quot;Not Including Cutting And Punching&quot;}\">Non compris le d\u00e9coupage et le poin\u00e7onnage<\/td>\n<\/tr>\n<tr>\n<td data-sheets-value=\"{&quot;1&quot;:2,&quot;2&quot;:&quot;Rollers\u2019 Material&quot;}\">Mat\u00e9riau des rouleaux<\/td>\n<td data-sheets-value=\"{&quot;1&quot;:2,&quot;2&quot;:&quot;GCr 15&quot;}\">GCr 15<\/td>\n<td data-sheets-value=\"{&quot;1&quot;:2,&quot;2&quot;:&quot;* Cr12Mov (Optional)&quot;}\">* Cr12Mov (facultatif)<\/td>\n<\/tr>\n<tr>\n<td data-sheets-value=\"{&quot;1&quot;:2,&quot;2&quot;:&quot;Cutting System&quot;}\">Syst\u00e8me de coupe<\/td>\n<td data-sheets-value=\"{&quot;1&quot;:2,&quot;2&quot;:&quot;Post-cutting&quot;}\">Post-coupe<\/td>\n<td data-sheets-value=\"{&quot;1&quot;:2,&quot;2&quot;:&quot;* Pre-cutting (Optional)&quot;}\">* Pr\u00e9-coupe (facultatif)<\/td>\n<\/tr>\n<tr>\n<td data-sheets-value=\"{&quot;1&quot;:2,&quot;2&quot;:&quot;Frequency Changer Brand&quot;}\">Marque de changeur de fr\u00e9quence<\/td>\n<td data-sheets-value=\"{&quot;1&quot;:2,&quot;2&quot;:&quot;Yaskawa&quot;}\">Yaskawa<\/td>\n<td data-sheets-value=\"{&quot;1&quot;:2,&quot;2&quot;:&quot;* Siemens (Optional)&quot;}\">*Siemens (facultatif)<\/td>\n<\/tr>\n<tr>\n<td data-sheets-value=\"{&quot;1&quot;:2,&quot;2&quot;:&quot;PLC Brand&quot;}\">Marque PLC<\/td>\n<td data-sheets-value=\"{&quot;1&quot;:2,&quot;2&quot;:&quot;Panasonic&quot;}\">Panasonic<\/td>\n<td data-sheets-value=\"{&quot;1&quot;:2,&quot;2&quot;:&quot;* Siemens (Optional)&quot;}\">*Siemens (facultatif)<\/td>\n<\/tr>\n<tr>\n<td data-sheets-value=\"{&quot;1&quot;:2,&quot;2&quot;:&quot;Power Supply&quot;}\">Source de courant<\/td>\n<td data-sheets-value=\"{&quot;1&quot;:2,&quot;2&quot;:&quot;380V 50Hz 3ph&quot;}\">380V 50Hz 3ph<\/td>\n<td data-sheets-value=\"{&quot;1&quot;:2,&quot;2&quot;:&quot;* Or According To Your Requirment&quot;}\">* Ou selon vos besoins<\/td>\n<\/tr>\n<tr>\n<td data-sheets-value=\"{&quot;1&quot;:2,&quot;2&quot;:&quot;Machine Color&quot;}\">Couleur de l&#039;appareil<\/td>\n<td data-sheets-value=\"{&quot;1&quot;:2,&quot;2&quot;:&quot;Industrial Blue&quot;}\">Bleu industriel<\/td>\n<td data-sheets-value=\"{&quot;1&quot;:2,&quot;2&quot;:&quot;* Or According To Your Requirment&quot;}\">* Ou selon vos besoins<\/td>\n<\/tr>\n<\/tbody>\n<\/table>\n<\/div>\n<h3>Application<\/h3>\n<p><img loading=\"lazy\" decoding=\"async\" class=\"alignnone size-full wp-image-3816\" src=\"https:\/\/swforming.com\/wp-content\/uploads\/2023\/08\/0808085529.png\" alt=\"\" width=\"939\" height=\"567\" title=\"\" srcset=\"https:\/\/swforming.com\/wp-content\/uploads\/2023\/08\/0808085529.png 939w, https:\/\/swforming.com\/wp-content\/uploads\/2023\/08\/0808085529-600x362.png 600w, https:\/\/swforming.com\/wp-content\/uploads\/2023\/08\/0808085529-300x181.png 300w, https:\/\/swforming.com\/wp-content\/uploads\/2023\/08\/0808085529-768x464.png 768w, https:\/\/swforming.com\/wp-content\/uploads\/2023\/08\/0808085529-18x12.png 18w\" sizes=\"(max-width: 939px) 100vw, 939px\" \/><\/p>","protected":false},"excerpt":{"rendered":"<p>La profileuse pour glissi\u00e8res de s\u00e9curit\u00e9 routi\u00e8re 2 vagues est une sorte de profileuse pour glissi\u00e8res de s\u00e9curit\u00e9 routi\u00e8re. La profileuse pour glissi\u00e8res de s\u00e9curit\u00e9 d'autoroute peut produire des glissi\u00e8res de s\u00e9curit\u00e9 \u00e0 poutre en W, des glissi\u00e8res de s\u00e9curit\u00e9 \u00e0 poutre triple, et peut \u00e9galement \u00eatre con\u00e7ue comme des profils \u00e0 deux ou trois vagues dans une seule machine sans changer de station de laminage.<\/p>","protected":false},"featured_media":3805,"comment_status":"closed","ping_status":"closed","template":"","meta":{"_acf_changed":false},"product_brand":[],"product_cat":[37,94],"product_tag":[],"class_list":{"0":"post-3804","1":"product","2":"type-product","3":"status-publish","4":"has-post-thumbnail","6":"product_cat-highway-engineering-vehicle","7":"product_cat-highway-guardrail-roll-forming-machine","9":"first","10":"instock","11":"shipping-taxable","12":"product-type-simple"},"acf":[],"_links":{"self":[{"href":"https:\/\/swforming.com\/fr\/wp-json\/wp\/v2\/product\/3804","targetHints":{"allow":["GET"]}}],"collection":[{"href":"https:\/\/swforming.com\/fr\/wp-json\/wp\/v2\/product"}],"about":[{"href":"https:\/\/swforming.com\/fr\/wp-json\/wp\/v2\/types\/product"}],"replies":[{"embeddable":true,"href":"https:\/\/swforming.com\/fr\/wp-json\/wp\/v2\/comments?post=3804"}],"version-history":[{"count":2,"href":"https:\/\/swforming.com\/fr\/wp-json\/wp\/v2\/product\/3804\/revisions"}],"predecessor-version":[{"id":3818,"href":"https:\/\/swforming.com\/fr\/wp-json\/wp\/v2\/product\/3804\/revisions\/3818"}],"wp:featuredmedia":[{"embeddable":true,"href":"https:\/\/swforming.com\/fr\/wp-json\/wp\/v2\/media\/3805"}],"wp:attachment":[{"href":"https:\/\/swforming.com\/fr\/wp-json\/wp\/v2\/media?parent=3804"}],"wp:term":[{"taxonomy":"product_brand","embeddable":true,"href":"https:\/\/swforming.com\/fr\/wp-json\/wp\/v2\/product_brand?post=3804"},{"taxonomy":"product_cat","embeddable":true,"href":"https:\/\/swforming.com\/fr\/wp-json\/wp\/v2\/product_cat?post=3804"},{"taxonomy":"product_tag","embeddable":true,"href":"https:\/\/swforming.com\/fr\/wp-json\/wp\/v2\/product_tag?post=3804"}],"curies":[{"name":"wp","href":"https:\/\/api.w.org\/{rel}","templated":true}]}}