{"id":3582,"date":"2023-07-25T03:11:18","date_gmt":"2023-07-25T03:11:18","guid":{"rendered":"https:\/\/swforming.com\/?post_type=product&#038;p=3582"},"modified":"2023-08-02T02:16:46","modified_gmt":"2023-08-02T02:16:46","slug":"hydraulic-roof-sheet-curving-machine","status":"publish","type":"product","link":"https:\/\/swforming.com\/fr\/product\/hydraulic-roof-sheet-curving-machine\/","title":{"rendered":"Machine hydraulique \u00e0 courber les t\u00f4les de toiture"},"content":{"rendered":"<p><img fetchpriority=\"high\" decoding=\"async\" class=\"alignnone wp-image-3589 size-full\" src=\"https:\/\/swforming.com\/wp-content\/uploads\/2023\/07\/H806f4582721345f4b3f8e8105abda5361.jpg\" alt=\"Machine hydraulique \u00e0 courber les t\u00f4les de toiture\" width=\"750\" height=\"1030\" title=\"\" srcset=\"https:\/\/swforming.com\/wp-content\/uploads\/2023\/07\/H806f4582721345f4b3f8e8105abda5361.jpg 750w, https:\/\/swforming.com\/wp-content\/uploads\/2023\/07\/H806f4582721345f4b3f8e8105abda5361-600x824.jpg 600w, https:\/\/swforming.com\/wp-content\/uploads\/2023\/07\/H806f4582721345f4b3f8e8105abda5361-218x300.jpg 218w, https:\/\/swforming.com\/wp-content\/uploads\/2023\/07\/H806f4582721345f4b3f8e8105abda5361-746x1024.jpg 746w, https:\/\/swforming.com\/wp-content\/uploads\/2023\/07\/H806f4582721345f4b3f8e8105abda5361-9x12.jpg 9w\" sizes=\"(max-width: 750px) 100vw, 750px\" \/><\/p>\n<p>La machine hydraulique \u00e0 courber les t\u00f4les de toiture, \u00e9galement appel\u00e9e machine \u00e0 sertir les panneaux de toiture, est un dispositif auxiliaire pour une profileuse de panneaux de toiture. Elle est utilis\u00e9e pour courber la t\u00f4le de toiture \u00e0 la forme requise avec diff\u00e9rents rayons. En g\u00e9n\u00e9ral, un client ach\u00e8te une profileuse de plaques de toiture avec cette sertisseuse. La sertisseuse sert \u00e0 courber la feuille produite par la profileuse de feuilles de toiture. Normalement, l'\u00e9paisseur du panneau est de 0,3-0,8 mm avec de l'acier galvanis\u00e9 normal ou des bobines color\u00e9es.<\/p>\n<p>Dans les industries de la construction, nous sommes en mesure de fabriquer davantage de machines, telles que des profileuses pour canaux principaux, des profileuses pour pannes, des profileuses pour cloisons s\u00e8ches, des profileuses pour montants, des profileuses pour rails, des profileuses pour chapeaux, des profileuses pour clips, des profileuses pour tabliers m\u00e9talliques (tabliers de sol), des profileuses pour panneaux de toiture\/mur, des profileuses pour tuiles, des profileuses pour plaques ondul\u00e9es, des profileuses pour fa\u00eeti\u00e8res, des profileuses pour descentes pluviales, etc.<\/p>\n<p>Nous r\u00e9alisons diff\u00e9rentes solutions en fonction du dessin, de la tol\u00e9rance et du budget des clients, offrant un service professionnel personnalis\u00e9, adaptable \u00e0 toutes vos exigences. Quelle que soit la ligne que vous choisissez, la qualit\u00e9 de SUNWAY Machinery vous assurera d&#039;obtenir des profil\u00e9s parfaitement fonctionnels.<\/p>\n<h3>Dessins de profil<\/h3>\n<h3><img decoding=\"async\" class=\"alignnone size-full wp-image-3590\" src=\"https:\/\/swforming.com\/wp-content\/uploads\/2023\/07\/20230725110241.png\" alt=\"\" width=\"750\" height=\"181\" title=\"\" srcset=\"https:\/\/swforming.com\/wp-content\/uploads\/2023\/07\/20230725110241.png 750w, https:\/\/swforming.com\/wp-content\/uploads\/2023\/07\/20230725110241-600x145.png 600w, https:\/\/swforming.com\/wp-content\/uploads\/2023\/07\/20230725110241-300x72.png 300w, https:\/\/swforming.com\/wp-content\/uploads\/2023\/07\/20230725110241-18x4.png 18w\" sizes=\"(max-width: 750px) 100vw, 750px\" \/><\/h3>\n<h3>d\u00e9tails du produit<\/h3>\n<p><img decoding=\"async\" class=\"alignnone size-full wp-image-3591\" src=\"https:\/\/swforming.com\/wp-content\/uploads\/2023\/07\/20230725110416.png\" alt=\"\" width=\"750\" height=\"948\" title=\"\" srcset=\"https:\/\/swforming.com\/wp-content\/uploads\/2023\/07\/20230725110416.png 750w, https:\/\/swforming.com\/wp-content\/uploads\/2023\/07\/20230725110416-600x758.png 600w, https:\/\/swforming.com\/wp-content\/uploads\/2023\/07\/20230725110416-237x300.png 237w, https:\/\/swforming.com\/wp-content\/uploads\/2023\/07\/20230725110416-9x12.png 9w\" sizes=\"(max-width: 750px) 100vw, 750px\" \/><\/p>\n<h3>Param\u00e8tres du produit<\/h3>\n<div style=\"overflow-x: auto;\">\n<table>\n<tbody>\n<tr>\n<td style=\"text-align: center;\" colspan=\"3\" rowspan=\"1\" data-sheets-value=\"{&quot;1&quot;:2,&quot;2&quot;:&quot;Hydraulic Roof Sheet Curving Machine&quot;}\"><strong>Machine hydraulique \u00e0 courber les t\u00f4les de toiture<\/strong><\/td>\n<\/tr>\n<tr>\n<td colspan=\"1\" rowspan=\"2\" data-sheets-value=\"{&quot;1&quot;:2,&quot;2&quot;:&quot;Machinable Material&quot;}\">\n<div>Mat\u00e9riau usinable<\/div>\n<\/td>\n<td data-sheets-value=\"{&quot;1&quot;:2,&quot;2&quot;:&quot;A) Galvanized Coil&quot;}\">A) Bobine galvanis\u00e9e<\/td>\n<td colspan=\"1\" rowspan=\"2\" data-sheets-value=\"{&quot;1&quot;:2,&quot;2&quot;:&quot;Thickness(MM): 0.3-0.8 According To Your Requirment&quot;}\">\n<div>\u00c9paisseur (MM) : 0,3-0,8 selon votre demande<\/div>\n<\/td>\n<\/tr>\n<tr>\n<td data-sheets-value=\"{&quot;1&quot;:2,&quot;2&quot;:&quot;B) PPGI, PPGL&quot;}\">B) PPGI, PPGL<\/td>\n<\/tr>\n<tr>\n<td data-sheets-value=\"{&quot;1&quot;:2,&quot;2&quot;:&quot;Yield Strength&quot;}\">Limite d&#039;\u00e9lasticit\u00e9<\/td>\n<td colspan=\"2\" rowspan=\"1\" data-sheets-value=\"{&quot;1&quot;:2,&quot;2&quot;:&quot;250 - 350 Mpa \/ 350-550Mpa&quot;}\">250 - 350 Mpa \/ 350-550Mpa<\/td>\n<\/tr>\n<tr>\n<td data-sheets-value=\"{&quot;1&quot;:2,&quot;2&quot;:&quot;Tensil Stress&quot;}\">Contrainte de traction<\/td>\n<td colspan=\"2\" rowspan=\"1\" data-sheets-value=\"{&quot;1&quot;:2,&quot;2&quot;:&quot;350 Mpa-550 Mpa&quot;}\">350 Mpa-550 Mpa<\/td>\n<\/tr>\n<tr>\n<td data-sheets-value=\"{&quot;1&quot;:2,&quot;2&quot;:&quot;Panel Width&quot;}\">Largeur du panneau<\/td>\n<td colspan=\"2\" rowspan=\"1\" data-sheets-value=\"{&quot;1&quot;:2,&quot;2&quot;:&quot;As Per The Panel With Comes From Roll Forming Machine&quot;}\">Selon le panneau avec la machine de formage de rouleaux<\/td>\n<\/tr>\n<tr>\n<td data-sheets-value=\"{&quot;1&quot;:2,&quot;2&quot;:&quot;Feeding Way&quot;}\">Mode d'alimentation<\/td>\n<td data-sheets-value=\"{&quot;1&quot;:2,&quot;2&quot;:&quot;Servo Feeding&quot;}\">Alimentation servo<\/td>\n<td data-sheets-value=\"{&quot;1&quot;:2,&quot;2&quot;:&quot;* Step Motor Feeding&quot;}\">* Alimentation du moteur par \u00e9tapes<\/td>\n<\/tr>\n<tr>\n<td data-sheets-value=\"{&quot;1&quot;:2,&quot;2&quot;:&quot;Curving System&quot;}\">Syst\u00e8me de courbure<\/td>\n<td colspan=\"2\" rowspan=\"1\" data-sheets-value=\"{&quot;1&quot;:2,&quot;2&quot;:&quot;Hydraulic&quot;}\">Hydraulique<\/td>\n<\/tr>\n<tr>\n<td data-sheets-value=\"{&quot;1&quot;:2,&quot;2&quot;:&quot;Material Of Punching Mould&quot;}\">Mat\u00e9riau du moule de poin\u00e7onnage<\/td>\n<td colspan=\"2\" rowspan=\"1\" data-sheets-value=\"{&quot;1&quot;:2,&quot;2&quot;:&quot;40Cr, Surface Quenching And Nitrifying&quot;}\">40Cr, trempe superficielle et nitrification<\/td>\n<\/tr>\n<tr>\n<td data-sheets-value=\"{&quot;1&quot;:2,&quot;2&quot;:&quot;Power Supply&quot;}\">Source de courant<\/td>\n<td data-sheets-value=\"{&quot;1&quot;:2,&quot;2&quot;:&quot;380V 50Hz 3ph&quot;}\">380V 50Hz 3ph<\/td>\n<td data-sheets-value=\"{&quot;1&quot;:2,&quot;2&quot;:&quot;* Or According To Your Requirment&quot;}\">* Ou selon vos besoins<\/td>\n<\/tr>\n<tr>\n<td data-sheets-value=\"{&quot;1&quot;:2,&quot;2&quot;:&quot;Machine Color&quot;}\">Couleur de l&#039;appareil<\/td>\n<td data-sheets-value=\"{&quot;1&quot;:2,&quot;2&quot;:&quot;Industrial Blue&quot;}\">Bleu industriel<\/td>\n<td data-sheets-value=\"{&quot;1&quot;:2,&quot;2&quot;:&quot;* Or According To Your Requirment&quot;}\">* Ou selon vos besoins<\/td>\n<\/tr>\n<\/tbody>\n<\/table>\n<\/div>\n<h3>Application<\/h3>\n<p><img loading=\"lazy\" decoding=\"async\" class=\"alignnone size-full wp-image-3595\" src=\"https:\/\/swforming.com\/wp-content\/uploads\/2023\/07\/20230725111138.png\" alt=\"\" width=\"938\" height=\"567\" title=\"\" srcset=\"https:\/\/swforming.com\/wp-content\/uploads\/2023\/07\/20230725111138.png 938w, https:\/\/swforming.com\/wp-content\/uploads\/2023\/07\/20230725111138-600x363.png 600w, https:\/\/swforming.com\/wp-content\/uploads\/2023\/07\/20230725111138-300x181.png 300w, https:\/\/swforming.com\/wp-content\/uploads\/2023\/07\/20230725111138-768x464.png 768w, https:\/\/swforming.com\/wp-content\/uploads\/2023\/07\/20230725111138-18x12.png 18w\" sizes=\"(max-width: 938px) 100vw, 938px\" \/><\/p>","protected":false},"excerpt":{"rendered":"<p>La machine hydraulique \u00e0 courber les t\u00f4les de toiture, \u00e9galement appel\u00e9e machine \u00e0 sertir les panneaux de toiture, est un dispositif auxiliaire pour une profileuse de panneaux de toiture. Elle est utilis\u00e9e pour courber la t\u00f4le de toiture \u00e0 la forme requise avec diff\u00e9rents rayons. En g\u00e9n\u00e9ral, les clients ach\u00e8tent une profileuse de plaques de toiture avec cette machine \u00e0 sertir. La sertisseuse sert \u00e0 courber la feuille produite par la profileuse de feuilles de toiture. Normalement, l'\u00e9paisseur du panneau est de 0,3-0,8 mm avec de l'acier galvanis\u00e9 normal ou des bobines color\u00e9es.<\/p>","protected":false},"featured_media":3583,"comment_status":"closed","ping_status":"closed","template":"","meta":{"_acf_changed":false},"product_brand":[],"product_cat":[45],"product_tag":[],"class_list":{"0":"post-3582","1":"product","2":"type-product","3":"status-publish","4":"has-post-thumbnail","6":"product_cat-metal-wall-roofing","8":"first","9":"instock","10":"shipping-taxable","11":"product-type-simple"},"acf":[],"_links":{"self":[{"href":"https:\/\/swforming.com\/fr\/wp-json\/wp\/v2\/product\/3582","targetHints":{"allow":["GET"]}}],"collection":[{"href":"https:\/\/swforming.com\/fr\/wp-json\/wp\/v2\/product"}],"about":[{"href":"https:\/\/swforming.com\/fr\/wp-json\/wp\/v2\/types\/product"}],"replies":[{"embeddable":true,"href":"https:\/\/swforming.com\/fr\/wp-json\/wp\/v2\/comments?post=3582"}],"version-history":[{"count":5,"href":"https:\/\/swforming.com\/fr\/wp-json\/wp\/v2\/product\/3582\/revisions"}],"predecessor-version":[{"id":3737,"href":"https:\/\/swforming.com\/fr\/wp-json\/wp\/v2\/product\/3582\/revisions\/3737"}],"wp:featuredmedia":[{"embeddable":true,"href":"https:\/\/swforming.com\/fr\/wp-json\/wp\/v2\/media\/3583"}],"wp:attachment":[{"href":"https:\/\/swforming.com\/fr\/wp-json\/wp\/v2\/media?parent=3582"}],"wp:term":[{"taxonomy":"product_brand","embeddable":true,"href":"https:\/\/swforming.com\/fr\/wp-json\/wp\/v2\/product_brand?post=3582"},{"taxonomy":"product_cat","embeddable":true,"href":"https:\/\/swforming.com\/fr\/wp-json\/wp\/v2\/product_cat?post=3582"},{"taxonomy":"product_tag","embeddable":true,"href":"https:\/\/swforming.com\/fr\/wp-json\/wp\/v2\/product_tag?post=3582"}],"curies":[{"name":"wp","href":"https:\/\/api.w.org\/{rel}","templated":true}]}}