{"id":3494,"date":"2023-07-17T09:08:45","date_gmt":"2023-07-17T09:08:45","guid":{"rendered":"https:\/\/swforming.com\/?post_type=product&#038;p=3494"},"modified":"2023-08-21T07:11:54","modified_gmt":"2023-08-21T07:11:54","slug":"stand-seaming-roof-panel-roll-forming-machine","status":"publish","type":"product","link":"https:\/\/swforming.com\/fr\/product\/stand-seaming-roof-panel-roll-forming-machine\/","title":{"rendered":"Machine de formage de panneaux de toiture par roulage \u00e0 joint debout"},"content":{"rendered":"<p><img fetchpriority=\"high\" decoding=\"async\" class=\"alignnone wp-image-3501 size-full\" src=\"https:\/\/swforming.com\/wp-content\/uploads\/2023\/07\/H2f1cb8e69170428080dcf9cb244b0bdc6.jpg\" alt=\"Machine de formage de panneaux de toiture par roulage \u00e0 joint debout\" width=\"750\" height=\"929\" title=\"\" srcset=\"https:\/\/swforming.com\/wp-content\/uploads\/2023\/07\/H2f1cb8e69170428080dcf9cb244b0bdc6.jpg 750w, https:\/\/swforming.com\/wp-content\/uploads\/2023\/07\/H2f1cb8e69170428080dcf9cb244b0bdc6-600x743.jpg 600w, https:\/\/swforming.com\/wp-content\/uploads\/2023\/07\/H2f1cb8e69170428080dcf9cb244b0bdc6-242x300.jpg 242w, https:\/\/swforming.com\/wp-content\/uploads\/2023\/07\/H2f1cb8e69170428080dcf9cb244b0bdc6-10x12.jpg 10w\" sizes=\"(max-width: 750px) 100vw, 750px\" \/><\/p>\n<p>La profileuse pour panneaux de toiture \u00e0 joint debout est principalement utilis\u00e9e pour produire des panneaux de toiture. Normalement, l'\u00e9paisseur du panneau est de 0,3-0,8 mm avec de l'acier galvanis\u00e9 normal ou des bobines color\u00e9es. Le plus grand avantage de ce type de toiture est qu'il n'y a pas besoin de vis ou de clous lors de l'installation.<\/p>\n<p>La profileuse pour syst\u00e8mes de toiture offre une large gamme de profils de t\u00f4le. Elle comprend des panneaux trap\u00e9zo\u00efdaux, des panneaux ondul\u00e9s, des tuiles, des tuiles verniss\u00e9es, des tabliers m\u00e9talliques, des panneaux muraux, des joints debout, des trav\u00e9es en K et des fa\u00eeti\u00e8res. Ses produits sont largement utilis\u00e9s dans les syst\u00e8mes de toiture et de mur dans la construction d'ateliers et de logements.<\/p>\n<p>Dans les industries de la construction, nous sommes en mesure de fabriquer davantage de machines, telles que des profileuses pour canaux principaux, des profileuses pour pannes, des profileuses pour cloisons s\u00e8ches, des profileuses pour montants, des profileuses pour rails, des profileuses pour chapeaux, des profileuses pour clips, des profileuses pour tabliers m\u00e9talliques (tabliers de sol), des profileuses pour panneaux de toiture\/mur, des profileuses pour tuiles, des profileuses pour plaques ondul\u00e9es, des profileuses pour fa\u00eeti\u00e8res, des profileuses pour descentes pluviales, etc.<\/p>\n<p>Nous r\u00e9alisons diff\u00e9rentes solutions en fonction du dessin, de la tol\u00e9rance et du budget des clients, offrant un service professionnel personnalis\u00e9, adaptable \u00e0 toutes vos exigences. Quelle que soit la ligne que vous choisissez, la qualit\u00e9 de SUNWAY Machinery vous assurera d&#039;obtenir des profil\u00e9s parfaitement fonctionnels.<\/p>\n<h3>Dessins de profil<\/h3>\n<p><img decoding=\"async\" class=\"alignnone size-full wp-image-3502\" src=\"https:\/\/swforming.com\/wp-content\/uploads\/2023\/07\/H1593245d6b2b4935b942b80fc2c2a339N.jpg\" alt=\"\" width=\"1748\" height=\"1824\" title=\"\" srcset=\"https:\/\/swforming.com\/wp-content\/uploads\/2023\/07\/H1593245d6b2b4935b942b80fc2c2a339N.jpg 1748w, https:\/\/swforming.com\/wp-content\/uploads\/2023\/07\/H1593245d6b2b4935b942b80fc2c2a339N-600x626.jpg 600w, https:\/\/swforming.com\/wp-content\/uploads\/2023\/07\/H1593245d6b2b4935b942b80fc2c2a339N-288x300.jpg 288w, https:\/\/swforming.com\/wp-content\/uploads\/2023\/07\/H1593245d6b2b4935b942b80fc2c2a339N-981x1024.jpg 981w, https:\/\/swforming.com\/wp-content\/uploads\/2023\/07\/H1593245d6b2b4935b942b80fc2c2a339N-768x801.jpg 768w, https:\/\/swforming.com\/wp-content\/uploads\/2023\/07\/H1593245d6b2b4935b942b80fc2c2a339N-1472x1536.jpg 1472w, https:\/\/swforming.com\/wp-content\/uploads\/2023\/07\/H1593245d6b2b4935b942b80fc2c2a339N-12x12.jpg 12w\" sizes=\"(max-width: 1748px) 100vw, 1748px\" \/><\/p>\n<p><img decoding=\"async\" class=\"alignnone size-full wp-image-3503\" src=\"https:\/\/swforming.com\/wp-content\/uploads\/2023\/07\/17164703.png\" alt=\"\" width=\"750\" height=\"180\" title=\"\" srcset=\"https:\/\/swforming.com\/wp-content\/uploads\/2023\/07\/17164703.png 750w, https:\/\/swforming.com\/wp-content\/uploads\/2023\/07\/17164703-600x144.png 600w, https:\/\/swforming.com\/wp-content\/uploads\/2023\/07\/17164703-300x72.png 300w, https:\/\/swforming.com\/wp-content\/uploads\/2023\/07\/17164703-18x4.png 18w\" sizes=\"(max-width: 750px) 100vw, 750px\" \/><\/p>\n<h3>Ligne de production<\/h3>\n<p><img loading=\"lazy\" decoding=\"async\" class=\"alignnone wp-image-3504 size-full\" src=\"https:\/\/swforming.com\/wp-content\/uploads\/2023\/07\/H023bd4afb4c54fcd83f447514af4e34cp.jpg\" alt=\"Ligne de production de la machine \u00e0 former les panneaux de toiture \u00e0 joint debout\" width=\"1748\" height=\"1014\" title=\"\" srcset=\"https:\/\/swforming.com\/wp-content\/uploads\/2023\/07\/H023bd4afb4c54fcd83f447514af4e34cp.jpg 1748w, https:\/\/swforming.com\/wp-content\/uploads\/2023\/07\/H023bd4afb4c54fcd83f447514af4e34cp-600x348.jpg 600w, https:\/\/swforming.com\/wp-content\/uploads\/2023\/07\/H023bd4afb4c54fcd83f447514af4e34cp-300x174.jpg 300w, https:\/\/swforming.com\/wp-content\/uploads\/2023\/07\/H023bd4afb4c54fcd83f447514af4e34cp-1024x594.jpg 1024w, https:\/\/swforming.com\/wp-content\/uploads\/2023\/07\/H023bd4afb4c54fcd83f447514af4e34cp-768x446.jpg 768w, https:\/\/swforming.com\/wp-content\/uploads\/2023\/07\/H023bd4afb4c54fcd83f447514af4e34cp-1536x891.jpg 1536w, https:\/\/swforming.com\/wp-content\/uploads\/2023\/07\/H023bd4afb4c54fcd83f447514af4e34cp-18x10.jpg 18w\" sizes=\"(max-width: 1748px) 100vw, 1748px\" \/><\/p>\n<h3>d\u00e9tails du produit<\/h3>\n<p><img loading=\"lazy\" decoding=\"async\" class=\"alignnone size-full wp-image-3507\" src=\"https:\/\/swforming.com\/wp-content\/uploads\/2023\/07\/20230717164847-2.png\" alt=\"\" width=\"750\" height=\"1597\" title=\"\" srcset=\"https:\/\/swforming.com\/wp-content\/uploads\/2023\/07\/20230717164847-2.png 750w, https:\/\/swforming.com\/wp-content\/uploads\/2023\/07\/20230717164847-2-600x1278.png 600w, https:\/\/swforming.com\/wp-content\/uploads\/2023\/07\/20230717164847-2-141x300.png 141w, https:\/\/swforming.com\/wp-content\/uploads\/2023\/07\/20230717164847-2-481x1024.png 481w, https:\/\/swforming.com\/wp-content\/uploads\/2023\/07\/20230717164847-2-721x1536.png 721w, https:\/\/swforming.com\/wp-content\/uploads\/2023\/07\/20230717164847-2-6x12.png 6w\" sizes=\"(max-width: 750px) 100vw, 750px\" \/><\/p>\n<h3>Param\u00e8tres du produit<\/h3>\n<div style=\"overflow-x: auto;\">\n<table>\n<tbody>\n<tr>\n<td colspan=\"3\" rowspan=\"1\" data-sheets-value=\"{&quot;1&quot;:2,&quot;2&quot;:&quot;Stand Seaming Roof Panel Roll Forming Machine&quot;}\">Machine de formage de panneaux de toiture par roulage \u00e0 joint debout<\/td>\n<\/tr>\n<tr>\n<td colspan=\"1\" rowspan=\"2\" data-sheets-value=\"{&quot;1&quot;:2,&quot;2&quot;:&quot;Machinable Material&quot;}\">\n<div>Mat\u00e9riau usinable<\/div>\n<\/td>\n<td data-sheets-value=\"{&quot;1&quot;:2,&quot;2&quot;:&quot;A) Galvanized Coil&quot;}\">A) Bobine galvanis\u00e9e<\/td>\n<td colspan=\"1\" rowspan=\"2\" data-sheets-value=\"{&quot;1&quot;:2,&quot;2&quot;:&quot;Thickness(MM): 0.3-0.8 According To Your Requirment&quot;}\">\n<div>\u00c9paisseur (MM) : 0,3-0,8 selon votre demande<\/div>\n<\/td>\n<\/tr>\n<tr>\n<td data-sheets-value=\"{&quot;1&quot;:2,&quot;2&quot;:&quot;B) PPGI, PPGL&quot;}\">B) PPGI, PPGL<\/td>\n<\/tr>\n<tr>\n<td data-sheets-value=\"{&quot;1&quot;:2,&quot;2&quot;:&quot;Yield Strength&quot;}\">Limite d&#039;\u00e9lasticit\u00e9<\/td>\n<td colspan=\"2\" rowspan=\"1\" data-sheets-value=\"{&quot;1&quot;:2,&quot;2&quot;:&quot;250 - 350 Mpa \/ 350-550Mpa&quot;}\">250 - 350 Mpa \/ 350-550Mpa<\/td>\n<\/tr>\n<tr>\n<td data-sheets-value=\"{&quot;1&quot;:2,&quot;2&quot;:&quot;Tensil Stress&quot;}\">Contrainte de traction<\/td>\n<td colspan=\"2\" rowspan=\"1\" data-sheets-value=\"{&quot;1&quot;:2,&quot;2&quot;:&quot;350 Mpa-550 Mpa&quot;}\">350 Mpa-550 Mpa<\/td>\n<\/tr>\n<tr>\n<td data-sheets-value=\"{&quot;1&quot;:2,&quot;2&quot;:&quot;Coil Width&quot;}\">Largeur de la bobine<\/td>\n<td colspan=\"2\" rowspan=\"1\" data-sheets-value=\"{&quot;1&quot;:2,&quot;2&quot;:&quot;500, 600, 610mm etc&quot;}\">500, 600, 610mm etc<\/td>\n<\/tr>\n<tr>\n<td data-sheets-value=\"{&quot;1&quot;:2,&quot;2&quot;:&quot;Forming Speed&quot;}\">Vitesse de formage<\/td>\n<td data-sheets-value=\"{&quot;1&quot;:2,&quot;2&quot;:&quot;10-20 (m\/min)&quot;}\">10-20 (m\/min)<\/td>\n<td data-sheets-value=\"{&quot;1&quot;:2,&quot;2&quot;:&quot;* Or According To Your Requirment&quot;}\">* Ou selon vos besoins<\/td>\n<\/tr>\n<tr>\n<td data-sheets-value=\"{&quot;1&quot;:2,&quot;2&quot;:&quot;Forming Station&quot;}\">Station de formage<\/td>\n<td data-sheets-value=\"{&quot;1&quot;:2,&quot;2&quot;:&quot;18-24 Stations&quot;}\">18-24 stations<\/td>\n<td data-sheets-value=\"{&quot;1&quot;:2,&quot;2&quot;:&quot;* According To Your Profile Drawings&quot;}\">* Selon vos dessins de profil<\/td>\n<\/tr>\n<tr>\n<td data-sheets-value=\"{&quot;1&quot;:2,&quot;2&quot;:&quot;Decoiler&quot;}\">D\u00e9rouleur<\/td>\n<td data-sheets-value=\"{&quot;1&quot;:2,&quot;2&quot;:&quot;Manual Decoiler&quot;}\">D\u00e9rouleur manuel<\/td>\n<td data-sheets-value=\"{&quot;1&quot;:2,&quot;2&quot;:&quot;* Hydraulic Decoiler (Optional)&quot;}\">* D\u00e9rouleur hydraulique (facultatif)<\/td>\n<\/tr>\n<tr>\n<td data-sheets-value=\"{&quot;1&quot;:2,&quot;2&quot;:&quot;Driving System&quot;}\">Syst\u00e8me de conduite<\/td>\n<td data-sheets-value=\"{&quot;1&quot;:2,&quot;2&quot;:&quot;Chain Drive&quot;}\">Entrainement par CHAINE<\/td>\n<td data-sheets-value=\"{&quot;1&quot;:2,&quot;2&quot;:&quot;* Gearbox Drive (Optional)&quot;}\">* Entra\u00eenement de bo\u00eete de vitesses (facultatif)<\/td>\n<\/tr>\n<tr>\n<td data-sheets-value=\"{&quot;1&quot;:2,&quot;2&quot;:&quot;Machine Structure&quot;}\">Structure de la machine<\/td>\n<td data-sheets-value=\"{&quot;1&quot;:2,&quot;2&quot;:&quot;Steel Plates Welded&quot;}\">Plaques d'acier soud\u00e9es<\/td>\n<td data-sheets-value=\"{&quot;1&quot;:2,&quot;2&quot;:&quot;* Cast Iron Stands (Optional)&quot;}\">* Supports en fonte (en option)<\/td>\n<\/tr>\n<tr>\n<td data-sheets-value=\"{&quot;1&quot;:2,&quot;2&quot;:&quot;Rollers\u2019 Material&quot;}\">Mat\u00e9riau des rouleaux<\/td>\n<td colspan=\"2\" rowspan=\"1\" data-sheets-value=\"{&quot;1&quot;:2,&quot;2&quot;:&quot;45#&quot;}\">45#<\/td>\n<\/tr>\n<tr>\n<td data-sheets-value=\"{&quot;1&quot;:2,&quot;2&quot;:&quot;Cutting System&quot;}\">Syst\u00e8me de coupe<\/td>\n<td colspan=\"2\" rowspan=\"1\" data-sheets-value=\"{&quot;1&quot;:2,&quot;2&quot;:&quot;Hydraulic Post Cut&quot;}\">Coupe poteau hydraulique<\/td>\n<\/tr>\n<tr>\n<td data-sheets-value=\"{&quot;1&quot;:2,&quot;2&quot;:&quot;Seaming Machine&quot;}\">Machine \u00e0 coudre<\/td>\n<td data-sheets-value=\"{&quot;1&quot;:2,&quot;2&quot;:&quot;Hand Clamp&quot;}\">Pince \u00e0 main<\/td>\n<td data-sheets-value=\"{&quot;1&quot;:2,&quot;2&quot;:&quot;Auto Seamer&quot;}\">Machine \u00e0 sceller automatique<\/td>\n<\/tr>\n<tr>\n<td data-sheets-value=\"{&quot;1&quot;:2,&quot;2&quot;:&quot;Output Way&quot;}\">Voie de sortie<\/td>\n<td colspan=\"2\" rowspan=\"1\" data-sheets-value=\"{&quot;1&quot;:2,&quot;2&quot;:&quot;Roller Table&quot;}\">Table \u00e0 rouleaux<\/td>\n<\/tr>\n<tr>\n<td data-sheets-value=\"{&quot;1&quot;:2,&quot;2&quot;:&quot;Frequency Changer Brand&quot;}\">Marque de changeur de fr\u00e9quence<\/td>\n<td data-sheets-value=\"{&quot;1&quot;:2,&quot;2&quot;:&quot;Yaskawa&quot;}\">Yaskawa<\/td>\n<td data-sheets-value=\"{&quot;1&quot;:2,&quot;2&quot;:&quot;* Siemens (Optional)&quot;}\">*Siemens (facultatif)<\/td>\n<\/tr>\n<tr>\n<td data-sheets-value=\"{&quot;1&quot;:2,&quot;2&quot;:&quot;Power Supply&quot;}\">Source de courant<\/td>\n<td data-sheets-value=\"{&quot;1&quot;:2,&quot;2&quot;:&quot;380V 50Hz 3ph&quot;}\">380V 50Hz 3ph<\/td>\n<td data-sheets-value=\"{&quot;1&quot;:2,&quot;2&quot;:&quot;* Or According To Your Requirment&quot;}\">* Ou selon vos besoins<\/td>\n<\/tr>\n<tr>\n<td data-sheets-value=\"{&quot;1&quot;:2,&quot;2&quot;:&quot;Machine Color&quot;}\">Couleur de l&#039;appareil<\/td>\n<td data-sheets-value=\"{&quot;1&quot;:2,&quot;2&quot;:&quot;Industrial Blue&quot;}\">Bleu industriel<\/td>\n<td data-sheets-value=\"{&quot;1&quot;:2,&quot;2&quot;:&quot;* Or According To Your Requirment&quot;}\">* Ou selon vos besoins<\/td>\n<\/tr>\n<\/tbody>\n<\/table>\n<\/div>\n<h3>Application<\/h3>\n<p><img loading=\"lazy\" decoding=\"async\" class=\"alignnone size-full wp-image-3508\" src=\"https:\/\/swforming.com\/wp-content\/uploads\/2023\/07\/20230717170414.png\" alt=\"\" width=\"750\" height=\"454\" title=\"\" srcset=\"https:\/\/swforming.com\/wp-content\/uploads\/2023\/07\/20230717170414.png 750w, https:\/\/swforming.com\/wp-content\/uploads\/2023\/07\/20230717170414-600x363.png 600w, https:\/\/swforming.com\/wp-content\/uploads\/2023\/07\/20230717170414-300x182.png 300w, https:\/\/swforming.com\/wp-content\/uploads\/2023\/07\/20230717170414-18x12.png 18w\" sizes=\"(max-width: 750px) 100vw, 750px\" \/><\/p>","protected":false},"excerpt":{"rendered":"<p>La profileuse pour panneaux de toiture \u00e0 joint debout est principalement utilis\u00e9e pour produire des panneaux de toiture. Normalement, l'\u00e9paisseur du panneau est de 0,3-0,8 mm avec de l'acier galvanis\u00e9 normal ou des bobines color\u00e9es. Le plus grand avantage de ce type de toiture est qu'il n'y a pas besoin de vis ou de clous lors de l'installation.<\/p>\n<p>La profileuse pour syst\u00e8mes de toiture offre une large gamme de profils de t\u00f4le. Elle comprend des panneaux trap\u00e9zo\u00efdaux, des panneaux ondul\u00e9s, des tuiles, des tuiles verniss\u00e9es, des tabliers m\u00e9talliques, des panneaux muraux, des joints debout, des trav\u00e9es en K et des fa\u00eeti\u00e8res. Ses produits sont largement utilis\u00e9s dans les syst\u00e8mes de toiture et de mur dans la construction d'ateliers et de logements.<\/p>","protected":false},"featured_media":3495,"comment_status":"closed","ping_status":"closed","template":"","meta":{"_acf_changed":false},"product_brand":[],"product_cat":[45,115],"product_tag":[],"class_list":{"0":"post-3494","1":"product","2":"type-product","3":"status-publish","4":"has-post-thumbnail","6":"product_cat-metal-wall-roofing","7":"product_cat-stand-seaming-roof-panel-roll-forming-machine","9":"first","10":"instock","11":"shipping-taxable","12":"product-type-simple"},"acf":[],"_links":{"self":[{"href":"https:\/\/swforming.com\/fr\/wp-json\/wp\/v2\/product\/3494","targetHints":{"allow":["GET"]}}],"collection":[{"href":"https:\/\/swforming.com\/fr\/wp-json\/wp\/v2\/product"}],"about":[{"href":"https:\/\/swforming.com\/fr\/wp-json\/wp\/v2\/types\/product"}],"replies":[{"embeddable":true,"href":"https:\/\/swforming.com\/fr\/wp-json\/wp\/v2\/comments?post=3494"}],"version-history":[{"count":4,"href":"https:\/\/swforming.com\/fr\/wp-json\/wp\/v2\/product\/3494\/revisions"}],"predecessor-version":[{"id":3739,"href":"https:\/\/swforming.com\/fr\/wp-json\/wp\/v2\/product\/3494\/revisions\/3739"}],"wp:featuredmedia":[{"embeddable":true,"href":"https:\/\/swforming.com\/fr\/wp-json\/wp\/v2\/media\/3495"}],"wp:attachment":[{"href":"https:\/\/swforming.com\/fr\/wp-json\/wp\/v2\/media?parent=3494"}],"wp:term":[{"taxonomy":"product_brand","embeddable":true,"href":"https:\/\/swforming.com\/fr\/wp-json\/wp\/v2\/product_brand?post=3494"},{"taxonomy":"product_cat","embeddable":true,"href":"https:\/\/swforming.com\/fr\/wp-json\/wp\/v2\/product_cat?post=3494"},{"taxonomy":"product_tag","embeddable":true,"href":"https:\/\/swforming.com\/fr\/wp-json\/wp\/v2\/product_tag?post=3494"}],"curies":[{"name":"wp","href":"https:\/\/api.w.org\/{rel}","templated":true}]}}