{"id":3422,"date":"2023-07-10T09:15:48","date_gmt":"2023-07-10T09:15:48","guid":{"rendered":"https:\/\/swforming.com\/?post_type=product&#038;p=3422"},"modified":"2023-08-02T02:19:56","modified_gmt":"2023-08-02T02:19:56","slug":"downspout-pipe-roll-forming-machine","status":"publish","type":"product","link":"https:\/\/swforming.com\/fr\/product\/downspout-pipe-roll-forming-machine\/","title":{"rendered":"Machine de formage de rouleaux de tuyau de descente"},"content":{"rendered":"<p><img fetchpriority=\"high\" decoding=\"async\" class=\"alignnone wp-image-3429 size-full\" src=\"https:\/\/swforming.com\/wp-content\/uploads\/2023\/07\/H174064405f244f1ebe1379a900b987298.jpg\" alt=\"Machine de formage de rouleaux de tuyau de descente\" width=\"750\" height=\"1045\" title=\"\" srcset=\"https:\/\/swforming.com\/wp-content\/uploads\/2023\/07\/H174064405f244f1ebe1379a900b987298.jpg 750w, https:\/\/swforming.com\/wp-content\/uploads\/2023\/07\/H174064405f244f1ebe1379a900b987298-600x836.jpg 600w, https:\/\/swforming.com\/wp-content\/uploads\/2023\/07\/H174064405f244f1ebe1379a900b987298-215x300.jpg 215w, https:\/\/swforming.com\/wp-content\/uploads\/2023\/07\/H174064405f244f1ebe1379a900b987298-735x1024.jpg 735w, https:\/\/swforming.com\/wp-content\/uploads\/2023\/07\/H174064405f244f1ebe1379a900b987298-9x12.jpg 9w\" sizes=\"(max-width: 750px) 100vw, 750px\" \/><\/p>\n<p>La profileuse pour tuyaux de descente est utilis\u00e9e pour produire des tuyaux de descente dans les syst\u00e8mes d'\u00e9vacuation des eaux de pluie. L'\u00e9paisseur normale des tuyaux de descente et des goutti\u00e8res peut \u00eatre de 0,4 mm \u00e0 0,8 mm, de 0,8 \u00e0 1,5 mm ou selon votre demande avec les mati\u00e8res premi\u00e8res : Aluminium, acier galvanis\u00e9, acier peint, Galvalume, acier inoxydable, etc.<\/p>\n<p>Il existe une profileuse pour tuyaux carr\u00e9s (profileuse pour tuyaux de descente rectangulaires) et une profileuse pour tuyaux ronds (profileuse pour tuyaux de descente ondul\u00e9s), ainsi qu'une machine \u00e0 coude s\u00e9par\u00e9e. Dans le syst\u00e8me d'\u00e9vacuation des eaux pluviales, nous sommes en mesure de fabriquer d'autres machines telles que la profileuse pour goutti\u00e8res, etc. Notre profileuse pour tuyaux de descente se compose principalement d'un d\u00e9rouleur, d'un syst\u00e8me de profilage, d'un \u00e9quipement de coupe, d'un syst\u00e8me hydraulique, d'un syst\u00e8me de contr\u00f4le et d'une table de sortie. Elle peut former des courbes pour les tuyaux de descente afin de r\u00e9pondre aux exigences des projets d'ing\u00e9nierie pratiques.<\/p>\n<p>Dans les industries de la construction, nous sommes en mesure de fabriquer davantage de machines, telles que des profileuses pour canaux principaux, des profileuses pour pannes, des profileuses pour cloisons s\u00e8ches, des profileuses pour montants, des profileuses pour rails, des profileuses pour chapeaux, des profileuses pour clips, des profileuses pour tabliers m\u00e9talliques (tabliers de sol), des profileuses pour panneaux de toiture\/mur, des profileuses pour tuiles, des profileuses pour plaques ondul\u00e9es, des profileuses pour fa\u00eeti\u00e8res, des profileuses pour descentes pluviales, etc.<\/p>\n<p>Nous r\u00e9alisons diff\u00e9rentes solutions en fonction du dessin, de la tol\u00e9rance et du budget des clients, offrant un service professionnel personnalis\u00e9, adaptable \u00e0 toutes vos exigences. Quelle que soit la ligne que vous choisissez, la qualit\u00e9 de SUNWAY Machinery vous assurera d&#039;obtenir des profil\u00e9s parfaitement fonctionnels.<\/p>\n<h3>Dessins de profil<\/h3>\n<h3><img decoding=\"async\" class=\"alignnone size-full wp-image-3430\" src=\"https:\/\/swforming.com\/wp-content\/uploads\/2023\/07\/20230710170659.png\" alt=\"\" width=\"750\" height=\"182\" title=\"\" srcset=\"https:\/\/swforming.com\/wp-content\/uploads\/2023\/07\/20230710170659.png 750w, https:\/\/swforming.com\/wp-content\/uploads\/2023\/07\/20230710170659-600x146.png 600w, https:\/\/swforming.com\/wp-content\/uploads\/2023\/07\/20230710170659-300x73.png 300w, https:\/\/swforming.com\/wp-content\/uploads\/2023\/07\/20230710170659-18x4.png 18w\" sizes=\"(max-width: 750px) 100vw, 750px\" \/><\/h3>\n<p><img decoding=\"async\" class=\"alignnone size-full wp-image-3431\" src=\"https:\/\/swforming.com\/wp-content\/uploads\/2023\/07\/H9f8171dad3b24efe84aa59c0edbb384cJ.jpg\" alt=\"\" width=\"1748\" height=\"1839\" title=\"\" srcset=\"https:\/\/swforming.com\/wp-content\/uploads\/2023\/07\/H9f8171dad3b24efe84aa59c0edbb384cJ.jpg 1748w, https:\/\/swforming.com\/wp-content\/uploads\/2023\/07\/H9f8171dad3b24efe84aa59c0edbb384cJ-600x631.jpg 600w, https:\/\/swforming.com\/wp-content\/uploads\/2023\/07\/H9f8171dad3b24efe84aa59c0edbb384cJ-285x300.jpg 285w, https:\/\/swforming.com\/wp-content\/uploads\/2023\/07\/H9f8171dad3b24efe84aa59c0edbb384cJ-973x1024.jpg 973w, https:\/\/swforming.com\/wp-content\/uploads\/2023\/07\/H9f8171dad3b24efe84aa59c0edbb384cJ-768x808.jpg 768w, https:\/\/swforming.com\/wp-content\/uploads\/2023\/07\/H9f8171dad3b24efe84aa59c0edbb384cJ-1460x1536.jpg 1460w, https:\/\/swforming.com\/wp-content\/uploads\/2023\/07\/H9f8171dad3b24efe84aa59c0edbb384cJ-11x12.jpg 11w\" sizes=\"(max-width: 1748px) 100vw, 1748px\" \/><\/p>\n<h3>Ligne de production<\/h3>\n<p><img loading=\"lazy\" decoding=\"async\" class=\"alignnone size-full wp-image-3432\" src=\"https:\/\/swforming.com\/wp-content\/uploads\/2023\/07\/H4d9ace28a6c04ac3a0598e3d70cfa4c3d.jpg\" alt=\"\" width=\"1748\" height=\"606\" title=\"\" srcset=\"https:\/\/swforming.com\/wp-content\/uploads\/2023\/07\/H4d9ace28a6c04ac3a0598e3d70cfa4c3d.jpg 1748w, https:\/\/swforming.com\/wp-content\/uploads\/2023\/07\/H4d9ace28a6c04ac3a0598e3d70cfa4c3d-600x208.jpg 600w, https:\/\/swforming.com\/wp-content\/uploads\/2023\/07\/H4d9ace28a6c04ac3a0598e3d70cfa4c3d-300x104.jpg 300w, https:\/\/swforming.com\/wp-content\/uploads\/2023\/07\/H4d9ace28a6c04ac3a0598e3d70cfa4c3d-1024x355.jpg 1024w, https:\/\/swforming.com\/wp-content\/uploads\/2023\/07\/H4d9ace28a6c04ac3a0598e3d70cfa4c3d-768x266.jpg 768w, https:\/\/swforming.com\/wp-content\/uploads\/2023\/07\/H4d9ace28a6c04ac3a0598e3d70cfa4c3d-1536x533.jpg 1536w, https:\/\/swforming.com\/wp-content\/uploads\/2023\/07\/H4d9ace28a6c04ac3a0598e3d70cfa4c3d-18x6.jpg 18w\" sizes=\"(max-width: 1748px) 100vw, 1748px\" \/><\/p>\n<h3>d\u00e9tails du produit<\/h3>\n<p><img loading=\"lazy\" decoding=\"async\" class=\"alignnone size-full wp-image-3433\" src=\"https:\/\/swforming.com\/wp-content\/uploads\/2023\/07\/20230710170848.png\" alt=\"\" width=\"750\" height=\"943\" title=\"\" srcset=\"https:\/\/swforming.com\/wp-content\/uploads\/2023\/07\/20230710170848.png 750w, https:\/\/swforming.com\/wp-content\/uploads\/2023\/07\/20230710170848-600x754.png 600w, https:\/\/swforming.com\/wp-content\/uploads\/2023\/07\/20230710170848-239x300.png 239w, https:\/\/swforming.com\/wp-content\/uploads\/2023\/07\/20230710170848-10x12.png 10w\" sizes=\"(max-width: 750px) 100vw, 750px\" \/><\/p>\n<h3>Param\u00e8tres du produit<\/h3>\n<div style=\"overflow-x: auto;\">\n<table>\n<tbody>\n<tr>\n<td colspan=\"3\" rowspan=\"1\" data-sheets-value=\"{&quot;1&quot;:2,&quot;2&quot;:&quot;Dounspout Roll Forming Machine&quot;}\">Machine de formage de rouleaux Dounspout<\/td>\n<\/tr>\n<tr>\n<td colspan=\"1\" rowspan=\"2\" data-sheets-value=\"{&quot;1&quot;:2,&quot;2&quot;:&quot;Machinable Material&quot;}\">\n<div>Mat\u00e9riau usinable<\/div>\n<\/td>\n<td data-sheets-value=\"{&quot;1&quot;:2,&quot;2&quot;:&quot;A) Galvanized Coil&quot;}\">A) Bobine galvanis\u00e9e<\/td>\n<td colspan=\"1\" rowspan=\"2\" data-sheets-value=\"{&quot;1&quot;:2,&quot;2&quot;:&quot;Thickness(MM): 0.3-0.8 According To Your Requirment&quot;}\">\n<div>\u00c9paisseur (MM) : 0,3-0,8 selon votre demande<\/div>\n<\/td>\n<\/tr>\n<tr>\n<td data-sheets-value=\"{&quot;1&quot;:2,&quot;2&quot;:&quot;B) PPGI, PPGL&quot;}\">B) PPGI, PPGL<\/td>\n<\/tr>\n<tr>\n<td data-sheets-value=\"{&quot;1&quot;:2,&quot;2&quot;:&quot;Yield Strength&quot;}\">Limite d&#039;\u00e9lasticit\u00e9<\/td>\n<td colspan=\"2\" rowspan=\"1\" data-sheets-value=\"{&quot;1&quot;:2,&quot;2&quot;:&quot;250 - 350 Mpa \/ 350-550Mpa&quot;}\">250 - 350 Mpa \/ 350-550Mpa<\/td>\n<\/tr>\n<tr>\n<td data-sheets-value=\"{&quot;1&quot;:2,&quot;2&quot;:&quot;Tensil Stress&quot;}\">Contrainte de traction<\/td>\n<td colspan=\"2\" rowspan=\"1\" data-sheets-value=\"{&quot;1&quot;:2,&quot;2&quot;:&quot;350 Mpa-550 Mpa&quot;}\">350 Mpa-550 Mpa<\/td>\n<\/tr>\n<tr>\n<td data-sheets-value=\"{&quot;1&quot;:2,&quot;2&quot;:&quot;Coil Width&quot;}\">Largeur de la bobine<\/td>\n<td colspan=\"2\" rowspan=\"1\" data-sheets-value=\"{&quot;1&quot;:2,&quot;2&quot;:&quot;As Per The Detailed Profile&quot;}\">Selon le profil d\u00e9taill\u00e9<\/td>\n<\/tr>\n<tr>\n<td data-sheets-value=\"{&quot;1&quot;:2,&quot;2&quot;:&quot;Forming Speed&quot;}\">Vitesse de formage<\/td>\n<td data-sheets-value=\"{&quot;1&quot;:2,&quot;2&quot;:&quot;10-15 m\/min&quot;}\">10-15 m\/min<\/td>\n<td data-sheets-value=\"{&quot;1&quot;:2,&quot;2&quot;:&quot;* Or According To Your Requirment&quot;}\">* Ou selon vos besoins<\/td>\n<\/tr>\n<tr>\n<td data-sheets-value=\"{&quot;1&quot;:2,&quot;2&quot;:&quot;Forming Station&quot;}\">Station de formage<\/td>\n<td data-sheets-value=\"{&quot;1&quot;:2,&quot;2&quot;:&quot;18-24 Stations&quot;}\">18-24 stations<\/td>\n<td data-sheets-value=\"{&quot;1&quot;:2,&quot;2&quot;:&quot;* According To Your Profile Drawings&quot;}\">* Selon vos dessins de profil<\/td>\n<\/tr>\n<tr>\n<td data-sheets-value=\"{&quot;1&quot;:2,&quot;2&quot;:&quot;Decoiler&quot;}\">D\u00e9rouleur<\/td>\n<td data-sheets-value=\"{&quot;1&quot;:2,&quot;2&quot;:&quot;Manual Decoiler&quot;}\">D\u00e9rouleur manuel<\/td>\n<td data-sheets-value=\"{&quot;1&quot;:2,&quot;2&quot;:&quot;* Hydraulic Decoiler (Optional)&quot;}\">* D\u00e9rouleur hydraulique (facultatif)<\/td>\n<\/tr>\n<tr>\n<td data-sheets-value=\"{&quot;1&quot;:2,&quot;2&quot;:&quot;Driving System&quot;}\">Syst\u00e8me de conduite<\/td>\n<td data-sheets-value=\"{&quot;1&quot;:2,&quot;2&quot;:&quot;Chain Drive&quot;}\">Entrainement par CHAINE<\/td>\n<td data-sheets-value=\"{&quot;1&quot;:2,&quot;2&quot;:&quot;* Gearbox Drive (Optional)&quot;}\">* Entra\u00eenement de bo\u00eete de vitesses (facultatif)<\/td>\n<\/tr>\n<tr>\n<td data-sheets-value=\"{&quot;1&quot;:2,&quot;2&quot;:&quot;Machine Structure&quot;}\">Structure de la machine<\/td>\n<td data-sheets-value=\"{&quot;1&quot;:2,&quot;2&quot;:&quot;Steel Plates Welded&quot;}\">Plaques d'acier soud\u00e9es<\/td>\n<td data-sheets-value=\"{&quot;1&quot;:2,&quot;2&quot;:&quot;* Individual Station (Optional)&quot;}\">* Station individuelle (en option)<\/td>\n<\/tr>\n<tr>\n<td data-sheets-value=\"{&quot;1&quot;:2,&quot;2&quot;:&quot;Rollers\u2019 Material&quot;}\">Mat\u00e9riau des rouleaux<\/td>\n<td colspan=\"2\" rowspan=\"1\" data-sheets-value=\"{&quot;1&quot;:2,&quot;2&quot;:&quot;45#&quot;}\">45#<\/td>\n<\/tr>\n<tr>\n<td data-sheets-value=\"{&quot;1&quot;:2,&quot;2&quot;:&quot;Cutting System&quot;}\">Syst\u00e8me de coupe<\/td>\n<td data-sheets-value=\"{&quot;1&quot;:2,&quot;2&quot;:&quot;Hydraulic Post Cut&quot;}\">Coupe poteau hydraulique<\/td>\n<td data-sheets-value=\"{&quot;1&quot;:2,&quot;2&quot;:&quot;* Hydraulic Servo Tracking Cutter (Optional)&quot;}\">* Dispositif de coupe \u00e0 suivi hydraulique (en option)<\/td>\n<\/tr>\n<tr>\n<td data-sheets-value=\"{&quot;1&quot;:2,&quot;2&quot;:&quot;Output Way&quot;}\">Voie de sortie<\/td>\n<td colspan=\"2\" rowspan=\"1\" data-sheets-value=\"{&quot;1&quot;:2,&quot;2&quot;:&quot;Roller Table&quot;}\">Table \u00e0 rouleaux<\/td>\n<\/tr>\n<tr>\n<td data-sheets-value=\"{&quot;1&quot;:2,&quot;2&quot;:&quot;Frequency Changer Brand&quot;}\">Marque de changeur de fr\u00e9quence<\/td>\n<td data-sheets-value=\"{&quot;1&quot;:2,&quot;2&quot;:&quot;Yaskawa&quot;}\">Yaskawa<\/td>\n<td data-sheets-value=\"{&quot;1&quot;:2,&quot;2&quot;:&quot;* Siemens (Optional)&quot;}\">*Siemens (facultatif)<\/td>\n<\/tr>\n<tr>\n<td data-sheets-value=\"{&quot;1&quot;:2,&quot;2&quot;:&quot;Power Supply&quot;}\">Source de courant<\/td>\n<td data-sheets-value=\"{&quot;1&quot;:2,&quot;2&quot;:&quot;380V 50Hz&quot;}\">380V 50Hz<\/td>\n<td data-sheets-value=\"{&quot;1&quot;:2,&quot;2&quot;:&quot;* Or According To Your Requirment&quot;}\">* Ou selon vos besoins<\/td>\n<\/tr>\n<tr>\n<td data-sheets-value=\"{&quot;1&quot;:2,&quot;2&quot;:&quot;Machine Color&quot;}\">Couleur de l&#039;appareil<\/td>\n<td data-sheets-value=\"{&quot;1&quot;:2,&quot;2&quot;:&quot;Industrial Blue&quot;}\">Bleu industriel<\/td>\n<td data-sheets-value=\"{&quot;1&quot;:2,&quot;2&quot;:&quot;* Or According To Your Requirment&quot;}\">* Ou selon vos besoins<\/td>\n<\/tr>\n<\/tbody>\n<\/table>\n<\/div>\n<h3>Application<\/h3>\n<p><img loading=\"lazy\" decoding=\"async\" class=\"alignnone size-full wp-image-3436\" src=\"https:\/\/swforming.com\/wp-content\/uploads\/2023\/07\/20230710171313.png\" alt=\"\" width=\"750\" height=\"453\" title=\"\" srcset=\"https:\/\/swforming.com\/wp-content\/uploads\/2023\/07\/20230710171313.png 750w, https:\/\/swforming.com\/wp-content\/uploads\/2023\/07\/20230710171313-600x362.png 600w, https:\/\/swforming.com\/wp-content\/uploads\/2023\/07\/20230710171313-300x181.png 300w, https:\/\/swforming.com\/wp-content\/uploads\/2023\/07\/20230710171313-18x12.png 18w\" sizes=\"(max-width: 750px) 100vw, 750px\" \/><\/p>","protected":false},"excerpt":{"rendered":"<p>La profileuse pour tuyaux de descente est utilis\u00e9e pour produire des tuyaux de descente dans les syst\u00e8mes d'\u00e9vacuation des eaux de pluie. L'\u00e9paisseur normale des tuyaux de descente et des goutti\u00e8res peut \u00eatre de 0,4 mm \u00e0 0,8 mm, de 0,8 \u00e0 1,5 mm ou selon votre demande avec les mati\u00e8res premi\u00e8res : Aluminium, acier galvanis\u00e9, acier peint, Galvalume, acier inoxydable, etc.<\/p>\n<p>Il existe une profileuse pour tuyaux carr\u00e9s (profileuse pour tuyaux de descente rectangulaires) et une profileuse pour tuyaux ronds (profileuse pour tuyaux de descente ondul\u00e9s), ainsi qu'une machine \u00e0 coude s\u00e9par\u00e9e. Dans le syst\u00e8me d'\u00e9vacuation des eaux pluviales, nous sommes en mesure de fabriquer d'autres machines telles que la profileuse pour goutti\u00e8res, etc. Notre profileuse pour tuyaux de descente se compose principalement d'un d\u00e9rouleur, d'un syst\u00e8me de profilage, d'un \u00e9quipement de coupe, d'un syst\u00e8me hydraulique, d'un syst\u00e8me de contr\u00f4le et d'une table de sortie. Elle peut former des courbes pour les tuyaux de descente afin de r\u00e9pondre aux exigences des projets d'ing\u00e9nierie pratiques.<\/p>","protected":false},"featured_media":3423,"comment_status":"closed","ping_status":"closed","template":"","meta":{"_acf_changed":false},"product_brand":[],"product_cat":[45,81],"product_tag":[],"class_list":{"0":"post-3422","1":"product","2":"type-product","3":"status-publish","4":"has-post-thumbnail","6":"product_cat-metal-wall-roofing","7":"product_cat-downspout-pipe-roll-forming-machine","9":"first","10":"instock","11":"shipping-taxable","12":"product-type-simple"},"acf":[],"_links":{"self":[{"href":"https:\/\/swforming.com\/fr\/wp-json\/wp\/v2\/product\/3422","targetHints":{"allow":["GET"]}}],"collection":[{"href":"https:\/\/swforming.com\/fr\/wp-json\/wp\/v2\/product"}],"about":[{"href":"https:\/\/swforming.com\/fr\/wp-json\/wp\/v2\/types\/product"}],"replies":[{"embeddable":true,"href":"https:\/\/swforming.com\/fr\/wp-json\/wp\/v2\/comments?post=3422"}],"version-history":[{"count":5,"href":"https:\/\/swforming.com\/fr\/wp-json\/wp\/v2\/product\/3422\/revisions"}],"predecessor-version":[{"id":3740,"href":"https:\/\/swforming.com\/fr\/wp-json\/wp\/v2\/product\/3422\/revisions\/3740"}],"wp:featuredmedia":[{"embeddable":true,"href":"https:\/\/swforming.com\/fr\/wp-json\/wp\/v2\/media\/3423"}],"wp:attachment":[{"href":"https:\/\/swforming.com\/fr\/wp-json\/wp\/v2\/media?parent=3422"}],"wp:term":[{"taxonomy":"product_brand","embeddable":true,"href":"https:\/\/swforming.com\/fr\/wp-json\/wp\/v2\/product_brand?post=3422"},{"taxonomy":"product_cat","embeddable":true,"href":"https:\/\/swforming.com\/fr\/wp-json\/wp\/v2\/product_cat?post=3422"},{"taxonomy":"product_tag","embeddable":true,"href":"https:\/\/swforming.com\/fr\/wp-json\/wp\/v2\/product_tag?post=3422"}],"curies":[{"name":"wp","href":"https:\/\/api.w.org\/{rel}","templated":true}]}}