{"id":3359,"date":"2023-07-03T09:09:45","date_gmt":"2023-07-03T09:09:45","guid":{"rendered":"https:\/\/swforming.com\/?post_type=product&#038;p=3359"},"modified":"2023-08-02T02:36:01","modified_gmt":"2023-08-02T02:36:01","slug":"gutter-roll-forming-machine-2","status":"publish","type":"product","link":"https:\/\/swforming.com\/fr\/product\/gutter-roll-forming-machine-2\/","title":{"rendered":"Rouleau de goutti\u00e8re formant la machine"},"content":{"rendered":"<p><img fetchpriority=\"high\" decoding=\"async\" class=\"alignnone wp-image-3366 size-full\" src=\"https:\/\/swforming.com\/wp-content\/uploads\/2023\/07\/Ha1ce60280f2b4d6abdbd85e6aff2b0aeA.jpg\" alt=\"Rouleau de goutti\u00e8re formant la machine\" width=\"750\" height=\"971\" title=\"\" srcset=\"https:\/\/swforming.com\/wp-content\/uploads\/2023\/07\/Ha1ce60280f2b4d6abdbd85e6aff2b0aeA.jpg 750w, https:\/\/swforming.com\/wp-content\/uploads\/2023\/07\/Ha1ce60280f2b4d6abdbd85e6aff2b0aeA-600x777.jpg 600w, https:\/\/swforming.com\/wp-content\/uploads\/2023\/07\/Ha1ce60280f2b4d6abdbd85e6aff2b0aeA-232x300.jpg 232w, https:\/\/swforming.com\/wp-content\/uploads\/2023\/07\/Ha1ce60280f2b4d6abdbd85e6aff2b0aeA-9x12.jpg 9w\" sizes=\"(max-width: 750px) 100vw, 750px\" \/><\/p>\n<p><span data-spm-anchor-id=\"a2700.details.0.i37.30694150AN8udt\">Une profileuse pour goutti\u00e8res est utilis\u00e9e pour produire des goutti\u00e8res, qui sont utilis\u00e9es dans le syst\u00e8me d'\u00e9vacuation des eaux de pluie. La machine est enti\u00e8rement automatis\u00e9e par un syst\u00e8me de contr\u00f4le PLC, avec l'avantage d'une utilisation facile et d'une efficacit\u00e9 rapide. Il s'agit d'un syst\u00e8me de chute d'eau en m\u00e9tal, qui est un foss\u00e9 de collecte sur le c\u00f4t\u00e9 de l'avant-toit. Les profileuses de goutti\u00e8res sont fix\u00e9es aux bords du toit et servent \u00e0 \u00e9vacuer l'eau vers le bas et \u00e0 l'\u00e9cart de la maison et de ses fondations. La plupart des goutti\u00e8res sont compos\u00e9es de sections de goutti\u00e8res, de sorties de goutti\u00e8res et de tuyaux de descente.<\/span><\/p>\n<p>Les goutti\u00e8res peuvent \u00eatre fabriqu\u00e9es en aluminium, en acier galvanis\u00e9, en acier peint, en galvanisation, en acier inoxydable, etc. L'\u00e9paisseur des tuyaux de descente et des goutti\u00e8res peut \u00eatre de 0,4 mm \u00e0 0,8 mm ou de 0,8 \u00e0 1,5 mm. En ce qui concerne les syst\u00e8mes d'\u00e9vacuation des eaux pluviales, nous sommes en mesure de fabriquer d'autres machines, telles que la machine \u00e0 former les tuyaux de descente ou les tuyaux de descente, etc.<\/p>\n<p>Dans les industries de la construction, nous sommes en mesure de fabriquer davantage de machines, telles que des profileuses pour canaux principaux, des profileuses pour pannes, des profileuses pour cloisons s\u00e8ches, des profileuses pour montants, des profileuses pour rails, des profileuses pour chapeaux, des profileuses pour clips, des profileuses pour tabliers m\u00e9talliques (tabliers de sol), des profileuses pour panneaux de toiture\/mur, des profileuses pour tuiles, des profileuses pour plaques ondul\u00e9es, des profileuses pour fa\u00eeti\u00e8res, des profileuses pour descentes pluviales, etc.<\/p>\n<div>Nous r\u00e9alisons diff\u00e9rentes solutions en fonction du dessin, de la tol\u00e9rance et du budget des clients, offrant un service professionnel personnalis\u00e9, adaptable \u00e0 toutes vos exigences. Quelle que soit la ligne que vous choisissez, la qualit\u00e9 de SUNWAY Machinery vous assurera d&#039;obtenir des profil\u00e9s parfaitement fonctionnels.<\/div>\n<h3>Dessins de profil<\/h3>\n<p><img decoding=\"async\" class=\"alignnone size-full wp-image-3367\" src=\"https:\/\/swforming.com\/wp-content\/uploads\/2023\/07\/703165543.png\" alt=\"\" width=\"750\" height=\"181\" title=\"\" srcset=\"https:\/\/swforming.com\/wp-content\/uploads\/2023\/07\/703165543.png 750w, https:\/\/swforming.com\/wp-content\/uploads\/2023\/07\/703165543-600x145.png 600w, https:\/\/swforming.com\/wp-content\/uploads\/2023\/07\/703165543-300x72.png 300w, https:\/\/swforming.com\/wp-content\/uploads\/2023\/07\/703165543-18x4.png 18w\" sizes=\"(max-width: 750px) 100vw, 750px\" \/><\/p>\n<p><img decoding=\"async\" class=\"alignnone size-full wp-image-3369\" src=\"https:\/\/swforming.com\/wp-content\/uploads\/2023\/07\/Hae41a034d22f48b493a34faa5ec37006Y-1.jpg\" alt=\"\" width=\"1748\" height=\"1660\" title=\"\" srcset=\"https:\/\/swforming.com\/wp-content\/uploads\/2023\/07\/Hae41a034d22f48b493a34faa5ec37006Y-1.jpg 1748w, https:\/\/swforming.com\/wp-content\/uploads\/2023\/07\/Hae41a034d22f48b493a34faa5ec37006Y-1-600x570.jpg 600w, https:\/\/swforming.com\/wp-content\/uploads\/2023\/07\/Hae41a034d22f48b493a34faa5ec37006Y-1-300x285.jpg 300w, https:\/\/swforming.com\/wp-content\/uploads\/2023\/07\/Hae41a034d22f48b493a34faa5ec37006Y-1-1024x972.jpg 1024w, https:\/\/swforming.com\/wp-content\/uploads\/2023\/07\/Hae41a034d22f48b493a34faa5ec37006Y-1-768x729.jpg 768w, https:\/\/swforming.com\/wp-content\/uploads\/2023\/07\/Hae41a034d22f48b493a34faa5ec37006Y-1-1536x1459.jpg 1536w, https:\/\/swforming.com\/wp-content\/uploads\/2023\/07\/Hae41a034d22f48b493a34faa5ec37006Y-1-13x12.jpg 13w\" sizes=\"(max-width: 1748px) 100vw, 1748px\" \/><\/p>\n<h3>Ligne de production<img loading=\"lazy\" decoding=\"async\" class=\"alignnone size-full wp-image-3370\" src=\"https:\/\/swforming.com\/wp-content\/uploads\/2023\/07\/H0469c2f511c048de83ef6efaa4f7b757G.jpg\" alt=\"\" width=\"1748\" height=\"606\" title=\"\" srcset=\"https:\/\/swforming.com\/wp-content\/uploads\/2023\/07\/H0469c2f511c048de83ef6efaa4f7b757G.jpg 1748w, https:\/\/swforming.com\/wp-content\/uploads\/2023\/07\/H0469c2f511c048de83ef6efaa4f7b757G-600x208.jpg 600w, https:\/\/swforming.com\/wp-content\/uploads\/2023\/07\/H0469c2f511c048de83ef6efaa4f7b757G-300x104.jpg 300w, https:\/\/swforming.com\/wp-content\/uploads\/2023\/07\/H0469c2f511c048de83ef6efaa4f7b757G-1024x355.jpg 1024w, https:\/\/swforming.com\/wp-content\/uploads\/2023\/07\/H0469c2f511c048de83ef6efaa4f7b757G-768x266.jpg 768w, https:\/\/swforming.com\/wp-content\/uploads\/2023\/07\/H0469c2f511c048de83ef6efaa4f7b757G-1536x533.jpg 1536w, https:\/\/swforming.com\/wp-content\/uploads\/2023\/07\/H0469c2f511c048de83ef6efaa4f7b757G-18x6.jpg 18w\" sizes=\"(max-width: 1748px) 100vw, 1748px\" \/><\/h3>\n<h3>d\u00e9tails du produit<\/h3>\n<p><img loading=\"lazy\" decoding=\"async\" class=\"alignnone size-full wp-image-3372\" src=\"https:\/\/swforming.com\/wp-content\/uploads\/2023\/07\/20230703165828.png\" alt=\"\" width=\"750\" height=\"965\" title=\"\" srcset=\"https:\/\/swforming.com\/wp-content\/uploads\/2023\/07\/20230703165828.png 750w, https:\/\/swforming.com\/wp-content\/uploads\/2023\/07\/20230703165828-600x772.png 600w, https:\/\/swforming.com\/wp-content\/uploads\/2023\/07\/20230703165828-233x300.png 233w, https:\/\/swforming.com\/wp-content\/uploads\/2023\/07\/20230703165828-9x12.png 9w\" sizes=\"(max-width: 750px) 100vw, 750px\" \/><\/p>\n<h3>Param\u00e8tres du produit<\/h3>\n<div style=\"overflow-x: auto;\">\n<table>\n<tbody>\n<tr>\n<td style=\"text-align: center;\" colspan=\"3\" rowspan=\"1\" data-sheets-value=\"{&quot;1&quot;:2,&quot;2&quot;:&quot;Gutter Roll Forming Machine&quot;}\"><strong>Rouleau de goutti\u00e8re formant la machine<\/strong><\/td>\n<\/tr>\n<tr>\n<td colspan=\"1\" rowspan=\"2\" data-sheets-value=\"{&quot;1&quot;:2,&quot;2&quot;:&quot;Machinable Material&quot;}\">\n<div>Mat\u00e9riau usinable<\/div>\n<\/td>\n<td data-sheets-value=\"{&quot;1&quot;:2,&quot;2&quot;:&quot;A) Galvanized Coil&quot;}\">A) Bobine galvanis\u00e9e<\/td>\n<td colspan=\"1\" rowspan=\"2\" data-sheets-value=\"{&quot;1&quot;:2,&quot;2&quot;:&quot;Thickness(MM): 0.3-0.8 According To Your Requirment&quot;}\">\n<div>\u00c9paisseur (MM) : 0,3-0,8 selon votre demande<\/div>\n<\/td>\n<\/tr>\n<tr>\n<td data-sheets-value=\"{&quot;1&quot;:2,&quot;2&quot;:&quot;B) PPGI, PPGL&quot;}\">B) PPGI, PPGL<\/td>\n<\/tr>\n<tr>\n<td data-sheets-value=\"{&quot;1&quot;:2,&quot;2&quot;:&quot;Yield Strength&quot;}\">Limite d&#039;\u00e9lasticit\u00e9<\/td>\n<td colspan=\"2\" rowspan=\"1\" data-sheets-value=\"{&quot;1&quot;:2,&quot;2&quot;:&quot;250 - 350 Mpa \/ 350-550Mpa&quot;}\">250 - 350 Mpa \/ 350-550Mpa<\/td>\n<\/tr>\n<tr>\n<td data-sheets-value=\"{&quot;1&quot;:2,&quot;2&quot;:&quot;Tensil Stress&quot;}\">Contrainte de traction<\/td>\n<td colspan=\"2\" rowspan=\"1\" data-sheets-value=\"{&quot;1&quot;:2,&quot;2&quot;:&quot;350 Mpa-550 Mpa&quot;}\">350 Mpa-550 Mpa<\/td>\n<\/tr>\n<tr>\n<td data-sheets-value=\"{&quot;1&quot;:2,&quot;2&quot;:&quot;Coil Width&quot;}\">Largeur de la bobine<\/td>\n<td colspan=\"2\" rowspan=\"1\" data-sheets-value=\"{&quot;1&quot;:2,&quot;2&quot;:&quot;As Per The Detailed Profile&quot;}\">Selon le profil d\u00e9taill\u00e9<\/td>\n<\/tr>\n<tr>\n<td data-sheets-value=\"{&quot;1&quot;:2,&quot;2&quot;:&quot;Forming Speed&quot;}\">Vitesse de formage<\/td>\n<td data-sheets-value=\"{&quot;1&quot;:2,&quot;2&quot;:&quot;10-15 m\/min&quot;}\">10-15 m\/min<\/td>\n<td data-sheets-value=\"{&quot;1&quot;:2,&quot;2&quot;:&quot;* Or According To Your Requirment&quot;}\">* Ou selon vos besoins<\/td>\n<\/tr>\n<tr>\n<td data-sheets-value=\"{&quot;1&quot;:2,&quot;2&quot;:&quot;Forming Station&quot;}\">Station de formage<\/td>\n<td data-sheets-value=\"{&quot;1&quot;:2,&quot;2&quot;:&quot;10-20 Stations&quot;}\">10-20 stations<\/td>\n<td data-sheets-value=\"{&quot;1&quot;:2,&quot;2&quot;:&quot;* According To Your Profile Drawings&quot;}\">* Selon vos dessins de profil<\/td>\n<\/tr>\n<tr>\n<td data-sheets-value=\"{&quot;1&quot;:2,&quot;2&quot;:&quot;Decoiler&quot;}\">D\u00e9rouleur<\/td>\n<td data-sheets-value=\"{&quot;1&quot;:2,&quot;2&quot;:&quot;Manual Decoiler&quot;}\">D\u00e9rouleur manuel<\/td>\n<td data-sheets-value=\"{&quot;1&quot;:2,&quot;2&quot;:&quot;* Hydraulic Decoiler (Optional)&quot;}\">* D\u00e9rouleur hydraulique (facultatif)<\/td>\n<\/tr>\n<tr>\n<td data-sheets-value=\"{&quot;1&quot;:2,&quot;2&quot;:&quot;Driving System&quot;}\">Syst\u00e8me de conduite<\/td>\n<td data-sheets-value=\"{&quot;1&quot;:2,&quot;2&quot;:&quot;Chain Drive&quot;}\">Entrainement par CHAINE<\/td>\n<td data-sheets-value=\"{&quot;1&quot;:2,&quot;2&quot;:&quot;* Gearbox Drive (Optional)&quot;}\">* Entra\u00eenement de bo\u00eete de vitesses (facultatif)<\/td>\n<\/tr>\n<tr>\n<td data-sheets-value=\"{&quot;1&quot;:2,&quot;2&quot;:&quot;Machine Structure&quot;}\">Structure de la machine<\/td>\n<td data-sheets-value=\"{&quot;1&quot;:2,&quot;2&quot;:&quot;Steel Plates Welded&quot;}\">Plaques d'acier soud\u00e9es<\/td>\n<td data-sheets-value=\"{&quot;1&quot;:2,&quot;2&quot;:&quot;* Individual Station (Optional)&quot;}\">* Station individuelle (en option)<\/td>\n<\/tr>\n<tr>\n<td data-sheets-value=\"{&quot;1&quot;:2,&quot;2&quot;:&quot;Rollers\u2019 Material&quot;}\">Mat\u00e9riau des rouleaux<\/td>\n<td colspan=\"2\" rowspan=\"1\" data-sheets-value=\"{&quot;1&quot;:2,&quot;2&quot;:&quot;45#&quot;}\">45#<\/td>\n<\/tr>\n<tr>\n<td data-sheets-value=\"{&quot;1&quot;:2,&quot;2&quot;:&quot;Cutting System&quot;}\">Syst\u00e8me de coupe<\/td>\n<td data-sheets-value=\"{&quot;1&quot;:2,&quot;2&quot;:&quot;Hydraulic Post Cut&quot;}\">Coupe poteau hydraulique<\/td>\n<td data-sheets-value=\"{&quot;1&quot;:2,&quot;2&quot;:&quot;* Hydraulic Servo Tracking Cutter (Optional)&quot;}\">* Dispositif de coupe \u00e0 suivi hydraulique (en option)<\/td>\n<\/tr>\n<tr>\n<td data-sheets-value=\"{&quot;1&quot;:2,&quot;2&quot;:&quot;Output Way&quot;}\">Voie de sortie<\/td>\n<td colspan=\"2\" rowspan=\"1\" data-sheets-value=\"{&quot;1&quot;:2,&quot;2&quot;:&quot;Roller Table&quot;}\">Table \u00e0 rouleaux<\/td>\n<\/tr>\n<tr>\n<td data-sheets-value=\"{&quot;1&quot;:2,&quot;2&quot;:&quot;Frequency Changer Brand&quot;}\">Marque de changeur de fr\u00e9quence<\/td>\n<td data-sheets-value=\"{&quot;1&quot;:2,&quot;2&quot;:&quot;Yaskawa&quot;}\">Yaskawa<\/td>\n<td data-sheets-value=\"{&quot;1&quot;:2,&quot;2&quot;:&quot;* Siemens (Optional)&quot;}\">*Siemens (facultatif)<\/td>\n<\/tr>\n<tr>\n<td data-sheets-value=\"{&quot;1&quot;:2,&quot;2&quot;:&quot;Power Supply&quot;}\">Source de courant<\/td>\n<td data-sheets-value=\"{&quot;1&quot;:2,&quot;2&quot;:&quot;380V 50Hz&quot;}\">380V 50Hz<\/td>\n<td data-sheets-value=\"{&quot;1&quot;:2,&quot;2&quot;:&quot;* Or According To Your Requirment&quot;}\">* Ou selon vos besoins<\/td>\n<\/tr>\n<tr>\n<td data-sheets-value=\"{&quot;1&quot;:2,&quot;2&quot;:&quot;Machine Color&quot;}\">Couleur de l&#039;appareil<\/td>\n<td data-sheets-value=\"{&quot;1&quot;:2,&quot;2&quot;:&quot;Industrial Blue&quot;}\">Bleu industriel<\/td>\n<td data-sheets-value=\"{&quot;1&quot;:2,&quot;2&quot;:&quot;* Or According To Your Requirment&quot;}\">* Ou selon vos besoins<\/td>\n<\/tr>\n<\/tbody>\n<\/table>\n<h3>Application<\/h3>\n<p><img loading=\"lazy\" decoding=\"async\" class=\"alignnone size-full wp-image-3373\" src=\"https:\/\/swforming.com\/wp-content\/uploads\/2023\/07\/20230703170456.png\" alt=\"\" width=\"750\" height=\"452\" title=\"\" srcset=\"https:\/\/swforming.com\/wp-content\/uploads\/2023\/07\/20230703170456.png 750w, https:\/\/swforming.com\/wp-content\/uploads\/2023\/07\/20230703170456-600x362.png 600w, https:\/\/swforming.com\/wp-content\/uploads\/2023\/07\/20230703170456-300x181.png 300w, https:\/\/swforming.com\/wp-content\/uploads\/2023\/07\/20230703170456-18x12.png 18w\" sizes=\"(max-width: 750px) 100vw, 750px\" \/><\/p>\n<\/div>","protected":false},"excerpt":{"rendered":"<p><span data-spm-anchor-id=\"a2700.details.0.i37.30694150AN8udt\">Une profileuse pour goutti\u00e8res est utilis\u00e9e pour produire des goutti\u00e8res, qui sont utilis\u00e9es dans le syst\u00e8me d'\u00e9vacuation des eaux de pluie. La machine est enti\u00e8rement automatis\u00e9e par un syst\u00e8me de contr\u00f4le PLC, avec l'avantage d'une utilisation facile et d'une efficacit\u00e9 rapide. Il s'agit d'un syst\u00e8me de chute d'eau en m\u00e9tal, qui est un foss\u00e9 de collecte sur le c\u00f4t\u00e9 de l'avant-toit. Les profileuses de goutti\u00e8res sont fix\u00e9es aux bords du toit et servent \u00e0 \u00e9vacuer l'eau vers le bas et \u00e0 l'\u00e9cart de la maison et de ses fondations. La plupart des goutti\u00e8res sont compos\u00e9es de sections de goutti\u00e8res, de sorties de goutti\u00e8res et de tuyaux de descente.<\/span><\/p>","protected":false},"featured_media":3360,"comment_status":"closed","ping_status":"closed","template":"","meta":{"_acf_changed":false},"product_brand":[],"product_cat":[45,82],"product_tag":[],"class_list":{"0":"post-3359","1":"product","2":"type-product","3":"status-publish","4":"has-post-thumbnail","6":"product_cat-metal-wall-roofing","7":"product_cat-gutter-roll-forming-machine","9":"first","10":"instock","11":"shipping-taxable","12":"product-type-simple"},"acf":[],"_links":{"self":[{"href":"https:\/\/swforming.com\/fr\/wp-json\/wp\/v2\/product\/3359","targetHints":{"allow":["GET"]}}],"collection":[{"href":"https:\/\/swforming.com\/fr\/wp-json\/wp\/v2\/product"}],"about":[{"href":"https:\/\/swforming.com\/fr\/wp-json\/wp\/v2\/types\/product"}],"replies":[{"embeddable":true,"href":"https:\/\/swforming.com\/fr\/wp-json\/wp\/v2\/comments?post=3359"}],"version-history":[{"count":2,"href":"https:\/\/swforming.com\/fr\/wp-json\/wp\/v2\/product\/3359\/revisions"}],"predecessor-version":[{"id":3741,"href":"https:\/\/swforming.com\/fr\/wp-json\/wp\/v2\/product\/3359\/revisions\/3741"}],"wp:featuredmedia":[{"embeddable":true,"href":"https:\/\/swforming.com\/fr\/wp-json\/wp\/v2\/media\/3360"}],"wp:attachment":[{"href":"https:\/\/swforming.com\/fr\/wp-json\/wp\/v2\/media?parent=3359"}],"wp:term":[{"taxonomy":"product_brand","embeddable":true,"href":"https:\/\/swforming.com\/fr\/wp-json\/wp\/v2\/product_brand?post=3359"},{"taxonomy":"product_cat","embeddable":true,"href":"https:\/\/swforming.com\/fr\/wp-json\/wp\/v2\/product_cat?post=3359"},{"taxonomy":"product_tag","embeddable":true,"href":"https:\/\/swforming.com\/fr\/wp-json\/wp\/v2\/product_tag?post=3359"}],"curies":[{"name":"wp","href":"https:\/\/api.w.org\/{rel}","templated":true}]}}