{"id":3318,"date":"2023-06-27T08:54:40","date_gmt":"2023-06-27T08:54:40","guid":{"rendered":"https:\/\/swforming.com\/?post_type=product&#038;p=3318"},"modified":"2023-08-02T02:41:56","modified_gmt":"2023-08-02T02:41:56","slug":"ridge-cap-roll-forming-machine-3","status":"publish","type":"product","link":"https:\/\/swforming.com\/fr\/product\/ridge-cap-roll-forming-machine-3\/","title":{"rendered":"Ridge Cap Roll formant la machine"},"content":{"rendered":"<p><img fetchpriority=\"high\" decoding=\"async\" class=\"alignnone wp-image-3325 size-full\" src=\"https:\/\/swforming.com\/wp-content\/uploads\/2023\/06\/Haa9f6f3df5634b21b213a9322681a89e9.jpg\" alt=\"Ridge Cap Roll formant la machine\" width=\"750\" height=\"1034\" title=\"\" srcset=\"https:\/\/swforming.com\/wp-content\/uploads\/2023\/06\/Haa9f6f3df5634b21b213a9322681a89e9.jpg 750w, https:\/\/swforming.com\/wp-content\/uploads\/2023\/06\/Haa9f6f3df5634b21b213a9322681a89e9-600x827.jpg 600w, https:\/\/swforming.com\/wp-content\/uploads\/2023\/06\/Haa9f6f3df5634b21b213a9322681a89e9-218x300.jpg 218w, https:\/\/swforming.com\/wp-content\/uploads\/2023\/06\/Haa9f6f3df5634b21b213a9322681a89e9-743x1024.jpg 743w, https:\/\/swforming.com\/wp-content\/uploads\/2023\/06\/Haa9f6f3df5634b21b213a9322681a89e9-9x12.jpg 9w\" sizes=\"(max-width: 750px) 100vw, 750px\" \/><\/p>\n<p>La profileuse pour fa\u00eeti\u00e8res est principalement utilis\u00e9e pour produire des fa\u00eeti\u00e8res qui fonctionnent toujours avec des panneaux de tuiles. Normalement, l'\u00e9paisseur du panneau est de 0,3-0,8 mm avec de l'acier galvanis\u00e9 normal ou des bobines color\u00e9es.<\/p>\n<p>La profileuse pour syst\u00e8mes de toiture offre une large gamme de profils de t\u00f4le. Elle comprend des panneaux trap\u00e9zo\u00efdaux, des panneaux ondul\u00e9s, des tuiles, des tuiles verniss\u00e9es, des tabliers m\u00e9talliques, des panneaux muraux, des joints debout, des trav\u00e9es en K et des fa\u00eeti\u00e8res. Ses produits sont largement utilis\u00e9s dans les syst\u00e8mes de toiture et de mur dans la construction d'ateliers et de logements.<\/p>\n<p>Dans les industries de la construction, nous sommes en mesure de fabriquer davantage de machines, telles que des profileuses pour canaux principaux, des profileuses pour pannes, des profileuses pour cloisons s\u00e8ches, des profileuses pour montants, des profileuses pour rails, des profileuses pour chapeaux, des profileuses pour clips, des profileuses pour tabliers m\u00e9talliques (tabliers de sol), des profileuses pour panneaux de toiture\/mur, des profileuses pour tuiles, des profileuses pour plaques ondul\u00e9es, des profileuses pour fa\u00eeti\u00e8res, des profileuses pour descentes pluviales, etc.<\/p>\n<p>Nous r\u00e9alisons diff\u00e9rentes solutions en fonction du dessin, de la tol\u00e9rance et du budget des clients, offrant un service professionnel personnalis\u00e9, adaptable \u00e0 toutes vos exigences. Quelle que soit la ligne que vous choisissez, la qualit\u00e9 de SUNWAY Machinery vous assurera d&#039;obtenir des profil\u00e9s parfaitement fonctionnels.<\/p>\n<h3>Dessins de profil<\/h3>\n<p><img decoding=\"async\" class=\"alignnone size-full wp-image-3326\" src=\"https:\/\/swforming.com\/wp-content\/uploads\/2023\/06\/20230627164555.png\" alt=\"\" width=\"750\" height=\"181\" title=\"\" srcset=\"https:\/\/swforming.com\/wp-content\/uploads\/2023\/06\/20230627164555.png 750w, https:\/\/swforming.com\/wp-content\/uploads\/2023\/06\/20230627164555-600x145.png 600w, https:\/\/swforming.com\/wp-content\/uploads\/2023\/06\/20230627164555-300x72.png 300w, https:\/\/swforming.com\/wp-content\/uploads\/2023\/06\/20230627164555-18x4.png 18w\" sizes=\"(max-width: 750px) 100vw, 750px\" \/> <img decoding=\"async\" class=\"alignnone size-full wp-image-3327\" src=\"https:\/\/swforming.com\/wp-content\/uploads\/2023\/06\/Hae41a034d22f48b493a34faa5ec37006Y.jpg\" alt=\"\" width=\"1748\" height=\"1660\" title=\"\" srcset=\"https:\/\/swforming.com\/wp-content\/uploads\/2023\/06\/Hae41a034d22f48b493a34faa5ec37006Y.jpg 1748w, https:\/\/swforming.com\/wp-content\/uploads\/2023\/06\/Hae41a034d22f48b493a34faa5ec37006Y-600x570.jpg 600w, https:\/\/swforming.com\/wp-content\/uploads\/2023\/06\/Hae41a034d22f48b493a34faa5ec37006Y-300x285.jpg 300w, https:\/\/swforming.com\/wp-content\/uploads\/2023\/06\/Hae41a034d22f48b493a34faa5ec37006Y-1024x972.jpg 1024w, https:\/\/swforming.com\/wp-content\/uploads\/2023\/06\/Hae41a034d22f48b493a34faa5ec37006Y-768x729.jpg 768w, https:\/\/swforming.com\/wp-content\/uploads\/2023\/06\/Hae41a034d22f48b493a34faa5ec37006Y-1536x1459.jpg 1536w, https:\/\/swforming.com\/wp-content\/uploads\/2023\/06\/Hae41a034d22f48b493a34faa5ec37006Y-13x12.jpg 13w\" sizes=\"(max-width: 1748px) 100vw, 1748px\" \/><\/p>\n<h3>Ligne de production<\/h3>\n<p><img loading=\"lazy\" decoding=\"async\" class=\"alignnone size-full wp-image-3328\" src=\"https:\/\/swforming.com\/wp-content\/uploads\/2023\/06\/H232bb075ce8d467c8d30ccaa893b1e6cr.jpg\" alt=\"\" width=\"1748\" height=\"1005\" title=\"\" srcset=\"https:\/\/swforming.com\/wp-content\/uploads\/2023\/06\/H232bb075ce8d467c8d30ccaa893b1e6cr.jpg 1748w, https:\/\/swforming.com\/wp-content\/uploads\/2023\/06\/H232bb075ce8d467c8d30ccaa893b1e6cr-600x345.jpg 600w, https:\/\/swforming.com\/wp-content\/uploads\/2023\/06\/H232bb075ce8d467c8d30ccaa893b1e6cr-300x172.jpg 300w, https:\/\/swforming.com\/wp-content\/uploads\/2023\/06\/H232bb075ce8d467c8d30ccaa893b1e6cr-1024x589.jpg 1024w, https:\/\/swforming.com\/wp-content\/uploads\/2023\/06\/H232bb075ce8d467c8d30ccaa893b1e6cr-768x442.jpg 768w, https:\/\/swforming.com\/wp-content\/uploads\/2023\/06\/H232bb075ce8d467c8d30ccaa893b1e6cr-1536x883.jpg 1536w, https:\/\/swforming.com\/wp-content\/uploads\/2023\/06\/H232bb075ce8d467c8d30ccaa893b1e6cr-18x10.jpg 18w\" sizes=\"(max-width: 1748px) 100vw, 1748px\" \/><\/p>\n<h3>d\u00e9tails du produit<\/h3>\n<p><img loading=\"lazy\" decoding=\"async\" class=\"alignnone size-full wp-image-3329\" src=\"https:\/\/swforming.com\/wp-content\/uploads\/2023\/06\/20230627164749.png\" alt=\"\" width=\"750\" height=\"946\" title=\"\" srcset=\"https:\/\/swforming.com\/wp-content\/uploads\/2023\/06\/20230627164749.png 750w, https:\/\/swforming.com\/wp-content\/uploads\/2023\/06\/20230627164749-600x757.png 600w, https:\/\/swforming.com\/wp-content\/uploads\/2023\/06\/20230627164749-238x300.png 238w, https:\/\/swforming.com\/wp-content\/uploads\/2023\/06\/20230627164749-10x12.png 10w\" sizes=\"(max-width: 750px) 100vw, 750px\" \/><\/p>\n<h3>Param\u00e8tres du produit<\/h3>\n<div style=\"overflow-x: auto;\">\n<table>\n<tbody>\n<tr>\n<td style=\"text-align: center;\" colspan=\"3\" rowspan=\"1\" data-sheets-value=\"{&quot;1&quot;:2,&quot;2&quot;:&quot;Ridge Cap Roll Forming Machine&quot;}\">Ridge Cap Roll formant la machine<\/td>\n<\/tr>\n<tr>\n<td colspan=\"1\" rowspan=\"2\" data-sheets-value=\"{&quot;1&quot;:2,&quot;2&quot;:&quot;Machinable Material&quot;}\">\n<div>Mat\u00e9riau usinable<\/div>\n<\/td>\n<td data-sheets-value=\"{&quot;1&quot;:2,&quot;2&quot;:&quot;A) Galvanized Coil&quot;}\">A) Bobine galvanis\u00e9e<\/td>\n<td colspan=\"1\" rowspan=\"2\" data-sheets-value=\"{&quot;1&quot;:2,&quot;2&quot;:&quot;Thickness(MM): 0.3-0.8 According To Your Requirment&quot;}\">\n<div>\u00c9paisseur (MM) : 0,3-0,8 selon votre demande<\/div>\n<\/td>\n<\/tr>\n<tr>\n<td data-sheets-value=\"{&quot;1&quot;:2,&quot;2&quot;:&quot;B) PPGI, PPGL&quot;}\">B) PPGI, PPGL<\/td>\n<\/tr>\n<tr>\n<td data-sheets-value=\"{&quot;1&quot;:2,&quot;2&quot;:&quot;Yield Strength&quot;}\">Limite d&#039;\u00e9lasticit\u00e9<\/td>\n<td colspan=\"2\" rowspan=\"1\" data-sheets-value=\"{&quot;1&quot;:2,&quot;2&quot;:&quot;250 - 350 Mpa \/ 350-550Mpa&quot;}\">250 - 350 Mpa \/ 350-550Mpa<\/td>\n<\/tr>\n<tr>\n<td data-sheets-value=\"{&quot;1&quot;:2,&quot;2&quot;:&quot;Tensil Stress&quot;}\">Contrainte de traction<\/td>\n<td colspan=\"2\" rowspan=\"1\" data-sheets-value=\"{&quot;1&quot;:2,&quot;2&quot;:&quot;350 Mpa-550 Mpa&quot;}\">350 Mpa-550 Mpa<\/td>\n<\/tr>\n<tr>\n<td data-sheets-value=\"{&quot;1&quot;:2,&quot;2&quot;:&quot;Coil Width&quot;}\">Largeur de la bobine<\/td>\n<td colspan=\"2\" rowspan=\"1\" data-sheets-value=\"{&quot;1&quot;:2,&quot;2&quot;:&quot;As Per The Detailed Profile&quot;}\">Selon le profil d\u00e9taill\u00e9<\/td>\n<\/tr>\n<tr>\n<td data-sheets-value=\"{&quot;1&quot;:2,&quot;2&quot;:&quot;Forming Speed&quot;}\">Vitesse de formage<\/td>\n<td data-sheets-value=\"{&quot;1&quot;:2,&quot;2&quot;:&quot;6-10 (m\/min)&quot;}\">6-10 (m\/min)<\/td>\n<td data-sheets-value=\"{&quot;1&quot;:2,&quot;2&quot;:&quot;* Or According To Your Requirment&quot;}\">* Ou selon vos besoins<\/td>\n<\/tr>\n<tr>\n<td data-sheets-value=\"{&quot;1&quot;:2,&quot;2&quot;:&quot;Forming Station&quot;}\">Station de formage<\/td>\n<td data-sheets-value=\"{&quot;1&quot;:2,&quot;2&quot;:&quot;10-18 Stations&quot;}\">10-18 Stations<\/td>\n<td data-sheets-value=\"{&quot;1&quot;:2,&quot;2&quot;:&quot;* According To Your Profile Drawings&quot;}\">* Selon vos dessins de profil<\/td>\n<\/tr>\n<tr>\n<td data-sheets-value=\"{&quot;1&quot;:2,&quot;2&quot;:&quot;Decoiler&quot;}\">D\u00e9rouleur<\/td>\n<td data-sheets-value=\"{&quot;1&quot;:2,&quot;2&quot;:&quot;Manual Decoiler&quot;}\">D\u00e9rouleur manuel<\/td>\n<td data-sheets-value=\"{&quot;1&quot;:2,&quot;2&quot;:&quot;* Hydraulic Decoiler (Optional)&quot;}\">* D\u00e9rouleur hydraulique (facultatif)<\/td>\n<\/tr>\n<tr>\n<td data-sheets-value=\"{&quot;1&quot;:2,&quot;2&quot;:&quot;Driving System&quot;}\">Syst\u00e8me de conduite<\/td>\n<td data-sheets-value=\"{&quot;1&quot;:2,&quot;2&quot;:&quot;Chain Drive&quot;}\">Entrainement par CHAINE<\/td>\n<td data-sheets-value=\"{&quot;1&quot;:2,&quot;2&quot;:&quot;* Gearbox Drive (Optional)&quot;}\">* Entra\u00eenement de bo\u00eete de vitesses (facultatif)<\/td>\n<\/tr>\n<tr>\n<td data-sheets-value=\"{&quot;1&quot;:2,&quot;2&quot;:&quot;Machine Structure&quot;}\">Structure de la machine<\/td>\n<td data-sheets-value=\"{&quot;1&quot;:2,&quot;2&quot;:&quot;Steel Plates Welded&quot;}\">Plaques d'acier soud\u00e9es<\/td>\n<td data-sheets-value=\"{&quot;1&quot;:2,&quot;2&quot;:&quot;* Individual Station (Optional)&quot;}\">* Station individuelle (en option)<\/td>\n<\/tr>\n<tr>\n<td data-sheets-value=\"{&quot;1&quot;:2,&quot;2&quot;:&quot;Rollers\u2019 Material&quot;}\">Mat\u00e9riau des rouleaux<\/td>\n<td colspan=\"2\" rowspan=\"1\" data-sheets-value=\"{&quot;1&quot;:2,&quot;2&quot;:&quot;45#&quot;}\">45#<\/td>\n<\/tr>\n<tr>\n<td data-sheets-value=\"{&quot;1&quot;:2,&quot;2&quot;:&quot;Cutting System&quot;}\">Syst\u00e8me de coupe<\/td>\n<td data-sheets-value=\"{&quot;1&quot;:2,&quot;2&quot;:&quot;Hydraulic Post Cut&quot;}\">Coupe poteau hydraulique<\/td>\n<td data-sheets-value=\"{&quot;1&quot;:2,&quot;2&quot;:&quot;* Hydraulic Servo Tracking Cutter (Optional)&quot;}\">* Dispositif de coupe \u00e0 suivi hydraulique (en option)<\/td>\n<\/tr>\n<tr>\n<td data-sheets-value=\"{&quot;1&quot;:2,&quot;2&quot;:&quot;Output Way&quot;}\">Voie de sortie<\/td>\n<td data-sheets-value=\"{&quot;1&quot;:2,&quot;2&quot;:&quot;Roller Table&quot;}\">Table \u00e0 rouleaux<\/td>\n<td data-sheets-value=\"{&quot;1&quot;:2,&quot;2&quot;:&quot;* Auto Stacker (Optional)&quot;}\">* Empileur automatique (en option)<\/td>\n<\/tr>\n<tr>\n<td data-sheets-value=\"{&quot;1&quot;:2,&quot;2&quot;:&quot;Frequency Changer Brand&quot;}\">Marque de changeur de fr\u00e9quence<\/td>\n<td data-sheets-value=\"{&quot;1&quot;:2,&quot;2&quot;:&quot;Yaskawa&quot;}\">Yaskawa<\/td>\n<td data-sheets-value=\"{&quot;1&quot;:2,&quot;2&quot;:&quot;* Siemens (Optional)&quot;}\">*Siemens (facultatif)<\/td>\n<\/tr>\n<tr>\n<td data-sheets-value=\"{&quot;1&quot;:2,&quot;2&quot;:&quot;Power Supply&quot;}\">Source de courant<\/td>\n<td data-sheets-value=\"{&quot;1&quot;:2,&quot;2&quot;:&quot;380V 50Hz 3ph&quot;}\">380V 50Hz 3ph<\/td>\n<td data-sheets-value=\"{&quot;1&quot;:2,&quot;2&quot;:&quot;* Or According To Your Requirment&quot;}\">* Ou selon vos besoins<\/td>\n<\/tr>\n<tr>\n<td data-sheets-value=\"{&quot;1&quot;:2,&quot;2&quot;:&quot;Machine Color&quot;}\">Couleur de l&#039;appareil<\/td>\n<td data-sheets-value=\"{&quot;1&quot;:2,&quot;2&quot;:&quot;Industrial Blue&quot;}\">Bleu industriel<\/td>\n<td data-sheets-value=\"{&quot;1&quot;:2,&quot;2&quot;:&quot;* Or According To Your Requirment&quot;}\">* Ou selon vos besoins<\/td>\n<\/tr>\n<\/tbody>\n<\/table>\n<\/div>\n<h3>Application<\/h3>\n<p><img loading=\"lazy\" decoding=\"async\" class=\"alignnone size-full wp-image-3330\" src=\"https:\/\/swforming.com\/wp-content\/uploads\/2023\/06\/20230627165326.png\" alt=\"\" width=\"750\" height=\"453\" title=\"\" srcset=\"https:\/\/swforming.com\/wp-content\/uploads\/2023\/06\/20230627165326.png 750w, https:\/\/swforming.com\/wp-content\/uploads\/2023\/06\/20230627165326-600x362.png 600w, https:\/\/swforming.com\/wp-content\/uploads\/2023\/06\/20230627165326-300x181.png 300w, https:\/\/swforming.com\/wp-content\/uploads\/2023\/06\/20230627165326-18x12.png 18w\" sizes=\"(max-width: 750px) 100vw, 750px\" \/><\/p>","protected":false},"excerpt":{"rendered":"<p>La profileuse pour fa\u00eeti\u00e8res est principalement utilis\u00e9e pour produire des fa\u00eeti\u00e8res qui fonctionnent toujours avec des panneaux de tuiles. Normalement, l'\u00e9paisseur du panneau est de 0,3-0,8 mm avec de l'acier galvanis\u00e9 normal ou des bobines color\u00e9es.<\/p>\n<p>La profileuse pour syst\u00e8mes de toiture offre une large gamme de profils de t\u00f4le. Elle comprend des panneaux trap\u00e9zo\u00efdaux, des panneaux ondul\u00e9s, des tuiles, des tuiles verniss\u00e9es, des tabliers m\u00e9talliques, des panneaux muraux, des joints debout, des trav\u00e9es en K et des fa\u00eeti\u00e8res. Ses produits sont largement utilis\u00e9s dans les syst\u00e8mes de toiture et de mur dans la construction d'ateliers et de logements.<\/p>","protected":false},"featured_media":3324,"comment_status":"closed","ping_status":"closed","template":"","meta":{"_acf_changed":false},"product_brand":[],"product_cat":[45,83],"product_tag":[],"class_list":{"0":"post-3318","1":"product","2":"type-product","3":"status-publish","4":"has-post-thumbnail","6":"product_cat-metal-wall-roofing","7":"product_cat-ridge-cap-roll-forming-machine","9":"first","10":"instock","11":"shipping-taxable","12":"product-type-simple"},"acf":[],"_links":{"self":[{"href":"https:\/\/swforming.com\/fr\/wp-json\/wp\/v2\/product\/3318","targetHints":{"allow":["GET"]}}],"collection":[{"href":"https:\/\/swforming.com\/fr\/wp-json\/wp\/v2\/product"}],"about":[{"href":"https:\/\/swforming.com\/fr\/wp-json\/wp\/v2\/types\/product"}],"replies":[{"embeddable":true,"href":"https:\/\/swforming.com\/fr\/wp-json\/wp\/v2\/comments?post=3318"}],"version-history":[{"count":3,"href":"https:\/\/swforming.com\/fr\/wp-json\/wp\/v2\/product\/3318\/revisions"}],"predecessor-version":[{"id":3744,"href":"https:\/\/swforming.com\/fr\/wp-json\/wp\/v2\/product\/3318\/revisions\/3744"}],"wp:featuredmedia":[{"embeddable":true,"href":"https:\/\/swforming.com\/fr\/wp-json\/wp\/v2\/media\/3324"}],"wp:attachment":[{"href":"https:\/\/swforming.com\/fr\/wp-json\/wp\/v2\/media?parent=3318"}],"wp:term":[{"taxonomy":"product_brand","embeddable":true,"href":"https:\/\/swforming.com\/fr\/wp-json\/wp\/v2\/product_brand?post=3318"},{"taxonomy":"product_cat","embeddable":true,"href":"https:\/\/swforming.com\/fr\/wp-json\/wp\/v2\/product_cat?post=3318"},{"taxonomy":"product_tag","embeddable":true,"href":"https:\/\/swforming.com\/fr\/wp-json\/wp\/v2\/product_tag?post=3318"}],"curies":[{"name":"wp","href":"https:\/\/api.w.org\/{rel}","templated":true}]}}