{"id":3279,"date":"2023-06-20T10:10:32","date_gmt":"2023-06-20T10:10:32","guid":{"rendered":"https:\/\/swforming.com\/?post_type=product&#038;p=3279"},"modified":"2023-08-02T02:43:16","modified_gmt":"2023-08-02T02:43:16","slug":"double-layer-panel-roll-forming-machine","status":"publish","type":"product","link":"https:\/\/swforming.com\/fr\/product\/double-layer-panel-roll-forming-machine\/","title":{"rendered":"Machine de formage de rouleaux de panneaux \u00e0 double couche"},"content":{"rendered":"<p><img fetchpriority=\"high\" decoding=\"async\" class=\"alignnone wp-image-3286 size-full\" src=\"https:\/\/swforming.com\/wp-content\/uploads\/2023\/06\/Hc5801928dd204f6686688cb351d60656n.jpg\" alt=\"Machine de formage de rouleaux de panneaux \u00e0 double couche\" width=\"750\" height=\"1034\" title=\"\" srcset=\"https:\/\/swforming.com\/wp-content\/uploads\/2023\/06\/Hc5801928dd204f6686688cb351d60656n.jpg 750w, https:\/\/swforming.com\/wp-content\/uploads\/2023\/06\/Hc5801928dd204f6686688cb351d60656n-600x827.jpg 600w, https:\/\/swforming.com\/wp-content\/uploads\/2023\/06\/Hc5801928dd204f6686688cb351d60656n-218x300.jpg 218w, https:\/\/swforming.com\/wp-content\/uploads\/2023\/06\/Hc5801928dd204f6686688cb351d60656n-743x1024.jpg 743w, https:\/\/swforming.com\/wp-content\/uploads\/2023\/06\/Hc5801928dd204f6686688cb351d60656n-9x12.jpg 9w\" sizes=\"(max-width: 750px) 100vw, 750px\" \/><\/p>\n<p><span data-spm-anchor-id=\"a2700.details.0.i43.60063aa4vfTGZO\"> La profileuse \u00e0 double couche est principalement utilis\u00e9e pour produire des panneaux de toit, qui ont deux couches et produisent deux profils de toit\/mur diff\u00e9rents. Normalement, l'\u00e9paisseur du panneau est de 0,3-0,8 mm avec de l'acier galvanis\u00e9 normal ou des bobines color\u00e9es.<\/span><\/p>\n<p>La profileuse pour syst\u00e8mes de toiture offre une large gamme de profils de t\u00f4le. Elle comprend des panneaux trap\u00e9zo\u00efdaux, des panneaux ondul\u00e9s, des tuiles, des tuiles verniss\u00e9es, des tabliers m\u00e9talliques, des panneaux muraux, des joints debout, des trav\u00e9es en K et des fa\u00eeti\u00e8res. Ses produits sont largement utilis\u00e9s dans les syst\u00e8mes de toiture et de mur dans la construction d'ateliers et de logements.<\/p>\n<div>Dans les industries de la construction, nous sommes en mesure de fabriquer davantage de machines, telles que des profileuses pour canaux principaux, des profileuses pour pannes, des profileuses pour cloisons s\u00e8ches, des profileuses pour montants, des profileuses pour rails, des profileuses pour chapeaux, des profileuses pour clips, des profileuses pour tabliers m\u00e9talliques (tabliers de sol), des profileuses pour panneaux de toiture\/mur, des profileuses pour tuiles, des profileuses pour plaques ondul\u00e9es, des profileuses pour fa\u00eeti\u00e8res, des profileuses pour descentes pluviales, etc.<\/div>\n<div>Nous r\u00e9alisons diff\u00e9rentes solutions en fonction du dessin, de la tol\u00e9rance et du budget des clients, offrant un service professionnel personnalis\u00e9, adaptable \u00e0 toutes vos exigences. Quelle que soit la ligne que vous choisissez, la qualit\u00e9 de SUNWAY Machinery vous assurera d&#039;obtenir des profil\u00e9s parfaitement fonctionnels.<\/div>\n<h3>Dessins de profil<\/h3>\n<p><img decoding=\"async\" class=\"alignnone size-full wp-image-3289\" src=\"https:\/\/swforming.com\/wp-content\/uploads\/2023\/06\/20230620180554.png\" alt=\"\" width=\"750\" height=\"183\" title=\"\" srcset=\"https:\/\/swforming.com\/wp-content\/uploads\/2023\/06\/20230620180554.png 750w, https:\/\/swforming.com\/wp-content\/uploads\/2023\/06\/20230620180554-600x146.png 600w, https:\/\/swforming.com\/wp-content\/uploads\/2023\/06\/20230620180554-300x73.png 300w, https:\/\/swforming.com\/wp-content\/uploads\/2023\/06\/20230620180554-18x4.png 18w\" sizes=\"(max-width: 750px) 100vw, 750px\" \/><\/p>\n<p><img decoding=\"async\" class=\"alignnone size-full wp-image-3287\" src=\"https:\/\/swforming.com\/wp-content\/uploads\/2023\/06\/H0876838e8e9941049b40d7095f908b665-scaled.jpg\" alt=\"\" width=\"1711\" height=\"2560\" title=\"\" srcset=\"https:\/\/swforming.com\/wp-content\/uploads\/2023\/06\/H0876838e8e9941049b40d7095f908b665-scaled.jpg 1711w, https:\/\/swforming.com\/wp-content\/uploads\/2023\/06\/H0876838e8e9941049b40d7095f908b665-scaled-600x898.jpg 600w, https:\/\/swforming.com\/wp-content\/uploads\/2023\/06\/H0876838e8e9941049b40d7095f908b665-201x300.jpg 201w, https:\/\/swforming.com\/wp-content\/uploads\/2023\/06\/H0876838e8e9941049b40d7095f908b665-684x1024.jpg 684w, https:\/\/swforming.com\/wp-content\/uploads\/2023\/06\/H0876838e8e9941049b40d7095f908b665-768x1149.jpg 768w, https:\/\/swforming.com\/wp-content\/uploads\/2023\/06\/H0876838e8e9941049b40d7095f908b665-1027x1536.jpg 1027w, https:\/\/swforming.com\/wp-content\/uploads\/2023\/06\/H0876838e8e9941049b40d7095f908b665-1369x2048.jpg 1369w, https:\/\/swforming.com\/wp-content\/uploads\/2023\/06\/H0876838e8e9941049b40d7095f908b665-8x12.jpg 8w\" sizes=\"(max-width: 1711px) 100vw, 1711px\" \/><\/p>\n<h3>Ligne de production<\/h3>\n<p><img loading=\"lazy\" decoding=\"async\" class=\"alignnone size-full wp-image-3288\" src=\"https:\/\/swforming.com\/wp-content\/uploads\/2023\/06\/H5adf1e35c1a14b90af88784396ea095fb.jpg\" alt=\"\" width=\"1748\" height=\"588\" title=\"\" srcset=\"https:\/\/swforming.com\/wp-content\/uploads\/2023\/06\/H5adf1e35c1a14b90af88784396ea095fb.jpg 1748w, https:\/\/swforming.com\/wp-content\/uploads\/2023\/06\/H5adf1e35c1a14b90af88784396ea095fb-600x202.jpg 600w, https:\/\/swforming.com\/wp-content\/uploads\/2023\/06\/H5adf1e35c1a14b90af88784396ea095fb-300x101.jpg 300w, https:\/\/swforming.com\/wp-content\/uploads\/2023\/06\/H5adf1e35c1a14b90af88784396ea095fb-1024x344.jpg 1024w, https:\/\/swforming.com\/wp-content\/uploads\/2023\/06\/H5adf1e35c1a14b90af88784396ea095fb-768x258.jpg 768w, https:\/\/swforming.com\/wp-content\/uploads\/2023\/06\/H5adf1e35c1a14b90af88784396ea095fb-1536x517.jpg 1536w, https:\/\/swforming.com\/wp-content\/uploads\/2023\/06\/H5adf1e35c1a14b90af88784396ea095fb-18x6.jpg 18w\" sizes=\"(max-width: 1748px) 100vw, 1748px\" \/><\/p>\n<h3>d\u00e9tails du produit<\/h3>\n<div><img loading=\"lazy\" decoding=\"async\" class=\"alignnone size-full wp-image-3290\" src=\"https:\/\/swforming.com\/wp-content\/uploads\/2023\/06\/20230620180725.png\" alt=\"\" width=\"746\" height=\"954\" title=\"\" srcset=\"https:\/\/swforming.com\/wp-content\/uploads\/2023\/06\/20230620180725.png 746w, https:\/\/swforming.com\/wp-content\/uploads\/2023\/06\/20230620180725-600x767.png 600w, https:\/\/swforming.com\/wp-content\/uploads\/2023\/06\/20230620180725-235x300.png 235w, https:\/\/swforming.com\/wp-content\/uploads\/2023\/06\/20230620180725-9x12.png 9w\" sizes=\"(max-width: 746px) 100vw, 746px\" \/><\/div>\n<h3>Param\u00e8tres du produit<\/h3>\n<div class=\"J_module\">\n<div class=\"ife-detail-decorate-table\">\n<table class=\"all magic-23\">\n<tbody>\n<tr>\n<td colspan=\"3\" rowspan=\"1\">\n<div class=\"magic-24\">\n<div class=\"magic-19\" data-spm-anchor-id=\"a2700.custom-template.0.i23.43973333TZKcM3\"><span class=\"magic-20\"><b data-spm-anchor-id=\"a2700.custom-template.0.i11.33513333YQUFFP\">Machine de formage de rouleaux de panneaux \u00e0 double couche<\/b><\/span><\/div>\n<\/div>\n<\/td>\n<\/tr>\n<tr>\n<td colspan=\"1\" rowspan=\"2\">\n<div class=\"magic-28\">\n<div data-spm-anchor-id=\"a2700.custom-template.0.i53.43973333TZKcM3\"><span class=\"magic-29\">Mat\u00e9riau usinable<\/span><\/div>\n<\/div>\n<\/td>\n<td colspan=\"1\" rowspan=\"1\">\n<div class=\"magic-30\"><span class=\"magic-29\">A) Bobine galvanis\u00e9e<\/span><\/div>\n<\/td>\n<td class=\"magic-31\" colspan=\"1\" rowspan=\"2\">\n<div class=\"magic-32\">\n<div data-spm-anchor-id=\"a2700.custom-template.0.i19.24543333jNWSPT\">\u00c9paisseur (MM) : 0,3-0,8 selon votre demande<\/div>\n<\/div>\n<\/td>\n<\/tr>\n<tr>\n<td colspan=\"1\" rowspan=\"1\">\n<div class=\"magic-34\"><span class=\"magic-29\">B) PPGI, PPGL<\/span><\/div>\n<\/td>\n<\/tr>\n<tr>\n<td colspan=\"1\" rowspan=\"1\">\n<div class=\"magic-33\">Limite d&#039;\u00e9lasticit\u00e9<\/div>\n<\/td>\n<td colspan=\"2\" rowspan=\"1\">\n<div class=\"magic-35\">250 - 350 Mpa \/ 350-550Mpa<\/div>\n<\/td>\n<\/tr>\n<tr>\n<td colspan=\"1\" rowspan=\"1\">\n<div class=\"magic-36\">Contrainte de traction<\/div>\n<\/td>\n<td colspan=\"2\" rowspan=\"1\">\n<div class=\"magic-35\">\n<div class=\"magic-37\" data-spm-anchor-id=\"a2700.custom-template.0.i221.43973333TZKcM3\">350 Mpa-550 Mpa<\/div>\n<\/div>\n<\/td>\n<\/tr>\n<tr>\n<td colspan=\"1\" rowspan=\"1\">\n<div class=\"magic-36\">Largeur de la bobine<\/div>\n<\/td>\n<td colspan=\"2\" rowspan=\"1\">\n<div class=\"magic-39\">914 mm, 1000 mm, 1200 mm, 1220 mm, 1250 mm, etc.<\/div>\n<\/td>\n<\/tr>\n<tr>\n<td colspan=\"1\" rowspan=\"1\">\n<div class=\"magic-36\">Vitesse de formage<\/div>\n<\/td>\n<td colspan=\"1\" rowspan=\"1\">\n<div class=\"magic-40\">6-10 (m\/min)<\/div>\n<\/td>\n<td colspan=\"1\" rowspan=\"1\">\n<div class=\"magic-41\">* Ou selon vos besoins<\/div>\n<\/td>\n<\/tr>\n<tr>\n<td colspan=\"1\" rowspan=\"1\">\n<div class=\"magic-42\"><\/div>\n<\/td>\n<td colspan=\"1\" rowspan=\"1\">\n<div class=\"magic-43\"><\/div>\n<\/td>\n<td colspan=\"1\" rowspan=\"1\">\n<div class=\"magic-44\"><\/div>\n<\/td>\n<\/tr>\n<tr>\n<td colspan=\"1\" rowspan=\"1\">\n<div class=\"magic-45\">Station de formage<\/div>\n<\/td>\n<td colspan=\"1\" rowspan=\"1\">\n<div class=\"magic-40\">Deux couches<br \/>\n16-20 stations pour chaque couche<\/div>\n<\/td>\n<td colspan=\"1\" rowspan=\"1\">\n<div class=\"magic-41\">* Selon vos dessins de profil<\/div>\n<\/td>\n<\/tr>\n<tr>\n<td colspan=\"1\" rowspan=\"1\">\n<div class=\"magic-45\">D\u00e9rouleur<\/div>\n<\/td>\n<td colspan=\"1\" rowspan=\"1\">\n<div class=\"magic-46\">D\u00e9rouleur manuel<\/div>\n<\/td>\n<td colspan=\"1\" rowspan=\"1\">\n<div class=\"magic-41\">\u00a0* D\u00e9rouleur hydraulique (facultatif)<\/div>\n<\/td>\n<\/tr>\n<tr>\n<td colspan=\"1\" rowspan=\"1\">\n<div class=\"magic-36\">Syst\u00e8me de conduite<\/div>\n<\/td>\n<td colspan=\"1\" rowspan=\"1\">\n<div class=\"magic-46\">Entrainement par CHAINE<\/div>\n<\/td>\n<td colspan=\"1\" rowspan=\"1\">\n<div class=\"magic-41\">* Entra\u00eenement de bo\u00eete de vitesses (facultatif)<\/div>\n<\/td>\n<\/tr>\n<tr>\n<td colspan=\"1\" rowspan=\"1\">\n<div class=\"magic-45\">Structure de la machine<\/div>\n<\/td>\n<td colspan=\"1\" rowspan=\"1\">\n<div class=\"magic-47\">Plaques d'acier soud\u00e9es<\/div>\n<\/td>\n<td colspan=\"1\" rowspan=\"1\">\n<div class=\"magic-41\">* Station individuelle (en option)<\/div>\n<\/td>\n<\/tr>\n<tr>\n<td colspan=\"1\" rowspan=\"1\">\n<div class=\"magic-45\">Mat\u00e9riau des rouleaux<\/div>\n<\/td>\n<td colspan=\"2\" rowspan=\"1\">\n<div class=\"magic-39\">45#<\/div>\n<\/td>\n<\/tr>\n<tr>\n<td colspan=\"1\" rowspan=\"1\">\n<div class=\"magic-45\">Syst\u00e8me de coupe<\/div>\n<\/td>\n<td colspan=\"1\" rowspan=\"1\">\n<div class=\"magic-47\">Coupe poteau hydraulique<\/div>\n<\/td>\n<td colspan=\"1\" rowspan=\"1\">\n<div class=\"magic-41\">* Dispositif de coupe \u00e0 suivi hydraulique (en option)<\/div>\n<\/td>\n<\/tr>\n<tr>\n<td colspan=\"1\" rowspan=\"1\">\n<div class=\"magic-33\">Voie de sortie<\/div>\n<\/td>\n<td colspan=\"1\" rowspan=\"1\">\n<div class=\"magic-48\">Table \u00e0 rouleaux<\/div>\n<\/td>\n<td colspan=\"1\" rowspan=\"1\">\n<div class=\"magic-41\">* Empileur automatique (en option)<\/div>\n<\/td>\n<\/tr>\n<tr>\n<td colspan=\"1\" rowspan=\"1\">\n<div class=\"magic-45\">Marque de changeur de fr\u00e9quence<\/div>\n<\/td>\n<td colspan=\"1\" rowspan=\"1\">\n<div class=\"magic-49\">Yaskawa<\/div>\n<\/td>\n<td colspan=\"1\" rowspan=\"1\">\n<div class=\"magic-41\">*Siemens (facultatif)<\/div>\n<\/td>\n<\/tr>\n<tr>\n<td colspan=\"1\" rowspan=\"1\">\n<div class=\"magic-45\">Source de courant<\/div>\n<\/td>\n<td colspan=\"1\" rowspan=\"1\">\n<div class=\"magic-47\">380V 50Hz 3ph<\/div>\n<\/td>\n<td colspan=\"1\" rowspan=\"1\">\n<div class=\"magic-41\">* Ou selon vos besoins<\/div>\n<\/td>\n<\/tr>\n<tr>\n<td colspan=\"1\" rowspan=\"1\">\n<div class=\"magic-45\">Couleur de l&#039;appareil<\/div>\n<\/td>\n<td colspan=\"1\" rowspan=\"1\">\n<div class=\"magic-47\">Bleu industriel<\/div>\n<\/td>\n<td colspan=\"1\" rowspan=\"1\">\n<div class=\"magic-41\">* Ou selon vos besoins<\/div>\n<\/td>\n<\/tr>\n<\/tbody>\n<\/table>\n<\/div>\n<\/div>\n<div class=\"J_module\">\n<h3 id=\"ali-anchor-AliMagic-13nd4l\" class=\"magic-0\" data-section=\"AliMagic-13nd4l\" data-section-title=\"Application\">Application<\/h3>\n<p><img loading=\"lazy\" decoding=\"async\" class=\"alignnone size-full wp-image-3291\" src=\"https:\/\/swforming.com\/wp-content\/uploads\/2023\/06\/20230620180900.png\" alt=\"\" width=\"751\" height=\"456\" title=\"\" srcset=\"https:\/\/swforming.com\/wp-content\/uploads\/2023\/06\/20230620180900.png 751w, https:\/\/swforming.com\/wp-content\/uploads\/2023\/06\/20230620180900-600x364.png 600w, https:\/\/swforming.com\/wp-content\/uploads\/2023\/06\/20230620180900-300x182.png 300w, https:\/\/swforming.com\/wp-content\/uploads\/2023\/06\/20230620180900-18x12.png 18w\" sizes=\"(max-width: 751px) 100vw, 751px\" \/><\/p>\n<p>&nbsp;<\/p>\n<\/div>","protected":false},"excerpt":{"rendered":"<p><span data-spm-anchor-id=\"a2700.details.0.i43.60063aa4vfTGZO\">La profileuse \u00e0 double couche est principalement utilis\u00e9e pour produire des panneaux de toit, qui ont deux couches et produisent deux profils de toit\/mur diff\u00e9rents. Normalement, l'\u00e9paisseur du panneau est de 0,3-0,8 mm avec de l'acier galvanis\u00e9 normal ou des bobines color\u00e9es.<\/span><\/p>","protected":false},"featured_media":3280,"comment_status":"closed","ping_status":"closed","template":"","meta":{"_acf_changed":false},"product_brand":[],"product_cat":[45,84],"product_tag":[],"class_list":{"0":"post-3279","1":"product","2":"type-product","3":"status-publish","4":"has-post-thumbnail","6":"product_cat-metal-wall-roofing","7":"product_cat-double-layer-panel-roll-forming-machine","9":"first","10":"instock","11":"shipping-taxable","12":"product-type-simple"},"acf":[],"_links":{"self":[{"href":"https:\/\/swforming.com\/fr\/wp-json\/wp\/v2\/product\/3279","targetHints":{"allow":["GET"]}}],"collection":[{"href":"https:\/\/swforming.com\/fr\/wp-json\/wp\/v2\/product"}],"about":[{"href":"https:\/\/swforming.com\/fr\/wp-json\/wp\/v2\/types\/product"}],"replies":[{"embeddable":true,"href":"https:\/\/swforming.com\/fr\/wp-json\/wp\/v2\/comments?post=3279"}],"version-history":[{"count":2,"href":"https:\/\/swforming.com\/fr\/wp-json\/wp\/v2\/product\/3279\/revisions"}],"predecessor-version":[{"id":3745,"href":"https:\/\/swforming.com\/fr\/wp-json\/wp\/v2\/product\/3279\/revisions\/3745"}],"wp:featuredmedia":[{"embeddable":true,"href":"https:\/\/swforming.com\/fr\/wp-json\/wp\/v2\/media\/3280"}],"wp:attachment":[{"href":"https:\/\/swforming.com\/fr\/wp-json\/wp\/v2\/media?parent=3279"}],"wp:term":[{"taxonomy":"product_brand","embeddable":true,"href":"https:\/\/swforming.com\/fr\/wp-json\/wp\/v2\/product_brand?post=3279"},{"taxonomy":"product_cat","embeddable":true,"href":"https:\/\/swforming.com\/fr\/wp-json\/wp\/v2\/product_cat?post=3279"},{"taxonomy":"product_tag","embeddable":true,"href":"https:\/\/swforming.com\/fr\/wp-json\/wp\/v2\/product_tag?post=3279"}],"curies":[{"name":"wp","href":"https:\/\/api.w.org\/{rel}","templated":true}]}}