{"id":3148,"date":"2023-04-17T07:59:48","date_gmt":"2023-04-17T07:59:48","guid":{"rendered":"https:\/\/swforming.com\/?post_type=product&#038;p=3148"},"modified":"2023-08-02T02:44:44","modified_gmt":"2023-08-02T02:44:44","slug":"roof-tile-panel-roll-forming-machine","status":"publish","type":"product","link":"https:\/\/swforming.com\/fr\/product\/roof-tile-panel-roll-forming-machine\/","title":{"rendered":"Petit pain de panneau de tuile de toit formant la machine"},"content":{"rendered":"<p><img fetchpriority=\"high\" decoding=\"async\" class=\"alignnone wp-image-3155 size-full\" src=\"https:\/\/swforming.com\/wp-content\/uploads\/2023\/04\/H191556a8fe9f431ea06abb04b43d9f25G.webp\" alt=\"Petit pain de panneau de tuile de toit formant la machine\" width=\"750\" height=\"925\" title=\"\" srcset=\"https:\/\/swforming.com\/wp-content\/uploads\/2023\/04\/H191556a8fe9f431ea06abb04b43d9f25G.webp 750w, https:\/\/swforming.com\/wp-content\/uploads\/2023\/04\/H191556a8fe9f431ea06abb04b43d9f25G-600x740.webp 600w, https:\/\/swforming.com\/wp-content\/uploads\/2023\/04\/H191556a8fe9f431ea06abb04b43d9f25G-243x300.webp 243w, https:\/\/swforming.com\/wp-content\/uploads\/2023\/04\/H191556a8fe9f431ea06abb04b43d9f25G-10x12.webp 10w\" sizes=\"(max-width: 750px) 100vw, 750px\" \/><\/p>\n<p>La profileuse pour panneaux de tuiles est principalement utilis\u00e9e pour produire des panneaux de tuiles. Normalement, l'\u00e9paisseur du panneau est de 0,3-0,8 mm avec de l'acier galvanis\u00e9 normal ou des bobines color\u00e9es.<\/p>\n<p>La profileuse pour syst\u00e8mes de toiture offre une large gamme de profils de t\u00f4le. Elle comprend des panneaux trap\u00e9zo\u00efdaux, des panneaux ondul\u00e9s, des tuiles, des tuiles verniss\u00e9es, des tabliers m\u00e9talliques, des panneaux muraux, des joints debout, des trav\u00e9es en K et des fa\u00eeti\u00e8res. Ses produits sont largement utilis\u00e9s dans les syst\u00e8mes de toiture et de mur dans la construction d'ateliers et de logements.<\/p>\n<p>Dans les industries de la construction, nous sommes en mesure de fabriquer davantage de machines, telles que des profileuses pour canaux principaux, des profileuses pour pannes, des profileuses pour cloisons s\u00e8ches, des profileuses pour montants, des profileuses pour rails, des profileuses pour chapeaux, des profileuses pour clips, des profileuses pour tabliers m\u00e9talliques (tabliers de sol), des profileuses pour panneaux de toiture\/mur, des profileuses pour tuiles, des profileuses pour plaques ondul\u00e9es, des profileuses pour fa\u00eeti\u00e8res, des profileuses pour descentes pluviales, etc.<\/p>\n<p>Nous r\u00e9alisons diff\u00e9rentes solutions en fonction du dessin, de la tol\u00e9rance et du budget des clients, offrant un service professionnel personnalis\u00e9, adaptable \u00e0 toutes vos exigences. Quelle que soit la ligne que vous choisissez, la qualit\u00e9 de SUNWAY Machinery vous assurera d&#039;obtenir des profil\u00e9s parfaitement fonctionnels.<\/p>\n<h3>Dessins de profil<\/h3>\n<p><img decoding=\"async\" class=\"alignnone size-full wp-image-3156\" src=\"https:\/\/swforming.com\/wp-content\/uploads\/2023\/04\/H296c68f511e74c74ba67297b7b18440c5-scaled.webp\" alt=\"\" width=\"1497\" height=\"2560\" title=\"\" srcset=\"https:\/\/swforming.com\/wp-content\/uploads\/2023\/04\/H296c68f511e74c74ba67297b7b18440c5-scaled.webp 1497w, https:\/\/swforming.com\/wp-content\/uploads\/2023\/04\/H296c68f511e74c74ba67297b7b18440c5-scaled-600x1026.webp 600w, https:\/\/swforming.com\/wp-content\/uploads\/2023\/04\/H296c68f511e74c74ba67297b7b18440c5-175x300.webp 175w, https:\/\/swforming.com\/wp-content\/uploads\/2023\/04\/H296c68f511e74c74ba67297b7b18440c5-599x1024.webp 599w, https:\/\/swforming.com\/wp-content\/uploads\/2023\/04\/H296c68f511e74c74ba67297b7b18440c5-768x1314.webp 768w, https:\/\/swforming.com\/wp-content\/uploads\/2023\/04\/H296c68f511e74c74ba67297b7b18440c5-898x1536.webp 898w, https:\/\/swforming.com\/wp-content\/uploads\/2023\/04\/H296c68f511e74c74ba67297b7b18440c5-1197x2048.webp 1197w, https:\/\/swforming.com\/wp-content\/uploads\/2023\/04\/H296c68f511e74c74ba67297b7b18440c5-7x12.webp 7w\" sizes=\"(max-width: 1497px) 100vw, 1497px\" \/><\/p>\n<h3>Ligne de production<\/h3>\n<p><img decoding=\"async\" class=\"alignnone size-full wp-image-3157\" src=\"https:\/\/swforming.com\/wp-content\/uploads\/2023\/04\/H9dd89e09911a41de9ca9e14b5c98b780A.webp\" alt=\"\" width=\"1748\" height=\"838\" title=\"\" srcset=\"https:\/\/swforming.com\/wp-content\/uploads\/2023\/04\/H9dd89e09911a41de9ca9e14b5c98b780A.webp 1748w, https:\/\/swforming.com\/wp-content\/uploads\/2023\/04\/H9dd89e09911a41de9ca9e14b5c98b780A-600x288.webp 600w, https:\/\/swforming.com\/wp-content\/uploads\/2023\/04\/H9dd89e09911a41de9ca9e14b5c98b780A-300x144.webp 300w, https:\/\/swforming.com\/wp-content\/uploads\/2023\/04\/H9dd89e09911a41de9ca9e14b5c98b780A-1024x491.webp 1024w, https:\/\/swforming.com\/wp-content\/uploads\/2023\/04\/H9dd89e09911a41de9ca9e14b5c98b780A-768x368.webp 768w, https:\/\/swforming.com\/wp-content\/uploads\/2023\/04\/H9dd89e09911a41de9ca9e14b5c98b780A-1536x736.webp 1536w, https:\/\/swforming.com\/wp-content\/uploads\/2023\/04\/H9dd89e09911a41de9ca9e14b5c98b780A-18x9.webp 18w\" sizes=\"(max-width: 1748px) 100vw, 1748px\" \/><\/p>\n<h3>d\u00e9tails du produit<\/h3>\n<p><img loading=\"lazy\" decoding=\"async\" class=\"alignnone size-full wp-image-3158\" src=\"https:\/\/swforming.com\/wp-content\/uploads\/2023\/04\/20230417154803.png\" alt=\"\" width=\"933\" height=\"1171\" title=\"\" srcset=\"https:\/\/swforming.com\/wp-content\/uploads\/2023\/04\/20230417154803.png 933w, https:\/\/swforming.com\/wp-content\/uploads\/2023\/04\/20230417154803-600x753.png 600w, https:\/\/swforming.com\/wp-content\/uploads\/2023\/04\/20230417154803-239x300.png 239w, https:\/\/swforming.com\/wp-content\/uploads\/2023\/04\/20230417154803-816x1024.png 816w, https:\/\/swforming.com\/wp-content\/uploads\/2023\/04\/20230417154803-768x964.png 768w, https:\/\/swforming.com\/wp-content\/uploads\/2023\/04\/20230417154803-10x12.png 10w\" sizes=\"(max-width: 933px) 100vw, 933px\" \/><\/p>\n<h3>Param\u00e8tres du produit<\/h3>\n<div style=\"overflow-x: auto;\">\n<table>\n<tbody>\n<tr>\n<td style=\"text-align: center;\" colspan=\"3\" rowspan=\"1\" data-sheets-value=\"{&quot;1&quot;:2,&quot;2&quot;:&quot;Roof Tile Panel Roll Forming Machine&quot;}\"><strong>Petit pain de panneau de tuile de toit formant la machine<\/strong><\/td>\n<\/tr>\n<tr>\n<td colspan=\"1\" rowspan=\"2\" data-sheets-value=\"{&quot;1&quot;:2,&quot;2&quot;:&quot;Machinable Material&quot;}\">\n<div>Mat\u00e9riau usinable<\/div>\n<\/td>\n<td data-sheets-value=\"{&quot;1&quot;:2,&quot;2&quot;:&quot;A) Galvanized Coil&quot;}\">A) Bobine galvanis\u00e9e<\/td>\n<td colspan=\"1\" rowspan=\"2\" data-sheets-value=\"{&quot;1&quot;:2,&quot;2&quot;:&quot;Thickness(MM): 0.3-0.8 According To Your Requirment&quot;}\">\n<div>\u00c9paisseur (MM) : 0,3-0,8 selon votre demande<\/div>\n<\/td>\n<\/tr>\n<tr>\n<td data-sheets-value=\"{&quot;1&quot;:2,&quot;2&quot;:&quot;B) PPGI, PPGL&quot;}\">B) PPGI, PPGL<\/td>\n<\/tr>\n<tr>\n<td data-sheets-value=\"{&quot;1&quot;:2,&quot;2&quot;:&quot;Yield Strength&quot;}\">Limite d&#039;\u00e9lasticit\u00e9<\/td>\n<td colspan=\"2\" rowspan=\"1\" data-sheets-value=\"{&quot;1&quot;:2,&quot;2&quot;:&quot;250 - 350 Mpa \/ 350-550Mpa&quot;}\">250 - 350 Mpa \/ 350-550Mpa<\/td>\n<\/tr>\n<tr>\n<td data-sheets-value=\"{&quot;1&quot;:2,&quot;2&quot;:&quot;Tensil Stress&quot;}\">Contrainte de traction<\/td>\n<td colspan=\"2\" rowspan=\"1\" data-sheets-value=\"{&quot;1&quot;:2,&quot;2&quot;:&quot;350 Mpa-550 Mpa&quot;}\">350 Mpa-550 Mpa<\/td>\n<\/tr>\n<tr>\n<td data-sheets-value=\"{&quot;1&quot;:2,&quot;2&quot;:&quot;Coil Width&quot;}\">Largeur de la bobine<\/td>\n<td colspan=\"2\" rowspan=\"1\" data-sheets-value=\"{&quot;1&quot;:2,&quot;2&quot;:&quot;914mm, 1000mm, 1200mm, 1220mm, 1250mm etc&quot;}\">914 mm, 1000 mm, 1200 mm, 1220 mm, 1250 mm, etc.<\/td>\n<\/tr>\n<tr>\n<td data-sheets-value=\"{&quot;1&quot;:2,&quot;2&quot;:&quot;Forming Speed&quot;}\">Vitesse de formage<\/td>\n<td data-sheets-value=\"{&quot;1&quot;:2,&quot;2&quot;:&quot;6-10 (m\/min)&quot;}\">6-10 (m\/min)<\/td>\n<td data-sheets-value=\"{&quot;1&quot;:2,&quot;2&quot;:&quot;* Or According To Your Requirment&quot;}\">* Ou selon vos besoins<\/td>\n<\/tr>\n<tr>\n<td data-sheets-value=\"{&quot;1&quot;:2,&quot;2&quot;:&quot;Forming Station&quot;}\">Station de formage<\/td>\n<td data-sheets-value=\"{&quot;1&quot;:2,&quot;2&quot;:&quot;16-20 Stations&quot;}\">16-20 stations<\/td>\n<td data-sheets-value=\"{&quot;1&quot;:2,&quot;2&quot;:&quot;* According To Your Profile Drawings&quot;}\">* Selon vos dessins de profil<\/td>\n<\/tr>\n<tr>\n<td data-sheets-value=\"{&quot;1&quot;:2,&quot;2&quot;:&quot;Decoiler&quot;}\">D\u00e9rouleur<\/td>\n<td data-sheets-value=\"{&quot;1&quot;:2,&quot;2&quot;:&quot;Manual Decoiler&quot;}\">D\u00e9rouleur manuel<\/td>\n<td data-sheets-value=\"{&quot;1&quot;:2,&quot;2&quot;:&quot;* Hydraulic Decoiler (Optional)&quot;}\">* D\u00e9rouleur hydraulique (facultatif)<\/td>\n<\/tr>\n<tr>\n<td data-sheets-value=\"{&quot;1&quot;:2,&quot;2&quot;:&quot;Driving System&quot;}\">Syst\u00e8me de conduite<\/td>\n<td data-sheets-value=\"{&quot;1&quot;:2,&quot;2&quot;:&quot;Chain Drive&quot;}\">Entrainement par CHAINE<\/td>\n<td data-sheets-value=\"{&quot;1&quot;:2,&quot;2&quot;:&quot;* Gearbox Drive (Optional)&quot;}\">* Entra\u00eenement de bo\u00eete de vitesses (facultatif)<\/td>\n<\/tr>\n<tr>\n<td data-sheets-value=\"{&quot;1&quot;:2,&quot;2&quot;:&quot;Machine Structure&quot;}\">Structure de la machine<\/td>\n<td data-sheets-value=\"{&quot;1&quot;:2,&quot;2&quot;:&quot;Steel Plates Welded&quot;}\">Plaques d'acier soud\u00e9es<\/td>\n<td data-sheets-value=\"{&quot;1&quot;:2,&quot;2&quot;:&quot;* Individual Station (Optional)&quot;}\">* Station individuelle (en option)<\/td>\n<\/tr>\n<tr>\n<td data-sheets-value=\"{&quot;1&quot;:2,&quot;2&quot;:&quot;Rollers\u2019 Material&quot;}\">Mat\u00e9riau des rouleaux<\/td>\n<td colspan=\"2\" rowspan=\"1\" data-sheets-value=\"{&quot;1&quot;:2,&quot;2&quot;:&quot;45#&quot;}\">45#<\/td>\n<\/tr>\n<tr>\n<td data-sheets-value=\"{&quot;1&quot;:2,&quot;2&quot;:&quot;Cutting System&quot;}\">Syst\u00e8me de coupe<\/td>\n<td data-sheets-value=\"{&quot;1&quot;:2,&quot;2&quot;:&quot;Hydraulic Post Cut&quot;}\">Coupe poteau hydraulique<\/td>\n<td data-sheets-value=\"{&quot;1&quot;:2,&quot;2&quot;:&quot;* Hydraulic Servo Tracking Cutter (Optional)&quot;}\">* Dispositif de coupe \u00e0 suivi hydraulique (en option)<\/td>\n<\/tr>\n<tr>\n<td data-sheets-value=\"{&quot;1&quot;:2,&quot;2&quot;:&quot;Output Way&quot;}\">Voie de sortie<\/td>\n<td data-sheets-value=\"{&quot;1&quot;:2,&quot;2&quot;:&quot;Roller Table&quot;}\">Table \u00e0 rouleaux<\/td>\n<td data-sheets-value=\"{&quot;1&quot;:2,&quot;2&quot;:&quot;* Auto Stacker (Optional)&quot;}\">* Empileur automatique (en option)<\/td>\n<\/tr>\n<tr>\n<td data-sheets-value=\"{&quot;1&quot;:2,&quot;2&quot;:&quot;Frequency Changer Brand&quot;}\">Marque de changeur de fr\u00e9quence<\/td>\n<td data-sheets-value=\"{&quot;1&quot;:2,&quot;2&quot;:&quot;Yaskawa&quot;}\">Yaskawa<\/td>\n<td data-sheets-value=\"{&quot;1&quot;:2,&quot;2&quot;:&quot;* Siemens (Optional)&quot;}\">*Siemens (facultatif)<\/td>\n<\/tr>\n<tr>\n<td data-sheets-value=\"{&quot;1&quot;:2,&quot;2&quot;:&quot;Power Supply&quot;}\">Source de courant<\/td>\n<td data-sheets-value=\"{&quot;1&quot;:2,&quot;2&quot;:&quot;380V 50Hz 3ph&quot;}\">380V 50Hz 3ph<\/td>\n<td data-sheets-value=\"{&quot;1&quot;:2,&quot;2&quot;:&quot;* Or According To Your Requirment&quot;}\">* Ou selon vos besoins<\/td>\n<\/tr>\n<tr>\n<td data-sheets-value=\"{&quot;1&quot;:2,&quot;2&quot;:&quot;Machine Color&quot;}\">Couleur de l&#039;appareil<\/td>\n<td data-sheets-value=\"{&quot;1&quot;:2,&quot;2&quot;:&quot;Industrial Blue&quot;}\">Bleu industriel<\/td>\n<td data-sheets-value=\"{&quot;1&quot;:2,&quot;2&quot;:&quot;* Or According To Your Requirment&quot;}\">* Ou selon vos besoins<\/td>\n<\/tr>\n<\/tbody>\n<\/table>\n<\/div>\n<h3>Application<\/h3>\n<p>&nbsp;<\/p>\n<p><img loading=\"lazy\" decoding=\"async\" class=\"alignnone size-full wp-image-3159\" src=\"https:\/\/swforming.com\/wp-content\/uploads\/2023\/04\/0417155609.png\" alt=\"\" width=\"938\" height=\"566\" title=\"\" srcset=\"https:\/\/swforming.com\/wp-content\/uploads\/2023\/04\/0417155609.png 938w, https:\/\/swforming.com\/wp-content\/uploads\/2023\/04\/0417155609-600x362.png 600w, https:\/\/swforming.com\/wp-content\/uploads\/2023\/04\/0417155609-300x181.png 300w, https:\/\/swforming.com\/wp-content\/uploads\/2023\/04\/0417155609-768x463.png 768w, https:\/\/swforming.com\/wp-content\/uploads\/2023\/04\/0417155609-18x12.png 18w\" sizes=\"(max-width: 938px) 100vw, 938px\" \/><\/p>\n<h3>facteur d'influence du prix de la machine \u00e0 former les tuiles<\/h3>\n<ol>\n<li>Taille et capacit\u00e9 de la machine : La taille et la capacit\u00e9 de production de la profileuse pour tuiles peuvent avoir une incidence consid\u00e9rable sur son prix. Les machines de plus grande taille et de plus grande capacit\u00e9 de production tendent \u00e0 \u00eatre plus ch\u00e8res en raison de l'augmentation du nombre de mat\u00e9riaux et de composants n\u00e9cessaires \u00e0 la construction.<\/li>\n<li>Complexit\u00e9 de la conception : La complexit\u00e9 de la conception et des fonctionnalit\u00e9s de la machine peut \u00e9galement avoir une incidence sur son prix. Les machines dot\u00e9es de fonctions avanc\u00e9es, d'une ing\u00e9nierie de pr\u00e9cision et d'une conception complexe peuvent co\u00fbter plus cher \u00e0 fabriquer, ce qui se traduit par un prix plus \u00e9lev\u00e9.<\/li>\n<li>Qualit\u00e9 des mat\u00e9riaux et des composants : La qualit\u00e9 des mat\u00e9riaux et des composants utilis\u00e9s dans la construction de la machine peut influencer son prix. Les mat\u00e9riaux de haute qualit\u00e9 et les composants durables sont g\u00e9n\u00e9ralement plus chers, mais ils contribuent aux performances globales, \u00e0 la fiabilit\u00e9 et \u00e0 la long\u00e9vit\u00e9 de la machine.<\/li>\n<li>Marque et fabricant : La r\u00e9putation, la valeur de la marque et les capacit\u00e9s de fabrication de l'entreprise qui produit la machine peuvent influer sur son prix. Les marques \u00e9tablies et bien connues affichent souvent des prix plus \u00e9lev\u00e9s en raison de leur fiabilit\u00e9, de l'assistance \u00e0 la client\u00e8le et de la reconnaissance de la marque.<\/li>\n<li>Options de personnalisation : Si la profileuse pour tuiles offre des options de personnalisation pour r\u00e9pondre aux exigences sp\u00e9cifiques du client, son prix peut \u00eatre plus \u00e9lev\u00e9. Les machines personnalis\u00e9es impliquent un travail d'ing\u00e9nierie et de conception suppl\u00e9mentaire, ce qui peut augmenter les co\u00fbts de fabrication.<\/li>\n<li>Automatisation et technologie : Les machines \u00e9quip\u00e9es de fonctions d'automatisation avanc\u00e9es, telles que les syst\u00e8mes de commande num\u00e9rique par ordinateur (CNC) ou l'int\u00e9gration de logiciels sophistiqu\u00e9s, sont g\u00e9n\u00e9ralement plus ch\u00e8res. Des niveaux plus \u00e9lev\u00e9s d'automatisation et de technologie avanc\u00e9e peuvent am\u00e9liorer l'efficacit\u00e9, la pr\u00e9cision et la polyvalence de la production, ce qui se traduit par un prix plus \u00e9lev\u00e9.<\/li>\n<li>Demande du march\u00e9 et concurrence : La dynamique de l'offre et de la demande sur le march\u00e9 peut influencer le prix des profileuses de tuiles. Si la demande est forte et la concurrence limit\u00e9e, les prix peuvent \u00eatre plus \u00e9lev\u00e9s. Inversement, sur un march\u00e9 concurrentiel o\u00f9 les fournisseurs sont multiples, les prix peuvent \u00eatre plus comp\u00e9titifs.<\/li>\n<li>Caract\u00e9ristiques et accessoires suppl\u00e9mentaires : Les fonctions et accessoires optionnels, tels que les dispositifs de s\u00e9curit\u00e9, les syst\u00e8mes de surveillance ou l'outillage sp\u00e9cialis\u00e9, peuvent avoir une incidence sur le prix. L'inclusion de caract\u00e9ristiques suppl\u00e9mentaires au-del\u00e0 des fonctionnalit\u00e9s de base de la machine augmentera probablement le co\u00fbt total.<\/li>\n<li>Assistance apr\u00e8s-vente et garantie : La disponibilit\u00e9 et la qualit\u00e9 du service apr\u00e8s-vente, notamment l'assistance technique, la disponibilit\u00e9 des pi\u00e8ces d\u00e9tach\u00e9es et la couverture de la garantie, peuvent avoir une incidence sur le prix. Les machines b\u00e9n\u00e9ficiant d'un service apr\u00e8s-vente \u00e9tendu et de p\u00e9riodes de garantie plus longues peuvent avoir un co\u00fbt initial plus \u00e9lev\u00e9.<\/li>\n<\/ol>\n<h3>fonction de la machine de profilage de panneaux de toit<\/h3>\n<p>La profileuse pour panneaux de toiture est un \u00e9quipement sp\u00e9cialis\u00e9 utilis\u00e9 dans l'industrie de la construction pour fabriquer des panneaux de toiture de formes et de profils homog\u00e8nes. La machine remplit plusieurs fonctions pour transformer les mati\u00e8res premi\u00e8res en panneaux de toiture finis. Voici les principales fonctions d'une profileuse pour panneaux de toiture :<\/p>\n<ol>\n<li>Alimentation en mat\u00e9riau : La machine re\u00e7oit le mat\u00e9riau brut, g\u00e9n\u00e9ralement des bobines de t\u00f4le, et l'introduit dans la section de formage. Le mat\u00e9riau est g\u00e9n\u00e9ralement de l'acier ou de l'aluminium.<\/li>\n<li>Formage par roulage : Le c\u0153ur de la machine est la section de profilage, o\u00f9 une s\u00e9rie de rouleaux et d'outils sont dispos\u00e9s pour donner \u00e0 la t\u00f4le le profil souhait\u00e9. Les rouleaux plient progressivement le m\u00e9tal lorsqu'il passe \u00e0 travers eux, lui donnant la forme sp\u00e9cifique du panneau de toit.<\/li>\n<li>D\u00e9coupe : Une fois que la t\u00f4le a pris la forme souhait\u00e9e, la machine int\u00e8gre un m\u00e9canisme de coupe pour d\u00e9couper le panneau \u00e0 la longueur voulue. Diff\u00e9rentes m\u00e9thodes de coupe peuvent \u00eatre utilis\u00e9es, telles qu'une coupe \u00e0 la vol\u00e9e ou une cisaille fixe, en fonction de la conception de la machine.<\/li>\n<li>Profil et encoche : certaines profileuses de panneaux de toiture peuvent inclure des fonctions suppl\u00e9mentaires permettant de cr\u00e9er des profils et des encoches sp\u00e9cifiques dans les panneaux. Ces profils et ces encoches peuvent offrir des caract\u00e9ristiques d'embo\u00eetement qui facilitent l'installation et am\u00e9liorent l'int\u00e9grit\u00e9 structurelle.<\/li>\n<li>Gaufrage et estampage : Certaines conceptions de panneaux de toit peuvent n\u00e9cessiter un gaufrage ou un estampage pour ajouter des caract\u00e9ristiques esth\u00e9tiques ou fonctionnelles. La machine peut \u00eatre \u00e9quip\u00e9e d'outils sp\u00e9cialis\u00e9s pour imprimer des motifs, des logos ou d'autres \u00e9l\u00e9ments de conception sur la surface des panneaux de toit.<\/li>\n<li>Contr\u00f4le et automatisation : Les profileuses de panneaux de toiture modernes int\u00e8grent souvent des syst\u00e8mes de contr\u00f4le et des fonctions d'automatisation. Ces syst\u00e8mes permettent un contr\u00f4le pr\u00e9cis du processus de formage, notamment de la vitesse, de la mesure de la longueur, des op\u00e9rations de coupe, etc. L'automatisation r\u00e9duit les interventions manuelles et garantit une production r\u00e9guli\u00e8re de panneaux.<\/li>\n<li>Sortie et empilage : Au fur et \u00e0 mesure de la production des panneaux de toit, la machine facilite l'\u00e9vacuation et l'empilage des panneaux finis. Des syst\u00e8mes de convoyage ou des m\u00e9canismes d'empilage sont utilis\u00e9s pour collecter et organiser les panneaux en vue d'un traitement ou d'un transport ult\u00e9rieur.<\/li>\n<\/ol>\n<h3>Avantages de la machine \u00e0 former les tuiles de Chine<\/h3>\n<ol>\n<li>Rentabilit\u00e9 : Les fabricants chinois proposent souvent des prix comp\u00e9titifs pour leurs profileuses de tuiles. Les co\u00fbts de fabrication et de main-d'\u0153uvre moins \u00e9lev\u00e9s en Chine leur permettent de proposer des solutions rentables par rapport aux machines produites dans d'autres pays.<\/li>\n<li>Progr\u00e8s technologiques : La Chine a r\u00e9alis\u00e9 des progr\u00e8s significatifs dans les technologies de fabrication, y compris dans les machines de formage de rouleaux. Les fabricants chinois investissent continuellement dans la recherche et le d\u00e9veloppement afin d'am\u00e9liorer les performances, la pr\u00e9cision et les capacit\u00e9s d'automatisation de leurs machines. Il en r\u00e9sulte des profileuses de tuiles technologiquement avanc\u00e9es qui respectent ou d\u00e9passent les normes industrielles.<\/li>\n<li>Options de personnalisation : Les fabricants chinois sont r\u00e9put\u00e9s pour leur souplesse en mati\u00e8re d'options de personnalisation. Ils peuvent adapter les profileuses de tuiles aux besoins sp\u00e9cifiques des clients, par exemple en fonction du profil, de la taille et du mat\u00e9riau des tuiles. Cette capacit\u00e9 de personnalisation permet aux clients d'obtenir des machines qui r\u00e9pondent pr\u00e9cis\u00e9ment \u00e0 leurs besoins de production.<\/li>\n<li>Un large \u00e9ventail de choix : Le march\u00e9 chinois offre une grande vari\u00e9t\u00e9 de profileuses pour tuiles, adapt\u00e9es \u00e0 diff\u00e9rents types de mat\u00e9riaux de couverture, de profils et de capacit\u00e9s de production. Les clients ont la possibilit\u00e9 de choisir parmi une gamme vari\u00e9e de machines, ce qui leur permet de trouver celle qui r\u00e9pond aux exigences sp\u00e9cifiques de leur projet.<\/li>\n<li>Assurance qualit\u00e9 : Les fabricants chinois ont fait des progr\u00e8s consid\u00e9rables dans l'am\u00e9lioration de la qualit\u00e9 de leurs produits. De nombreux fabricants r\u00e9put\u00e9s appliquent des mesures strictes de contr\u00f4le de la qualit\u00e9 pour s'assurer que leurs profileuses pour tuiles sont conformes aux normes de qualit\u00e9 internationales. Ils offrent \u00e9galement une garantie et un service apr\u00e8s-vente pour garantir la satisfaction du client.<\/li>\n<li>Une expertise industrielle bien \u00e9tablie : La Chine dispose d'une infrastructure de production bien d\u00e9velopp\u00e9e et d'un grand nombre d'ing\u00e9nieurs et de techniciens exp\u00e9riment\u00e9s sp\u00e9cialis\u00e9s dans les machines de profilage. L'expertise du pays dans ce domaine a permis aux fabricants chinois de s'implanter solidement sur le march\u00e9 mondial et de se forger une r\u00e9putation de fournisseurs de profileuses de tuiles fiables et de haute qualit\u00e9.<\/li>\n<li>Capacit\u00e9 d'exportation : La Chine dispose d'une solide capacit\u00e9 d'exportation et de nombreux fabricants chinois ont \u00e9tabli une pr\u00e9sence mondiale. Il est donc plus facile pour les clients du monde entier d'acc\u00e9der aux profileuses pour tuiles de Chine et de se les procurer, ce qui garantit une plus grande disponibilit\u00e9 et une plus grande port\u00e9e sur le march\u00e9.<\/li>\n<\/ol>\n<p>&nbsp;<\/p>\n<p>&nbsp;<\/p>\n<blockquote class=\"wp-embedded-content\" data-secret=\"oCwMg6p1TD\"><p><a href=\"https:\/\/swforming.com\/fr\/apply-width-corrugated-sheet-roll-forming-machine\/\">Exploration des diff\u00e9rentes applications de la machine de formage de rouleaux de t\u00f4le ondul\u00e9e de largeur<\/a><\/p><\/blockquote>\n<p><iframe class=\"wp-embedded-content\" sandbox=\"allow-scripts\" security=\"restricted\" style=\"position: absolute; clip: rect(1px, 1px, 1px, 1px);\" title=\"&quot;Exploration des diff\u00e9rentes applications de la profileuse pour t\u00f4les ondul\u00e9es&quot; - SUNWAY Machine\" src=\"https:\/\/swforming.com\/apply-width-corrugated-sheet-roll-forming-machine\/embed\/#?secret=JslSwhUpfx#?secret=oCwMg6p1TD\" data-secret=\"oCwMg6p1TD\" width=\"600\" height=\"338\" frameborder=\"0\" marginwidth=\"0\" marginheight=\"0\" scrolling=\"no\"><\/iframe><\/p>","protected":false},"excerpt":{"rendered":"<p>La profileuse pour panneaux de tuiles est principalement utilis\u00e9e pour produire des panneaux de tuiles. Normalement, l'\u00e9paisseur du panneau est de 0,3-0,8 mm avec de l'acier galvanis\u00e9 normal ou des bobines color\u00e9es.<\/p>\n<p>La profileuse pour syst\u00e8mes de toiture offre une large gamme de profils de t\u00f4le. Elle comprend des panneaux trap\u00e9zo\u00efdaux, des panneaux ondul\u00e9s, des tuiles, des tuiles verniss\u00e9es, des tabliers m\u00e9talliques, des panneaux muraux, des joints debout, des trav\u00e9es en K et des fa\u00eeti\u00e8res. Ses produits sont largement utilis\u00e9s dans les syst\u00e8mes de toiture et de mur dans la construction d'ateliers et de logements.<\/p>","protected":false},"featured_media":3149,"comment_status":"closed","ping_status":"closed","template":"","meta":{"_acf_changed":false},"product_brand":[],"product_cat":[45,85],"product_tag":[],"class_list":{"0":"post-3148","1":"product","2":"type-product","3":"status-publish","4":"has-post-thumbnail","6":"product_cat-metal-wall-roofing","7":"product_cat-roof-tile-panel-roll-forming-machine","9":"first","10":"instock","11":"shipping-taxable","12":"product-type-simple"},"acf":[],"_links":{"self":[{"href":"https:\/\/swforming.com\/fr\/wp-json\/wp\/v2\/product\/3148","targetHints":{"allow":["GET"]}}],"collection":[{"href":"https:\/\/swforming.com\/fr\/wp-json\/wp\/v2\/product"}],"about":[{"href":"https:\/\/swforming.com\/fr\/wp-json\/wp\/v2\/types\/product"}],"replies":[{"embeddable":true,"href":"https:\/\/swforming.com\/fr\/wp-json\/wp\/v2\/comments?post=3148"}],"version-history":[{"count":7,"href":"https:\/\/swforming.com\/fr\/wp-json\/wp\/v2\/product\/3148\/revisions"}],"predecessor-version":[{"id":3746,"href":"https:\/\/swforming.com\/fr\/wp-json\/wp\/v2\/product\/3148\/revisions\/3746"}],"wp:featuredmedia":[{"embeddable":true,"href":"https:\/\/swforming.com\/fr\/wp-json\/wp\/v2\/media\/3149"}],"wp:attachment":[{"href":"https:\/\/swforming.com\/fr\/wp-json\/wp\/v2\/media?parent=3148"}],"wp:term":[{"taxonomy":"product_brand","embeddable":true,"href":"https:\/\/swforming.com\/fr\/wp-json\/wp\/v2\/product_brand?post=3148"},{"taxonomy":"product_cat","embeddable":true,"href":"https:\/\/swforming.com\/fr\/wp-json\/wp\/v2\/product_cat?post=3148"},{"taxonomy":"product_tag","embeddable":true,"href":"https:\/\/swforming.com\/fr\/wp-json\/wp\/v2\/product_tag?post=3148"}],"curies":[{"name":"wp","href":"https:\/\/api.w.org\/{rel}","templated":true}]}}