{"id":1985,"date":"2023-01-31T01:20:03","date_gmt":"2023-01-31T01:20:03","guid":{"rendered":"https:\/\/swforming.com\/?post_type=product&#038;p=1985"},"modified":"2023-08-02T02:48:58","modified_gmt":"2023-08-02T02:48:58","slug":"scaffolding-plank-roll-forming-machine","status":"publish","type":"product","link":"https:\/\/swforming.com\/fr\/product\/scaffolding-plank-roll-forming-machine\/","title":{"rendered":"Petit pain de planche d&#039;\u00e9chafaudage formant la machine"},"content":{"rendered":"<p><img fetchpriority=\"high\" decoding=\"async\" class=\"alignnone size-full wp-image-1991\" src=\"https:\/\/swforming.com\/wp-content\/uploads\/2023\/01\/Scaffolding-Plank-Roll-Forming-Machine-06.webp\" alt=\"\" width=\"800\" height=\"800\" title=\"\" srcset=\"https:\/\/swforming.com\/wp-content\/uploads\/2023\/01\/Scaffolding-Plank-Roll-Forming-Machine-06.webp 800w, https:\/\/swforming.com\/wp-content\/uploads\/2023\/01\/Scaffolding-Plank-Roll-Forming-Machine-06-300x300.webp 300w, https:\/\/swforming.com\/wp-content\/uploads\/2023\/01\/Scaffolding-Plank-Roll-Forming-Machine-06-150x150.webp 150w, https:\/\/swforming.com\/wp-content\/uploads\/2023\/01\/Scaffolding-Plank-Roll-Forming-Machine-06-768x768.webp 768w, https:\/\/swforming.com\/wp-content\/uploads\/2023\/01\/Scaffolding-Plank-Roll-Forming-Machine-06-12x12.webp 12w, https:\/\/swforming.com\/wp-content\/uploads\/2023\/01\/Scaffolding-Plank-Roll-Forming-Machine-06-400x400.webp 400w, https:\/\/swforming.com\/wp-content\/uploads\/2023\/01\/Scaffolding-Plank-Roll-Forming-Machine-06-600x600.webp 600w, https:\/\/swforming.com\/wp-content\/uploads\/2023\/01\/Scaffolding-Plank-Roll-Forming-Machine-06-100x100.webp 100w\" sizes=\"(max-width: 800px) 100vw, 800px\" \/><\/p>\n<p>La machine de profilage de planches d'\u00e9chafaudage est \u00e9galement appel\u00e9e machine de profilage de planches d'\u00e9chafaudage. Elle est utilis\u00e9e pour produire des planches d'\u00e9chafaudage ou des planches.<\/p>\n<p>L'\u00e9chafaudage est une structure temporaire utilis\u00e9e pour soutenir une \u00e9quipe de travail et des mat\u00e9riaux dans le cadre de la construction, de l'entretien et de la r\u00e9paration de b\u00e2timents, de ponts et de toutes les autres structures artificielles. Les \u00e9chafaudages sont largement utilis\u00e9s sur les chantiers pour acc\u00e9der \u00e0 des hauteurs et \u00e0 des zones qui seraient autrement difficiles d'acc\u00e8s. Un \u00e9chafaudage non s\u00e9curis\u00e9 peut entra\u00eener la mort ou des blessures graves. Les \u00e9chafaudages sont \u00e9galement utilis\u00e9s sous des formes adapt\u00e9es pour le coffrage et l'\u00e9tayage, les si\u00e8ges de tribunes, les sc\u00e8nes de concert, les tours d'acc\u00e8s et d'observation, les stands d'exposition, les rampes de ski, les demi-tubes et les projets artistiques.<\/p>\n<p>Notre profileuse intelligente de planches d'\u00e9chafaudage peut produire diff\u00e9rentes planches d'\u00e9chafaudage en fonction de votre profil. Les processus de d\u00e9roulage, d'alimentation servo, de poin\u00e7onnage, de formage de rouleaux, de coupe, etc. peuvent \u00eatre r\u00e9alis\u00e9s automatiquement sur une ligne.<\/p>\n<p>Nous r\u00e9alisons diff\u00e9rentes solutions en fonction du dessin, de la tol\u00e9rance et du budget des clients, offrant un service professionnel personnalis\u00e9, adaptable \u00e0 toutes vos exigences. Quelle que soit la ligne que vous choisissez, la qualit\u00e9 de SUNWAY Machinery vous assurera d&#039;obtenir des profil\u00e9s parfaitement fonctionnels.<\/p>\n<h3>Dessins de profil<\/h3>\n<p><img decoding=\"async\" class=\"alignnone size-full wp-image-1993\" src=\"https:\/\/swforming.com\/wp-content\/uploads\/2023\/01\/H7a9ff83699114b9e86e51016e771a5c2g.webp\" alt=\"\" width=\"1748\" height=\"2529\" title=\"\" srcset=\"https:\/\/swforming.com\/wp-content\/uploads\/2023\/01\/H7a9ff83699114b9e86e51016e771a5c2g.webp 1748w, https:\/\/swforming.com\/wp-content\/uploads\/2023\/01\/H7a9ff83699114b9e86e51016e771a5c2g-207x300.webp 207w, https:\/\/swforming.com\/wp-content\/uploads\/2023\/01\/H7a9ff83699114b9e86e51016e771a5c2g-708x1024.webp 708w, https:\/\/swforming.com\/wp-content\/uploads\/2023\/01\/H7a9ff83699114b9e86e51016e771a5c2g-768x1111.webp 768w, https:\/\/swforming.com\/wp-content\/uploads\/2023\/01\/H7a9ff83699114b9e86e51016e771a5c2g-1062x1536.webp 1062w, https:\/\/swforming.com\/wp-content\/uploads\/2023\/01\/H7a9ff83699114b9e86e51016e771a5c2g-1416x2048.webp 1416w, https:\/\/swforming.com\/wp-content\/uploads\/2023\/01\/H7a9ff83699114b9e86e51016e771a5c2g-8x12.webp 8w, https:\/\/swforming.com\/wp-content\/uploads\/2023\/01\/H7a9ff83699114b9e86e51016e771a5c2g-600x868.webp 600w\" sizes=\"(max-width: 1748px) 100vw, 1748px\" \/><\/p>\n<p><img decoding=\"async\" class=\"alignnone wp-image-1994 size-full\" src=\"https:\/\/swforming.com\/wp-content\/uploads\/2023\/01\/131090328.png\" alt=\"\" width=\"750\" height=\"183\" title=\"\" srcset=\"https:\/\/swforming.com\/wp-content\/uploads\/2023\/01\/131090328.png 750w, https:\/\/swforming.com\/wp-content\/uploads\/2023\/01\/131090328-300x73.png 300w, https:\/\/swforming.com\/wp-content\/uploads\/2023\/01\/131090328-18x4.png 18w, https:\/\/swforming.com\/wp-content\/uploads\/2023\/01\/131090328-600x146.png 600w\" sizes=\"(max-width: 750px) 100vw, 750px\" \/><\/p>\n<h3>Ligne de production<img loading=\"lazy\" decoding=\"async\" class=\"alignnone size-full wp-image-1995\" src=\"https:\/\/swforming.com\/wp-content\/uploads\/2023\/01\/Hf38bb4bedfec46e1ab9863ac484719a6B.webp\" alt=\"\" width=\"1748\" height=\"1014\" title=\"\" srcset=\"https:\/\/swforming.com\/wp-content\/uploads\/2023\/01\/Hf38bb4bedfec46e1ab9863ac484719a6B.webp 1748w, https:\/\/swforming.com\/wp-content\/uploads\/2023\/01\/Hf38bb4bedfec46e1ab9863ac484719a6B-300x174.webp 300w, https:\/\/swforming.com\/wp-content\/uploads\/2023\/01\/Hf38bb4bedfec46e1ab9863ac484719a6B-1024x594.webp 1024w, https:\/\/swforming.com\/wp-content\/uploads\/2023\/01\/Hf38bb4bedfec46e1ab9863ac484719a6B-768x446.webp 768w, https:\/\/swforming.com\/wp-content\/uploads\/2023\/01\/Hf38bb4bedfec46e1ab9863ac484719a6B-1536x891.webp 1536w, https:\/\/swforming.com\/wp-content\/uploads\/2023\/01\/Hf38bb4bedfec46e1ab9863ac484719a6B-18x10.webp 18w, https:\/\/swforming.com\/wp-content\/uploads\/2023\/01\/Hf38bb4bedfec46e1ab9863ac484719a6B-600x348.webp 600w\" sizes=\"(max-width: 1748px) 100vw, 1748px\" \/><\/h3>\n<h3>d\u00e9tails du produit<\/h3>\n<p><img loading=\"lazy\" decoding=\"async\" class=\"alignnone wp-image-1996 size-full\" src=\"https:\/\/swforming.com\/wp-content\/uploads\/2023\/01\/Product-Details-1-e1675127622678.png\" alt=\"\" width=\"749\" height=\"1327\" title=\"\" srcset=\"https:\/\/swforming.com\/wp-content\/uploads\/2023\/01\/Product-Details-1-e1675127622678.png 749w, https:\/\/swforming.com\/wp-content\/uploads\/2023\/01\/Product-Details-1-e1675127622678-169x300.png 169w, https:\/\/swforming.com\/wp-content\/uploads\/2023\/01\/Product-Details-1-e1675127622678-578x1024.png 578w, https:\/\/swforming.com\/wp-content\/uploads\/2023\/01\/Product-Details-1-e1675127622678-7x12.png 7w, https:\/\/swforming.com\/wp-content\/uploads\/2023\/01\/Product-Details-1-e1675127622678-600x1063.png 600w\" sizes=\"(max-width: 749px) 100vw, 749px\" \/><\/p>\n<h3>Param\u00e8tres du produit<\/h3>\n<div style=\"overflow-x: auto;\">\n<table>\n<tbody>\n<tr>\n<td style=\"text-align: center;\" colspan=\"3\" rowspan=\"1\" data-sheets-value=\"{&quot;1&quot;:2,&quot;2&quot;:&quot;Scaffolding Plank Roll Forming Machine&quot;}\"><strong>Petit pain de planche d&#039;\u00e9chafaudage formant la machine<\/strong><\/td>\n<\/tr>\n<tr>\n<td colspan=\"1\" rowspan=\"2\" data-sheets-value=\"{&quot;1&quot;:2,&quot;2&quot;:&quot;Machinable Material&quot;}\">\n<div>Mat\u00e9riau usinable<\/div>\n<\/td>\n<td data-sheets-value=\"{&quot;1&quot;:2,&quot;2&quot;:&quot;A) Galvanized Steel&quot;}\">A) Acier galvanis\u00e9<\/td>\n<td colspan=\"1\" rowspan=\"2\" data-sheets-value=\"{&quot;1&quot;:2,&quot;2&quot;:&quot;Thickness(MM): 1.5-2.0, 2.0-2.5, up to 3mm&quot;}\">\n<div>\u00c9paisseur (MM) : 1,5-2,0, 2,0-2,5, jusqu&#039;\u00e0 3 mm<\/div>\n<\/td>\n<\/tr>\n<tr>\n<td data-sheets-value=\"{&quot;1&quot;:2,&quot;2&quot;:&quot;B) Mild Steel&quot;}\">B) Acier doux<\/td>\n<\/tr>\n<tr>\n<td data-sheets-value=\"{&quot;1&quot;:2,&quot;2&quot;:&quot;Yield strength&quot;}\">Limite d&#039;\u00e9lasticit\u00e9<\/td>\n<td colspan=\"2\" rowspan=\"1\" data-sheets-value=\"{&quot;1&quot;:2,&quot;2&quot;:&quot;250 - 550 Mpa&quot;}\">250 \u2013 550 MPa<\/td>\n<\/tr>\n<tr>\n<td data-sheets-value=\"{&quot;1&quot;:2,&quot;2&quot;:&quot;Tensil stress&quot;}\">Contrainte de traction<\/td>\n<td colspan=\"2\" rowspan=\"1\" data-sheets-value=\"{&quot;1&quot;:2,&quot;2&quot;:&quot;G250 Mpa-G550 Mpa&quot;}\">G250 MPa-G550 MPa<\/td>\n<\/tr>\n<tr>\n<td data-sheets-value=\"{&quot;1&quot;:2,&quot;2&quot;:&quot;Decoiler&quot;}\">D\u00e9rouleur<\/td>\n<td data-sheets-value=\"{&quot;1&quot;:2,&quot;2&quot;:&quot;Manual Decoiler&quot;}\">D\u00e9rouleur manuel<\/td>\n<td data-sheets-value=\"{&quot;1&quot;:2,&quot;2&quot;:&quot;* Hydraulic Decoiler(Optional)&quot;}\">* D\u00e9rouleur hydraulique (facultatif)<\/td>\n<\/tr>\n<tr>\n<td data-sheets-value=\"{&quot;1&quot;:2,&quot;2&quot;:&quot;Punching System :&quot;}\">Syst\u00e8me de poin\u00e7onnage :<\/td>\n<td data-sheets-value=\"{&quot;1&quot;:2,&quot;2&quot;:&quot;Hydraulic Punching Station&quot;}\">Station de poin\u00e7onnage hydraulique<\/td>\n<td data-sheets-value=\"{&quot;1&quot;:2,&quot;2&quot;:&quot;* Punching Press (Optional)&quot;}\">* Presse \u00e0 poin\u00e7onner (facultatif)<\/td>\n<\/tr>\n<tr>\n<td data-sheets-value=\"{&quot;1&quot;:2,&quot;2&quot;:&quot;Forming Station&quot;}\">Station de formage<\/td>\n<td data-sheets-value=\"{&quot;1&quot;:2,&quot;2&quot;:&quot;About 20 Stands&quot;}\">Environ 20 stands<\/td>\n<td data-sheets-value=\"{&quot;1&quot;:2,&quot;2&quot;:&quot;* According To Your Profile Drawings&quot;}\">* Selon vos dessins de profil<\/td>\n<\/tr>\n<tr>\n<td data-sheets-value=\"{&quot;1&quot;:2,&quot;2&quot;:&quot;Driving System&quot;}\">Syst\u00e8me de conduite<\/td>\n<td colspan=\"2\" rowspan=\"1\" data-sheets-value=\"{&quot;1&quot;:2,&quot;2&quot;:&quot;Chain Drive&quot;}\">Entrainement par CHAINE<\/td>\n<\/tr>\n<tr>\n<td data-sheets-value=\"{&quot;1&quot;:2,&quot;2&quot;:&quot;Machine Structure&quot;}\">Structure de la machine<\/td>\n<td data-sheets-value=\"{&quot;1&quot;:2,&quot;2&quot;:&quot;Wall Panel Station&quot;}\">Station de panneaux muraux<\/td>\n<td data-sheets-value=\"{&quot;1&quot;:2,&quot;2&quot;:&quot;* Cast Iron Stands(Optional)&quot;}\">* Supports en fonte (en option)<\/td>\n<\/tr>\n<tr>\n<td data-sheets-value=\"{&quot;1&quot;:2,&quot;2&quot;:&quot;Forming Speed&quot;}\">Vitesse de formage<\/td>\n<td data-sheets-value=\"{&quot;1&quot;:2,&quot;2&quot;:&quot;5-15 (M\/MIN)&quot;}\">5-15 (M\/MIN)<\/td>\n<td data-sheets-value=\"{&quot;1&quot;:2,&quot;2&quot;:&quot;* According To Your Profile Drawings&quot;}\">* Selon vos dessins de profil<\/td>\n<\/tr>\n<tr>\n<td data-sheets-value=\"{&quot;1&quot;:2,&quot;2&quot;:&quot;Rollers\u2019 Material&quot;}\">Mat\u00e9riau des rouleaux<\/td>\n<td data-sheets-value=\"{&quot;1&quot;:2,&quot;2&quot;:&quot;GCr15&quot;}\">GCr15<\/td>\n<td data-sheets-value=\"{&quot;1&quot;:2,&quot;2&quot;:&quot;* Cr12 (Optional)&quot;}\">* Cr12 (facultatif)<\/td>\n<\/tr>\n<tr>\n<td data-sheets-value=\"{&quot;1&quot;:2,&quot;2&quot;:&quot;Cutting System&quot;}\">Syst\u00e8me de coupe<\/td>\n<td data-sheets-value=\"{&quot;1&quot;:2,&quot;2&quot;:&quot;Hydraulic Cutting&quot;}\">Coupe hydraulique<\/td>\n<td data-sheets-value=\"{&quot;1&quot;:2,&quot;2&quot;:&quot;* Servo Tracking Cutter (Optional)&quot;}\">* Cutter de suivi servo (en option)<\/td>\n<\/tr>\n<tr>\n<td data-sheets-value=\"{&quot;1&quot;:2,&quot;2&quot;:&quot;Frequency Changer Brand&quot;}\">Marque de changeur de fr\u00e9quence<\/td>\n<td data-sheets-value=\"{&quot;1&quot;:2,&quot;2&quot;:&quot;Yaskawa&quot;}\">Yaskawa<\/td>\n<td data-sheets-value=\"{&quot;1&quot;:2,&quot;2&quot;:&quot;* Siemens (Optional)&quot;}\">*Siemens (facultatif)<\/td>\n<\/tr>\n<tr>\n<td data-sheets-value=\"{&quot;1&quot;:2,&quot;2&quot;:&quot;PLC Brand&quot;}\">Marque PLC<\/td>\n<td data-sheets-value=\"{&quot;1&quot;:2,&quot;2&quot;:&quot;Panasonic&quot;}\">Panasonic<\/td>\n<td data-sheets-value=\"{&quot;1&quot;:2,&quot;2&quot;:&quot;* Siemens (Optional)&quot;}\">*Siemens (facultatif)<\/td>\n<\/tr>\n<tr>\n<td data-sheets-value=\"{&quot;1&quot;:2,&quot;2&quot;:&quot;Power Supply&quot;}\">Source de courant<\/td>\n<td data-sheets-value=\"{&quot;1&quot;:2,&quot;2&quot;:&quot;380V 50Hz 3ph&quot;}\">380V 50Hz 3ph<\/td>\n<td data-sheets-value=\"{&quot;1&quot;:2,&quot;2&quot;:&quot;* Or According To Your Requirment&quot;}\">* Ou selon vos besoins<\/td>\n<\/tr>\n<tr>\n<td data-sheets-value=\"{&quot;1&quot;:2,&quot;2&quot;:&quot;Machine Color&quot;}\">Couleur de l&#039;appareil<\/td>\n<td data-sheets-value=\"{&quot;1&quot;:2,&quot;2&quot;:&quot;Industrial Blue&quot;}\">Bleu industriel<\/td>\n<td data-sheets-value=\"{&quot;1&quot;:2,&quot;2&quot;:&quot;* Or According To Your Requirment&quot;}\">* Ou selon vos besoins<\/td>\n<\/tr>\n<\/tbody>\n<\/table>\n<\/div>\n<h3>Application<\/h3>\n<p><img loading=\"lazy\" decoding=\"async\" class=\"alignnone size-full wp-image-1997\" src=\"https:\/\/swforming.com\/wp-content\/uploads\/2023\/01\/Application.png\" alt=\"\" width=\"750\" height=\"453\" title=\"\" srcset=\"https:\/\/swforming.com\/wp-content\/uploads\/2023\/01\/Application.png 750w, https:\/\/swforming.com\/wp-content\/uploads\/2023\/01\/Application-300x181.png 300w, https:\/\/swforming.com\/wp-content\/uploads\/2023\/01\/Application-18x12.png 18w, https:\/\/swforming.com\/wp-content\/uploads\/2023\/01\/Application-600x362.png 600w\" sizes=\"(max-width: 750px) 100vw, 750px\" \/><\/p>","protected":false},"excerpt":{"rendered":"<p>La machine de profilage de planches d'\u00e9chafaudage est \u00e9galement appel\u00e9e machine de profilage de planches d'\u00e9chafaudage. Elle est utilis\u00e9e pour produire des planches d'\u00e9chafaudage ou des planches.<\/p>\n<p>L'\u00e9chafaudage est une structure temporaire utilis\u00e9e pour soutenir une \u00e9quipe de travail et des mat\u00e9riaux dans le cadre de la construction, de l'entretien et de la r\u00e9paration de b\u00e2timents, de ponts et de toutes les autres structures artificielles. Les \u00e9chafaudages sont largement utilis\u00e9s sur les chantiers pour acc\u00e9der \u00e0 des hauteurs et \u00e0 des zones qui seraient autrement difficiles d'acc\u00e8s. Un \u00e9chafaudage non s\u00e9curis\u00e9 peut entra\u00eener la mort ou des blessures graves. Les \u00e9chafaudages sont \u00e9galement utilis\u00e9s sous des formes adapt\u00e9es pour le coffrage et l'\u00e9tayage, les si\u00e8ges de tribunes, les sc\u00e8nes de concert, les tours d'acc\u00e8s et d'observation, les stands d'exposition, les rampes de ski, les demi-tubes et les projets artistiques.<\/p>\n<div id=\"gtx-trans\" style=\"position: absolute; left: -78px; top: -10px;\">\n<div class=\"gtx-trans-icon\"><\/div>\n<\/div>","protected":false},"featured_media":1986,"comment_status":"closed","ping_status":"closed","template":"","meta":{"_acf_changed":false},"product_brand":[],"product_cat":[52,68],"product_tag":[],"class_list":{"0":"post-1985","1":"product","2":"type-product","3":"status-publish","4":"has-post-thumbnail","6":"product_cat-steel-structure","7":"product_cat-scaffolding-plank-roll-forming-machine","9":"first","10":"instock","11":"shipping-taxable","12":"product-type-simple"},"acf":[],"_links":{"self":[{"href":"https:\/\/swforming.com\/fr\/wp-json\/wp\/v2\/product\/1985","targetHints":{"allow":["GET"]}}],"collection":[{"href":"https:\/\/swforming.com\/fr\/wp-json\/wp\/v2\/product"}],"about":[{"href":"https:\/\/swforming.com\/fr\/wp-json\/wp\/v2\/types\/product"}],"replies":[{"embeddable":true,"href":"https:\/\/swforming.com\/fr\/wp-json\/wp\/v2\/comments?post=1985"}],"version-history":[{"count":3,"href":"https:\/\/swforming.com\/fr\/wp-json\/wp\/v2\/product\/1985\/revisions"}],"predecessor-version":[{"id":3750,"href":"https:\/\/swforming.com\/fr\/wp-json\/wp\/v2\/product\/1985\/revisions\/3750"}],"wp:featuredmedia":[{"embeddable":true,"href":"https:\/\/swforming.com\/fr\/wp-json\/wp\/v2\/media\/1986"}],"wp:attachment":[{"href":"https:\/\/swforming.com\/fr\/wp-json\/wp\/v2\/media?parent=1985"}],"wp:term":[{"taxonomy":"product_brand","embeddable":true,"href":"https:\/\/swforming.com\/fr\/wp-json\/wp\/v2\/product_brand?post=1985"},{"taxonomy":"product_cat","embeddable":true,"href":"https:\/\/swforming.com\/fr\/wp-json\/wp\/v2\/product_cat?post=1985"},{"taxonomy":"product_tag","embeddable":true,"href":"https:\/\/swforming.com\/fr\/wp-json\/wp\/v2\/product_tag?post=1985"}],"curies":[{"name":"wp","href":"https:\/\/api.w.org\/{rel}","templated":true}]}}