{"id":1958,"date":"2023-01-06T01:03:11","date_gmt":"2023-01-06T01:03:11","guid":{"rendered":"https:\/\/swforming.com\/?post_type=product&#038;p=1958"},"modified":"2023-06-12T06:17:29","modified_gmt":"2023-06-12T06:17:29","slug":"auto-size-changeable-sigma-purlin-roll-forming-machine","status":"publish","type":"product","link":"https:\/\/swforming.com\/fr\/product\/auto-size-changeable-sigma-purlin-roll-forming-machine\/","title":{"rendered":"Machine de formage de rouleaux de panne Sigma \u00e0 taille variable automatique"},"content":{"rendered":"<p><img fetchpriority=\"high\" decoding=\"async\" class=\"alignnone size-full wp-image-1965\" src=\"https:\/\/swforming.com\/wp-content\/uploads\/2023\/01\/H75a3f37cb11e4b3aaabd279e2c22181c8.webp\" alt=\"\" width=\"750\" height=\"900\" title=\"\" srcset=\"https:\/\/swforming.com\/wp-content\/uploads\/2023\/01\/H75a3f37cb11e4b3aaabd279e2c22181c8.webp 750w, https:\/\/swforming.com\/wp-content\/uploads\/2023\/01\/H75a3f37cb11e4b3aaabd279e2c22181c8-600x720.webp 600w, https:\/\/swforming.com\/wp-content\/uploads\/2023\/01\/H75a3f37cb11e4b3aaabd279e2c22181c8-250x300.webp 250w, https:\/\/swforming.com\/wp-content\/uploads\/2023\/01\/H75a3f37cb11e4b3aaabd279e2c22181c8-10x12.webp 10w\" sizes=\"(max-width: 750px) 100vw, 750px\" \/><\/p>\n<p><span data-spm-anchor-id=\"a2700.details.0.i21.24163bbaYZpM6v\">Cette machine de formage de rouleaux de pannes Sigma, \u00e9galement appel\u00e9e machine de formage de rouleaux de pannes M, est utilis\u00e9e pour produire des pannes en forme de M de 80 \u00e0 300 mm de largeur, normalement son \u00e9paisseur de mat\u00e9riau est de 1,5 \u00e0 3 mm. L&#039;\u00e9paisseur maximale peut \u00e9galement \u00eatre form\u00e9e \u00e0 4,0 \u00e0 6,0 mm selon le client. exigence. <\/span><\/p>\n<p><span data-spm-anchor-id=\"a2700.details.0.i21.24163bbaYZpM6v\">SUNWAY con\u00e7oit cette machine pour fonctionner avec n&#039;importe quelle taille de panne, des tailles automatiquement r\u00e9glables par PLC ou ajuste manuellement la molette de la poign\u00e9e pour changer la largeur de la feuille pour obtenir une largeur et une hauteur diff\u00e9rentes. C&#039;est beaucoup plus facile que d&#039;ajuster les entretoises et cela peut faire gagner plus de temps. En ce qui concerne l&#039;unit\u00e9 de poin\u00e7onnage, nous pouvons concevoir le pr\u00e9 poin\u00e7onnage, le post poin\u00e7onnage selon vos besoins. Pour l&#039;unit\u00e9 de coupe, vous pouvez choisir la pr\u00e9-coupe ou la post-coupe qui est la coupe universelle. Le syst\u00e8me d&#039;entra\u00eenement que nous adoptons la cha\u00eene et principalement avec cardan\/bo\u00eete de vitesses pour la transmission si la mati\u00e8re premi\u00e8re est plus \u00e9paisse que 2,5 mm, c&#039;est une puissance d&#039;entra\u00eenement beaucoup plus forte et plus stable lors de la formation des pannes.<\/span><\/p>\n<p>La profileuse de pannes est la plus populaire et est largement utilis\u00e9e dans les syst\u00e8mes de construction en m\u00e9tal, les solutions de toiture \u00e9normes, les projets de construction et de r\u00e9novation, etc. Notre profileuse de pannes peut produire une panne C, une panne U, une panne Z. Selon votre profil de section, la gamme de taille, la gamme d&#039;\u00e9paisseur, nous pouvons vous proposer diff\u00e9rentes solutions de machine de profilage de pannes pour fabriquer une gamme compl\u00e8te de pannes structurelles (changement de hauteur et de largeur \u00e0 l&#039;aide d&#039;un syst\u00e8me automatique par moteurs)\u00a0: si vous avez seulement besoin de produire quelques tailles , nous sugg\u00e9rons \u00e9galement de changer manuellement les manchons, c&#039;est plus abordable.<\/p>\n<p>Nous r\u00e9alisons diff\u00e9rentes solutions en fonction du dessin, de la tol\u00e9rance et du budget des clients, offrant un service professionnel personnalis\u00e9, adaptable \u00e0 toutes vos exigences. Quelle que soit la ligne que vous choisissez, la qualit\u00e9 de SUNWAY Machinery vous assurera d&#039;obtenir des profil\u00e9s parfaitement fonctionnels.<\/p>\n<p>Cliquez ici pour en savoir plus sur le <strong><a href=\"https:\/\/swforming.com\/fr\/purlin-roll-forming-machine-all-in-one-2023\/\">machine de formage de rouleaux de pannes<\/a><\/strong><\/p>\n<h3>Dessins de profil<\/h3>\n<p><img decoding=\"async\" class=\"alignnone size-full wp-image-1966\" src=\"https:\/\/swforming.com\/wp-content\/uploads\/2023\/01\/H857a3fc0cbbc401da288142db392df666.webp\" alt=\"\" width=\"1748\" height=\"1078\" title=\"\" srcset=\"https:\/\/swforming.com\/wp-content\/uploads\/2023\/01\/H857a3fc0cbbc401da288142db392df666.webp 1748w, https:\/\/swforming.com\/wp-content\/uploads\/2023\/01\/H857a3fc0cbbc401da288142db392df666-600x370.webp 600w, https:\/\/swforming.com\/wp-content\/uploads\/2023\/01\/H857a3fc0cbbc401da288142db392df666-300x185.webp 300w, https:\/\/swforming.com\/wp-content\/uploads\/2023\/01\/H857a3fc0cbbc401da288142db392df666-1024x632.webp 1024w, https:\/\/swforming.com\/wp-content\/uploads\/2023\/01\/H857a3fc0cbbc401da288142db392df666-768x474.webp 768w, https:\/\/swforming.com\/wp-content\/uploads\/2023\/01\/H857a3fc0cbbc401da288142db392df666-1536x947.webp 1536w, https:\/\/swforming.com\/wp-content\/uploads\/2023\/01\/H857a3fc0cbbc401da288142db392df666-18x12.webp 18w\" sizes=\"(max-width: 1748px) 100vw, 1748px\" \/><\/p>\n<p><img decoding=\"async\" class=\"alignnone size-full wp-image-1967\" src=\"https:\/\/swforming.com\/wp-content\/uploads\/2023\/01\/20230106085127.png\" alt=\"\" width=\"750\" height=\"181\" title=\"\" srcset=\"https:\/\/swforming.com\/wp-content\/uploads\/2023\/01\/20230106085127.png 750w, https:\/\/swforming.com\/wp-content\/uploads\/2023\/01\/20230106085127-600x145.png 600w, https:\/\/swforming.com\/wp-content\/uploads\/2023\/01\/20230106085127-300x72.png 300w, https:\/\/swforming.com\/wp-content\/uploads\/2023\/01\/20230106085127-18x4.png 18w\" sizes=\"(max-width: 750px) 100vw, 750px\" \/><\/p>\n<h3>Ligne de production<img loading=\"lazy\" decoding=\"async\" class=\"alignnone size-full wp-image-1968\" src=\"https:\/\/swforming.com\/wp-content\/uploads\/2023\/01\/Hcbf4054b977e4ee485ae42a6ed3b8354E.webp\" alt=\"\" width=\"1748\" height=\"586\" title=\"\" srcset=\"https:\/\/swforming.com\/wp-content\/uploads\/2023\/01\/Hcbf4054b977e4ee485ae42a6ed3b8354E.webp 1748w, https:\/\/swforming.com\/wp-content\/uploads\/2023\/01\/Hcbf4054b977e4ee485ae42a6ed3b8354E-600x201.webp 600w, https:\/\/swforming.com\/wp-content\/uploads\/2023\/01\/Hcbf4054b977e4ee485ae42a6ed3b8354E-300x101.webp 300w, https:\/\/swforming.com\/wp-content\/uploads\/2023\/01\/Hcbf4054b977e4ee485ae42a6ed3b8354E-1024x343.webp 1024w, https:\/\/swforming.com\/wp-content\/uploads\/2023\/01\/Hcbf4054b977e4ee485ae42a6ed3b8354E-768x257.webp 768w, https:\/\/swforming.com\/wp-content\/uploads\/2023\/01\/Hcbf4054b977e4ee485ae42a6ed3b8354E-1536x515.webp 1536w, https:\/\/swforming.com\/wp-content\/uploads\/2023\/01\/Hcbf4054b977e4ee485ae42a6ed3b8354E-18x6.webp 18w\" sizes=\"(max-width: 1748px) 100vw, 1748px\" \/><\/h3>\n<h3>d\u00e9tails du produit<\/h3>\n<p><img loading=\"lazy\" decoding=\"async\" class=\"alignnone size-full wp-image-1882\" src=\"https:\/\/swforming.com\/wp-content\/uploads\/2022\/12\/Detail.png\" alt=\"\" width=\"1000\" height=\"1721\" title=\"\" srcset=\"https:\/\/swforming.com\/wp-content\/uploads\/2022\/12\/Detail.png 1000w, https:\/\/swforming.com\/wp-content\/uploads\/2022\/12\/Detail-600x1033.png 600w, https:\/\/swforming.com\/wp-content\/uploads\/2022\/12\/Detail-174x300.png 174w, https:\/\/swforming.com\/wp-content\/uploads\/2022\/12\/Detail-595x1024.png 595w, https:\/\/swforming.com\/wp-content\/uploads\/2022\/12\/Detail-768x1322.png 768w, https:\/\/swforming.com\/wp-content\/uploads\/2022\/12\/Detail-893x1536.png 893w, https:\/\/swforming.com\/wp-content\/uploads\/2022\/12\/Detail-7x12.png 7w\" sizes=\"(max-width: 1000px) 100vw, 1000px\" \/> <img loading=\"lazy\" decoding=\"async\" class=\"alignnone size-full wp-image-1969\" src=\"https:\/\/swforming.com\/wp-content\/uploads\/2023\/01\/Product-Details.png\" alt=\"\" width=\"1000\" height=\"1724\" title=\"\" srcset=\"https:\/\/swforming.com\/wp-content\/uploads\/2023\/01\/Product-Details.png 1000w, https:\/\/swforming.com\/wp-content\/uploads\/2023\/01\/Product-Details-600x1034.png 600w, https:\/\/swforming.com\/wp-content\/uploads\/2023\/01\/Product-Details-174x300.png 174w, https:\/\/swforming.com\/wp-content\/uploads\/2023\/01\/Product-Details-594x1024.png 594w, https:\/\/swforming.com\/wp-content\/uploads\/2023\/01\/Product-Details-768x1324.png 768w, https:\/\/swforming.com\/wp-content\/uploads\/2023\/01\/Product-Details-891x1536.png 891w, https:\/\/swforming.com\/wp-content\/uploads\/2023\/01\/Product-Details-7x12.png 7w\" sizes=\"(max-width: 1000px) 100vw, 1000px\" \/><\/p>\n<h3>Param\u00e8tres du produit<\/h3>\n<div style=\"overflow-x: auto;\">\n<table>\n<tbody>\n<tr>\n<td style=\"text-align: center;\" colspan=\"3\" rowspan=\"1\" data-sheets-value=\"{&quot;1&quot;:2,&quot;2&quot;:&quot;Auto Size Changeable Sigma Purlin Roll Forming Machine&quot;}\"><strong>Machine de formage de rouleaux de panne Sigma \u00e0 taille variable automatique<\/strong><\/td>\n<\/tr>\n<tr>\n<td colspan=\"1\" rowspan=\"2\" data-sheets-value=\"{&quot;1&quot;:2,&quot;2&quot;:&quot;Machinable Material&quot;}\">\n<div>Mat\u00e9riau usinable<\/div>\n<\/td>\n<td data-sheets-value=\"{&quot;1&quot;:2,&quot;2&quot;:&quot;A) Galvanized Coil&quot;}\">A) Bobine galvanis\u00e9e<\/td>\n<td colspan=\"1\" rowspan=\"2\" data-sheets-value=\"{&quot;1&quot;:2,&quot;2&quot;:&quot;Thickness(MM): 1.5-3 or as per customer&quot;}\">\n<div>\u00c9paisseur(MM) : 1,5-3 ou selon le client<\/div>\n<\/td>\n<\/tr>\n<tr>\n<td data-sheets-value=\"{&quot;1&quot;:2,&quot;2&quot;:&quot;B) Carbon Steel Coil&quot;}\">B) Bobine d&#039;acier au carbone<\/td>\n<\/tr>\n<tr>\n<td data-sheets-value=\"{&quot;1&quot;:2,&quot;2&quot;:&quot;Yield Strength&quot;}\">Limite d&#039;\u00e9lasticit\u00e9<\/td>\n<td colspan=\"2\" rowspan=\"1\" data-sheets-value=\"{&quot;1&quot;:2,&quot;2&quot;:&quot;250 - 550 Mpa&quot;}\">250 \u2013 550 MPa<\/td>\n<\/tr>\n<tr>\n<td data-sheets-value=\"{&quot;1&quot;:2,&quot;2&quot;:&quot;Tensil Stress&quot;}\">Contrainte de traction<\/td>\n<td colspan=\"2\" rowspan=\"1\" data-sheets-value=\"{&quot;1&quot;:2,&quot;2&quot;:&quot;G350 Mpa-G550 Mpa&quot;}\">G350 MPa-G550 MPa<\/td>\n<\/tr>\n<tr>\n<td data-sheets-value=\"{&quot;1&quot;:2,&quot;2&quot;:&quot;Decoiler&quot;}\">D\u00e9rouleur<\/td>\n<td data-sheets-value=\"{&quot;1&quot;:2,&quot;2&quot;:&quot;Manual Decoiler&quot;}\">D\u00e9rouleur manuel<\/td>\n<td data-sheets-value=\"{&quot;1&quot;:2,&quot;2&quot;:&quot;* Hydraulic Decoiler (Optional)&quot;}\">* D\u00e9rouleur hydraulique (facultatif)<\/td>\n<\/tr>\n<tr>\n<td data-sheets-value=\"{&quot;1&quot;:2,&quot;2&quot;:&quot;Punching System&quot;}\">Syst\u00e8me de poin\u00e7onnage<\/td>\n<td data-sheets-value=\"{&quot;1&quot;:2,&quot;2&quot;:&quot;Hydraulic Punching Station&quot;}\">Station de poin\u00e7onnage hydraulique<\/td>\n<td data-sheets-value=\"{&quot;1&quot;:2,&quot;2&quot;:&quot;* Pre-punch \/ Post Punch (Optional)&quot;}\">* Pr\u00e9-perforation \/ Post-perforation (facultatif)<\/td>\n<\/tr>\n<tr>\n<td data-sheets-value=\"{&quot;1&quot;:2,&quot;2&quot;:&quot;Forming Station&quot;}\">Station de formage<\/td>\n<td colspan=\"2\" rowspan=\"1\" data-sheets-value=\"{&quot;1&quot;:2,&quot;2&quot;:&quot;About 16 Stations&quot;}\">Environ 16 stations<\/td>\n<\/tr>\n<tr>\n<td data-sheets-value=\"{&quot;1&quot;:2,&quot;2&quot;:&quot;Driving System&quot;}\">Syst\u00e8me de conduite<\/td>\n<td data-sheets-value=\"{&quot;1&quot;:2,&quot;2&quot;:&quot;Chain Drive&quot;}\">Entrainement par CHAINE<\/td>\n<td data-sheets-value=\"{&quot;1&quot;:2,&quot;2&quot;:&quot;* Gearbox Drive (Optional)&quot;}\">* Entra\u00eenement de bo\u00eete de vitesses (facultatif)<\/td>\n<\/tr>\n<tr>\n<td data-sheets-value=\"{&quot;1&quot;:2,&quot;2&quot;:&quot;Machine Structure&quot;}\">Structure de la machine<\/td>\n<td data-sheets-value=\"{&quot;1&quot;:2,&quot;2&quot;:&quot;Wall Panel Station&quot;}\">Station de panneaux muraux<\/td>\n<td data-sheets-value=\"{&quot;1&quot;:2,&quot;2&quot;:&quot;* Forged Iron Station (Optional)&quot;}\">* Station de fer forg\u00e9 (facultatif)<\/td>\n<\/tr>\n<tr>\n<td data-sheets-value=\"{&quot;1&quot;:2,&quot;2&quot;:&quot;Forming Speed&quot;}\">Vitesse de formage<\/td>\n<td data-sheets-value=\"{&quot;1&quot;:2,&quot;2&quot;:&quot;10-20 (M\/MIN)&quot;}\">10-20 (M\/MIN)<\/td>\n<td data-sheets-value=\"{&quot;1&quot;:2,&quot;2&quot;:&quot;* Or According To Your Requirment&quot;}\">* Ou selon vos besoins<\/td>\n<\/tr>\n<tr>\n<td data-sheets-value=\"{&quot;1&quot;:2,&quot;2&quot;:&quot;Rollers\u2019 Material&quot;}\">Mat\u00e9riau des rouleaux<\/td>\n<td data-sheets-value=\"{&quot;1&quot;:2,&quot;2&quot;:&quot;GCr 15&quot;}\">GCr 15<\/td>\n<td data-sheets-value=\"{&quot;1&quot;:2,&quot;2&quot;:&quot;* Cr12Mov (Optional)&quot;}\">* Cr12Mov (facultatif)<\/td>\n<\/tr>\n<tr>\n<td data-sheets-value=\"{&quot;1&quot;:2,&quot;2&quot;:&quot;Cutting System&quot;}\">Syst\u00e8me de coupe<\/td>\n<td data-sheets-value=\"{&quot;1&quot;:2,&quot;2&quot;:&quot;Pre-cutting&quot;}\">Pr\u00e9-coupe<\/td>\n<td data-sheets-value=\"{&quot;1&quot;:2,&quot;2&quot;:&quot;* Post- universal Cutting (Optional)&quot;}\">* Coupe post-universelle (en option)<\/td>\n<\/tr>\n<tr>\n<td data-sheets-value=\"{&quot;1&quot;:2,&quot;2&quot;:&quot;Frequency Changer Brand&quot;}\">Marque de changeur de fr\u00e9quence<\/td>\n<td data-sheets-value=\"{&quot;1&quot;:2,&quot;2&quot;:&quot;Yaskawa&quot;}\">Yaskawa<\/td>\n<td data-sheets-value=\"{&quot;1&quot;:2,&quot;2&quot;:&quot;* Siemens (Optional)&quot;}\">*Siemens (facultatif)<\/td>\n<\/tr>\n<tr>\n<td data-sheets-value=\"{&quot;1&quot;:2,&quot;2&quot;:&quot;PLC Brand&quot;}\">Marque PLC<\/td>\n<td data-sheets-value=\"{&quot;1&quot;:2,&quot;2&quot;:&quot;Panasonic&quot;}\">Panasonic<\/td>\n<td data-sheets-value=\"{&quot;1&quot;:2,&quot;2&quot;:&quot;* Siemens (Optional)&quot;}\">*Siemens (facultatif)<\/td>\n<\/tr>\n<tr>\n<td data-sheets-value=\"{&quot;1&quot;:2,&quot;2&quot;:&quot;Power Supply&quot;}\">Source de courant<\/td>\n<td data-sheets-value=\"{&quot;1&quot;:2,&quot;2&quot;:&quot;380V 50Hz&quot;}\">380V 50Hz<\/td>\n<td data-sheets-value=\"{&quot;1&quot;:2,&quot;2&quot;:&quot;* Or According To Your Requirment&quot;}\">* Ou selon vos besoins<\/td>\n<\/tr>\n<tr>\n<td data-sheets-value=\"{&quot;1&quot;:2,&quot;2&quot;:&quot;Machine Color&quot;}\">Couleur de l&#039;appareil<\/td>\n<td data-sheets-value=\"{&quot;1&quot;:2,&quot;2&quot;:&quot;Industrial Blue&quot;}\">Bleu industriel<\/td>\n<td data-sheets-value=\"{&quot;1&quot;:2,&quot;2&quot;:&quot;* Or According To Your Requirment&quot;}\">* Ou selon vos besoins<\/td>\n<\/tr>\n<\/tbody>\n<\/table>\n<\/div>\n<h3>Application<\/h3>\n<p><img loading=\"lazy\" decoding=\"async\" class=\"alignnone size-full wp-image-1870\" src=\"https:\/\/swforming.com\/wp-content\/uploads\/2022\/12\/Application20221213150814.png\" alt=\"\" width=\"1000\" height=\"605\" title=\"\" srcset=\"https:\/\/swforming.com\/wp-content\/uploads\/2022\/12\/Application20221213150814.png 1000w, https:\/\/swforming.com\/wp-content\/uploads\/2022\/12\/Application20221213150814-600x363.png 600w, https:\/\/swforming.com\/wp-content\/uploads\/2022\/12\/Application20221213150814-300x182.png 300w, https:\/\/swforming.com\/wp-content\/uploads\/2022\/12\/Application20221213150814-768x465.png 768w, https:\/\/swforming.com\/wp-content\/uploads\/2022\/12\/Application20221213150814-18x12.png 18w\" sizes=\"(max-width: 1000px) 100vw, 1000px\" \/><\/p>\n<h3>Qu'est-ce qu'une profileuse automatique pour pannes en c ?<\/h3>\n<p>Une profileuse automatique pour pannes en C est un \u00e9quipement sp\u00e9cialis\u00e9 utilis\u00e9 dans l'industrie manufacturi\u00e8re pour produire des pannes en C. Les pannes sont des \u00e9l\u00e9ments structurels utilis\u00e9s dans la construction de b\u00e2timents. Les pannes sont des \u00e9l\u00e9ments structurels utilis\u00e9s dans la construction de b\u00e2timents, g\u00e9n\u00e9ralement pour soutenir le toit ou les murs. Les pannes en C ont une section transversale en forme de C, qui ressemble \u00e0 la lettre \"C\".<\/p>\n<p>La profileuse est con\u00e7ue pour alimenter, fa\u00e7onner et couper automatiquement des bobines de m\u00e9tal en pannes en forme de C. Elle se compose d'une s\u00e9rie de rouleaux et de stations d'outillage qui fa\u00e7onnent progressivement la bande de m\u00e9tal dans le profil souhait\u00e9. Elle se compose d'une s\u00e9rie de rouleaux et de stations d'outillage qui fa\u00e7onnent progressivement la bande de m\u00e9tal dans le profil souhait\u00e9. La machine fonctionne en continu, la bande de m\u00e9tal \u00e9tant introduite dans la machine et transform\u00e9e en une panne en C finie \u00e0 l'autre extr\u00e9mit\u00e9.<\/p>\n<p>La nature automatique de la machine signifie qu'elle ne n\u00e9cessite qu'une intervention manuelle minimale. Une fois que la machine est r\u00e9gl\u00e9e et configur\u00e9e avec les param\u00e8tres souhait\u00e9s, elle peut produire des pannes C de mani\u00e8re coh\u00e9rente et efficace. La machine peut \u00eatre programm\u00e9e pour produire des pannes de diff\u00e9rentes tailles et longueurs en ajustant les param\u00e8tres.<\/p>\n<p>Les profileuses automatiques pour pannes en C sont largement utilis\u00e9es dans l'industrie de la construction en raison de leur capacit\u00e9 \u00e0 produire des pannes avec une pr\u00e9cision et une vitesse \u00e9lev\u00e9es. Elles offrent des avantages tels que la r\u00e9duction des co\u00fbts de main-d'\u0153uvre, l'am\u00e9lioration de la productivit\u00e9 et une qualit\u00e9 de produit constante.<\/p>\n<h3>avantages de la machine de profilage de pannes oem c<\/h3>\n<ol>\n<li>Expertise et qualit\u00e9 : Les fabricants OEM sont sp\u00e9cialis\u00e9s dans les \u00e9quipements de profilage et poss\u00e8dent des connaissances et une exp\u00e9rience approfondies en mati\u00e8re de conception et de production de machines de haute qualit\u00e9. En optant pour une machine OEM, vous pouvez b\u00e9n\u00e9ficier de leur expertise et vous assurer que vous obtenez un produit fiable et bien construit.<\/li>\n<li>Personnalisation : Les machines OEM peuvent \u00eatre adapt\u00e9es \u00e0 vos besoins sp\u00e9cifiques. Le fabricant OEM travaillera en \u00e9troite collaboration avec vous pour comprendre vos besoins et adapter la machine en cons\u00e9quence. La machine est ainsi optimis\u00e9e pour votre processus de production, ce qui vous permet d'obtenir le rendement et la qualit\u00e9 souhait\u00e9s.<\/li>\n<li>Assistance et formation : Les fabricants OEM proposent souvent des services complets d'assistance et de formation. Ils peuvent vous assister dans l'installation, la configuration et le fonctionnement de la machine. En outre, ils peuvent proposer une formation \u00e0 votre personnel, afin de s'assurer qu'il conna\u00eet bien le fonctionnement et l'entretien de la machine. Cette assistance peut contribuer \u00e0 minimiser les temps d'arr\u00eat et \u00e0 maximiser la productivit\u00e9.<\/li>\n<li>Service apr\u00e8s-vente : Les fabricants OEM proposent g\u00e9n\u00e9ralement un service apr\u00e8s-vente et une assistance. Ce service comprend l'assistance au d\u00e9pannage, la disponibilit\u00e9 des pi\u00e8ces de rechange et les services de maintenance. Un service apr\u00e8s-vente fiable permet de r\u00e9soudre rapidement les probl\u00e8mes que vous pourriez rencontrer avec la machine et de minimiser les interruptions de production.<\/li>\n<li>Possibilit\u00e9s de marquage : Avec une machine OEM, vous avez la possibilit\u00e9 de marquer la machine au nom de votre entreprise ou de votre label. Cela vous permet d'am\u00e9liorer la visibilit\u00e9 de votre marque et d'asseoir votre identit\u00e9 sur le march\u00e9. Vous pouvez \u00e9galement commercialiser la machine comme un \u00e9l\u00e9ment de votre gamme de produits, offrant ainsi une valeur ajout\u00e9e \u00e0 vos clients.<\/li>\n<li>Rentabilit\u00e9 : La collaboration avec un fabricant OEM peut souvent \u00eatre une solution rentable par rapport au d\u00e9veloppement de l'\u00e9quipement en interne. Vous pouvez \u00e9conomiser sur les d\u00e9penses li\u00e9es \u00e0 la recherche et au d\u00e9veloppement, \u00e0 l'ing\u00e9nierie et aux installations de fabrication. En outre, en vous associant \u00e0 un fabricant OEM, vous pouvez tirer parti de ses \u00e9conomies d'\u00e9chelle, ce qui peut permettre de r\u00e9duire le co\u00fbt global de la machine.<\/li>\n<\/ol>\n<h3>Comment fonctionne la profileuse pour pannes en U modifiables ?<\/h3>\n<p>Une profileuse pour pannes en U changeantes est une profileuse sp\u00e9cialement con\u00e7ue pour produire des pannes en U de dimensions changeantes. Les pannes en U sont couramment utilis\u00e9es dans la construction pour assurer le soutien structurel des toits, des murs et des planchers.<\/p>\n<p>La principale caract\u00e9ristique d'une profileuse pour pannes en U modifiable est sa capacit\u00e9 \u00e0 produire des pannes en U de tailles et de dimensions diff\u00e9rentes. Cette flexibilit\u00e9 permet une grande souplesse de fabrication, car la machine peut \u00eatre facilement r\u00e9gl\u00e9e pour produire des pannes en U de diff\u00e9rentes largeurs, profondeurs et longueurs de brides.<\/p>\n<p>Voici comment fonctionne g\u00e9n\u00e9ralement une machine de profilage de pannes en U modifiables :<\/p>\n<ol>\n<li>Alimentation en mat\u00e9riau : La machine commence par introduire une bobine de bande m\u00e9tallique dans la machine. La bande est g\u00e9n\u00e9ralement faite d'acier galvanis\u00e9, d'acier inoxydable ou d'autres mat\u00e9riaux appropri\u00e9s.<\/li>\n<li>Formage par laminage : La bande de m\u00e9tal passe \u00e0 travers une s\u00e9rie de rouleaux et de stations d'outillage qui lui donnent progressivement la forme d'un profil en U. Ces rouleaux et stations sont r\u00e9glables, ce qui permet de modifier la largeur et la profondeur de la panne en U produite. Ces rouleaux et stations sont r\u00e9glables, ce qui permet de modifier la largeur et la profondeur de la panne en U produite.<\/li>\n<li>Coupe et mesure de la longueur : Une fois le profil en U form\u00e9, la machine comprend un m\u00e9canisme de coupe qui d\u00e9coupe la panne \u00e0 la longueur souhait\u00e9e. Certaines machines sont \u00e9galement dot\u00e9es d'un syst\u00e8me de mesure de la longueur int\u00e9gr\u00e9 pour garantir une coupe pr\u00e9cise et coh\u00e9rente.<\/li>\n<li>Empilage ou emballage : Apr\u00e8s la d\u00e9coupe, les pannes en U finies sont g\u00e9n\u00e9ralement empil\u00e9es ou emball\u00e9es pour faciliter la manutention et le transport.<\/li>\n<\/ol>\n<p>La nature changeante de la machine permet de passer rapidement et efficacement d'une taille de panne en U \u00e0 une autre. Les r\u00e9glages sont g\u00e9n\u00e9ralement effectu\u00e9s au moyen de simples commandes manuelles ou automatis\u00e9es, ce qui permet aux op\u00e9rateurs de d\u00e9finir facilement les dimensions souhait\u00e9es.<\/p>","protected":false},"excerpt":{"rendered":"<p><span data-spm-anchor-id=\"a2700.details.0.i21.24163bbaYZpM6v\">Cette machine de formage de rouleaux de pannes Sigma, \u00e9galement appel\u00e9e machine de formage de rouleaux de pannes M, est utilis\u00e9e pour produire des pannes en forme de M de 80 \u00e0 300 mm de largeur, normalement son \u00e9paisseur de mat\u00e9riau est de 1,5 \u00e0 3 mm. L&#039;\u00e9paisseur maximale peut \u00e9galement \u00eatre form\u00e9e \u00e0 4,0 \u00e0 6,0 mm selon le client. exigence.<\/span><\/p>","protected":false},"featured_media":1959,"comment_status":"closed","ping_status":"closed","template":"","meta":{"_acf_changed":false},"product_brand":[],"product_cat":[52,112,113,73],"product_tag":[],"class_list":{"0":"post-1958","1":"product","2":"type-product","3":"status-publish","4":"has-post-thumbnail","6":"product_cat-steel-structure","7":"product_cat-profile-roll-forming-machine","8":"product_cat-purlin-roll-forming-machine","9":"product_cat-sigma-purlin-roll-forming-machine","11":"first","12":"instock","13":"shipping-taxable","14":"product-type-simple"},"acf":[],"_links":{"self":[{"href":"https:\/\/swforming.com\/fr\/wp-json\/wp\/v2\/product\/1958","targetHints":{"allow":["GET"]}}],"collection":[{"href":"https:\/\/swforming.com\/fr\/wp-json\/wp\/v2\/product"}],"about":[{"href":"https:\/\/swforming.com\/fr\/wp-json\/wp\/v2\/types\/product"}],"replies":[{"embeddable":true,"href":"https:\/\/swforming.com\/fr\/wp-json\/wp\/v2\/comments?post=1958"}],"version-history":[{"count":4,"href":"https:\/\/swforming.com\/fr\/wp-json\/wp\/v2\/product\/1958\/revisions"}],"predecessor-version":[{"id":3208,"href":"https:\/\/swforming.com\/fr\/wp-json\/wp\/v2\/product\/1958\/revisions\/3208"}],"wp:featuredmedia":[{"embeddable":true,"href":"https:\/\/swforming.com\/fr\/wp-json\/wp\/v2\/media\/1959"}],"wp:attachment":[{"href":"https:\/\/swforming.com\/fr\/wp-json\/wp\/v2\/media?parent=1958"}],"wp:term":[{"taxonomy":"product_brand","embeddable":true,"href":"https:\/\/swforming.com\/fr\/wp-json\/wp\/v2\/product_brand?post=1958"},{"taxonomy":"product_cat","embeddable":true,"href":"https:\/\/swforming.com\/fr\/wp-json\/wp\/v2\/product_cat?post=1958"},{"taxonomy":"product_tag","embeddable":true,"href":"https:\/\/swforming.com\/fr\/wp-json\/wp\/v2\/product_tag?post=1958"}],"curies":[{"name":"wp","href":"https:\/\/api.w.org\/{rel}","templated":true}]}}