{"id":1872,"date":"2022-12-19T06:12:50","date_gmt":"2022-12-19T06:12:50","guid":{"rendered":"https:\/\/swforming.com\/?post_type=product&#038;p=1872"},"modified":"2024-09-05T03:33:13","modified_gmt":"2024-09-05T03:33:13","slug":"machine-de-formage-de-rouleaux-de-pannes-auto-taille-changeable-cz","status":"publish","type":"product","link":"https:\/\/swforming.com\/fr\/product\/auto-size-changeable-c-z-purlin-roll-forming-machine\/","title":{"rendered":"Machine de formage de rouleaux de panne CZ \u00e0 taille variable automatique"},"content":{"rendered":"<p><img fetchpriority=\"high\" decoding=\"async\" class=\"alignnone size-full wp-image-1879\" src=\"https:\/\/swforming.com\/wp-content\/uploads\/2022\/12\/H3ac0392a26ca492787a9be112fee2382b.webp\" alt=\"\" width=\"750\" height=\"900\" title=\"\" srcset=\"https:\/\/swforming.com\/wp-content\/uploads\/2022\/12\/H3ac0392a26ca492787a9be112fee2382b.webp 750w, https:\/\/swforming.com\/wp-content\/uploads\/2022\/12\/H3ac0392a26ca492787a9be112fee2382b-600x720.webp 600w, https:\/\/swforming.com\/wp-content\/uploads\/2022\/12\/H3ac0392a26ca492787a9be112fee2382b-250x300.webp 250w, https:\/\/swforming.com\/wp-content\/uploads\/2022\/12\/H3ac0392a26ca492787a9be112fee2382b-10x12.webp 10w\" sizes=\"(max-width: 750px) 100vw, 750px\" \/><\/p>\n<p>Cette machine de formage de rouleaux de pannes CZ \u00e0 taille variable automatique est utilis\u00e9e pour produire des pannes de forme C &amp; Z de 100 \u00e0 300 mm de largeur, normalement son \u00e9paisseur de mat\u00e9riau est de 1,5 \u00e0 3 mm, \u00e9galement l&#039;\u00e9paisseur maximale peut \u00eatre form\u00e9e \u00e0 4,0 \u00e0 6,0 mm selon les exigences du client.<\/p>\n<p>SUNWAY con\u00e7oit cette machine de formage de rouleaux de pannes CZ \u00e0 taille variable pour fonctionner avec n&#039;importe quelle taille de panne, tailles automatiquement r\u00e9glables par PLC. De plus, le changement de temps de C \u00e0 Z ne n\u00e9cessite que 10 minutes. En ce qui concerne l&#039;unit\u00e9 de poin\u00e7onnage, nous pouvons concevoir le pr\u00e9 poin\u00e7onnage, le post poin\u00e7onnage selon vos besoins. Pour l&#039;unit\u00e9 de coupe, vous pouvez choisir la pr\u00e9-coupe ou la post-coupe qui est la coupe universelle. Le syst\u00e8me d&#039;entra\u00eenement que nous adoptons la cha\u00eene et principalement avec cardan\/bo\u00eete de vitesses pour la transmission si la mati\u00e8re premi\u00e8re est plus \u00e9paisse que 2,5 mm, c&#039;est une puissance d&#039;entra\u00eenement beaucoup plus forte et plus stable lors de la formation des pannes.<\/p>\n<p>La profileuse de pannes est la plus populaire et est largement utilis\u00e9e dans les syst\u00e8mes de construction en m\u00e9tal, les solutions de toiture \u00e9normes, les projets de construction et de r\u00e9novation, etc. :100-300 mm, hauteur : 50-100 mm, \u00e9paisseur : 1,5-3 mm. Selon votre profil de section, la gamme de taille, la gamme d&#039;\u00e9paisseur, nous pouvons vous proposer diff\u00e9rentes solutions de machine de profilage de pannes pour fabriquer une gamme compl\u00e8te de pannes structurelles (changement de hauteur et de largeur \u00e0 l&#039;aide d&#039;un syst\u00e8me automatique par moteurs)\u00a0: si vous avez seulement besoin de produire quelques tailles , nous sugg\u00e9rons \u00e9galement de changer manuellement les manchons, c&#039;est plus abordable.<\/p>\n<p>Nous r\u00e9alisons diff\u00e9rentes solutions en fonction du dessin, de la tol\u00e9rance et du budget des clients, offrant un service professionnel personnalis\u00e9, adaptable \u00e0 toutes vos exigences. Quelle que soit la ligne que vous choisissez, la qualit\u00e9 de SUNWAY Machinery vous assurera d&#039;obtenir des profil\u00e9s parfaitement fonctionnels.<\/p>\n<p>Cliquez ici pour en savoir plus sur le <a href=\"https:\/\/swforming.com\/fr\/purlin-roll-forming-machine-all-in-one-2023\/\"><strong>machine de formage de rouleaux de pannes<\/strong><\/a><\/p>\n<p>&nbsp;<\/p>\n<h3>Dessins de profil<\/h3>\n<p><img decoding=\"async\" class=\"alignnone wp-image-4990 size-full\" src=\"https:\/\/swforming.com\/wp-content\/uploads\/2022\/12\/3112-e1725507178550.jpg\" alt=\"\" width=\"1748\" height=\"1628\" title=\"\" srcset=\"https:\/\/swforming.com\/wp-content\/uploads\/2022\/12\/3112-e1725507178550.jpg 1748w, https:\/\/swforming.com\/wp-content\/uploads\/2022\/12\/3112-e1725507178550-300x279.jpg 300w, https:\/\/swforming.com\/wp-content\/uploads\/2022\/12\/3112-e1725507178550-1024x954.jpg 1024w, https:\/\/swforming.com\/wp-content\/uploads\/2022\/12\/3112-e1725507178550-768x715.jpg 768w, https:\/\/swforming.com\/wp-content\/uploads\/2022\/12\/3112-e1725507178550-1536x1431.jpg 1536w, https:\/\/swforming.com\/wp-content\/uploads\/2022\/12\/3112-e1725507178550-13x12.jpg 13w, https:\/\/swforming.com\/wp-content\/uploads\/2022\/12\/3112-e1725507178550-600x559.jpg 600w\" sizes=\"(max-width: 1748px) 100vw, 1748px\" \/><\/p>\n<p><img decoding=\"async\" class=\"alignnone wp-image-1880 size-full\" src=\"https:\/\/swforming.com\/wp-content\/uploads\/2022\/12\/He01e5dc90f274a47a11a34bbb3a7fb16l-scaled-e1725507005801.webp\" alt=\"\" width=\"1534\" height=\"1169\" title=\"\" srcset=\"https:\/\/swforming.com\/wp-content\/uploads\/2022\/12\/He01e5dc90f274a47a11a34bbb3a7fb16l-scaled-e1725507005801.webp 1534w, https:\/\/swforming.com\/wp-content\/uploads\/2022\/12\/He01e5dc90f274a47a11a34bbb3a7fb16l-scaled-e1725507005801-600x457.webp 600w, https:\/\/swforming.com\/wp-content\/uploads\/2022\/12\/He01e5dc90f274a47a11a34bbb3a7fb16l-scaled-e1725507005801-300x229.webp 300w, https:\/\/swforming.com\/wp-content\/uploads\/2022\/12\/He01e5dc90f274a47a11a34bbb3a7fb16l-scaled-e1725507005801-1024x780.webp 1024w, https:\/\/swforming.com\/wp-content\/uploads\/2022\/12\/He01e5dc90f274a47a11a34bbb3a7fb16l-scaled-e1725507005801-768x585.webp 768w, https:\/\/swforming.com\/wp-content\/uploads\/2022\/12\/He01e5dc90f274a47a11a34bbb3a7fb16l-scaled-e1725507005801-16x12.webp 16w\" sizes=\"(max-width: 1534px) 100vw, 1534px\" \/><\/p>\n<p><img loading=\"lazy\" decoding=\"async\" class=\"alignnone wp-image-1730\" src=\"https:\/\/swforming.com\/wp-content\/uploads\/2022\/11\/H878d37d716804e6cb906c27834c1cde8Q.webp\" alt=\"\" width=\"250\" height=\"184\" title=\"\" srcset=\"https:\/\/swforming.com\/wp-content\/uploads\/2022\/11\/H878d37d716804e6cb906c27834c1cde8Q.webp 600w, https:\/\/swforming.com\/wp-content\/uploads\/2022\/11\/H878d37d716804e6cb906c27834c1cde8Q-300x221.webp 300w, https:\/\/swforming.com\/wp-content\/uploads\/2022\/11\/H878d37d716804e6cb906c27834c1cde8Q-16x12.webp 16w\" sizes=\"(max-width: 250px) 100vw, 250px\" \/> <img loading=\"lazy\" decoding=\"async\" class=\"alignnone wp-image-1731\" src=\"https:\/\/swforming.com\/wp-content\/uploads\/2022\/11\/H969823f935f2428998d910b115eb815bW.webp\" alt=\"\" width=\"250\" height=\"184\" title=\"\" srcset=\"https:\/\/swforming.com\/wp-content\/uploads\/2022\/11\/H969823f935f2428998d910b115eb815bW.webp 600w, https:\/\/swforming.com\/wp-content\/uploads\/2022\/11\/H969823f935f2428998d910b115eb815bW-300x221.webp 300w, https:\/\/swforming.com\/wp-content\/uploads\/2022\/11\/H969823f935f2428998d910b115eb815bW-16x12.webp 16w\" sizes=\"(max-width: 250px) 100vw, 250px\" \/> <img loading=\"lazy\" decoding=\"async\" class=\"alignnone wp-image-1732\" src=\"https:\/\/swforming.com\/wp-content\/uploads\/2022\/11\/H907e749ae78a460fbf1455ae3e4abea8Z.webp\" alt=\"\" width=\"250\" height=\"184\" title=\"\" srcset=\"https:\/\/swforming.com\/wp-content\/uploads\/2022\/11\/H907e749ae78a460fbf1455ae3e4abea8Z.webp 600w, https:\/\/swforming.com\/wp-content\/uploads\/2022\/11\/H907e749ae78a460fbf1455ae3e4abea8Z-300x221.webp 300w, https:\/\/swforming.com\/wp-content\/uploads\/2022\/11\/H907e749ae78a460fbf1455ae3e4abea8Z-16x12.webp 16w\" sizes=\"(max-width: 250px) 100vw, 250px\" \/> <img loading=\"lazy\" decoding=\"async\" class=\"alignnone wp-image-1866\" src=\"https:\/\/swforming.com\/wp-content\/uploads\/2022\/12\/213150330.png\" alt=\"\" width=\"760\" height=\"183\" title=\"\" srcset=\"https:\/\/swforming.com\/wp-content\/uploads\/2022\/12\/213150330.png 750w, https:\/\/swforming.com\/wp-content\/uploads\/2022\/12\/213150330-600x145.png 600w, https:\/\/swforming.com\/wp-content\/uploads\/2022\/12\/213150330-300x72.png 300w, https:\/\/swforming.com\/wp-content\/uploads\/2022\/12\/213150330-18x4.png 18w\" sizes=\"(max-width: 760px) 100vw, 760px\" \/><\/p>\n<h3>Ligne de production de machines de formage de rouleaux de pannes CZ<\/h3>\n<p><img loading=\"lazy\" decoding=\"async\" class=\"alignnone size-full wp-image-1881\" src=\"https:\/\/swforming.com\/wp-content\/uploads\/2022\/12\/Hb7ee0d4392d5410abe900a7a821970159.webp\" alt=\"\" width=\"1748\" height=\"2366\" title=\"\" srcset=\"https:\/\/swforming.com\/wp-content\/uploads\/2022\/12\/Hb7ee0d4392d5410abe900a7a821970159.webp 1748w, https:\/\/swforming.com\/wp-content\/uploads\/2022\/12\/Hb7ee0d4392d5410abe900a7a821970159-600x812.webp 600w, https:\/\/swforming.com\/wp-content\/uploads\/2022\/12\/Hb7ee0d4392d5410abe900a7a821970159-222x300.webp 222w, https:\/\/swforming.com\/wp-content\/uploads\/2022\/12\/Hb7ee0d4392d5410abe900a7a821970159-757x1024.webp 757w, https:\/\/swforming.com\/wp-content\/uploads\/2022\/12\/Hb7ee0d4392d5410abe900a7a821970159-768x1040.webp 768w, https:\/\/swforming.com\/wp-content\/uploads\/2022\/12\/Hb7ee0d4392d5410abe900a7a821970159-1135x1536.webp 1135w, https:\/\/swforming.com\/wp-content\/uploads\/2022\/12\/Hb7ee0d4392d5410abe900a7a821970159-1513x2048.webp 1513w, https:\/\/swforming.com\/wp-content\/uploads\/2022\/12\/Hb7ee0d4392d5410abe900a7a821970159-9x12.webp 9w\" sizes=\"(max-width: 1748px) 100vw, 1748px\" \/><\/p>\n<h3>d\u00e9tails du produit<\/h3>\n<p><img loading=\"lazy\" decoding=\"async\" class=\"alignnone size-full wp-image-1882\" src=\"https:\/\/swforming.com\/wp-content\/uploads\/2022\/12\/Detail.png\" alt=\"\" width=\"1000\" height=\"1721\" title=\"\" srcset=\"https:\/\/swforming.com\/wp-content\/uploads\/2022\/12\/Detail.png 1000w, https:\/\/swforming.com\/wp-content\/uploads\/2022\/12\/Detail-600x1033.png 600w, https:\/\/swforming.com\/wp-content\/uploads\/2022\/12\/Detail-174x300.png 174w, https:\/\/swforming.com\/wp-content\/uploads\/2022\/12\/Detail-595x1024.png 595w, https:\/\/swforming.com\/wp-content\/uploads\/2022\/12\/Detail-768x1322.png 768w, https:\/\/swforming.com\/wp-content\/uploads\/2022\/12\/Detail-893x1536.png 893w, https:\/\/swforming.com\/wp-content\/uploads\/2022\/12\/Detail-7x12.png 7w\" sizes=\"(max-width: 1000px) 100vw, 1000px\" \/><\/p>\n<h3>Param\u00e8tres de la machine de formage de rouleaux de panne CZ<\/h3>\n<div style=\"overflow-x: auto;\">\n<table>\n<tbody>\n<tr>\n<td style=\"text-align: center;\" colspan=\"3\" rowspan=\"1\" data-sheets-value=\"{&quot;1&quot;:2,&quot;2&quot;:&quot;Auto Size Changeable C\/Z Purlin Roll Forming Machine&quot;}\"><strong>Machine de formage de rouleaux de pannes C\/Z \u00e0 taille variable automatique<\/strong><\/td>\n<\/tr>\n<tr>\n<td colspan=\"1\" rowspan=\"2\" data-sheets-value=\"{&quot;1&quot;:2,&quot;2&quot;:&quot;Machinable Material&quot;}\">\n<div>Mat\u00e9riau usinable<\/div>\n<\/td>\n<td data-sheets-value=\"{&quot;1&quot;:2,&quot;2&quot;:&quot;A) Galvanized Coil&quot;}\">A) Bobine galvanis\u00e9e<\/td>\n<td colspan=\"1\" rowspan=\"2\" data-sheets-value=\"{&quot;1&quot;:2,&quot;2&quot;:&quot;Thickness(MM): 1.5-3 or as per customer&quot;}\">\n<div>\u00c9paisseur(MM) : 1,5-3 ou selon le client<\/div>\n<\/td>\n<\/tr>\n<tr>\n<td data-sheets-value=\"{&quot;1&quot;:2,&quot;2&quot;:&quot;B) Carbon Steel Coil&quot;}\">B) Bobine d&#039;acier au carbone<\/td>\n<\/tr>\n<tr>\n<td data-sheets-value=\"{&quot;1&quot;:2,&quot;2&quot;:&quot;Yield Strength&quot;}\">Limite d&#039;\u00e9lasticit\u00e9<\/td>\n<td colspan=\"2\" rowspan=\"1\" data-sheets-value=\"{&quot;1&quot;:2,&quot;2&quot;:&quot;250 - 550 Mpa&quot;}\">250 \u2013 550 MPa<\/td>\n<\/tr>\n<tr>\n<td data-sheets-value=\"{&quot;1&quot;:2,&quot;2&quot;:&quot;Tensil Stress&quot;}\">Contrainte de traction<\/td>\n<td colspan=\"2\" rowspan=\"1\" data-sheets-value=\"{&quot;1&quot;:2,&quot;2&quot;:&quot;G350 Mpa-G550 Mpa&quot;}\">G350 MPa-G550 MPa<\/td>\n<\/tr>\n<tr>\n<td data-sheets-value=\"{&quot;1&quot;:2,&quot;2&quot;:&quot;Decoiler&quot;}\">D\u00e9rouleur<\/td>\n<td data-sheets-value=\"{&quot;1&quot;:2,&quot;2&quot;:&quot;Manual Decoiler&quot;}\">D\u00e9rouleur manuel<\/td>\n<td data-sheets-value=\"{&quot;1&quot;:2,&quot;2&quot;:&quot;* Hydraulic Decoiler (Optional)&quot;}\">* D\u00e9rouleur hydraulique (facultatif)<\/td>\n<\/tr>\n<tr>\n<td data-sheets-value=\"{&quot;1&quot;:2,&quot;2&quot;:&quot;Punching System&quot;}\">Syst\u00e8me de poin\u00e7onnage<\/td>\n<td data-sheets-value=\"{&quot;1&quot;:2,&quot;2&quot;:&quot;Hydraulic Punching Station&quot;}\">Station de poin\u00e7onnage hydraulique<\/td>\n<td data-sheets-value=\"{&quot;1&quot;:2,&quot;2&quot;:&quot;* Pre-punch \/ Post Punch (Optional)&quot;}\">* Pr\u00e9-perforation \/ Post-perforation (facultatif)<\/td>\n<\/tr>\n<tr>\n<td data-sheets-value=\"{&quot;1&quot;:2,&quot;2&quot;:&quot;Forming Station&quot;}\">Station de formage<\/td>\n<td colspan=\"2\" rowspan=\"1\" data-sheets-value=\"{&quot;1&quot;:2,&quot;2&quot;:&quot;16-18 Stations&quot;}\">16-18 Stations<\/td>\n<\/tr>\n<tr>\n<td data-sheets-value=\"{&quot;1&quot;:2,&quot;2&quot;:&quot;Driving System&quot;}\">Syst\u00e8me de conduite<\/td>\n<td data-sheets-value=\"{&quot;1&quot;:2,&quot;2&quot;:&quot;Chain Drive&quot;}\">Entrainement par CHAINE<\/td>\n<td data-sheets-value=\"{&quot;1&quot;:2,&quot;2&quot;:&quot;* Gearbox Drive (Optional)&quot;}\">* Entra\u00eenement de bo\u00eete de vitesses (facultatif)<\/td>\n<\/tr>\n<tr>\n<td data-sheets-value=\"{&quot;1&quot;:2,&quot;2&quot;:&quot;Machine Structure&quot;}\">Structure de la machine<\/td>\n<td data-sheets-value=\"{&quot;1&quot;:2,&quot;2&quot;:&quot;Wall Panel Station&quot;}\">Station de panneaux muraux<\/td>\n<td data-sheets-value=\"{&quot;1&quot;:2,&quot;2&quot;:&quot;* Forged Iron Station (Optional)&quot;}\">* Station de fer forg\u00e9 (facultatif)<\/td>\n<\/tr>\n<tr>\n<td data-sheets-value=\"{&quot;1&quot;:2,&quot;2&quot;:&quot;Forming Speed&quot;}\">Vitesse de formage<\/td>\n<td data-sheets-value=\"{&quot;1&quot;:2,&quot;2&quot;:&quot;10-20 (M\/MIN)&quot;}\">10-20 (M\/MIN)<\/td>\n<td data-sheets-value=\"{&quot;1&quot;:2,&quot;2&quot;:&quot;* Or According To Your Requirment&quot;}\">* Ou selon vos besoins<\/td>\n<\/tr>\n<tr>\n<td data-sheets-value=\"{&quot;1&quot;:2,&quot;2&quot;:&quot;Rollers\u2019 Material&quot;}\">Mat\u00e9riau des rouleaux<\/td>\n<td data-sheets-value=\"{&quot;1&quot;:2,&quot;2&quot;:&quot;GCr 15&quot;}\">GCr 15<\/td>\n<td data-sheets-value=\"{&quot;1&quot;:2,&quot;2&quot;:&quot;* Cr12Mov (Optional)&quot;}\">* Cr12Mov (facultatif)<\/td>\n<\/tr>\n<tr>\n<td data-sheets-value=\"{&quot;1&quot;:2,&quot;2&quot;:&quot;Cutting System&quot;}\">Syst\u00e8me de coupe<\/td>\n<td data-sheets-value=\"{&quot;1&quot;:2,&quot;2&quot;:&quot;Pre-cutting&quot;}\">Pr\u00e9-coupe<\/td>\n<td data-sheets-value=\"{&quot;1&quot;:2,&quot;2&quot;:&quot;* Post- universal Cutting (Optional)&quot;}\">* Coupe post-universelle (en option)<\/td>\n<\/tr>\n<tr>\n<td data-sheets-value=\"{&quot;1&quot;:2,&quot;2&quot;:&quot;Frequency Changer Brand&quot;}\">Marque de changeur de fr\u00e9quence<\/td>\n<td data-sheets-value=\"{&quot;1&quot;:2,&quot;2&quot;:&quot;Yaskawa&quot;}\">Yaskawa<\/td>\n<td data-sheets-value=\"{&quot;1&quot;:2,&quot;2&quot;:&quot;* Siemens (Optional)&quot;}\">*Siemens (facultatif)<\/td>\n<\/tr>\n<tr>\n<td data-sheets-value=\"{&quot;1&quot;:2,&quot;2&quot;:&quot;PLC Brand&quot;}\">Marque PLC<\/td>\n<td data-sheets-value=\"{&quot;1&quot;:2,&quot;2&quot;:&quot;Panasonic&quot;}\">Panasonic<\/td>\n<td data-sheets-value=\"{&quot;1&quot;:2,&quot;2&quot;:&quot;* Siemens (Optional)&quot;}\">*Siemens (facultatif)<\/td>\n<\/tr>\n<tr>\n<td data-sheets-value=\"{&quot;1&quot;:2,&quot;2&quot;:&quot;Power Supply&quot;}\">Source de courant<\/td>\n<td data-sheets-value=\"{&quot;1&quot;:2,&quot;2&quot;:&quot;380V 50Hz&quot;}\">380V 50Hz<\/td>\n<td data-sheets-value=\"{&quot;1&quot;:2,&quot;2&quot;:&quot;* Or According To Your Requirment&quot;}\">* Ou selon vos besoins<\/td>\n<\/tr>\n<tr>\n<td data-sheets-value=\"{&quot;1&quot;:2,&quot;2&quot;:&quot;Machine Color&quot;}\">Couleur de l&#039;appareil<\/td>\n<td data-sheets-value=\"{&quot;1&quot;:2,&quot;2&quot;:&quot;Industrial Blue&quot;}\">Bleu industriel<\/td>\n<td data-sheets-value=\"{&quot;1&quot;:2,&quot;2&quot;:&quot;* Or According To Your Requirment&quot;}\">* Ou selon vos besoins<\/td>\n<\/tr>\n<\/tbody>\n<\/table>\n<\/div>\n<h3>Application<\/h3>\n<p><img loading=\"lazy\" decoding=\"async\" class=\"alignnone size-full wp-image-1738\" src=\"https:\/\/swforming.com\/wp-content\/uploads\/2022\/11\/20221129092245.png\" alt=\"\" width=\"1000\" height=\"605\" title=\"\" srcset=\"https:\/\/swforming.com\/wp-content\/uploads\/2022\/11\/20221129092245.png 1000w, https:\/\/swforming.com\/wp-content\/uploads\/2022\/11\/20221129092245-600x363.png 600w, https:\/\/swforming.com\/wp-content\/uploads\/2022\/11\/20221129092245-300x182.png 300w, https:\/\/swforming.com\/wp-content\/uploads\/2022\/11\/20221129092245-768x465.png 768w, https:\/\/swforming.com\/wp-content\/uploads\/2022\/11\/20221129092245-18x12.png 18w\" sizes=\"(max-width: 1000px) 100vw, 1000px\" \/><\/p>\n<h3>Qu'est-ce qu'une profileuse pour pannes en c ?<\/h3>\n<p>Une profileuse pour pannes en C est une machine industrielle utilis\u00e9e pour produire des pannes en C, qui sont des \u00e9l\u00e9ments structurels utilis\u00e9s dans la construction. La machine fa\u00e7onne des bobines de m\u00e9tal plat en profil\u00e9 en C \u00e0 l'aide de rouleaux et d'outils. Elle comprend des composants tels que des d\u00e9rouleurs, des unit\u00e9s de nivellement, des unit\u00e9s de poin\u00e7onnage et des unit\u00e9s de coupe. La machine fonctionne automatiquement, ce qui garantit une grande pr\u00e9cision. Les pannes en C sont utilis\u00e9es pour soutenir les toits, les murs et d'autres structures de construction.<\/p>\n<p>La profileuse pour pannes en C comprend g\u00e9n\u00e9ralement des composants tels que des d\u00e9rouleurs pour maintenir et alimenter la bobine, des unit\u00e9s de planage pour redresser la bande, des unit\u00e9s de poin\u00e7onnage pour cr\u00e9er des trous ou des fentes si n\u00e9cessaire, et des unit\u00e9s de coupe pour d\u00e9couper les pannes \u00e0 la longueur souhait\u00e9e. La machine fonctionne automatiquement, entra\u00een\u00e9e par des moteurs et contr\u00f4l\u00e9e par un syst\u00e8me informatis\u00e9, ce qui garantit une pr\u00e9cision et une efficacit\u00e9 \u00e9lev\u00e9es dans le processus de production.<\/p>\n<h3>Qu'est-ce qu'une profileuse pour pannes en Z ?<\/h3>\n<p>Une profileuse pour pannes en Z est une machine industrielle utilis\u00e9e pour produire des pannes en Z, qui sont des \u00e9l\u00e9ments structurels utilis\u00e9s dans la construction. La machine fa\u00e7onne des bobines de m\u00e9tal plat en profil\u00e9 Z \u00e0 l'aide de rouleaux et d'outils. Elle comprend des composants pour l'alimentation, la mise en forme, le poin\u00e7onnage et la d\u00e9coupe des pannes. La machine fonctionne automatiquement et est entra\u00een\u00e9e par des moteurs. Les pannes en Z sont utilis\u00e9es pour soutenir les toits, les murs et d'autres \u00e9l\u00e9ments de construction.<\/p>\n<p>Comme la profileuse pour pannes en C, la profileuse pour pannes en Z comprend souvent des composants tels que des d\u00e9rouleurs, des unit\u00e9s de planage, des unit\u00e9s de poin\u00e7onnage et des unit\u00e9s de coupe. Ces composants travaillent ensemble pour alimenter la bobine, redresser la bande, cr\u00e9er des trous ou des fentes si n\u00e9cessaire, et couper les pannes \u00e0 la longueur souhait\u00e9e.<\/p>\n<h3>Qu'en est-il de la profileuse pour pannes oem ?<\/h3>\n<p>Une profileuse de pannes OEM est une profileuse de pannes fabriqu\u00e9e par un fabricant d'\u00e9quipement d'origine (OEM). Les OEM sont des entreprises qui con\u00e7oivent, fabriquent et fournissent des machines ou des \u00e9quipements destin\u00e9s \u00e0 \u00eatre utilis\u00e9s par d'autres entreprises dans leurs propres produits ou processus.<\/p>\n<p>La profileuse de pannes OEM comprend g\u00e9n\u00e9ralement les composants et les caract\u00e9ristiques n\u00e9cessaires pour fa\u00e7onner des bobines de m\u00e9tal plat en pannes de diff\u00e9rents profils, tels que des pannes en C, des pannes en Z ou d'autres conceptions personnalis\u00e9es. Elle peut avoir diff\u00e9rentes configurations, comme un nombre variable de jeux de rouleaux, de capacit\u00e9s de poin\u00e7onnage, d'unit\u00e9s de coupe et de fonctions d'automatisation, en fonction des besoins sp\u00e9cifiques du client.<\/p>\n<p>L'avantage d'utiliser une profileuse de pannes OEM est qu'elle est adapt\u00e9e aux exigences du client et qu'elle s'int\u00e8gre parfaitement \u00e0 ses processus de production. Les fabricants OEM poss\u00e8dent une expertise dans la conception et la production de profileuses, ce qui garantit la qualit\u00e9, la pr\u00e9cision et la fiabilit\u00e9 de l'\u00e9quipement qu'ils fournissent.<\/p>","protected":false},"excerpt":{"rendered":"<p>Cette machine de profilage de pannes CZ \u00e0 taille variable automatique est utilis\u00e9e pour produire des pannes de forme C &amp; Z de 100 \u00e0 300 mm de largeur, normalement son \u00e9paisseur de mat\u00e9riau est de 1,5 \u00e0 3 mm, \u00e9galement l&#039;\u00e9paisseur maximale peut \u00eatre form\u00e9e \u00e0 4,0 \u00e0 6,0 mm selon les exigences du client.<\/p>","protected":false},"featured_media":1873,"comment_status":"closed","ping_status":"closed","template":"","meta":{"_acf_changed":false},"product_brand":[],"product_cat":[74,113,52],"product_tag":[],"class_list":{"0":"post-1872","1":"product","2":"type-product","3":"status-publish","4":"has-post-thumbnail","6":"product_cat-cz-purlin-roll-forming-machine","7":"product_cat-purlin-roll-forming-machine","8":"product_cat-steel-structure","10":"first","11":"instock","12":"shipping-taxable","13":"product-type-simple"},"acf":[],"_links":{"self":[{"href":"https:\/\/swforming.com\/fr\/wp-json\/wp\/v2\/product\/1872","targetHints":{"allow":["GET"]}}],"collection":[{"href":"https:\/\/swforming.com\/fr\/wp-json\/wp\/v2\/product"}],"about":[{"href":"https:\/\/swforming.com\/fr\/wp-json\/wp\/v2\/types\/product"}],"replies":[{"embeddable":true,"href":"https:\/\/swforming.com\/fr\/wp-json\/wp\/v2\/comments?post=1872"}],"version-history":[{"count":5,"href":"https:\/\/swforming.com\/fr\/wp-json\/wp\/v2\/product\/1872\/revisions"}],"predecessor-version":[{"id":4991,"href":"https:\/\/swforming.com\/fr\/wp-json\/wp\/v2\/product\/1872\/revisions\/4991"}],"wp:featuredmedia":[{"embeddable":true,"href":"https:\/\/swforming.com\/fr\/wp-json\/wp\/v2\/media\/1873"}],"wp:attachment":[{"href":"https:\/\/swforming.com\/fr\/wp-json\/wp\/v2\/media?parent=1872"}],"wp:term":[{"taxonomy":"product_brand","embeddable":true,"href":"https:\/\/swforming.com\/fr\/wp-json\/wp\/v2\/product_brand?post=1872"},{"taxonomy":"product_cat","embeddable":true,"href":"https:\/\/swforming.com\/fr\/wp-json\/wp\/v2\/product_cat?post=1872"},{"taxonomy":"product_tag","embeddable":true,"href":"https:\/\/swforming.com\/fr\/wp-json\/wp\/v2\/product_tag?post=1872"}],"curies":[{"name":"wp","href":"https:\/\/api.w.org\/{rel}","templated":true}]}}