{"id":1857,"date":"2022-12-13T07:13:27","date_gmt":"2022-12-13T07:13:27","guid":{"rendered":"https:\/\/swforming.com\/?post_type=product&#038;p=1857"},"modified":"2023-06-13T07:12:06","modified_gmt":"2023-06-13T07:12:06","slug":"auto-size-changeable-z-purlin-roll-forming-machine","status":"publish","type":"product","link":"https:\/\/swforming.com\/fr\/product\/auto-size-changeable-z-purlin-roll-forming-machine\/","title":{"rendered":"Machine de formage de rouleaux de panne Z \u00e0 taille variable automatique"},"content":{"rendered":"<p><img fetchpriority=\"high\" decoding=\"async\" class=\"alignnone size-full wp-image-1864\" src=\"https:\/\/swforming.com\/wp-content\/uploads\/2022\/12\/H02256cf02bbe42fcb9459a09e83c05b3T.webp\" alt=\"\" width=\"750\" height=\"900\" title=\"\" srcset=\"https:\/\/swforming.com\/wp-content\/uploads\/2022\/12\/H02256cf02bbe42fcb9459a09e83c05b3T.webp 750w, https:\/\/swforming.com\/wp-content\/uploads\/2022\/12\/H02256cf02bbe42fcb9459a09e83c05b3T-600x720.webp 600w, https:\/\/swforming.com\/wp-content\/uploads\/2022\/12\/H02256cf02bbe42fcb9459a09e83c05b3T-250x300.webp 250w, https:\/\/swforming.com\/wp-content\/uploads\/2022\/12\/H02256cf02bbe42fcb9459a09e83c05b3T-10x12.webp 10w\" sizes=\"(max-width: 750px) 100vw, 750px\" \/><\/p>\n<p><span class=\"magic-8\"> Cette profileuse de pannes en Z est utilis\u00e9e pour produire des pannes en forme de Z de 100 \u00e0 300 mm de largeur, normalement son \u00e9paisseur de mat\u00e9riau est de 1,5 \u00e0 3 mm. L&#039;\u00e9paisseur maximale peut \u00e9galement \u00eatre form\u00e9e \u00e0 4,0 \u00e0 6,0 mm selon les exigences du client.<\/span><\/p>\n<p>SUNWAY con\u00e7oit cette machine pour fonctionner avec n&#039;importe quelle taille de panne, des tailles automatiquement r\u00e9glables par PLC ou ajuste manuellement la molette de la poign\u00e9e pour changer la largeur de la feuille pour obtenir une largeur et une hauteur diff\u00e9rentes. C&#039;est beaucoup plus facile que d&#039;ajuster les entretoises et cela peut faire gagner plus de temps. En ce qui concerne l&#039;unit\u00e9 de poin\u00e7onnage, nous pouvons concevoir le pr\u00e9 poin\u00e7onnage, le post poin\u00e7onnage selon vos besoins. Pour l&#039;unit\u00e9 de coupe, vous pouvez choisir la pr\u00e9-coupe ou la post-coupe qui est la coupe universelle. Le syst\u00e8me d&#039;entra\u00eenement que nous adoptons la cha\u00eene et principalement avec cardan\/bo\u00eete de vitesses pour la transmission si la mati\u00e8re premi\u00e8re est plus \u00e9paisse que 2,5 mm, c&#039;est une puissance d&#039;entra\u00eenement beaucoup plus forte et plus stable lors de la formation des pannes.<\/p>\n<p>La profileuse de pannes est la plus populaire et est largement utilis\u00e9e dans les syst\u00e8mes de construction en m\u00e9tal, les solutions de toiture \u00e9normes, les projets de construction et de r\u00e9novation, etc. :100-300 mm, hauteur : 50-100 mm, \u00e9paisseur : 1,5-3 mm. Selon votre profil de section, la gamme de taille, la gamme d&#039;\u00e9paisseur, nous pouvons vous proposer diff\u00e9rentes solutions de machine de profilage de pannes pour fabriquer une gamme compl\u00e8te de pannes structurelles (changement de hauteur et de largeur \u00e0 l&#039;aide d&#039;un syst\u00e8me automatique par moteurs)\u00a0: si vous avez seulement besoin de produire quelques tailles , nous sugg\u00e9rons \u00e9galement de changer manuellement les manchons, c&#039;est plus abordable.<\/p>\n<p>Nous r\u00e9alisons diff\u00e9rentes solutions en fonction du dessin, de la tol\u00e9rance et du budget des clients, offrant un service professionnel personnalis\u00e9, adaptable \u00e0 toutes vos exigences. Quelle que soit la ligne que vous choisissez, la qualit\u00e9 de SUNWAY Machinery vous assurera d&#039;obtenir des profil\u00e9s parfaitement fonctionnels.<\/p>\n<p>&nbsp;<\/p>\n<p>Cliquez ici pour en savoir plus sur le <a href=\"https:\/\/swforming.com\/fr\/purlin-roll-forming-machine-all-in-one-2023\/\"><strong>machine de formage de rouleaux de pannes<\/strong><\/a><\/p>\n<p>&nbsp;<\/p>\n<h3>Dessins de profil<img decoding=\"async\" class=\"alignnone size-full wp-image-1865\" src=\"https:\/\/swforming.com\/wp-content\/uploads\/2022\/12\/He05106397b174f45a2f4592fa30c5b92N.webp\" alt=\"\" width=\"1748\" height=\"2540\" title=\"\" srcset=\"https:\/\/swforming.com\/wp-content\/uploads\/2022\/12\/He05106397b174f45a2f4592fa30c5b92N.webp 1748w, https:\/\/swforming.com\/wp-content\/uploads\/2022\/12\/He05106397b174f45a2f4592fa30c5b92N-600x872.webp 600w, https:\/\/swforming.com\/wp-content\/uploads\/2022\/12\/He05106397b174f45a2f4592fa30c5b92N-206x300.webp 206w, https:\/\/swforming.com\/wp-content\/uploads\/2022\/12\/He05106397b174f45a2f4592fa30c5b92N-705x1024.webp 705w, https:\/\/swforming.com\/wp-content\/uploads\/2022\/12\/He05106397b174f45a2f4592fa30c5b92N-768x1116.webp 768w, https:\/\/swforming.com\/wp-content\/uploads\/2022\/12\/He05106397b174f45a2f4592fa30c5b92N-1057x1536.webp 1057w, https:\/\/swforming.com\/wp-content\/uploads\/2022\/12\/He05106397b174f45a2f4592fa30c5b92N-1409x2048.webp 1409w, https:\/\/swforming.com\/wp-content\/uploads\/2022\/12\/He05106397b174f45a2f4592fa30c5b92N-8x12.webp 8w\" sizes=\"(max-width: 1748px) 100vw, 1748px\" \/><\/h3>\n<p><img decoding=\"async\" class=\"alignnone size-full wp-image-1866\" src=\"https:\/\/swforming.com\/wp-content\/uploads\/2022\/12\/213150330.png\" alt=\"\" width=\"750\" height=\"181\" title=\"\" srcset=\"https:\/\/swforming.com\/wp-content\/uploads\/2022\/12\/213150330.png 750w, https:\/\/swforming.com\/wp-content\/uploads\/2022\/12\/213150330-600x145.png 600w, https:\/\/swforming.com\/wp-content\/uploads\/2022\/12\/213150330-300x72.png 300w, https:\/\/swforming.com\/wp-content\/uploads\/2022\/12\/213150330-18x4.png 18w\" sizes=\"(max-width: 750px) 100vw, 750px\" \/><\/p>\n<h3>Z Purlin Roll formant la ligne de production de la machine<img loading=\"lazy\" decoding=\"async\" class=\"alignnone size-full wp-image-1867\" src=\"https:\/\/swforming.com\/wp-content\/uploads\/2022\/12\/H8288111f49064cc1bcccd2fb4d7814c5G.webp\" alt=\"\" width=\"1748\" height=\"586\" title=\"\" srcset=\"https:\/\/swforming.com\/wp-content\/uploads\/2022\/12\/H8288111f49064cc1bcccd2fb4d7814c5G.webp 1748w, https:\/\/swforming.com\/wp-content\/uploads\/2022\/12\/H8288111f49064cc1bcccd2fb4d7814c5G-600x201.webp 600w, https:\/\/swforming.com\/wp-content\/uploads\/2022\/12\/H8288111f49064cc1bcccd2fb4d7814c5G-300x101.webp 300w, https:\/\/swforming.com\/wp-content\/uploads\/2022\/12\/H8288111f49064cc1bcccd2fb4d7814c5G-1024x343.webp 1024w, https:\/\/swforming.com\/wp-content\/uploads\/2022\/12\/H8288111f49064cc1bcccd2fb4d7814c5G-768x257.webp 768w, https:\/\/swforming.com\/wp-content\/uploads\/2022\/12\/H8288111f49064cc1bcccd2fb4d7814c5G-1536x515.webp 1536w, https:\/\/swforming.com\/wp-content\/uploads\/2022\/12\/H8288111f49064cc1bcccd2fb4d7814c5G-18x6.webp 18w\" sizes=\"(max-width: 1748px) 100vw, 1748px\" \/><\/h3>\n<h3>d\u00e9tails du produit<\/h3>\n<p><img loading=\"lazy\" decoding=\"async\" class=\"alignnone size-full wp-image-1869\" src=\"https:\/\/swforming.com\/wp-content\/uploads\/2022\/12\/213150448-1.png\" alt=\"\" width=\"1000\" height=\"1702\" title=\"\" srcset=\"https:\/\/swforming.com\/wp-content\/uploads\/2022\/12\/213150448-1.png 1000w, https:\/\/swforming.com\/wp-content\/uploads\/2022\/12\/213150448-1-600x1021.png 600w, https:\/\/swforming.com\/wp-content\/uploads\/2022\/12\/213150448-1-176x300.png 176w, https:\/\/swforming.com\/wp-content\/uploads\/2022\/12\/213150448-1-602x1024.png 602w, https:\/\/swforming.com\/wp-content\/uploads\/2022\/12\/213150448-1-768x1307.png 768w, https:\/\/swforming.com\/wp-content\/uploads\/2022\/12\/213150448-1-902x1536.png 902w, https:\/\/swforming.com\/wp-content\/uploads\/2022\/12\/213150448-1-7x12.png 7w\" sizes=\"(max-width: 1000px) 100vw, 1000px\" \/><\/p>\n<h3>Param\u00e8tres du produit de la machine de formage de rouleaux de panne Z<\/h3>\n<div style=\"overflow-x: auto;\">\n<table>\n<tbody>\n<tr>\n<td style=\"text-align: center;\" colspan=\"3\" rowspan=\"1\" data-sheets-value=\"{&quot;1&quot;:2,&quot;2&quot;:&quot;Auto Size Changeable Z Purlin Roll Forming Machine&quot;}\"><strong>Machine de formage de rouleaux de panne Z \u00e0 taille variable automatique<\/strong><\/td>\n<\/tr>\n<tr>\n<td colspan=\"1\" rowspan=\"2\" data-sheets-value=\"{&quot;1&quot;:2,&quot;2&quot;:&quot;Machinable Material&quot;}\">\n<div>Mat\u00e9riau usinable<\/div>\n<\/td>\n<td data-sheets-value=\"{&quot;1&quot;:2,&quot;2&quot;:&quot;A) Galvanized Coil&quot;}\">A) Bobine galvanis\u00e9e<\/td>\n<td colspan=\"1\" rowspan=\"2\" data-sheets-value=\"{&quot;1&quot;:2,&quot;2&quot;:&quot;Thickness(MM): 1.5-3 or as per customer&quot;}\">\n<div>\u00c9paisseur(MM) : 1,5-3 ou selon le client<\/div>\n<\/td>\n<\/tr>\n<tr>\n<td data-sheets-value=\"{&quot;1&quot;:2,&quot;2&quot;:&quot;B) Carbon Steel Coil&quot;}\">B) Bobine d&#039;acier au carbone<\/td>\n<\/tr>\n<tr>\n<td data-sheets-value=\"{&quot;1&quot;:2,&quot;2&quot;:&quot;Yield Strength&quot;}\">Limite d&#039;\u00e9lasticit\u00e9<\/td>\n<td colspan=\"2\" rowspan=\"1\" data-sheets-value=\"{&quot;1&quot;:2,&quot;2&quot;:&quot;250 - 550 Mpa&quot;}\">250 \u2013 550 MPa<\/td>\n<\/tr>\n<tr>\n<td data-sheets-value=\"{&quot;1&quot;:2,&quot;2&quot;:&quot;Tensil Stress&quot;}\">Contrainte de traction<\/td>\n<td colspan=\"2\" rowspan=\"1\" data-sheets-value=\"{&quot;1&quot;:2,&quot;2&quot;:&quot;G350 Mpa-G550 Mpa&quot;}\">G350 MPa-G550 MPa<\/td>\n<\/tr>\n<tr>\n<td data-sheets-value=\"{&quot;1&quot;:2,&quot;2&quot;:&quot;Decoiler&quot;}\">D\u00e9rouleur<\/td>\n<td data-sheets-value=\"{&quot;1&quot;:2,&quot;2&quot;:&quot;Manual Decoiler&quot;}\">D\u00e9rouleur manuel<\/td>\n<td data-sheets-value=\"{&quot;1&quot;:2,&quot;2&quot;:&quot;* Hydraulic Decoiler (Optional)&quot;}\">* D\u00e9rouleur hydraulique (facultatif)<\/td>\n<\/tr>\n<tr>\n<td data-sheets-value=\"{&quot;1&quot;:2,&quot;2&quot;:&quot;Punching System&quot;}\">Syst\u00e8me de poin\u00e7onnage<\/td>\n<td data-sheets-value=\"{&quot;1&quot;:2,&quot;2&quot;:&quot;Hydraulic Punching Station&quot;}\">Station de poin\u00e7onnage hydraulique<\/td>\n<td data-sheets-value=\"{&quot;1&quot;:2,&quot;2&quot;:&quot;* Pre-punch \/ Post Punch (Optional)&quot;}\">* Pr\u00e9-perforation \/ Post-perforation (facultatif)<\/td>\n<\/tr>\n<tr>\n<td data-sheets-value=\"{&quot;1&quot;:2,&quot;2&quot;:&quot;Forming Station&quot;}\">Station de formage<\/td>\n<td colspan=\"2\" rowspan=\"1\" data-sheets-value=\"{&quot;1&quot;:2,&quot;2&quot;:&quot;16-18 Stations&quot;}\">16-18 Stations<\/td>\n<\/tr>\n<tr>\n<td data-sheets-value=\"{&quot;1&quot;:2,&quot;2&quot;:&quot;Driving System&quot;}\">Syst\u00e8me de conduite<\/td>\n<td data-sheets-value=\"{&quot;1&quot;:2,&quot;2&quot;:&quot;Chain Drive&quot;}\">Entrainement par CHAINE<\/td>\n<td data-sheets-value=\"{&quot;1&quot;:2,&quot;2&quot;:&quot;* Gearbox Drive (Optional)&quot;}\">* Entra\u00eenement de bo\u00eete de vitesses (facultatif)<\/td>\n<\/tr>\n<tr>\n<td data-sheets-value=\"{&quot;1&quot;:2,&quot;2&quot;:&quot;Machine Structure&quot;}\">Structure de la machine<\/td>\n<td data-sheets-value=\"{&quot;1&quot;:2,&quot;2&quot;:&quot;Wall Panel Station&quot;}\">Station de panneaux muraux<\/td>\n<td data-sheets-value=\"{&quot;1&quot;:2,&quot;2&quot;:&quot;* Forged Iron Station (Optional)&quot;}\">* Station de fer forg\u00e9 (facultatif)<\/td>\n<\/tr>\n<tr>\n<td data-sheets-value=\"{&quot;1&quot;:2,&quot;2&quot;:&quot;Forming Speed&quot;}\">Vitesse de formage<\/td>\n<td data-sheets-value=\"{&quot;1&quot;:2,&quot;2&quot;:&quot;10-20 (M\/MIN)&quot;}\">10-20 (M\/MIN)<\/td>\n<td data-sheets-value=\"{&quot;1&quot;:2,&quot;2&quot;:&quot;* Or According To Your Requirment&quot;}\">* Ou selon vos besoins<\/td>\n<\/tr>\n<tr>\n<td data-sheets-value=\"{&quot;1&quot;:2,&quot;2&quot;:&quot;Rollers\u2019 Material&quot;}\">Mat\u00e9riau des rouleaux<\/td>\n<td data-sheets-value=\"{&quot;1&quot;:2,&quot;2&quot;:&quot;GCr 15&quot;}\">GCr 15<\/td>\n<td data-sheets-value=\"{&quot;1&quot;:2,&quot;2&quot;:&quot;* Cr12Mov (Optional)&quot;}\">* Cr12Mov (facultatif)<\/td>\n<\/tr>\n<tr>\n<td data-sheets-value=\"{&quot;1&quot;:2,&quot;2&quot;:&quot;Cutting System&quot;}\">Syst\u00e8me de coupe<\/td>\n<td data-sheets-value=\"{&quot;1&quot;:2,&quot;2&quot;:&quot;Pre-cutting&quot;}\">Pr\u00e9-coupe<\/td>\n<td data-sheets-value=\"{&quot;1&quot;:2,&quot;2&quot;:&quot;* Post- universal Cutting (Optional)&quot;}\">* Coupe post-universelle (en option)<\/td>\n<\/tr>\n<tr>\n<td data-sheets-value=\"{&quot;1&quot;:2,&quot;2&quot;:&quot;Frequency Changer Brand&quot;}\">Marque de changeur de fr\u00e9quence<\/td>\n<td data-sheets-value=\"{&quot;1&quot;:2,&quot;2&quot;:&quot;Yaskawa&quot;}\">Yaskawa<\/td>\n<td data-sheets-value=\"{&quot;1&quot;:2,&quot;2&quot;:&quot;* Siemens (Optional)&quot;}\">*Siemens (facultatif)<\/td>\n<\/tr>\n<tr>\n<td data-sheets-value=\"{&quot;1&quot;:2,&quot;2&quot;:&quot;PLC Brand&quot;}\">Marque PLC<\/td>\n<td data-sheets-value=\"{&quot;1&quot;:2,&quot;2&quot;:&quot;Panasonic&quot;}\">Panasonic<\/td>\n<td data-sheets-value=\"{&quot;1&quot;:2,&quot;2&quot;:&quot;* Siemens (Optional)&quot;}\">*Siemens (facultatif)<\/td>\n<\/tr>\n<tr>\n<td data-sheets-value=\"{&quot;1&quot;:2,&quot;2&quot;:&quot;Power Supply&quot;}\">Source de courant<\/td>\n<td data-sheets-value=\"{&quot;1&quot;:2,&quot;2&quot;:&quot;380V 50Hz&quot;}\">380V 50Hz<\/td>\n<td data-sheets-value=\"{&quot;1&quot;:2,&quot;2&quot;:&quot;* Or According To Your Requirment&quot;}\">* Ou selon vos besoins<\/td>\n<\/tr>\n<tr>\n<td data-sheets-value=\"{&quot;1&quot;:2,&quot;2&quot;:&quot;Machine Color&quot;}\">Couleur de l&#039;appareil<\/td>\n<td data-sheets-value=\"{&quot;1&quot;:2,&quot;2&quot;:&quot;Industrial Blue&quot;}\">Bleu industriel<\/td>\n<td data-sheets-value=\"{&quot;1&quot;:2,&quot;2&quot;:&quot;* Or According To Your Requirment&quot;}\">* Ou selon vos besoins<\/td>\n<\/tr>\n<\/tbody>\n<\/table>\n<\/div>\n<h3>Application<\/h3>\n<p><img loading=\"lazy\" decoding=\"async\" class=\"alignnone size-full wp-image-1870\" src=\"https:\/\/swforming.com\/wp-content\/uploads\/2022\/12\/Application20221213150814.png\" alt=\"\" width=\"1000\" height=\"605\" title=\"\" srcset=\"https:\/\/swforming.com\/wp-content\/uploads\/2022\/12\/Application20221213150814.png 1000w, https:\/\/swforming.com\/wp-content\/uploads\/2022\/12\/Application20221213150814-600x363.png 600w, https:\/\/swforming.com\/wp-content\/uploads\/2022\/12\/Application20221213150814-300x182.png 300w, https:\/\/swforming.com\/wp-content\/uploads\/2022\/12\/Application20221213150814-768x465.png 768w, https:\/\/swforming.com\/wp-content\/uploads\/2022\/12\/Application20221213150814-18x12.png 18w\" sizes=\"(max-width: 1000px) 100vw, 1000px\" \/><\/p>\n<h3>Qu'est-ce qu'une profileuse pour pannes en Z ?<\/h3>\n<p>Une profileuse pour pannes en Z est un \u00e9quipement sp\u00e9cialis\u00e9 utilis\u00e9 dans la fabrication de pannes en Z. Les pannes sont des \u00e9l\u00e9ments structurels couramment utilis\u00e9s dans l'industrie de la construction pour soutenir les panneaux de toit et de mur. Les pannes sont des \u00e9l\u00e9ments structurels couramment utilis\u00e9s dans le secteur de la construction pour soutenir les panneaux de toit et de mur. Elles sont g\u00e9n\u00e9ralement fabriqu\u00e9es en acier et se pr\u00e9sentent sous diff\u00e9rentes formes, notamment en C, en Z et en U.<\/p>\n<p>La profileuse est con\u00e7ue pour fa\u00e7onner des bobines ou des feuilles de m\u00e9tal plat en un profil de panne en Z. Elle se compose d'une s\u00e9rie de rouleaux et de stations de formage qui plient progressivement le m\u00e9tal \u00e0 la forme requise. Elle se compose d'une s\u00e9rie de rouleaux et de stations de formage qui plient progressivement le m\u00e9tal pour lui donner la forme voulue. La machine comprend g\u00e9n\u00e9ralement un d\u00e9rouleur pour maintenir et alimenter la bobine de m\u00e9tal, un syst\u00e8me de nivellement pour s'assurer que le mat\u00e9riau est plat, et divers postes de profilage pour fa\u00e7onner la panne.<\/p>\n<p>Au cours du processus de profilage, la bobine de m\u00e9tal passe \u00e0 travers la machine et chaque station de profilage effectue une op\u00e9ration sp\u00e9cifique de cintrage ou de fa\u00e7onnage. Les rouleaux sont soigneusement con\u00e7us pour plier progressivement le m\u00e9tal, en formant la forme en Z et en obtenant des dimensions constantes sur toute la longueur de la panne. Une fois le m\u00e9tal fa\u00e7onn\u00e9, les pannes peuvent \u00eatre coup\u00e9es \u00e0 la longueur souhait\u00e9e et empil\u00e9es en vue d'une utilisation ult\u00e9rieure dans le cadre de projets de construction.<\/p>\n<p>Les profileuses pour pannes en Z sont efficaces et pr\u00e9cises, permettant une production \u00e0 grande vitesse de pannes de qualit\u00e9 constante. Elles sont couramment utilis\u00e9es dans les usines de fabrication d'acier ou de mat\u00e9riaux de construction. Les pannes en Z qui en r\u00e9sultent sont l\u00e9g\u00e8res, solides et faciles \u00e0 installer, ce qui les rend populaires pour une large gamme d'applications de construction.<\/p>\n<h3>5 premiers fabricants de profileuses pour pannes c z<\/h3>\n<ol>\n<li>WUXI SUNWAY MACHINERY CO., LTD est un fabricant et exportateur professionnel qui s&#039;occupe de la conception, du d\u00e9veloppement et de la production de machines de profilage \u00e0 froid. Tous les produits sont conformes aux normes de qualit\u00e9 internationales et sont grandement appr\u00e9ci\u00e9s sur une vari\u00e9t\u00e9 de march\u00e9s diff\u00e9rents \u00e0 travers le monde, tels que l&#039;Asie, l&#039;Afrique, l&#039;Europe, l&#039;Am\u00e9rique du Sud, l&#039;Australie, etc. Il a acquis un r\u00e9seau de vente mondial.<\/li>\n<li>Le groupe Bradbury : Le groupe Bradbury est un fabricant renomm\u00e9 d'\u00e9quipements de profilage, notamment de machines de profilage de pannes C et Z. Il propose une gamme de solutions pour diverses applications de formage des m\u00e9taux.<\/li>\n<li>Samco Machinery : Samco Machinery est un leader mondial dans le domaine de la technologie du profilage. Elle est sp\u00e9cialis\u00e9e dans la conception et la fabrication d'\u00e9quipements de profilage, notamment de machines pour la production de pannes en C et en Z.<\/li>\n<li>Groupe Formtek : Le groupe Formtek est une entreprise bien \u00e9tablie qui propose une gamme compl\u00e8te d'\u00e9quipements de formage des m\u00e9taux. Il fournit des profileuses pour diverses applications, notamment la production de pannes en C et en Z.<\/li>\n<li>Zhongyuan Machinery Factory : Zhongyuan Machinery Factory est un fabricant chinois tr\u00e8s pr\u00e9sent dans l'industrie du profilage. Il propose une large gamme de profileuses, notamment pour la fabrication de pannes en C et en Z.<\/li>\n<\/ol>\n<h3>application de la machine de formage de pannes en U modifiables<\/h3>\n<p>Une profileuse pour pannes en U modifiable est un \u00e9quipement sp\u00e9cialis\u00e9 utilis\u00e9 pour fabriquer des pannes en U avec la possibilit\u00e9 de modifier les dimensions ou les tailles des pannes produites. Ces machines sont polyvalentes et peuvent \u00eatre utilis\u00e9es pour diverses applications dans les secteurs de la construction et de la fabrication. Voici quelques applications courantes d'une profileuse pour pannes en U modifiables :<\/p>\n<ol>\n<li>Syst\u00e8mes de couverture et de bardage : Les pannes en U sont couramment utilis\u00e9es dans les syst\u00e8mes de toiture et de bardage pour fournir un support structurel aux panneaux de toiture et aux panneaux muraux. Le caract\u00e8re modifiable de la profileuse permet de produire des pannes de tailles et de profils diff\u00e9rents pour r\u00e9pondre aux exigences sp\u00e9cifiques du projet.<\/li>\n<li>Hangars et entrep\u00f4ts industriels : Les pannes en U sont largement utilis\u00e9es dans la construction de hangars et d'entrep\u00f4ts industriels en raison de leur r\u00e9sistance et de leur capacit\u00e9 de charge. La profileuse permet de produire efficacement des pannes en U de diff\u00e9rentes dimensions, qui peuvent \u00eatre adapt\u00e9es \u00e0 la conception sp\u00e9cifique et aux exigences de charge de la structure.<\/li>\n<li>Syst\u00e8mes de charpente m\u00e9tallique : Les profileuses pour pannes en U modifiables sont \u00e9galement utilis\u00e9es dans la fabrication de syst\u00e8mes de charpente m\u00e9tallique. Les pannes en U font partie int\u00e9grante des charpentes m\u00e9talliques, car elles soutiennent les murs, les planchers et les plafonds. La machine permet de produire des pannes de tailles et d'\u00e9paisseurs diff\u00e9rentes pour r\u00e9pondre aux besoins sp\u00e9cifiques du syst\u00e8me de charpente.<\/li>\n<li>B\u00e2timents agricoles : Les pannes en U sont largement utilis\u00e9es dans les b\u00e2timents agricoles tels que les granges, les abris pour le b\u00e9tail et les installations de stockage. Ces structures n\u00e9cessitent des pannes robustes et durables pour r\u00e9sister aux diverses conditions environnementales. Une profileuse pour pannes en U modifiable peut produire des pannes de diff\u00e9rentes dimensions, r\u00e9pondant ainsi aux exigences sp\u00e9cifiques des projets de b\u00e2timents agricoles.<\/li>\n<li>Construction r\u00e9sidentielle : Dans la construction r\u00e9sidentielle, les pannes en U sont utilis\u00e9es pour diverses applications telles que les fermes de toit, les solives de plancher et les murs porteurs. La possibilit\u00e9 de modifier les dimensions des pannes \u00e0 l'aide de la profileuse permet une plus grande souplesse d'adaptation aux diff\u00e9rentes conceptions architecturales et exigences structurelles.<\/li>\n<\/ol>","protected":false},"excerpt":{"rendered":"<p><span class=\"magic-8\">Cette profileuse de pannes en Z est utilis\u00e9e pour produire des pannes en forme de Z de 100 \u00e0 300 mm de largeur, normalement son \u00e9paisseur de mat\u00e9riau est de 1,5 \u00e0 3 mm. L&#039;\u00e9paisseur maximale peut \u00e9galement \u00eatre form\u00e9e \u00e0 4,0 \u00e0 6,0 mm selon les exigences du client.<\/span><\/p>","protected":false},"featured_media":1858,"comment_status":"closed","ping_status":"closed","template":"","meta":{"_acf_changed":false},"product_brand":[],"product_cat":[52,113,75],"product_tag":[],"class_list":{"0":"post-1857","1":"product","2":"type-product","3":"status-publish","4":"has-post-thumbnail","6":"product_cat-steel-structure","7":"product_cat-purlin-roll-forming-machine","8":"product_cat-z-purlin-roll-forming-machine","10":"first","11":"instock","12":"shipping-taxable","13":"product-type-simple"},"acf":[],"_links":{"self":[{"href":"https:\/\/swforming.com\/fr\/wp-json\/wp\/v2\/product\/1857","targetHints":{"allow":["GET"]}}],"collection":[{"href":"https:\/\/swforming.com\/fr\/wp-json\/wp\/v2\/product"}],"about":[{"href":"https:\/\/swforming.com\/fr\/wp-json\/wp\/v2\/types\/product"}],"replies":[{"embeddable":true,"href":"https:\/\/swforming.com\/fr\/wp-json\/wp\/v2\/comments?post=1857"}],"version-history":[{"count":4,"href":"https:\/\/swforming.com\/fr\/wp-json\/wp\/v2\/product\/1857\/revisions"}],"predecessor-version":[{"id":3216,"href":"https:\/\/swforming.com\/fr\/wp-json\/wp\/v2\/product\/1857\/revisions\/3216"}],"wp:featuredmedia":[{"embeddable":true,"href":"https:\/\/swforming.com\/fr\/wp-json\/wp\/v2\/media\/1858"}],"wp:attachment":[{"href":"https:\/\/swforming.com\/fr\/wp-json\/wp\/v2\/media?parent=1857"}],"wp:term":[{"taxonomy":"product_brand","embeddable":true,"href":"https:\/\/swforming.com\/fr\/wp-json\/wp\/v2\/product_brand?post=1857"},{"taxonomy":"product_cat","embeddable":true,"href":"https:\/\/swforming.com\/fr\/wp-json\/wp\/v2\/product_cat?post=1857"},{"taxonomy":"product_tag","embeddable":true,"href":"https:\/\/swforming.com\/fr\/wp-json\/wp\/v2\/product_tag?post=1857"}],"curies":[{"name":"wp","href":"https:\/\/api.w.org\/{rel}","templated":true}]}}