{"id":1571,"date":"2022-11-14T08:48:09","date_gmt":"2022-11-14T08:48:09","guid":{"rendered":"https:\/\/swforming.com\/?post_type=product&#038;p=1571"},"modified":"2023-06-09T06:23:31","modified_gmt":"2023-06-09T06:23:31","slug":"c-bracing-section-roll-forming-machine","status":"publish","type":"product","link":"https:\/\/swforming.com\/fr\/product\/c-bracing-section-roll-forming-machine\/","title":{"rendered":"Section C renfor\u00e7ant la machine de formage de rouleaux de poteau de support de stockage Omega"},"content":{"rendered":"<p><img fetchpriority=\"high\" decoding=\"async\" class=\"alignnone size-full wp-image-1578\" src=\"https:\/\/swforming.com\/wp-content\/uploads\/2022\/11\/H5316ddce00004806b6b982ecc0dbb6aad.webp\" alt=\"\" width=\"750\" height=\"900\" title=\"\" srcset=\"https:\/\/swforming.com\/wp-content\/uploads\/2022\/11\/H5316ddce00004806b6b982ecc0dbb6aad.webp 750w, https:\/\/swforming.com\/wp-content\/uploads\/2022\/11\/H5316ddce00004806b6b982ecc0dbb6aad-600x720.webp 600w, https:\/\/swforming.com\/wp-content\/uploads\/2022\/11\/H5316ddce00004806b6b982ecc0dbb6aad-250x300.webp 250w, https:\/\/swforming.com\/wp-content\/uploads\/2022\/11\/H5316ddce00004806b6b982ecc0dbb6aad-10x12.webp 10w\" sizes=\"(max-width: 750px) 100vw, 750px\" \/><\/p>\n<p>La profileuse pour profil\u00e9s de contreventement en C, \u00e9galement appel\u00e9e profileuse pour poutres en C, est con\u00e7ue pour produire des poutres en C destin\u00e9es \u00e0 soutenir les montants des rayonnages et les panneaux d'\u00e9tag\u00e8res sur le c\u00f4t\u00e9 de l'ensemble du syst\u00e8me d'arrimage des palettes de l'entrep\u00f4t.<\/p>\n<p>Notre profileuse intelligente pour profil\u00e9s de contreventement en C peut produire des poutres en C de diff\u00e9rentes tailles en fonction des exigences du syst\u00e8me de rayonnage et de l'\u00e9paisseur, normalement de 1,5 \u00e0 1,8 mm. Les processus de d\u00e9roulage, d'alimentation, de profilage, de poin\u00e7onnage, de coupe, etc. peuvent \u00eatre r\u00e9alis\u00e9s automatiquement sur une ligne. En m\u00eame temps, nous disposons d'une profileuse pour fabriquer des poutres \u00e0 \u00e9chelons, des rayonnages verticaux, des poutres en caisson et des panneaux d'\u00e9tag\u00e8res. Tous ces \u00e9l\u00e9ments sont des composants du syst\u00e8me de rayonnage \u00e0 palettes.<\/p>\n<p>Dans le domaine des rayonnages \u00e0 palettes, nous sommes en mesure de fabriquer d'autres machines, telles que la profileuse pour rayonnages \u00e0 \u00e9chelons, la profileuse pour rayonnages verticaux et la profileuse pour rayonnages \u00e0 caissons, etc.<\/p>\n<p>Nous r\u00e9alisons diff\u00e9rentes solutions en fonction du dessin, de la tol\u00e9rance et du budget des clients, offrant un service professionnel personnalis\u00e9, adaptable \u00e0 toutes vos exigences. Quelle que soit la ligne que vous choisissez, la qualit\u00e9 de SUNWAY Machinery vous assurera d&#039;obtenir des profil\u00e9s parfaitement fonctionnels.<\/p>\n<h3>Dessins de profil<\/h3>\n<p>&nbsp;<\/p>\n<p><img decoding=\"async\" class=\"alignnone size-full wp-image-1579\" src=\"https:\/\/swforming.com\/wp-content\/uploads\/2022\/11\/H2f8f33970aee4d9cb92ae17a3fedc412X.webp\" alt=\"\" width=\"1748\" height=\"2156\" title=\"\" srcset=\"https:\/\/swforming.com\/wp-content\/uploads\/2022\/11\/H2f8f33970aee4d9cb92ae17a3fedc412X.webp 1748w, https:\/\/swforming.com\/wp-content\/uploads\/2022\/11\/H2f8f33970aee4d9cb92ae17a3fedc412X-600x740.webp 600w, https:\/\/swforming.com\/wp-content\/uploads\/2022\/11\/H2f8f33970aee4d9cb92ae17a3fedc412X-243x300.webp 243w, https:\/\/swforming.com\/wp-content\/uploads\/2022\/11\/H2f8f33970aee4d9cb92ae17a3fedc412X-830x1024.webp 830w, https:\/\/swforming.com\/wp-content\/uploads\/2022\/11\/H2f8f33970aee4d9cb92ae17a3fedc412X-768x947.webp 768w, https:\/\/swforming.com\/wp-content\/uploads\/2022\/11\/H2f8f33970aee4d9cb92ae17a3fedc412X-1245x1536.webp 1245w, https:\/\/swforming.com\/wp-content\/uploads\/2022\/11\/H2f8f33970aee4d9cb92ae17a3fedc412X-1660x2048.webp 1660w, https:\/\/swforming.com\/wp-content\/uploads\/2022\/11\/H2f8f33970aee4d9cb92ae17a3fedc412X-10x12.webp 10w\" sizes=\"(max-width: 1748px) 100vw, 1748px\" \/><\/p>\n<div class=\"magic-13\"><img decoding=\"async\" class=\"magic-14\" src=\"https:\/\/s.alicdn.com\/@sc04\/kf\/Haecfe59938e04d149a4825c875ef87170\/205991625\/Haecfe59938e04d149a4825c875ef87170.jpg?quality=close\" width=\"245\" height=\"180\" data-src=\"https:\/\/s.alicdn.com\/@sc04\/kf\/Haecfe59938e04d149a4825c875ef87170\/205991625\/Haecfe59938e04d149a4825c875ef87170.jpg?quality=close\" data-spm-anchor-id=\"a2700.details.0.i25.46e8d44epZRThV\" alt=\"\" title=\"\"> \u00a0<img loading=\"lazy\" decoding=\"async\" class=\"magic-14\" src=\"https:\/\/s.alicdn.com\/@sc04\/kf\/H63b096dfb2044abcabd711f1c569a6e4A\/205991625\/H63b096dfb2044abcabd711f1c569a6e4A.jpg?quality=close\" width=\"245\" height=\"180\" data-src=\"https:\/\/s.alicdn.com\/@sc04\/kf\/H63b096dfb2044abcabd711f1c569a6e4A\/205991625\/H63b096dfb2044abcabd711f1c569a6e4A.jpg?quality=close\" alt=\"\" title=\"\"> \u00a0<img loading=\"lazy\" decoding=\"async\" class=\"magic-14\" src=\"https:\/\/s.alicdn.com\/@sc04\/kf\/He0a03b77929e493e93f1978323c7072dd\/205991625\/He0a03b77929e493e93f1978323c7072dd.jpg?quality=close\" width=\"245\" height=\"180\" data-src=\"https:\/\/s.alicdn.com\/@sc04\/kf\/He0a03b77929e493e93f1978323c7072dd\/205991625\/He0a03b77929e493e93f1978323c7072dd.jpg?quality=close\" alt=\"\" title=\"\"><\/div>\n<h3>Ligne de production<img loading=\"lazy\" decoding=\"async\" class=\"alignnone size-full wp-image-1581\" src=\"https:\/\/swforming.com\/wp-content\/uploads\/2022\/11\/H56eac29a93fe41ffb446a17f383b41b1O.webp\" alt=\"\" width=\"1748\" height=\"859\" title=\"\" srcset=\"https:\/\/swforming.com\/wp-content\/uploads\/2022\/11\/H56eac29a93fe41ffb446a17f383b41b1O.webp 1748w, https:\/\/swforming.com\/wp-content\/uploads\/2022\/11\/H56eac29a93fe41ffb446a17f383b41b1O-600x295.webp 600w, https:\/\/swforming.com\/wp-content\/uploads\/2022\/11\/H56eac29a93fe41ffb446a17f383b41b1O-300x147.webp 300w, https:\/\/swforming.com\/wp-content\/uploads\/2022\/11\/H56eac29a93fe41ffb446a17f383b41b1O-1024x503.webp 1024w, https:\/\/swforming.com\/wp-content\/uploads\/2022\/11\/H56eac29a93fe41ffb446a17f383b41b1O-768x377.webp 768w, https:\/\/swforming.com\/wp-content\/uploads\/2022\/11\/H56eac29a93fe41ffb446a17f383b41b1O-1536x755.webp 1536w, https:\/\/swforming.com\/wp-content\/uploads\/2022\/11\/H56eac29a93fe41ffb446a17f383b41b1O-18x9.webp 18w\" sizes=\"(max-width: 1748px) 100vw, 1748px\" \/><\/h3>\n<h3>d\u00e9tails du produit<\/h3>\n<p><img loading=\"lazy\" decoding=\"async\" class=\"alignnone size-full wp-image-1584\" src=\"https:\/\/swforming.com\/wp-content\/uploads\/2022\/11\/114163902.png\" alt=\"\" width=\"750\" height=\"948\" title=\"\" srcset=\"https:\/\/swforming.com\/wp-content\/uploads\/2022\/11\/114163902.png 750w, https:\/\/swforming.com\/wp-content\/uploads\/2022\/11\/114163902-600x758.png 600w, https:\/\/swforming.com\/wp-content\/uploads\/2022\/11\/114163902-237x300.png 237w, https:\/\/swforming.com\/wp-content\/uploads\/2022\/11\/114163902-9x12.png 9w\" sizes=\"(max-width: 750px) 100vw, 750px\" \/><\/p>\n<h3>Param\u00e8tres du produit<\/h3>\n<div style=\"overflow-x: auto;\">\n<table>\n<tbody>\n<tr>\n<td style=\"text-align: center;\" colspan=\"3\" rowspan=\"1\" data-sheets-value=\"{&quot;1&quot;:2,&quot;2&quot;:&quot;C Bracing Section Roll Forming Machine&quot;}\"><strong>Machine de formage de rouleaux de section de contreventement C<\/strong><\/td>\n<\/tr>\n<tr>\n<td colspan=\"1\" rowspan=\"4\" data-sheets-value=\"{&quot;1&quot;:2,&quot;2&quot;:&quot;Machinable Material&quot;}\">\n<div>Mat\u00e9riau usinable<\/div>\n<\/td>\n<td data-sheets-value=\"{&quot;1&quot;:2,&quot;2&quot;:&quot;A) Galvanized Coil&quot;}\">A) Bobine galvanis\u00e9e<\/td>\n<td colspan=\"1\" rowspan=\"4\" data-sheets-value=\"{&quot;1&quot;:2,&quot;2&quot;:&quot;Thickness(MM): 1.5-1.8 as per customer&quot;}\">\n<div>\u00c9paisseur (MM) : 1,5-1,8 selon le client<\/div>\n<\/td>\n<\/tr>\n<tr>\n<td data-sheets-value=\"{&quot;1&quot;:2,&quot;2&quot;:&quot;B) PPGI, PPGL&quot;}\">B) PPGI, PPGL<\/td>\n<\/tr>\n<tr>\n<td data-sheets-value=\"{&quot;1&quot;:2,&quot;2&quot;:&quot;C) Cold-rolled Steel&quot;}\">C) Acier lamin\u00e9 \u00e0 froid<\/td>\n<\/tr>\n<tr>\n<td data-sheets-value=\"{&quot;1&quot;:2,&quot;2&quot;:&quot;D) Carbon Steel&quot;}\">D) Acier au carbone<\/td>\n<\/tr>\n<tr>\n<td data-sheets-value=\"{&quot;1&quot;:2,&quot;2&quot;:&quot;Yield Strength&quot;}\">Limite d&#039;\u00e9lasticit\u00e9<\/td>\n<td colspan=\"2\" rowspan=\"1\" data-sheets-value=\"{&quot;1&quot;:2,&quot;2&quot;:&quot;250 - 350 Mpa&quot;}\">250 - 350 Mpa<\/td>\n<\/tr>\n<tr>\n<td data-sheets-value=\"{&quot;1&quot;:2,&quot;2&quot;:&quot;Tensil Stress&quot;}\">Contrainte de traction<\/td>\n<td colspan=\"2\" rowspan=\"1\" data-sheets-value=\"{&quot;1&quot;:2,&quot;2&quot;:&quot;350 Mpa-500 Mpa&quot;}\">350 Mpa-500 Mpa<\/td>\n<\/tr>\n<tr>\n<td data-sheets-value=\"{&quot;1&quot;:2,&quot;2&quot;:&quot;Nominal Forming Speed(M\/Min)&quot;}\">Vitesse de formage nominale (M\/Min)<\/td>\n<td data-sheets-value=\"{&quot;1&quot;:3,&quot;3&quot;:44849}\" data-sheets-numberformat=\"{&quot;1&quot;:5,&quot;2&quot;:&quot;m-d&quot;,&quot;3&quot;:1}\">10-15<\/td>\n<td data-sheets-value=\"{&quot;1&quot;:2,&quot;2&quot;:&quot;* Or According To Your Requirment&quot;}\">* Ou selon vos besoins<\/td>\n<\/tr>\n<tr>\n<td data-sheets-value=\"{&quot;1&quot;:2,&quot;2&quot;:&quot;Forming Station&quot;}\">Station de formage<\/td>\n<td data-sheets-value=\"{&quot;1&quot;:2,&quot;2&quot;:&quot;About 14&quot;}\">Environ 14 ans<\/td>\n<td data-sheets-value=\"{&quot;1&quot;:2,&quot;2&quot;:&quot;* According To Your Profile Drawings&quot;}\">* Selon vos dessins de profil<\/td>\n<\/tr>\n<tr>\n<td data-sheets-value=\"{&quot;1&quot;:2,&quot;2&quot;:&quot;Decoiler&quot;}\">D\u00e9rouleur<\/td>\n<td data-sheets-value=\"{&quot;1&quot;:2,&quot;2&quot;:&quot;Manual Decoiler&quot;}\">D\u00e9rouleur manuel<\/td>\n<td data-sheets-value=\"{&quot;1&quot;:2,&quot;2&quot;:&quot;* Hydraulic Decoiler (Optional)&quot;}\">* D\u00e9rouleur hydraulique (facultatif)<\/td>\n<\/tr>\n<tr>\n<td data-sheets-value=\"{&quot;1&quot;:2,&quot;2&quot;:&quot;Driving System&quot;}\">Syst\u00e8me de conduite<\/td>\n<td data-sheets-value=\"{&quot;1&quot;:2,&quot;2&quot;:&quot;Chain Drive&quot;}\">Entrainement par CHAINE<\/td>\n<td data-sheets-value=\"{&quot;1&quot;:2,&quot;2&quot;:&quot;* Gearbox Drive (Optional)&quot;}\">* Entra\u00eenement de bo\u00eete de vitesses (facultatif)<\/td>\n<\/tr>\n<tr>\n<td data-sheets-value=\"{&quot;1&quot;:2,&quot;2&quot;:&quot;Machine Structure&quot;}\">Structure de la machine<\/td>\n<td data-sheets-value=\"{&quot;1&quot;:2,&quot;2&quot;:&quot;Steel Plates Welded&quot;}\">Plaques d'acier soud\u00e9es<\/td>\n<td data-sheets-value=\"{&quot;1&quot;:2,&quot;2&quot;:&quot;* Cast Iron Stands (Optional)&quot;}\">* Supports en fonte (en option)<\/td>\n<\/tr>\n<tr>\n<td data-sheets-value=\"{&quot;1&quot;:2,&quot;2&quot;:&quot;Rollers\u2019 Material&quot;}\">Mat\u00e9riau des rouleaux<\/td>\n<td data-sheets-value=\"{&quot;1&quot;:2,&quot;2&quot;:&quot;GCr 15&quot;}\">GCr 15<\/td>\n<td data-sheets-value=\"{&quot;1&quot;:2,&quot;2&quot;:&quot;* Cr12Mov (Optional)&quot;}\">* Cr12Mov (facultatif)<\/td>\n<\/tr>\n<tr>\n<td data-sheets-value=\"{&quot;1&quot;:2,&quot;2&quot;:&quot;Cutting System&quot;}\">Syst\u00e8me de coupe<\/td>\n<td colspan=\"2\" rowspan=\"1\" data-sheets-value=\"{&quot;1&quot;:2,&quot;2&quot;:&quot;Hydraulic Pre-cut&quot;}\">Pr\u00e9d\u00e9coupe hydraulique<\/td>\n<\/tr>\n<tr>\n<td data-sheets-value=\"{&quot;1&quot;:2,&quot;2&quot;:&quot;Punching System&quot;}\">Syst\u00e8me de poin\u00e7onnage<\/td>\n<td colspan=\"2\" rowspan=\"1\" data-sheets-value=\"{&quot;1&quot;:2,&quot;2&quot;:&quot;Hydraulic Punching&quot;}\">Poin\u00e7onnage hydraulique<\/td>\n<\/tr>\n<tr>\n<td data-sheets-value=\"{&quot;1&quot;:2,&quot;2&quot;:&quot;Frequency Changer Brand&quot;}\">Marque de changeur de fr\u00e9quence<\/td>\n<td data-sheets-value=\"{&quot;1&quot;:2,&quot;2&quot;:&quot;Yaskawa&quot;}\">Yaskawa<\/td>\n<td data-sheets-value=\"{&quot;1&quot;:2,&quot;2&quot;:&quot;* Siemens (Optional)&quot;}\">*Siemens (facultatif)<\/td>\n<\/tr>\n<tr>\n<td data-sheets-value=\"{&quot;1&quot;:2,&quot;2&quot;:&quot;Power Supply&quot;}\">Source de courant<\/td>\n<td data-sheets-value=\"{&quot;1&quot;:2,&quot;2&quot;:&quot;380V 50Hz&quot;}\">380V 50Hz<\/td>\n<td data-sheets-value=\"{&quot;1&quot;:2,&quot;2&quot;:&quot;* Or According To Your Requirment&quot;}\">* Ou selon vos besoins<\/td>\n<\/tr>\n<tr>\n<td data-sheets-value=\"{&quot;1&quot;:2,&quot;2&quot;:&quot;Machine Color&quot;}\">Couleur de l&#039;appareil<\/td>\n<td data-sheets-value=\"{&quot;1&quot;:2,&quot;2&quot;:&quot;Industrial Blue&quot;}\">Bleu industriel<\/td>\n<td data-sheets-value=\"{&quot;1&quot;:2,&quot;2&quot;:&quot;* Or According To Your Requirment&quot;}\">* Ou selon vos besoins<\/td>\n<\/tr>\n<\/tbody>\n<\/table>\n<\/div>\n<h3>Application<\/h3>\n<p><img loading=\"lazy\" decoding=\"async\" class=\"alignnone size-full wp-image-1331\" src=\"https:\/\/swforming.com\/wp-content\/uploads\/2022\/10\/9461bce0-3c2b-40c9-85d1-f9de38d6c4a3-1.png\" alt=\"\" width=\"750\" height=\"455\" title=\"\" srcset=\"https:\/\/swforming.com\/wp-content\/uploads\/2022\/10\/9461bce0-3c2b-40c9-85d1-f9de38d6c4a3-1.png 750w, https:\/\/swforming.com\/wp-content\/uploads\/2022\/10\/9461bce0-3c2b-40c9-85d1-f9de38d6c4a3-1-600x364.png 600w, https:\/\/swforming.com\/wp-content\/uploads\/2022\/10\/9461bce0-3c2b-40c9-85d1-f9de38d6c4a3-1-300x182.png 300w, https:\/\/swforming.com\/wp-content\/uploads\/2022\/10\/9461bce0-3c2b-40c9-85d1-f9de38d6c4a3-1-18x12.png 18w\" sizes=\"(max-width: 750px) 100vw, 750px\" \/><\/p>\n<h3>Qu'est-ce qu'une profileuse \u00e0 cr\u00e9maill\u00e8re ?<\/h3>\n<p>Une profileuse pour rayonnages est un type de machine industrielle utilis\u00e9e dans le processus de fabrication de rayonnages, d'\u00e9tag\u00e8res ou de syst\u00e8mes de stockage. Elle est con\u00e7ue pour fa\u00e7onner et former des feuilles ou des bobines de m\u00e9tal en profils sp\u00e9cifiques qui sont utilis\u00e9s pour construire les composants structurels des rayonnages.<\/p>\n<p>Le processus de profilage consiste \u00e0 faire passer une bande continue de m\u00e9tal \u00e0 travers une s\u00e9rie de matrices \u00e0 rouleaux, qui fa\u00e7onnent progressivement le m\u00e9tal dans le profil de cr\u00e9maill\u00e8re souhait\u00e9. Les rouleaux appliquent une combinaison d'actions de flexion, d'\u00e9tirement et de formage pour transformer progressivement la t\u00f4le plate en sa forme finale.<\/p>\n<p>Les profileuses \u00e0 cr\u00e9maill\u00e8re se composent g\u00e9n\u00e9ralement d'un syst\u00e8me d'alimentation, d'une s\u00e9rie de stations de profilage et d'un syst\u00e8me de d\u00e9coupe. Le syst\u00e8me d'alimentation introduit la bande de m\u00e9tal dans la machine, tandis que les stations de profilage abritent les matrices \u00e0 rouleaux qui fa\u00e7onnent le m\u00e9tal. Le syst\u00e8me de d\u00e9coupe est utilis\u00e9 pour couper les profil\u00e9s form\u00e9s aux longueurs souhait\u00e9es.<\/p>\n<p>Ces machines sont hautement personnalisables et peuvent produire des rayonnages de diff\u00e9rentes tailles, formes et configurations. Elles sont souvent utilis\u00e9es dans des secteurs tels que l'entreposage, la logistique, la vente au d\u00e9tail et la fabrication, o\u00f9 des syst\u00e8mes de stockage sont n\u00e9cessaires pour organiser et stocker efficacement les marchandises.<\/p>\n<p>En utilisant des profileuses pour cr\u00e9maill\u00e8res, les fabricants peuvent atteindre des taux de production \u00e9lev\u00e9s, une qualit\u00e9 constante et une pr\u00e9cision dimensionnelle dans leurs processus de fabrication de cr\u00e9maill\u00e8res.<\/p>\n<h3>Quelle est la diff\u00e9rence entre une profileuse pour rayonnages et une profileuse pour \u00e9tag\u00e8res ?<\/h3>\n<p>La profileuse \u00e0 cr\u00e9maill\u00e8re et la profileuse pour \u00e9tag\u00e8res sont \u00e9troitement li\u00e9es mais pr\u00e9sentent de l\u00e9g\u00e8res diff\u00e9rences dans leurs applications.<\/p>\n<p>Une profileuse pour rayonnages est un terme g\u00e9n\u00e9ral utilis\u00e9 pour d\u00e9crire une profileuse sp\u00e9cialement con\u00e7ue pour produire diff\u00e9rents types de rayonnages, y compris des \u00e9tag\u00e8res. Elle peut \u00eatre utilis\u00e9e pour fabriquer diff\u00e9rents composants de rayonnages tels que les montants, les poutres, les entretoises et d'autres \u00e9l\u00e9ments structurels.<\/p>\n<p>En revanche, une profileuse pour rayonnages est une profileuse sp\u00e9cialement con\u00e7ue pour produire des rayonnages, qui sont des plates-formes ou des surfaces horizontales utilis\u00e9es pour stocker des articles sur un rayonnage. Les \u00e9tag\u00e8res sont g\u00e9n\u00e9ralement plates et pr\u00e9sentent des dimensions et des caract\u00e9ristiques sp\u00e9cifiques pour accueillir diff\u00e9rents types de produits.<\/p>\n<h3>Qu'est-ce qu'une profileuse \u00e0 profil\u00e9s en C ?<\/h3>\n<p>La profileuse pour profil\u00e9s en C, \u00e9galement connue sous le nom de profileuse pour profil\u00e9s en C, est un type de machine industrielle utilis\u00e9e dans le processus de fabrication de profil\u00e9s en acier en forme de C appel\u00e9s \" couronnes en C \". Les profil\u00e9s en C sont largement utilis\u00e9s dans l'industrie de la construction en tant qu'\u00e9l\u00e9ments structurels dans les b\u00e2timents, en particulier dans les syst\u00e8mes de toiture et de mur.<\/p>\n<p>La profileuse pour profil\u00e9s en C est con\u00e7ue pour fa\u00e7onner et former des bobines de m\u00e9tal, g\u00e9n\u00e9ralement en acier galvanis\u00e9 ou en d'autres types d'acier, dans le profil\u00e9 en C souhait\u00e9. La machine utilise une s\u00e9rie de stations de profilage qui plient, fa\u00e7onnent et forment progressivement la bande de m\u00e9tal pour lui donner la forme finale du profil\u00e9 en C.<\/p>\n<p>Le processus consiste \u00e0 introduire la bobine de m\u00e9tal dans la machine, o\u00f9 elle passe \u00e0 travers une s\u00e9rie de rouleaux qui la fa\u00e7onnent progressivement. Ces rouleaux appliquent des actions sp\u00e9cifiques de pliage et de formage pour obtenir les dimensions et le profil souhait\u00e9s du profil\u00e9 en C. La machine peut \u00e9galement comporter des stations suppl\u00e9mentaires pour perforer des trous ou ajouter d'autres caract\u00e9ristiques au profil\u00e9 en C, selon les besoins. La machine peut \u00e9galement comporter des stations suppl\u00e9mentaires pour perforer des trous ou ajouter d'autres caract\u00e9ristiques au profil\u00e9 en C, selon les besoins.<\/p>\n<p>Les profil\u00e9s en C produits par la profileuse \u00e0 profil\u00e9s en C sont couramment utilis\u00e9s comme \u00e9l\u00e9ments structurels dans les syst\u00e8mes de toiture et de bardage, apportant soutien et stabilit\u00e9 aux panneaux de toiture et de mur. Elles sont l\u00e9g\u00e8res, durables et faciles \u00e0 installer, ce qui en fait un choix populaire dans la construction de b\u00e2timents industriels, d'entrep\u00f4ts et de structures commerciales.<\/p>\n<p>La profileuse pour profil\u00e9s en C permet des cadences de production \u00e9lev\u00e9es, une grande pr\u00e9cision dimensionnelle et une qualit\u00e9 constante, ce qui en fait une solution efficace et rentable pour la fabrication de profil\u00e9s en C utilis\u00e9s dans diverses applications de construction.<\/p>","protected":false},"excerpt":{"rendered":"<p>La profileuse pour profil\u00e9s de contreventement en C, \u00e9galement appel\u00e9e profileuse pour poutres en C, est con\u00e7ue pour produire des poutres en C destin\u00e9es \u00e0 soutenir les montants des rayonnages et les panneaux d'\u00e9tag\u00e8res sur le c\u00f4t\u00e9 de l'ensemble du syst\u00e8me d'arrimage des palettes de l'entrep\u00f4t.<\/p>\n<p>Notre profileuse intelligente pour profil\u00e9s de contreventement en C peut produire des poutres en C de diff\u00e9rentes tailles en fonction des exigences du syst\u00e8me de rayonnage et de l'\u00e9paisseur, normalement de 1,5 \u00e0 1,8 mm. Les processus de d\u00e9roulage, d'alimentation, de profilage, de poin\u00e7onnage, de coupe, etc. peuvent \u00eatre r\u00e9alis\u00e9s automatiquement sur une ligne. En m\u00eame temps, nous disposons d'une profileuse pour fabriquer des poutres \u00e0 \u00e9chelons, des rayonnages verticaux, des poutres en caisson et des panneaux d'\u00e9tag\u00e8res. Tous ces \u00e9l\u00e9ments sont des composants du syst\u00e8me de rayonnage \u00e0 palettes.<\/p>\n<div id=\"gtx-trans\" style=\"position: absolute; left: -91px; top: -10px;\">\n<div class=\"gtx-trans-icon\"><\/div>\n<\/div>","protected":false},"featured_media":1572,"comment_status":"closed","ping_status":"closed","template":"","meta":{"_acf_changed":false},"product_brand":[],"product_cat":[46,63],"product_tag":[],"class_list":{"0":"post-1571","1":"product","2":"type-product","3":"status-publish","4":"has-post-thumbnail","6":"product_cat-racking-shelving","7":"product_cat-elevator-guide-rail-roll-forming-machine","9":"first","10":"instock","11":"shipping-taxable","12":"product-type-simple"},"acf":[],"_links":{"self":[{"href":"https:\/\/swforming.com\/fr\/wp-json\/wp\/v2\/product\/1571","targetHints":{"allow":["GET"]}}],"collection":[{"href":"https:\/\/swforming.com\/fr\/wp-json\/wp\/v2\/product"}],"about":[{"href":"https:\/\/swforming.com\/fr\/wp-json\/wp\/v2\/types\/product"}],"replies":[{"embeddable":true,"href":"https:\/\/swforming.com\/fr\/wp-json\/wp\/v2\/comments?post=1571"}],"version-history":[{"count":3,"href":"https:\/\/swforming.com\/fr\/wp-json\/wp\/v2\/product\/1571\/revisions"}],"predecessor-version":[{"id":3197,"href":"https:\/\/swforming.com\/fr\/wp-json\/wp\/v2\/product\/1571\/revisions\/3197"}],"wp:featuredmedia":[{"embeddable":true,"href":"https:\/\/swforming.com\/fr\/wp-json\/wp\/v2\/media\/1572"}],"wp:attachment":[{"href":"https:\/\/swforming.com\/fr\/wp-json\/wp\/v2\/media?parent=1571"}],"wp:term":[{"taxonomy":"product_brand","embeddable":true,"href":"https:\/\/swforming.com\/fr\/wp-json\/wp\/v2\/product_brand?post=1571"},{"taxonomy":"product_cat","embeddable":true,"href":"https:\/\/swforming.com\/fr\/wp-json\/wp\/v2\/product_cat?post=1571"},{"taxonomy":"product_tag","embeddable":true,"href":"https:\/\/swforming.com\/fr\/wp-json\/wp\/v2\/product_tag?post=1571"}],"curies":[{"name":"wp","href":"https:\/\/api.w.org\/{rel}","templated":true}]}}