{"id":1537,"date":"2022-11-08T00:57:02","date_gmt":"2022-11-08T00:57:02","guid":{"rendered":"https:\/\/swforming.com\/?post_type=product&#038;p=1537"},"modified":"2023-06-28T02:25:34","modified_gmt":"2023-06-28T02:25:34","slug":"steel-box-plate-making-roll-forming-machine","status":"publish","type":"product","link":"https:\/\/swforming.com\/fr\/product\/steel-box-plate-making-roll-forming-machine\/","title":{"rendered":"Plaque de bo\u00eete en acier faisant la machine de formage de rouleaux"},"content":{"rendered":"<p><img fetchpriority=\"high\" decoding=\"async\" class=\"alignnone size-full wp-image-1544\" src=\"https:\/\/swforming.com\/wp-content\/uploads\/2022\/11\/H288f91c0c9b04ee592c43d630db53752C.webp\" alt=\"\" width=\"750\" height=\"900\" title=\"\" srcset=\"https:\/\/swforming.com\/wp-content\/uploads\/2022\/11\/H288f91c0c9b04ee592c43d630db53752C.webp 750w, https:\/\/swforming.com\/wp-content\/uploads\/2022\/11\/H288f91c0c9b04ee592c43d630db53752C-600x720.webp 600w, https:\/\/swforming.com\/wp-content\/uploads\/2022\/11\/H288f91c0c9b04ee592c43d630db53752C-250x300.webp 250w, https:\/\/swforming.com\/wp-content\/uploads\/2022\/11\/H288f91c0c9b04ee592c43d630db53752C-10x12.webp 10w\" sizes=\"(max-width: 750px) 100vw, 750px\" \/><\/p>\n<p>La profileuse pour la fabrication de bo\u00eetes en acier, \u00e9galement appel\u00e9e profileuse pour panneaux d'\u00e9tag\u00e8res de supermarch\u00e9, est con\u00e7ue pour produire des panneaux d'\u00e9tag\u00e8res avec la position de la carte d'affichage des produits. Un panneau d'\u00e9tag\u00e8re de supermarch\u00e9 est utilis\u00e9 pour charger les marchandises et afficher les informations sur les produits et les prix. En g\u00e9n\u00e9ral, la largeur des panneaux est variable.<\/p>\n<p>Notre profileuse intelligente pour plaques de bo\u00eetes peut produire des panneaux d'\u00e9tag\u00e8res de diff\u00e9rentes tailles, d'une \u00e9paisseur de 0,5 \u00e0 0,8 mm ou plus. Les processus de d\u00e9roulage, d'alimentation, de profilage, de poin\u00e7onnage, de coupe, de pliage, etc. peuvent \u00eatre r\u00e9alis\u00e9s automatiquement sur une ligne. En m\u00eame temps, nous disposons d'une machine de profilage pour fabriquer des poutres \u00e0 \u00e9chelons, des rayonnages verticaux et des poutres en caisson. Tous ces \u00e9l\u00e9ments sont des composants du syst\u00e8me de rayonnage \u00e0 palettes.<\/p>\n<p>Dans le domaine des rayonnages \u00e0 palettes, nous sommes en mesure de fabriquer d'autres machines, telles que la profileuse pour rayonnages \u00e0 \u00e9chelons, la profileuse pour rayonnages verticaux et la profileuse pour rayonnages \u00e0 caissons, etc.<\/p>\n<p>Nous r\u00e9alisons diff\u00e9rentes solutions en fonction du dessin, de la tol\u00e9rance et du budget des clients, offrant un service professionnel personnalis\u00e9, adaptable \u00e0 toutes vos exigences. Quelle que soit la ligne que vous choisissez, la qualit\u00e9 de SUNWAY Machinery vous assurera d&#039;obtenir des profil\u00e9s parfaitement fonctionnels.<\/p>\n<h3>Dessins de profil<\/h3>\n<p><img decoding=\"async\" class=\"alignnone size-full wp-image-1545\" src=\"https:\/\/swforming.com\/wp-content\/uploads\/2022\/11\/Ha152822a488c49879b5ec302377cb1e7S.webp\" alt=\"\" width=\"1748\" height=\"2156\" title=\"\" srcset=\"https:\/\/swforming.com\/wp-content\/uploads\/2022\/11\/Ha152822a488c49879b5ec302377cb1e7S.webp 1748w, https:\/\/swforming.com\/wp-content\/uploads\/2022\/11\/Ha152822a488c49879b5ec302377cb1e7S-600x740.webp 600w, https:\/\/swforming.com\/wp-content\/uploads\/2022\/11\/Ha152822a488c49879b5ec302377cb1e7S-243x300.webp 243w, https:\/\/swforming.com\/wp-content\/uploads\/2022\/11\/Ha152822a488c49879b5ec302377cb1e7S-830x1024.webp 830w, https:\/\/swforming.com\/wp-content\/uploads\/2022\/11\/Ha152822a488c49879b5ec302377cb1e7S-768x947.webp 768w, https:\/\/swforming.com\/wp-content\/uploads\/2022\/11\/Ha152822a488c49879b5ec302377cb1e7S-1245x1536.webp 1245w, https:\/\/swforming.com\/wp-content\/uploads\/2022\/11\/Ha152822a488c49879b5ec302377cb1e7S-1660x2048.webp 1660w, https:\/\/swforming.com\/wp-content\/uploads\/2022\/11\/Ha152822a488c49879b5ec302377cb1e7S-10x12.webp 10w\" sizes=\"(max-width: 1748px) 100vw, 1748px\" \/><\/p>\n<p><img decoding=\"async\" class=\"alignnone size-full wp-image-1546\" src=\"https:\/\/swforming.com\/wp-content\/uploads\/2022\/11\/8085033.png\" alt=\"\" width=\"1000\" height=\"243\" title=\"\" srcset=\"https:\/\/swforming.com\/wp-content\/uploads\/2022\/11\/8085033.png 1000w, https:\/\/swforming.com\/wp-content\/uploads\/2022\/11\/8085033-600x146.png 600w, https:\/\/swforming.com\/wp-content\/uploads\/2022\/11\/8085033-300x73.png 300w, https:\/\/swforming.com\/wp-content\/uploads\/2022\/11\/8085033-768x187.png 768w, https:\/\/swforming.com\/wp-content\/uploads\/2022\/11\/8085033-18x4.png 18w\" sizes=\"(max-width: 1000px) 100vw, 1000px\" \/><\/p>\n<h3>Ligne de production<img loading=\"lazy\" decoding=\"async\" class=\"alignnone size-full wp-image-1547\" src=\"https:\/\/swforming.com\/wp-content\/uploads\/2022\/11\/H44831bd79a17410f8ce6c0f1472c49542.webp\" alt=\"\" width=\"1748\" height=\"1090\" title=\"\" srcset=\"https:\/\/swforming.com\/wp-content\/uploads\/2022\/11\/H44831bd79a17410f8ce6c0f1472c49542.webp 1748w, https:\/\/swforming.com\/wp-content\/uploads\/2022\/11\/H44831bd79a17410f8ce6c0f1472c49542-600x374.webp 600w, https:\/\/swforming.com\/wp-content\/uploads\/2022\/11\/H44831bd79a17410f8ce6c0f1472c49542-300x187.webp 300w, https:\/\/swforming.com\/wp-content\/uploads\/2022\/11\/H44831bd79a17410f8ce6c0f1472c49542-1024x639.webp 1024w, https:\/\/swforming.com\/wp-content\/uploads\/2022\/11\/H44831bd79a17410f8ce6c0f1472c49542-768x479.webp 768w, https:\/\/swforming.com\/wp-content\/uploads\/2022\/11\/H44831bd79a17410f8ce6c0f1472c49542-1536x958.webp 1536w, https:\/\/swforming.com\/wp-content\/uploads\/2022\/11\/H44831bd79a17410f8ce6c0f1472c49542-18x12.webp 18w\" sizes=\"(max-width: 1748px) 100vw, 1748px\" \/><\/h3>\n<h3>d\u00e9tails du produit<\/h3>\n<p><img loading=\"lazy\" decoding=\"async\" class=\"alignnone size-full wp-image-1548\" src=\"https:\/\/swforming.com\/wp-content\/uploads\/2022\/11\/08085252.png\" alt=\"\" width=\"1000\" height=\"1287\" title=\"\" srcset=\"https:\/\/swforming.com\/wp-content\/uploads\/2022\/11\/08085252.png 1000w, https:\/\/swforming.com\/wp-content\/uploads\/2022\/11\/08085252-600x772.png 600w, https:\/\/swforming.com\/wp-content\/uploads\/2022\/11\/08085252-233x300.png 233w, https:\/\/swforming.com\/wp-content\/uploads\/2022\/11\/08085252-796x1024.png 796w, https:\/\/swforming.com\/wp-content\/uploads\/2022\/11\/08085252-768x988.png 768w, https:\/\/swforming.com\/wp-content\/uploads\/2022\/11\/08085252-9x12.png 9w\" sizes=\"(max-width: 1000px) 100vw, 1000px\" \/><\/p>\n<h3>Param\u00e8tres du produit<\/h3>\n<div style=\"overflow-x: auto;\">\n<table>\n<tbody>\n<tr>\n<td style=\"text-align: center;\" colspan=\"3\" rowspan=\"1\" data-sheets-value=\"{&quot;1&quot;:2,&quot;2&quot;:&quot;Box Plate Roll Forming Machine&quot;}\"><strong>Petit pain de plat de bo\u00eete formant la machine<\/strong><\/td>\n<\/tr>\n<tr>\n<td colspan=\"1\" rowspan=\"4\" data-sheets-value=\"{&quot;1&quot;:2,&quot;2&quot;:&quot;Machinable Material&quot;}\">\n<div>Mat\u00e9riau usinable<\/div>\n<\/td>\n<td data-sheets-value=\"{&quot;1&quot;:2,&quot;2&quot;:&quot;A) Galvanized Coil&quot;}\">A) Bobine galvanis\u00e9e<\/td>\n<td colspan=\"1\" rowspan=\"4\" data-sheets-value=\"{&quot;1&quot;:2,&quot;2&quot;:&quot;Thickness(MM): 0.5-0.8 as per customer&quot;}\">\n<div>\u00c9paisseur (MM) : 0,5-0,8 selon le client<\/div>\n<\/td>\n<\/tr>\n<tr>\n<td data-sheets-value=\"{&quot;1&quot;:2,&quot;2&quot;:&quot;B) PPGI, PPGL&quot;}\">B) PPGI, PPGL<\/td>\n<\/tr>\n<tr>\n<td data-sheets-value=\"{&quot;1&quot;:2,&quot;2&quot;:&quot;C) Cold-rolled Steel&quot;}\">C) Acier lamin\u00e9 \u00e0 froid<\/td>\n<\/tr>\n<tr>\n<td data-sheets-value=\"{&quot;1&quot;:2,&quot;2&quot;:&quot;D) Carbon Steel&quot;}\">D) Acier au carbone<\/td>\n<\/tr>\n<tr>\n<td data-sheets-value=\"{&quot;1&quot;:2,&quot;2&quot;:&quot;Yield Strength&quot;}\">Limite d&#039;\u00e9lasticit\u00e9<\/td>\n<td colspan=\"2\" rowspan=\"1\" data-sheets-value=\"{&quot;1&quot;:2,&quot;2&quot;:&quot;250 - 350 Mpa&quot;}\">250 - 350 Mpa<\/td>\n<\/tr>\n<tr>\n<td data-sheets-value=\"{&quot;1&quot;:2,&quot;2&quot;:&quot;Tensil Stress&quot;}\">Contrainte de traction<\/td>\n<td colspan=\"2\" rowspan=\"1\" data-sheets-value=\"{&quot;1&quot;:2,&quot;2&quot;:&quot;350 Mpa-500 Mpa&quot;}\">350 Mpa-500 Mpa<\/td>\n<\/tr>\n<tr>\n<td data-sheets-value=\"{&quot;1&quot;:2,&quot;2&quot;:&quot;Nominal Forming Speed(M\/Min)&quot;}\">Vitesse de formage nominale (M\/Min)<\/td>\n<td data-sheets-value=\"{&quot;1&quot;:3,&quot;3&quot;:44630}\" data-sheets-numberformat=\"{&quot;1&quot;:5,&quot;2&quot;:&quot;m-d&quot;,&quot;3&quot;:1}\">3-10<\/td>\n<td data-sheets-value=\"{&quot;1&quot;:2,&quot;2&quot;:&quot;* Or According To Your Requirment&quot;}\">* Ou selon vos besoins<\/td>\n<\/tr>\n<tr>\n<td data-sheets-value=\"{&quot;1&quot;:2,&quot;2&quot;:&quot;Forming Station&quot;}\">Station de formage<\/td>\n<td data-sheets-value=\"{&quot;1&quot;:2,&quot;2&quot;:&quot;About 18&quot;}\">Environ 18 ans<\/td>\n<td data-sheets-value=\"{&quot;1&quot;:2,&quot;2&quot;:&quot;* According To Your Profile Drawings&quot;}\">* Selon vos dessins de profil<\/td>\n<\/tr>\n<tr>\n<td data-sheets-value=\"{&quot;1&quot;:2,&quot;2&quot;:&quot;Decoiler&quot;}\">D\u00e9rouleur<\/td>\n<td data-sheets-value=\"{&quot;1&quot;:2,&quot;2&quot;:&quot;Manual Decoiler&quot;}\">D\u00e9rouleur manuel<\/td>\n<td data-sheets-value=\"{&quot;1&quot;:2,&quot;2&quot;:&quot;* Hydraulic Decoiler (Optional)&quot;}\">* D\u00e9rouleur hydraulique (facultatif)<\/td>\n<\/tr>\n<tr>\n<td data-sheets-value=\"{&quot;1&quot;:2,&quot;2&quot;:&quot;Driving System&quot;}\">Syst\u00e8me de conduite<\/td>\n<td data-sheets-value=\"{&quot;1&quot;:2,&quot;2&quot;:&quot;Chain Drive&quot;}\">Entrainement par CHAINE<\/td>\n<td data-sheets-value=\"{&quot;1&quot;:2,&quot;2&quot;:&quot;* Gearbox Drive (Optional)&quot;}\">* Entra\u00eenement de bo\u00eete de vitesses (facultatif)<\/td>\n<\/tr>\n<tr>\n<td data-sheets-value=\"{&quot;1&quot;:2,&quot;2&quot;:&quot;Machine Structure&quot;}\">Structure de la machine<\/td>\n<td data-sheets-value=\"{&quot;1&quot;:2,&quot;2&quot;:&quot;Steel Plates Welded&quot;}\">Plaques d'acier soud\u00e9es<\/td>\n<td data-sheets-value=\"{&quot;1&quot;:2,&quot;2&quot;:&quot;* Cast Iron Stands (Optional)&quot;}\">* Supports en fonte (en option)<\/td>\n<\/tr>\n<tr>\n<td data-sheets-value=\"{&quot;1&quot;:2,&quot;2&quot;:&quot;Rollers\u2019 Material&quot;}\">Mat\u00e9riau des rouleaux<\/td>\n<td data-sheets-value=\"{&quot;1&quot;:2,&quot;2&quot;:&quot;GCr 15&quot;}\">GCr 15<\/td>\n<td data-sheets-value=\"{&quot;1&quot;:2,&quot;2&quot;:&quot;* Cr12Mov (Optional)&quot;}\">* Cr12Mov (facultatif)<\/td>\n<\/tr>\n<tr>\n<td data-sheets-value=\"{&quot;1&quot;:2,&quot;2&quot;:&quot;Cutting System&quot;}\">Syst\u00e8me de coupe<\/td>\n<td data-sheets-value=\"{&quot;1&quot;:2,&quot;2&quot;:&quot;Hydraulic Pre-cut&quot;}\">Pr\u00e9d\u00e9coupe hydraulique<\/td>\n<td data-sheets-value=\"{&quot;1&quot;:2,&quot;2&quot;:&quot;* Hydraulic Post Cut (Optional)&quot;}\">* D\u00e9coupe hydraulique des poteaux (en option)<\/td>\n<\/tr>\n<tr>\n<td data-sheets-value=\"{&quot;1&quot;:2,&quot;2&quot;:&quot;Frequency Changer Brand&quot;}\">Marque de changeur de fr\u00e9quence<\/td>\n<td data-sheets-value=\"{&quot;1&quot;:2,&quot;2&quot;:&quot;Yaskawa&quot;}\">Yaskawa<\/td>\n<td data-sheets-value=\"{&quot;1&quot;:2,&quot;2&quot;:&quot;* Siemens (Optional)&quot;}\">*Siemens (facultatif)<\/td>\n<\/tr>\n<tr>\n<td data-sheets-value=\"{&quot;1&quot;:2,&quot;2&quot;:&quot;Power Supply&quot;}\">Source de courant<\/td>\n<td data-sheets-value=\"{&quot;1&quot;:2,&quot;2&quot;:&quot;380V 50Hz&quot;}\">380V 50Hz<\/td>\n<td data-sheets-value=\"{&quot;1&quot;:2,&quot;2&quot;:&quot;* Or According To Your Requirment&quot;}\">* Ou selon vos besoins<\/td>\n<\/tr>\n<tr>\n<td data-sheets-value=\"{&quot;1&quot;:2,&quot;2&quot;:&quot;Machine Color&quot;}\">Couleur de l&#039;appareil<\/td>\n<td data-sheets-value=\"{&quot;1&quot;:2,&quot;2&quot;:&quot;Industrial Blue&quot;}\">Bleu industriel<\/td>\n<td data-sheets-value=\"{&quot;1&quot;:2,&quot;2&quot;:&quot;* Or According To Your Requirment&quot;}\">* Ou selon vos besoins<\/td>\n<\/tr>\n<\/tbody>\n<\/table>\n<h3>Application<\/h3>\n<p><img loading=\"lazy\" decoding=\"async\" class=\"alignnone size-full wp-image-1331\" src=\"https:\/\/swforming.com\/wp-content\/uploads\/2022\/10\/9461bce0-3c2b-40c9-85d1-f9de38d6c4a3-1.png\" alt=\"\" width=\"750\" height=\"455\" title=\"\" srcset=\"https:\/\/swforming.com\/wp-content\/uploads\/2022\/10\/9461bce0-3c2b-40c9-85d1-f9de38d6c4a3-1.png 750w, https:\/\/swforming.com\/wp-content\/uploads\/2022\/10\/9461bce0-3c2b-40c9-85d1-f9de38d6c4a3-1-600x364.png 600w, https:\/\/swforming.com\/wp-content\/uploads\/2022\/10\/9461bce0-3c2b-40c9-85d1-f9de38d6c4a3-1-300x182.png 300w, https:\/\/swforming.com\/wp-content\/uploads\/2022\/10\/9461bce0-3c2b-40c9-85d1-f9de38d6c4a3-1-18x12.png 18w\" sizes=\"(max-width: 750px) 100vw, 750px\" \/><\/p>\n<h3>Quels sont les composants d'une machine de formage de rouleaux d'acier ?<\/h3>\n<p>Une profileuse est un type de machine utilis\u00e9e dans l'industrie m\u00e9tallurgique pour fa\u00e7onner des feuilles ou des bandes de m\u00e9tal en continu selon les profils souhait\u00e9s. Les composants d'une profileuse typique peuvent varier en fonction de sa conception et de son application sp\u00e9cifique, mais voici les composants les plus courants :<\/p>\n<ol>\n<li>D\u00e9rouleur : Ce composant contient la bobine d'acier, qui est la mati\u00e8re premi\u00e8re du processus de profilage. Il d\u00e9roule la bobine et l'introduit dans la machine.<\/li>\n<li>Unit\u00e9 de dressage : L'unit\u00e9 de redressage se compose de rouleaux ou de dispositifs de nivellement qui garantissent que la bande d'acier est plane et exempte de toute d\u00e9formation avant d'entrer dans les rouleaux de formage.<\/li>\n<li>Stations de profilage : Les stations de profilage sont le c\u0153ur de la machine. Elles se composent d'une s\u00e9rie de cylindres de formage qui plient et fa\u00e7onnent progressivement la bande de m\u00e9tal pour lui donner le profil souhait\u00e9. Chaque rouleau forme une section sp\u00e9cifique du profil, et le nombre de stations d\u00e9pend de la complexit\u00e9 de la forme finale.<\/li>\n<li>Engrenages et syst\u00e8me de transmission : La profileuse utilise un syst\u00e8me d'engrenages, de cha\u00eenes et de pignons pour transmettre la puissance du moteur aux cylindres de formage. Ces composants assurent la synchronisation des mouvements et contr\u00f4lent la vitesse du mat\u00e9riau dans la machine.<\/li>\n<li>Unit\u00e9 de coupe : Certaines profileuses sont dot\u00e9es d'une unit\u00e9 de coupe int\u00e9gr\u00e9e qui coupe le profil\u00e9 form\u00e9 \u00e0 la longueur souhait\u00e9e. Elle peut utiliser des techniques telles que la coupe par cisaillement, la coupe rotative ou la coupe \u00e0 la vol\u00e9e, en fonction de la conception de la machine.<\/li>\n<li>Syst\u00e8me de contr\u00f4le : Les profileuses modernes sont dot\u00e9es de syst\u00e8mes de contr\u00f4le avanc\u00e9s qui surveillent et r\u00e9gulent divers param\u00e8tres tels que la vitesse, la longueur et la forme du profil\u00e9. Ces syst\u00e8mes comprennent souvent des interfaces homme-machine (IHM) ou des automates programmables (API) qui facilitent l'utilisation et le r\u00e9glage.<\/li>\n<li>Structure du support et du ch\u00e2ssis : Le b\u00e2ti de la machine fournit le support structurel et la rigidit\u00e9 n\u00e9cessaires au processus de formage pr\u00e9cis. Il est g\u00e9n\u00e9ralement fabriqu\u00e9 en acier robuste et con\u00e7u pour r\u00e9sister aux forces en jeu.<\/li>\n<li>Dispositifs de s\u00e9curit\u00e9 : Les profileuses int\u00e8grent des dispositifs de s\u00e9curit\u00e9 tels que des boutons d'arr\u00eat d'urgence, des dispositifs d'interverrouillage, des protections et des capteurs pour assurer la s\u00e9curit\u00e9 de l'op\u00e9rateur pendant le fonctionnement.<\/li>\n<li>Empileur ou convoyeur : Dans certains cas, un empileur ou un convoyeur est inclus pour collecter et empiler les profil\u00e9s finis en vue d'un traitement ou d'un emballage ult\u00e9rieur.<\/li>\n<\/ol>\n<p>Il s'agit des principaux composants d'une profileuse en acier, mais la configuration r\u00e9elle et les caract\u00e9ristiques suppl\u00e9mentaires peuvent varier en fonction du mod\u00e8le et de l'application sp\u00e9cifiques de la machine.<\/p>\n<h3>application de la profileuse pour poutre en caisson<\/h3>\n<p>Une profileuse pour poutre en caisson est sp\u00e9cialement con\u00e7ue pour produire des poutres ou des profil\u00e9s en forme de caisson \u00e0 partir de t\u00f4les ou de bandes m\u00e9talliques plates. Ces poutres ont g\u00e9n\u00e9ralement une section rectangulaire ou carr\u00e9e et sont largement utilis\u00e9es dans diverses industries pour des applications structurelles. Voici quelques applications courantes des profileuses de poutrelles en caisson :<\/p>\n<ol>\n<li>Industrie de la construction : Les poutres en caisson sont largement utilis\u00e9es dans l'industrie de la construction \u00e0 diverses fins structurelles. Elles sont couramment employ\u00e9es dans les charpentes de b\u00e2timents, les fermes de toit, les ponts, les mezzanines et les structures industrielles. La profileuse permet une production efficace et pr\u00e9cise de poutres en caisson de dimensions constantes, qui sont essentielles pour les projets de construction.<\/li>\n<li>Industrie automobile : Les poutrelles en caisson trouvent des applications dans l'industrie automobile pour la fabrication de composants tels que les cadres de ch\u00e2ssis, les traverses et les supports structurels. La profileuse permet de produire des caissons \u00e0 la fois l\u00e9gers et solides qui contribuent \u00e0 l'int\u00e9grit\u00e9 structurelle globale et \u00e0 la s\u00e9curit\u00e9 des v\u00e9hicules.<\/li>\n<li>Syst\u00e8mes de manutention et de stockage : Les poutres en caisson sont utilis\u00e9es dans les syst\u00e8mes de manutention et de stockage tels que les rayonnages, les \u00e9tag\u00e8res, les palettes et les syst\u00e8mes de convoyage. Ces syst\u00e8mes n\u00e9cessitent des poutres robustes et durables pour supporter de lourdes charges et fournir des solutions de stockage efficaces. La profileuse peut produire des poutres en caisson avec des dimensions et des profils sp\u00e9cifiques pour r\u00e9pondre aux exigences de ces syst\u00e8mes.<\/li>\n<li>Fabrication de machines et d'\u00e9quipements : De nombreux fabricants de machines et d'\u00e9quipements utilisent des poutrelles en caisson dans la construction de cadres, de structures de soutien et de composants porteurs. La profileuse leur permet de produire des poutrelles en caisson sur mesure qui correspondent \u00e0 leurs sp\u00e9cifications de conception, garantissant ainsi un ajustement et une fonctionnalit\u00e9 appropri\u00e9s dans l'\u00e9quipement.<\/li>\n<li>Infrastructures et transports : Les poutres en caisson sont utilis\u00e9es dans les projets d'infrastructure tels que les structures de soutien des voies ferr\u00e9es, les glissi\u00e8res de s\u00e9curit\u00e9 des autoroutes et les supports de signalisation a\u00e9rienne. Elles apportent la r\u00e9sistance et la stabilit\u00e9 n\u00e9cessaires \u00e0 ces structures tout en facilitant leur installation et leur entretien. La profileuse permet la production en masse de poutres en caisson, ce qui les rend rentables pour les projets d'infrastructure \u00e0 grande \u00e9chelle.<\/li>\n<li>Secteur des \u00e9nergies renouvelables : Les poutres en caisson sont utilis\u00e9es dans les applications li\u00e9es aux \u00e9nergies renouvelables, telles que les structures de montage des panneaux solaires et les syst\u00e8mes de support des \u00e9oliennes. Ces structures doivent r\u00e9sister aux conditions environnementales tout en fournissant une fondation s\u00fbre pour l'\u00e9quipement d'\u00e9nergie renouvelable. La profileuse facilite la production de poutres en caisson pr\u00e9sentant l'int\u00e9grit\u00e9 structurelle n\u00e9cessaire \u00e0 ces applications.<\/li>\n<\/ol>\n<p>Ce ne sont l\u00e0 que quelques exemples des applications des profileuses pour poutrelles en caisson. La polyvalence et l'efficacit\u00e9 de ces machines les rendent adapt\u00e9es \u00e0 un large \u00e9ventail d'industries o\u00f9 des poutres en caisson sont n\u00e9cessaires \u00e0 des fins structurelles.<\/p>\n<h3>Comment fonctionne une profileuse pour plaques \u00e0 p\u00e9dales ?<\/h3>\n<p>Une profileuse pour plaques de p\u00e9dales est con\u00e7ue pour produire des plaques de p\u00e9dales, qui sont des composants utilis\u00e9s dans la fabrication de bicyclettes, de motocyclettes et d'autres v\u00e9hicules. La machine proc\u00e8de \u00e0 une s\u00e9rie d'\u00e9tapes pour transformer une bande ou une bobine de m\u00e9tal plat en la forme souhait\u00e9e pour le p\u00e9dalier. Voici un aper\u00e7u g\u00e9n\u00e9ral du fonctionnement d'une machine de formage de plaques de p\u00e9dales :<\/p>\n<ol>\n<li>Alimentation du mat\u00e9riau : La machine commence par introduire une bande ou une bobine de m\u00e9tal dans la machine. Le mat\u00e9riau est g\u00e9n\u00e9ralement en acier ou en aluminium et peut \u00eatre rev\u00eatu pour une protection suppl\u00e9mentaire.<\/li>\n<li>Redressement : Le mat\u00e9riau passe par une unit\u00e9 de redressage qui s'assure qu'il est plat et exempt de toute d\u00e9formation. Ce processus est important pour maintenir la pr\u00e9cision et la coh\u00e9rence des plaques p\u00e9dales finales.<\/li>\n<li>Stations de profilage : La machine se compose d'une s\u00e9rie de stations de profilage, chacune \u00e9quip\u00e9e d'un ensemble de cylindres qui fa\u00e7onnent progressivement la bande de m\u00e9tal pour obtenir le profil de la plaque de p\u00e9dale. Les cylindres ont des contours et des profils sp\u00e9cifiques qui plient et fa\u00e7onnent le m\u00e9tal selon le dessin souhait\u00e9.<\/li>\n<li>Progression du formage : Au fur et \u00e0 mesure que la bande de m\u00e9tal passe par les stations de profilage, chaque s\u00e9rie de rouleaux ajoute progressivement plus de formes et de d\u00e9tails au p\u00e9dalier. La bande est guid\u00e9e et soutenue par des rouleaux et des guides pour assurer un formage et un alignement pr\u00e9cis.<\/li>\n<li>D\u00e9coupe : Une fois que le profil du p\u00e9dalier est enti\u00e8rement form\u00e9, une unit\u00e9 de coupe entre en action pour s\u00e9parer les p\u00e9daliers form\u00e9s du reste du mat\u00e9riau. La m\u00e9thode de d\u00e9coupe peut varier en fonction de la conception et des exigences de la machine, mais les techniques les plus courantes sont la d\u00e9coupe par cisaillement ou la d\u00e9coupe rotative.<\/li>\n<li>Op\u00e9rations suppl\u00e9mentaires : Apr\u00e8s le processus de d\u00e9coupe, les plaques \u00e0 p\u00e9dale peuvent subir des op\u00e9rations suppl\u00e9mentaires telles que le per\u00e7age de trous, le gaufrage ou toute autre modification n\u00e9cessaire. Ces op\u00e9rations peuvent \u00eatre int\u00e9gr\u00e9es dans la machine de formage de rouleaux ou r\u00e9alis\u00e9es dans le cadre de processus distincts.<\/li>\n<li>Collecte et empilage : Les plaques p\u00e9dal\u00e9es finies sont ensuite collect\u00e9es et empil\u00e9es en vue d'un traitement ou d'un emballage ult\u00e9rieur. Certaines machines peuvent \u00eatre \u00e9quip\u00e9es d'un syst\u00e8me d'empilage ou de convoyage int\u00e9gr\u00e9 pour faciliter cette \u00e9tape.<\/li>\n<li>Syst\u00e8me de contr\u00f4le : La profileuse \u00e0 plaques \u00e0 p\u00e9dales est g\u00e9n\u00e9ralement \u00e9quip\u00e9e d'un syst\u00e8me de contr\u00f4le qui surveille et r\u00e9gule divers param\u00e8tres, tels que la vitesse, la longueur et la forme des plaques \u00e0 p\u00e9dales. Ce syst\u00e8me garantit une production constante et pr\u00e9cise et permet une utilisation et un r\u00e9glage faciles.<\/li>\n<\/ol>\n<p>Il est important de noter que la configuration et les caract\u00e9ristiques exactes d'une profileuse pour plaques \u00e0 p\u00e9dales peuvent varier en fonction du mod\u00e8le et du fabricant. Toutefois, le processus global d\u00e9crit ci-dessus permet de comprendre comment une telle machine fonctionne g\u00e9n\u00e9ralement pour produire des plaques de p\u00e9dales.<\/p>\n<\/div>\n<div id=\"gtx-trans\" style=\"position: absolute; left: -109px; top: 923px;\">\n<div class=\"gtx-trans-icon\"><\/div>\n<\/div>","protected":false},"excerpt":{"rendered":"<p>La profileuse pour la fabrication de bo\u00eetes en acier, \u00e9galement appel\u00e9e profileuse pour panneaux d'\u00e9tag\u00e8res de supermarch\u00e9, est con\u00e7ue pour produire des panneaux d'\u00e9tag\u00e8res avec la position de la carte d'affichage des produits. Un panneau d'\u00e9tag\u00e8re de supermarch\u00e9 est utilis\u00e9 pour charger les marchandises et afficher les informations sur les produits et les prix. En g\u00e9n\u00e9ral, la largeur des panneaux est variable.<\/p>\n<p>Notre profileuse intelligente pour plaques de bo\u00eetes peut produire des panneaux d'\u00e9tag\u00e8res de diff\u00e9rentes tailles, d'une \u00e9paisseur de 0,5 \u00e0 0,8 mm ou plus. Les processus de d\u00e9roulage, d'alimentation, de profilage, de poin\u00e7onnage, de coupe, de pliage, etc. peuvent \u00eatre r\u00e9alis\u00e9s automatiquement sur une ligne. En m\u00eame temps, nous disposons d'une machine de profilage pour fabriquer des poutres \u00e0 \u00e9chelons, des rayonnages verticaux et des poutres en caisson. Tous ces \u00e9l\u00e9ments sont des composants du syst\u00e8me de rayonnage \u00e0 palettes.<\/p>\n<div id=\"gtx-trans\" style=\"position: absolute; left: -207px; top: -10px;\">\n<div class=\"gtx-trans-icon\"><\/div>\n<\/div>","protected":false},"featured_media":1538,"comment_status":"closed","ping_status":"closed","template":"","meta":{"_acf_changed":false},"product_brand":[],"product_cat":[64,46,114],"product_tag":[],"class_list":{"0":"post-1537","1":"product","2":"type-product","3":"status-publish","4":"has-post-thumbnail","6":"product_cat-box-plate-roll-forming-machine","7":"product_cat-racking-shelving","8":"product_cat-roll-former","10":"first","11":"instock","12":"shipping-taxable","13":"product-type-simple"},"acf":[],"_links":{"self":[{"href":"https:\/\/swforming.com\/fr\/wp-json\/wp\/v2\/product\/1537","targetHints":{"allow":["GET"]}}],"collection":[{"href":"https:\/\/swforming.com\/fr\/wp-json\/wp\/v2\/product"}],"about":[{"href":"https:\/\/swforming.com\/fr\/wp-json\/wp\/v2\/types\/product"}],"replies":[{"embeddable":true,"href":"https:\/\/swforming.com\/fr\/wp-json\/wp\/v2\/comments?post=1537"}],"version-history":[{"count":2,"href":"https:\/\/swforming.com\/fr\/wp-json\/wp\/v2\/product\/1537\/revisions"}],"predecessor-version":[{"id":3337,"href":"https:\/\/swforming.com\/fr\/wp-json\/wp\/v2\/product\/1537\/revisions\/3337"}],"wp:featuredmedia":[{"embeddable":true,"href":"https:\/\/swforming.com\/fr\/wp-json\/wp\/v2\/media\/1538"}],"wp:attachment":[{"href":"https:\/\/swforming.com\/fr\/wp-json\/wp\/v2\/media?parent=1537"}],"wp:term":[{"taxonomy":"product_brand","embeddable":true,"href":"https:\/\/swforming.com\/fr\/wp-json\/wp\/v2\/product_brand?post=1537"},{"taxonomy":"product_cat","embeddable":true,"href":"https:\/\/swforming.com\/fr\/wp-json\/wp\/v2\/product_cat?post=1537"},{"taxonomy":"product_tag","embeddable":true,"href":"https:\/\/swforming.com\/fr\/wp-json\/wp\/v2\/product_tag?post=1537"}],"curies":[{"name":"wp","href":"https:\/\/api.w.org\/{rel}","templated":true}]}}