{"id":1318,"date":"2022-10-14T08:07:44","date_gmt":"2022-10-14T08:07:44","guid":{"rendered":"https:\/\/swforming.com\/?post_type=product&#038;p=1318"},"modified":"2024-03-25T02:34:12","modified_gmt":"2024-03-25T02:34:12","slug":"warehouse-shelf-upright-roll-forming-machine","status":"publish","type":"product","link":"https:\/\/swforming.com\/fr\/product\/warehouse-shelf-upright-roll-forming-machine\/","title":{"rendered":"Rouleau vertical d&#039;\u00e9tag\u00e8re d&#039;entrep\u00f4t formant la machine"},"content":{"rendered":"<p><img fetchpriority=\"high\" decoding=\"async\" class=\"alignnone wp-image-1325 size-full\" src=\"https:\/\/swforming.com\/wp-content\/uploads\/2022\/10\/ed965f11-9362-4bb8-849f-dc2570a41f2d.jpg\" alt=\"Rouleau vertical d&#039;\u00e9tag\u00e8re d&#039;entrep\u00f4t formant la machine\" width=\"750\" height=\"900\" title=\"\" srcset=\"https:\/\/swforming.com\/wp-content\/uploads\/2022\/10\/ed965f11-9362-4bb8-849f-dc2570a41f2d.jpg 750w, https:\/\/swforming.com\/wp-content\/uploads\/2022\/10\/ed965f11-9362-4bb8-849f-dc2570a41f2d-600x720.jpg 600w, https:\/\/swforming.com\/wp-content\/uploads\/2022\/10\/ed965f11-9362-4bb8-849f-dc2570a41f2d-250x300.jpg 250w, https:\/\/swforming.com\/wp-content\/uploads\/2022\/10\/ed965f11-9362-4bb8-849f-dc2570a41f2d-10x12.jpg 10w\" sizes=\"(max-width: 750px) 100vw, 750px\" \/><\/p>\n<div class=\"magic-8\" data-spm-anchor-id=\"a2700.details.0.i22.204b70b23fWCaM\"><span class=\"magic-9\"><span class=\"magic-10\"><span data-spm-anchor-id=\"a2700.details.0.i23.204b70b23fWCaM\"> La profileuse pour rayonnages verticaux d'entrep\u00f4ts, \u00e9galement appel\u00e9e profileuse pour rayonnages \u00e0 palettes, est con\u00e7ue pour produire des cadres verticaux \/ des rayonnages verticaux. <\/span><\/span><\/span><\/div>\n<div class=\"magic-8\" data-spm-anchor-id=\"a2700.details.0.i22.204b70b23fWCaM\"><span class=\"magic-9\"><span class=\"magic-10\"><span data-spm-anchor-id=\"a2700.details.0.i23.204b70b23fWCaM\">Notre profileuse intelligente peut produire des montants de diff\u00e9rentes tailles d'une \u00e9paisseur de 1,5 \u00e0 3,0 mm. Les processus de d\u00e9roulage, d'alimentation servo, de poin\u00e7onnage, de profilage, de coupe, etc. peuvent \u00eatre r\u00e9alis\u00e9s automatiquement sur une seule ligne. En m\u00eame temps, nous disposons d'une profileuse pour fabriquer des poutres en caisson, des poutres en escalier et des panneaux d'\u00e9tag\u00e8re. Tous ces \u00e9l\u00e9ments sont des composants du syst\u00e8me de rayonnage \u00e0 palettes. <\/span><\/span><\/span><\/div>\n<div class=\"magic-8\" data-spm-anchor-id=\"a2700.details.0.i22.204b70b23fWCaM\"><span class=\"magic-9\"><span class=\"magic-10\"><span data-spm-anchor-id=\"a2700.details.0.i23.204b70b23fWCaM\">Les rayonnages \u00e0 palettes constituent une solution rentable pour le stockage des marchandises palettis\u00e9es. Constitu\u00e9s de cadres et de lisses s\u00e9par\u00e9s, disponibles dans une vaste gamme de tailles et fix\u00e9s par des goupilles de verrouillage, les rayonnages \u00e0 palettes sont facilement configur\u00e9s en fonction de vos besoins, qu'il s'agisse de la taille des palettes ou du type de chariot \u00e9l\u00e9vateur \u00e0 fourche. <\/span><\/span><\/span><\/div>\n<div class=\"magic-8\" data-spm-anchor-id=\"a2700.details.0.i22.204b70b23fWCaM\"><span class=\"magic-9\"><span class=\"magic-10\"><span data-spm-anchor-id=\"a2700.details.0.i23.204b70b23fWCaM\">Dans les syst\u00e8mes de rayonnages \u00e0 palettes pour entrep\u00f4ts, nous sommes en mesure de fabriquer d'autres machines telles que la profileuse pour poutrelles en caisson, la profileuse pour poutrelles en escalier et la profileuse pour panneaux d'\u00e9tag\u00e8res (plaques en caisson), etc.<\/span><\/span><\/span><\/div>\n<div class=\"magic-8\" data-spm-anchor-id=\"a2700.details.0.i22.204b70b23fWCaM\">Nous r\u00e9alisons diff\u00e9rentes solutions en fonction du dessin, de la tol\u00e9rance et du budget des clients, offrant un service professionnel personnalis\u00e9, adaptable \u00e0 toutes vos exigences. Quelle que soit la ligne que vous choisissez, la qualit\u00e9 de SUNWAY Machinery vous assurera d&#039;obtenir des profil\u00e9s parfaitement fonctionnels.<\/div>\n<h3 data-spm-anchor-id=\"a2700.details.0.i22.204b70b23fWCaM\">Dessins de profil<\/h3>\n<p><img decoding=\"async\" class=\"alignnone size-full wp-image-1326\" src=\"https:\/\/swforming.com\/wp-content\/uploads\/2022\/10\/a9638363-69d2-43d7-8d02-7d3eba65f23d.jpg\" alt=\"\" width=\"750\" height=\"925\" title=\"\" srcset=\"https:\/\/swforming.com\/wp-content\/uploads\/2022\/10\/a9638363-69d2-43d7-8d02-7d3eba65f23d.jpg 750w, https:\/\/swforming.com\/wp-content\/uploads\/2022\/10\/a9638363-69d2-43d7-8d02-7d3eba65f23d-600x740.jpg 600w, https:\/\/swforming.com\/wp-content\/uploads\/2022\/10\/a9638363-69d2-43d7-8d02-7d3eba65f23d-243x300.jpg 243w, https:\/\/swforming.com\/wp-content\/uploads\/2022\/10\/a9638363-69d2-43d7-8d02-7d3eba65f23d-10x12.jpg 10w\" sizes=\"(max-width: 750px) 100vw, 750px\" \/><\/p>\n<p><img decoding=\"async\" class=\"alignnone size-full wp-image-1327\" src=\"https:\/\/swforming.com\/wp-content\/uploads\/2022\/10\/4bd2d985-6b9c-4ab2-864a-470665df977c.png\" alt=\"\" width=\"750\" height=\"373\" title=\"\" srcset=\"https:\/\/swforming.com\/wp-content\/uploads\/2022\/10\/4bd2d985-6b9c-4ab2-864a-470665df977c.png 750w, https:\/\/swforming.com\/wp-content\/uploads\/2022\/10\/4bd2d985-6b9c-4ab2-864a-470665df977c-600x298.png 600w, https:\/\/swforming.com\/wp-content\/uploads\/2022\/10\/4bd2d985-6b9c-4ab2-864a-470665df977c-300x149.png 300w, https:\/\/swforming.com\/wp-content\/uploads\/2022\/10\/4bd2d985-6b9c-4ab2-864a-470665df977c-18x9.png 18w\" sizes=\"(max-width: 750px) 100vw, 750px\" \/><\/p>\n<h3>Ligne de production<\/h3>\n<p><img loading=\"lazy\" decoding=\"async\" class=\"alignnone size-full wp-image-1328\" src=\"https:\/\/swforming.com\/wp-content\/uploads\/2022\/10\/Hda2f6f97f13a4b7abc5acb968fd9615cv.jpg\" alt=\"\" width=\"750\" height=\"467\" title=\"\" srcset=\"https:\/\/swforming.com\/wp-content\/uploads\/2022\/10\/Hda2f6f97f13a4b7abc5acb968fd9615cv.jpg 750w, https:\/\/swforming.com\/wp-content\/uploads\/2022\/10\/Hda2f6f97f13a4b7abc5acb968fd9615cv-600x374.jpg 600w, https:\/\/swforming.com\/wp-content\/uploads\/2022\/10\/Hda2f6f97f13a4b7abc5acb968fd9615cv-300x187.jpg 300w, https:\/\/swforming.com\/wp-content\/uploads\/2022\/10\/Hda2f6f97f13a4b7abc5acb968fd9615cv-18x12.jpg 18w\" sizes=\"(max-width: 750px) 100vw, 750px\" \/><\/p>\n<h3>d\u00e9tails du produit<\/h3>\n<p><img loading=\"lazy\" decoding=\"async\" class=\"alignnone wp-image-1330 size-full\" src=\"https:\/\/swforming.com\/wp-content\/uploads\/2022\/10\/160214-e1665734668584.png\" alt=\"\" width=\"748\" height=\"1270\" title=\"\" srcset=\"https:\/\/swforming.com\/wp-content\/uploads\/2022\/10\/160214-e1665734668584.png 748w, https:\/\/swforming.com\/wp-content\/uploads\/2022\/10\/160214-e1665734668584-600x1019.png 600w, https:\/\/swforming.com\/wp-content\/uploads\/2022\/10\/160214-e1665734668584-177x300.png 177w, https:\/\/swforming.com\/wp-content\/uploads\/2022\/10\/160214-e1665734668584-603x1024.png 603w, https:\/\/swforming.com\/wp-content\/uploads\/2022\/10\/160214-e1665734668584-7x12.png 7w\" sizes=\"(max-width: 748px) 100vw, 748px\" \/><\/p>\n<h3>Param\u00e8tres de la profileuse pour rayonnages verticaux d'entrep\u00f4t<\/h3>\n<div style=\"overflow-x: auto;\">\n<table>\n<tbody>\n<tr>\n<td style=\"text-align: center;\" colspan=\"3\" rowspan=\"1\" data-sheets-value=\"{&quot;1&quot;:2,&quot;2&quot;:&quot;Warehouse Shelf Upright Roll Forming Machine&quot;}\"><strong>Rouleau vertical d&#039;\u00e9tag\u00e8re d&#039;entrep\u00f4t formant la machine<\/strong><\/td>\n<\/tr>\n<tr>\n<td colspan=\"1\" rowspan=\"2\" data-sheets-value=\"{&quot;1&quot;:2,&quot;2&quot;:&quot;Machinable Material&quot;}\">\n<div>Mat\u00e9riau usinable<\/div>\n<\/td>\n<td data-sheets-value=\"{&quot;1&quot;:2,&quot;2&quot;:&quot;A) Galvanized Steel&quot;}\">A) Acier galvanis\u00e9<\/td>\n<td colspan=\"1\" rowspan=\"2\" data-sheets-value=\"{&quot;1&quot;:2,&quot;2&quot;:&quot;Thickness(MM): 1.5-3.0 as per customer&quot;}\">\n<div>\u00c9paisseur (MM) : 1,5-3,0 selon le client<\/div>\n<\/td>\n<\/tr>\n<tr>\n<td data-sheets-value=\"{&quot;1&quot;:2,&quot;2&quot;:&quot;B) Stainless Steel&quot;}\">B) Acier inoxydable<\/td>\n<\/tr>\n<tr>\n<td data-sheets-value=\"{&quot;1&quot;:2,&quot;2&quot;:&quot;Yield Strength&quot;}\">Limite d&#039;\u00e9lasticit\u00e9<\/td>\n<td colspan=\"2\" rowspan=\"1\" data-sheets-value=\"{&quot;1&quot;:2,&quot;2&quot;:&quot;250 - 550 Mpa&quot;}\">250 \u2013 550 MPa<\/td>\n<\/tr>\n<tr>\n<td data-sheets-value=\"{&quot;1&quot;:2,&quot;2&quot;:&quot;Tensil Stress&quot;}\">Contrainte de traction<\/td>\n<td colspan=\"2\" rowspan=\"1\" data-sheets-value=\"{&quot;1&quot;:2,&quot;2&quot;:&quot;G250 Mpa-G550 Mpa&quot;}\">G250 MPa-G550 MPa<\/td>\n<\/tr>\n<tr>\n<td data-sheets-value=\"{&quot;1&quot;:2,&quot;2&quot;:&quot;Decoiler&quot;}\">D\u00e9rouleur<\/td>\n<td data-sheets-value=\"{&quot;1&quot;:2,&quot;2&quot;:&quot;Manual Decoiler&quot;}\">D\u00e9rouleur manuel<\/td>\n<td data-sheets-value=\"{&quot;1&quot;:2,&quot;2&quot;:&quot;* Hydraulic Decoiler (Optional)&quot;}\">* D\u00e9rouleur hydraulique (facultatif)<\/td>\n<\/tr>\n<tr>\n<td data-sheets-value=\"{&quot;1&quot;:2,&quot;2&quot;:&quot;Punching System&quot;}\">Syst\u00e8me de poin\u00e7onnage<\/td>\n<td data-sheets-value=\"{&quot;1&quot;:2,&quot;2&quot;:&quot;Hydraulic Punching Station&quot;}\">Station de poin\u00e7onnage hydraulique<\/td>\n<td data-sheets-value=\"{&quot;1&quot;:2,&quot;2&quot;:&quot;* Punching Press (Optional)&quot;}\">* Presse \u00e0 poin\u00e7onner (facultatif)<\/td>\n<\/tr>\n<tr>\n<td data-sheets-value=\"{&quot;1&quot;:2,&quot;2&quot;:&quot;Forming Station&quot;}\">Station de formage<\/td>\n<td data-sheets-value=\"{&quot;1&quot;:2,&quot;2&quot;:&quot;About 25 Stands&quot;}\">Environ 25 stands<\/td>\n<td data-sheets-value=\"{&quot;1&quot;:2,&quot;2&quot;:&quot;* According To Your Profile Drawings&quot;}\">* Selon vos dessins de profil<\/td>\n<\/tr>\n<tr>\n<td data-sheets-value=\"{&quot;1&quot;:2,&quot;2&quot;:&quot;Driving System&quot;}\">Syst\u00e8me de conduite<\/td>\n<td data-sheets-value=\"{&quot;1&quot;:2,&quot;2&quot;:&quot;Chain Drive&quot;}\">Entrainement par CHAINE<\/td>\n<td data-sheets-value=\"{&quot;1&quot;:2,&quot;2&quot;:&quot;* Gearbox Drive (Optional)&quot;}\">* Entra\u00eenement de bo\u00eete de vitesses (facultatif)<\/td>\n<\/tr>\n<tr>\n<td data-sheets-value=\"{&quot;1&quot;:2,&quot;2&quot;:&quot;Machine Structure&quot;}\">Structure de la machine<\/td>\n<td data-sheets-value=\"{&quot;1&quot;:2,&quot;2&quot;:&quot;Wall Panel Station&quot;}\">Station de panneaux muraux<\/td>\n<td data-sheets-value=\"{&quot;1&quot;:2,&quot;2&quot;:&quot;* Cast Iron Stands (Optional)&quot;}\">* Supports en fonte (en option)<\/td>\n<\/tr>\n<tr>\n<td data-sheets-value=\"{&quot;1&quot;:2,&quot;2&quot;:&quot;Forming Speed&quot;}\">Vitesse de formage<\/td>\n<td data-sheets-value=\"{&quot;1&quot;:2,&quot;2&quot;:&quot;5-15 (M\/MIN)&quot;}\">5-15 (M\/MIN)<\/td>\n<td data-sheets-value=\"{&quot;1&quot;:2,&quot;2&quot;:&quot;* Or According To Your Profile Drawings&quot;}\">* Ou selon vos dessins de profil<\/td>\n<\/tr>\n<tr>\n<td data-sheets-value=\"{&quot;1&quot;:2,&quot;2&quot;:&quot;Rollers\u2019 Material&quot;}\">Mat\u00e9riau des rouleaux<\/td>\n<td data-sheets-value=\"{&quot;1&quot;:2,&quot;2&quot;:&quot;GCr 15&quot;}\">GCr 15<\/td>\n<td data-sheets-value=\"{&quot;1&quot;:2,&quot;2&quot;:&quot;* Cr12 (Optional)&quot;}\">* Cr12 (facultatif)<\/td>\n<\/tr>\n<tr>\n<td data-sheets-value=\"{&quot;1&quot;:2,&quot;2&quot;:&quot;Cutting System&quot;}\">Syst\u00e8me de coupe<\/td>\n<td data-sheets-value=\"{&quot;1&quot;:2,&quot;2&quot;:&quot;Hydraulic Cutting&quot;}\">Coupe hydraulique<\/td>\n<td data-sheets-value=\"{&quot;1&quot;:2,&quot;2&quot;:&quot;* Saw Cutting (Optional)&quot;}\">* D\u00e9coupe \u00e0 la scie (facultatif)<\/td>\n<\/tr>\n<tr>\n<td data-sheets-value=\"{&quot;1&quot;:2,&quot;2&quot;:&quot;Frequency Changer Brand&quot;}\">Marque de changeur de fr\u00e9quence<\/td>\n<td data-sheets-value=\"{&quot;1&quot;:2,&quot;2&quot;:&quot;Yaskawa&quot;}\">Yaskawa<\/td>\n<td data-sheets-value=\"{&quot;1&quot;:2,&quot;2&quot;:&quot;* Siemens (Optional)&quot;}\">*Siemens (facultatif)<\/td>\n<\/tr>\n<tr>\n<td data-sheets-value=\"{&quot;1&quot;:2,&quot;2&quot;:&quot;PLC Brand&quot;}\">Marque PLC<\/td>\n<td data-sheets-value=\"{&quot;1&quot;:2,&quot;2&quot;:&quot;Panasonic&quot;}\">Panasonic<\/td>\n<td data-sheets-value=\"{&quot;1&quot;:2,&quot;2&quot;:&quot;* Siemens (Optional)&quot;}\">*Siemens (facultatif)<\/td>\n<\/tr>\n<tr>\n<td data-sheets-value=\"{&quot;1&quot;:2,&quot;2&quot;:&quot;Power Supply&quot;}\">Source de courant<\/td>\n<td data-sheets-value=\"{&quot;1&quot;:2,&quot;2&quot;:&quot;380V 50Hz 3ph&quot;}\">380V 50Hz 3ph<\/td>\n<td data-sheets-value=\"{&quot;1&quot;:2,&quot;2&quot;:&quot;* Or According To Your Requirment&quot;}\">* Ou selon vos besoins<\/td>\n<\/tr>\n<tr>\n<td data-sheets-value=\"{&quot;1&quot;:2,&quot;2&quot;:&quot;Machine Color&quot;}\">Couleur de l&#039;appareil<\/td>\n<td data-sheets-value=\"{&quot;1&quot;:2,&quot;2&quot;:&quot;Industrial Blue&quot;}\">Bleu industriel<\/td>\n<td data-sheets-value=\"{&quot;1&quot;:2,&quot;2&quot;:&quot;* Or According To Your Requirment&quot;}\">* Ou selon vos besoins<\/td>\n<\/tr>\n<\/tbody>\n<\/table>\n<\/div>\n<h3>Application<\/h3>\n<p><img loading=\"lazy\" decoding=\"async\" class=\"alignnone size-full wp-image-1331\" src=\"https:\/\/swforming.com\/wp-content\/uploads\/2022\/10\/9461bce0-3c2b-40c9-85d1-f9de38d6c4a3-1.png\" alt=\"\" width=\"750\" height=\"455\" title=\"\" srcset=\"https:\/\/swforming.com\/wp-content\/uploads\/2022\/10\/9461bce0-3c2b-40c9-85d1-f9de38d6c4a3-1.png 750w, https:\/\/swforming.com\/wp-content\/uploads\/2022\/10\/9461bce0-3c2b-40c9-85d1-f9de38d6c4a3-1-600x364.png 600w, https:\/\/swforming.com\/wp-content\/uploads\/2022\/10\/9461bce0-3c2b-40c9-85d1-f9de38d6c4a3-1-300x182.png 300w, https:\/\/swforming.com\/wp-content\/uploads\/2022\/10\/9461bce0-3c2b-40c9-85d1-f9de38d6c4a3-1-18x12.png 18w\" sizes=\"(max-width: 750px) 100vw, 750px\" \/><\/p>\n<h3>Qu'est-ce qu'une profileuse verticale ?<\/h3>\n<p>Une profileuse verticale est un type de machine industrielle utilis\u00e9e dans l'industrie m\u00e9tallurgique pour fa\u00e7onner et former des bandes de m\u00e9tal continues selon les profils souhait\u00e9s. Elle est couramment utilis\u00e9e pour produire des composants structurels ayant une section transversale r\u00e9guli\u00e8re, tels que des poutres, des canaux et des panneaux.<\/p>\n<p>La machine fonctionne en faisant passer la bande m\u00e9tallique \u00e0 travers une s\u00e9rie de rouleaux r\u00e9glables dispos\u00e9s verticalement. Chaque jeu de rouleaux est con\u00e7u pour fa\u00e7onner progressivement la bande en la pliant selon un contour sp\u00e9cifique. Les rouleaux sont positionn\u00e9s dans un ordre s\u00e9quentiel, chaque jeu effectuant une op\u00e9ration sp\u00e9cifique de pliage ou de formage. Lors de son passage dans la machine, la bande m\u00e9tallique subit un processus de mise en forme continu jusqu'\u00e0 ce qu'elle atteigne le profil souhait\u00e9.<\/p>\n<p>Les profileuses verticales sont r\u00e9put\u00e9es pour leur efficacit\u00e9, leur pr\u00e9cision et leurs taux de production \u00e9lev\u00e9s. Elles sont capables de traiter diff\u00e9rents types de m\u00e9taux, notamment l'acier, l'aluminium et l'acier inoxydable, avec des \u00e9paisseurs et des largeurs diff\u00e9rentes. Ces machines sont largement utilis\u00e9es dans des secteurs tels que la construction, l'automobile, l'a\u00e9rospatiale et la fabrication, o\u00f9 des profils m\u00e9talliques pr\u00e9cis et coh\u00e9rents sont n\u00e9cessaires pour diff\u00e9rentes applications.<\/p>\n<h3>Comment fonctionne une profileuse pour \u00e9tag\u00e8res ?<\/h3>\n<p>Une profileuse pour rayonnages est un type sp\u00e9cialis\u00e9 de profileuse utilis\u00e9 pour produire des syst\u00e8mes de rayonnages, qui sont couramment utilis\u00e9s \u00e0 des fins de stockage dans les entrep\u00f4ts, les magasins de d\u00e9tail et les sites industriels. Voici un aper\u00e7u du fonctionnement d'une profileuse pour rayonnages :<\/p>\n<ol>\n<li>Chargement du mat\u00e9riau : Le processus commence par le chargement d'une bobine de t\u00f4le sur un d\u00e9rouleur, qui maintient la bobine et l'introduit dans la machine. La t\u00f4le est g\u00e9n\u00e9ralement de l'acier ou de l'aluminium.<\/li>\n<li>Redressement et alimentation : La t\u00f4le est ensuite introduite dans une unit\u00e9 de redressage qui \u00e9limine toute d\u00e9formation ou courbure de la bobine, ce qui permet d'obtenir une bande plate et coh\u00e9rente. La bande redress\u00e9e est ensuite guid\u00e9e vers la profileuse.<\/li>\n<li>Formage de rouleaux : La profileuse se compose d'une s\u00e9rie de stations d'outillage \u00e0 rouleaux, g\u00e9n\u00e9ralement dispos\u00e9es en ligne. Chaque station est \u00e9quip\u00e9e d'un ensemble de galets qui fa\u00e7onnent progressivement la bande m\u00e9tallique pour lui donner le profil souhait\u00e9. Les galets sont positionn\u00e9s avec pr\u00e9cision et con\u00e7us pour plier et former la bande m\u00e9tallique selon le profil de l'\u00e9tag\u00e8re. La bande est guid\u00e9e \u00e0 travers la machine, chaque station contribuant \u00e0 la forme finale du profil.<\/li>\n<li>D\u00e9coupe : Une fois que la longueur souhait\u00e9e du profil de l'\u00e9tag\u00e8re est form\u00e9e, un m\u00e9canisme de coupe est activ\u00e9. Il peut s'agir d'une d\u00e9coupe \u00e0 la vol\u00e9e, d'une cisaille hydraulique ou d'une autre m\u00e9thode de d\u00e9coupe, qui coupe le profil\u00e9 form\u00e9 \u00e0 la longueur souhait\u00e9e.<\/li>\n<li>Empilage et sortie : Les profil\u00e9s coup\u00e9s sont ensuite g\u00e9n\u00e9ralement empil\u00e9s ou achemin\u00e9s vers une zone de sortie en vue d'un traitement ou d'un emballage ult\u00e9rieur. La machine peut comporter des m\u00e9canismes d'empilage ou de palettisation pour faciliter la manipulation des profil\u00e9s finis.<\/li>\n<\/ol>\n<p>L'ensemble du processus est g\u00e9n\u00e9ralement automatis\u00e9, la machine \u00e9tant command\u00e9e par un syst\u00e8me informatis\u00e9 qui contr\u00f4le avec pr\u00e9cision la vitesse, le positionnement et le fonctionnement des rouleaux et du m\u00e9canisme de coupe. Cette automatisation permet d'atteindre des taux de production \u00e9lev\u00e9s et une qualit\u00e9 constante des profil\u00e9s des \u00e9tag\u00e8res.<\/p>\n<p>Il est important de noter que le fonctionnement et les caract\u00e9ristiques sp\u00e9cifiques d'une profileuse pour rayonnages peuvent varier en fonction du fabricant et des exigences de l'application.<\/p>","protected":false},"excerpt":{"rendered":"<p>La profileuse pour rayonnages \u00e0 tablettes, \u00e9galement appel\u00e9e profileuse pour rayonnages \u00e0 palettes (s), est con\u00e7ue pour produire des cadres et des rayonnages \u00e0 tablettes. Notre profileuse intelligente peut produire des montants de diff\u00e9rentes tailles d'une \u00e9paisseur de 1,5 \u00e0 3,0 mm. Les processus de d\u00e9roulage, d'alimentation servo, de poin\u00e7onnage, de formage de rouleaux, de coupe, etc. peuvent \u00eatre r\u00e9alis\u00e9s automatiquement sur une ligne. En m\u00eame temps, nous disposons d'une profileuse pour fabriquer des poutres en caisson, des poutres en escalier et des panneaux d'\u00e9tag\u00e8re. Tous ces \u00e9l\u00e9ments sont des composants du syst\u00e8me de rayonnage \u00e0 palettes.<\/p>","protected":false},"featured_media":1319,"comment_status":"closed","ping_status":"closed","template":"","meta":{"_acf_changed":false},"product_brand":[],"product_cat":[46,67],"product_tag":[],"class_list":{"0":"post-1318","1":"product","2":"type-product","3":"status-publish","4":"has-post-thumbnail","6":"product_cat-racking-shelving","7":"product_cat-warehouse-shelf-upright-rack-roll-forming-machine","9":"first","10":"instock","11":"shipping-taxable","12":"product-type-simple"},"acf":[],"_links":{"self":[{"href":"https:\/\/swforming.com\/fr\/wp-json\/wp\/v2\/product\/1318","targetHints":{"allow":["GET"]}}],"collection":[{"href":"https:\/\/swforming.com\/fr\/wp-json\/wp\/v2\/product"}],"about":[{"href":"https:\/\/swforming.com\/fr\/wp-json\/wp\/v2\/types\/product"}],"replies":[{"embeddable":true,"href":"https:\/\/swforming.com\/fr\/wp-json\/wp\/v2\/comments?post=1318"}],"version-history":[{"count":3,"href":"https:\/\/swforming.com\/fr\/wp-json\/wp\/v2\/product\/1318\/revisions"}],"predecessor-version":[{"id":3356,"href":"https:\/\/swforming.com\/fr\/wp-json\/wp\/v2\/product\/1318\/revisions\/3356"}],"wp:featuredmedia":[{"embeddable":true,"href":"https:\/\/swforming.com\/fr\/wp-json\/wp\/v2\/media\/1319"}],"wp:attachment":[{"href":"https:\/\/swforming.com\/fr\/wp-json\/wp\/v2\/media?parent=1318"}],"wp:term":[{"taxonomy":"product_brand","embeddable":true,"href":"https:\/\/swforming.com\/fr\/wp-json\/wp\/v2\/product_brand?post=1318"},{"taxonomy":"product_cat","embeddable":true,"href":"https:\/\/swforming.com\/fr\/wp-json\/wp\/v2\/product_cat?post=1318"},{"taxonomy":"product_tag","embeddable":true,"href":"https:\/\/swforming.com\/fr\/wp-json\/wp\/v2\/product_tag?post=1318"}],"curies":[{"name":"wp","href":"https:\/\/api.w.org\/{rel}","templated":true}]}}