{"id":1105,"date":"2022-09-29T09:31:29","date_gmt":"2022-09-29T09:31:29","guid":{"rendered":"https:\/\/swforming.com\/?post_type=product&#038;p=1105"},"modified":"2026-03-12T00:40:49","modified_gmt":"2026-03-12T00:40:49","slug":"full-automatic-quick-change-z-purlin-roll-forming-machine","status":"publish","type":"product","link":"https:\/\/swforming.com\/fr\/product\/full-automatic-quick-change-z-purlin-roll-forming-machine\/","title":{"rendered":"Machine de formage de rouleaux de pannes CZ \u00e0 changement rapide enti\u00e8rement automatique"},"content":{"rendered":"<h3>Ligne de profilage pour pannes C Z Caract\u00e9ristiques<\/h3>\n<p>Le laminoir interchangeable pour pannes C\/Z peut produire des profil\u00e9s C et Z. La production des pannes C et Z se fait en changeant un c\u00f4t\u00e9 du rouleau de haut en bas, ce qui ne prend qu'une demi-heure environ. Cette machine peut \u00e9galement ajuster la distance horizontale du rouleau pour obtenir des pannes C ou Z de la largeur avec une grande pr\u00e9cision automatique. Elle permet \u00e9galement d'\u00e9conomiser du temps et d'augmenter la production.<\/p>\n<h3>Profileuse pour pannes C Z Applications<\/h3>\n<p>Les produits finis sont largement utilis\u00e9s comme support de toit et de mur dans la construction \u00e0 grande et moyenne \u00e9chelle, telle que l&#039;usine, l&#039;entrep\u00f4t, le garage, le centre d&#039;exposition, le cin\u00e9ma, le th\u00e9\u00e2tre, le jardin, etc.<\/p>\n<h3>Ligne de profilage de pannes C Z Processus<\/h3>\n<p>D\u00e9rouleur \u2014 Alimentation \u2014 Redressage \u2014 Pr\u00e9-poin\u00e7onnage \u2014 Pr\u00e9-d\u00e9coupe \u2014 Profilage \u2014 Sortie Rack<\/p>\n<h3>Configurations des machines<\/h3>\n<div>\n<table>\n<tbody>\n<tr>\n<td data-sheets-value=\"{&quot;1&quot;:2,&quot;2&quot;:&quot;1. Hydraulic Uncoiler&quot;}\">1. D\u00e9rouleur hydraulique<\/td>\n<td data-sheets-value=\"{&quot;1&quot;:2,&quot;2&quot;:&quot;2. Feeding Device&quot;}\">\n<div>\n<div>2. Dispositif d&#039;alimentation<\/div>\n<\/div>\n<\/td>\n<\/tr>\n<tr>\n<td data-sheets-value=\"{&quot;1&quot;:2,&quot;2&quot;:&quot;3. Straightening&quot;}\">3. Lissage<\/td>\n<td data-sheets-value=\"{&quot;1&quot;:2,&quot;2&quot;:&quot;4. Roll Forming Machine&quot;}\">\n<div>\n<div>4. Rouleau formant la machine<\/div>\n<\/div>\n<\/td>\n<\/tr>\n<tr>\n<td data-sheets-value=\"{&quot;1&quot;:2,&quot;2&quot;:&quot;5. Post Punching&quot;}\">5. Poin\u00e7onnage des poteaux<\/td>\n<td data-sheets-value=\"{&quot;1&quot;:2,&quot;2&quot;:&quot;6. Post Cutting&quot;}\">6. D\u00e9coupage des poteaux<\/td>\n<\/tr>\n<tr>\n<td data-sheets-value=\"{&quot;1&quot;:2,&quot;2&quot;:&quot;7. PLC Control System&quot;}\">7. Syst\u00e8me de contr\u00f4le par API<\/td>\n<td data-sheets-value=\"{&quot;1&quot;:2,&quot;2&quot;:&quot;8. Exit Rack&quot;}\">8. Rack de sortie<\/td>\n<\/tr>\n<\/tbody>\n<\/table>\n<h3>Dessins de profil pour r\u00e9f\u00e9rence<\/h3>\n<p><img fetchpriority=\"high\" decoding=\"async\" class=\"alignnone wp-image-1020 size-full\" src=\"https:\/\/swforming.com\/wp-content\/uploads\/2022\/09\/477b6a83-7ba2-4950-a407-cdc17bf75ae9.jpg\" alt=\"Machine de formage de rouleaux de pannes CZ\" width=\"800\" height=\"355\" title=\"\" srcset=\"https:\/\/swforming.com\/wp-content\/uploads\/2022\/09\/477b6a83-7ba2-4950-a407-cdc17bf75ae9.jpg 800w, https:\/\/swforming.com\/wp-content\/uploads\/2022\/09\/477b6a83-7ba2-4950-a407-cdc17bf75ae9-600x266.jpg 600w, https:\/\/swforming.com\/wp-content\/uploads\/2022\/09\/477b6a83-7ba2-4950-a407-cdc17bf75ae9-300x133.jpg 300w, https:\/\/swforming.com\/wp-content\/uploads\/2022\/09\/477b6a83-7ba2-4950-a407-cdc17bf75ae9-768x341.jpg 768w\" sizes=\"(max-width: 800px) 100vw, 800px\" \/><\/p>\n<div>\n<table>\n<tbody>\n<tr>\n<td><\/td>\n<td colspan=\"6\" rowspan=\"1\" data-sheets-value=\"{&quot;1&quot;:2,&quot;2&quot;:&quot;C Purlin Section Size&quot;}\">C Taille de la section de la panne<\/td>\n<td><\/td>\n<\/tr>\n<tr>\n<td colspan=\"1\" rowspan=\"2\" data-sheets-value=\"{&quot;1&quot;:2,&quot;2&quot;:&quot;Model&quot;}\">\n<div>Mod\u00e8le<\/div>\n<\/td>\n<td colspan=\"5\" rowspan=\"1\" data-sheets-value=\"{&quot;1&quot;:2,&quot;2&quot;:&quot;Section Size (mm)&quot;}\">Taille de la section (mm)<\/td>\n<td data-sheets-value=\"{&quot;1&quot;:2,&quot;2&quot;:&quot;Hole Distance&quot;}\">Distance du trou<\/td>\n<td colspan=\"1\" rowspan=\"2\" data-sheets-value=\"{&quot;1&quot;:2,&quot;2&quot;:&quot;Remark&quot;}\">\n<div>Remarque<\/div>\n<\/td>\n<\/tr>\n<tr>\n<td data-sheets-value=\"{&quot;1&quot;:2,&quot;2&quot;:&quot;H&quot;}\">H<\/td>\n<td data-sheets-value=\"{&quot;1&quot;:2,&quot;2&quot;:&quot;B&quot;}\">B<\/td>\n<td data-sheets-value=\"{&quot;1&quot;:2,&quot;2&quot;:&quot;B&quot;}\">B<\/td>\n<td data-sheets-value=\"{&quot;1&quot;:2,&quot;2&quot;:&quot;C&quot;}\">C<\/td>\n<td data-sheets-value=\"{&quot;1&quot;:2,&quot;2&quot;:&quot;t&quot;}\">t<\/td>\n<td data-sheets-value=\"{&quot;1&quot;:2,&quot;2&quot;:&quot;h&quot;}\">h<\/td>\n<\/tr>\n<tr>\n<td data-sheets-value=\"{&quot;1&quot;:2,&quot;2&quot;:&quot;C100&quot;}\">C100<\/td>\n<td data-sheets-value=\"{&quot;1&quot;:3,&quot;3&quot;:100}\">100<\/td>\n<td data-sheets-value=\"{&quot;1&quot;:3,&quot;3&quot;:40}\">40<\/td>\n<td data-sheets-value=\"{&quot;1&quot;:3,&quot;3&quot;:40}\">40<\/td>\n<td data-sheets-value=\"{&quot;1&quot;:3,&quot;3&quot;:15}\">15<\/td>\n<td data-sheets-value=\"{&quot;1&quot;:2,&quot;2&quot;:&quot;2.0.3.0&quot;}\">2.0~3.0<\/td>\n<td data-sheets-value=\"{&quot;1&quot;:2,&quot;2&quot;:&quot;No Punching&quot;}\">Pas de poin\u00e7onnage<\/td>\n<td colspan=\"1\" rowspan=\"9\" data-sheets-value=\"{&quot;1&quot;:2,&quot;2&quot;:&quot;We Can Design the Machine According to Customer's Requests (with Middle Hole Punching).&quot;}\">\n<div>Nous pouvons concevoir la machine en fonction des demandes du client (avec perforation du trou central).<\/div>\n<\/td>\n<\/tr>\n<tr>\n<td data-sheets-value=\"{&quot;1&quot;:2,&quot;2&quot;:&quot;C120&quot;}\">C120<\/td>\n<td data-sheets-value=\"{&quot;1&quot;:3,&quot;3&quot;:120}\">120<\/td>\n<td data-sheets-value=\"{&quot;1&quot;:3,&quot;3&quot;:50}\">50<\/td>\n<td data-sheets-value=\"{&quot;1&quot;:3,&quot;3&quot;:50}\">50<\/td>\n<td data-sheets-value=\"{&quot;1&quot;:3,&quot;3&quot;:20}\">20<\/td>\n<td data-sheets-value=\"{&quot;1&quot;:2,&quot;2&quot;:&quot;2.0-3.0&quot;}\">2.0-3.0<\/td>\n<td data-sheets-value=\"{&quot;1&quot;:3,&quot;3&quot;:40}\">40<\/td>\n<\/tr>\n<tr>\n<td data-sheets-value=\"{&quot;1&quot;:2,&quot;2&quot;:&quot;C140&quot;}\">C140<\/td>\n<td data-sheets-value=\"{&quot;1&quot;:3,&quot;3&quot;:140}\">140<\/td>\n<td data-sheets-value=\"{&quot;1&quot;:3,&quot;3&quot;:50}\">50<\/td>\n<td data-sheets-value=\"{&quot;1&quot;:3,&quot;3&quot;:50}\">50<\/td>\n<td data-sheets-value=\"{&quot;1&quot;:3,&quot;3&quot;:20}\">20<\/td>\n<td data-sheets-value=\"{&quot;1&quot;:2,&quot;2&quot;:&quot;2.0-3.0&quot;}\">2.0-3.0<\/td>\n<td colspan=\"1\" rowspan=\"7\" data-sheets-value=\"{&quot;1&quot;:2,&quot;2&quot;:&quot;Adjustable Hole Distance&quot;}\">\n<div>Distance r\u00e9glable des trous<\/div>\n<\/td>\n<\/tr>\n<tr>\n<td data-sheets-value=\"{&quot;1&quot;:2,&quot;2&quot;:&quot;C160&quot;}\">C160<\/td>\n<td data-sheets-value=\"{&quot;1&quot;:3,&quot;3&quot;:160}\">160<\/td>\n<td data-sheets-value=\"{&quot;1&quot;:3,&quot;3&quot;:60}\">60<\/td>\n<td data-sheets-value=\"{&quot;1&quot;:3,&quot;3&quot;:60}\">60<\/td>\n<td data-sheets-value=\"{&quot;1&quot;:3,&quot;3&quot;:20}\">20<\/td>\n<td data-sheets-value=\"{&quot;1&quot;:2,&quot;2&quot;:&quot;2.0-3.0&quot;}\">2.0-3.0<\/td>\n<\/tr>\n<tr>\n<td data-sheets-value=\"{&quot;1&quot;:2,&quot;2&quot;:&quot;C180&quot;}\">C180<\/td>\n<td data-sheets-value=\"{&quot;1&quot;:3,&quot;3&quot;:180}\">180<\/td>\n<td data-sheets-value=\"{&quot;1&quot;:3,&quot;3&quot;:60}\">60<\/td>\n<td data-sheets-value=\"{&quot;1&quot;:3,&quot;3&quot;:60}\">60<\/td>\n<td data-sheets-value=\"{&quot;1&quot;:3,&quot;3&quot;:20}\">20<\/td>\n<td data-sheets-value=\"{&quot;1&quot;:2,&quot;2&quot;:&quot;2.0-3.0&quot;}\">2.0-3.0<\/td>\n<\/tr>\n<tr>\n<td data-sheets-value=\"{&quot;1&quot;:2,&quot;2&quot;:&quot;C200&quot;}\">C200<\/td>\n<td data-sheets-value=\"{&quot;1&quot;:3,&quot;3&quot;:200}\">200<\/td>\n<td data-sheets-value=\"{&quot;1&quot;:3,&quot;3&quot;:60}\">60<\/td>\n<td data-sheets-value=\"{&quot;1&quot;:3,&quot;3&quot;:60}\">60<\/td>\n<td data-sheets-value=\"{&quot;1&quot;:3,&quot;3&quot;:20}\">20<\/td>\n<td data-sheets-value=\"{&quot;1&quot;:2,&quot;2&quot;:&quot;2.0-3.0&quot;}\">2.0-3.0<\/td>\n<\/tr>\n<tr>\n<td data-sheets-value=\"{&quot;1&quot;:2,&quot;2&quot;:&quot;C220&quot;}\">C220<\/td>\n<td data-sheets-value=\"{&quot;1&quot;:3,&quot;3&quot;:220}\">220<\/td>\n<td data-sheets-value=\"{&quot;1&quot;:3,&quot;3&quot;:70}\">70<\/td>\n<td data-sheets-value=\"{&quot;1&quot;:3,&quot;3&quot;:70}\">70<\/td>\n<td data-sheets-value=\"{&quot;1&quot;:3,&quot;3&quot;:20}\">20<\/td>\n<td data-sheets-value=\"{&quot;1&quot;:2,&quot;2&quot;:&quot;2.0-3.0&quot;}\">2.0-3.0<\/td>\n<\/tr>\n<tr>\n<td data-sheets-value=\"{&quot;1&quot;:2,&quot;2&quot;:&quot;C250&quot;}\">C250<\/td>\n<td data-sheets-value=\"{&quot;1&quot;:3,&quot;3&quot;:250}\">250<\/td>\n<td data-sheets-value=\"{&quot;1&quot;:3,&quot;3&quot;:70}\">70<\/td>\n<td data-sheets-value=\"{&quot;1&quot;:3,&quot;3&quot;:70}\">70<\/td>\n<td data-sheets-value=\"{&quot;1&quot;:3,&quot;3&quot;:20}\">20<\/td>\n<td data-sheets-value=\"{&quot;1&quot;:2,&quot;2&quot;:&quot;2.0-3.0&quot;}\">2.0-3.0<\/td>\n<\/tr>\n<tr>\n<td data-sheets-value=\"{&quot;1&quot;:2,&quot;2&quot;:&quot;C300&quot;}\">C300<\/td>\n<td data-sheets-value=\"{&quot;1&quot;:3,&quot;3&quot;:300}\">300<\/td>\n<td data-sheets-value=\"{&quot;1&quot;:3,&quot;3&quot;:80}\">80<\/td>\n<td data-sheets-value=\"{&quot;1&quot;:3,&quot;3&quot;:80}\">80<\/td>\n<td data-sheets-value=\"{&quot;1&quot;:3,&quot;3&quot;:20}\">20<\/td>\n<td data-sheets-value=\"{&quot;1&quot;:2,&quot;2&quot;:&quot;2.0-3.0&quot;}\">2.0-3.0<\/td>\n<\/tr>\n<tr>\n<td><\/td>\n<td colspan=\"6\" rowspan=\"1\" data-sheets-value=\"{&quot;1&quot;:2,&quot;2&quot;:&quot;Z Purlin Section Size&quot;}\">Z Taille de la section de la panne<\/td>\n<td><\/td>\n<\/tr>\n<tr>\n<td colspan=\"1\" rowspan=\"2\" data-sheets-value=\"{&quot;1&quot;:2,&quot;2&quot;:&quot;Model&quot;}\">\n<div>Mod\u00e8le<\/div>\n<\/td>\n<td colspan=\"5\" rowspan=\"1\" data-sheets-value=\"{&quot;1&quot;:2,&quot;2&quot;:&quot;Section Size (mm)&quot;}\">Taille de la section (mm)<\/td>\n<td data-sheets-value=\"{&quot;1&quot;:2,&quot;2&quot;:&quot;Hole Distance&quot;}\">Distance du trou<\/td>\n<td colspan=\"1\" rowspan=\"2\" data-sheets-value=\"{&quot;1&quot;:2,&quot;2&quot;:&quot;Remark&quot;}\">\n<div>Remarque<\/div>\n<\/td>\n<\/tr>\n<tr>\n<td data-sheets-value=\"{&quot;1&quot;:2,&quot;2&quot;:&quot;H&quot;}\">H<\/td>\n<td data-sheets-value=\"{&quot;1&quot;:2,&quot;2&quot;:&quot;B&quot;}\">B<\/td>\n<td data-sheets-value=\"{&quot;1&quot;:2,&quot;2&quot;:&quot;b&quot;}\">b<\/td>\n<td data-sheets-value=\"{&quot;1&quot;:2,&quot;2&quot;:&quot;C&quot;}\">C<\/td>\n<td data-sheets-value=\"{&quot;1&quot;:2,&quot;2&quot;:&quot;t&quot;}\">t<\/td>\n<td data-sheets-value=\"{&quot;1&quot;:2,&quot;2&quot;:&quot;h&quot;}\">h<\/td>\n<\/tr>\n<tr>\n<td data-sheets-value=\"{&quot;1&quot;:2,&quot;2&quot;:&quot;Z100&quot;}\">Z100<\/td>\n<td data-sheets-value=\"{&quot;1&quot;:3,&quot;3&quot;:100}\">100<\/td>\n<td data-sheets-value=\"{&quot;1&quot;:3,&quot;3&quot;:55}\">55<\/td>\n<td data-sheets-value=\"{&quot;1&quot;:3,&quot;3&quot;:50}\">50<\/td>\n<td data-sheets-value=\"{&quot;1&quot;:3,&quot;3&quot;:20}\">20<\/td>\n<td data-sheets-value=\"{&quot;1&quot;:2,&quot;2&quot;:&quot;2.0-3.0&quot;}\">2.0-3.0<\/td>\n<td data-sheets-value=\"{&quot;1&quot;:3,&quot;3&quot;:40}\">40<\/td>\n<td colspan=\"1\" rowspan=\"10\" data-sheets-value=\"{&quot;1&quot;:2,&quot;2&quot;:&quot;We Can Design the Machine According to Customer's Requests (with Middle Hole Punching or Flange Punching).&quot;}\">\n<div>Nous pouvons concevoir la machine en fonction des demandes des clients (avec poin\u00e7onnage de trous interm\u00e9diaires ou poin\u00e7onnage de brides).<\/div>\n<\/td>\n<\/tr>\n<tr>\n<td data-sheets-value=\"{&quot;1&quot;:2,&quot;2&quot;:&quot;Z120&quot;}\">Z120<\/td>\n<td data-sheets-value=\"{&quot;1&quot;:3,&quot;3&quot;:120}\">120<\/td>\n<td data-sheets-value=\"{&quot;1&quot;:3,&quot;3&quot;:55}\">55<\/td>\n<td data-sheets-value=\"{&quot;1&quot;:3,&quot;3&quot;:50}\">50<\/td>\n<td data-sheets-value=\"{&quot;1&quot;:3,&quot;3&quot;:20}\">20<\/td>\n<td data-sheets-value=\"{&quot;1&quot;:2,&quot;2&quot;:&quot;2.0-3.0&quot;}\">2.0-3.0<\/td>\n<td colspan=\"1\" rowspan=\"9\" data-sheets-value=\"{&quot;1&quot;:2,&quot;2&quot;:&quot;Adjustable Hole Distance&quot;}\">\n<div>Distance r\u00e9glable des trous<\/div>\n<\/td>\n<\/tr>\n<tr>\n<td data-sheets-value=\"{&quot;1&quot;:2,&quot;2&quot;:&quot;Z140&quot;}\">Z140<\/td>\n<td data-sheets-value=\"{&quot;1&quot;:3,&quot;3&quot;:140}\">140<\/td>\n<td data-sheets-value=\"{&quot;1&quot;:3,&quot;3&quot;:55}\">55<\/td>\n<td data-sheets-value=\"{&quot;1&quot;:3,&quot;3&quot;:50}\">50<\/td>\n<td data-sheets-value=\"{&quot;1&quot;:3,&quot;3&quot;:20}\">20<\/td>\n<td data-sheets-value=\"{&quot;1&quot;:2,&quot;2&quot;:&quot;2.0-3.0&quot;}\">2.0-3.0<\/td>\n<\/tr>\n<tr>\n<td data-sheets-value=\"{&quot;1&quot;:3,&quot;3&quot;:2150}\">2150<\/td>\n<td data-sheets-value=\"{&quot;1&quot;:3,&quot;3&quot;:160}\">160<\/td>\n<td data-sheets-value=\"{&quot;1&quot;:3,&quot;3&quot;:67}\">67<\/td>\n<td data-sheets-value=\"{&quot;1&quot;:3,&quot;3&quot;:61}\">61<\/td>\n<td data-sheets-value=\"{&quot;1&quot;:3,&quot;3&quot;:20}\">20<\/td>\n<td data-sheets-value=\"{&quot;1&quot;:2,&quot;2&quot;:&quot;2.0-3.0&quot;}\">2.0-3.0<\/td>\n<\/tr>\n<tr>\n<td data-sheets-value=\"{&quot;1&quot;:2,&quot;2&quot;:&quot;Z160&quot;}\">Z160<\/td>\n<td data-sheets-value=\"{&quot;1&quot;:3,&quot;3&quot;:180}\">180<\/td>\n<td data-sheets-value=\"{&quot;1&quot;:3,&quot;3&quot;:67}\">67<\/td>\n<td data-sheets-value=\"{&quot;1&quot;:3,&quot;3&quot;:61}\">61<\/td>\n<td data-sheets-value=\"{&quot;1&quot;:3,&quot;3&quot;:20}\">20<\/td>\n<td data-sheets-value=\"{&quot;1&quot;:2,&quot;2&quot;:&quot;2.0-3.0&quot;}\">2.0-3.0<\/td>\n<\/tr>\n<tr>\n<td data-sheets-value=\"{&quot;1&quot;:3,&quot;3&quot;:2180}\">2180<\/td>\n<td data-sheets-value=\"{&quot;1&quot;:3,&quot;3&quot;:200}\">200<\/td>\n<td data-sheets-value=\"{&quot;1&quot;:3,&quot;3&quot;:67}\">67<\/td>\n<td data-sheets-value=\"{&quot;1&quot;:3,&quot;3&quot;:61}\">61<\/td>\n<td data-sheets-value=\"{&quot;1&quot;:3,&quot;3&quot;:20}\">20<\/td>\n<td data-sheets-value=\"{&quot;1&quot;:2,&quot;2&quot;:&quot;2.0-3.0&quot;}\">2.0-3.0<\/td>\n<\/tr>\n<tr>\n<td data-sheets-value=\"{&quot;1&quot;:3,&quot;3&quot;:2200}\">2200<\/td>\n<td data-sheets-value=\"{&quot;1&quot;:3,&quot;3&quot;:220}\">220<\/td>\n<td data-sheets-value=\"{&quot;1&quot;:3,&quot;3&quot;:67}\">67<\/td>\n<td data-sheets-value=\"{&quot;1&quot;:3,&quot;3&quot;:61}\">61<\/td>\n<td data-sheets-value=\"{&quot;1&quot;:3,&quot;3&quot;:20}\">20<\/td>\n<td data-sheets-value=\"{&quot;1&quot;:2,&quot;2&quot;:&quot;2.0-3.0&quot;}\">2.0-3.0<\/td>\n<\/tr>\n<tr>\n<td data-sheets-value=\"{&quot;1&quot;:2,&quot;2&quot;:&quot;Z250&quot;}\">Z250<\/td>\n<td data-sheets-value=\"{&quot;1&quot;:3,&quot;3&quot;:250}\">250<\/td>\n<td data-sheets-value=\"{&quot;1&quot;:3,&quot;3&quot;:78}\">78<\/td>\n<td data-sheets-value=\"{&quot;1&quot;:3,&quot;3&quot;:72}\">72<\/td>\n<td data-sheets-value=\"{&quot;1&quot;:3,&quot;3&quot;:20}\">20<\/td>\n<td data-sheets-value=\"{&quot;1&quot;:2,&quot;2&quot;:&quot;2.0.3.0&quot;}\">2.0.3.0<\/td>\n<\/tr>\n<tr>\n<td data-sheets-value=\"{&quot;1&quot;:2,&quot;2&quot;:&quot;Z280&quot;}\">Z280<\/td>\n<td data-sheets-value=\"{&quot;1&quot;:3,&quot;3&quot;:280}\">280<\/td>\n<td data-sheets-value=\"{&quot;1&quot;:3,&quot;3&quot;:78}\">78<\/td>\n<td data-sheets-value=\"{&quot;1&quot;:3,&quot;3&quot;:72}\">72<\/td>\n<td data-sheets-value=\"{&quot;1&quot;:3,&quot;3&quot;:20}\">20<\/td>\n<td data-sheets-value=\"{&quot;1&quot;:2,&quot;2&quot;:&quot;2.0-3.0&quot;}\">2.0-3.0<\/td>\n<\/tr>\n<tr>\n<td data-sheets-value=\"{&quot;1&quot;:3,&quot;3&quot;:2300}\">2300<\/td>\n<td data-sheets-value=\"{&quot;1&quot;:3,&quot;3&quot;:300}\">300<\/td>\n<td data-sheets-value=\"{&quot;1&quot;:3,&quot;3&quot;:78}\">78<\/td>\n<td data-sheets-value=\"{&quot;1&quot;:3,&quot;3&quot;:72}\">72<\/td>\n<td data-sheets-value=\"{&quot;1&quot;:3,&quot;3&quot;:20}\">20<\/td>\n<td data-sheets-value=\"{&quot;1&quot;:2,&quot;2&quot;:&quot;2.0-3.0&quot;}\">2.0-3.0<\/td>\n<\/tr>\n<\/tbody>\n<\/table>\n<h3>Quels sont les domaines d'application de la profileuse ?<\/h3>\n<p>La profileuse pour pannes en C est utilis\u00e9e dans divers domaines, notamment :<\/p>\n<ol>\n<li>Ing\u00e9nierie de la construction : Les pannes en C sont largement utilis\u00e9es comme \u00e9l\u00e9ments structurels dans les b\u00e2timents r\u00e9sidentiels, commerciaux et industriels. La profileuse peut fabriquer des pannes en C de diff\u00e9rentes tailles et sp\u00e9cifications pour r\u00e9pondre aux exigences des diff\u00e9rents projets de construction.<\/li>\n<li>Fabrication de structures en acier : La profileuse est \u00e9galement utilis\u00e9e dans la production de structures en acier telles que les maisons en acier, les ponts en acier et les charpentes m\u00e9talliques. Les pannes en C, en tant que mat\u00e9riaux de soutien structurel, offrent des avantages tels que la l\u00e9g\u00e8ret\u00e9, la haute r\u00e9sistance et la facilit\u00e9 d'installation, ce qui les rend largement utilis\u00e9es dans la fabrication de structures en acier.<\/li>\n<li>Syst\u00e8mes de montage de panneaux solaires : Les syst\u00e8mes d'\u00e9nergie solaire n\u00e9cessitent des structures de montage robustes pour supporter les panneaux solaires. La profileuse pour pannes en C peut produire des pannes en C adapt\u00e9es aux syst\u00e8mes de montage de panneaux solaires, fournissant des structures de support stables.<\/li>\n<li>Construction agricole : La machine est \u00e9galement utilis\u00e9e dans la construction agricole, notamment pour la fabrication de mat\u00e9riaux de structure pour les serres agricoles. Les pannes en C r\u00e9sistent \u00e0 la corrosion et sont stables, ce qui les rend adapt\u00e9es aux environnements agricoles.<\/li>\n<\/ol>\n<h3>5 premiers fabricants de profileuses pour pannes c z en Chine<\/h3>\n<ol>\n<li>WUXI SUNWAY MACHINERY CO., LTD est un fabricant et exportateur professionnel qui s&#039;occupe de la conception, du d\u00e9veloppement et de la production de machines de profilage \u00e0 froid. Tous les produits sont conformes aux normes de qualit\u00e9 internationales et sont grandement appr\u00e9ci\u00e9s sur une vari\u00e9t\u00e9 de march\u00e9s diff\u00e9rents \u00e0 travers le monde, tels que l&#039;Asie, l&#039;Afrique, l&#039;Europe, l&#039;Am\u00e9rique du Sud, l&#039;Australie, etc. Il a acquis un r\u00e9seau de vente mondial.<\/li>\n<li>Usine de Zhongyuan Machinery : Zhongyuan Machinery est un fabricant renomm\u00e9 de profileuses, notamment de profileuses pour pannes C\/Z. Il dispose d'une large gamme de mod\u00e8les et fournit des solutions personnalis\u00e9es pour r\u00e9pondre aux besoins sp\u00e9cifiques des clients.<\/li>\n<li>Liming Stamping Form Machine Co, Ltd : Liming Stamping Form Machine est l'un des principaux fabricants de machines de formage de rouleaux en Chine. Il est sp\u00e9cialis\u00e9 dans la production de profileuses pour pannes C\/Z dot\u00e9es d'une technologie avanc\u00e9e et de composants de haute qualit\u00e9.<\/li>\n<li>Xiamen Bogong Machinery : Xiamen Bogong Machinery est un fabricant r\u00e9put\u00e9 de profileuses, notamment de profileuses pour pannes C\/Z. L'entreprise met l'accent sur l'innovation des produits et la satisfaction des clients.<\/li>\n<li>Hangzhou Roll Forming Machinery : Hangzhou Roll Forming Machinery est un fabricant bien \u00e9tabli de machines de formage de rouleaux, qui propose une gamme compl\u00e8te de solutions pour diverses industries. Il fournit des profileuses pour pannes C\/Z fiables et d'excellentes performances.<\/li>\n<\/ol>\n<\/div>\n<\/div>","protected":false},"excerpt":{"rendered":"<p>Ligne de profilage pour pannes en Z enti\u00e8rement automatique \u00e0 changement rapide Nom:Machine \u00e0 changement automatique de taille C Mod\u00e8le:S\u00e9rie YX La ligne de profilage pour pannes en C \u00e0 changement automatique de taille est con\u00e7ue dans le but de changer automatiquement de taille gr\u00e2ce aux deux cadres qui sont librement r\u00e9glables. Nous pouvons \u00e9galement fournir des machines personnalis\u00e9es.<\/p>","protected":false},"featured_media":1107,"comment_status":"open","ping_status":"closed","template":"","meta":{"_acf_changed":false},"product_brand":[],"product_cat":[52,75],"product_tag":[],"class_list":{"0":"post-1105","1":"product","2":"type-product","3":"status-publish","4":"has-post-thumbnail","6":"product_cat-steel-structure","7":"product_cat-z-purlin-roll-forming-machine","9":"first","10":"instock","11":"shipping-taxable","12":"product-type-simple"},"acf":[],"_links":{"self":[{"href":"https:\/\/swforming.com\/fr\/wp-json\/wp\/v2\/product\/1105","targetHints":{"allow":["GET"]}}],"collection":[{"href":"https:\/\/swforming.com\/fr\/wp-json\/wp\/v2\/product"}],"about":[{"href":"https:\/\/swforming.com\/fr\/wp-json\/wp\/v2\/types\/product"}],"replies":[{"embeddable":true,"href":"https:\/\/swforming.com\/fr\/wp-json\/wp\/v2\/comments?post=1105"}],"version-history":[{"count":3,"href":"https:\/\/swforming.com\/fr\/wp-json\/wp\/v2\/product\/1105\/revisions"}],"predecessor-version":[{"id":3247,"href":"https:\/\/swforming.com\/fr\/wp-json\/wp\/v2\/product\/1105\/revisions\/3247"}],"wp:featuredmedia":[{"embeddable":true,"href":"https:\/\/swforming.com\/fr\/wp-json\/wp\/v2\/media\/1107"}],"wp:attachment":[{"href":"https:\/\/swforming.com\/fr\/wp-json\/wp\/v2\/media?parent=1105"}],"wp:term":[{"taxonomy":"product_brand","embeddable":true,"href":"https:\/\/swforming.com\/fr\/wp-json\/wp\/v2\/product_brand?post=1105"},{"taxonomy":"product_cat","embeddable":true,"href":"https:\/\/swforming.com\/fr\/wp-json\/wp\/v2\/product_cat?post=1105"},{"taxonomy":"product_tag","embeddable":true,"href":"https:\/\/swforming.com\/fr\/wp-json\/wp\/v2\/product_tag?post=1105"}],"curies":[{"name":"wp","href":"https:\/\/api.w.org\/{rel}","templated":true}]}}