{"id":1099,"date":"2022-09-29T09:25:32","date_gmt":"2022-09-29T09:25:32","guid":{"rendered":"https:\/\/swforming.com\/?post_type=product&#038;p=1099"},"modified":"2022-10-12T09:17:12","modified_gmt":"2022-10-12T09:17:12","slug":"vineyards-post-roll-forming-machine","status":"publish","type":"product","link":"https:\/\/swforming.com\/fr\/product\/vineyards-post-roll-forming-machine\/","title":{"rendered":"Machine de formage de rouleaux de poteau de vignobles"},"content":{"rendered":"<h3>Caract\u00e9ristiques<\/h3>\n<p>Nous pouvons fournir diff\u00e9rents types de piquets de vigne avec diff\u00e9rents profils. Nous pouvons \u00e9galement fournir des machines personnalis\u00e9es.<\/p>\n<h3>Applications<\/h3>\n<p>Les produits finis sont largement utilis\u00e9s comme support de palissage de la vigne.<\/p>\n<h3>Flux de processus<\/h3>\n<p>D\u00e9rouleur - Alimentation - Redressage - Pr\u00e9-poin\u00e7onnage - Formage de rouleaux - D\u00e9coupe - Rack de sortie<\/p>\n<h3>Configurations des machines<\/h3>\n<div>\n<table>\n<tbody>\n<tr>\n<td>1. D\u00e9rouleur hydraulique 3T \u00d7 500mm<\/td>\n<td>2. Dispositif d&#039;alimentation<\/td>\n<\/tr>\n<tr>\n<td>3. Lissage<\/td>\n<td>4. Dispositif de pr\u00e9-poin\u00e7onnage<\/td>\n<\/tr>\n<tr>\n<td>5. Machine \u00e0 former des rouleaux<\/td>\n<td>6. Machine de coupe hydraulique<\/td>\n<\/tr>\n<tr>\n<td>7. Syst\u00e8me de contr\u00f4le par API<\/td>\n<td>8. Rack de sortie<\/td>\n<\/tr>\n<\/tbody>\n<\/table>\n<\/div>","protected":false},"excerpt":{"rendered":"<p>Profileuse pour piquets de vigne Nom:Profileuse pour piquets de vigne Mod\u00e8le:S\u00e9rie YX Nous pouvons fournir diff\u00e9rents types de piquets de vigne avec diff\u00e9rents profils. Nous pouvons \u00e9galement fournir des machines personnalis\u00e9es.<\/p>","protected":false},"featured_media":1100,"comment_status":"open","ping_status":"closed","template":"","meta":{"_acf_changed":false},"product_brand":[],"product_cat":[52,69],"product_tag":[],"class_list":{"0":"post-1099","1":"product","2":"type-product","3":"status-publish","4":"has-post-thumbnail","6":"product_cat-steel-structure","7":"product_cat-vineyard-post-roll-forming-machine","9":"first","10":"instock","11":"shipping-taxable","12":"product-type-simple"},"acf":[],"_links":{"self":[{"href":"https:\/\/swforming.com\/fr\/wp-json\/wp\/v2\/product\/1099","targetHints":{"allow":["GET"]}}],"collection":[{"href":"https:\/\/swforming.com\/fr\/wp-json\/wp\/v2\/product"}],"about":[{"href":"https:\/\/swforming.com\/fr\/wp-json\/wp\/v2\/types\/product"}],"replies":[{"embeddable":true,"href":"https:\/\/swforming.com\/fr\/wp-json\/wp\/v2\/comments?post=1099"}],"version-history":[{"count":0,"href":"https:\/\/swforming.com\/fr\/wp-json\/wp\/v2\/product\/1099\/revisions"}],"wp:featuredmedia":[{"embeddable":true,"href":"https:\/\/swforming.com\/fr\/wp-json\/wp\/v2\/media\/1100"}],"wp:attachment":[{"href":"https:\/\/swforming.com\/fr\/wp-json\/wp\/v2\/media?parent=1099"}],"wp:term":[{"taxonomy":"product_brand","embeddable":true,"href":"https:\/\/swforming.com\/fr\/wp-json\/wp\/v2\/product_brand?post=1099"},{"taxonomy":"product_cat","embeddable":true,"href":"https:\/\/swforming.com\/fr\/wp-json\/wp\/v2\/product_cat?post=1099"},{"taxonomy":"product_tag","embeddable":true,"href":"https:\/\/swforming.com\/fr\/wp-json\/wp\/v2\/product_tag?post=1099"}],"curies":[{"name":"wp","href":"https:\/\/api.w.org\/{rel}","templated":true}]}}